{"id":78410,"date":"2013-09-04T21:55:29","date_gmt":"2013-09-04T19:55:29","guid":{"rendered":"https:\/\/www.bagnoitalia.com\/product\/baignoire-185x120-rectangulaire-2-places-avec-radio-chromotherapie-et-mitigeur-a-cascade-vs005"},"modified":"2025-02-07T16:30:06","modified_gmt":"2025-02-07T15:30:06","slug":"baignoire-185x120-rectangulaire-2-places-avec-radio-chromotherapie-et-mitigeur-a-cascade-vs005","status":"publish","type":"product","link":"https:\/\/www.bagnoitalia.com\/fr\/produit\/baignoire-185x120-rectangulaire-2-places-avec-radio-chromotherapie-et-mitigeur-a-cascade-vs005.html","title":{"rendered":"Baignoire \u00e0 remous rectangulaire 185&#215;120 2 places avec radio chromoth\u00e9rapie et mitigeur cascade VS005"},"content":{"rendered":"<p><span style=\"font-size: 12pt;\"><strong>Baignoire \u00e0 remous 185&#215;120 avec chromoth\u00e9rapie, \u00e0 14 jets (6 grands et 8 petits).<\/strong><\/span><\/p>\n<p>&nbsp;<\/p>\n<p><strong>FACILE<\/strong>\u00a0<strong>\u00c0 INSTALLER, SANS TRAVAUX DE MA\u00c7ONNERIE.<\/strong><\/p>\n<p>Dimensions: 185 X 120 X 66 \/ cm<\/p>\n<p>Mat\u00e9riau principal: ABS avec un mat\u00e9riau compos\u00e9 de 3 couches de r\u00e9sine renforc\u00e9e de fibres de verre<\/p>\n<p>support en acier inoxydable<\/p>\n<p><strong>Caract\u00e9ristiques<br \/>\n<\/strong><\/p>\n<p>1. Puissance de la pompe: 1.0hp, 750w<\/p>\n<p>2. Deux petits coussins en PVC (deux si\u00e8ges)<\/p>\n<p>3. Interrupteur en CUIVRE<\/p>\n<p>4. Chromoth\u00e9rapie<\/p>\n<p>5. RADIO FM<\/p>\n<p>6. Haut-parleur 15w<\/p>\n<p>7. Mitigeur cascade<\/p>\n<p>8. Hydromassage avec 6 grands jets et 8 petits jets (14 jets au total)<\/p>\n<p>9. Robinets<\/p>\n<p>10. \u00c9clairage led sous l&rsquo;eau pour chromoth\u00e9rapie (12 volts)<\/p>\n<p>11. 6 grands jets r\u00e9glables<\/p>\n<p>12. 8 petits jets<\/p>\n<p align=\"left\">dimensions avec emballage : 77x194x130 cm<\/p>\n<p align=\"left\">Poids net: 110 kg<\/p>\n<p align=\"left\">Volume: 1,85 m3<\/p>\n<p align=\"left\">D\u00e9bit d&rsquo;eau: 400 litres<\/p>\n<p style=\"margin-bottom: 0cm; text-align: left;\" align=\"CENTER\">Certification: <span lang=\"fr-FR\">CE, ROHS, ISO9001, CQC, CCC<\/span><\/p>\n<p>Il existe une version avec montage en\u00a0 encastr\u00e9.<\/p>\n<p style=\"margin-bottom: 0cm; text-align: left;\" align=\"CENTER\"><img fetchpriority=\"high\" decoding=\"async\" class=\" size-full wp-image-19314\" src=\"https:\/\/img.bagnoitalia.com\/wp-content\/uploads\/virtuemart\/product\/vasca_idromassaggio_185x120_da_incasso.jpg\" alt=\"http:\/\/www.bagnoitalia.it\/https:\/\/img.bagnoitalia.com\/wp-content\/uploads\/virtuemart\/product\/vasca_idromassaggio_185x120_da_incasso.jpg\" width=\"463\" height=\"260\" srcset=\"https:\/\/img.bagnoitalia.com\/wp-content\/uploads\/virtuemart\/product\/vasca_idromassaggio_185x120_da_incasso.jpg 640w, https:\/\/img.bagnoitalia.com\/wp-content\/uploads\/virtuemart\/product\/vasca_idromassaggio_185x120_da_incasso-441x248.jpg 441w, https:\/\/img.bagnoitalia.com\/wp-content\/uploads\/virtuemart\/product\/vasca_idromassaggio_185x120_da_incasso-600x338.jpg 600w, https:\/\/img.bagnoitalia.com\/wp-content\/uploads\/virtuemart\/product\/vasca_idromassaggio_185x120_da_incasso-150x84.jpg 150w\" sizes=\"(max-width: 463px) 100vw, 463px\" \/><\/p>\n<p align=\"left\">\n","protected":false},"excerpt":{"rendered":"<p>Baignoire 185&#215;120 2 places, 14 jets avec chromoth\u00e9rapie, radio, mitigeur cascade<\/p>\n","protected":false},"featured_media":19294,"comment_status":"open","ping_status":"closed","template":"","meta":[],"product_brand":[9909],"product_cat":[9707,9743],"product_tag":[],"class_list":{"0":"post-78410","1":"product","2":"type-product","3":"status-publish","4":"has-post-thumbnail","6":"product_brand-puntorelax-fr","7":"product_cat-baignoire-balneo","8":"product_cat-piscines-d-39-hydromassage","10":"first","11":"instock","12":"sale","13":"taxable","14":"shipping-taxable","15":"purchasable","16":"product-type-simple"},"exclude_global_add_ons":[],"addons":[],"yoast_head":"<!-- This site is optimized with the Yoast SEO plugin v26.7 - https:\/\/yoast.com\/wordpress\/plugins\/seo\/ -->\n<title>Baignoire \u00e0 remous rectangulaire 185x120 2 places avec radio chromoth\u00e9rapie et mitigeur cascade VS005<\/title>\n<meta name=\"description\" content=\"Baignoire d&#039;hydromassage avec 14 jets d&#039;eau, dimensions 185x120x66cm, id\u00e9ale pour 2 personnes. Avec chromoth\u00e9rapie, radio, spot LED et robinets inclus! Achetez-le maintenant!\" \/>\n<meta name=\"robots\" content=\"index, follow, max-snippet:-1, max-image-preview:large, max-video-preview:-1\" \/>\n<link rel=\"canonical\" href=\"https:\/\/www.bagnoitalia.com\/fr\/produit\/baignoire-185x120-rectangulaire-2-places-avec-radio-chromotherapie-et-mitigeur-a-cascade-vs005.html\" \/>\n<meta property=\"og:locale\" content=\"fr_FR\" \/>\n<meta property=\"og:type\" content=\"article\" \/>\n<meta property=\"og:title\" content=\"Baignoire \u00e0 remous rectangulaire 185x120 2 places avec radio chromoth\u00e9rapie et mitigeur cascade VS005\" \/>\n<meta property=\"og:description\" content=\"Baignoire d&#039;hydromassage avec 14 jets d&#039;eau, dimensions 185x120x66cm, id\u00e9ale pour 2 personnes. Avec chromoth\u00e9rapie, radio, spot LED et robinets inclus! Achetez-le maintenant!\" \/>\n<meta property=\"og:url\" content=\"https:\/\/www.bagnoitalia.com\/fr\/produit\/baignoire-185x120-rectangulaire-2-places-avec-radio-chromotherapie-et-mitigeur-a-cascade-vs005.html\" \/>\n<meta property=\"og:site_name\" content=\"Bagno Italia\" \/>\n<meta property=\"article:modified_time\" content=\"2025-02-07T15:30:06+00:00\" \/>\n<meta property=\"og:image\" content=\"https:\/\/img.bagnoitalia.com\/wp-content\/uploads\/virtuemart\/product\/Two-persons-Jacuzzi-185x120-VS005-1_1542040582_243.jpg\" \/>\n\t<meta property=\"og:image:width\" content=\"466\" \/>\n\t<meta property=\"og:image:height\" content=\"466\" \/>\n\t<meta property=\"og:image:type\" content=\"image\/jpeg\" \/>\n<meta name=\"twitter:card\" content=\"summary_large_image\" \/>\n<meta name=\"twitter:label1\" content=\"Dur\u00e9e de lecture estim\u00e9e\" \/>\n\t<meta name=\"twitter:data1\" content=\"2 minutes\" \/>\n<script type=\"application\/ld+json\" class=\"yoast-schema-graph\">{\"@context\":\"https:\/\/schema.org\",\"@graph\":[{\"@type\":\"WebPage\",\"@id\":\"https:\/\/www.bagnoitalia.com\/fr\/produit\/baignoire-185x120-rectangulaire-2-places-avec-radio-chromotherapie-et-mitigeur-a-cascade-vs005.html\",\"url\":\"https:\/\/www.bagnoitalia.com\/fr\/produit\/baignoire-185x120-rectangulaire-2-places-avec-radio-chromotherapie-et-mitigeur-a-cascade-vs005.html\",\"name\":\"Baignoire \u00e0 remous rectangulaire 185x120 2 places avec radio chromoth\u00e9rapie et mitigeur cascade VS005\",\"isPartOf\":{\"@id\":\"https:\/\/www.bagnoitalia.com\/fr#website\"},\"primaryImageOfPage\":{\"@id\":\"https:\/\/www.bagnoitalia.com\/fr\/produit\/baignoire-185x120-rectangulaire-2-places-avec-radio-chromotherapie-et-mitigeur-a-cascade-vs005.html#primaryimage\"},\"image\":{\"@id\":\"https:\/\/www.bagnoitalia.com\/fr\/produit\/baignoire-185x120-rectangulaire-2-places-avec-radio-chromotherapie-et-mitigeur-a-cascade-vs005.html#primaryimage\"},\"thumbnailUrl\":\"https:\/\/img.bagnoitalia.com\/wp-content\/uploads\/virtuemart\/product\/Two-persons-Jacuzzi-185x120-VS005-1_1542040582_243.jpg\",\"datePublished\":\"2013-09-04T19:55:29+00:00\",\"dateModified\":\"2025-02-07T15:30:06+00:00\",\"description\":\"Baignoire d'hydromassage avec 14 jets d'eau, dimensions 185x120x66cm, id\u00e9ale pour 2 personnes. Avec chromoth\u00e9rapie, radio, spot LED et robinets inclus! Achetez-le maintenant!\",\"breadcrumb\":{\"@id\":\"https:\/\/www.bagnoitalia.com\/fr\/produit\/baignoire-185x120-rectangulaire-2-places-avec-radio-chromotherapie-et-mitigeur-a-cascade-vs005.html#breadcrumb\"},\"inLanguage\":\"fr-FR\",\"potentialAction\":[{\"@type\":\"ReadAction\",\"target\":[\"https:\/\/www.bagnoitalia.com\/fr\/produit\/baignoire-185x120-rectangulaire-2-places-avec-radio-chromotherapie-et-mitigeur-a-cascade-vs005.html\"]}]},{\"@type\":\"ImageObject\",\"inLanguage\":\"fr-FR\",\"@id\":\"https:\/\/www.bagnoitalia.com\/fr\/produit\/baignoire-185x120-rectangulaire-2-places-avec-radio-chromotherapie-et-mitigeur-a-cascade-vs005.html#primaryimage\",\"url\":\"https:\/\/img.bagnoitalia.com\/wp-content\/uploads\/virtuemart\/product\/Two-persons-Jacuzzi-185x120-VS005-1_1542040582_243.jpg\",\"contentUrl\":\"https:\/\/img.bagnoitalia.com\/wp-content\/uploads\/virtuemart\/product\/Two-persons-Jacuzzi-185x120-VS005-1_1542040582_243.jpg\",\"width\":466,\"height\":466},{\"@type\":\"BreadcrumbList\",\"@id\":\"https:\/\/www.bagnoitalia.com\/fr\/produit\/baignoire-185x120-rectangulaire-2-places-avec-radio-chromotherapie-et-mitigeur-a-cascade-vs005.html#breadcrumb\",\"itemListElement\":[{\"@type\":\"ListItem\",\"position\":1,\"name\":\"Home\",\"item\":\"https:\/\/www.bagnoitalia.com\/fr\"},{\"@type\":\"ListItem\",\"position\":2,\"name\":\"Produits\",\"item\":\"https:\/\/www.bagnoitalia.com\/fr\/shop\"},{\"@type\":\"ListItem\",\"position\":3,\"name\":\"Baignoire \u00e0 remous rectangulaire 185&#215;120 2 places avec radio chromoth\u00e9rapie et mitigeur cascade VS005\"}]},{\"@type\":\"WebSite\",\"@id\":\"https:\/\/www.bagnoitalia.com\/fr#website\",\"url\":\"https:\/\/www.bagnoitalia.com\/fr\",\"name\":\"Bagno Italia\",\"description\":\"\",\"publisher\":{\"@id\":\"https:\/\/www.bagnoitalia.com\/fr#organization\"},\"potentialAction\":[{\"@type\":\"SearchAction\",\"target\":{\"@type\":\"EntryPoint\",\"urlTemplate\":\"https:\/\/www.bagnoitalia.com\/fr?s={search_term_string}\"},\"query-input\":{\"@type\":\"PropertyValueSpecification\",\"valueRequired\":true,\"valueName\":\"search_term_string\"}}],\"inLanguage\":\"fr-FR\"},{\"@type\":\"Organization\",\"@id\":\"https:\/\/www.bagnoitalia.com\/fr#organization\",\"name\":\"Bagno Italia\",\"url\":\"https:\/\/www.bagnoitalia.com\/fr\",\"logo\":{\"@type\":\"ImageObject\",\"inLanguage\":\"fr-FR\",\"@id\":\"https:\/\/www.bagnoitalia.com\/fr#\/schema\/logo\/image\/\",\"url\":\"https:\/\/img.bagnoitalia.com\/wp-content\/uploads\/logo-bagnoitalia.webp\",\"contentUrl\":\"https:\/\/img.bagnoitalia.com\/wp-content\/uploads\/logo-bagnoitalia.webp\",\"width\":400,\"height\":70,\"caption\":\"Bagno Italia\"},\"image\":{\"@id\":\"https:\/\/www.bagnoitalia.com\/fr#\/schema\/logo\/image\/\"}}]}<\/script>\n<!-- \/ Yoast SEO plugin. -->","yoast_head_json":{"title":"Baignoire \u00e0 remous rectangulaire 185x120 2 places avec radio chromoth\u00e9rapie et mitigeur cascade VS005","description":"Baignoire d'hydromassage avec 14 jets d'eau, dimensions 185x120x66cm, id\u00e9ale pour 2 personnes. Avec chromoth\u00e9rapie, radio, spot LED et robinets inclus! Achetez-le maintenant!","robots":{"index":"index","follow":"follow","max-snippet":"max-snippet:-1","max-image-preview":"max-image-preview:large","max-video-preview":"max-video-preview:-1"},"canonical":"https:\/\/www.bagnoitalia.com\/fr\/produit\/baignoire-185x120-rectangulaire-2-places-avec-radio-chromotherapie-et-mitigeur-a-cascade-vs005.html","og_locale":"fr_FR","og_type":"article","og_title":"Baignoire \u00e0 remous rectangulaire 185x120 2 places avec radio chromoth\u00e9rapie et mitigeur cascade VS005","og_description":"Baignoire d'hydromassage avec 14 jets d'eau, dimensions 185x120x66cm, id\u00e9ale pour 2 personnes. Avec chromoth\u00e9rapie, radio, spot LED et robinets inclus! Achetez-le maintenant!","og_url":"https:\/\/www.bagnoitalia.com\/fr\/produit\/baignoire-185x120-rectangulaire-2-places-avec-radio-chromotherapie-et-mitigeur-a-cascade-vs005.html","og_site_name":"Bagno Italia","article_modified_time":"2025-02-07T15:30:06+00:00","og_image":[{"width":466,"height":466,"url":"https:\/\/img.bagnoitalia.com\/wp-content\/uploads\/virtuemart\/product\/Two-persons-Jacuzzi-185x120-VS005-1_1542040582_243.jpg","type":"image\/jpeg"}],"twitter_card":"summary_large_image","twitter_misc":{"Dur\u00e9e de lecture estim\u00e9e":"2 minutes"},"schema":{"@context":"https:\/\/schema.org","@graph":[{"@type":"WebPage","@id":"https:\/\/www.bagnoitalia.com\/fr\/produit\/baignoire-185x120-rectangulaire-2-places-avec-radio-chromotherapie-et-mitigeur-a-cascade-vs005.html","url":"https:\/\/www.bagnoitalia.com\/fr\/produit\/baignoire-185x120-rectangulaire-2-places-avec-radio-chromotherapie-et-mitigeur-a-cascade-vs005.html","name":"Baignoire \u00e0 remous rectangulaire 185x120 2 places avec radio chromoth\u00e9rapie et mitigeur cascade VS005","isPartOf":{"@id":"https:\/\/www.bagnoitalia.com\/fr#website"},"primaryImageOfPage":{"@id":"https:\/\/www.bagnoitalia.com\/fr\/produit\/baignoire-185x120-rectangulaire-2-places-avec-radio-chromotherapie-et-mitigeur-a-cascade-vs005.html#primaryimage"},"image":{"@id":"https:\/\/www.bagnoitalia.com\/fr\/produit\/baignoire-185x120-rectangulaire-2-places-avec-radio-chromotherapie-et-mitigeur-a-cascade-vs005.html#primaryimage"},"thumbnailUrl":"https:\/\/img.bagnoitalia.com\/wp-content\/uploads\/virtuemart\/product\/Two-persons-Jacuzzi-185x120-VS005-1_1542040582_243.jpg","datePublished":"2013-09-04T19:55:29+00:00","dateModified":"2025-02-07T15:30:06+00:00","description":"Baignoire d'hydromassage avec 14 jets d'eau, dimensions 185x120x66cm, id\u00e9ale pour 2 personnes. Avec chromoth\u00e9rapie, radio, spot LED et robinets inclus! Achetez-le maintenant!","breadcrumb":{"@id":"https:\/\/www.bagnoitalia.com\/fr\/produit\/baignoire-185x120-rectangulaire-2-places-avec-radio-chromotherapie-et-mitigeur-a-cascade-vs005.html#breadcrumb"},"inLanguage":"fr-FR","potentialAction":[{"@type":"ReadAction","target":["https:\/\/www.bagnoitalia.com\/fr\/produit\/baignoire-185x120-rectangulaire-2-places-avec-radio-chromotherapie-et-mitigeur-a-cascade-vs005.html"]}]},{"@type":"ImageObject","inLanguage":"fr-FR","@id":"https:\/\/www.bagnoitalia.com\/fr\/produit\/baignoire-185x120-rectangulaire-2-places-avec-radio-chromotherapie-et-mitigeur-a-cascade-vs005.html#primaryimage","url":"https:\/\/img.bagnoitalia.com\/wp-content\/uploads\/virtuemart\/product\/Two-persons-Jacuzzi-185x120-VS005-1_1542040582_243.jpg","contentUrl":"https:\/\/img.bagnoitalia.com\/wp-content\/uploads\/virtuemart\/product\/Two-persons-Jacuzzi-185x120-VS005-1_1542040582_243.jpg","width":466,"height":466},{"@type":"BreadcrumbList","@id":"https:\/\/www.bagnoitalia.com\/fr\/produit\/baignoire-185x120-rectangulaire-2-places-avec-radio-chromotherapie-et-mitigeur-a-cascade-vs005.html#breadcrumb","itemListElement":[{"@type":"ListItem","position":1,"name":"Home","item":"https:\/\/www.bagnoitalia.com\/fr"},{"@type":"ListItem","position":2,"name":"Produits","item":"https:\/\/www.bagnoitalia.com\/fr\/shop"},{"@type":"ListItem","position":3,"name":"Baignoire \u00e0 remous rectangulaire 185&#215;120 2 places avec radio chromoth\u00e9rapie et mitigeur cascade VS005"}]},{"@type":"WebSite","@id":"https:\/\/www.bagnoitalia.com\/fr#website","url":"https:\/\/www.bagnoitalia.com\/fr","name":"Bagno Italia","description":"","publisher":{"@id":"https:\/\/www.bagnoitalia.com\/fr#organization"},"potentialAction":[{"@type":"SearchAction","target":{"@type":"EntryPoint","urlTemplate":"https:\/\/www.bagnoitalia.com\/fr?s={search_term_string}"},"query-input":{"@type":"PropertyValueSpecification","valueRequired":true,"valueName":"search_term_string"}}],"inLanguage":"fr-FR"},{"@type":"Organization","@id":"https:\/\/www.bagnoitalia.com\/fr#organization","name":"Bagno Italia","url":"https:\/\/www.bagnoitalia.com\/fr","logo":{"@type":"ImageObject","inLanguage":"fr-FR","@id":"https:\/\/www.bagnoitalia.com\/fr#\/schema\/logo\/image\/","url":"https:\/\/img.bagnoitalia.com\/wp-content\/uploads\/logo-bagnoitalia.webp","contentUrl":"https:\/\/img.bagnoitalia.com\/wp-content\/uploads\/logo-bagnoitalia.webp","width":400,"height":70,"caption":"Bagno Italia"},"image":{"@id":"https:\/\/www.bagnoitalia.com\/fr#\/schema\/logo\/image\/"}}]}},"_links":{"self":[{"href":"https:\/\/www.bagnoitalia.com\/fr\/wp-json\/wp\/v2\/product\/78410","targetHints":{"allow":["GET"]}}],"collection":[{"href":"https:\/\/www.bagnoitalia.com\/fr\/wp-json\/wp\/v2\/product"}],"about":[{"href":"https:\/\/www.bagnoitalia.com\/fr\/wp-json\/wp\/v2\/types\/product"}],"replies":[{"embeddable":true,"href":"https:\/\/www.bagnoitalia.com\/fr\/wp-json\/wp\/v2\/comments?post=78410"}],"version-history":[{"count":2,"href":"https:\/\/www.bagnoitalia.com\/fr\/wp-json\/wp\/v2\/product\/78410\/revisions"}],"predecessor-version":[{"id":101729,"href":"https:\/\/www.bagnoitalia.com\/fr\/wp-json\/wp\/v2\/product\/78410\/revisions\/101729"}],"wp:featuredmedia":[{"embeddable":true,"href":"https:\/\/www.bagnoitalia.com\/fr\/wp-json\/wp\/v2\/media\/19294"}],"wp:attachment":[{"href":"https:\/\/www.bagnoitalia.com\/fr\/wp-json\/wp\/v2\/media?parent=78410"}],"wp:term":[{"taxonomy":"product_brand","embeddable":true,"href":"https:\/\/www.bagnoitalia.com\/fr\/wp-json\/wp\/v2\/product_brand?post=78410"},{"taxonomy":"product_cat","embeddable":true,"href":"https:\/\/www.bagnoitalia.com\/fr\/wp-json\/wp\/v2\/product_cat?post=78410"},{"taxonomy":"product_tag","embeddable":true,"href":"https:\/\/www.bagnoitalia.com\/fr\/wp-json\/wp\/v2\/product_tag?post=78410"}],"curies":[{"name":"wp","href":"https:\/\/api.w.org\/{rel}","templated":true}]}}