{"id":78390,"date":"2013-07-11T00:16:33","date_gmt":"2013-07-10T22:16:33","guid":{"rendered":"https:\/\/www.bagnoitalia.com\/product\/jacuzzi-150x150-version-droite-deux-places-avec-chromotherapie-par-radio-vs008"},"modified":"2024-05-11T00:17:40","modified_gmt":"2024-05-10T22:17:40","slug":"jacuzzi-150x150-version-droite-deux-places-avec-chromotherapie-par-radio-vs008","status":"publish","type":"product","link":"https:\/\/www.bagnoitalia.com\/fr\/produit\/jacuzzi-150x150-version-droite-deux-places-avec-chromotherapie-par-radio-vs008.html","title":{"rendered":"Baignoire jacuzzi 150&#215;150 deux places, version droite, chromoth\u00e9rapie, radio VS008"},"content":{"rendered":"<p><span style=\"font-family: Calibri,zapf dingbats; font-size: 16px;\"><\/span><\/p>\n<p><span style=\"font-size: 14pt;\"><strong>Baignoire \u00e0 remous 150X150X68 <strong>\u00e0 deux places.<\/strong><\/strong><\/span><\/p>\n<p><span style=\"font-size: 12pt;\"><strong>FACILE&nbsp;\u00c0 INSTALLER SANS TRAVAUX DE MA\u00c7ONNERIE.<\/strong><\/span><\/p>\n<\/p>\n<p><span style=\"font-size: 12pt;\">Structure en ABS avec 3 couches de fibre de verre renforc\u00e9e, barre en laiton chrom\u00e9<\/span>&nbsp;<span style=\"font-size: 12pt;\">avec vaporisateur (3 n\u00e9buliseurs \u00e0 gauche et 3 \u00e0 droite) <br \/><\/span><\/p>\n<\/p>\n<p><span style=\"font-size: 12pt;\">Puissance 1.0HP, pompe \u00e0 eau 750W avec CCC, certificats CE<\/span> <br \/> <span style=\"font-size: 12pt;\">Interrupteur<\/span><span style=\"font-size: 12pt;\">, deux appuie-t\u00eate pour deux si\u00e8ges.<\/span><\/p>\n<p><span style=\"font-size: 12pt;\"><br \/><\/span> <span style=\"font-size: 12pt;\"><\/span><\/p>\n<p><span style=\"font-size: 14pt;\"><span style=\"font-family: Calibri,zapf dingbats;\">11 jets d&rsquo;<\/span><span style=\"font-family: Calibri,zapf dingbats;\">hydromassage (6 petits et 5 grands r\u00e9glables) <span style=\"font-size: 14pt;\"><span style=\"font-family: Calibri,zapf dingbats;\"><\/span><\/span> <br \/> Chromoth\u00e9rapie \u00e0 \u00e9conomie d&rsquo;\u00e9nergie 12V<br \/>Radio FM, haut-parleur rond&nbsp;<span style=\"font-family: Calibri,zapf dingbats;\">en plastique <\/span><span style=\"font-size: 14pt;\"><\/span><\/span><\/span><\/p>\n<p><span style=\"font-size: 14pt;\"><span style=\"font-family: Calibri,zapf dingbats;\">Robinets inclus <br \/><\/span><\/span><\/p>\n<p><span style=\"font-size: 14pt;\"><span style=\"font-family: Calibri,zapf dingbats;\">Poids: 100 kg<\/span><\/span><\/p>\n<\/p>\n<p><span style=\"font-size: 12pt;\">La dimension du rayon au centre de la baignoire est:<\/span><\/p>\n<p><span style=\"font-size: 12pt;\">&#8211; exterieur 170 cm<\/span><\/p>\n<p><span style=\"font-size: 12pt;\">&#8211; int\u00e9rieur 140 cm <br \/><\/span><\/p><\/p>\n","protected":false},"excerpt":{"rendered":"<p>Baignoire \u00e0 remous Spa 150&#215;150 deux si\u00e8ges, chromoth\u00e9rapie, radio, mitigeur<\/p>\n","protected":false},"featured_media":19166,"comment_status":"open","ping_status":"closed","template":"","meta":[],"product_brand":[9909],"product_cat":[9707,9743],"product_tag":[],"class_list":{"0":"post-78390","1":"product","2":"type-product","3":"status-publish","4":"has-post-thumbnail","6":"product_brand-puntorelax-fr","7":"product_cat-baignoire-balneo","8":"product_cat-piscines-d-39-hydromassage","10":"first","11":"instock","12":"sale","13":"taxable","14":"shipping-taxable","15":"purchasable","16":"product-type-simple"},"exclude_global_add_ons":[],"addons":[],"yoast_head":"<!-- This site is optimized with the Yoast SEO plugin v26.7 - https:\/\/yoast.com\/wordpress\/plugins\/seo\/ -->\n<title>Baignoire jacuzzi 150x150 deux places, version droite, chromoth\u00e9rapie, radio VS008<\/title>\n<meta name=\"description\" content=\"Baignoire d&#039;hydromassage droite avec 11 hydrojets, dimensions 150x150x68cm, id\u00e9ale pour 2 personnes. Avec chromoth\u00e9rapie, radio et robinets inclus! Achetez-le maintenant!\" \/>\n<meta name=\"robots\" content=\"index, follow, max-snippet:-1, max-image-preview:large, max-video-preview:-1\" \/>\n<link rel=\"canonical\" href=\"https:\/\/www.bagnoitalia.com\/fr\/produit\/jacuzzi-150x150-version-droite-deux-places-avec-chromotherapie-par-radio-vs008.html\" \/>\n<meta property=\"og:locale\" content=\"fr_FR\" \/>\n<meta property=\"og:type\" content=\"article\" \/>\n<meta property=\"og:title\" content=\"Baignoire jacuzzi 150x150 deux places, version droite, chromoth\u00e9rapie, radio VS008\" \/>\n<meta property=\"og:description\" content=\"Baignoire d&#039;hydromassage droite avec 11 hydrojets, dimensions 150x150x68cm, id\u00e9ale pour 2 personnes. Avec chromoth\u00e9rapie, radio et robinets inclus! Achetez-le maintenant!\" \/>\n<meta property=\"og:url\" content=\"https:\/\/www.bagnoitalia.com\/fr\/produit\/jacuzzi-150x150-version-droite-deux-places-avec-chromotherapie-par-radio-vs008.html\" \/>\n<meta property=\"og:site_name\" content=\"Bagno Italia\" \/>\n<meta property=\"article:modified_time\" content=\"2024-05-10T22:17:40+00:00\" \/>\n<meta property=\"og:image\" content=\"https:\/\/img.bagnoitalia.com\/wp-content\/uploads\/virtuemart\/product\/Two-persons-Jacuzzi-150x150-VS008-1_1542041386_623.jpg\" \/>\n\t<meta property=\"og:image:width\" content=\"594\" \/>\n\t<meta property=\"og:image:height\" content=\"594\" \/>\n\t<meta property=\"og:image:type\" content=\"image\/jpeg\" \/>\n<meta name=\"twitter:card\" content=\"summary_large_image\" \/>\n<script type=\"application\/ld+json\" class=\"yoast-schema-graph\">{\"@context\":\"https:\/\/schema.org\",\"@graph\":[{\"@type\":\"WebPage\",\"@id\":\"https:\/\/www.bagnoitalia.com\/fr\/produit\/jacuzzi-150x150-version-droite-deux-places-avec-chromotherapie-par-radio-vs008.html\",\"url\":\"https:\/\/www.bagnoitalia.com\/fr\/produit\/jacuzzi-150x150-version-droite-deux-places-avec-chromotherapie-par-radio-vs008.html\",\"name\":\"Baignoire jacuzzi 150x150 deux places, version droite, chromoth\u00e9rapie, radio VS008\",\"isPartOf\":{\"@id\":\"https:\/\/www.bagnoitalia.com\/fr#website\"},\"primaryImageOfPage\":{\"@id\":\"https:\/\/www.bagnoitalia.com\/fr\/produit\/jacuzzi-150x150-version-droite-deux-places-avec-chromotherapie-par-radio-vs008.html#primaryimage\"},\"image\":{\"@id\":\"https:\/\/www.bagnoitalia.com\/fr\/produit\/jacuzzi-150x150-version-droite-deux-places-avec-chromotherapie-par-radio-vs008.html#primaryimage\"},\"thumbnailUrl\":\"https:\/\/img.bagnoitalia.com\/wp-content\/uploads\/virtuemart\/product\/Two-persons-Jacuzzi-150x150-VS008-1_1542041386_623.jpg\",\"datePublished\":\"2013-07-10T22:16:33+00:00\",\"dateModified\":\"2024-05-10T22:17:40+00:00\",\"description\":\"Baignoire d&#39;hydromassage droite avec 11 hydrojets, dimensions 150x150x68cm, id\u00e9ale pour 2 personnes. Avec chromoth\u00e9rapie, radio et robinets inclus! Achetez-le maintenant!\",\"breadcrumb\":{\"@id\":\"https:\/\/www.bagnoitalia.com\/fr\/produit\/jacuzzi-150x150-version-droite-deux-places-avec-chromotherapie-par-radio-vs008.html#breadcrumb\"},\"inLanguage\":\"fr-FR\",\"potentialAction\":[{\"@type\":\"ReadAction\",\"target\":[\"https:\/\/www.bagnoitalia.com\/fr\/produit\/jacuzzi-150x150-version-droite-deux-places-avec-chromotherapie-par-radio-vs008.html\"]}]},{\"@type\":\"ImageObject\",\"inLanguage\":\"fr-FR\",\"@id\":\"https:\/\/www.bagnoitalia.com\/fr\/produit\/jacuzzi-150x150-version-droite-deux-places-avec-chromotherapie-par-radio-vs008.html#primaryimage\",\"url\":\"https:\/\/img.bagnoitalia.com\/wp-content\/uploads\/virtuemart\/product\/Two-persons-Jacuzzi-150x150-VS008-1_1542041386_623.jpg\",\"contentUrl\":\"https:\/\/img.bagnoitalia.com\/wp-content\/uploads\/virtuemart\/product\/Two-persons-Jacuzzi-150x150-VS008-1_1542041386_623.jpg\",\"width\":594,\"height\":594},{\"@type\":\"BreadcrumbList\",\"@id\":\"https:\/\/www.bagnoitalia.com\/fr\/produit\/jacuzzi-150x150-version-droite-deux-places-avec-chromotherapie-par-radio-vs008.html#breadcrumb\",\"itemListElement\":[{\"@type\":\"ListItem\",\"position\":1,\"name\":\"Home\",\"item\":\"https:\/\/www.bagnoitalia.com\/fr\"},{\"@type\":\"ListItem\",\"position\":2,\"name\":\"Produits\",\"item\":\"https:\/\/www.bagnoitalia.com\/fr\/shop\"},{\"@type\":\"ListItem\",\"position\":3,\"name\":\"Baignoire jacuzzi 150&#215;150 deux places, version droite, chromoth\u00e9rapie, radio VS008\"}]},{\"@type\":\"WebSite\",\"@id\":\"https:\/\/www.bagnoitalia.com\/fr#website\",\"url\":\"https:\/\/www.bagnoitalia.com\/fr\",\"name\":\"Bagno Italia\",\"description\":\"\",\"publisher\":{\"@id\":\"https:\/\/www.bagnoitalia.com\/fr#organization\"},\"potentialAction\":[{\"@type\":\"SearchAction\",\"target\":{\"@type\":\"EntryPoint\",\"urlTemplate\":\"https:\/\/www.bagnoitalia.com\/fr?s={search_term_string}\"},\"query-input\":{\"@type\":\"PropertyValueSpecification\",\"valueRequired\":true,\"valueName\":\"search_term_string\"}}],\"inLanguage\":\"fr-FR\"},{\"@type\":\"Organization\",\"@id\":\"https:\/\/www.bagnoitalia.com\/fr#organization\",\"name\":\"Bagno Italia\",\"url\":\"https:\/\/www.bagnoitalia.com\/fr\",\"logo\":{\"@type\":\"ImageObject\",\"inLanguage\":\"fr-FR\",\"@id\":\"https:\/\/www.bagnoitalia.com\/fr#\/schema\/logo\/image\/\",\"url\":\"https:\/\/img.bagnoitalia.com\/wp-content\/uploads\/logo-bagnoitalia.webp\",\"contentUrl\":\"https:\/\/img.bagnoitalia.com\/wp-content\/uploads\/logo-bagnoitalia.webp\",\"width\":400,\"height\":70,\"caption\":\"Bagno Italia\"},\"image\":{\"@id\":\"https:\/\/www.bagnoitalia.com\/fr#\/schema\/logo\/image\/\"}}]}<\/script>\n<!-- \/ Yoast SEO plugin. -->","yoast_head_json":{"title":"Baignoire jacuzzi 150x150 deux places, version droite, chromoth\u00e9rapie, radio VS008","description":"Baignoire d&#39;hydromassage droite avec 11 hydrojets, dimensions 150x150x68cm, id\u00e9ale pour 2 personnes. Avec chromoth\u00e9rapie, radio et robinets inclus! Achetez-le maintenant!","robots":{"index":"index","follow":"follow","max-snippet":"max-snippet:-1","max-image-preview":"max-image-preview:large","max-video-preview":"max-video-preview:-1"},"canonical":"https:\/\/www.bagnoitalia.com\/fr\/produit\/jacuzzi-150x150-version-droite-deux-places-avec-chromotherapie-par-radio-vs008.html","og_locale":"fr_FR","og_type":"article","og_title":"Baignoire jacuzzi 150x150 deux places, version droite, chromoth\u00e9rapie, radio VS008","og_description":"Baignoire d&#39;hydromassage droite avec 11 hydrojets, dimensions 150x150x68cm, id\u00e9ale pour 2 personnes. Avec chromoth\u00e9rapie, radio et robinets inclus! Achetez-le maintenant!","og_url":"https:\/\/www.bagnoitalia.com\/fr\/produit\/jacuzzi-150x150-version-droite-deux-places-avec-chromotherapie-par-radio-vs008.html","og_site_name":"Bagno Italia","article_modified_time":"2024-05-10T22:17:40+00:00","og_image":[{"width":594,"height":594,"url":"https:\/\/img.bagnoitalia.com\/wp-content\/uploads\/virtuemart\/product\/Two-persons-Jacuzzi-150x150-VS008-1_1542041386_623.jpg","type":"image\/jpeg"}],"twitter_card":"summary_large_image","schema":{"@context":"https:\/\/schema.org","@graph":[{"@type":"WebPage","@id":"https:\/\/www.bagnoitalia.com\/fr\/produit\/jacuzzi-150x150-version-droite-deux-places-avec-chromotherapie-par-radio-vs008.html","url":"https:\/\/www.bagnoitalia.com\/fr\/produit\/jacuzzi-150x150-version-droite-deux-places-avec-chromotherapie-par-radio-vs008.html","name":"Baignoire jacuzzi 150x150 deux places, version droite, chromoth\u00e9rapie, radio VS008","isPartOf":{"@id":"https:\/\/www.bagnoitalia.com\/fr#website"},"primaryImageOfPage":{"@id":"https:\/\/www.bagnoitalia.com\/fr\/produit\/jacuzzi-150x150-version-droite-deux-places-avec-chromotherapie-par-radio-vs008.html#primaryimage"},"image":{"@id":"https:\/\/www.bagnoitalia.com\/fr\/produit\/jacuzzi-150x150-version-droite-deux-places-avec-chromotherapie-par-radio-vs008.html#primaryimage"},"thumbnailUrl":"https:\/\/img.bagnoitalia.com\/wp-content\/uploads\/virtuemart\/product\/Two-persons-Jacuzzi-150x150-VS008-1_1542041386_623.jpg","datePublished":"2013-07-10T22:16:33+00:00","dateModified":"2024-05-10T22:17:40+00:00","description":"Baignoire d&#39;hydromassage droite avec 11 hydrojets, dimensions 150x150x68cm, id\u00e9ale pour 2 personnes. Avec chromoth\u00e9rapie, radio et robinets inclus! Achetez-le maintenant!","breadcrumb":{"@id":"https:\/\/www.bagnoitalia.com\/fr\/produit\/jacuzzi-150x150-version-droite-deux-places-avec-chromotherapie-par-radio-vs008.html#breadcrumb"},"inLanguage":"fr-FR","potentialAction":[{"@type":"ReadAction","target":["https:\/\/www.bagnoitalia.com\/fr\/produit\/jacuzzi-150x150-version-droite-deux-places-avec-chromotherapie-par-radio-vs008.html"]}]},{"@type":"ImageObject","inLanguage":"fr-FR","@id":"https:\/\/www.bagnoitalia.com\/fr\/produit\/jacuzzi-150x150-version-droite-deux-places-avec-chromotherapie-par-radio-vs008.html#primaryimage","url":"https:\/\/img.bagnoitalia.com\/wp-content\/uploads\/virtuemart\/product\/Two-persons-Jacuzzi-150x150-VS008-1_1542041386_623.jpg","contentUrl":"https:\/\/img.bagnoitalia.com\/wp-content\/uploads\/virtuemart\/product\/Two-persons-Jacuzzi-150x150-VS008-1_1542041386_623.jpg","width":594,"height":594},{"@type":"BreadcrumbList","@id":"https:\/\/www.bagnoitalia.com\/fr\/produit\/jacuzzi-150x150-version-droite-deux-places-avec-chromotherapie-par-radio-vs008.html#breadcrumb","itemListElement":[{"@type":"ListItem","position":1,"name":"Home","item":"https:\/\/www.bagnoitalia.com\/fr"},{"@type":"ListItem","position":2,"name":"Produits","item":"https:\/\/www.bagnoitalia.com\/fr\/shop"},{"@type":"ListItem","position":3,"name":"Baignoire jacuzzi 150&#215;150 deux places, version droite, chromoth\u00e9rapie, radio VS008"}]},{"@type":"WebSite","@id":"https:\/\/www.bagnoitalia.com\/fr#website","url":"https:\/\/www.bagnoitalia.com\/fr","name":"Bagno Italia","description":"","publisher":{"@id":"https:\/\/www.bagnoitalia.com\/fr#organization"},"potentialAction":[{"@type":"SearchAction","target":{"@type":"EntryPoint","urlTemplate":"https:\/\/www.bagnoitalia.com\/fr?s={search_term_string}"},"query-input":{"@type":"PropertyValueSpecification","valueRequired":true,"valueName":"search_term_string"}}],"inLanguage":"fr-FR"},{"@type":"Organization","@id":"https:\/\/www.bagnoitalia.com\/fr#organization","name":"Bagno Italia","url":"https:\/\/www.bagnoitalia.com\/fr","logo":{"@type":"ImageObject","inLanguage":"fr-FR","@id":"https:\/\/www.bagnoitalia.com\/fr#\/schema\/logo\/image\/","url":"https:\/\/img.bagnoitalia.com\/wp-content\/uploads\/logo-bagnoitalia.webp","contentUrl":"https:\/\/img.bagnoitalia.com\/wp-content\/uploads\/logo-bagnoitalia.webp","width":400,"height":70,"caption":"Bagno Italia"},"image":{"@id":"https:\/\/www.bagnoitalia.com\/fr#\/schema\/logo\/image\/"}}]}},"_links":{"self":[{"href":"https:\/\/www.bagnoitalia.com\/fr\/wp-json\/wp\/v2\/product\/78390","targetHints":{"allow":["GET"]}}],"collection":[{"href":"https:\/\/www.bagnoitalia.com\/fr\/wp-json\/wp\/v2\/product"}],"about":[{"href":"https:\/\/www.bagnoitalia.com\/fr\/wp-json\/wp\/v2\/types\/product"}],"replies":[{"embeddable":true,"href":"https:\/\/www.bagnoitalia.com\/fr\/wp-json\/wp\/v2\/comments?post=78390"}],"version-history":[{"count":0,"href":"https:\/\/www.bagnoitalia.com\/fr\/wp-json\/wp\/v2\/product\/78390\/revisions"}],"wp:featuredmedia":[{"embeddable":true,"href":"https:\/\/www.bagnoitalia.com\/fr\/wp-json\/wp\/v2\/media\/19166"}],"wp:attachment":[{"href":"https:\/\/www.bagnoitalia.com\/fr\/wp-json\/wp\/v2\/media?parent=78390"}],"wp:term":[{"taxonomy":"product_brand","embeddable":true,"href":"https:\/\/www.bagnoitalia.com\/fr\/wp-json\/wp\/v2\/product_brand?post=78390"},{"taxonomy":"product_cat","embeddable":true,"href":"https:\/\/www.bagnoitalia.com\/fr\/wp-json\/wp\/v2\/product_cat?post=78390"},{"taxonomy":"product_tag","embeddable":true,"href":"https:\/\/www.bagnoitalia.com\/fr\/wp-json\/wp\/v2\/product_tag?post=78390"}],"curies":[{"name":"wp","href":"https:\/\/api.w.org\/{rel}","templated":true}]}}