{"id":78350,"date":"2014-02-05T23:09:39","date_gmt":"2014-02-05T22:09:39","guid":{"rendered":"https:\/\/www.bagnoitalia.com\/product\/cabine-et-jacuzzi-150x85-avec-cabine-de-douche-sauna-turc-complet-en-option"},"modified":"2025-06-19T05:01:22","modified_gmt":"2025-06-19T03:01:22","slug":"cabine-et-jacuzzi-150x85-avec-cabine-de-douche-sauna-turc-complet-en-option","status":"publish","type":"product","link":"https:\/\/www.bagnoitalia.com\/fr\/produit\/cabine-et-jacuzzi-150x85-avec-cabine-de-douche-sauna-turc-complet-en-option.html","title":{"rendered":"Cabine et Jacuzzi 150&#215;85 avec cabine de douche sauna turc complet en option"},"content":{"rendered":"<p> Cabine et Jacuzzi 150x85x215 <\/p>\n<\/p>\n<p> <strong>CARACTERISTIQUES<\/strong> DE <strong>CONSTRUCTION:<\/strong> <\/p>\n<p> Pleure agneau <\/p>\n<p> 6 jets pour le tourbillon <\/p>\n<p> Massage des pieds <\/p>\n<p> LED avec chromoth\u00e9rapie <\/p>\n<p> Pomme de douche centrale de Cascata <\/p>\n<p> Douchette extractible <\/p>\n<p> Th\u00e9rapie \u00e0 l&#39;ozone et st\u00e9rilisation <\/p>\n<p> Bain turc <\/p>\n<p> radio <\/p>\n<p> R\u00e9pondeur t\u00e9l\u00e9phonique <\/p>\n<p> Jacuzzi avec vitre frontale, 2 jets d\u2019air dans la partie arri\u00e8re et 4 grands jets r\u00e9glables, la baignoire est donc \u00e9quip\u00e9e d\u2019une pompe \u00e0 <span style=\"color: #000000;\"><a href=\"vasca-idromassaggio-130x130-venus-2-posti-con-pompa-whirlpool.html\" class=\"FlexibleBrowseProductNameLink\" title=\"Spa 130x130 Venus 2 PLACES avec pompe \u00e0 remous\"><span style=\"color: #000000;\">remous<\/span><\/a> (<\/span> whirlpool \u00e0 eau) et d\u2019un airpool (pour le whirlpool \u00e0 air) <\/p>\n<\/p>\n<p> La puissance des pompes est de 1,5 CV <\/p>\n<\/p>\n<p><img fetchpriority=\"high\" decoding=\"async\" class=\" size-full wp-image-18894\" src=\"https:\/\/img.bagnoitalia.com\/wp-content\/uploads\/virtuemart\/product\/scheda150x85.jpg\" alt=\"1 voiture hot-150x85-box147.jpg_product\" id=\"fancybox-img\" width=\"743\" height=\"416\" \/><\/p>\n","protected":false},"excerpt":{"rendered":"<p>Cabine d&#39;hydromassage avec baignoire 150x85x215 compl\u00e8te en option, sauna, bain turc + chromoth\u00e9rapie Prix valable jusqu&#39;\u00e0 la fin du mois!<\/p>\n","protected":false},"featured_media":18878,"comment_status":"open","ping_status":"closed","template":"","meta":[],"product_brand":[],"product_cat":[15,10115],"product_tag":[],"class_list":{"0":"post-78350","1":"product","2":"type-product","3":"status-publish","4":"has-post-thumbnail","6":"product_cat-senza-categoria","7":"product_cat-senza-categoria-fr","9":"first","10":"outofstock","11":"taxable","12":"shipping-taxable","13":"purchasable","14":"product-type-simple"},"exclude_global_add_ons":[],"addons":[],"yoast_head":"<!-- This site is optimized with the Yoast SEO plugin v26.7 - https:\/\/yoast.com\/wordpress\/plugins\/seo\/ -->\n<title>Cabine et jacuzzi 150x85cm avec sauna, bain turc<\/title>\n<meta name=\"description\" content=\"Cabine et jacuzzi avec 6 hydrojets, dimensions 150x85cm, sauna et bain turc. Avec chromoth\u00e9rapie, radio et r\u00e9pondeur t\u00e9l\u00e9phonique - Bagno Italia\" \/>\n<meta name=\"robots\" content=\"index, follow, max-snippet:-1, max-image-preview:large, max-video-preview:-1\" \/>\n<link rel=\"canonical\" href=\"https:\/\/www.bagnoitalia.com\/fr\/produit\/cabine-et-jacuzzi-150x85-avec-cabine-de-douche-sauna-turc-complet-en-option.html\" \/>\n<meta property=\"og:locale\" content=\"fr_FR\" \/>\n<meta property=\"og:type\" content=\"article\" \/>\n<meta property=\"og:title\" content=\"Cabine et jacuzzi 150x85cm avec sauna, bain turc\" \/>\n<meta property=\"og:description\" content=\"Cabine et jacuzzi avec 6 hydrojets, dimensions 150x85cm, sauna et bain turc. Avec chromoth\u00e9rapie, radio et r\u00e9pondeur t\u00e9l\u00e9phonique - Bagno Italia\" \/>\n<meta property=\"og:url\" content=\"https:\/\/www.bagnoitalia.com\/fr\/produit\/cabine-et-jacuzzi-150x85-avec-cabine-de-douche-sauna-turc-complet-en-option.html\" \/>\n<meta property=\"og:site_name\" content=\"Bagno Italia\" \/>\n<meta property=\"article:modified_time\" content=\"2025-06-19T03:01:22+00:00\" \/>\n<meta property=\"og:image\" content=\"https:\/\/img.bagnoitalia.com\/wp-content\/uploads\/virtuemart\/product\/1-non-disponibile1.jpg\" \/>\n\t<meta property=\"og:image:width\" content=\"345\" \/>\n\t<meta property=\"og:image:height\" content=\"315\" \/>\n\t<meta property=\"og:image:type\" content=\"image\/jpeg\" \/>\n<meta name=\"twitter:card\" content=\"summary_large_image\" \/>\n<script type=\"application\/ld+json\" class=\"yoast-schema-graph\">{\"@context\":\"https:\/\/schema.org\",\"@graph\":[{\"@type\":\"WebPage\",\"@id\":\"https:\/\/www.bagnoitalia.com\/fr\/produit\/cabine-et-jacuzzi-150x85-avec-cabine-de-douche-sauna-turc-complet-en-option.html\",\"url\":\"https:\/\/www.bagnoitalia.com\/fr\/produit\/cabine-et-jacuzzi-150x85-avec-cabine-de-douche-sauna-turc-complet-en-option.html\",\"name\":\"Cabine et jacuzzi 150x85cm avec sauna, bain turc\",\"isPartOf\":{\"@id\":\"https:\/\/www.bagnoitalia.com\/fr#website\"},\"primaryImageOfPage\":{\"@id\":\"https:\/\/www.bagnoitalia.com\/fr\/produit\/cabine-et-jacuzzi-150x85-avec-cabine-de-douche-sauna-turc-complet-en-option.html#primaryimage\"},\"image\":{\"@id\":\"https:\/\/www.bagnoitalia.com\/fr\/produit\/cabine-et-jacuzzi-150x85-avec-cabine-de-douche-sauna-turc-complet-en-option.html#primaryimage\"},\"thumbnailUrl\":\"https:\/\/img.bagnoitalia.com\/wp-content\/uploads\/virtuemart\/product\/1-non-disponibile1.jpg\",\"datePublished\":\"2014-02-05T22:09:39+00:00\",\"dateModified\":\"2025-06-19T03:01:22+00:00\",\"description\":\"Cabine et jacuzzi avec 6 hydrojets, dimensions 150x85cm, sauna et bain turc. Avec chromoth\u00e9rapie, radio et r\u00e9pondeur t\u00e9l\u00e9phonique - Bagno Italia\",\"breadcrumb\":{\"@id\":\"https:\/\/www.bagnoitalia.com\/fr\/produit\/cabine-et-jacuzzi-150x85-avec-cabine-de-douche-sauna-turc-complet-en-option.html#breadcrumb\"},\"inLanguage\":\"fr-FR\",\"potentialAction\":[{\"@type\":\"ReadAction\",\"target\":[\"https:\/\/www.bagnoitalia.com\/fr\/produit\/cabine-et-jacuzzi-150x85-avec-cabine-de-douche-sauna-turc-complet-en-option.html\"]}]},{\"@type\":\"ImageObject\",\"inLanguage\":\"fr-FR\",\"@id\":\"https:\/\/www.bagnoitalia.com\/fr\/produit\/cabine-et-jacuzzi-150x85-avec-cabine-de-douche-sauna-turc-complet-en-option.html#primaryimage\",\"url\":\"https:\/\/img.bagnoitalia.com\/wp-content\/uploads\/virtuemart\/product\/1-non-disponibile1.jpg\",\"contentUrl\":\"https:\/\/img.bagnoitalia.com\/wp-content\/uploads\/virtuemart\/product\/1-non-disponibile1.jpg\",\"width\":345,\"height\":315},{\"@type\":\"BreadcrumbList\",\"@id\":\"https:\/\/www.bagnoitalia.com\/fr\/produit\/cabine-et-jacuzzi-150x85-avec-cabine-de-douche-sauna-turc-complet-en-option.html#breadcrumb\",\"itemListElement\":[{\"@type\":\"ListItem\",\"position\":1,\"name\":\"Home\",\"item\":\"https:\/\/www.bagnoitalia.com\/fr\"},{\"@type\":\"ListItem\",\"position\":2,\"name\":\"Produits\",\"item\":\"https:\/\/www.bagnoitalia.com\/fr\/shop\"},{\"@type\":\"ListItem\",\"position\":3,\"name\":\"Cabine et Jacuzzi 150&#215;85 avec cabine de douche sauna turc complet en option\"}]},{\"@type\":\"WebSite\",\"@id\":\"https:\/\/www.bagnoitalia.com\/fr#website\",\"url\":\"https:\/\/www.bagnoitalia.com\/fr\",\"name\":\"Bagno Italia\",\"description\":\"\",\"publisher\":{\"@id\":\"https:\/\/www.bagnoitalia.com\/fr#organization\"},\"potentialAction\":[{\"@type\":\"SearchAction\",\"target\":{\"@type\":\"EntryPoint\",\"urlTemplate\":\"https:\/\/www.bagnoitalia.com\/fr?s={search_term_string}\"},\"query-input\":{\"@type\":\"PropertyValueSpecification\",\"valueRequired\":true,\"valueName\":\"search_term_string\"}}],\"inLanguage\":\"fr-FR\"},{\"@type\":\"Organization\",\"@id\":\"https:\/\/www.bagnoitalia.com\/fr#organization\",\"name\":\"Bagno Italia\",\"url\":\"https:\/\/www.bagnoitalia.com\/fr\",\"logo\":{\"@type\":\"ImageObject\",\"inLanguage\":\"fr-FR\",\"@id\":\"https:\/\/www.bagnoitalia.com\/fr#\/schema\/logo\/image\/\",\"url\":\"https:\/\/img.bagnoitalia.com\/wp-content\/uploads\/logo-bagnoitalia.webp\",\"contentUrl\":\"https:\/\/img.bagnoitalia.com\/wp-content\/uploads\/logo-bagnoitalia.webp\",\"width\":400,\"height\":70,\"caption\":\"Bagno Italia\"},\"image\":{\"@id\":\"https:\/\/www.bagnoitalia.com\/fr#\/schema\/logo\/image\/\"}}]}<\/script>\n<!-- \/ Yoast SEO plugin. -->","yoast_head_json":{"title":"Cabine et jacuzzi 150x85cm avec sauna, bain turc","description":"Cabine et jacuzzi avec 6 hydrojets, dimensions 150x85cm, sauna et bain turc. Avec chromoth\u00e9rapie, radio et r\u00e9pondeur t\u00e9l\u00e9phonique - Bagno Italia","robots":{"index":"index","follow":"follow","max-snippet":"max-snippet:-1","max-image-preview":"max-image-preview:large","max-video-preview":"max-video-preview:-1"},"canonical":"https:\/\/www.bagnoitalia.com\/fr\/produit\/cabine-et-jacuzzi-150x85-avec-cabine-de-douche-sauna-turc-complet-en-option.html","og_locale":"fr_FR","og_type":"article","og_title":"Cabine et jacuzzi 150x85cm avec sauna, bain turc","og_description":"Cabine et jacuzzi avec 6 hydrojets, dimensions 150x85cm, sauna et bain turc. Avec chromoth\u00e9rapie, radio et r\u00e9pondeur t\u00e9l\u00e9phonique - Bagno Italia","og_url":"https:\/\/www.bagnoitalia.com\/fr\/produit\/cabine-et-jacuzzi-150x85-avec-cabine-de-douche-sauna-turc-complet-en-option.html","og_site_name":"Bagno Italia","article_modified_time":"2025-06-19T03:01:22+00:00","og_image":[{"width":345,"height":315,"url":"https:\/\/img.bagnoitalia.com\/wp-content\/uploads\/virtuemart\/product\/1-non-disponibile1.jpg","type":"image\/jpeg"}],"twitter_card":"summary_large_image","schema":{"@context":"https:\/\/schema.org","@graph":[{"@type":"WebPage","@id":"https:\/\/www.bagnoitalia.com\/fr\/produit\/cabine-et-jacuzzi-150x85-avec-cabine-de-douche-sauna-turc-complet-en-option.html","url":"https:\/\/www.bagnoitalia.com\/fr\/produit\/cabine-et-jacuzzi-150x85-avec-cabine-de-douche-sauna-turc-complet-en-option.html","name":"Cabine et jacuzzi 150x85cm avec sauna, bain turc","isPartOf":{"@id":"https:\/\/www.bagnoitalia.com\/fr#website"},"primaryImageOfPage":{"@id":"https:\/\/www.bagnoitalia.com\/fr\/produit\/cabine-et-jacuzzi-150x85-avec-cabine-de-douche-sauna-turc-complet-en-option.html#primaryimage"},"image":{"@id":"https:\/\/www.bagnoitalia.com\/fr\/produit\/cabine-et-jacuzzi-150x85-avec-cabine-de-douche-sauna-turc-complet-en-option.html#primaryimage"},"thumbnailUrl":"https:\/\/img.bagnoitalia.com\/wp-content\/uploads\/virtuemart\/product\/1-non-disponibile1.jpg","datePublished":"2014-02-05T22:09:39+00:00","dateModified":"2025-06-19T03:01:22+00:00","description":"Cabine et jacuzzi avec 6 hydrojets, dimensions 150x85cm, sauna et bain turc. Avec chromoth\u00e9rapie, radio et r\u00e9pondeur t\u00e9l\u00e9phonique - Bagno Italia","breadcrumb":{"@id":"https:\/\/www.bagnoitalia.com\/fr\/produit\/cabine-et-jacuzzi-150x85-avec-cabine-de-douche-sauna-turc-complet-en-option.html#breadcrumb"},"inLanguage":"fr-FR","potentialAction":[{"@type":"ReadAction","target":["https:\/\/www.bagnoitalia.com\/fr\/produit\/cabine-et-jacuzzi-150x85-avec-cabine-de-douche-sauna-turc-complet-en-option.html"]}]},{"@type":"ImageObject","inLanguage":"fr-FR","@id":"https:\/\/www.bagnoitalia.com\/fr\/produit\/cabine-et-jacuzzi-150x85-avec-cabine-de-douche-sauna-turc-complet-en-option.html#primaryimage","url":"https:\/\/img.bagnoitalia.com\/wp-content\/uploads\/virtuemart\/product\/1-non-disponibile1.jpg","contentUrl":"https:\/\/img.bagnoitalia.com\/wp-content\/uploads\/virtuemart\/product\/1-non-disponibile1.jpg","width":345,"height":315},{"@type":"BreadcrumbList","@id":"https:\/\/www.bagnoitalia.com\/fr\/produit\/cabine-et-jacuzzi-150x85-avec-cabine-de-douche-sauna-turc-complet-en-option.html#breadcrumb","itemListElement":[{"@type":"ListItem","position":1,"name":"Home","item":"https:\/\/www.bagnoitalia.com\/fr"},{"@type":"ListItem","position":2,"name":"Produits","item":"https:\/\/www.bagnoitalia.com\/fr\/shop"},{"@type":"ListItem","position":3,"name":"Cabine et Jacuzzi 150&#215;85 avec cabine de douche sauna turc complet en option"}]},{"@type":"WebSite","@id":"https:\/\/www.bagnoitalia.com\/fr#website","url":"https:\/\/www.bagnoitalia.com\/fr","name":"Bagno Italia","description":"","publisher":{"@id":"https:\/\/www.bagnoitalia.com\/fr#organization"},"potentialAction":[{"@type":"SearchAction","target":{"@type":"EntryPoint","urlTemplate":"https:\/\/www.bagnoitalia.com\/fr?s={search_term_string}"},"query-input":{"@type":"PropertyValueSpecification","valueRequired":true,"valueName":"search_term_string"}}],"inLanguage":"fr-FR"},{"@type":"Organization","@id":"https:\/\/www.bagnoitalia.com\/fr#organization","name":"Bagno Italia","url":"https:\/\/www.bagnoitalia.com\/fr","logo":{"@type":"ImageObject","inLanguage":"fr-FR","@id":"https:\/\/www.bagnoitalia.com\/fr#\/schema\/logo\/image\/","url":"https:\/\/img.bagnoitalia.com\/wp-content\/uploads\/logo-bagnoitalia.webp","contentUrl":"https:\/\/img.bagnoitalia.com\/wp-content\/uploads\/logo-bagnoitalia.webp","width":400,"height":70,"caption":"Bagno Italia"},"image":{"@id":"https:\/\/www.bagnoitalia.com\/fr#\/schema\/logo\/image\/"}}]}},"_links":{"self":[{"href":"https:\/\/www.bagnoitalia.com\/fr\/wp-json\/wp\/v2\/product\/78350","targetHints":{"allow":["GET"]}}],"collection":[{"href":"https:\/\/www.bagnoitalia.com\/fr\/wp-json\/wp\/v2\/product"}],"about":[{"href":"https:\/\/www.bagnoitalia.com\/fr\/wp-json\/wp\/v2\/types\/product"}],"replies":[{"embeddable":true,"href":"https:\/\/www.bagnoitalia.com\/fr\/wp-json\/wp\/v2\/comments?post=78350"}],"version-history":[{"count":0,"href":"https:\/\/www.bagnoitalia.com\/fr\/wp-json\/wp\/v2\/product\/78350\/revisions"}],"wp:featuredmedia":[{"embeddable":true,"href":"https:\/\/www.bagnoitalia.com\/fr\/wp-json\/wp\/v2\/media\/18878"}],"wp:attachment":[{"href":"https:\/\/www.bagnoitalia.com\/fr\/wp-json\/wp\/v2\/media?parent=78350"}],"wp:term":[{"taxonomy":"product_brand","embeddable":true,"href":"https:\/\/www.bagnoitalia.com\/fr\/wp-json\/wp\/v2\/product_brand?post=78350"},{"taxonomy":"product_cat","embeddable":true,"href":"https:\/\/www.bagnoitalia.com\/fr\/wp-json\/wp\/v2\/product_cat?post=78350"},{"taxonomy":"product_tag","embeddable":true,"href":"https:\/\/www.bagnoitalia.com\/fr\/wp-json\/wp\/v2\/product_tag?post=78350"}],"curies":[{"name":"wp","href":"https:\/\/api.w.org\/{rel}","templated":true}]}}