{"id":78346,"date":"2013-04-29T16:15:10","date_gmt":"2013-04-29T14:15:10","guid":{"rendered":"https:\/\/www.bagnoitalia.com\/product\/cabine-d-39-hydromassage-90x90-avec-cabine-de-douche-polyvalente-cb034"},"modified":"2025-02-28T14:40:31","modified_gmt":"2025-02-28T13:40:31","slug":"cabine-d-39-hydromassage-90x90-avec-cabine-de-douche-polyvalente-cb034","status":"publish","type":"product","link":"https:\/\/www.bagnoitalia.com\/fr\/produit\/cabine-d-39-hydromassage-90x90-avec-cabine-de-douche-polyvalente-cb034.html","title":{"rendered":"Cabine d&rsquo;hydromassage 90&#215;90 multifonctions avec baignoire CB034"},"content":{"rendered":"<p>Cabine d&rsquo;hydromassage avec baignoire 90x90x210H (hauteur de la baignoire 42cm)<\/p>\n<p style=\"text-align: justify;\">\n<p style=\"text-align: justify;\" align=\"center\"><span style=\"color: #000000; font-size: 10pt;\"><span style=\"font-family: Trebuchet MS,sans-serif;\"><strong><span style=\"font-family: Arial;\"><strong>Caract\u00e9ristiques techniques:<\/strong><\/span><\/strong><\/span><\/span><\/p>\n<p style=\"text-align: justify;\" align=\"left\"><span style=\"color: #000000;\"><span style=\"font-family: Arial;\">&#8211;<\/span> <strong><span style=\"font-family: Arial;\">Panneau de commande \u00e0 \u00e9cran tactile;<\/span><\/strong><\/span><\/p>\n<p style=\"text-align: justify;\" align=\"left\"><span style=\"color: #000000;\"><strong><span style=\"font-family: Arial;\">&#8211; Radio FM;<\/span><\/strong><\/span><\/p>\n<p style=\"text-align: justify;\" align=\"left\"><span style=\"color: #000000;\"><span style=\"font-family: Arial;\"><\/span><strong><span style=\"font-family: Arial;\">&#8211; Receveur de douche en ABS renforc\u00e9 \u00e0 trois couches de r\u00e9sine;<\/span><\/strong> <span style=\"font-family: Trebuchet MS,sans-serif;\"><span style=\"font-family: 'Times New Roman','serif'; font-size: 12pt;\"><span style=\"font-family: Trebuchet MS,sans-serif;\"><strong><span style=\"font-family: Arial;\"><\/span><\/strong><\/span><\/span><\/span><\/span><\/p>\n<p style=\"text-align: justify;\" align=\"left\"><span style=\"color: #000000;\"><strong><span style=\"font-family: Arial;\">&#8211; Poingn\u00e9es chrom\u00e9es;<\/span><\/strong><\/span><\/p>\n<p style=\"text-align: justify;\" align=\"left\"><span style=\"color: #000000;\"><strong><span style=\"font-family: Arial;\">&#8211; \u00c9tag\u00e8re porte savon ABS;<\/span><\/strong><\/span><\/p>\n<p style=\"text-align: justify;\" align=\"left\"><span style=\"color: #000000;\"><strong><span style=\"font-family: Arial;\">&#8211; 6 hydrojets<\/span><\/strong><\/span><\/p>\n<p style=\"text-align: justify;\" align=\"left\"><span style=\"color: #000000;\"><strong><span style=\"font-family: Arial;\">&#8211; Contr\u00f4le de l&rsquo;eau chaude &#8211; eau froide;<\/span><\/strong><\/span><\/p>\n<p style=\"text-align: justify;\" align=\"left\"><span style=\"color: #000000;\"><strong><span style=\"font-family: Arial;\">&#8211; Si\u00e8ge confortable&nbsp; pour hydromassage;<\/span><\/strong><\/span><\/p>\n<p style=\"text-align: justify;\" align=\"left\"><span style=\"color: #000000;\"><strong><span style=\"font-family: Arial;\">&#8211; Baignoire antid\u00e9rapante;<\/span><\/strong><\/span><\/p>\n<p style=\"text-align: justify;\" align=\"left\"><span style=\"color: #000000;\"><strong><span style=\"font-family: Arial;\">&#8211; R\u00e9cepteur t\u00e9l\u00e9phonique \u00e9galement en mode mains libres;<\/span><\/strong><\/span><\/p>\n<p style=\"text-align: justify;\" align=\"left\"><span style=\"color: #000000;\"><strong><span style=\"font-family: Arial;\">&#8211; Drainage de l&rsquo;eau;<\/span><\/strong><\/span><\/p>\n<p style=\"text-align: justify;\" align=\"left\"><span style=\"color: #000000;\"><strong><span style=\"font-family: Arial;\">&#8211; Ventilateur d&rsquo;extraction;<\/span><\/strong><\/span><\/p>\n<p style=\"text-align: justify;\" align=\"left\"><span style=\"color: #000000;\"><strong><span style=\"font-family: Arial;\">&#8211; Haut-parleurs;<\/span><\/strong><\/span><\/p>\n<p style=\"text-align: justify;\" align=\"left\"><span style=\"color: #000000;\"><strong><span style=\"font-family: Arial;\">&#8211; Verre tremp\u00e9 et teint\u00e9 de 6,5 mm anti-casse (command\u00e9 sp\u00e9cialement).<\/span><\/strong><\/span><\/p>\n<p style=\"text-align: justify;\" align=\"left\"><span style=\"color: #000000;\"><strong><span style=\"font-family: Arial;\">&#8211; Hydrojets le long de la colonne centrale.<\/span><\/strong><\/span><\/p>\n<p style=\"text-align: justify;\" align=\"left\">\n<p style=\"text-align: justify;\" align=\"left\">La baignoire a une profondeur interieur de 27 cm.<\/p>\n","protected":false},"excerpt":{"rendered":"<p>Cabine d&rsquo;hydromassage 90x90x210H multifonctions avec baignoire, panneau de commande \u00e0 \u00e9cran tactile<\/p>\n","protected":false},"featured_media":18858,"comment_status":"open","ping_status":"closed","template":"","meta":[],"product_brand":[5021],"product_cat":[10115],"product_tag":[],"class_list":{"0":"post-78346","1":"product","2":"type-product","3":"status-publish","4":"has-post-thumbnail","6":"product_brand-predator-arredo-casa","7":"product_cat-senza-categoria-fr","9":"first","10":"outofstock","11":"taxable","12":"shipping-taxable","13":"purchasable","14":"product-type-simple"},"exclude_global_add_ons":[],"addons":[],"yoast_head":"<!-- This site is optimized with the Yoast SEO plugin v26.7 - https:\/\/yoast.com\/wordpress\/plugins\/seo\/ -->\n<title>Cabine d&#039;hydromassage 90x90 multifonctions avec baignoire CB034<\/title>\n<meta name=\"description\" content=\"Baignoire d&#039;hydromassage de 90x90 cm avec baignoire, mod\u00e8le multifonction comprenant 6 jets d&#039;eau, ordinateur \u00e0 \u00e9cran tactile pour la commande radio, haut-parleur et haut-parleurs.\" \/>\n<meta name=\"robots\" content=\"index, follow, max-snippet:-1, max-image-preview:large, max-video-preview:-1\" \/>\n<link rel=\"canonical\" href=\"https:\/\/www.bagnoitalia.com\/fr\/produit\/cabine-d-39-hydromassage-90x90-avec-cabine-de-douche-polyvalente-cb034.html\" \/>\n<meta property=\"og:locale\" content=\"fr_FR\" \/>\n<meta property=\"og:type\" content=\"article\" \/>\n<meta property=\"og:title\" content=\"Cabine d&#039;hydromassage 90x90 multifonctions avec baignoire CB034\" \/>\n<meta property=\"og:description\" content=\"Baignoire d&#039;hydromassage de 90x90 cm avec baignoire, mod\u00e8le multifonction comprenant 6 jets d&#039;eau, ordinateur \u00e0 \u00e9cran tactile pour la commande radio, haut-parleur et haut-parleurs.\" \/>\n<meta property=\"og:url\" content=\"https:\/\/www.bagnoitalia.com\/fr\/produit\/cabine-d-39-hydromassage-90x90-avec-cabine-de-douche-polyvalente-cb034.html\" \/>\n<meta property=\"og:site_name\" content=\"Bagno Italia\" \/>\n<meta property=\"article:modified_time\" content=\"2025-02-28T13:40:31+00:00\" \/>\n<meta property=\"og:image\" content=\"https:\/\/img.bagnoitalia.com\/wp-content\/uploads\/virtuemart\/product\/Multifunctional-shower-cabin-CB034-1_1542879898_9274.jpg\" \/>\n\t<meta property=\"og:image:width\" content=\"402\" \/>\n\t<meta property=\"og:image:height\" content=\"402\" \/>\n\t<meta property=\"og:image:type\" content=\"image\/jpeg\" \/>\n<meta name=\"twitter:card\" content=\"summary_large_image\" \/>\n<meta name=\"twitter:label1\" content=\"Dur\u00e9e de lecture estim\u00e9e\" \/>\n\t<meta name=\"twitter:data1\" content=\"1 minute\" \/>\n<script type=\"application\/ld+json\" class=\"yoast-schema-graph\">{\"@context\":\"https:\/\/schema.org\",\"@graph\":[{\"@type\":\"WebPage\",\"@id\":\"https:\/\/www.bagnoitalia.com\/fr\/produit\/cabine-d-39-hydromassage-90x90-avec-cabine-de-douche-polyvalente-cb034.html\",\"url\":\"https:\/\/www.bagnoitalia.com\/fr\/produit\/cabine-d-39-hydromassage-90x90-avec-cabine-de-douche-polyvalente-cb034.html\",\"name\":\"Cabine d'hydromassage 90x90 multifonctions avec baignoire CB034\",\"isPartOf\":{\"@id\":\"https:\/\/www.bagnoitalia.com\/fr#website\"},\"primaryImageOfPage\":{\"@id\":\"https:\/\/www.bagnoitalia.com\/fr\/produit\/cabine-d-39-hydromassage-90x90-avec-cabine-de-douche-polyvalente-cb034.html#primaryimage\"},\"image\":{\"@id\":\"https:\/\/www.bagnoitalia.com\/fr\/produit\/cabine-d-39-hydromassage-90x90-avec-cabine-de-douche-polyvalente-cb034.html#primaryimage\"},\"thumbnailUrl\":\"https:\/\/img.bagnoitalia.com\/wp-content\/uploads\/virtuemart\/product\/Multifunctional-shower-cabin-CB034-1_1542879898_9274.jpg\",\"datePublished\":\"2013-04-29T14:15:10+00:00\",\"dateModified\":\"2025-02-28T13:40:31+00:00\",\"description\":\"Baignoire d&#39;hydromassage de 90x90 cm avec baignoire, mod\u00e8le multifonction comprenant 6 jets d&#39;eau, ordinateur \u00e0 \u00e9cran tactile pour la commande radio, haut-parleur et haut-parleurs.\",\"breadcrumb\":{\"@id\":\"https:\/\/www.bagnoitalia.com\/fr\/produit\/cabine-d-39-hydromassage-90x90-avec-cabine-de-douche-polyvalente-cb034.html#breadcrumb\"},\"inLanguage\":\"fr-FR\",\"potentialAction\":[{\"@type\":\"ReadAction\",\"target\":[\"https:\/\/www.bagnoitalia.com\/fr\/produit\/cabine-d-39-hydromassage-90x90-avec-cabine-de-douche-polyvalente-cb034.html\"]}]},{\"@type\":\"ImageObject\",\"inLanguage\":\"fr-FR\",\"@id\":\"https:\/\/www.bagnoitalia.com\/fr\/produit\/cabine-d-39-hydromassage-90x90-avec-cabine-de-douche-polyvalente-cb034.html#primaryimage\",\"url\":\"https:\/\/img.bagnoitalia.com\/wp-content\/uploads\/virtuemart\/product\/Multifunctional-shower-cabin-CB034-1_1542879898_9274.jpg\",\"contentUrl\":\"https:\/\/img.bagnoitalia.com\/wp-content\/uploads\/virtuemart\/product\/Multifunctional-shower-cabin-CB034-1_1542879898_9274.jpg\",\"width\":402,\"height\":402},{\"@type\":\"BreadcrumbList\",\"@id\":\"https:\/\/www.bagnoitalia.com\/fr\/produit\/cabine-d-39-hydromassage-90x90-avec-cabine-de-douche-polyvalente-cb034.html#breadcrumb\",\"itemListElement\":[{\"@type\":\"ListItem\",\"position\":1,\"name\":\"Home\",\"item\":\"https:\/\/www.bagnoitalia.com\/fr\"},{\"@type\":\"ListItem\",\"position\":2,\"name\":\"Produits\",\"item\":\"https:\/\/www.bagnoitalia.com\/fr\/shop\"},{\"@type\":\"ListItem\",\"position\":3,\"name\":\"Cabine d&#8217;hydromassage 90&#215;90 multifonctions avec baignoire CB034\"}]},{\"@type\":\"WebSite\",\"@id\":\"https:\/\/www.bagnoitalia.com\/fr#website\",\"url\":\"https:\/\/www.bagnoitalia.com\/fr\",\"name\":\"Bagno Italia\",\"description\":\"\",\"publisher\":{\"@id\":\"https:\/\/www.bagnoitalia.com\/fr#organization\"},\"potentialAction\":[{\"@type\":\"SearchAction\",\"target\":{\"@type\":\"EntryPoint\",\"urlTemplate\":\"https:\/\/www.bagnoitalia.com\/fr?s={search_term_string}\"},\"query-input\":{\"@type\":\"PropertyValueSpecification\",\"valueRequired\":true,\"valueName\":\"search_term_string\"}}],\"inLanguage\":\"fr-FR\"},{\"@type\":\"Organization\",\"@id\":\"https:\/\/www.bagnoitalia.com\/fr#organization\",\"name\":\"Bagno Italia\",\"url\":\"https:\/\/www.bagnoitalia.com\/fr\",\"logo\":{\"@type\":\"ImageObject\",\"inLanguage\":\"fr-FR\",\"@id\":\"https:\/\/www.bagnoitalia.com\/fr#\/schema\/logo\/image\/\",\"url\":\"https:\/\/img.bagnoitalia.com\/wp-content\/uploads\/logo-bagnoitalia.webp\",\"contentUrl\":\"https:\/\/img.bagnoitalia.com\/wp-content\/uploads\/logo-bagnoitalia.webp\",\"width\":400,\"height\":70,\"caption\":\"Bagno Italia\"},\"image\":{\"@id\":\"https:\/\/www.bagnoitalia.com\/fr#\/schema\/logo\/image\/\"}}]}<\/script>\n<!-- \/ Yoast SEO plugin. -->","yoast_head_json":{"title":"Cabine d'hydromassage 90x90 multifonctions avec baignoire CB034","description":"Baignoire d&#39;hydromassage de 90x90 cm avec baignoire, mod\u00e8le multifonction comprenant 6 jets d&#39;eau, ordinateur \u00e0 \u00e9cran tactile pour la commande radio, haut-parleur et haut-parleurs.","robots":{"index":"index","follow":"follow","max-snippet":"max-snippet:-1","max-image-preview":"max-image-preview:large","max-video-preview":"max-video-preview:-1"},"canonical":"https:\/\/www.bagnoitalia.com\/fr\/produit\/cabine-d-39-hydromassage-90x90-avec-cabine-de-douche-polyvalente-cb034.html","og_locale":"fr_FR","og_type":"article","og_title":"Cabine d'hydromassage 90x90 multifonctions avec baignoire CB034","og_description":"Baignoire d&#39;hydromassage de 90x90 cm avec baignoire, mod\u00e8le multifonction comprenant 6 jets d&#39;eau, ordinateur \u00e0 \u00e9cran tactile pour la commande radio, haut-parleur et haut-parleurs.","og_url":"https:\/\/www.bagnoitalia.com\/fr\/produit\/cabine-d-39-hydromassage-90x90-avec-cabine-de-douche-polyvalente-cb034.html","og_site_name":"Bagno Italia","article_modified_time":"2025-02-28T13:40:31+00:00","og_image":[{"width":402,"height":402,"url":"https:\/\/img.bagnoitalia.com\/wp-content\/uploads\/virtuemart\/product\/Multifunctional-shower-cabin-CB034-1_1542879898_9274.jpg","type":"image\/jpeg"}],"twitter_card":"summary_large_image","twitter_misc":{"Dur\u00e9e de lecture estim\u00e9e":"1 minute"},"schema":{"@context":"https:\/\/schema.org","@graph":[{"@type":"WebPage","@id":"https:\/\/www.bagnoitalia.com\/fr\/produit\/cabine-d-39-hydromassage-90x90-avec-cabine-de-douche-polyvalente-cb034.html","url":"https:\/\/www.bagnoitalia.com\/fr\/produit\/cabine-d-39-hydromassage-90x90-avec-cabine-de-douche-polyvalente-cb034.html","name":"Cabine d'hydromassage 90x90 multifonctions avec baignoire CB034","isPartOf":{"@id":"https:\/\/www.bagnoitalia.com\/fr#website"},"primaryImageOfPage":{"@id":"https:\/\/www.bagnoitalia.com\/fr\/produit\/cabine-d-39-hydromassage-90x90-avec-cabine-de-douche-polyvalente-cb034.html#primaryimage"},"image":{"@id":"https:\/\/www.bagnoitalia.com\/fr\/produit\/cabine-d-39-hydromassage-90x90-avec-cabine-de-douche-polyvalente-cb034.html#primaryimage"},"thumbnailUrl":"https:\/\/img.bagnoitalia.com\/wp-content\/uploads\/virtuemart\/product\/Multifunctional-shower-cabin-CB034-1_1542879898_9274.jpg","datePublished":"2013-04-29T14:15:10+00:00","dateModified":"2025-02-28T13:40:31+00:00","description":"Baignoire d&#39;hydromassage de 90x90 cm avec baignoire, mod\u00e8le multifonction comprenant 6 jets d&#39;eau, ordinateur \u00e0 \u00e9cran tactile pour la commande radio, haut-parleur et haut-parleurs.","breadcrumb":{"@id":"https:\/\/www.bagnoitalia.com\/fr\/produit\/cabine-d-39-hydromassage-90x90-avec-cabine-de-douche-polyvalente-cb034.html#breadcrumb"},"inLanguage":"fr-FR","potentialAction":[{"@type":"ReadAction","target":["https:\/\/www.bagnoitalia.com\/fr\/produit\/cabine-d-39-hydromassage-90x90-avec-cabine-de-douche-polyvalente-cb034.html"]}]},{"@type":"ImageObject","inLanguage":"fr-FR","@id":"https:\/\/www.bagnoitalia.com\/fr\/produit\/cabine-d-39-hydromassage-90x90-avec-cabine-de-douche-polyvalente-cb034.html#primaryimage","url":"https:\/\/img.bagnoitalia.com\/wp-content\/uploads\/virtuemart\/product\/Multifunctional-shower-cabin-CB034-1_1542879898_9274.jpg","contentUrl":"https:\/\/img.bagnoitalia.com\/wp-content\/uploads\/virtuemart\/product\/Multifunctional-shower-cabin-CB034-1_1542879898_9274.jpg","width":402,"height":402},{"@type":"BreadcrumbList","@id":"https:\/\/www.bagnoitalia.com\/fr\/produit\/cabine-d-39-hydromassage-90x90-avec-cabine-de-douche-polyvalente-cb034.html#breadcrumb","itemListElement":[{"@type":"ListItem","position":1,"name":"Home","item":"https:\/\/www.bagnoitalia.com\/fr"},{"@type":"ListItem","position":2,"name":"Produits","item":"https:\/\/www.bagnoitalia.com\/fr\/shop"},{"@type":"ListItem","position":3,"name":"Cabine d&#8217;hydromassage 90&#215;90 multifonctions avec baignoire CB034"}]},{"@type":"WebSite","@id":"https:\/\/www.bagnoitalia.com\/fr#website","url":"https:\/\/www.bagnoitalia.com\/fr","name":"Bagno Italia","description":"","publisher":{"@id":"https:\/\/www.bagnoitalia.com\/fr#organization"},"potentialAction":[{"@type":"SearchAction","target":{"@type":"EntryPoint","urlTemplate":"https:\/\/www.bagnoitalia.com\/fr?s={search_term_string}"},"query-input":{"@type":"PropertyValueSpecification","valueRequired":true,"valueName":"search_term_string"}}],"inLanguage":"fr-FR"},{"@type":"Organization","@id":"https:\/\/www.bagnoitalia.com\/fr#organization","name":"Bagno Italia","url":"https:\/\/www.bagnoitalia.com\/fr","logo":{"@type":"ImageObject","inLanguage":"fr-FR","@id":"https:\/\/www.bagnoitalia.com\/fr#\/schema\/logo\/image\/","url":"https:\/\/img.bagnoitalia.com\/wp-content\/uploads\/logo-bagnoitalia.webp","contentUrl":"https:\/\/img.bagnoitalia.com\/wp-content\/uploads\/logo-bagnoitalia.webp","width":400,"height":70,"caption":"Bagno Italia"},"image":{"@id":"https:\/\/www.bagnoitalia.com\/fr#\/schema\/logo\/image\/"}}]}},"_links":{"self":[{"href":"https:\/\/www.bagnoitalia.com\/fr\/wp-json\/wp\/v2\/product\/78346","targetHints":{"allow":["GET"]}}],"collection":[{"href":"https:\/\/www.bagnoitalia.com\/fr\/wp-json\/wp\/v2\/product"}],"about":[{"href":"https:\/\/www.bagnoitalia.com\/fr\/wp-json\/wp\/v2\/types\/product"}],"replies":[{"embeddable":true,"href":"https:\/\/www.bagnoitalia.com\/fr\/wp-json\/wp\/v2\/comments?post=78346"}],"version-history":[{"count":0,"href":"https:\/\/www.bagnoitalia.com\/fr\/wp-json\/wp\/v2\/product\/78346\/revisions"}],"wp:featuredmedia":[{"embeddable":true,"href":"https:\/\/www.bagnoitalia.com\/fr\/wp-json\/wp\/v2\/media\/18858"}],"wp:attachment":[{"href":"https:\/\/www.bagnoitalia.com\/fr\/wp-json\/wp\/v2\/media?parent=78346"}],"wp:term":[{"taxonomy":"product_brand","embeddable":true,"href":"https:\/\/www.bagnoitalia.com\/fr\/wp-json\/wp\/v2\/product_brand?post=78346"},{"taxonomy":"product_cat","embeddable":true,"href":"https:\/\/www.bagnoitalia.com\/fr\/wp-json\/wp\/v2\/product_cat?post=78346"},{"taxonomy":"product_tag","embeddable":true,"href":"https:\/\/www.bagnoitalia.com\/fr\/wp-json\/wp\/v2\/product_tag?post=78346"}],"curies":[{"name":"wp","href":"https:\/\/api.w.org\/{rel}","templated":true}]}}