{"id":78342,"date":"2013-04-26T05:09:09","date_gmt":"2013-04-26T03:09:09","guid":{"rendered":"https:\/\/www.bagnoitalia.com\/product\/spa-150x150-avec-deux-marches-14-jets-super-equipes-en-abs-vs036"},"modified":"2024-05-10T23:00:24","modified_gmt":"2024-05-10T21:00:24","slug":"spa-150x150-avec-deux-marches-14-jets-super-equipes-en-abs-vs036","status":"publish","type":"product","link":"https:\/\/www.bagnoitalia.com\/fr\/produit\/spa-150x150-avec-deux-marches-14-jets-super-equipes-en-abs-vs036.html","title":{"rendered":"Baignoire d&rsquo;hydromassage d&rsquo;angle 150&#215;150 cm, avec 14 jets d&rsquo;air et d&rsquo;eau, radio et chromoth\u00e9rapie VS036"},"content":{"rendered":"<p><strong>Baignoire baln\u00e9o d&rsquo;angle VS036<\/strong><\/p>\n<p>&nbsp;<\/p>\n<p>CARACT\u00c9RISTIQUES DU PRODUIT<\/p>\n<p>Baignoire baln\u00e9o d&rsquo;angle, 150x150xH68 cm<\/p>\n<p>Complet avec 14 jets : 5 gros jets d&rsquo;eau lat\u00e9raux, 1 petit jet d&rsquo;eau et 8 petits jets d&rsquo;air (positionn\u00e9s au fond de la baignoire)<\/p>\n<p>Double pompe, air et eau<\/p>\n<p>Lumi\u00e8re pour la chromoth\u00e9rapie<\/p>\n<p>radio FM<\/p>\n<p>Double pas<\/p>\n<p>Robinetterie compl\u00e8te avec douchette et mitigeur avec jet cascade<\/p>\n<p>2 appuis-t\u00eate<\/p>\n<p>Panneau de contr\u00f4le<\/p>\n<p>Poign\u00e9e lat\u00e9rale<\/p>\n<p>\u00c9conomiseur de vie \u00e9lectrique<\/p>\n<p>PLUS DE D\u00c9TAILS<\/p>\n<p>Pompe \u00e0 air 0,25 CV<\/p>\n<p>Pompe \u00e0 eau 1,5 CV<\/p>\n<p>r\u00e9servoir en ABS renforc\u00e9<\/p>\n<p>&nbsp;<\/p>\n<p>&nbsp;<\/p>\n<p>NB : la mini-TV visible sur la 1\u00e8re photo n&rsquo;est PAS incluse dans l&rsquo;offre<\/p>\n","protected":false},"excerpt":{"rendered":"<p>Baignoire baln\u00e9o d&rsquo;angle 150&#215;150 cm, avec deux marches et deux appuis-t\u00eate. Double pompe, tourbillon et airpool. Spot LED pour chromoth\u00e9rapie.<\/p>\n","protected":false},"featured_media":18830,"comment_status":"open","ping_status":"closed","template":"","meta":[],"product_brand":[9924],"product_cat":[9707,9743],"product_tag":[],"class_list":{"0":"post-78342","1":"product","2":"type-product","3":"status-publish","4":"has-post-thumbnail","6":"product_brand-predator-arredo-casa-fr","7":"product_cat-baignoire-balneo","8":"product_cat-piscines-d-39-hydromassage","10":"first","11":"instock","12":"sale","13":"taxable","14":"shipping-taxable","15":"purchasable","16":"product-type-simple"},"exclude_global_add_ons":[],"addons":[],"yoast_head":"<!-- This site is optimized with the Yoast SEO plugin v26.7 - https:\/\/yoast.com\/wordpress\/plugins\/seo\/ -->\n<title>Baignoire d&#039;hydromassage d&#039;angle 150x150 cm, avec 14 jets d&#039;air et d&#039;eau, radio et chromoth\u00e9rapie VS036<\/title>\n<meta name=\"description\" content=\"Baignoire baln\u00e9o d&#039;angle 150x150 cm, avec deux marches et deux appuis-t\u00eate. Double pompe, tourbillon et airpool. Spot LED pour chromoth\u00e9rapie.&#013;&#010;\" \/>\n<meta name=\"robots\" content=\"index, follow, max-snippet:-1, max-image-preview:large, max-video-preview:-1\" \/>\n<link rel=\"canonical\" href=\"https:\/\/www.bagnoitalia.com\/fr\/produit\/spa-150x150-avec-deux-marches-14-jets-super-equipes-en-abs-vs036.html\" \/>\n<meta property=\"og:locale\" content=\"fr_FR\" \/>\n<meta property=\"og:type\" content=\"article\" \/>\n<meta property=\"og:title\" content=\"Baignoire d&#039;hydromassage d&#039;angle 150x150 cm, avec 14 jets d&#039;air et d&#039;eau, radio et chromoth\u00e9rapie VS036\" \/>\n<meta property=\"og:description\" content=\"Baignoire baln\u00e9o d&#039;angle 150x150 cm, avec deux marches et deux appuis-t\u00eate. Double pompe, tourbillon et airpool. Spot LED pour chromoth\u00e9rapie.&#013;&#010;\" \/>\n<meta property=\"og:url\" content=\"https:\/\/www.bagnoitalia.com\/fr\/produit\/spa-150x150-avec-deux-marches-14-jets-super-equipes-en-abs-vs036.html\" \/>\n<meta property=\"og:site_name\" content=\"Bagno Italia\" \/>\n<meta property=\"article:modified_time\" content=\"2024-05-10T21:00:24+00:00\" \/>\n<meta property=\"og:image\" content=\"https:\/\/img.bagnoitalia.com\/wp-content\/uploads\/virtuemart\/product\/vasca-idromassaggio-150x150-cm-whirlpool-airpool.jpg\" \/>\n\t<meta property=\"og:image:width\" content=\"550\" \/>\n\t<meta property=\"og:image:height\" content=\"550\" \/>\n\t<meta property=\"og:image:type\" content=\"image\/jpeg\" \/>\n<meta name=\"twitter:card\" content=\"summary_large_image\" \/>\n<meta name=\"twitter:label1\" content=\"Dur\u00e9e de lecture estim\u00e9e\" \/>\n\t<meta name=\"twitter:data1\" content=\"1 minute\" \/>\n<script type=\"application\/ld+json\" class=\"yoast-schema-graph\">{\"@context\":\"https:\/\/schema.org\",\"@graph\":[{\"@type\":\"WebPage\",\"@id\":\"https:\/\/www.bagnoitalia.com\/fr\/produit\/spa-150x150-avec-deux-marches-14-jets-super-equipes-en-abs-vs036.html\",\"url\":\"https:\/\/www.bagnoitalia.com\/fr\/produit\/spa-150x150-avec-deux-marches-14-jets-super-equipes-en-abs-vs036.html\",\"name\":\"Baignoire d'hydromassage d'angle 150x150 cm, avec 14 jets d'air et d'eau, radio et chromoth\u00e9rapie VS036\",\"isPartOf\":{\"@id\":\"https:\/\/www.bagnoitalia.com\/fr#website\"},\"primaryImageOfPage\":{\"@id\":\"https:\/\/www.bagnoitalia.com\/fr\/produit\/spa-150x150-avec-deux-marches-14-jets-super-equipes-en-abs-vs036.html#primaryimage\"},\"image\":{\"@id\":\"https:\/\/www.bagnoitalia.com\/fr\/produit\/spa-150x150-avec-deux-marches-14-jets-super-equipes-en-abs-vs036.html#primaryimage\"},\"thumbnailUrl\":\"https:\/\/img.bagnoitalia.com\/wp-content\/uploads\/virtuemart\/product\/vasca-idromassaggio-150x150-cm-whirlpool-airpool.jpg\",\"datePublished\":\"2013-04-26T03:09:09+00:00\",\"dateModified\":\"2024-05-10T21:00:24+00:00\",\"description\":\"Baignoire baln\u00e9o d&#39;angle 150x150 cm, avec deux marches et deux appuis-t\u00eate. Double pompe, tourbillon et airpool. Spot LED pour chromoth\u00e9rapie.&#13;&#10;\",\"breadcrumb\":{\"@id\":\"https:\/\/www.bagnoitalia.com\/fr\/produit\/spa-150x150-avec-deux-marches-14-jets-super-equipes-en-abs-vs036.html#breadcrumb\"},\"inLanguage\":\"fr-FR\",\"potentialAction\":[{\"@type\":\"ReadAction\",\"target\":[\"https:\/\/www.bagnoitalia.com\/fr\/produit\/spa-150x150-avec-deux-marches-14-jets-super-equipes-en-abs-vs036.html\"]}]},{\"@type\":\"ImageObject\",\"inLanguage\":\"fr-FR\",\"@id\":\"https:\/\/www.bagnoitalia.com\/fr\/produit\/spa-150x150-avec-deux-marches-14-jets-super-equipes-en-abs-vs036.html#primaryimage\",\"url\":\"https:\/\/img.bagnoitalia.com\/wp-content\/uploads\/virtuemart\/product\/vasca-idromassaggio-150x150-cm-whirlpool-airpool.jpg\",\"contentUrl\":\"https:\/\/img.bagnoitalia.com\/wp-content\/uploads\/virtuemart\/product\/vasca-idromassaggio-150x150-cm-whirlpool-airpool.jpg\",\"width\":550,\"height\":550},{\"@type\":\"BreadcrumbList\",\"@id\":\"https:\/\/www.bagnoitalia.com\/fr\/produit\/spa-150x150-avec-deux-marches-14-jets-super-equipes-en-abs-vs036.html#breadcrumb\",\"itemListElement\":[{\"@type\":\"ListItem\",\"position\":1,\"name\":\"Home\",\"item\":\"https:\/\/www.bagnoitalia.com\/fr\"},{\"@type\":\"ListItem\",\"position\":2,\"name\":\"Produits\",\"item\":\"https:\/\/www.bagnoitalia.com\/fr\/shop\"},{\"@type\":\"ListItem\",\"position\":3,\"name\":\"Baignoire d&#8217;hydromassage d&#8217;angle 150&#215;150 cm, avec 14 jets d&#8217;air et d&#8217;eau, radio et chromoth\u00e9rapie VS036\"}]},{\"@type\":\"WebSite\",\"@id\":\"https:\/\/www.bagnoitalia.com\/fr#website\",\"url\":\"https:\/\/www.bagnoitalia.com\/fr\",\"name\":\"Bagno Italia\",\"description\":\"\",\"publisher\":{\"@id\":\"https:\/\/www.bagnoitalia.com\/fr#organization\"},\"potentialAction\":[{\"@type\":\"SearchAction\",\"target\":{\"@type\":\"EntryPoint\",\"urlTemplate\":\"https:\/\/www.bagnoitalia.com\/fr?s={search_term_string}\"},\"query-input\":{\"@type\":\"PropertyValueSpecification\",\"valueRequired\":true,\"valueName\":\"search_term_string\"}}],\"inLanguage\":\"fr-FR\"},{\"@type\":\"Organization\",\"@id\":\"https:\/\/www.bagnoitalia.com\/fr#organization\",\"name\":\"Bagno Italia\",\"url\":\"https:\/\/www.bagnoitalia.com\/fr\",\"logo\":{\"@type\":\"ImageObject\",\"inLanguage\":\"fr-FR\",\"@id\":\"https:\/\/www.bagnoitalia.com\/fr#\/schema\/logo\/image\/\",\"url\":\"https:\/\/img.bagnoitalia.com\/wp-content\/uploads\/logo-bagnoitalia.webp\",\"contentUrl\":\"https:\/\/img.bagnoitalia.com\/wp-content\/uploads\/logo-bagnoitalia.webp\",\"width\":400,\"height\":70,\"caption\":\"Bagno Italia\"},\"image\":{\"@id\":\"https:\/\/www.bagnoitalia.com\/fr#\/schema\/logo\/image\/\"}}]}<\/script>\n<!-- \/ Yoast SEO plugin. -->","yoast_head_json":{"title":"Baignoire d'hydromassage d'angle 150x150 cm, avec 14 jets d'air et d'eau, radio et chromoth\u00e9rapie VS036","description":"Baignoire baln\u00e9o d&#39;angle 150x150 cm, avec deux marches et deux appuis-t\u00eate. Double pompe, tourbillon et airpool. Spot LED pour chromoth\u00e9rapie.&#13;&#10;","robots":{"index":"index","follow":"follow","max-snippet":"max-snippet:-1","max-image-preview":"max-image-preview:large","max-video-preview":"max-video-preview:-1"},"canonical":"https:\/\/www.bagnoitalia.com\/fr\/produit\/spa-150x150-avec-deux-marches-14-jets-super-equipes-en-abs-vs036.html","og_locale":"fr_FR","og_type":"article","og_title":"Baignoire d'hydromassage d'angle 150x150 cm, avec 14 jets d'air et d'eau, radio et chromoth\u00e9rapie VS036","og_description":"Baignoire baln\u00e9o d&#39;angle 150x150 cm, avec deux marches et deux appuis-t\u00eate. Double pompe, tourbillon et airpool. Spot LED pour chromoth\u00e9rapie.&#13;&#10;","og_url":"https:\/\/www.bagnoitalia.com\/fr\/produit\/spa-150x150-avec-deux-marches-14-jets-super-equipes-en-abs-vs036.html","og_site_name":"Bagno Italia","article_modified_time":"2024-05-10T21:00:24+00:00","og_image":[{"width":550,"height":550,"url":"https:\/\/img.bagnoitalia.com\/wp-content\/uploads\/virtuemart\/product\/vasca-idromassaggio-150x150-cm-whirlpool-airpool.jpg","type":"image\/jpeg"}],"twitter_card":"summary_large_image","twitter_misc":{"Dur\u00e9e de lecture estim\u00e9e":"1 minute"},"schema":{"@context":"https:\/\/schema.org","@graph":[{"@type":"WebPage","@id":"https:\/\/www.bagnoitalia.com\/fr\/produit\/spa-150x150-avec-deux-marches-14-jets-super-equipes-en-abs-vs036.html","url":"https:\/\/www.bagnoitalia.com\/fr\/produit\/spa-150x150-avec-deux-marches-14-jets-super-equipes-en-abs-vs036.html","name":"Baignoire d'hydromassage d'angle 150x150 cm, avec 14 jets d'air et d'eau, radio et chromoth\u00e9rapie VS036","isPartOf":{"@id":"https:\/\/www.bagnoitalia.com\/fr#website"},"primaryImageOfPage":{"@id":"https:\/\/www.bagnoitalia.com\/fr\/produit\/spa-150x150-avec-deux-marches-14-jets-super-equipes-en-abs-vs036.html#primaryimage"},"image":{"@id":"https:\/\/www.bagnoitalia.com\/fr\/produit\/spa-150x150-avec-deux-marches-14-jets-super-equipes-en-abs-vs036.html#primaryimage"},"thumbnailUrl":"https:\/\/img.bagnoitalia.com\/wp-content\/uploads\/virtuemart\/product\/vasca-idromassaggio-150x150-cm-whirlpool-airpool.jpg","datePublished":"2013-04-26T03:09:09+00:00","dateModified":"2024-05-10T21:00:24+00:00","description":"Baignoire baln\u00e9o d&#39;angle 150x150 cm, avec deux marches et deux appuis-t\u00eate. Double pompe, tourbillon et airpool. Spot LED pour chromoth\u00e9rapie.&#13;&#10;","breadcrumb":{"@id":"https:\/\/www.bagnoitalia.com\/fr\/produit\/spa-150x150-avec-deux-marches-14-jets-super-equipes-en-abs-vs036.html#breadcrumb"},"inLanguage":"fr-FR","potentialAction":[{"@type":"ReadAction","target":["https:\/\/www.bagnoitalia.com\/fr\/produit\/spa-150x150-avec-deux-marches-14-jets-super-equipes-en-abs-vs036.html"]}]},{"@type":"ImageObject","inLanguage":"fr-FR","@id":"https:\/\/www.bagnoitalia.com\/fr\/produit\/spa-150x150-avec-deux-marches-14-jets-super-equipes-en-abs-vs036.html#primaryimage","url":"https:\/\/img.bagnoitalia.com\/wp-content\/uploads\/virtuemart\/product\/vasca-idromassaggio-150x150-cm-whirlpool-airpool.jpg","contentUrl":"https:\/\/img.bagnoitalia.com\/wp-content\/uploads\/virtuemart\/product\/vasca-idromassaggio-150x150-cm-whirlpool-airpool.jpg","width":550,"height":550},{"@type":"BreadcrumbList","@id":"https:\/\/www.bagnoitalia.com\/fr\/produit\/spa-150x150-avec-deux-marches-14-jets-super-equipes-en-abs-vs036.html#breadcrumb","itemListElement":[{"@type":"ListItem","position":1,"name":"Home","item":"https:\/\/www.bagnoitalia.com\/fr"},{"@type":"ListItem","position":2,"name":"Produits","item":"https:\/\/www.bagnoitalia.com\/fr\/shop"},{"@type":"ListItem","position":3,"name":"Baignoire d&#8217;hydromassage d&#8217;angle 150&#215;150 cm, avec 14 jets d&#8217;air et d&#8217;eau, radio et chromoth\u00e9rapie VS036"}]},{"@type":"WebSite","@id":"https:\/\/www.bagnoitalia.com\/fr#website","url":"https:\/\/www.bagnoitalia.com\/fr","name":"Bagno Italia","description":"","publisher":{"@id":"https:\/\/www.bagnoitalia.com\/fr#organization"},"potentialAction":[{"@type":"SearchAction","target":{"@type":"EntryPoint","urlTemplate":"https:\/\/www.bagnoitalia.com\/fr?s={search_term_string}"},"query-input":{"@type":"PropertyValueSpecification","valueRequired":true,"valueName":"search_term_string"}}],"inLanguage":"fr-FR"},{"@type":"Organization","@id":"https:\/\/www.bagnoitalia.com\/fr#organization","name":"Bagno Italia","url":"https:\/\/www.bagnoitalia.com\/fr","logo":{"@type":"ImageObject","inLanguage":"fr-FR","@id":"https:\/\/www.bagnoitalia.com\/fr#\/schema\/logo\/image\/","url":"https:\/\/img.bagnoitalia.com\/wp-content\/uploads\/logo-bagnoitalia.webp","contentUrl":"https:\/\/img.bagnoitalia.com\/wp-content\/uploads\/logo-bagnoitalia.webp","width":400,"height":70,"caption":"Bagno Italia"},"image":{"@id":"https:\/\/www.bagnoitalia.com\/fr#\/schema\/logo\/image\/"}}]}},"_links":{"self":[{"href":"https:\/\/www.bagnoitalia.com\/fr\/wp-json\/wp\/v2\/product\/78342","targetHints":{"allow":["GET"]}}],"collection":[{"href":"https:\/\/www.bagnoitalia.com\/fr\/wp-json\/wp\/v2\/product"}],"about":[{"href":"https:\/\/www.bagnoitalia.com\/fr\/wp-json\/wp\/v2\/types\/product"}],"replies":[{"embeddable":true,"href":"https:\/\/www.bagnoitalia.com\/fr\/wp-json\/wp\/v2\/comments?post=78342"}],"version-history":[{"count":0,"href":"https:\/\/www.bagnoitalia.com\/fr\/wp-json\/wp\/v2\/product\/78342\/revisions"}],"wp:featuredmedia":[{"embeddable":true,"href":"https:\/\/www.bagnoitalia.com\/fr\/wp-json\/wp\/v2\/media\/18830"}],"wp:attachment":[{"href":"https:\/\/www.bagnoitalia.com\/fr\/wp-json\/wp\/v2\/media?parent=78342"}],"wp:term":[{"taxonomy":"product_brand","embeddable":true,"href":"https:\/\/www.bagnoitalia.com\/fr\/wp-json\/wp\/v2\/product_brand?post=78342"},{"taxonomy":"product_cat","embeddable":true,"href":"https:\/\/www.bagnoitalia.com\/fr\/wp-json\/wp\/v2\/product_cat?post=78342"},{"taxonomy":"product_tag","embeddable":true,"href":"https:\/\/www.bagnoitalia.com\/fr\/wp-json\/wp\/v2\/product_tag?post=78342"}],"curies":[{"name":"wp","href":"https:\/\/api.w.org\/{rel}","templated":true}]}}