{"id":78298,"date":"2013-04-10T15:14:51","date_gmt":"2013-04-10T13:14:51","guid":{"rendered":"https:\/\/www.bagnoitalia.com\/product\/spa-170x78-pour-une-personne-avec-melangeur-vs027"},"modified":"2024-05-11T00:17:32","modified_gmt":"2024-05-10T22:17:32","slug":"spa-170x78-pour-une-personne-avec-melangeur-vs027","status":"publish","type":"product","link":"https:\/\/www.bagnoitalia.com\/fr\/produit\/spa-170x78-pour-une-personne-avec-melangeur-vs027.html","title":{"rendered":"Baignoire \u00e0 remous 170&#215;78 pour une personne avec mitigeur VS027"},"content":{"rendered":"<p>Baignoire Spa 170&#215;78 en ABS renforc\u00e9, pour une personne avec 8 jets (5 grands jets r\u00e9glables, 3 petits jets),<\/p>\n<p>Le mitigeur, l&rsquo;appuie-t\u00eate, le siphon et le drain sont inclus dans le prix.<\/p>\n<p>Capacit\u00e9: 320 litres &#8211; Dimensions interierus: L146xH44xP60 cm<\/p>\n<table>\n<tbody>\n<tr>\n<td>\n<p>MAT\u00c9RIAU<\/p>\n<\/td>\n<td align=\"center\">\n<p>5mm d&rsquo;acrylique et ABS renforc\u00e9 avec 3 couches de fibre de verre<\/p>\n<\/td>\n<\/tr>\n<tr>\n<td>\n<p>POMPE D&rsquo;HYDROMASSAGE (750W 1 HP)<\/p>\n<\/td>\n<td align=\"center\">\n<p>1<\/p>\n<\/td>\n<\/tr>\n<tr>\n<td>\n<p>ROBINETS<\/p>\n<\/td>\n<td align=\"center\">\n<p>COMPRIS<\/p>\n<\/td>\n<\/tr>\n<tr>\n<td>\n<p>INTERRUPTEUR ON \/ OFF EN CUIVRE<\/p>\n<\/td>\n<td align=\"center\">\n<p>1<\/p>\n<\/td>\n<\/tr>\n<tr>\n<td>\n<p>MITIGEUR EN CUIVRE<\/p>\n<\/td>\n<td align=\"center\">\n<p>1<\/p>\n<\/td>\n<\/tr>\n<tr>\n<td>\n<p>REGULATEUR DE D<strong>\u00c9<\/strong>BIT D&rsquo;AIR<\/p>\n<\/td>\n<td align=\"center\">\n<p>1<\/p>\n<\/td>\n<\/tr>\n<tr>\n<td>\n<p>SI\u00c8GES<\/p>\n<\/td>\n<td align=\"center\">\n<p>1<\/p>\n<\/td>\n<\/tr>\n<tr>\n<td>\n<p>GRANDS JETS R\u00c9GLABLES<\/p>\n<\/td>\n<td align=\"center\">\n<p>5<\/p>\n<\/td>\n<\/tr>\n<tr>\n<td>\n<p>PETITS JETS<\/p>\n<\/td>\n<td align=\"center\">\n<p>3<\/p>\n<\/td>\n<\/tr>\n<tr>\n<td>\n<p>APPUIE T\u00caTE EN PVC<\/p>\n<\/td>\n<td align=\"center\">\n<p>1<\/p>\n<\/td>\n<\/tr>\n<tr>\n<td>\n<p>POIDS A\u2019 VIDE<\/p>\n<\/td>\n<td align=\"center\">\n<p>65 kg<\/p>\n<\/td>\n<\/tr>\n<tr>\n<td>\n<p>CERTIFICATION<\/p>\n<\/td>\n<td align=\"center\">\n<p>CE, ROHS, ISO9001, CQC, CCC<\/p>\n<\/td>\n<\/tr>\n<tr>\n<td>\n<p>DUR\u00c9E DE GARANTIE<\/p>\n<\/td>\n<td align=\"center\">\n<p>2 ANS<\/p>\n<\/td>\n<\/tr>\n<\/tbody>\n<\/table>\n","protected":false},"excerpt":{"rendered":"<p>Baignoire \u00e0 remous \u00e0 8 jets, 170&#215;78 pour une personne avec mitigeur.<\/p>\n","protected":false},"featured_media":18590,"comment_status":"open","ping_status":"closed","template":"","meta":[],"product_brand":[9909],"product_cat":[9707,9743],"product_tag":[],"class_list":{"0":"post-78298","1":"product","2":"type-product","3":"status-publish","4":"has-post-thumbnail","6":"product_brand-puntorelax-fr","7":"product_cat-baignoire-balneo","8":"product_cat-piscines-d-39-hydromassage","10":"first","11":"instock","12":"sale","13":"taxable","14":"shipping-taxable","15":"purchasable","16":"product-type-simple"},"exclude_global_add_ons":[],"addons":[],"yoast_head":"<!-- This site is optimized with the Yoast SEO plugin v26.7 - https:\/\/yoast.com\/wordpress\/plugins\/seo\/ -->\n<title>Baignoire \u00e0 remous 170x78 pour une personne avec mitigeur VS027<\/title>\n<meta name=\"description\" content=\"Spa 170x78 cm pour une personne, avec m\u00e9langeur en cuivre, pompe baln\u00e9o 1HP, avec 8 jets d&#039;eau.\" \/>\n<meta name=\"robots\" content=\"index, follow, max-snippet:-1, max-image-preview:large, max-video-preview:-1\" \/>\n<link rel=\"canonical\" href=\"https:\/\/www.bagnoitalia.com\/fr\/produit\/spa-170x78-pour-une-personne-avec-melangeur-vs027.html\" \/>\n<meta property=\"og:locale\" content=\"fr_FR\" \/>\n<meta property=\"og:type\" content=\"article\" \/>\n<meta property=\"og:title\" content=\"Baignoire \u00e0 remous 170x78 pour une personne avec mitigeur VS027\" \/>\n<meta property=\"og:description\" content=\"Spa 170x78 cm pour une personne, avec m\u00e9langeur en cuivre, pompe baln\u00e9o 1HP, avec 8 jets d&#039;eau.\" \/>\n<meta property=\"og:url\" content=\"https:\/\/www.bagnoitalia.com\/fr\/produit\/spa-170x78-pour-une-personne-avec-melangeur-vs027.html\" \/>\n<meta property=\"og:site_name\" content=\"Bagno Italia\" \/>\n<meta property=\"article:modified_time\" content=\"2024-05-10T22:17:32+00:00\" \/>\n<meta property=\"og:image\" content=\"https:\/\/img.bagnoitalia.com\/wp-content\/uploads\/virtuemart\/product\/One-person-Jacuzzi-170x78-VS027-1_1542042327_251.jpg\" \/>\n\t<meta property=\"og:image:width\" content=\"471\" \/>\n\t<meta property=\"og:image:height\" content=\"471\" \/>\n\t<meta property=\"og:image:type\" content=\"image\/jpeg\" \/>\n<meta name=\"twitter:card\" content=\"summary_large_image\" \/>\n<meta name=\"twitter:label1\" content=\"Dur\u00e9e de lecture estim\u00e9e\" \/>\n\t<meta name=\"twitter:data1\" content=\"1 minute\" \/>\n<script type=\"application\/ld+json\" class=\"yoast-schema-graph\">{\"@context\":\"https:\/\/schema.org\",\"@graph\":[{\"@type\":\"WebPage\",\"@id\":\"https:\/\/www.bagnoitalia.com\/fr\/produit\/spa-170x78-pour-une-personne-avec-melangeur-vs027.html\",\"url\":\"https:\/\/www.bagnoitalia.com\/fr\/produit\/spa-170x78-pour-une-personne-avec-melangeur-vs027.html\",\"name\":\"Baignoire \u00e0 remous 170x78 pour une personne avec mitigeur VS027\",\"isPartOf\":{\"@id\":\"https:\/\/www.bagnoitalia.com\/fr#website\"},\"primaryImageOfPage\":{\"@id\":\"https:\/\/www.bagnoitalia.com\/fr\/produit\/spa-170x78-pour-une-personne-avec-melangeur-vs027.html#primaryimage\"},\"image\":{\"@id\":\"https:\/\/www.bagnoitalia.com\/fr\/produit\/spa-170x78-pour-une-personne-avec-melangeur-vs027.html#primaryimage\"},\"thumbnailUrl\":\"https:\/\/img.bagnoitalia.com\/wp-content\/uploads\/virtuemart\/product\/One-person-Jacuzzi-170x78-VS027-1_1542042327_251.jpg\",\"datePublished\":\"2013-04-10T13:14:51+00:00\",\"dateModified\":\"2024-05-10T22:17:32+00:00\",\"description\":\"Spa 170x78 cm pour une personne, avec m\u00e9langeur en cuivre, pompe baln\u00e9o 1HP, avec 8 jets d&#39;eau.\",\"breadcrumb\":{\"@id\":\"https:\/\/www.bagnoitalia.com\/fr\/produit\/spa-170x78-pour-une-personne-avec-melangeur-vs027.html#breadcrumb\"},\"inLanguage\":\"fr-FR\",\"potentialAction\":[{\"@type\":\"ReadAction\",\"target\":[\"https:\/\/www.bagnoitalia.com\/fr\/produit\/spa-170x78-pour-une-personne-avec-melangeur-vs027.html\"]}]},{\"@type\":\"ImageObject\",\"inLanguage\":\"fr-FR\",\"@id\":\"https:\/\/www.bagnoitalia.com\/fr\/produit\/spa-170x78-pour-une-personne-avec-melangeur-vs027.html#primaryimage\",\"url\":\"https:\/\/img.bagnoitalia.com\/wp-content\/uploads\/virtuemart\/product\/One-person-Jacuzzi-170x78-VS027-1_1542042327_251.jpg\",\"contentUrl\":\"https:\/\/img.bagnoitalia.com\/wp-content\/uploads\/virtuemart\/product\/One-person-Jacuzzi-170x78-VS027-1_1542042327_251.jpg\",\"width\":471,\"height\":471},{\"@type\":\"BreadcrumbList\",\"@id\":\"https:\/\/www.bagnoitalia.com\/fr\/produit\/spa-170x78-pour-une-personne-avec-melangeur-vs027.html#breadcrumb\",\"itemListElement\":[{\"@type\":\"ListItem\",\"position\":1,\"name\":\"Home\",\"item\":\"https:\/\/www.bagnoitalia.com\/fr\"},{\"@type\":\"ListItem\",\"position\":2,\"name\":\"Produits\",\"item\":\"https:\/\/www.bagnoitalia.com\/fr\/shop\"},{\"@type\":\"ListItem\",\"position\":3,\"name\":\"Baignoire \u00e0 remous 170&#215;78 pour une personne avec mitigeur VS027\"}]},{\"@type\":\"WebSite\",\"@id\":\"https:\/\/www.bagnoitalia.com\/fr#website\",\"url\":\"https:\/\/www.bagnoitalia.com\/fr\",\"name\":\"Bagno Italia\",\"description\":\"\",\"publisher\":{\"@id\":\"https:\/\/www.bagnoitalia.com\/fr#organization\"},\"potentialAction\":[{\"@type\":\"SearchAction\",\"target\":{\"@type\":\"EntryPoint\",\"urlTemplate\":\"https:\/\/www.bagnoitalia.com\/fr?s={search_term_string}\"},\"query-input\":{\"@type\":\"PropertyValueSpecification\",\"valueRequired\":true,\"valueName\":\"search_term_string\"}}],\"inLanguage\":\"fr-FR\"},{\"@type\":\"Organization\",\"@id\":\"https:\/\/www.bagnoitalia.com\/fr#organization\",\"name\":\"Bagno Italia\",\"url\":\"https:\/\/www.bagnoitalia.com\/fr\",\"logo\":{\"@type\":\"ImageObject\",\"inLanguage\":\"fr-FR\",\"@id\":\"https:\/\/www.bagnoitalia.com\/fr#\/schema\/logo\/image\/\",\"url\":\"https:\/\/img.bagnoitalia.com\/wp-content\/uploads\/logo-bagnoitalia.webp\",\"contentUrl\":\"https:\/\/img.bagnoitalia.com\/wp-content\/uploads\/logo-bagnoitalia.webp\",\"width\":400,\"height\":70,\"caption\":\"Bagno Italia\"},\"image\":{\"@id\":\"https:\/\/www.bagnoitalia.com\/fr#\/schema\/logo\/image\/\"}}]}<\/script>\n<!-- \/ Yoast SEO plugin. -->","yoast_head_json":{"title":"Baignoire \u00e0 remous 170x78 pour une personne avec mitigeur VS027","description":"Spa 170x78 cm pour une personne, avec m\u00e9langeur en cuivre, pompe baln\u00e9o 1HP, avec 8 jets d&#39;eau.","robots":{"index":"index","follow":"follow","max-snippet":"max-snippet:-1","max-image-preview":"max-image-preview:large","max-video-preview":"max-video-preview:-1"},"canonical":"https:\/\/www.bagnoitalia.com\/fr\/produit\/spa-170x78-pour-une-personne-avec-melangeur-vs027.html","og_locale":"fr_FR","og_type":"article","og_title":"Baignoire \u00e0 remous 170x78 pour une personne avec mitigeur VS027","og_description":"Spa 170x78 cm pour une personne, avec m\u00e9langeur en cuivre, pompe baln\u00e9o 1HP, avec 8 jets d&#39;eau.","og_url":"https:\/\/www.bagnoitalia.com\/fr\/produit\/spa-170x78-pour-une-personne-avec-melangeur-vs027.html","og_site_name":"Bagno Italia","article_modified_time":"2024-05-10T22:17:32+00:00","og_image":[{"width":471,"height":471,"url":"https:\/\/img.bagnoitalia.com\/wp-content\/uploads\/virtuemart\/product\/One-person-Jacuzzi-170x78-VS027-1_1542042327_251.jpg","type":"image\/jpeg"}],"twitter_card":"summary_large_image","twitter_misc":{"Dur\u00e9e de lecture estim\u00e9e":"1 minute"},"schema":{"@context":"https:\/\/schema.org","@graph":[{"@type":"WebPage","@id":"https:\/\/www.bagnoitalia.com\/fr\/produit\/spa-170x78-pour-une-personne-avec-melangeur-vs027.html","url":"https:\/\/www.bagnoitalia.com\/fr\/produit\/spa-170x78-pour-une-personne-avec-melangeur-vs027.html","name":"Baignoire \u00e0 remous 170x78 pour une personne avec mitigeur VS027","isPartOf":{"@id":"https:\/\/www.bagnoitalia.com\/fr#website"},"primaryImageOfPage":{"@id":"https:\/\/www.bagnoitalia.com\/fr\/produit\/spa-170x78-pour-une-personne-avec-melangeur-vs027.html#primaryimage"},"image":{"@id":"https:\/\/www.bagnoitalia.com\/fr\/produit\/spa-170x78-pour-une-personne-avec-melangeur-vs027.html#primaryimage"},"thumbnailUrl":"https:\/\/img.bagnoitalia.com\/wp-content\/uploads\/virtuemart\/product\/One-person-Jacuzzi-170x78-VS027-1_1542042327_251.jpg","datePublished":"2013-04-10T13:14:51+00:00","dateModified":"2024-05-10T22:17:32+00:00","description":"Spa 170x78 cm pour une personne, avec m\u00e9langeur en cuivre, pompe baln\u00e9o 1HP, avec 8 jets d&#39;eau.","breadcrumb":{"@id":"https:\/\/www.bagnoitalia.com\/fr\/produit\/spa-170x78-pour-une-personne-avec-melangeur-vs027.html#breadcrumb"},"inLanguage":"fr-FR","potentialAction":[{"@type":"ReadAction","target":["https:\/\/www.bagnoitalia.com\/fr\/produit\/spa-170x78-pour-une-personne-avec-melangeur-vs027.html"]}]},{"@type":"ImageObject","inLanguage":"fr-FR","@id":"https:\/\/www.bagnoitalia.com\/fr\/produit\/spa-170x78-pour-une-personne-avec-melangeur-vs027.html#primaryimage","url":"https:\/\/img.bagnoitalia.com\/wp-content\/uploads\/virtuemart\/product\/One-person-Jacuzzi-170x78-VS027-1_1542042327_251.jpg","contentUrl":"https:\/\/img.bagnoitalia.com\/wp-content\/uploads\/virtuemart\/product\/One-person-Jacuzzi-170x78-VS027-1_1542042327_251.jpg","width":471,"height":471},{"@type":"BreadcrumbList","@id":"https:\/\/www.bagnoitalia.com\/fr\/produit\/spa-170x78-pour-une-personne-avec-melangeur-vs027.html#breadcrumb","itemListElement":[{"@type":"ListItem","position":1,"name":"Home","item":"https:\/\/www.bagnoitalia.com\/fr"},{"@type":"ListItem","position":2,"name":"Produits","item":"https:\/\/www.bagnoitalia.com\/fr\/shop"},{"@type":"ListItem","position":3,"name":"Baignoire \u00e0 remous 170&#215;78 pour une personne avec mitigeur VS027"}]},{"@type":"WebSite","@id":"https:\/\/www.bagnoitalia.com\/fr#website","url":"https:\/\/www.bagnoitalia.com\/fr","name":"Bagno Italia","description":"","publisher":{"@id":"https:\/\/www.bagnoitalia.com\/fr#organization"},"potentialAction":[{"@type":"SearchAction","target":{"@type":"EntryPoint","urlTemplate":"https:\/\/www.bagnoitalia.com\/fr?s={search_term_string}"},"query-input":{"@type":"PropertyValueSpecification","valueRequired":true,"valueName":"search_term_string"}}],"inLanguage":"fr-FR"},{"@type":"Organization","@id":"https:\/\/www.bagnoitalia.com\/fr#organization","name":"Bagno Italia","url":"https:\/\/www.bagnoitalia.com\/fr","logo":{"@type":"ImageObject","inLanguage":"fr-FR","@id":"https:\/\/www.bagnoitalia.com\/fr#\/schema\/logo\/image\/","url":"https:\/\/img.bagnoitalia.com\/wp-content\/uploads\/logo-bagnoitalia.webp","contentUrl":"https:\/\/img.bagnoitalia.com\/wp-content\/uploads\/logo-bagnoitalia.webp","width":400,"height":70,"caption":"Bagno Italia"},"image":{"@id":"https:\/\/www.bagnoitalia.com\/fr#\/schema\/logo\/image\/"}}]}},"_links":{"self":[{"href":"https:\/\/www.bagnoitalia.com\/fr\/wp-json\/wp\/v2\/product\/78298","targetHints":{"allow":["GET"]}}],"collection":[{"href":"https:\/\/www.bagnoitalia.com\/fr\/wp-json\/wp\/v2\/product"}],"about":[{"href":"https:\/\/www.bagnoitalia.com\/fr\/wp-json\/wp\/v2\/types\/product"}],"replies":[{"embeddable":true,"href":"https:\/\/www.bagnoitalia.com\/fr\/wp-json\/wp\/v2\/comments?post=78298"}],"version-history":[{"count":0,"href":"https:\/\/www.bagnoitalia.com\/fr\/wp-json\/wp\/v2\/product\/78298\/revisions"}],"wp:featuredmedia":[{"embeddable":true,"href":"https:\/\/www.bagnoitalia.com\/fr\/wp-json\/wp\/v2\/media\/18590"}],"wp:attachment":[{"href":"https:\/\/www.bagnoitalia.com\/fr\/wp-json\/wp\/v2\/media?parent=78298"}],"wp:term":[{"taxonomy":"product_brand","embeddable":true,"href":"https:\/\/www.bagnoitalia.com\/fr\/wp-json\/wp\/v2\/product_brand?post=78298"},{"taxonomy":"product_cat","embeddable":true,"href":"https:\/\/www.bagnoitalia.com\/fr\/wp-json\/wp\/v2\/product_cat?post=78298"},{"taxonomy":"product_tag","embeddable":true,"href":"https:\/\/www.bagnoitalia.com\/fr\/wp-json\/wp\/v2\/product_tag?post=78298"}],"curies":[{"name":"wp","href":"https:\/\/api.w.org\/{rel}","templated":true}]}}