{"id":78282,"date":"2014-01-10T16:08:59","date_gmt":"2014-01-10T15:08:59","guid":{"rendered":"https:\/\/www.bagnoitalia.com\/product\/jacuzzi-150x150-biplace-11-jets-avec-mixeur-version-droite-sur-l-39-offre-vs006"},"modified":"2025-06-12T23:32:04","modified_gmt":"2025-06-12T21:32:04","slug":"jacuzzi-150x150-biplace-11-jets-avec-mixeur-version-droite-sur-l-39-offre-vs006","status":"publish","type":"product","link":"https:\/\/www.bagnoitalia.com\/fr\/produit\/jacuzzi-150x150-biplace-11-jets-avec-mixeur-version-droite-sur-l-39-offre-vs006.html","title":{"rendered":"Baignoire jacuzzi 150&#215;150 deux places 11 jets avec mitigeur. Version droite sur l&rsquo;offre VS006"},"content":{"rendered":"<p><span style=\"font-size: 10pt;\"><strong><span style=\"font-size: 12pt;\">Spa 150&#215;150 avec appui-t\u00eate \u00e0 droite (le spa n&rsquo;est pas r\u00e9versible)<\/span> <br \/><\/strong><\/span><\/p>\n<p><span style=\"font-size: 10pt;\"><strong>La baignoire est en fibre de verre renforc\u00e9e, les robinets sont inclus, avec 5 grands jets et 6 petits jets r\u00e9glables (11 jets au total).<\/strong><\/span><\/p>\n<p><span style=\"font-size: 10pt;\"><strong>FACILE&nbsp;<\/strong><\/span><strong>\u00c0 INSTALLER SANS TRAVAUX DE MA\u00c7ONNERIE.<\/strong><\/p>\n<p><span style=\"font-size: 10pt;\"><strong>&nbsp;<\/strong><\/span><\/p>\n<\/p>\n<p><span style=\"font-size: 10pt;\">Rayon au centre de la baignoire: 170 cm.<\/span><\/p>\n<\/p>\n<table style=\"width: 617px; height: 669px;\" border=\"1\" frame=\"HSIDES\" cellspacing=\"0\" cellpadding=\"7\">\n<colgroup>\n<col width=\"340\" \/>\n<col width=\"407\" \/><\/colgroup>\n<tbody>\n<tr valign=\"TOP\">\n<td style=\"width: 340px;\" bgcolor=\"#f2f2f2\">\n<p><span style=\"font-size: x-small;\">DIMENSIONS<\/span><\/p>\n<\/td>\n<td style=\"width: 407px;\" bgcolor=\"#f2f2f2\">\n<p align=\"CENTER\"><span style=\"font-size: x-small;\">1500 x 1500 x 700 mm<\/span><\/p>\n<\/td>\n<\/tr>\n<tr valign=\"TOP\">\n<td style=\"width: 340px;\" bgcolor=\"#cccccc\">\n<p><span style=\"font-size: x-small;\">MAT\u00c9RIEL<\/span><\/p>\n<\/td>\n<td style=\"width: 407px;\" bgcolor=\"#cccccc\">\n<p><span style=\"font-size: x-small;\">5mm d&rsquo;acrylique et ABS renforc\u00e9 avec 3 couches de fibre de verre<\/span><\/p>\n<\/td>\n<\/tr>\n<tr valign=\"TOP\">\n<td style=\"width: 340px;\" bgcolor=\"#f2f2f2\">\n<p><span style=\"font-size: x-small;\">POMPE D&rsquo;HYDROMASSAGE (750W 1 HP)<\/span><\/p>\n<\/td>\n<td style=\"width: 407px;\" bgcolor=\"#f2f2f2\">\n<p align=\"CENTER\"><span style=\"font-size: x-small;\">1<\/span><\/p>\n<\/td>\n<\/tr>\n<tr valign=\"TOP\">\n<td style=\"width: 340px;\" bgcolor=\"#cccccc\">\n<p><span style=\"font-size: x-small;\">ROBINETS<\/span><\/p>\n<\/td>\n<td style=\"width: 407px;\" bgcolor=\"#cccccc\">\n<p align=\"CENTER\"><span style=\"font-size: x-small;\">Y COMPRIS<\/span><\/p>\n<\/td>\n<\/tr>\n<tr valign=\"TOP\">\n<td style=\"width: 340px;\" bgcolor=\"#f2f2f2\">\n<p lang=\"en-US\" align=\"JUSTIFY\"><span style=\"font-size: x-small;\">INTERRUPTEUR ON \/ OFF EN CUIVRE<\/span><\/p>\n<\/td>\n<td style=\"width: 407px;\" bgcolor=\"#f2f2f2\">\n<p lang=\"en-US\" align=\"CENTER\"><span style=\"font-size: x-small;\">1<\/span><\/p>\n<\/td>\n<\/tr>\n<tr valign=\"TOP\">\n<td style=\"width: 340px;\" bgcolor=\"#cccccc\">\n<p lang=\"en-US\"><span style=\"font-size: x-small;\">MITIGEUR EN CUIVRE<\/span><\/p>\n<\/td>\n<td style=\"width: 407px;\" bgcolor=\"#cccccc\">\n<p lang=\"en-US\" align=\"CENTER\"><span style=\"font-size: x-small;\">1<\/span><\/p>\n<\/td>\n<\/tr>\n<tr valign=\"TOP\">\n<td style=\"width: 340px;\" bgcolor=\"#f2f2f2\">\n<p lang=\"en-US\"><span style=\"font-size: x-small;\">REGULATEUR DE DEBIT D&rsquo;AIR<\/span><\/p>\n<\/td>\n<td style=\"width: 407px;\" bgcolor=\"#f2f2f2\">\n<p lang=\"en-US\" align=\"CENTER\"><span style=\"font-size: x-small;\">1<\/span><\/p>\n<\/td>\n<\/tr>\n<tr valign=\"TOP\">\n<td style=\"width: 340px;\" bgcolor=\"#cccccc\">\n<p><span style=\"font-size: x-small;\">\u00c9CLAIRAGE LED SOUS L&rsquo;EAU POUR CHROMOTH\u00c9RAPIE&nbsp; 12 volts<\/span><\/p>\n<\/td>\n<td style=\"width: 407px;\" bgcolor=\"#cccccc\">\n<p align=\"CENTER\"><span style=\"font-size: x-small;\">1<\/span><\/p>\n<\/td>\n<\/tr>\n<tr valign=\"TOP\">\n<td style=\"width: 340px;\" bgcolor=\"#f2f2f2\">\n<p><span style=\"font-size: x-small;\">RADIO<\/span><\/p>\n<\/td>\n<td style=\"width: 407px;\" bgcolor=\"#f2f2f2\">\n<p align=\"CENTER\"><span style=\"font-size: x-small;\">1<\/span><\/p>\n<\/td>\n<\/tr>\n<tr valign=\"TOP\">\n<td style=\"width: 340px;\" bgcolor=\"#cccccc\">\n<p><span style=\"font-size: x-small;\">HAUT-PARLEURS<\/span><\/p>\n<\/td>\n<td style=\"width: 407px;\" bgcolor=\"#cccccc\">\n<p align=\"CENTER\"><span style=\"font-size: x-small;\">1<\/span><\/p>\n<\/td>\n<\/tr>\n<tr valign=\"TOP\">\n<td style=\"width: 340px;\" bgcolor=\"#f2f2f2\">\n<p><span style=\"font-size: x-small;\">GRANDS JETS R\u00c9GLABLES<\/span><\/p>\n<\/td>\n<td style=\"width: 407px;\" bgcolor=\"#f2f2f2\">\n<p align=\"CENTER\"><span style=\"font-size: x-small;\">5<\/span><\/p>\n<\/td>\n<\/tr>\n<tr valign=\"TOP\">\n<td style=\"width: 340px;\" bgcolor=\"#cccccc\">\n<p><span style=\"font-size: x-small;\">PETITS JETS&nbsp;<\/span><\/p>\n<\/td>\n<td style=\"width: 407px;\" bgcolor=\"#cccccc\">\n<p align=\"CENTER\"><span style=\"font-size: x-small;\">6 <br \/><\/span><\/p>\n<\/td>\n<\/tr>\n<tr valign=\"TOP\">\n<td style=\"width: 340px;\" bgcolor=\"#f2f2f2\">\n<p><span style=\"font-size: 8pt;\">SI\u00c8GES<\/span><\/p>\n<\/td>\n<td style=\"width: 407px;\" bgcolor=\"#f2f2f2\">\n<p align=\"CENTER\"><span style=\"font-size: x-small;\">2<\/span><\/p>\n<\/td>\n<\/tr>\n<tr valign=\"TOP\">\n<td style=\"width: 340px;\" bgcolor=\"#cccccc\">\n<p><span style=\"font-size: x-small;\">APPUIE-T\u00caTE EN PVC<\/span><\/p>\n<\/td>\n<td style=\"width: 407px;\" bgcolor=\"#cccccc\">\n<p align=\"CENTER\"><span style=\"font-size: x-small;\">2 <br \/><\/span><\/p>\n<\/td>\n<\/tr>\n<tr valign=\"TOP\">\n<td style=\"width: 340px;\">\n<p><span style=\"font-size: x-small;\">POIDS&nbsp;<\/span><span style=\"font-size: 8pt;\">\u00c0<\/span>&nbsp;<span style=\"font-size: x-small;\">VIDE en kg et CAPACIT\u00c9 en litres&nbsp;<\/span><\/p>\n<\/td>\n<td style=\"width: 407px;\">\n<p align=\"CENTER\"><span style=\"font-size: x-small;\">100 kg &#8211; 440 L <br \/><\/span><\/p>\n<\/td>\n<\/tr>\n<tr valign=\"TOP\">\n<td style=\"width: 340px;\" bgcolor=\"#cccccc\">\n<p><span style=\"font-size: x-small;\">CERTIFICATION<\/span><\/p>\n<\/td>\n<td style=\"width: 407px;\" bgcolor=\"#cccccc\">\n<p align=\"CENTER\"><span style=\"font-size: x-small;\"><span lang=\"fr-FR\">CE, ROHS, ISO9001, CQC, CCC<\/span><\/span><\/p>\n<\/td>\n<\/tr>\n<tr valign=\"TOP\">\n<td style=\"width: 340px;\" bgcolor=\"#f2f2f2\">\n<p><span style=\"font-size: x-small;\">DUR<span style=\"font-size: x-small;\">\u00c9<\/span>E DE GARANTIE&nbsp;&nbsp;<\/span><\/p>\n<\/td>\n<td style=\"width: 407px;\" bgcolor=\"#f2f2f2\">\n<p align=\"CENTER\"><span style=\"font-size: x-small;\">2 ANS<\/span><\/p>\n<\/td>\n<\/tr>\n<\/tbody>\n<\/table>\n","protected":false},"excerpt":{"rendered":"<p>Baignoire \u00e0 remous 150&#215;150 pour deux personnes, 11 jets, version droite avec chromoth\u00e9rapie.<\/p>\n","protected":false},"featured_media":18506,"comment_status":"open","ping_status":"closed","template":"","meta":[],"product_brand":[9909],"product_cat":[9707,9743],"product_tag":[],"class_list":{"0":"post-78282","1":"product","2":"type-product","3":"status-publish","4":"has-post-thumbnail","6":"product_brand-puntorelax-fr","7":"product_cat-baignoire-balneo","8":"product_cat-piscines-d-39-hydromassage","10":"first","11":"instock","12":"sale","13":"taxable","14":"shipping-taxable","15":"purchasable","16":"product-type-simple"},"exclude_global_add_ons":[],"addons":[],"yoast_head":"<!-- This site is optimized with the Yoast SEO plugin v26.7 - https:\/\/yoast.com\/wordpress\/plugins\/seo\/ -->\n<title>Baignoire jacuzzi 150x150 deux places 11 jets avec mitigeur. Version droite sur l&#039;offre VS006<\/title>\n<meta name=\"description\" content=\"Baignoire d&#039;hydromassage avec 11 jets hydro. Dimensions 150x150x70cm, id\u00e9al pour 2 personnes. Avec 2 appuie-t\u00eate, radio et robinets inclus, achetez-le maintenant!\" \/>\n<meta name=\"robots\" content=\"index, follow, max-snippet:-1, max-image-preview:large, max-video-preview:-1\" \/>\n<link rel=\"canonical\" href=\"https:\/\/www.bagnoitalia.com\/fr\/produit\/jacuzzi-150x150-biplace-11-jets-avec-mixeur-version-droite-sur-l-39-offre-vs006.html\" \/>\n<meta property=\"og:locale\" content=\"fr_FR\" \/>\n<meta property=\"og:type\" content=\"article\" \/>\n<meta property=\"og:title\" content=\"Baignoire jacuzzi 150x150 deux places 11 jets avec mitigeur. Version droite sur l&#039;offre VS006\" \/>\n<meta property=\"og:description\" content=\"Baignoire d&#039;hydromassage avec 11 jets hydro. Dimensions 150x150x70cm, id\u00e9al pour 2 personnes. Avec 2 appuie-t\u00eate, radio et robinets inclus, achetez-le maintenant!\" \/>\n<meta property=\"og:url\" content=\"https:\/\/www.bagnoitalia.com\/fr\/produit\/jacuzzi-150x150-biplace-11-jets-avec-mixeur-version-droite-sur-l-39-offre-vs006.html\" \/>\n<meta property=\"og:site_name\" content=\"Bagno Italia\" \/>\n<meta property=\"article:modified_time\" content=\"2025-06-12T21:32:04+00:00\" \/>\n<meta property=\"og:image\" content=\"https:\/\/img.bagnoitalia.com\/wp-content\/uploads\/virtuemart\/product\/Two-persons-Jacuzzi-150x150-VS006-1_1542036772_850.jpg\" \/>\n\t<meta property=\"og:image:width\" content=\"516\" \/>\n\t<meta property=\"og:image:height\" content=\"516\" \/>\n\t<meta property=\"og:image:type\" content=\"image\/jpeg\" \/>\n<meta name=\"twitter:card\" content=\"summary_large_image\" \/>\n<meta name=\"twitter:label1\" content=\"Dur\u00e9e de lecture estim\u00e9e\" \/>\n\t<meta name=\"twitter:data1\" content=\"1 minute\" \/>\n<script type=\"application\/ld+json\" class=\"yoast-schema-graph\">{\"@context\":\"https:\/\/schema.org\",\"@graph\":[{\"@type\":\"WebPage\",\"@id\":\"https:\/\/www.bagnoitalia.com\/fr\/produit\/jacuzzi-150x150-biplace-11-jets-avec-mixeur-version-droite-sur-l-39-offre-vs006.html\",\"url\":\"https:\/\/www.bagnoitalia.com\/fr\/produit\/jacuzzi-150x150-biplace-11-jets-avec-mixeur-version-droite-sur-l-39-offre-vs006.html\",\"name\":\"Baignoire jacuzzi 150x150 deux places 11 jets avec mitigeur. Version droite sur l'offre VS006\",\"isPartOf\":{\"@id\":\"https:\/\/www.bagnoitalia.com\/fr#website\"},\"primaryImageOfPage\":{\"@id\":\"https:\/\/www.bagnoitalia.com\/fr\/produit\/jacuzzi-150x150-biplace-11-jets-avec-mixeur-version-droite-sur-l-39-offre-vs006.html#primaryimage\"},\"image\":{\"@id\":\"https:\/\/www.bagnoitalia.com\/fr\/produit\/jacuzzi-150x150-biplace-11-jets-avec-mixeur-version-droite-sur-l-39-offre-vs006.html#primaryimage\"},\"thumbnailUrl\":\"https:\/\/img.bagnoitalia.com\/wp-content\/uploads\/virtuemart\/product\/Two-persons-Jacuzzi-150x150-VS006-1_1542036772_850.jpg\",\"datePublished\":\"2014-01-10T15:08:59+00:00\",\"dateModified\":\"2025-06-12T21:32:04+00:00\",\"description\":\"Baignoire d&#39;hydromassage avec 11 jets hydro. Dimensions 150x150x70cm, id\u00e9al pour 2 personnes. Avec 2 appuie-t\u00eate, radio et robinets inclus, achetez-le maintenant!\",\"breadcrumb\":{\"@id\":\"https:\/\/www.bagnoitalia.com\/fr\/produit\/jacuzzi-150x150-biplace-11-jets-avec-mixeur-version-droite-sur-l-39-offre-vs006.html#breadcrumb\"},\"inLanguage\":\"fr-FR\",\"potentialAction\":[{\"@type\":\"ReadAction\",\"target\":[\"https:\/\/www.bagnoitalia.com\/fr\/produit\/jacuzzi-150x150-biplace-11-jets-avec-mixeur-version-droite-sur-l-39-offre-vs006.html\"]}]},{\"@type\":\"ImageObject\",\"inLanguage\":\"fr-FR\",\"@id\":\"https:\/\/www.bagnoitalia.com\/fr\/produit\/jacuzzi-150x150-biplace-11-jets-avec-mixeur-version-droite-sur-l-39-offre-vs006.html#primaryimage\",\"url\":\"https:\/\/img.bagnoitalia.com\/wp-content\/uploads\/virtuemart\/product\/Two-persons-Jacuzzi-150x150-VS006-1_1542036772_850.jpg\",\"contentUrl\":\"https:\/\/img.bagnoitalia.com\/wp-content\/uploads\/virtuemart\/product\/Two-persons-Jacuzzi-150x150-VS006-1_1542036772_850.jpg\",\"width\":516,\"height\":516},{\"@type\":\"BreadcrumbList\",\"@id\":\"https:\/\/www.bagnoitalia.com\/fr\/produit\/jacuzzi-150x150-biplace-11-jets-avec-mixeur-version-droite-sur-l-39-offre-vs006.html#breadcrumb\",\"itemListElement\":[{\"@type\":\"ListItem\",\"position\":1,\"name\":\"Home\",\"item\":\"https:\/\/www.bagnoitalia.com\/fr\"},{\"@type\":\"ListItem\",\"position\":2,\"name\":\"Produits\",\"item\":\"https:\/\/www.bagnoitalia.com\/fr\/shop\"},{\"@type\":\"ListItem\",\"position\":3,\"name\":\"Baignoire jacuzzi 150&#215;150 deux places 11 jets avec mitigeur. Version droite sur l&#8217;offre VS006\"}]},{\"@type\":\"WebSite\",\"@id\":\"https:\/\/www.bagnoitalia.com\/fr#website\",\"url\":\"https:\/\/www.bagnoitalia.com\/fr\",\"name\":\"Bagno Italia\",\"description\":\"\",\"publisher\":{\"@id\":\"https:\/\/www.bagnoitalia.com\/fr#organization\"},\"potentialAction\":[{\"@type\":\"SearchAction\",\"target\":{\"@type\":\"EntryPoint\",\"urlTemplate\":\"https:\/\/www.bagnoitalia.com\/fr?s={search_term_string}\"},\"query-input\":{\"@type\":\"PropertyValueSpecification\",\"valueRequired\":true,\"valueName\":\"search_term_string\"}}],\"inLanguage\":\"fr-FR\"},{\"@type\":\"Organization\",\"@id\":\"https:\/\/www.bagnoitalia.com\/fr#organization\",\"name\":\"Bagno Italia\",\"url\":\"https:\/\/www.bagnoitalia.com\/fr\",\"logo\":{\"@type\":\"ImageObject\",\"inLanguage\":\"fr-FR\",\"@id\":\"https:\/\/www.bagnoitalia.com\/fr#\/schema\/logo\/image\/\",\"url\":\"https:\/\/img.bagnoitalia.com\/wp-content\/uploads\/logo-bagnoitalia.webp\",\"contentUrl\":\"https:\/\/img.bagnoitalia.com\/wp-content\/uploads\/logo-bagnoitalia.webp\",\"width\":400,\"height\":70,\"caption\":\"Bagno Italia\"},\"image\":{\"@id\":\"https:\/\/www.bagnoitalia.com\/fr#\/schema\/logo\/image\/\"}}]}<\/script>\n<!-- \/ Yoast SEO plugin. -->","yoast_head_json":{"title":"Baignoire jacuzzi 150x150 deux places 11 jets avec mitigeur. Version droite sur l'offre VS006","description":"Baignoire d&#39;hydromassage avec 11 jets hydro. Dimensions 150x150x70cm, id\u00e9al pour 2 personnes. Avec 2 appuie-t\u00eate, radio et robinets inclus, achetez-le maintenant!","robots":{"index":"index","follow":"follow","max-snippet":"max-snippet:-1","max-image-preview":"max-image-preview:large","max-video-preview":"max-video-preview:-1"},"canonical":"https:\/\/www.bagnoitalia.com\/fr\/produit\/jacuzzi-150x150-biplace-11-jets-avec-mixeur-version-droite-sur-l-39-offre-vs006.html","og_locale":"fr_FR","og_type":"article","og_title":"Baignoire jacuzzi 150x150 deux places 11 jets avec mitigeur. Version droite sur l'offre VS006","og_description":"Baignoire d&#39;hydromassage avec 11 jets hydro. Dimensions 150x150x70cm, id\u00e9al pour 2 personnes. Avec 2 appuie-t\u00eate, radio et robinets inclus, achetez-le maintenant!","og_url":"https:\/\/www.bagnoitalia.com\/fr\/produit\/jacuzzi-150x150-biplace-11-jets-avec-mixeur-version-droite-sur-l-39-offre-vs006.html","og_site_name":"Bagno Italia","article_modified_time":"2025-06-12T21:32:04+00:00","og_image":[{"width":516,"height":516,"url":"https:\/\/img.bagnoitalia.com\/wp-content\/uploads\/virtuemart\/product\/Two-persons-Jacuzzi-150x150-VS006-1_1542036772_850.jpg","type":"image\/jpeg"}],"twitter_card":"summary_large_image","twitter_misc":{"Dur\u00e9e de lecture estim\u00e9e":"1 minute"},"schema":{"@context":"https:\/\/schema.org","@graph":[{"@type":"WebPage","@id":"https:\/\/www.bagnoitalia.com\/fr\/produit\/jacuzzi-150x150-biplace-11-jets-avec-mixeur-version-droite-sur-l-39-offre-vs006.html","url":"https:\/\/www.bagnoitalia.com\/fr\/produit\/jacuzzi-150x150-biplace-11-jets-avec-mixeur-version-droite-sur-l-39-offre-vs006.html","name":"Baignoire jacuzzi 150x150 deux places 11 jets avec mitigeur. Version droite sur l'offre VS006","isPartOf":{"@id":"https:\/\/www.bagnoitalia.com\/fr#website"},"primaryImageOfPage":{"@id":"https:\/\/www.bagnoitalia.com\/fr\/produit\/jacuzzi-150x150-biplace-11-jets-avec-mixeur-version-droite-sur-l-39-offre-vs006.html#primaryimage"},"image":{"@id":"https:\/\/www.bagnoitalia.com\/fr\/produit\/jacuzzi-150x150-biplace-11-jets-avec-mixeur-version-droite-sur-l-39-offre-vs006.html#primaryimage"},"thumbnailUrl":"https:\/\/img.bagnoitalia.com\/wp-content\/uploads\/virtuemart\/product\/Two-persons-Jacuzzi-150x150-VS006-1_1542036772_850.jpg","datePublished":"2014-01-10T15:08:59+00:00","dateModified":"2025-06-12T21:32:04+00:00","description":"Baignoire d&#39;hydromassage avec 11 jets hydro. Dimensions 150x150x70cm, id\u00e9al pour 2 personnes. Avec 2 appuie-t\u00eate, radio et robinets inclus, achetez-le maintenant!","breadcrumb":{"@id":"https:\/\/www.bagnoitalia.com\/fr\/produit\/jacuzzi-150x150-biplace-11-jets-avec-mixeur-version-droite-sur-l-39-offre-vs006.html#breadcrumb"},"inLanguage":"fr-FR","potentialAction":[{"@type":"ReadAction","target":["https:\/\/www.bagnoitalia.com\/fr\/produit\/jacuzzi-150x150-biplace-11-jets-avec-mixeur-version-droite-sur-l-39-offre-vs006.html"]}]},{"@type":"ImageObject","inLanguage":"fr-FR","@id":"https:\/\/www.bagnoitalia.com\/fr\/produit\/jacuzzi-150x150-biplace-11-jets-avec-mixeur-version-droite-sur-l-39-offre-vs006.html#primaryimage","url":"https:\/\/img.bagnoitalia.com\/wp-content\/uploads\/virtuemart\/product\/Two-persons-Jacuzzi-150x150-VS006-1_1542036772_850.jpg","contentUrl":"https:\/\/img.bagnoitalia.com\/wp-content\/uploads\/virtuemart\/product\/Two-persons-Jacuzzi-150x150-VS006-1_1542036772_850.jpg","width":516,"height":516},{"@type":"BreadcrumbList","@id":"https:\/\/www.bagnoitalia.com\/fr\/produit\/jacuzzi-150x150-biplace-11-jets-avec-mixeur-version-droite-sur-l-39-offre-vs006.html#breadcrumb","itemListElement":[{"@type":"ListItem","position":1,"name":"Home","item":"https:\/\/www.bagnoitalia.com\/fr"},{"@type":"ListItem","position":2,"name":"Produits","item":"https:\/\/www.bagnoitalia.com\/fr\/shop"},{"@type":"ListItem","position":3,"name":"Baignoire jacuzzi 150&#215;150 deux places 11 jets avec mitigeur. Version droite sur l&#8217;offre VS006"}]},{"@type":"WebSite","@id":"https:\/\/www.bagnoitalia.com\/fr#website","url":"https:\/\/www.bagnoitalia.com\/fr","name":"Bagno Italia","description":"","publisher":{"@id":"https:\/\/www.bagnoitalia.com\/fr#organization"},"potentialAction":[{"@type":"SearchAction","target":{"@type":"EntryPoint","urlTemplate":"https:\/\/www.bagnoitalia.com\/fr?s={search_term_string}"},"query-input":{"@type":"PropertyValueSpecification","valueRequired":true,"valueName":"search_term_string"}}],"inLanguage":"fr-FR"},{"@type":"Organization","@id":"https:\/\/www.bagnoitalia.com\/fr#organization","name":"Bagno Italia","url":"https:\/\/www.bagnoitalia.com\/fr","logo":{"@type":"ImageObject","inLanguage":"fr-FR","@id":"https:\/\/www.bagnoitalia.com\/fr#\/schema\/logo\/image\/","url":"https:\/\/img.bagnoitalia.com\/wp-content\/uploads\/logo-bagnoitalia.webp","contentUrl":"https:\/\/img.bagnoitalia.com\/wp-content\/uploads\/logo-bagnoitalia.webp","width":400,"height":70,"caption":"Bagno Italia"},"image":{"@id":"https:\/\/www.bagnoitalia.com\/fr#\/schema\/logo\/image\/"}}]}},"_links":{"self":[{"href":"https:\/\/www.bagnoitalia.com\/fr\/wp-json\/wp\/v2\/product\/78282","targetHints":{"allow":["GET"]}}],"collection":[{"href":"https:\/\/www.bagnoitalia.com\/fr\/wp-json\/wp\/v2\/product"}],"about":[{"href":"https:\/\/www.bagnoitalia.com\/fr\/wp-json\/wp\/v2\/types\/product"}],"replies":[{"embeddable":true,"href":"https:\/\/www.bagnoitalia.com\/fr\/wp-json\/wp\/v2\/comments?post=78282"}],"version-history":[{"count":0,"href":"https:\/\/www.bagnoitalia.com\/fr\/wp-json\/wp\/v2\/product\/78282\/revisions"}],"wp:featuredmedia":[{"embeddable":true,"href":"https:\/\/www.bagnoitalia.com\/fr\/wp-json\/wp\/v2\/media\/18506"}],"wp:attachment":[{"href":"https:\/\/www.bagnoitalia.com\/fr\/wp-json\/wp\/v2\/media?parent=78282"}],"wp:term":[{"taxonomy":"product_brand","embeddable":true,"href":"https:\/\/www.bagnoitalia.com\/fr\/wp-json\/wp\/v2\/product_brand?post=78282"},{"taxonomy":"product_cat","embeddable":true,"href":"https:\/\/www.bagnoitalia.com\/fr\/wp-json\/wp\/v2\/product_cat?post=78282"},{"taxonomy":"product_tag","embeddable":true,"href":"https:\/\/www.bagnoitalia.com\/fr\/wp-json\/wp\/v2\/product_tag?post=78282"}],"curies":[{"name":"wp","href":"https:\/\/api.w.org\/{rel}","templated":true}]}}