{"id":78278,"date":"2013-03-27T12:55:19","date_gmt":"2013-03-27T11:55:19","guid":{"rendered":"https:\/\/www.bagnoitalia.com\/product\/spa-130x130-deux-places-8-jets-avec-robinets-sur-l-39-offre-vs013"},"modified":"2024-05-11T00:17:25","modified_gmt":"2024-05-10T22:17:25","slug":"spa-130x130-deux-places-8-jets-avec-robinets-sur-l-39-offre-vs013","status":"publish","type":"product","link":"https:\/\/www.bagnoitalia.com\/fr\/produit\/spa-130x130-deux-places-8-jets-avec-robinets-sur-l-39-offre-vs013.html","title":{"rendered":"Baignoire \u00e0 remous 130&#215;130 deux places, 8 jets avec robinets VS013"},"content":{"rendered":"<p><strong>Baignoire \u00e0 remous 130&#215;130 pour deux personnes, en r\u00e9sine de verre renforc\u00e9e, robinets, 4 grands jets et 4 petits <strong>r\u00e9glables<\/strong> (8 jets au total).<\/strong><\/p>\n<p><strong>FACILE&nbsp;\u00c0 INSTALLER SANS TRAVAUX DE MA\u00c7ONNERIE.<\/strong><\/p>\n<p>&nbsp;<\/p>\n<table style=\"width: 594px; height: 547px;\" border=\"3\" frame=\"ABOVE\" cellspacing=\"0\" cellpadding=\"7\">\n<colgroup>\n<col width=\"340\" \/>\n<col width=\"407\" \/><\/colgroup>\n<tbody>\n<tr valign=\"TOP\">\n<td style=\"width: 340px;\" bgcolor=\"#f2f2f2\">\n<p><span style=\"font-size: x-small;\">DIMENSIONS<\/span><\/p>\n<\/td>\n<td style=\"width: 407px;\" bgcolor=\"#f2f2f2\">\n<p align=\"CENTER\"><span style=\"font-size: x-small;\">1300 x 1300 x 600 mm<\/span><\/p>\n<\/td>\n<\/tr>\n<tr valign=\"TOP\">\n<td style=\"width: 340px;\" bgcolor=\"#cccccc\">\n<p><span style=\"font-size: x-small;\">MAT\u00c9RIAU<\/span><\/p>\n<\/td>\n<td style=\"width: 407px;\" bgcolor=\"#cccccc\">\n<p><span style=\"font-size: x-small;\">5mm d&rsquo;acrylique et ABS renforc\u00e9 avec 3 couches de fibre de verre<\/span><\/p>\n<\/td>\n<\/tr>\n<tr valign=\"TOP\">\n<td style=\"width: 340px;\" bgcolor=\"#f2f2f2\">\n<p><span style=\"font-size: x-small;\">POMPE D&rsquo;HYDROMASSAGE (750W 1 HP)<\/span><\/p>\n<\/td>\n<td style=\"width: 407px;\" bgcolor=\"#f2f2f2\">\n<p align=\"CENTER\"><span style=\"font-size: x-small;\">1<\/span><\/p>\n<\/td>\n<\/tr>\n<tr valign=\"TOP\">\n<td style=\"width: 340px;\" bgcolor=\"#cccccc\">\n<p><span style=\"font-size: x-small;\">ROBINETS<\/span><\/p>\n<\/td>\n<td style=\"width: 407px;\" bgcolor=\"#cccccc\">\n<p align=\"CENTER\"><span style=\"font-size: x-small;\">COMPRIS<\/span><\/p>\n<\/td>\n<\/tr>\n<tr valign=\"TOP\">\n<td style=\"width: 340px;\" bgcolor=\"#f2f2f2\">\n<p align=\"JUSTIFY\"><span style=\"font-size: x-small;\"><span lang=\"en-US\">INTERRUPTEUR ON \/ OFF EN CUIVRE<\/span><\/span><\/p>\n<\/td>\n<td style=\"width: 407px;\" bgcolor=\"#f2f2f2\">\n<p align=\"CENTER\"><span style=\"font-size: x-small;\"><span lang=\"en-US\">1<\/span><\/span><\/p>\n<\/td>\n<\/tr>\n<tr valign=\"TOP\">\n<td style=\"width: 340px;\" bgcolor=\"#cccccc\">\n<p><span style=\"font-size: x-small;\"><span lang=\"en-US\">MITIGEUR EN CUIVRE<\/span><\/span><\/p>\n<\/td>\n<td style=\"width: 407px;\" bgcolor=\"#cccccc\">\n<p align=\"CENTER\"><span style=\"font-size: x-small;\"><span lang=\"en-US\">1<\/span><\/span><\/p>\n<\/td>\n<\/tr>\n<tr valign=\"TOP\">\n<td style=\"width: 340px;\" bgcolor=\"#f2f2f2\">\n<p><span style=\"font-size: x-small;\"><span lang=\"en-US\">REGULATEUR DE D\u00c9BIT D&rsquo;AIR<\/span><\/span><\/p>\n<\/td>\n<td style=\"width: 407px;\" bgcolor=\"#f2f2f2\">\n<p align=\"CENTER\"><span style=\"font-size: x-small;\"><span lang=\"en-US\">1<\/span><\/span><\/p>\n<\/td>\n<\/tr>\n<tr valign=\"TOP\">\n<td style=\"width: 340px;\" bgcolor=\"#cccccc\">\n<p><span style=\"font-size: x-small;\">SI\u00c8GES<\/span><\/p>\n<\/td>\n<td style=\"width: 407px;\" bgcolor=\"#cccccc\">\n<p align=\"CENTER\"><span style=\"font-size: x-small;\">2<\/span><\/p>\n<\/td>\n<\/tr>\n<tr valign=\"TOP\">\n<td style=\"width: 340px;\" bgcolor=\"#f2f2f2\">\n<p><span style=\"font-size: x-small;\">GRANDS JETS R\u00c9GLABLES<\/span><\/p>\n<\/td>\n<td style=\"width: 407px;\" bgcolor=\"#f2f2f2\">\n<p align=\"CENTER\"><span style=\"font-size: x-small;\">4<\/span><\/p>\n<\/td>\n<\/tr>\n<tr valign=\"TOP\">\n<td style=\"width: 340px;\" bgcolor=\"#cccccc\">\n<p><span style=\"font-size: x-small;\">PETITS JETS&nbsp;<\/span><\/p>\n<\/td>\n<td style=\"width: 407px;\" bgcolor=\"#cccccc\">\n<p align=\"CENTER\"><span style=\"font-size: x-small;\">4<\/span><\/p>\n<\/td>\n<\/tr>\n<tr valign=\"TOP\">\n<td style=\"width: 340px;\" bgcolor=\"#f2f2f2\">\n<p><span style=\"font-size: x-small;\">APPUIE T\u00caTE EN PVC<\/span><\/p>\n<\/td>\n<td style=\"width: 407px;\" bgcolor=\"#f2f2f2\">\n<p align=\"CENTER\"><span style=\"font-size: x-small;\">2<\/span><\/p>\n<\/td>\n<\/tr>\n<tr valign=\"TOP\">\n<td style=\"width: 340px;\" bgcolor=\"#cccccc\">\n<p><span style=\"font-size: x-small;\">POIDS \u00c0&nbsp;VIDE<\/span><\/p>\n<\/td>\n<td style=\"width: 407px;\" bgcolor=\"#cccccc\">\n<p align=\"CENTER\"><span style=\"font-size: x-small;\">75 kg<\/span><\/p>\n<\/td>\n<\/tr>\n<tr valign=\"TOP\">\n<td style=\"width: 340px;\" bgcolor=\"#ffffff\">\n<p><span style=\"font-size: x-small;\">CERTIFICATION<\/span><\/p>\n<\/td>\n<td style=\"width: 407px;\" bgcolor=\"#ffffff\">\n<p align=\"CENTER\"><span style=\"font-size: x-small;\"><span lang=\"fr-FR\">CE, ROHS, ISO9001, CQC, CCC<\/span><\/span><\/p>\n<\/td>\n<\/tr>\n<tr valign=\"TOP\">\n<td style=\"width: 340px;\" bgcolor=\"#cccccc\">\n<p><span style=\"font-size: 8pt;\">DUR\u00c9E DE GARANTIE<\/span><\/p>\n<\/td>\n<td style=\"width: 407px;\" bgcolor=\"#cccccc\">\n<p align=\"CENTER\"><span style=\"font-size: x-small;\">2 ANS<\/span><\/p>\n<\/td>\n<\/tr>\n<\/tbody>\n<\/table>\n","protected":false},"excerpt":{"rendered":"<p>Spa 130&#215;130 pour deux personnes, 8 jets d&rsquo;hydromassage<\/p>\n","protected":false},"featured_media":18478,"comment_status":"open","ping_status":"closed","template":"","meta":[],"product_brand":[9909],"product_cat":[9707,9743],"product_tag":[],"class_list":{"0":"post-78278","1":"product","2":"type-product","3":"status-publish","4":"has-post-thumbnail","6":"product_brand-puntorelax-fr","7":"product_cat-baignoire-balneo","8":"product_cat-piscines-d-39-hydromassage","10":"first","11":"instock","12":"sale","13":"taxable","14":"shipping-taxable","15":"purchasable","16":"product-type-simple"},"exclude_global_add_ons":[],"addons":[],"yoast_head":"<!-- This site is optimized with the Yoast SEO plugin v26.7 - https:\/\/yoast.com\/wordpress\/plugins\/seo\/ -->\n<title>Baignoire \u00e0 remous 130x130 deux places, 8 jets avec robinets VS013<\/title>\n<meta name=\"description\" content=\"Baignoire d&#039;hydromassage \u00e0 8 jets hydro. Dimensions 130x130x60cm, pour 2 personnes. Avec 2 appuie-t\u00eate, facile \u00e0 installer et robinets inclus, achetez-le maintenant!\" \/>\n<meta name=\"robots\" content=\"index, follow, max-snippet:-1, max-image-preview:large, max-video-preview:-1\" \/>\n<link rel=\"canonical\" href=\"https:\/\/www.bagnoitalia.com\/fr\/produit\/spa-130x130-deux-places-8-jets-avec-robinets-sur-l-39-offre-vs013.html\" \/>\n<meta property=\"og:locale\" content=\"fr_FR\" \/>\n<meta property=\"og:type\" content=\"article\" \/>\n<meta property=\"og:title\" content=\"Baignoire \u00e0 remous 130x130 deux places, 8 jets avec robinets VS013\" \/>\n<meta property=\"og:description\" content=\"Baignoire d&#039;hydromassage \u00e0 8 jets hydro. Dimensions 130x130x60cm, pour 2 personnes. Avec 2 appuie-t\u00eate, facile \u00e0 installer et robinets inclus, achetez-le maintenant!\" \/>\n<meta property=\"og:url\" content=\"https:\/\/www.bagnoitalia.com\/fr\/produit\/spa-130x130-deux-places-8-jets-avec-robinets-sur-l-39-offre-vs013.html\" \/>\n<meta property=\"og:site_name\" content=\"Bagno Italia\" \/>\n<meta property=\"article:modified_time\" content=\"2024-05-10T22:17:25+00:00\" \/>\n<meta property=\"og:image\" content=\"https:\/\/img.bagnoitalia.com\/wp-content\/uploads\/virtuemart\/product\/Two-persons-Jacuzzi-130x130-VS013-1_1542042645_743.jpg\" \/>\n\t<meta property=\"og:image:width\" content=\"640\" \/>\n\t<meta property=\"og:image:height\" content=\"640\" \/>\n\t<meta property=\"og:image:type\" content=\"image\/jpeg\" \/>\n<meta name=\"twitter:card\" content=\"summary_large_image\" \/>\n<script type=\"application\/ld+json\" class=\"yoast-schema-graph\">{\"@context\":\"https:\/\/schema.org\",\"@graph\":[{\"@type\":\"WebPage\",\"@id\":\"https:\/\/www.bagnoitalia.com\/fr\/produit\/spa-130x130-deux-places-8-jets-avec-robinets-sur-l-39-offre-vs013.html\",\"url\":\"https:\/\/www.bagnoitalia.com\/fr\/produit\/spa-130x130-deux-places-8-jets-avec-robinets-sur-l-39-offre-vs013.html\",\"name\":\"Baignoire \u00e0 remous 130x130 deux places, 8 jets avec robinets VS013\",\"isPartOf\":{\"@id\":\"https:\/\/www.bagnoitalia.com\/fr#website\"},\"primaryImageOfPage\":{\"@id\":\"https:\/\/www.bagnoitalia.com\/fr\/produit\/spa-130x130-deux-places-8-jets-avec-robinets-sur-l-39-offre-vs013.html#primaryimage\"},\"image\":{\"@id\":\"https:\/\/www.bagnoitalia.com\/fr\/produit\/spa-130x130-deux-places-8-jets-avec-robinets-sur-l-39-offre-vs013.html#primaryimage\"},\"thumbnailUrl\":\"https:\/\/img.bagnoitalia.com\/wp-content\/uploads\/virtuemart\/product\/Two-persons-Jacuzzi-130x130-VS013-1_1542042645_743.jpg\",\"datePublished\":\"2013-03-27T11:55:19+00:00\",\"dateModified\":\"2024-05-10T22:17:25+00:00\",\"description\":\"Baignoire d&#39;hydromassage \u00e0 8 jets hydro. Dimensions 130x130x60cm, pour 2 personnes. Avec 2 appuie-t\u00eate, facile \u00e0 installer et robinets inclus, achetez-le maintenant!\",\"breadcrumb\":{\"@id\":\"https:\/\/www.bagnoitalia.com\/fr\/produit\/spa-130x130-deux-places-8-jets-avec-robinets-sur-l-39-offre-vs013.html#breadcrumb\"},\"inLanguage\":\"fr-FR\",\"potentialAction\":[{\"@type\":\"ReadAction\",\"target\":[\"https:\/\/www.bagnoitalia.com\/fr\/produit\/spa-130x130-deux-places-8-jets-avec-robinets-sur-l-39-offre-vs013.html\"]}]},{\"@type\":\"ImageObject\",\"inLanguage\":\"fr-FR\",\"@id\":\"https:\/\/www.bagnoitalia.com\/fr\/produit\/spa-130x130-deux-places-8-jets-avec-robinets-sur-l-39-offre-vs013.html#primaryimage\",\"url\":\"https:\/\/img.bagnoitalia.com\/wp-content\/uploads\/virtuemart\/product\/Two-persons-Jacuzzi-130x130-VS013-1_1542042645_743.jpg\",\"contentUrl\":\"https:\/\/img.bagnoitalia.com\/wp-content\/uploads\/virtuemart\/product\/Two-persons-Jacuzzi-130x130-VS013-1_1542042645_743.jpg\",\"width\":640,\"height\":640},{\"@type\":\"BreadcrumbList\",\"@id\":\"https:\/\/www.bagnoitalia.com\/fr\/produit\/spa-130x130-deux-places-8-jets-avec-robinets-sur-l-39-offre-vs013.html#breadcrumb\",\"itemListElement\":[{\"@type\":\"ListItem\",\"position\":1,\"name\":\"Home\",\"item\":\"https:\/\/www.bagnoitalia.com\/fr\"},{\"@type\":\"ListItem\",\"position\":2,\"name\":\"Produits\",\"item\":\"https:\/\/www.bagnoitalia.com\/fr\/shop\"},{\"@type\":\"ListItem\",\"position\":3,\"name\":\"Baignoire \u00e0 remous 130&#215;130 deux places, 8 jets avec robinets VS013\"}]},{\"@type\":\"WebSite\",\"@id\":\"https:\/\/www.bagnoitalia.com\/fr#website\",\"url\":\"https:\/\/www.bagnoitalia.com\/fr\",\"name\":\"Bagno Italia\",\"description\":\"\",\"publisher\":{\"@id\":\"https:\/\/www.bagnoitalia.com\/fr#organization\"},\"potentialAction\":[{\"@type\":\"SearchAction\",\"target\":{\"@type\":\"EntryPoint\",\"urlTemplate\":\"https:\/\/www.bagnoitalia.com\/fr?s={search_term_string}\"},\"query-input\":{\"@type\":\"PropertyValueSpecification\",\"valueRequired\":true,\"valueName\":\"search_term_string\"}}],\"inLanguage\":\"fr-FR\"},{\"@type\":\"Organization\",\"@id\":\"https:\/\/www.bagnoitalia.com\/fr#organization\",\"name\":\"Bagno Italia\",\"url\":\"https:\/\/www.bagnoitalia.com\/fr\",\"logo\":{\"@type\":\"ImageObject\",\"inLanguage\":\"fr-FR\",\"@id\":\"https:\/\/www.bagnoitalia.com\/fr#\/schema\/logo\/image\/\",\"url\":\"https:\/\/img.bagnoitalia.com\/wp-content\/uploads\/logo-bagnoitalia.webp\",\"contentUrl\":\"https:\/\/img.bagnoitalia.com\/wp-content\/uploads\/logo-bagnoitalia.webp\",\"width\":400,\"height\":70,\"caption\":\"Bagno Italia\"},\"image\":{\"@id\":\"https:\/\/www.bagnoitalia.com\/fr#\/schema\/logo\/image\/\"}}]}<\/script>\n<!-- \/ Yoast SEO plugin. -->","yoast_head_json":{"title":"Baignoire \u00e0 remous 130x130 deux places, 8 jets avec robinets VS013","description":"Baignoire d&#39;hydromassage \u00e0 8 jets hydro. Dimensions 130x130x60cm, pour 2 personnes. Avec 2 appuie-t\u00eate, facile \u00e0 installer et robinets inclus, achetez-le maintenant!","robots":{"index":"index","follow":"follow","max-snippet":"max-snippet:-1","max-image-preview":"max-image-preview:large","max-video-preview":"max-video-preview:-1"},"canonical":"https:\/\/www.bagnoitalia.com\/fr\/produit\/spa-130x130-deux-places-8-jets-avec-robinets-sur-l-39-offre-vs013.html","og_locale":"fr_FR","og_type":"article","og_title":"Baignoire \u00e0 remous 130x130 deux places, 8 jets avec robinets VS013","og_description":"Baignoire d&#39;hydromassage \u00e0 8 jets hydro. Dimensions 130x130x60cm, pour 2 personnes. Avec 2 appuie-t\u00eate, facile \u00e0 installer et robinets inclus, achetez-le maintenant!","og_url":"https:\/\/www.bagnoitalia.com\/fr\/produit\/spa-130x130-deux-places-8-jets-avec-robinets-sur-l-39-offre-vs013.html","og_site_name":"Bagno Italia","article_modified_time":"2024-05-10T22:17:25+00:00","og_image":[{"width":640,"height":640,"url":"https:\/\/img.bagnoitalia.com\/wp-content\/uploads\/virtuemart\/product\/Two-persons-Jacuzzi-130x130-VS013-1_1542042645_743.jpg","type":"image\/jpeg"}],"twitter_card":"summary_large_image","schema":{"@context":"https:\/\/schema.org","@graph":[{"@type":"WebPage","@id":"https:\/\/www.bagnoitalia.com\/fr\/produit\/spa-130x130-deux-places-8-jets-avec-robinets-sur-l-39-offre-vs013.html","url":"https:\/\/www.bagnoitalia.com\/fr\/produit\/spa-130x130-deux-places-8-jets-avec-robinets-sur-l-39-offre-vs013.html","name":"Baignoire \u00e0 remous 130x130 deux places, 8 jets avec robinets VS013","isPartOf":{"@id":"https:\/\/www.bagnoitalia.com\/fr#website"},"primaryImageOfPage":{"@id":"https:\/\/www.bagnoitalia.com\/fr\/produit\/spa-130x130-deux-places-8-jets-avec-robinets-sur-l-39-offre-vs013.html#primaryimage"},"image":{"@id":"https:\/\/www.bagnoitalia.com\/fr\/produit\/spa-130x130-deux-places-8-jets-avec-robinets-sur-l-39-offre-vs013.html#primaryimage"},"thumbnailUrl":"https:\/\/img.bagnoitalia.com\/wp-content\/uploads\/virtuemart\/product\/Two-persons-Jacuzzi-130x130-VS013-1_1542042645_743.jpg","datePublished":"2013-03-27T11:55:19+00:00","dateModified":"2024-05-10T22:17:25+00:00","description":"Baignoire d&#39;hydromassage \u00e0 8 jets hydro. Dimensions 130x130x60cm, pour 2 personnes. Avec 2 appuie-t\u00eate, facile \u00e0 installer et robinets inclus, achetez-le maintenant!","breadcrumb":{"@id":"https:\/\/www.bagnoitalia.com\/fr\/produit\/spa-130x130-deux-places-8-jets-avec-robinets-sur-l-39-offre-vs013.html#breadcrumb"},"inLanguage":"fr-FR","potentialAction":[{"@type":"ReadAction","target":["https:\/\/www.bagnoitalia.com\/fr\/produit\/spa-130x130-deux-places-8-jets-avec-robinets-sur-l-39-offre-vs013.html"]}]},{"@type":"ImageObject","inLanguage":"fr-FR","@id":"https:\/\/www.bagnoitalia.com\/fr\/produit\/spa-130x130-deux-places-8-jets-avec-robinets-sur-l-39-offre-vs013.html#primaryimage","url":"https:\/\/img.bagnoitalia.com\/wp-content\/uploads\/virtuemart\/product\/Two-persons-Jacuzzi-130x130-VS013-1_1542042645_743.jpg","contentUrl":"https:\/\/img.bagnoitalia.com\/wp-content\/uploads\/virtuemart\/product\/Two-persons-Jacuzzi-130x130-VS013-1_1542042645_743.jpg","width":640,"height":640},{"@type":"BreadcrumbList","@id":"https:\/\/www.bagnoitalia.com\/fr\/produit\/spa-130x130-deux-places-8-jets-avec-robinets-sur-l-39-offre-vs013.html#breadcrumb","itemListElement":[{"@type":"ListItem","position":1,"name":"Home","item":"https:\/\/www.bagnoitalia.com\/fr"},{"@type":"ListItem","position":2,"name":"Produits","item":"https:\/\/www.bagnoitalia.com\/fr\/shop"},{"@type":"ListItem","position":3,"name":"Baignoire \u00e0 remous 130&#215;130 deux places, 8 jets avec robinets VS013"}]},{"@type":"WebSite","@id":"https:\/\/www.bagnoitalia.com\/fr#website","url":"https:\/\/www.bagnoitalia.com\/fr","name":"Bagno Italia","description":"","publisher":{"@id":"https:\/\/www.bagnoitalia.com\/fr#organization"},"potentialAction":[{"@type":"SearchAction","target":{"@type":"EntryPoint","urlTemplate":"https:\/\/www.bagnoitalia.com\/fr?s={search_term_string}"},"query-input":{"@type":"PropertyValueSpecification","valueRequired":true,"valueName":"search_term_string"}}],"inLanguage":"fr-FR"},{"@type":"Organization","@id":"https:\/\/www.bagnoitalia.com\/fr#organization","name":"Bagno Italia","url":"https:\/\/www.bagnoitalia.com\/fr","logo":{"@type":"ImageObject","inLanguage":"fr-FR","@id":"https:\/\/www.bagnoitalia.com\/fr#\/schema\/logo\/image\/","url":"https:\/\/img.bagnoitalia.com\/wp-content\/uploads\/logo-bagnoitalia.webp","contentUrl":"https:\/\/img.bagnoitalia.com\/wp-content\/uploads\/logo-bagnoitalia.webp","width":400,"height":70,"caption":"Bagno Italia"},"image":{"@id":"https:\/\/www.bagnoitalia.com\/fr#\/schema\/logo\/image\/"}}]}},"_links":{"self":[{"href":"https:\/\/www.bagnoitalia.com\/fr\/wp-json\/wp\/v2\/product\/78278","targetHints":{"allow":["GET"]}}],"collection":[{"href":"https:\/\/www.bagnoitalia.com\/fr\/wp-json\/wp\/v2\/product"}],"about":[{"href":"https:\/\/www.bagnoitalia.com\/fr\/wp-json\/wp\/v2\/types\/product"}],"replies":[{"embeddable":true,"href":"https:\/\/www.bagnoitalia.com\/fr\/wp-json\/wp\/v2\/comments?post=78278"}],"version-history":[{"count":0,"href":"https:\/\/www.bagnoitalia.com\/fr\/wp-json\/wp\/v2\/product\/78278\/revisions"}],"wp:featuredmedia":[{"embeddable":true,"href":"https:\/\/www.bagnoitalia.com\/fr\/wp-json\/wp\/v2\/media\/18478"}],"wp:attachment":[{"href":"https:\/\/www.bagnoitalia.com\/fr\/wp-json\/wp\/v2\/media?parent=78278"}],"wp:term":[{"taxonomy":"product_brand","embeddable":true,"href":"https:\/\/www.bagnoitalia.com\/fr\/wp-json\/wp\/v2\/product_brand?post=78278"},{"taxonomy":"product_cat","embeddable":true,"href":"https:\/\/www.bagnoitalia.com\/fr\/wp-json\/wp\/v2\/product_cat?post=78278"},{"taxonomy":"product_tag","embeddable":true,"href":"https:\/\/www.bagnoitalia.com\/fr\/wp-json\/wp\/v2\/product_tag?post=78278"}],"curies":[{"name":"wp","href":"https:\/\/api.w.org\/{rel}","templated":true}]}}