{"id":78258,"date":"2013-03-19T19:08:45","date_gmt":"2013-03-19T18:08:45","guid":{"rendered":"https:\/\/www.bagnoitalia.com\/product\/cabine-d-39-hydromassage-90x90-avec-jet-8-jets-d-39-aluminium"},"modified":"2013-03-19T19:08:45","modified_gmt":"2013-03-19T18:08:45","slug":"cabine-d-39-hydromassage-90x90-avec-jet-8-jets-d-39-aluminium","status":"publish","type":"product","link":"https:\/\/www.bagnoitalia.com\/fr\/produit\/cabine-d-39-hydromassage-90x90-avec-jet-8-jets-d-39-aluminium.html","title":{"rendered":"Cabine d&#39;hydromassage 90&#215;90 avec jet 8 jets d&#39;aluminium"},"content":{"rendered":"<p> <strong><span style=\"font-family: verdana,geneva,sans-serif;\">Cabine 90&#215;90 avec profil en aluminium 8 jets avec pommeau de douche sur le toit <br \/><\/span><\/strong> <\/p>\n<table border=\"3\" style=\"width: 628px; height: 737px;\" frame=\"ABOVE\" cellspacing=\"0\" cellpadding=\"7\">\n<colgroup>\n<col width=\"340\" \/>\n<col width=\"407\" \/><\/colgroup>\n<tbody>\n<tr valign=\"TOP\">\n<td bgcolor=\"#f2f2f2\" width=\"340\">\n<p> <span style=\"font-size: x-small;\">MESURES<\/span> <\/p>\n<\/td>\n<td bgcolor=\"#f2f2f2\" width=\"407\">\n<p align=\"CENTER\"> <span style=\"font-size: x-small;\">900 x 900 x 2150 mm<\/span> <\/p>\n<\/td>\n<\/tr>\n<tr valign=\"TOP\">\n<td bgcolor=\"#cccccc\" width=\"340\">\n<p> <span style=\"font-size: x-small;\">BASE<\/span> <\/p>\n<\/td>\n<td bgcolor=\"#cccccc\" width=\"407\">\n<p> <span style=\"font-size: x-small;\">5mm d&#39;acrylique et ABS renforc\u00e9 avec 3 couches de fibre de verre<\/span> <\/p>\n<\/td>\n<\/tr>\n<tr valign=\"TOP\">\n<td bgcolor=\"#f2f2f2\" width=\"340\">\n<p> <span style=\"font-size: x-small;\">PORTES AVANT<\/span> <\/p>\n<\/td>\n<td bgcolor=\"#f2f2f2\" width=\"407\">\n<p align=\"CENTER\"> <span style=\"font-size: x-small;\">Cristal tremp\u00e9 transparent 5mm<\/span> <\/p>\n<\/td>\n<\/tr>\n<tr valign=\"TOP\">\n<td bgcolor=\"#cccccc\" width=\"340\">\n<p> <span style=\"font-size: x-small;\">PROFILS, MONTANTI<\/span> <\/p>\n<\/td>\n<td bgcolor=\"#cccccc\" width=\"407\">\n<p align=\"CENTER\"> <span style=\"font-size: x-small;\">ALUMINIUM SATIN\u00c9 OU PEINTURE BLANCHE<\/span> <\/p>\n<\/td>\n<\/tr>\n<tr valign=\"TOP\">\n<td bgcolor=\"#ffffff\" width=\"340\">\n<p> <span style=\"font-size: x-small;\">RETRO<\/span> <\/p>\n<\/td>\n<td bgcolor=\"#ffffff\" width=\"407\">\n<p align=\"CENTER\"> <span style=\"font-size: x-small;\">ABS<\/span> <\/p>\n<\/td>\n<\/tr>\n<tr valign=\"TOP\">\n<td bgcolor=\"#cccccc\" width=\"340\">\n<p> <span style=\"font-size: x-small;\"><span lang=\"en-US\">M\u00c9LANGEUR DE CUIVRE<\/span><\/span> <\/p>\n<\/td>\n<td bgcolor=\"#cccccc\" width=\"407\">\n<p align=\"CENTER\"> <span style=\"font-size: x-small;\"><span lang=\"en-US\">1<\/span><\/span> <\/p>\n<\/td>\n<\/tr>\n<tr valign=\"TOP\">\n<td bgcolor=\"#f2f2f2\" width=\"340\">\n<p> <span style=\"font-size: x-small;\"><span lang=\"en-US\">CAPUCHON SUP\u00c9RIEUR avec pomme de douche <br \/><\/span><\/span> <\/p>\n<\/td>\n<td bgcolor=\"#f2f2f2\" width=\"407\">\n<p align=\"CENTER\"> <span style=\"font-size: x-small;\"><span lang=\"en-US\">1<\/span><\/span> <\/p>\n<\/td>\n<\/tr>\n<tr valign=\"TOP\">\n<td bgcolor=\"#cccccc\" width=\"340\">\n<p> <span style=\"font-size: x-small;\">MIROIR<\/span> <\/p>\n<\/td>\n<td bgcolor=\"#cccccc\" width=\"407\">\n<p align=\"CENTER\"> <span style=\"font-size: x-small;\">1<\/span> <\/p>\n<\/td>\n<\/tr>\n<tr valign=\"TOP\">\n<td bgcolor=\"#f2f2f2\" width=\"340\">\n<p> <span style=\"font-size: x-small;\">RADIO<\/span> <\/p>\n<\/td>\n<td bgcolor=\"#f2f2f2\" width=\"407\">\n<p align=\"CENTER\"> <span style=\"font-size: x-small;\">1<\/span> <\/p>\n<\/td>\n<\/tr>\n<tr valign=\"TOP\">\n<td bgcolor=\"#cccccc\" width=\"340\">\n<p> <span style=\"font-size: x-small;\">INTERVENANTS<\/span> <\/p>\n<\/td>\n<td bgcolor=\"#cccccc\" width=\"407\">\n<p align=\"CENTER\"> <span style=\"font-size: x-small;\">1<\/span> <\/p>\n<\/td>\n<\/tr>\n<tr valign=\"TOP\">\n<td bgcolor=\"#ffffff\" width=\"340\">\n<p> <span style=\"font-size: x-small;\">MASSAGER POUR PIED<\/span> <\/p>\n<\/td>\n<td bgcolor=\"#ffffff\" width=\"407\">\n<p align=\"CENTER\"> <span style=\"font-size: x-small;\">1<\/span> <\/p>\n<\/td>\n<\/tr>\n<tr valign=\"TOP\">\n<td bgcolor=\"#cccccc\" width=\"340\">\n<p> <span style=\"font-size: x-small;\">JETS DE PETITES TAILLES<\/span> <\/p>\n<\/td>\n<td bgcolor=\"#cccccc\" width=\"407\">\n<p align=\"CENTER\"> <span style=\"font-size: x-small;\">2<\/span> <\/p>\n<\/td>\n<\/tr>\n<tr valign=\"TOP\">\n<td bgcolor=\"#f2f2f2\" width=\"340\">\n<p> <span style=\"font-size: x-small;\">GRANDS JETS DIFFERENTABLES DE LA TAILLE<\/span> <\/p>\n<\/td>\n<td bgcolor=\"#f2f2f2\" width=\"407\">\n<p align=\"CENTER\"> <span style=\"font-size: x-small;\">6<\/span> <\/p>\n<\/td>\n<\/tr>\n<tr valign=\"TOP\">\n<td bgcolor=\"#cccccc\" width=\"340\">\n<p> <span style=\"font-size: x-small;\">FLEXIBLE AVEC DES SELS ET DUVET<\/span> <\/p>\n<\/td>\n<td bgcolor=\"#cccccc\" width=\"407\">\n<p align=\"CENTER\"> <span style=\"font-size: x-small;\">1<\/span> <\/p>\n<\/td>\n<\/tr>\n<tr valign=\"TOP\">\n<td bgcolor=\"#f2f2f2\" width=\"340\">\n<p> <span style=\"font-size: x-small;\">AFFICHAGE LCD<\/span> <\/p>\n<\/td>\n<td bgcolor=\"#f2f2f2\" width=\"407\">\n<p align=\"CENTER\"> <span style=\"font-size: x-small;\">1<\/span> <\/p>\n<\/td>\n<\/tr>\n<tr valign=\"TOP\">\n<td bgcolor=\"#cccccc\" width=\"340\">\n<p> <span style=\"font-size: x-small;\">SYST\u00c8ME D&#39;\u00c9CLAIRAGE<\/span> <\/p>\n<\/td>\n<td bgcolor=\"#cccccc\" width=\"407\">\n<p align=\"CENTER\"> <span style=\"font-size: x-small;\">1<\/span> <\/p>\n<\/td>\n<\/tr>\n<tr valign=\"TOP\">\n<td bgcolor=\"#ffffff\" width=\"340\">\n<p> <span style=\"font-size: x-small;\">TAPS<\/span> <\/p>\n<\/td>\n<td bgcolor=\"#ffffff\" width=\"407\">\n<p align=\"CENTER\"> <span style=\"font-size: x-small;\">Y COMPRIS<\/span> <\/p>\n<\/td>\n<\/tr>\n<tr valign=\"TOP\">\n<td bgcolor=\"#cccccc\" width=\"340\">\n<p> <span style=\"font-size: x-small;\">CERTIFICATION<\/span> <\/p>\n<\/td>\n<td bgcolor=\"#cccccc\" width=\"407\">\n<p align=\"CENTER\"> <span style=\"font-size: x-small;\"><span lang=\"fr-FR\">CE, ROHS, ISO9001, CQC, CCC<\/span><\/span> <\/p>\n<\/td>\n<\/tr>\n<tr valign=\"TOP\">\n<td bgcolor=\"#f2f2f2\" width=\"340\">\n<p> <span style=\"font-size: x-small;\">ANN\u00c9E GARANTIE<\/span> <\/p>\n<\/td>\n<td bgcolor=\"#f2f2f2\" width=\"407\">\n<p align=\"CENTER\"> <span style=\"font-size: x-small;\">2<\/span> <\/p>\n<\/td>\n<\/tr>\n<\/tbody>\n<\/table>\n","protected":false},"excerpt":{"rendered":"<p>Cabine 90&#215;90 avec profil en aluminium 8 jets pour l&#39;hydromassage<\/p>\n","protected":false},"featured_media":18338,"comment_status":"open","ping_status":"closed","template":"","meta":[],"product_brand":[],"product_cat":[15],"product_tag":[],"class_list":{"0":"post-78258","1":"product","2":"type-product","3":"status-publish","4":"has-post-thumbnail","6":"product_cat-senza-categoria","8":"first","9":"outofstock","10":"taxable","11":"shipping-taxable","12":"purchasable","13":"product-type-simple"},"exclude_global_add_ons":[],"addons":[],"yoast_head":"<!-- This site is optimized with the Yoast SEO plugin v26.7 - https:\/\/yoast.com\/wordpress\/plugins\/seo\/ -->\n<title>Cabine d&#039;hydromassage 90x90 \u00e0 8 jets<\/title>\n<meta name=\"description\" content=\"Cabine d&#039;hydromassage 90x90 cm avec 8 jets d&#039;eau r\u00e9glables, avec profil\u00e9s en aluminium et m\u00e9langeur en cuivre, massage des pieds et \u00e9cran LCD pour le contr\u00f4le, la radio, les haut-parleurs et l&#039;\u00e9clairage.\" \/>\n<meta name=\"robots\" content=\"index, follow, max-snippet:-1, max-image-preview:large, max-video-preview:-1\" \/>\n<link rel=\"canonical\" href=\"https:\/\/www.bagnoitalia.com\/fr\/produit\/cabine-d-39-hydromassage-90x90-avec-jet-8-jets-d-39-aluminium.html\" \/>\n<meta property=\"og:locale\" content=\"fr_FR\" \/>\n<meta property=\"og:type\" content=\"article\" \/>\n<meta property=\"og:title\" content=\"Cabine d&#039;hydromassage 90x90 \u00e0 8 jets\" \/>\n<meta property=\"og:description\" content=\"Cabine d&#039;hydromassage 90x90 cm avec 8 jets d&#039;eau r\u00e9glables, avec profil\u00e9s en aluminium et m\u00e9langeur en cuivre, massage des pieds et \u00e9cran LCD pour le contr\u00f4le, la radio, les haut-parleurs et l&#039;\u00e9clairage.\" \/>\n<meta property=\"og:url\" content=\"https:\/\/www.bagnoitalia.com\/fr\/produit\/cabine-d-39-hydromassage-90x90-avec-jet-8-jets-d-39-aluminium.html\" \/>\n<meta property=\"og:site_name\" content=\"Bagno Italia\" \/>\n<meta property=\"og:image\" content=\"https:\/\/img.bagnoitalia.com\/wp-content\/uploads\/virtuemart\/product\/fuori_produzione9.jpg\" \/>\n\t<meta property=\"og:image:width\" content=\"345\" \/>\n\t<meta property=\"og:image:height\" content=\"315\" \/>\n\t<meta property=\"og:image:type\" content=\"image\/jpeg\" \/>\n<meta name=\"twitter:card\" content=\"summary_large_image\" \/>\n<script type=\"application\/ld+json\" class=\"yoast-schema-graph\">{\"@context\":\"https:\/\/schema.org\",\"@graph\":[{\"@type\":\"WebPage\",\"@id\":\"https:\/\/www.bagnoitalia.com\/fr\/produit\/cabine-d-39-hydromassage-90x90-avec-jet-8-jets-d-39-aluminium.html\",\"url\":\"https:\/\/www.bagnoitalia.com\/fr\/produit\/cabine-d-39-hydromassage-90x90-avec-jet-8-jets-d-39-aluminium.html\",\"name\":\"Cabine d&#39;hydromassage 90x90 \u00e0 8 jets\",\"isPartOf\":{\"@id\":\"https:\/\/www.bagnoitalia.com\/fr#website\"},\"primaryImageOfPage\":{\"@id\":\"https:\/\/www.bagnoitalia.com\/fr\/produit\/cabine-d-39-hydromassage-90x90-avec-jet-8-jets-d-39-aluminium.html#primaryimage\"},\"image\":{\"@id\":\"https:\/\/www.bagnoitalia.com\/fr\/produit\/cabine-d-39-hydromassage-90x90-avec-jet-8-jets-d-39-aluminium.html#primaryimage\"},\"thumbnailUrl\":\"https:\/\/img.bagnoitalia.com\/wp-content\/uploads\/virtuemart\/product\/fuori_produzione9.jpg\",\"datePublished\":\"2013-03-19T18:08:45+00:00\",\"description\":\"Cabine d&#39;hydromassage 90x90 cm avec 8 jets d&#39;eau r\u00e9glables, avec profil\u00e9s en aluminium et m\u00e9langeur en cuivre, massage des pieds et \u00e9cran LCD pour le contr\u00f4le, la radio, les haut-parleurs et l&#39;\u00e9clairage.\",\"breadcrumb\":{\"@id\":\"https:\/\/www.bagnoitalia.com\/fr\/produit\/cabine-d-39-hydromassage-90x90-avec-jet-8-jets-d-39-aluminium.html#breadcrumb\"},\"inLanguage\":\"fr-FR\",\"potentialAction\":[{\"@type\":\"ReadAction\",\"target\":[\"https:\/\/www.bagnoitalia.com\/fr\/produit\/cabine-d-39-hydromassage-90x90-avec-jet-8-jets-d-39-aluminium.html\"]}]},{\"@type\":\"ImageObject\",\"inLanguage\":\"fr-FR\",\"@id\":\"https:\/\/www.bagnoitalia.com\/fr\/produit\/cabine-d-39-hydromassage-90x90-avec-jet-8-jets-d-39-aluminium.html#primaryimage\",\"url\":\"https:\/\/img.bagnoitalia.com\/wp-content\/uploads\/virtuemart\/product\/fuori_produzione9.jpg\",\"contentUrl\":\"https:\/\/img.bagnoitalia.com\/wp-content\/uploads\/virtuemart\/product\/fuori_produzione9.jpg\",\"width\":345,\"height\":315},{\"@type\":\"BreadcrumbList\",\"@id\":\"https:\/\/www.bagnoitalia.com\/fr\/produit\/cabine-d-39-hydromassage-90x90-avec-jet-8-jets-d-39-aluminium.html#breadcrumb\",\"itemListElement\":[{\"@type\":\"ListItem\",\"position\":1,\"name\":\"Home\",\"item\":\"https:\/\/www.bagnoitalia.com\/fr\"},{\"@type\":\"ListItem\",\"position\":2,\"name\":\"Produits\",\"item\":\"https:\/\/www.bagnoitalia.com\/fr\/shop\"},{\"@type\":\"ListItem\",\"position\":3,\"name\":\"Cabine d&#39;hydromassage 90&#215;90 avec jet 8 jets d&#39;aluminium\"}]},{\"@type\":\"WebSite\",\"@id\":\"https:\/\/www.bagnoitalia.com\/fr#website\",\"url\":\"https:\/\/www.bagnoitalia.com\/fr\",\"name\":\"Bagno Italia\",\"description\":\"\",\"publisher\":{\"@id\":\"https:\/\/www.bagnoitalia.com\/fr#organization\"},\"potentialAction\":[{\"@type\":\"SearchAction\",\"target\":{\"@type\":\"EntryPoint\",\"urlTemplate\":\"https:\/\/www.bagnoitalia.com\/fr?s={search_term_string}\"},\"query-input\":{\"@type\":\"PropertyValueSpecification\",\"valueRequired\":true,\"valueName\":\"search_term_string\"}}],\"inLanguage\":\"fr-FR\"},{\"@type\":\"Organization\",\"@id\":\"https:\/\/www.bagnoitalia.com\/fr#organization\",\"name\":\"Bagno Italia\",\"url\":\"https:\/\/www.bagnoitalia.com\/fr\",\"logo\":{\"@type\":\"ImageObject\",\"inLanguage\":\"fr-FR\",\"@id\":\"https:\/\/www.bagnoitalia.com\/fr#\/schema\/logo\/image\/\",\"url\":\"https:\/\/img.bagnoitalia.com\/wp-content\/uploads\/logo-bagnoitalia.webp\",\"contentUrl\":\"https:\/\/img.bagnoitalia.com\/wp-content\/uploads\/logo-bagnoitalia.webp\",\"width\":400,\"height\":70,\"caption\":\"Bagno Italia\"},\"image\":{\"@id\":\"https:\/\/www.bagnoitalia.com\/fr#\/schema\/logo\/image\/\"}}]}<\/script>\n<!-- \/ Yoast SEO plugin. -->","yoast_head_json":{"title":"Cabine d&#39;hydromassage 90x90 \u00e0 8 jets","description":"Cabine d&#39;hydromassage 90x90 cm avec 8 jets d&#39;eau r\u00e9glables, avec profil\u00e9s en aluminium et m\u00e9langeur en cuivre, massage des pieds et \u00e9cran LCD pour le contr\u00f4le, la radio, les haut-parleurs et l&#39;\u00e9clairage.","robots":{"index":"index","follow":"follow","max-snippet":"max-snippet:-1","max-image-preview":"max-image-preview:large","max-video-preview":"max-video-preview:-1"},"canonical":"https:\/\/www.bagnoitalia.com\/fr\/produit\/cabine-d-39-hydromassage-90x90-avec-jet-8-jets-d-39-aluminium.html","og_locale":"fr_FR","og_type":"article","og_title":"Cabine d&#39;hydromassage 90x90 \u00e0 8 jets","og_description":"Cabine d&#39;hydromassage 90x90 cm avec 8 jets d&#39;eau r\u00e9glables, avec profil\u00e9s en aluminium et m\u00e9langeur en cuivre, massage des pieds et \u00e9cran LCD pour le contr\u00f4le, la radio, les haut-parleurs et l&#39;\u00e9clairage.","og_url":"https:\/\/www.bagnoitalia.com\/fr\/produit\/cabine-d-39-hydromassage-90x90-avec-jet-8-jets-d-39-aluminium.html","og_site_name":"Bagno Italia","og_image":[{"width":345,"height":315,"url":"https:\/\/img.bagnoitalia.com\/wp-content\/uploads\/virtuemart\/product\/fuori_produzione9.jpg","type":"image\/jpeg"}],"twitter_card":"summary_large_image","schema":{"@context":"https:\/\/schema.org","@graph":[{"@type":"WebPage","@id":"https:\/\/www.bagnoitalia.com\/fr\/produit\/cabine-d-39-hydromassage-90x90-avec-jet-8-jets-d-39-aluminium.html","url":"https:\/\/www.bagnoitalia.com\/fr\/produit\/cabine-d-39-hydromassage-90x90-avec-jet-8-jets-d-39-aluminium.html","name":"Cabine d&#39;hydromassage 90x90 \u00e0 8 jets","isPartOf":{"@id":"https:\/\/www.bagnoitalia.com\/fr#website"},"primaryImageOfPage":{"@id":"https:\/\/www.bagnoitalia.com\/fr\/produit\/cabine-d-39-hydromassage-90x90-avec-jet-8-jets-d-39-aluminium.html#primaryimage"},"image":{"@id":"https:\/\/www.bagnoitalia.com\/fr\/produit\/cabine-d-39-hydromassage-90x90-avec-jet-8-jets-d-39-aluminium.html#primaryimage"},"thumbnailUrl":"https:\/\/img.bagnoitalia.com\/wp-content\/uploads\/virtuemart\/product\/fuori_produzione9.jpg","datePublished":"2013-03-19T18:08:45+00:00","description":"Cabine d&#39;hydromassage 90x90 cm avec 8 jets d&#39;eau r\u00e9glables, avec profil\u00e9s en aluminium et m\u00e9langeur en cuivre, massage des pieds et \u00e9cran LCD pour le contr\u00f4le, la radio, les haut-parleurs et l&#39;\u00e9clairage.","breadcrumb":{"@id":"https:\/\/www.bagnoitalia.com\/fr\/produit\/cabine-d-39-hydromassage-90x90-avec-jet-8-jets-d-39-aluminium.html#breadcrumb"},"inLanguage":"fr-FR","potentialAction":[{"@type":"ReadAction","target":["https:\/\/www.bagnoitalia.com\/fr\/produit\/cabine-d-39-hydromassage-90x90-avec-jet-8-jets-d-39-aluminium.html"]}]},{"@type":"ImageObject","inLanguage":"fr-FR","@id":"https:\/\/www.bagnoitalia.com\/fr\/produit\/cabine-d-39-hydromassage-90x90-avec-jet-8-jets-d-39-aluminium.html#primaryimage","url":"https:\/\/img.bagnoitalia.com\/wp-content\/uploads\/virtuemart\/product\/fuori_produzione9.jpg","contentUrl":"https:\/\/img.bagnoitalia.com\/wp-content\/uploads\/virtuemart\/product\/fuori_produzione9.jpg","width":345,"height":315},{"@type":"BreadcrumbList","@id":"https:\/\/www.bagnoitalia.com\/fr\/produit\/cabine-d-39-hydromassage-90x90-avec-jet-8-jets-d-39-aluminium.html#breadcrumb","itemListElement":[{"@type":"ListItem","position":1,"name":"Home","item":"https:\/\/www.bagnoitalia.com\/fr"},{"@type":"ListItem","position":2,"name":"Produits","item":"https:\/\/www.bagnoitalia.com\/fr\/shop"},{"@type":"ListItem","position":3,"name":"Cabine d&#39;hydromassage 90&#215;90 avec jet 8 jets d&#39;aluminium"}]},{"@type":"WebSite","@id":"https:\/\/www.bagnoitalia.com\/fr#website","url":"https:\/\/www.bagnoitalia.com\/fr","name":"Bagno Italia","description":"","publisher":{"@id":"https:\/\/www.bagnoitalia.com\/fr#organization"},"potentialAction":[{"@type":"SearchAction","target":{"@type":"EntryPoint","urlTemplate":"https:\/\/www.bagnoitalia.com\/fr?s={search_term_string}"},"query-input":{"@type":"PropertyValueSpecification","valueRequired":true,"valueName":"search_term_string"}}],"inLanguage":"fr-FR"},{"@type":"Organization","@id":"https:\/\/www.bagnoitalia.com\/fr#organization","name":"Bagno Italia","url":"https:\/\/www.bagnoitalia.com\/fr","logo":{"@type":"ImageObject","inLanguage":"fr-FR","@id":"https:\/\/www.bagnoitalia.com\/fr#\/schema\/logo\/image\/","url":"https:\/\/img.bagnoitalia.com\/wp-content\/uploads\/logo-bagnoitalia.webp","contentUrl":"https:\/\/img.bagnoitalia.com\/wp-content\/uploads\/logo-bagnoitalia.webp","width":400,"height":70,"caption":"Bagno Italia"},"image":{"@id":"https:\/\/www.bagnoitalia.com\/fr#\/schema\/logo\/image\/"}}]}},"_links":{"self":[{"href":"https:\/\/www.bagnoitalia.com\/fr\/wp-json\/wp\/v2\/product\/78258","targetHints":{"allow":["GET"]}}],"collection":[{"href":"https:\/\/www.bagnoitalia.com\/fr\/wp-json\/wp\/v2\/product"}],"about":[{"href":"https:\/\/www.bagnoitalia.com\/fr\/wp-json\/wp\/v2\/types\/product"}],"replies":[{"embeddable":true,"href":"https:\/\/www.bagnoitalia.com\/fr\/wp-json\/wp\/v2\/comments?post=78258"}],"version-history":[{"count":0,"href":"https:\/\/www.bagnoitalia.com\/fr\/wp-json\/wp\/v2\/product\/78258\/revisions"}],"wp:featuredmedia":[{"embeddable":true,"href":"https:\/\/www.bagnoitalia.com\/fr\/wp-json\/wp\/v2\/media\/18338"}],"wp:attachment":[{"href":"https:\/\/www.bagnoitalia.com\/fr\/wp-json\/wp\/v2\/media?parent=78258"}],"wp:term":[{"taxonomy":"product_brand","embeddable":true,"href":"https:\/\/www.bagnoitalia.com\/fr\/wp-json\/wp\/v2\/product_brand?post=78258"},{"taxonomy":"product_cat","embeddable":true,"href":"https:\/\/www.bagnoitalia.com\/fr\/wp-json\/wp\/v2\/product_cat?post=78258"},{"taxonomy":"product_tag","embeddable":true,"href":"https:\/\/www.bagnoitalia.com\/fr\/wp-json\/wp\/v2\/product_tag?post=78258"}],"curies":[{"name":"wp","href":"https:\/\/api.w.org\/{rel}","templated":true}]}}