{"id":78226,"date":"2013-01-25T01:30:37","date_gmt":"2013-01-25T00:30:37","guid":{"rendered":"https:\/\/www.bagnoitalia.com\/product\/stiven-modern-bathroom-furniture-69-cm-en-4-couleurs-arrondies"},"modified":"2024-06-06T11:53:22","modified_gmt":"2024-06-06T09:53:22","slug":"stiven-modern-bathroom-furniture-69-cm-en-4-couleurs-arrondies","status":"publish","type":"product","link":"https:\/\/www.bagnoitalia.com\/fr\/produit\/stiven-modern-bathroom-furniture-69-cm-en-4-couleurs-arrondies.html","title":{"rendered":"Meuble de salle de bain arrondi Stiven 69 cm  en 4 couleurs"},"content":{"rendered":"<p><strong style=\"font-size: 10pt; background-color: inherit; color: inherit;\">Le prix comprend:<\/strong><\/p>\n<p><span style=\"font-size: 10pt;\"><strong>\u00a0<\/strong><\/span><\/p>\n<p><span style=\"font-size: 10pt;\">1 Meuble sous lavabo avec 2 tiroirs 69Lx55Hx52 <span style=\"font-size: 10pt;\">cm <\/span>profondeur maximal du centre du lavabo (profondeur minimale 38 cm)<\/span><\/p>\n<p><span style=\"font-size: 10pt;\">1 Lavabo\u00a0 70 cm (dimensions int\u00e9rieures 53x31xh13 cm)<br \/>\n<\/span><\/p>\n<p>&nbsp;<\/p>\n<p><span style=\"font-size: 10pt;\">(V<em>ous pouvez choisir le miroir ou la colonne dans les cat\u00e9gories \u00ab\u00a0<\/em> <a href=\"specchiere\"><em>miroirs<\/em><\/a> <em>ou<\/em> <a href=\"complementi-moderni\"><em>Meubles compl\u00e9mentaires modernes<\/em><\/a><em>\u00ab\u00a0<\/em> )<\/span><\/p>\n<p>Le meuble Stiven \u00e9tant modulaire,il peut \u00eatre compl\u00e9t\u00e9 par un terminal de 34 cm qui peut \u00eatre plac\u00e9 \u00e0 gauche ou \u00e0 droite des deux c\u00f4t\u00e9s (comme vous pouvez le voir sur les photos sus-jacentes).<\/p>\n<p><span style=\"font-size: 10pt;\"><strong>Caract\u00e9ristiques techniques:<\/strong><\/span><\/p>\n<p><span style=\"font-size: 10pt;\">Structure en MDF (mediodensit)<\/span><\/p>\n<p><span style=\"font-size: 10pt;\">Tiroir et portes: en MDF<\/span><\/p>\n<p><span style=\"font-size: 10pt;\">Guides: amortis<\/span><\/p>\n<p>&nbsp;<\/p>\n<p>&nbsp;<\/p>\n<p><span style=\"font-size: 10pt;\">Couleurs disponibles: rouge brillant, blanc brillant<br \/>\n<\/span><\/p>\n<p>&nbsp;<\/p>\n<p><span style=\"font-size: 10pt;\">\u00a0<\/span><\/p>\n<p><span style=\"text-decoration: underline;\"><strong>\u00a0<\/strong><\/span><\/p>\n<p>ATTENTION : LES COULEURS NOIR ET GRIS NATURE NE SONT PLUS PRODUITES<\/p>\n","protected":false},"excerpt":{"rendered":"<p>Le meuble de salle de bain Stiven de 69, 104 ou 138 cm est un meuble modulaire disponible en 4 couleurs<\/p>\n","protected":false},"featured_media":18086,"comment_status":"open","ping_status":"closed","template":"","meta":[],"product_brand":[5011],"product_cat":[9715],"product_tag":[],"class_list":{"0":"post-78226","1":"product","2":"type-product","3":"status-publish","4":"has-post-thumbnail","6":"product_brand-baden-haus","7":"product_cat-meubles-de-salle-de-bain-de-40-a-70-cm","9":"first","10":"instock","11":"sale","12":"taxable","13":"shipping-taxable","14":"purchasable","15":"product-type-simple"},"exclude_global_add_ons":false,"addons":[{"name":"Couleur","type":"multiple_choice","position":0,"required":true,"title_format":"heading","default":"","description_enable":false,"description":"","placeholder_enable":false,"placeholder":"","display":"select","restrictions_type":"any_text","adjust_price":false,"price":"","price_type":"flat_fee","restrictions":false,"min":"0","max":"0","options":[{"label":"Blanc brillant","price":"","price_type":"quantity_based","image":0,"visibility":true},{"label":"rouge brillant","price":"","price_type":"quantity_based","image":0,"visibility":true}],"id":1717674803},{"name":"Lavabo","type":"multiple_choice","position":1,"required":true,"title_format":"heading","default":"","description_enable":false,"description":"","placeholder_enable":false,"placeholder":"","display":"select","restrictions_type":"any_text","adjust_price":false,"price":"","price_type":"flat_fee","restrictions":false,"min":"0","max":"0","options":[{"label":"cristal","price":"","price_type":"quantity_based","image":0,"visibility":true},{"label":"r\u00e9sine","price":"","price_type":"quantity_based","image":0,"visibility":true}],"id":1717674804},{"name":"colonne","type":"multiple_choice","position":2,"required":true,"title_format":"heading","default":"","description_enable":false,"description":"","placeholder_enable":false,"placeholder":"","display":"select","restrictions_type":"any_text","adjust_price":false,"price":"","price_type":"flat_fee","restrictions":false,"min":"0","max":"0","options":[{"label":"PAS de colonne","price":"","price_type":"quantity_based","image":0,"visibility":true},{"label":"une colonne 35xH140xP20 cm","price":"179","price_type":"quantity_based","image":0,"visibility":true},{"label":"une colonne 45xH170xP38 cm","price":"245","price_type":"quantity_based","image":0,"visibility":true}],"id":1717674805}],"yoast_head":"<!-- This site is optimized with the Yoast SEO plugin v26.7 - https:\/\/yoast.com\/wordpress\/plugins\/seo\/ -->\n<title>Meuble de salle de bain arrondi Stiven 69 cm en 4 couleurs<\/title>\n<meta name=\"description\" content=\"Armoire de toilette de style moderne Stiven 69 cm en 4 couleurs, type suspendu arrondi\" \/>\n<meta name=\"robots\" content=\"index, follow, max-snippet:-1, max-image-preview:large, max-video-preview:-1\" \/>\n<link rel=\"canonical\" href=\"https:\/\/www.bagnoitalia.com\/fr\/produit\/stiven-modern-bathroom-furniture-69-cm-en-4-couleurs-arrondies.html\" \/>\n<meta property=\"og:locale\" content=\"fr_FR\" \/>\n<meta property=\"og:type\" content=\"article\" \/>\n<meta property=\"og:title\" content=\"Meuble de salle de bain arrondi Stiven 69 cm en 4 couleurs\" \/>\n<meta property=\"og:description\" content=\"Armoire de toilette de style moderne Stiven 69 cm en 4 couleurs, type suspendu arrondi\" \/>\n<meta property=\"og:url\" content=\"https:\/\/www.bagnoitalia.com\/fr\/produit\/stiven-modern-bathroom-furniture-69-cm-en-4-couleurs-arrondies.html\" \/>\n<meta property=\"og:site_name\" content=\"Bagno Italia\" \/>\n<meta property=\"article:modified_time\" content=\"2024-06-06T09:53:22+00:00\" \/>\n<meta property=\"og:image\" content=\"https:\/\/img.bagnoitalia.com\/wp-content\/uploads\/virtuemart\/product\/furniture-mobile-bathroom-suspended-69cm-4-colours-2-washbasins.jpg\" \/>\n\t<meta property=\"og:image:width\" content=\"550\" \/>\n\t<meta property=\"og:image:height\" content=\"550\" \/>\n\t<meta property=\"og:image:type\" content=\"image\/jpeg\" \/>\n<meta name=\"twitter:card\" content=\"summary_large_image\" \/>\n<meta name=\"twitter:label1\" content=\"Dur\u00e9e de lecture estim\u00e9e\" \/>\n\t<meta name=\"twitter:data1\" content=\"1 minute\" \/>\n<script type=\"application\/ld+json\" class=\"yoast-schema-graph\">{\"@context\":\"https:\/\/schema.org\",\"@graph\":[{\"@type\":\"WebPage\",\"@id\":\"https:\/\/www.bagnoitalia.com\/fr\/produit\/stiven-modern-bathroom-furniture-69-cm-en-4-couleurs-arrondies.html\",\"url\":\"https:\/\/www.bagnoitalia.com\/fr\/produit\/stiven-modern-bathroom-furniture-69-cm-en-4-couleurs-arrondies.html\",\"name\":\"Meuble de salle de bain arrondi Stiven 69 cm en 4 couleurs\",\"isPartOf\":{\"@id\":\"https:\/\/www.bagnoitalia.com\/fr#website\"},\"primaryImageOfPage\":{\"@id\":\"https:\/\/www.bagnoitalia.com\/fr\/produit\/stiven-modern-bathroom-furniture-69-cm-en-4-couleurs-arrondies.html#primaryimage\"},\"image\":{\"@id\":\"https:\/\/www.bagnoitalia.com\/fr\/produit\/stiven-modern-bathroom-furniture-69-cm-en-4-couleurs-arrondies.html#primaryimage\"},\"thumbnailUrl\":\"https:\/\/img.bagnoitalia.com\/wp-content\/uploads\/virtuemart\/product\/furniture-mobile-bathroom-suspended-69cm-4-colours-2-washbasins.jpg\",\"datePublished\":\"2013-01-25T00:30:37+00:00\",\"dateModified\":\"2024-06-06T09:53:22+00:00\",\"description\":\"Armoire de toilette de style moderne Stiven 69 cm en 4 couleurs, type suspendu arrondi\",\"breadcrumb\":{\"@id\":\"https:\/\/www.bagnoitalia.com\/fr\/produit\/stiven-modern-bathroom-furniture-69-cm-en-4-couleurs-arrondies.html#breadcrumb\"},\"inLanguage\":\"fr-FR\",\"potentialAction\":[{\"@type\":\"ReadAction\",\"target\":[\"https:\/\/www.bagnoitalia.com\/fr\/produit\/stiven-modern-bathroom-furniture-69-cm-en-4-couleurs-arrondies.html\"]}]},{\"@type\":\"ImageObject\",\"inLanguage\":\"fr-FR\",\"@id\":\"https:\/\/www.bagnoitalia.com\/fr\/produit\/stiven-modern-bathroom-furniture-69-cm-en-4-couleurs-arrondies.html#primaryimage\",\"url\":\"https:\/\/img.bagnoitalia.com\/wp-content\/uploads\/virtuemart\/product\/furniture-mobile-bathroom-suspended-69cm-4-colours-2-washbasins.jpg\",\"contentUrl\":\"https:\/\/img.bagnoitalia.com\/wp-content\/uploads\/virtuemart\/product\/furniture-mobile-bathroom-suspended-69cm-4-colours-2-washbasins.jpg\",\"width\":550,\"height\":550},{\"@type\":\"BreadcrumbList\",\"@id\":\"https:\/\/www.bagnoitalia.com\/fr\/produit\/stiven-modern-bathroom-furniture-69-cm-en-4-couleurs-arrondies.html#breadcrumb\",\"itemListElement\":[{\"@type\":\"ListItem\",\"position\":1,\"name\":\"Home\",\"item\":\"https:\/\/www.bagnoitalia.com\/fr\"},{\"@type\":\"ListItem\",\"position\":2,\"name\":\"Produits\",\"item\":\"https:\/\/www.bagnoitalia.com\/fr\/shop\"},{\"@type\":\"ListItem\",\"position\":3,\"name\":\"Meuble de salle de bain arrondi Stiven 69 cm en 4 couleurs\"}]},{\"@type\":\"WebSite\",\"@id\":\"https:\/\/www.bagnoitalia.com\/fr#website\",\"url\":\"https:\/\/www.bagnoitalia.com\/fr\",\"name\":\"Bagno Italia\",\"description\":\"\",\"publisher\":{\"@id\":\"https:\/\/www.bagnoitalia.com\/fr#organization\"},\"potentialAction\":[{\"@type\":\"SearchAction\",\"target\":{\"@type\":\"EntryPoint\",\"urlTemplate\":\"https:\/\/www.bagnoitalia.com\/fr?s={search_term_string}\"},\"query-input\":{\"@type\":\"PropertyValueSpecification\",\"valueRequired\":true,\"valueName\":\"search_term_string\"}}],\"inLanguage\":\"fr-FR\"},{\"@type\":\"Organization\",\"@id\":\"https:\/\/www.bagnoitalia.com\/fr#organization\",\"name\":\"Bagno Italia\",\"url\":\"https:\/\/www.bagnoitalia.com\/fr\",\"logo\":{\"@type\":\"ImageObject\",\"inLanguage\":\"fr-FR\",\"@id\":\"https:\/\/www.bagnoitalia.com\/fr#\/schema\/logo\/image\/\",\"url\":\"https:\/\/img.bagnoitalia.com\/wp-content\/uploads\/logo-bagnoitalia.webp\",\"contentUrl\":\"https:\/\/img.bagnoitalia.com\/wp-content\/uploads\/logo-bagnoitalia.webp\",\"width\":400,\"height\":70,\"caption\":\"Bagno Italia\"},\"image\":{\"@id\":\"https:\/\/www.bagnoitalia.com\/fr#\/schema\/logo\/image\/\"}}]}<\/script>\n<!-- \/ Yoast SEO plugin. -->","yoast_head_json":{"title":"Meuble de salle de bain arrondi Stiven 69 cm en 4 couleurs","description":"Armoire de toilette de style moderne Stiven 69 cm en 4 couleurs, type suspendu arrondi","robots":{"index":"index","follow":"follow","max-snippet":"max-snippet:-1","max-image-preview":"max-image-preview:large","max-video-preview":"max-video-preview:-1"},"canonical":"https:\/\/www.bagnoitalia.com\/fr\/produit\/stiven-modern-bathroom-furniture-69-cm-en-4-couleurs-arrondies.html","og_locale":"fr_FR","og_type":"article","og_title":"Meuble de salle de bain arrondi Stiven 69 cm en 4 couleurs","og_description":"Armoire de toilette de style moderne Stiven 69 cm en 4 couleurs, type suspendu arrondi","og_url":"https:\/\/www.bagnoitalia.com\/fr\/produit\/stiven-modern-bathroom-furniture-69-cm-en-4-couleurs-arrondies.html","og_site_name":"Bagno Italia","article_modified_time":"2024-06-06T09:53:22+00:00","og_image":[{"width":550,"height":550,"url":"https:\/\/img.bagnoitalia.com\/wp-content\/uploads\/virtuemart\/product\/furniture-mobile-bathroom-suspended-69cm-4-colours-2-washbasins.jpg","type":"image\/jpeg"}],"twitter_card":"summary_large_image","twitter_misc":{"Dur\u00e9e de lecture estim\u00e9e":"1 minute"},"schema":{"@context":"https:\/\/schema.org","@graph":[{"@type":"WebPage","@id":"https:\/\/www.bagnoitalia.com\/fr\/produit\/stiven-modern-bathroom-furniture-69-cm-en-4-couleurs-arrondies.html","url":"https:\/\/www.bagnoitalia.com\/fr\/produit\/stiven-modern-bathroom-furniture-69-cm-en-4-couleurs-arrondies.html","name":"Meuble de salle de bain arrondi Stiven 69 cm en 4 couleurs","isPartOf":{"@id":"https:\/\/www.bagnoitalia.com\/fr#website"},"primaryImageOfPage":{"@id":"https:\/\/www.bagnoitalia.com\/fr\/produit\/stiven-modern-bathroom-furniture-69-cm-en-4-couleurs-arrondies.html#primaryimage"},"image":{"@id":"https:\/\/www.bagnoitalia.com\/fr\/produit\/stiven-modern-bathroom-furniture-69-cm-en-4-couleurs-arrondies.html#primaryimage"},"thumbnailUrl":"https:\/\/img.bagnoitalia.com\/wp-content\/uploads\/virtuemart\/product\/furniture-mobile-bathroom-suspended-69cm-4-colours-2-washbasins.jpg","datePublished":"2013-01-25T00:30:37+00:00","dateModified":"2024-06-06T09:53:22+00:00","description":"Armoire de toilette de style moderne Stiven 69 cm en 4 couleurs, type suspendu arrondi","breadcrumb":{"@id":"https:\/\/www.bagnoitalia.com\/fr\/produit\/stiven-modern-bathroom-furniture-69-cm-en-4-couleurs-arrondies.html#breadcrumb"},"inLanguage":"fr-FR","potentialAction":[{"@type":"ReadAction","target":["https:\/\/www.bagnoitalia.com\/fr\/produit\/stiven-modern-bathroom-furniture-69-cm-en-4-couleurs-arrondies.html"]}]},{"@type":"ImageObject","inLanguage":"fr-FR","@id":"https:\/\/www.bagnoitalia.com\/fr\/produit\/stiven-modern-bathroom-furniture-69-cm-en-4-couleurs-arrondies.html#primaryimage","url":"https:\/\/img.bagnoitalia.com\/wp-content\/uploads\/virtuemart\/product\/furniture-mobile-bathroom-suspended-69cm-4-colours-2-washbasins.jpg","contentUrl":"https:\/\/img.bagnoitalia.com\/wp-content\/uploads\/virtuemart\/product\/furniture-mobile-bathroom-suspended-69cm-4-colours-2-washbasins.jpg","width":550,"height":550},{"@type":"BreadcrumbList","@id":"https:\/\/www.bagnoitalia.com\/fr\/produit\/stiven-modern-bathroom-furniture-69-cm-en-4-couleurs-arrondies.html#breadcrumb","itemListElement":[{"@type":"ListItem","position":1,"name":"Home","item":"https:\/\/www.bagnoitalia.com\/fr"},{"@type":"ListItem","position":2,"name":"Produits","item":"https:\/\/www.bagnoitalia.com\/fr\/shop"},{"@type":"ListItem","position":3,"name":"Meuble de salle de bain arrondi Stiven 69 cm en 4 couleurs"}]},{"@type":"WebSite","@id":"https:\/\/www.bagnoitalia.com\/fr#website","url":"https:\/\/www.bagnoitalia.com\/fr","name":"Bagno Italia","description":"","publisher":{"@id":"https:\/\/www.bagnoitalia.com\/fr#organization"},"potentialAction":[{"@type":"SearchAction","target":{"@type":"EntryPoint","urlTemplate":"https:\/\/www.bagnoitalia.com\/fr?s={search_term_string}"},"query-input":{"@type":"PropertyValueSpecification","valueRequired":true,"valueName":"search_term_string"}}],"inLanguage":"fr-FR"},{"@type":"Organization","@id":"https:\/\/www.bagnoitalia.com\/fr#organization","name":"Bagno Italia","url":"https:\/\/www.bagnoitalia.com\/fr","logo":{"@type":"ImageObject","inLanguage":"fr-FR","@id":"https:\/\/www.bagnoitalia.com\/fr#\/schema\/logo\/image\/","url":"https:\/\/img.bagnoitalia.com\/wp-content\/uploads\/logo-bagnoitalia.webp","contentUrl":"https:\/\/img.bagnoitalia.com\/wp-content\/uploads\/logo-bagnoitalia.webp","width":400,"height":70,"caption":"Bagno Italia"},"image":{"@id":"https:\/\/www.bagnoitalia.com\/fr#\/schema\/logo\/image\/"}}]}},"_links":{"self":[{"href":"https:\/\/www.bagnoitalia.com\/fr\/wp-json\/wp\/v2\/product\/78226","targetHints":{"allow":["GET"]}}],"collection":[{"href":"https:\/\/www.bagnoitalia.com\/fr\/wp-json\/wp\/v2\/product"}],"about":[{"href":"https:\/\/www.bagnoitalia.com\/fr\/wp-json\/wp\/v2\/types\/product"}],"replies":[{"embeddable":true,"href":"https:\/\/www.bagnoitalia.com\/fr\/wp-json\/wp\/v2\/comments?post=78226"}],"version-history":[{"count":1,"href":"https:\/\/www.bagnoitalia.com\/fr\/wp-json\/wp\/v2\/product\/78226\/revisions"}],"predecessor-version":[{"id":89541,"href":"https:\/\/www.bagnoitalia.com\/fr\/wp-json\/wp\/v2\/product\/78226\/revisions\/89541"}],"wp:featuredmedia":[{"embeddable":true,"href":"https:\/\/www.bagnoitalia.com\/fr\/wp-json\/wp\/v2\/media\/18086"}],"wp:attachment":[{"href":"https:\/\/www.bagnoitalia.com\/fr\/wp-json\/wp\/v2\/media?parent=78226"}],"wp:term":[{"taxonomy":"product_brand","embeddable":true,"href":"https:\/\/www.bagnoitalia.com\/fr\/wp-json\/wp\/v2\/product_brand?post=78226"},{"taxonomy":"product_cat","embeddable":true,"href":"https:\/\/www.bagnoitalia.com\/fr\/wp-json\/wp\/v2\/product_cat?post=78226"},{"taxonomy":"product_tag","embeddable":true,"href":"https:\/\/www.bagnoitalia.com\/fr\/wp-json\/wp\/v2\/product_tag?post=78226"}],"curies":[{"name":"wp","href":"https:\/\/api.w.org\/{rel}","templated":true}]}}