{"id":78182,"date":"2014-01-27T13:55:51","date_gmt":"2014-01-27T12:55:51","guid":{"rendered":"https:\/\/www.bagnoitalia.com\/product\/spa-135x135-ou-150x150-2-places-baignoire-optionnelle-complete-avec-vitre-frontale-vs012"},"modified":"2025-05-13T16:16:55","modified_gmt":"2025-05-13T14:16:55","slug":"spa-135x135-ou-150x150-2-places-baignoire-optionnelle-complete-avec-vitre-frontale-vs012","status":"publish","type":"product","link":"https:\/\/www.bagnoitalia.com\/fr\/produit\/spa-135x135-ou-150x150-2-places-baignoire-optionnelle-complete-avec-vitre-frontale-vs012.html","title":{"rendered":"Baignoire baln\u00e9o 135&#215;135 cm 2 PLACES en option avec fa\u00e7ade en verre VS012"},"content":{"rendered":"<p>Nous vous offrons, pour exp\u00e9rimenter l&rsquo;hydromassage dans le confort de votre maison, cette baignoire d&rsquo;hydromassage de 135x135x61 cm, 10 jets, full-optionnel en abs renforc\u00e9.<\/p>\n<p>La baignoire est \u00e9quip\u00e9e d&rsquo;une pompe d&rsquo;hydromassage, de 6 petits jets + 4 grands jets en laiton, d&rsquo;une bou\u00e9e de sauvetage, d&rsquo;une pomme de douche, d&rsquo;un interrupteur thermostatique, d&rsquo;une chromoth\u00e9rapie avec lumi\u00e8res sous-marines, de coussins et d&rsquo;accessoires.<\/p>\n<p>Il s&rsquo;agit d&rsquo;un produit de haute qualit\u00e9, fabriqu\u00e9 avec les meilleurs mat\u00e9riaux, \u00e0 un prix tr\u00e8s comp\u00e9titif et d&rsquo;un aspect attrayant. Ainsi, vous pourrez vous aussi profiter des bienfaits de l&rsquo;hydromassage \u00e0 la maison !<\/p>\n<p>&nbsp;<\/p>\n<p>&nbsp;Baignoire d&rsquo;hydromassage compl\u00e8te en option en ABS renforc\u00e9<\/p>\n<p>&#8211; dimensions 135x135x61<\/p>\n<p>&#8211; POMPE D&rsquo;HYDROMASSAGE MOTORIS\u00c9E DE 1 CV ;<br \/>&#8211; 6 PETITS JETS EN LAITON ;<br \/>&#8211; 4 GRANDS JETS EN LAITON ;<br \/>&#8211; POMME DE DOUCHE MULTIFONCTIONNELLE ;<br \/>&#8211; PRISE D&rsquo;EAU EN FORME DE T ;<br \/>&#8211; TUYAUX RENFORC\u00c9S POUR LA CIRCULATION DE L&rsquo;EAU ;<br \/>&#8211; R\u00c9GULATEUR EAU CHAUDE &#8211; EAU FROIDE ;<br \/>&#8211; INTERRUPTEUR THERMOSTATIQUE ;<br \/>&#8211; LUMI\u00c8RE SOUS-MARINE POUR LA CHROMOTH\u00c9RAPIE ET L&rsquo;\u00c9CLAIRAGE DE LA BAIGNOIRE ;<br \/>&#8211; COUSSINS INCLUS<br \/>&#8211; ROBINETS ET ACCESSOIRES INCLUS ;<br \/>&nbsp;<\/p>\n<p><img fetchpriority=\"high\" decoding=\"async\" class=\" size-full wp-image-17283\" src=\"https:\/\/img.bagnoitalia.com\/wp-content\/uploads\/1-1.jpg\" alt=\"\" width=\"817\" height=\"135\" srcset=\"https:\/\/img.bagnoitalia.com\/wp-content\/uploads\/1-1.jpg 817w, https:\/\/img.bagnoitalia.com\/wp-content\/uploads\/1-1-768x127.jpg 768w, https:\/\/img.bagnoitalia.com\/wp-content\/uploads\/1-1-441x73.jpg 441w, https:\/\/img.bagnoitalia.com\/wp-content\/uploads\/1-1-600x99.jpg 600w, https:\/\/img.bagnoitalia.com\/wp-content\/uploads\/1-1-150x25.jpg 150w\" sizes=\"(max-width: 817px) 100vw, 817px\" \/><\/p>\n","protected":false},"excerpt":{"rendered":"<p>Baignoire baln\u00e9o avec 10 jets. Dimensions 135x135x61cm, id\u00e9al pour 2 personnes. Avec chromoth\u00e9rapie et robinetterie incluse !<\/p>\n","protected":false},"featured_media":17714,"comment_status":"open","ping_status":"closed","template":"","meta":[],"product_brand":[9924],"product_cat":[9707,9743],"product_tag":[],"class_list":{"0":"post-78182","1":"product","2":"type-product","3":"status-publish","4":"has-post-thumbnail","6":"product_brand-predator-arredo-casa-fr","7":"product_cat-baignoire-balneo","8":"product_cat-piscines-d-39-hydromassage","10":"first","11":"instock","12":"sale","13":"taxable","14":"shipping-taxable","15":"purchasable","16":"product-type-simple"},"exclude_global_add_ons":[],"addons":[],"yoast_head":"<!-- This site is optimized with the Yoast SEO plugin v26.7 - https:\/\/yoast.com\/wordpress\/plugins\/seo\/ -->\n<title>Baignoire baln\u00e9o 135x135 cm 2 PLACES en option avec fa\u00e7ade en verre VS012<\/title>\n<meta name=\"description\" content=\"Baignoire baln\u00e9o avec 10 jets. Dimensions 135x135x61cm, id\u00e9al pour 2 personnes. Avec chromoth\u00e9rapie et robinetterie incluse !\" \/>\n<meta name=\"robots\" content=\"index, follow, max-snippet:-1, max-image-preview:large, max-video-preview:-1\" \/>\n<link rel=\"canonical\" href=\"https:\/\/www.bagnoitalia.com\/fr\/produit\/spa-135x135-ou-150x150-2-places-baignoire-optionnelle-complete-avec-vitre-frontale-vs012.html\" \/>\n<meta property=\"og:locale\" content=\"fr_FR\" \/>\n<meta property=\"og:type\" content=\"article\" \/>\n<meta property=\"og:title\" content=\"Baignoire baln\u00e9o 135x135 cm 2 PLACES en option avec fa\u00e7ade en verre VS012\" \/>\n<meta property=\"og:description\" content=\"Baignoire baln\u00e9o avec 10 jets. Dimensions 135x135x61cm, id\u00e9al pour 2 personnes. Avec chromoth\u00e9rapie et robinetterie incluse !\" \/>\n<meta property=\"og:url\" content=\"https:\/\/www.bagnoitalia.com\/fr\/produit\/spa-135x135-ou-150x150-2-places-baignoire-optionnelle-complete-avec-vitre-frontale-vs012.html\" \/>\n<meta property=\"og:site_name\" content=\"Bagno Italia\" \/>\n<meta property=\"article:modified_time\" content=\"2025-05-13T14:16:55+00:00\" \/>\n<meta property=\"og:image\" content=\"https:\/\/img.bagnoitalia.com\/wp-content\/uploads\/virtuemart\/product\/Two-persons-Jacuzzi-Fully-equipped-VS012-1_1542035768_154.jpg\" \/>\n\t<meta property=\"og:image:width\" content=\"800\" \/>\n\t<meta property=\"og:image:height\" content=\"515\" \/>\n\t<meta property=\"og:image:type\" content=\"image\/jpeg\" \/>\n<meta name=\"twitter:card\" content=\"summary_large_image\" \/>\n<meta name=\"twitter:label1\" content=\"Dur\u00e9e de lecture estim\u00e9e\" \/>\n\t<meta name=\"twitter:data1\" content=\"1 minute\" \/>\n<script type=\"application\/ld+json\" class=\"yoast-schema-graph\">{\"@context\":\"https:\/\/schema.org\",\"@graph\":[{\"@type\":\"WebPage\",\"@id\":\"https:\/\/www.bagnoitalia.com\/fr\/produit\/spa-135x135-ou-150x150-2-places-baignoire-optionnelle-complete-avec-vitre-frontale-vs012.html\",\"url\":\"https:\/\/www.bagnoitalia.com\/fr\/produit\/spa-135x135-ou-150x150-2-places-baignoire-optionnelle-complete-avec-vitre-frontale-vs012.html\",\"name\":\"Baignoire baln\u00e9o 135x135 cm 2 PLACES en option avec fa\u00e7ade en verre VS012\",\"isPartOf\":{\"@id\":\"https:\/\/www.bagnoitalia.com\/fr#website\"},\"primaryImageOfPage\":{\"@id\":\"https:\/\/www.bagnoitalia.com\/fr\/produit\/spa-135x135-ou-150x150-2-places-baignoire-optionnelle-complete-avec-vitre-frontale-vs012.html#primaryimage\"},\"image\":{\"@id\":\"https:\/\/www.bagnoitalia.com\/fr\/produit\/spa-135x135-ou-150x150-2-places-baignoire-optionnelle-complete-avec-vitre-frontale-vs012.html#primaryimage\"},\"thumbnailUrl\":\"https:\/\/img.bagnoitalia.com\/wp-content\/uploads\/virtuemart\/product\/Two-persons-Jacuzzi-Fully-equipped-VS012-1_1542035768_154.jpg\",\"datePublished\":\"2014-01-27T12:55:51+00:00\",\"dateModified\":\"2025-05-13T14:16:55+00:00\",\"description\":\"Baignoire baln\u00e9o avec 10 jets. Dimensions 135x135x61cm, id\u00e9al pour 2 personnes. Avec chromoth\u00e9rapie et robinetterie incluse !\",\"breadcrumb\":{\"@id\":\"https:\/\/www.bagnoitalia.com\/fr\/produit\/spa-135x135-ou-150x150-2-places-baignoire-optionnelle-complete-avec-vitre-frontale-vs012.html#breadcrumb\"},\"inLanguage\":\"fr-FR\",\"potentialAction\":[{\"@type\":\"ReadAction\",\"target\":[\"https:\/\/www.bagnoitalia.com\/fr\/produit\/spa-135x135-ou-150x150-2-places-baignoire-optionnelle-complete-avec-vitre-frontale-vs012.html\"]}]},{\"@type\":\"ImageObject\",\"inLanguage\":\"fr-FR\",\"@id\":\"https:\/\/www.bagnoitalia.com\/fr\/produit\/spa-135x135-ou-150x150-2-places-baignoire-optionnelle-complete-avec-vitre-frontale-vs012.html#primaryimage\",\"url\":\"https:\/\/img.bagnoitalia.com\/wp-content\/uploads\/virtuemart\/product\/Two-persons-Jacuzzi-Fully-equipped-VS012-1_1542035768_154.jpg\",\"contentUrl\":\"https:\/\/img.bagnoitalia.com\/wp-content\/uploads\/virtuemart\/product\/Two-persons-Jacuzzi-Fully-equipped-VS012-1_1542035768_154.jpg\",\"width\":800,\"height\":515},{\"@type\":\"BreadcrumbList\",\"@id\":\"https:\/\/www.bagnoitalia.com\/fr\/produit\/spa-135x135-ou-150x150-2-places-baignoire-optionnelle-complete-avec-vitre-frontale-vs012.html#breadcrumb\",\"itemListElement\":[{\"@type\":\"ListItem\",\"position\":1,\"name\":\"Home\",\"item\":\"https:\/\/www.bagnoitalia.com\/fr\"},{\"@type\":\"ListItem\",\"position\":2,\"name\":\"Produits\",\"item\":\"https:\/\/www.bagnoitalia.com\/fr\/shop\"},{\"@type\":\"ListItem\",\"position\":3,\"name\":\"Baignoire baln\u00e9o 135&#215;135 cm 2 PLACES en option avec fa\u00e7ade en verre VS012\"}]},{\"@type\":\"WebSite\",\"@id\":\"https:\/\/www.bagnoitalia.com\/fr#website\",\"url\":\"https:\/\/www.bagnoitalia.com\/fr\",\"name\":\"Bagno Italia\",\"description\":\"\",\"publisher\":{\"@id\":\"https:\/\/www.bagnoitalia.com\/fr#organization\"},\"potentialAction\":[{\"@type\":\"SearchAction\",\"target\":{\"@type\":\"EntryPoint\",\"urlTemplate\":\"https:\/\/www.bagnoitalia.com\/fr?s={search_term_string}\"},\"query-input\":{\"@type\":\"PropertyValueSpecification\",\"valueRequired\":true,\"valueName\":\"search_term_string\"}}],\"inLanguage\":\"fr-FR\"},{\"@type\":\"Organization\",\"@id\":\"https:\/\/www.bagnoitalia.com\/fr#organization\",\"name\":\"Bagno Italia\",\"url\":\"https:\/\/www.bagnoitalia.com\/fr\",\"logo\":{\"@type\":\"ImageObject\",\"inLanguage\":\"fr-FR\",\"@id\":\"https:\/\/www.bagnoitalia.com\/fr#\/schema\/logo\/image\/\",\"url\":\"https:\/\/img.bagnoitalia.com\/wp-content\/uploads\/logo-bagnoitalia.webp\",\"contentUrl\":\"https:\/\/img.bagnoitalia.com\/wp-content\/uploads\/logo-bagnoitalia.webp\",\"width\":400,\"height\":70,\"caption\":\"Bagno Italia\"},\"image\":{\"@id\":\"https:\/\/www.bagnoitalia.com\/fr#\/schema\/logo\/image\/\"}}]}<\/script>\n<!-- \/ Yoast SEO plugin. -->","yoast_head_json":{"title":"Baignoire baln\u00e9o 135x135 cm 2 PLACES en option avec fa\u00e7ade en verre VS012","description":"Baignoire baln\u00e9o avec 10 jets. Dimensions 135x135x61cm, id\u00e9al pour 2 personnes. Avec chromoth\u00e9rapie et robinetterie incluse !","robots":{"index":"index","follow":"follow","max-snippet":"max-snippet:-1","max-image-preview":"max-image-preview:large","max-video-preview":"max-video-preview:-1"},"canonical":"https:\/\/www.bagnoitalia.com\/fr\/produit\/spa-135x135-ou-150x150-2-places-baignoire-optionnelle-complete-avec-vitre-frontale-vs012.html","og_locale":"fr_FR","og_type":"article","og_title":"Baignoire baln\u00e9o 135x135 cm 2 PLACES en option avec fa\u00e7ade en verre VS012","og_description":"Baignoire baln\u00e9o avec 10 jets. Dimensions 135x135x61cm, id\u00e9al pour 2 personnes. Avec chromoth\u00e9rapie et robinetterie incluse !","og_url":"https:\/\/www.bagnoitalia.com\/fr\/produit\/spa-135x135-ou-150x150-2-places-baignoire-optionnelle-complete-avec-vitre-frontale-vs012.html","og_site_name":"Bagno Italia","article_modified_time":"2025-05-13T14:16:55+00:00","og_image":[{"width":800,"height":515,"url":"https:\/\/img.bagnoitalia.com\/wp-content\/uploads\/virtuemart\/product\/Two-persons-Jacuzzi-Fully-equipped-VS012-1_1542035768_154.jpg","type":"image\/jpeg"}],"twitter_card":"summary_large_image","twitter_misc":{"Dur\u00e9e de lecture estim\u00e9e":"1 minute"},"schema":{"@context":"https:\/\/schema.org","@graph":[{"@type":"WebPage","@id":"https:\/\/www.bagnoitalia.com\/fr\/produit\/spa-135x135-ou-150x150-2-places-baignoire-optionnelle-complete-avec-vitre-frontale-vs012.html","url":"https:\/\/www.bagnoitalia.com\/fr\/produit\/spa-135x135-ou-150x150-2-places-baignoire-optionnelle-complete-avec-vitre-frontale-vs012.html","name":"Baignoire baln\u00e9o 135x135 cm 2 PLACES en option avec fa\u00e7ade en verre VS012","isPartOf":{"@id":"https:\/\/www.bagnoitalia.com\/fr#website"},"primaryImageOfPage":{"@id":"https:\/\/www.bagnoitalia.com\/fr\/produit\/spa-135x135-ou-150x150-2-places-baignoire-optionnelle-complete-avec-vitre-frontale-vs012.html#primaryimage"},"image":{"@id":"https:\/\/www.bagnoitalia.com\/fr\/produit\/spa-135x135-ou-150x150-2-places-baignoire-optionnelle-complete-avec-vitre-frontale-vs012.html#primaryimage"},"thumbnailUrl":"https:\/\/img.bagnoitalia.com\/wp-content\/uploads\/virtuemart\/product\/Two-persons-Jacuzzi-Fully-equipped-VS012-1_1542035768_154.jpg","datePublished":"2014-01-27T12:55:51+00:00","dateModified":"2025-05-13T14:16:55+00:00","description":"Baignoire baln\u00e9o avec 10 jets. Dimensions 135x135x61cm, id\u00e9al pour 2 personnes. Avec chromoth\u00e9rapie et robinetterie incluse !","breadcrumb":{"@id":"https:\/\/www.bagnoitalia.com\/fr\/produit\/spa-135x135-ou-150x150-2-places-baignoire-optionnelle-complete-avec-vitre-frontale-vs012.html#breadcrumb"},"inLanguage":"fr-FR","potentialAction":[{"@type":"ReadAction","target":["https:\/\/www.bagnoitalia.com\/fr\/produit\/spa-135x135-ou-150x150-2-places-baignoire-optionnelle-complete-avec-vitre-frontale-vs012.html"]}]},{"@type":"ImageObject","inLanguage":"fr-FR","@id":"https:\/\/www.bagnoitalia.com\/fr\/produit\/spa-135x135-ou-150x150-2-places-baignoire-optionnelle-complete-avec-vitre-frontale-vs012.html#primaryimage","url":"https:\/\/img.bagnoitalia.com\/wp-content\/uploads\/virtuemart\/product\/Two-persons-Jacuzzi-Fully-equipped-VS012-1_1542035768_154.jpg","contentUrl":"https:\/\/img.bagnoitalia.com\/wp-content\/uploads\/virtuemart\/product\/Two-persons-Jacuzzi-Fully-equipped-VS012-1_1542035768_154.jpg","width":800,"height":515},{"@type":"BreadcrumbList","@id":"https:\/\/www.bagnoitalia.com\/fr\/produit\/spa-135x135-ou-150x150-2-places-baignoire-optionnelle-complete-avec-vitre-frontale-vs012.html#breadcrumb","itemListElement":[{"@type":"ListItem","position":1,"name":"Home","item":"https:\/\/www.bagnoitalia.com\/fr"},{"@type":"ListItem","position":2,"name":"Produits","item":"https:\/\/www.bagnoitalia.com\/fr\/shop"},{"@type":"ListItem","position":3,"name":"Baignoire baln\u00e9o 135&#215;135 cm 2 PLACES en option avec fa\u00e7ade en verre VS012"}]},{"@type":"WebSite","@id":"https:\/\/www.bagnoitalia.com\/fr#website","url":"https:\/\/www.bagnoitalia.com\/fr","name":"Bagno Italia","description":"","publisher":{"@id":"https:\/\/www.bagnoitalia.com\/fr#organization"},"potentialAction":[{"@type":"SearchAction","target":{"@type":"EntryPoint","urlTemplate":"https:\/\/www.bagnoitalia.com\/fr?s={search_term_string}"},"query-input":{"@type":"PropertyValueSpecification","valueRequired":true,"valueName":"search_term_string"}}],"inLanguage":"fr-FR"},{"@type":"Organization","@id":"https:\/\/www.bagnoitalia.com\/fr#organization","name":"Bagno Italia","url":"https:\/\/www.bagnoitalia.com\/fr","logo":{"@type":"ImageObject","inLanguage":"fr-FR","@id":"https:\/\/www.bagnoitalia.com\/fr#\/schema\/logo\/image\/","url":"https:\/\/img.bagnoitalia.com\/wp-content\/uploads\/logo-bagnoitalia.webp","contentUrl":"https:\/\/img.bagnoitalia.com\/wp-content\/uploads\/logo-bagnoitalia.webp","width":400,"height":70,"caption":"Bagno Italia"},"image":{"@id":"https:\/\/www.bagnoitalia.com\/fr#\/schema\/logo\/image\/"}}]}},"_links":{"self":[{"href":"https:\/\/www.bagnoitalia.com\/fr\/wp-json\/wp\/v2\/product\/78182","targetHints":{"allow":["GET"]}}],"collection":[{"href":"https:\/\/www.bagnoitalia.com\/fr\/wp-json\/wp\/v2\/product"}],"about":[{"href":"https:\/\/www.bagnoitalia.com\/fr\/wp-json\/wp\/v2\/types\/product"}],"replies":[{"embeddable":true,"href":"https:\/\/www.bagnoitalia.com\/fr\/wp-json\/wp\/v2\/comments?post=78182"}],"version-history":[{"count":0,"href":"https:\/\/www.bagnoitalia.com\/fr\/wp-json\/wp\/v2\/product\/78182\/revisions"}],"wp:featuredmedia":[{"embeddable":true,"href":"https:\/\/www.bagnoitalia.com\/fr\/wp-json\/wp\/v2\/media\/17714"}],"wp:attachment":[{"href":"https:\/\/www.bagnoitalia.com\/fr\/wp-json\/wp\/v2\/media?parent=78182"}],"wp:term":[{"taxonomy":"product_brand","embeddable":true,"href":"https:\/\/www.bagnoitalia.com\/fr\/wp-json\/wp\/v2\/product_brand?post=78182"},{"taxonomy":"product_cat","embeddable":true,"href":"https:\/\/www.bagnoitalia.com\/fr\/wp-json\/wp\/v2\/product_cat?post=78182"},{"taxonomy":"product_tag","embeddable":true,"href":"https:\/\/www.bagnoitalia.com\/fr\/wp-json\/wp\/v2\/product_tag?post=78182"}],"curies":[{"name":"wp","href":"https:\/\/api.w.org\/{rel}","templated":true}]}}