{"id":78110,"date":"2014-01-22T11:25:26","date_gmt":"2014-01-22T10:25:26","guid":{"rendered":"https:\/\/www.bagnoitalia.com\/product\/cabine-d-39-hydromassage-avec-baignoire-cabine-de-douche-sauna-80x80-ou-90x90-ou-100x100-cb013"},"modified":"2026-03-10T14:59:55","modified_gmt":"2026-03-10T13:59:55","slug":"cabine-d-39-hydromassage-avec-baignoire-cabine-de-douche-sauna-80x80-ou-90x90-ou-100x100-cb013","status":"publish","type":"product","link":"https:\/\/www.bagnoitalia.com\/fr\/produit\/cabine-d-39-hydromassage-avec-baignoire-cabine-de-douche-sauna-80x80-ou-90x90-ou-100x100-cb013.html","title":{"rendered":"Cabine baln\u00e9o avec baignoire 80&#215;80 ou 90&#215;90 ou 105&#215;105 avec bain de vapeur et bluetooth CB013"},"content":{"rendered":"<p style=\"line-height: normal; margin: 0cm 0cm 10pt 0cm;\" align=\"center\">Mal de dos ? Douleurs musculaires ? Douleurs cervicales ? Vous avez besoin d&rsquo;un produit qui vous permette de r\u00e9cup\u00e9rer vos muscles apr\u00e8s une s\u00e9ance d&rsquo;entra\u00eenement ou d&rsquo;un moyen agr\u00e9able de r\u00e9duire le stress de mani\u00e8re impressionnante ? Imaginez que vous puissiez r\u00e9aliser tout cela dans votre salle de bains, \u00e0 un prix avantageux et dans un espace de moins d&rsquo;un m\u00e8tre carr\u00e9. C&rsquo;est exactement ce que nous vous proposons avec cette cabine d&rsquo;hydromassage, disponible en 3 dimensions diff\u00e9rentes (80&#215;80 cm, 90&#215;90 cm, 105&#215;105 cm), qui vous offre le plaisir de l&rsquo;hydromassage combin\u00e9 \u00e0 de nombreuses autres options int\u00e9ressantes et de qualit\u00e9, comme le g\u00e9n\u00e9rateur de vapeur pour le bain turc, une autre v\u00e9ritable b\u00e9n\u00e9diction pour la sant\u00e9.<\/p>\n<p>La cabine est \u00e9quip\u00e9e d&rsquo;un panneau de commande tactile, du Bluetooth, d&rsquo;une radio, d&rsquo;un porte-serviettes, d&rsquo;un miroir, de 6 hydrojets le long de la colonne centrale, d&rsquo;un dossier, d&rsquo;un massage des pieds, d&rsquo;un si\u00e8ge pour bain \u00e0 remous et bain de vapeur , d&rsquo;un coussin d&rsquo;appui-t\u00eate, d&rsquo;un r\u00e9pondeur t\u00e9l\u00e9phonique (\u00e9galement mains libres), de haut-parleurs, d&rsquo;un g\u00e9n\u00e9rateur de vapeur et d&rsquo;une th\u00e9rapie \u00e0 l&rsquo;ozone. Le verre tremp\u00e9 assombri a une \u00e9paisseur de 5 mm et r\u00e9pond aux normes de pr\u00e9vention des accidents.<\/p>\n<p>Dimensions : 80x80x210 &#8211; 90x90x210 &#8211; 105x105x210<\/p>\n<p>(Hauteur externe de la cuve 40 cm, hauteur interne de la cuve 27 cm)<\/p>\n<p>CARACT\u00c9RISTIQUES TECHNIQUES :<\/p>\n<p>&nbsp;<\/p>\n<p>&#8211; Panneau informatique \u00e0 \u00e9cran tactile ;<\/p>\n<p>-Bluetooth<br \/>\n&#8211; Radio FM ;<br \/>\n&#8211; Douche dans le toit avec \u00e9clairage ; Douche en acier chrom\u00e9 ;<br \/>\n&#8211; Poign\u00e9es chrom\u00e9es ;<br \/>\n&#8211; Tablette en verre ;<br \/>\n&#8211; Porte-serviettes ;<br \/>\n&#8211; Miroir ;<br \/>\n&#8211; Jets d&rsquo;hydromassage avec 6 jets<br \/>\n&#8211; Contr\u00f4le de l&rsquo;eau chaude et de l&rsquo;eau froide ;<br \/>\n&#8211; Dossier ;<br \/>\n&#8211; Massage des pieds ;<br \/>\n&#8211; Si\u00e8ge confortable pour bain de vapeur ou bain \u00e0 remous<br \/>\n&#8211; Baignoire antid\u00e9rapante ;<br \/>\n&#8211; Coussin d&rsquo;appui-t\u00eate<br \/>\n&#8211; Lampe de pavillon ; LED arri\u00e8re ;<br \/>\n&#8211; R\u00e9cepteur t\u00e9l\u00e9phonique mains libres ;<br \/>\n&#8211; Vidange d&rsquo;eau ;<br \/>\n&#8211; Ventilateur d&rsquo;\u00e9vacuation ;<br \/>\n&#8211; Haut-parleurs ;<br \/>\n&#8211; Verre tremp\u00e9 et teint\u00e9 de 5 mm pour pr\u00e9venir les accidents.<br \/>\n&#8211; G\u00e9n\u00e9rateur de vapeur ;<br \/>\n&#8211; Ozonoth\u00e9rapie (g\u00e9n\u00e9rateur d&rsquo;ions actifs) ;<br \/>\n&#8211; Jets d&rsquo;eau le long de la colonne centrale.<\/p>\n<p>&nbsp;<\/p>\n<p>Cabine 90&#215;90 <a href=\"images\/manuali\/90x90-cb013.pdf\">Cliquez ici pour t\u00e9l\u00e9charger le manue<\/a>l<\/p>\n<p>&nbsp;<\/p>\n<p>Cabine 105&#215;105 <a href=\"images\/manuali\/105x105-cb013.pdf\">Cliquez ici pour t\u00e9l\u00e9charger le manuel<\/a><\/p>\n<p style=\"line-height: normal; margin: 0cm 0cm 10pt; text-align: justify;\" align=\"center\"><span style=\"font-size: 12pt;\"><span style=\"font-family: 'Times New Roman', 'serif';\"><strong><span style=\"font-family: 'Arial';\">\u00a0\u00a0\u00a0\u00a0\u00a0\u00a0\u00a0\u00a0\u00a0\u00a0\u00a0\u00a0\u00a0\u00a0\u00a0\u00a0\u00a0\u00a0\u00a0\u00a0\u00a0\u00a0\u00a0\u00a0\u00a0\u00a0\u00a0\u00a0\u00a0\u00a0\u00a0\u00a0\u00a0\u00a0\u00a0\u00a0\u00a0\u00a0\u00a0\u00a0 <\/span><\/strong><\/span><\/span><\/p>\n<p style=\"line-height: normal; margin: 0cm 0cm 10pt; text-align: justify;\" align=\"center\"><span style=\"font-size: 12pt;\"><span style=\"font-family: 'Times New Roman', 'serif';\"><strong><span style=\"font-family: 'Arial';\"><img decoding=\"async\" class=\" size-full wp-image-17274\" src=\"https:\/\/img.bagnoitalia.com\/wp-content\/uploads\/virtuemart\/product\/resized\/8004-1_200x200.jpg\" alt=\"http:\/\/www.bagnoitalia.it\/https:\/\/img.bagnoitalia.com\/wp-content\/uploads\/virtuemart\/product\/resized\/8004-1_200x200.jpg\" width=\"131\" height=\"200\" \/> &lt;=== Cabines 90&#215;90 et 80&#215;80 avec bord de la baignoire blanc avec barres chrom\u00e9es<br \/>\n<\/span><\/strong><\/span><\/span><\/p>\n<p style=\"line-height: normal; margin: 0cm 0cm 10pt; text-align: justify;\" align=\"center\"><span style=\"font-size: 12pt;\"><span style=\"font-family: 'Times New Roman', 'serif';\"><strong><span style=\"font-family: 'Arial';\"><img fetchpriority=\"high\" decoding=\"async\" class=\" size-full wp-image-17278\" src=\"https:\/\/img.bagnoitalia.com\/wp-content\/uploads\/virtuemart\/product\/1-cabina-idromassaggio105x105.jpg\" alt=\"http:\/\/www.bagnoitalia.it\/https:\/\/img.bagnoitalia.com\/wp-content\/uploads\/virtuemart\/product\/1-cabina-idromassaggio105x105.jpg\" width=\"214\" height=\"254\" srcset=\"https:\/\/img.bagnoitalia.com\/wp-content\/uploads\/virtuemart\/product\/1-cabina-idromassaggio105x105.jpg 393w, https:\/\/img.bagnoitalia.com\/wp-content\/uploads\/virtuemart\/product\/1-cabina-idromassaggio105x105-150x178.jpg 150w\" sizes=\"(max-width: 214px) 100vw, 214px\" \/> &lt;=== Cabine 105&#215;105 nouveau mod\u00e8le<br \/>\n<\/span><\/strong><\/span><\/span><\/p>\n<p style=\"text-align: justify;\"><img decoding=\"async\" class=\" size-full wp-image-17283\" src=\"https:\/\/img.bagnoitalia.com\/wp-content\/uploads\/1-1.jpg\" alt=\"\" width=\"817\" height=\"135\" srcset=\"https:\/\/img.bagnoitalia.com\/wp-content\/uploads\/1-1.jpg 817w, https:\/\/img.bagnoitalia.com\/wp-content\/uploads\/1-1-768x127.jpg 768w, https:\/\/img.bagnoitalia.com\/wp-content\/uploads\/1-1-441x73.jpg 441w, https:\/\/img.bagnoitalia.com\/wp-content\/uploads\/1-1-600x99.jpg 600w, https:\/\/img.bagnoitalia.com\/wp-content\/uploads\/1-1-150x25.jpg 150w\" sizes=\"(max-width: 817px) 100vw, 817px\" \/><\/p>\n","protected":false},"excerpt":{"rendered":"<p>Cabine avec bain \u00e0 remous, semi-circulaire 80&#215;80, 90&#215;90 ou 105&#215;105 compl\u00e8te en option<\/p>\n","protected":false},"featured_media":17230,"comment_status":"open","ping_status":"closed","template":"","meta":[],"product_brand":[9924],"product_cat":[9735],"product_tag":[],"class_list":{"0":"post-78110","1":"product","2":"type-product","3":"status-publish","4":"has-post-thumbnail","6":"product_brand-predator-arredo-casa-fr","7":"product_cat-cabine-d-39-hydromassage","9":"first","10":"instock","11":"sale","12":"taxable","13":"shipping-taxable","14":"purchasable","15":"product-type-simple"},"exclude_global_add_ons":false,"addons":[{"name":"dimensions","type":"multiple_choice","position":0,"required":true,"title_format":"heading","default":"","description_enable":false,"description":"","placeholder_enable":false,"placeholder":"","display":"select","restrictions_type":"any_text","adjust_price":false,"price":"","price_type":"flat_fee","restrictions":false,"min":"0","max":"0","options":[{"label":"80x80 cm","price":"","price_type":"quantity_based","image":0,"visibility":true},{"label":"90x90 cm","price":"171","price_type":"quantity_based","image":0,"visibility":true},{"label":"105x105 cm","price":"400","price_type":"quantity_based","image":0,"visibility":true}],"id":1716460185}],"yoast_head":"<!-- This site is optimized with the Yoast SEO plugin v26.7 - https:\/\/yoast.com\/wordpress\/plugins\/seo\/ -->\n<title>Cabine baln\u00e9o avec baignoire 80x80 ou 90x90 ou 105x105 avec sauna et bluetooth CB013<\/title>\n<meta name=\"description\" content=\"Cabine avec bain \u00e0 remous, semi-circulaire 80x80, 90x90 ou 105x105 compl\u00e8te en option\" \/>\n<meta name=\"robots\" content=\"index, follow, max-snippet:-1, max-image-preview:large, max-video-preview:-1\" \/>\n<link rel=\"canonical\" href=\"https:\/\/www.bagnoitalia.com\/fr\/produit\/cabine-d-39-hydromassage-avec-baignoire-cabine-de-douche-sauna-80x80-ou-90x90-ou-100x100-cb013.html\" \/>\n<meta property=\"og:locale\" content=\"fr_FR\" \/>\n<meta property=\"og:type\" content=\"article\" \/>\n<meta property=\"og:title\" content=\"Cabine baln\u00e9o avec baignoire 80x80 ou 90x90 ou 105x105 avec sauna et bluetooth CB013\" \/>\n<meta property=\"og:description\" content=\"Cabine avec bain \u00e0 remous, semi-circulaire 80x80, 90x90 ou 105x105 compl\u00e8te en option\" \/>\n<meta property=\"og:url\" content=\"https:\/\/www.bagnoitalia.com\/fr\/produit\/cabine-d-39-hydromassage-avec-baignoire-cabine-de-douche-sauna-80x80-ou-90x90-ou-100x100-cb013.html\" \/>\n<meta property=\"og:site_name\" content=\"Bagno Italia\" \/>\n<meta property=\"article:modified_time\" content=\"2026-03-10T13:59:55+00:00\" \/>\n<meta property=\"og:image\" content=\"https:\/\/img.bagnoitalia.com\/wp-content\/uploads\/virtuemart\/product\/cabin-Hydromassage-tub-CB013-1_1542879517_601.jpg\" \/>\n\t<meta property=\"og:image:width\" content=\"503\" \/>\n\t<meta property=\"og:image:height\" content=\"503\" \/>\n\t<meta property=\"og:image:type\" content=\"image\/jpeg\" \/>\n<meta name=\"twitter:card\" content=\"summary_large_image\" \/>\n<meta name=\"twitter:label1\" content=\"Dur\u00e9e de lecture estim\u00e9e\" \/>\n\t<meta name=\"twitter:data1\" content=\"3 minutes\" \/>\n<script type=\"application\/ld+json\" class=\"yoast-schema-graph\">{\"@context\":\"https:\/\/schema.org\",\"@graph\":[{\"@type\":\"WebPage\",\"@id\":\"https:\/\/www.bagnoitalia.com\/fr\/produit\/cabine-d-39-hydromassage-avec-baignoire-cabine-de-douche-sauna-80x80-ou-90x90-ou-100x100-cb013.html\",\"url\":\"https:\/\/www.bagnoitalia.com\/fr\/produit\/cabine-d-39-hydromassage-avec-baignoire-cabine-de-douche-sauna-80x80-ou-90x90-ou-100x100-cb013.html\",\"name\":\"Cabine baln\u00e9o avec baignoire 80x80 ou 90x90 ou 105x105 avec sauna et bluetooth CB013\",\"isPartOf\":{\"@id\":\"https:\/\/www.bagnoitalia.com\/fr#website\"},\"primaryImageOfPage\":{\"@id\":\"https:\/\/www.bagnoitalia.com\/fr\/produit\/cabine-d-39-hydromassage-avec-baignoire-cabine-de-douche-sauna-80x80-ou-90x90-ou-100x100-cb013.html#primaryimage\"},\"image\":{\"@id\":\"https:\/\/www.bagnoitalia.com\/fr\/produit\/cabine-d-39-hydromassage-avec-baignoire-cabine-de-douche-sauna-80x80-ou-90x90-ou-100x100-cb013.html#primaryimage\"},\"thumbnailUrl\":\"https:\/\/img.bagnoitalia.com\/wp-content\/uploads\/virtuemart\/product\/cabin-Hydromassage-tub-CB013-1_1542879517_601.jpg\",\"datePublished\":\"2014-01-22T10:25:26+00:00\",\"dateModified\":\"2026-03-10T13:59:55+00:00\",\"description\":\"Cabine avec bain \u00e0 remous, semi-circulaire 80x80, 90x90 ou 105x105 compl\u00e8te en option\",\"breadcrumb\":{\"@id\":\"https:\/\/www.bagnoitalia.com\/fr\/produit\/cabine-d-39-hydromassage-avec-baignoire-cabine-de-douche-sauna-80x80-ou-90x90-ou-100x100-cb013.html#breadcrumb\"},\"inLanguage\":\"fr-FR\",\"potentialAction\":[{\"@type\":\"ReadAction\",\"target\":[\"https:\/\/www.bagnoitalia.com\/fr\/produit\/cabine-d-39-hydromassage-avec-baignoire-cabine-de-douche-sauna-80x80-ou-90x90-ou-100x100-cb013.html\"]}]},{\"@type\":\"ImageObject\",\"inLanguage\":\"fr-FR\",\"@id\":\"https:\/\/www.bagnoitalia.com\/fr\/produit\/cabine-d-39-hydromassage-avec-baignoire-cabine-de-douche-sauna-80x80-ou-90x90-ou-100x100-cb013.html#primaryimage\",\"url\":\"https:\/\/img.bagnoitalia.com\/wp-content\/uploads\/virtuemart\/product\/cabin-Hydromassage-tub-CB013-1_1542879517_601.jpg\",\"contentUrl\":\"https:\/\/img.bagnoitalia.com\/wp-content\/uploads\/virtuemart\/product\/cabin-Hydromassage-tub-CB013-1_1542879517_601.jpg\",\"width\":503,\"height\":503},{\"@type\":\"BreadcrumbList\",\"@id\":\"https:\/\/www.bagnoitalia.com\/fr\/produit\/cabine-d-39-hydromassage-avec-baignoire-cabine-de-douche-sauna-80x80-ou-90x90-ou-100x100-cb013.html#breadcrumb\",\"itemListElement\":[{\"@type\":\"ListItem\",\"position\":1,\"name\":\"Home\",\"item\":\"https:\/\/www.bagnoitalia.com\/fr\"},{\"@type\":\"ListItem\",\"position\":2,\"name\":\"Produits\",\"item\":\"https:\/\/www.bagnoitalia.com\/fr\/shop\"},{\"@type\":\"ListItem\",\"position\":3,\"name\":\"Cabine baln\u00e9o avec baignoire 80&#215;80 ou 90&#215;90 ou 105&#215;105 avec bain de vapeur et bluetooth CB013\"}]},{\"@type\":\"WebSite\",\"@id\":\"https:\/\/www.bagnoitalia.com\/fr#website\",\"url\":\"https:\/\/www.bagnoitalia.com\/fr\",\"name\":\"Bagno Italia\",\"description\":\"\",\"publisher\":{\"@id\":\"https:\/\/www.bagnoitalia.com\/fr#organization\"},\"potentialAction\":[{\"@type\":\"SearchAction\",\"target\":{\"@type\":\"EntryPoint\",\"urlTemplate\":\"https:\/\/www.bagnoitalia.com\/fr?s={search_term_string}\"},\"query-input\":{\"@type\":\"PropertyValueSpecification\",\"valueRequired\":true,\"valueName\":\"search_term_string\"}}],\"inLanguage\":\"fr-FR\"},{\"@type\":\"Organization\",\"@id\":\"https:\/\/www.bagnoitalia.com\/fr#organization\",\"name\":\"Bagno Italia\",\"url\":\"https:\/\/www.bagnoitalia.com\/fr\",\"logo\":{\"@type\":\"ImageObject\",\"inLanguage\":\"fr-FR\",\"@id\":\"https:\/\/www.bagnoitalia.com\/fr#\/schema\/logo\/image\/\",\"url\":\"https:\/\/img.bagnoitalia.com\/wp-content\/uploads\/logo-bagnoitalia.webp\",\"contentUrl\":\"https:\/\/img.bagnoitalia.com\/wp-content\/uploads\/logo-bagnoitalia.webp\",\"width\":400,\"height\":70,\"caption\":\"Bagno Italia\"},\"image\":{\"@id\":\"https:\/\/www.bagnoitalia.com\/fr#\/schema\/logo\/image\/\"}}]}<\/script>\n<!-- \/ Yoast SEO plugin. -->","yoast_head_json":{"title":"Cabine baln\u00e9o avec baignoire 80x80 ou 90x90 ou 105x105 avec sauna et bluetooth CB013","description":"Cabine avec bain \u00e0 remous, semi-circulaire 80x80, 90x90 ou 105x105 compl\u00e8te en option","robots":{"index":"index","follow":"follow","max-snippet":"max-snippet:-1","max-image-preview":"max-image-preview:large","max-video-preview":"max-video-preview:-1"},"canonical":"https:\/\/www.bagnoitalia.com\/fr\/produit\/cabine-d-39-hydromassage-avec-baignoire-cabine-de-douche-sauna-80x80-ou-90x90-ou-100x100-cb013.html","og_locale":"fr_FR","og_type":"article","og_title":"Cabine baln\u00e9o avec baignoire 80x80 ou 90x90 ou 105x105 avec sauna et bluetooth CB013","og_description":"Cabine avec bain \u00e0 remous, semi-circulaire 80x80, 90x90 ou 105x105 compl\u00e8te en option","og_url":"https:\/\/www.bagnoitalia.com\/fr\/produit\/cabine-d-39-hydromassage-avec-baignoire-cabine-de-douche-sauna-80x80-ou-90x90-ou-100x100-cb013.html","og_site_name":"Bagno Italia","article_modified_time":"2026-03-10T13:59:55+00:00","og_image":[{"width":503,"height":503,"url":"https:\/\/img.bagnoitalia.com\/wp-content\/uploads\/virtuemart\/product\/cabin-Hydromassage-tub-CB013-1_1542879517_601.jpg","type":"image\/jpeg"}],"twitter_card":"summary_large_image","twitter_misc":{"Dur\u00e9e de lecture estim\u00e9e":"3 minutes"},"schema":{"@context":"https:\/\/schema.org","@graph":[{"@type":"WebPage","@id":"https:\/\/www.bagnoitalia.com\/fr\/produit\/cabine-d-39-hydromassage-avec-baignoire-cabine-de-douche-sauna-80x80-ou-90x90-ou-100x100-cb013.html","url":"https:\/\/www.bagnoitalia.com\/fr\/produit\/cabine-d-39-hydromassage-avec-baignoire-cabine-de-douche-sauna-80x80-ou-90x90-ou-100x100-cb013.html","name":"Cabine baln\u00e9o avec baignoire 80x80 ou 90x90 ou 105x105 avec sauna et bluetooth CB013","isPartOf":{"@id":"https:\/\/www.bagnoitalia.com\/fr#website"},"primaryImageOfPage":{"@id":"https:\/\/www.bagnoitalia.com\/fr\/produit\/cabine-d-39-hydromassage-avec-baignoire-cabine-de-douche-sauna-80x80-ou-90x90-ou-100x100-cb013.html#primaryimage"},"image":{"@id":"https:\/\/www.bagnoitalia.com\/fr\/produit\/cabine-d-39-hydromassage-avec-baignoire-cabine-de-douche-sauna-80x80-ou-90x90-ou-100x100-cb013.html#primaryimage"},"thumbnailUrl":"https:\/\/img.bagnoitalia.com\/wp-content\/uploads\/virtuemart\/product\/cabin-Hydromassage-tub-CB013-1_1542879517_601.jpg","datePublished":"2014-01-22T10:25:26+00:00","dateModified":"2026-03-10T13:59:55+00:00","description":"Cabine avec bain \u00e0 remous, semi-circulaire 80x80, 90x90 ou 105x105 compl\u00e8te en option","breadcrumb":{"@id":"https:\/\/www.bagnoitalia.com\/fr\/produit\/cabine-d-39-hydromassage-avec-baignoire-cabine-de-douche-sauna-80x80-ou-90x90-ou-100x100-cb013.html#breadcrumb"},"inLanguage":"fr-FR","potentialAction":[{"@type":"ReadAction","target":["https:\/\/www.bagnoitalia.com\/fr\/produit\/cabine-d-39-hydromassage-avec-baignoire-cabine-de-douche-sauna-80x80-ou-90x90-ou-100x100-cb013.html"]}]},{"@type":"ImageObject","inLanguage":"fr-FR","@id":"https:\/\/www.bagnoitalia.com\/fr\/produit\/cabine-d-39-hydromassage-avec-baignoire-cabine-de-douche-sauna-80x80-ou-90x90-ou-100x100-cb013.html#primaryimage","url":"https:\/\/img.bagnoitalia.com\/wp-content\/uploads\/virtuemart\/product\/cabin-Hydromassage-tub-CB013-1_1542879517_601.jpg","contentUrl":"https:\/\/img.bagnoitalia.com\/wp-content\/uploads\/virtuemart\/product\/cabin-Hydromassage-tub-CB013-1_1542879517_601.jpg","width":503,"height":503},{"@type":"BreadcrumbList","@id":"https:\/\/www.bagnoitalia.com\/fr\/produit\/cabine-d-39-hydromassage-avec-baignoire-cabine-de-douche-sauna-80x80-ou-90x90-ou-100x100-cb013.html#breadcrumb","itemListElement":[{"@type":"ListItem","position":1,"name":"Home","item":"https:\/\/www.bagnoitalia.com\/fr"},{"@type":"ListItem","position":2,"name":"Produits","item":"https:\/\/www.bagnoitalia.com\/fr\/shop"},{"@type":"ListItem","position":3,"name":"Cabine baln\u00e9o avec baignoire 80&#215;80 ou 90&#215;90 ou 105&#215;105 avec bain de vapeur et bluetooth CB013"}]},{"@type":"WebSite","@id":"https:\/\/www.bagnoitalia.com\/fr#website","url":"https:\/\/www.bagnoitalia.com\/fr","name":"Bagno Italia","description":"","publisher":{"@id":"https:\/\/www.bagnoitalia.com\/fr#organization"},"potentialAction":[{"@type":"SearchAction","target":{"@type":"EntryPoint","urlTemplate":"https:\/\/www.bagnoitalia.com\/fr?s={search_term_string}"},"query-input":{"@type":"PropertyValueSpecification","valueRequired":true,"valueName":"search_term_string"}}],"inLanguage":"fr-FR"},{"@type":"Organization","@id":"https:\/\/www.bagnoitalia.com\/fr#organization","name":"Bagno Italia","url":"https:\/\/www.bagnoitalia.com\/fr","logo":{"@type":"ImageObject","inLanguage":"fr-FR","@id":"https:\/\/www.bagnoitalia.com\/fr#\/schema\/logo\/image\/","url":"https:\/\/img.bagnoitalia.com\/wp-content\/uploads\/logo-bagnoitalia.webp","contentUrl":"https:\/\/img.bagnoitalia.com\/wp-content\/uploads\/logo-bagnoitalia.webp","width":400,"height":70,"caption":"Bagno Italia"},"image":{"@id":"https:\/\/www.bagnoitalia.com\/fr#\/schema\/logo\/image\/"}}]}},"_links":{"self":[{"href":"https:\/\/www.bagnoitalia.com\/fr\/wp-json\/wp\/v2\/product\/78110","targetHints":{"allow":["GET"]}}],"collection":[{"href":"https:\/\/www.bagnoitalia.com\/fr\/wp-json\/wp\/v2\/product"}],"about":[{"href":"https:\/\/www.bagnoitalia.com\/fr\/wp-json\/wp\/v2\/types\/product"}],"replies":[{"embeddable":true,"href":"https:\/\/www.bagnoitalia.com\/fr\/wp-json\/wp\/v2\/comments?post=78110"}],"version-history":[{"count":4,"href":"https:\/\/www.bagnoitalia.com\/fr\/wp-json\/wp\/v2\/product\/78110\/revisions"}],"predecessor-version":[{"id":116730,"href":"https:\/\/www.bagnoitalia.com\/fr\/wp-json\/wp\/v2\/product\/78110\/revisions\/116730"}],"wp:featuredmedia":[{"embeddable":true,"href":"https:\/\/www.bagnoitalia.com\/fr\/wp-json\/wp\/v2\/media\/17230"}],"wp:attachment":[{"href":"https:\/\/www.bagnoitalia.com\/fr\/wp-json\/wp\/v2\/media?parent=78110"}],"wp:term":[{"taxonomy":"product_brand","embeddable":true,"href":"https:\/\/www.bagnoitalia.com\/fr\/wp-json\/wp\/v2\/product_brand?post=78110"},{"taxonomy":"product_cat","embeddable":true,"href":"https:\/\/www.bagnoitalia.com\/fr\/wp-json\/wp\/v2\/product_cat?post=78110"},{"taxonomy":"product_tag","embeddable":true,"href":"https:\/\/www.bagnoitalia.com\/fr\/wp-json\/wp\/v2\/product_tag?post=78110"}],"curies":[{"name":"wp","href":"https:\/\/api.w.org\/{rel}","templated":true}]}}