{"id":78090,"date":"2012-10-16T11:22:34","date_gmt":"2012-10-16T09:22:34","guid":{"rendered":"https:\/\/www.bagnoitalia.com\/product\/bidet-et-wc-wc-sanitaires-suspendus-modernes"},"modified":"2025-02-11T15:26:45","modified_gmt":"2025-02-11T14:26:45","slug":"bidet-et-wc-wc-sanitaires-suspendus-modernes","status":"publish","type":"product","link":"https:\/\/www.bagnoitalia.com\/fr\/produit\/bidet-et-wc-wc-sanitaires-suspendus-modernes.html","title":{"rendered":"Bidet et WC Sanitaires suspendus modernes en c\u00e9ramique."},"content":{"rendered":"<p><strong>WC et bidet suspendu en <strong> c\u00e9ramique<\/strong>.<\/strong><\/p>\n<p><strong>\u00a0<\/strong><\/p>\n<p><strong>Le prix comprend:<\/strong><\/p>\n<p><strong>\u00a0<\/strong><\/p>\n<p>N. 1 Si\u00e8ge de toilette suspendu en c\u00e9ramique 50x35x35.5h<br \/>\nN. 1 Bidet suspendu en c\u00e9ramique 53x35x35.5h<\/p>\n<p>Abattant de toilette non inclus<\/p>\n<p>Nous pouvons \u00e9galement vendre les articles individuellement<\/p>\n<p>Il est possible de commander l&rsquo;abbattant de toilette dans le menu ci-dessus dans l\u2019une des versions suivantes:<\/p>\n<p>&#8211; \u00e0 fermeture lente<\/p>\n<p><img fetchpriority=\"high\" decoding=\"async\" class=\"shrinkToFit decoded size-full wp-image-17135\" src=\"https:\/\/img.bagnoitalia.com\/wp-content\/uploads\/virtuemart\/product\/bg_foto_copri_wc_t_5_2.jpg\" alt=\"http:\/\/www.bagnoitalia.it\/https:\/\/img.bagnoitalia.com\/wp-content\/uploads\/virtuemart\/product\/bg_foto_copri_wc_t_5_2.jpg\" width=\"806\" height=\"605\" srcset=\"https:\/\/img.bagnoitalia.com\/wp-content\/uploads\/virtuemart\/product\/bg_foto_copri_wc_t_5_2.jpg 1024w, https:\/\/img.bagnoitalia.com\/wp-content\/uploads\/virtuemart\/product\/bg_foto_copri_wc_t_5_2-768x576.jpg 768w, https:\/\/img.bagnoitalia.com\/wp-content\/uploads\/virtuemart\/product\/bg_foto_copri_wc_t_5_2-990x743.jpg 990w, https:\/\/img.bagnoitalia.com\/wp-content\/uploads\/virtuemart\/product\/bg_foto_copri_wc_t_5_2-441x331.jpg 441w, https:\/\/img.bagnoitalia.com\/wp-content\/uploads\/virtuemart\/product\/bg_foto_copri_wc_t_5_2-600x450.jpg 600w, https:\/\/img.bagnoitalia.com\/wp-content\/uploads\/virtuemart\/product\/bg_foto_copri_wc_t_5_2-150x113.jpg 150w\" sizes=\"(max-width: 806px) 100vw, 806px\" \/><\/p>\n<p>&#8211; \u00e0 fermeture standard en polyester<\/p>\n<p><img decoding=\"async\" class=\"product-image size-full wp-image-17139\" style=\"display: block;\" src=\"https:\/\/img.bagnoitalia.com\/wp-content\/uploads\/virtuemart\/product\/Copriwater_unive_4a9cdbe5e1a78.jpg\" alt=\"Si\u00e8ge de toilette universel en polyester\" width=\"640\" height=\"640\" srcset=\"https:\/\/img.bagnoitalia.com\/wp-content\/uploads\/virtuemart\/product\/Copriwater_unive_4a9cdbe5e1a78.jpg 640w, https:\/\/img.bagnoitalia.com\/wp-content\/uploads\/virtuemart\/product\/Copriwater_unive_4a9cdbe5e1a78-441x441.jpg 441w, https:\/\/img.bagnoitalia.com\/wp-content\/uploads\/virtuemart\/product\/Copriwater_unive_4a9cdbe5e1a78-100x100.jpg 100w, https:\/\/img.bagnoitalia.com\/wp-content\/uploads\/virtuemart\/product\/Copriwater_unive_4a9cdbe5e1a78-600x600.jpg 600w, https:\/\/img.bagnoitalia.com\/wp-content\/uploads\/virtuemart\/product\/Copriwater_unive_4a9cdbe5e1a78-150x150.jpg 150w\" sizes=\"(max-width: 640px) 100vw, 640px\" \/><\/p>\n","protected":false},"excerpt":{"rendered":"<p>WC et bidet suspendus, abattant de toilette non inclus, Vous pouvez \u00e9galement acheter ces articles s\u00e9par\u00e9ment.<\/p>\n","protected":false},"featured_media":17126,"comment_status":"open","ping_status":"closed","template":"","meta":[],"product_brand":[9939],"product_cat":[9695],"product_tag":[],"class_list":{"0":"post-78090","1":"product","2":"type-product","3":"status-publish","4":"has-post-thumbnail","6":"product_brand-dianflex-fr","7":"product_cat-salle-de-bain-sanitaire","9":"first","10":"instock","11":"sale","12":"taxable","13":"shipping-taxable","14":"purchasable","15":"product-type-simple"},"exclude_global_add_ons":false,"addons":[{"name":"Type de produit","type":"multiple_choice","position":0,"required":true,"title_format":"heading","default":"","description_enable":false,"description":"","placeholder_enable":false,"placeholder":"","display":"select","restrictions_type":"any_text","adjust_price":false,"price":"","price_type":"flat_fee","restrictions":false,"min":"0","max":"0","options":[{"label":"Ensemble complet","price":"","price_type":"quantity_based","image":0,"visibility":true},{"label":"WC","price":"-54","price_type":"quantity_based","image":0,"visibility":true},{"label":"bidet","price":"-54","price_type":"quantity_based","image":0,"visibility":true}],"id":1717515561},{"name":"Abattant de si\u00e8ge de toilette","type":"multiple_choice","position":1,"required":true,"title_format":"heading","default":"","description_enable":false,"description":"","placeholder_enable":false,"placeholder":"","display":"select","restrictions_type":"any_text","adjust_price":false,"price":"","price_type":"flat_fee","restrictions":false,"min":"0","max":"0","options":[{"label":"Non","price":"","price_type":"quantity_based","image":0,"visibility":true},{"label":"si\u00e8ge en pvc","price":"20","price_type":"quantity_based","image":0,"visibility":true}],"id":1717515562}],"yoast_head":"<!-- This site is optimized with the Yoast SEO plugin v26.7 - https:\/\/yoast.com\/wordpress\/plugins\/seo\/ -->\n<title>Bidet et WC Sanitaires suspendus modernes en c\u00e9ramique.<\/title>\n<meta name=\"description\" content=\"Sanitaires Salle de bains moderne en c\u00e9ramique suspendue. Vendu par paire Vase-Bidet, mais \u00e9galement disponible \u00e0 l&#039;unit\u00e9. En savoir plus!\" \/>\n<meta name=\"robots\" content=\"index, follow, max-snippet:-1, max-image-preview:large, max-video-preview:-1\" \/>\n<link rel=\"canonical\" href=\"https:\/\/www.bagnoitalia.com\/fr\/produit\/bidet-et-wc-wc-sanitaires-suspendus-modernes.html\" \/>\n<meta property=\"og:locale\" content=\"fr_FR\" \/>\n<meta property=\"og:type\" content=\"article\" \/>\n<meta property=\"og:title\" content=\"Bidet et WC Sanitaires suspendus modernes en c\u00e9ramique.\" \/>\n<meta property=\"og:description\" content=\"Sanitaires Salle de bains moderne en c\u00e9ramique suspendue. Vendu par paire Vase-Bidet, mais \u00e9galement disponible \u00e0 l&#039;unit\u00e9. En savoir plus!\" \/>\n<meta property=\"og:url\" content=\"https:\/\/www.bagnoitalia.com\/fr\/produit\/bidet-et-wc-wc-sanitaires-suspendus-modernes.html\" \/>\n<meta property=\"og:site_name\" content=\"Bagno Italia\" \/>\n<meta property=\"article:modified_time\" content=\"2025-02-11T14:26:45+00:00\" \/>\n<meta property=\"og:image\" content=\"https:\/\/img.bagnoitalia.com\/wp-content\/uploads\/virtuemart\/product\/Wall-hung-sanitary-modern-design-1_1540990871_2693.jpg\" \/>\n\t<meta property=\"og:image:width\" content=\"1067\" \/>\n\t<meta property=\"og:image:height\" content=\"1067\" \/>\n\t<meta property=\"og:image:type\" content=\"image\/jpeg\" \/>\n<meta name=\"twitter:card\" content=\"summary_large_image\" \/>\n<meta name=\"twitter:label1\" content=\"Dur\u00e9e de lecture estim\u00e9e\" \/>\n\t<meta name=\"twitter:data1\" content=\"1 minute\" \/>\n<script type=\"application\/ld+json\" class=\"yoast-schema-graph\">{\"@context\":\"https:\/\/schema.org\",\"@graph\":[{\"@type\":\"WebPage\",\"@id\":\"https:\/\/www.bagnoitalia.com\/fr\/produit\/bidet-et-wc-wc-sanitaires-suspendus-modernes.html\",\"url\":\"https:\/\/www.bagnoitalia.com\/fr\/produit\/bidet-et-wc-wc-sanitaires-suspendus-modernes.html\",\"name\":\"Bidet et WC Sanitaires suspendus modernes en c\u00e9ramique.\",\"isPartOf\":{\"@id\":\"https:\/\/www.bagnoitalia.com\/fr#website\"},\"primaryImageOfPage\":{\"@id\":\"https:\/\/www.bagnoitalia.com\/fr\/produit\/bidet-et-wc-wc-sanitaires-suspendus-modernes.html#primaryimage\"},\"image\":{\"@id\":\"https:\/\/www.bagnoitalia.com\/fr\/produit\/bidet-et-wc-wc-sanitaires-suspendus-modernes.html#primaryimage\"},\"thumbnailUrl\":\"https:\/\/img.bagnoitalia.com\/wp-content\/uploads\/virtuemart\/product\/Wall-hung-sanitary-modern-design-1_1540990871_2693.jpg\",\"datePublished\":\"2012-10-16T09:22:34+00:00\",\"dateModified\":\"2025-02-11T14:26:45+00:00\",\"description\":\"Sanitaires Salle de bains moderne en c\u00e9ramique suspendue. Vendu par paire Vase-Bidet, mais \u00e9galement disponible \u00e0 l'unit\u00e9. En savoir plus!\",\"breadcrumb\":{\"@id\":\"https:\/\/www.bagnoitalia.com\/fr\/produit\/bidet-et-wc-wc-sanitaires-suspendus-modernes.html#breadcrumb\"},\"inLanguage\":\"fr-FR\",\"potentialAction\":[{\"@type\":\"ReadAction\",\"target\":[\"https:\/\/www.bagnoitalia.com\/fr\/produit\/bidet-et-wc-wc-sanitaires-suspendus-modernes.html\"]}]},{\"@type\":\"ImageObject\",\"inLanguage\":\"fr-FR\",\"@id\":\"https:\/\/www.bagnoitalia.com\/fr\/produit\/bidet-et-wc-wc-sanitaires-suspendus-modernes.html#primaryimage\",\"url\":\"https:\/\/img.bagnoitalia.com\/wp-content\/uploads\/virtuemart\/product\/Wall-hung-sanitary-modern-design-1_1540990871_2693.jpg\",\"contentUrl\":\"https:\/\/img.bagnoitalia.com\/wp-content\/uploads\/virtuemart\/product\/Wall-hung-sanitary-modern-design-1_1540990871_2693.jpg\",\"width\":1067,\"height\":1067},{\"@type\":\"BreadcrumbList\",\"@id\":\"https:\/\/www.bagnoitalia.com\/fr\/produit\/bidet-et-wc-wc-sanitaires-suspendus-modernes.html#breadcrumb\",\"itemListElement\":[{\"@type\":\"ListItem\",\"position\":1,\"name\":\"Home\",\"item\":\"https:\/\/www.bagnoitalia.com\/fr\"},{\"@type\":\"ListItem\",\"position\":2,\"name\":\"Produits\",\"item\":\"https:\/\/www.bagnoitalia.com\/fr\/shop\"},{\"@type\":\"ListItem\",\"position\":3,\"name\":\"Bidet et WC Sanitaires suspendus modernes en c\u00e9ramique.\"}]},{\"@type\":\"WebSite\",\"@id\":\"https:\/\/www.bagnoitalia.com\/fr#website\",\"url\":\"https:\/\/www.bagnoitalia.com\/fr\",\"name\":\"Bagno Italia\",\"description\":\"\",\"publisher\":{\"@id\":\"https:\/\/www.bagnoitalia.com\/fr#organization\"},\"potentialAction\":[{\"@type\":\"SearchAction\",\"target\":{\"@type\":\"EntryPoint\",\"urlTemplate\":\"https:\/\/www.bagnoitalia.com\/fr?s={search_term_string}\"},\"query-input\":{\"@type\":\"PropertyValueSpecification\",\"valueRequired\":true,\"valueName\":\"search_term_string\"}}],\"inLanguage\":\"fr-FR\"},{\"@type\":\"Organization\",\"@id\":\"https:\/\/www.bagnoitalia.com\/fr#organization\",\"name\":\"Bagno Italia\",\"url\":\"https:\/\/www.bagnoitalia.com\/fr\",\"logo\":{\"@type\":\"ImageObject\",\"inLanguage\":\"fr-FR\",\"@id\":\"https:\/\/www.bagnoitalia.com\/fr#\/schema\/logo\/image\/\",\"url\":\"https:\/\/img.bagnoitalia.com\/wp-content\/uploads\/logo-bagnoitalia.webp\",\"contentUrl\":\"https:\/\/img.bagnoitalia.com\/wp-content\/uploads\/logo-bagnoitalia.webp\",\"width\":400,\"height\":70,\"caption\":\"Bagno Italia\"},\"image\":{\"@id\":\"https:\/\/www.bagnoitalia.com\/fr#\/schema\/logo\/image\/\"}}]}<\/script>\n<!-- \/ Yoast SEO plugin. -->","yoast_head_json":{"title":"Bidet et WC Sanitaires suspendus modernes en c\u00e9ramique.","description":"Sanitaires Salle de bains moderne en c\u00e9ramique suspendue. Vendu par paire Vase-Bidet, mais \u00e9galement disponible \u00e0 l'unit\u00e9. En savoir plus!","robots":{"index":"index","follow":"follow","max-snippet":"max-snippet:-1","max-image-preview":"max-image-preview:large","max-video-preview":"max-video-preview:-1"},"canonical":"https:\/\/www.bagnoitalia.com\/fr\/produit\/bidet-et-wc-wc-sanitaires-suspendus-modernes.html","og_locale":"fr_FR","og_type":"article","og_title":"Bidet et WC Sanitaires suspendus modernes en c\u00e9ramique.","og_description":"Sanitaires Salle de bains moderne en c\u00e9ramique suspendue. Vendu par paire Vase-Bidet, mais \u00e9galement disponible \u00e0 l'unit\u00e9. En savoir plus!","og_url":"https:\/\/www.bagnoitalia.com\/fr\/produit\/bidet-et-wc-wc-sanitaires-suspendus-modernes.html","og_site_name":"Bagno Italia","article_modified_time":"2025-02-11T14:26:45+00:00","og_image":[{"width":1067,"height":1067,"url":"https:\/\/img.bagnoitalia.com\/wp-content\/uploads\/virtuemart\/product\/Wall-hung-sanitary-modern-design-1_1540990871_2693.jpg","type":"image\/jpeg"}],"twitter_card":"summary_large_image","twitter_misc":{"Dur\u00e9e de lecture estim\u00e9e":"1 minute"},"schema":{"@context":"https:\/\/schema.org","@graph":[{"@type":"WebPage","@id":"https:\/\/www.bagnoitalia.com\/fr\/produit\/bidet-et-wc-wc-sanitaires-suspendus-modernes.html","url":"https:\/\/www.bagnoitalia.com\/fr\/produit\/bidet-et-wc-wc-sanitaires-suspendus-modernes.html","name":"Bidet et WC Sanitaires suspendus modernes en c\u00e9ramique.","isPartOf":{"@id":"https:\/\/www.bagnoitalia.com\/fr#website"},"primaryImageOfPage":{"@id":"https:\/\/www.bagnoitalia.com\/fr\/produit\/bidet-et-wc-wc-sanitaires-suspendus-modernes.html#primaryimage"},"image":{"@id":"https:\/\/www.bagnoitalia.com\/fr\/produit\/bidet-et-wc-wc-sanitaires-suspendus-modernes.html#primaryimage"},"thumbnailUrl":"https:\/\/img.bagnoitalia.com\/wp-content\/uploads\/virtuemart\/product\/Wall-hung-sanitary-modern-design-1_1540990871_2693.jpg","datePublished":"2012-10-16T09:22:34+00:00","dateModified":"2025-02-11T14:26:45+00:00","description":"Sanitaires Salle de bains moderne en c\u00e9ramique suspendue. Vendu par paire Vase-Bidet, mais \u00e9galement disponible \u00e0 l'unit\u00e9. En savoir plus!","breadcrumb":{"@id":"https:\/\/www.bagnoitalia.com\/fr\/produit\/bidet-et-wc-wc-sanitaires-suspendus-modernes.html#breadcrumb"},"inLanguage":"fr-FR","potentialAction":[{"@type":"ReadAction","target":["https:\/\/www.bagnoitalia.com\/fr\/produit\/bidet-et-wc-wc-sanitaires-suspendus-modernes.html"]}]},{"@type":"ImageObject","inLanguage":"fr-FR","@id":"https:\/\/www.bagnoitalia.com\/fr\/produit\/bidet-et-wc-wc-sanitaires-suspendus-modernes.html#primaryimage","url":"https:\/\/img.bagnoitalia.com\/wp-content\/uploads\/virtuemart\/product\/Wall-hung-sanitary-modern-design-1_1540990871_2693.jpg","contentUrl":"https:\/\/img.bagnoitalia.com\/wp-content\/uploads\/virtuemart\/product\/Wall-hung-sanitary-modern-design-1_1540990871_2693.jpg","width":1067,"height":1067},{"@type":"BreadcrumbList","@id":"https:\/\/www.bagnoitalia.com\/fr\/produit\/bidet-et-wc-wc-sanitaires-suspendus-modernes.html#breadcrumb","itemListElement":[{"@type":"ListItem","position":1,"name":"Home","item":"https:\/\/www.bagnoitalia.com\/fr"},{"@type":"ListItem","position":2,"name":"Produits","item":"https:\/\/www.bagnoitalia.com\/fr\/shop"},{"@type":"ListItem","position":3,"name":"Bidet et WC Sanitaires suspendus modernes en c\u00e9ramique."}]},{"@type":"WebSite","@id":"https:\/\/www.bagnoitalia.com\/fr#website","url":"https:\/\/www.bagnoitalia.com\/fr","name":"Bagno Italia","description":"","publisher":{"@id":"https:\/\/www.bagnoitalia.com\/fr#organization"},"potentialAction":[{"@type":"SearchAction","target":{"@type":"EntryPoint","urlTemplate":"https:\/\/www.bagnoitalia.com\/fr?s={search_term_string}"},"query-input":{"@type":"PropertyValueSpecification","valueRequired":true,"valueName":"search_term_string"}}],"inLanguage":"fr-FR"},{"@type":"Organization","@id":"https:\/\/www.bagnoitalia.com\/fr#organization","name":"Bagno Italia","url":"https:\/\/www.bagnoitalia.com\/fr","logo":{"@type":"ImageObject","inLanguage":"fr-FR","@id":"https:\/\/www.bagnoitalia.com\/fr#\/schema\/logo\/image\/","url":"https:\/\/img.bagnoitalia.com\/wp-content\/uploads\/logo-bagnoitalia.webp","contentUrl":"https:\/\/img.bagnoitalia.com\/wp-content\/uploads\/logo-bagnoitalia.webp","width":400,"height":70,"caption":"Bagno Italia"},"image":{"@id":"https:\/\/www.bagnoitalia.com\/fr#\/schema\/logo\/image\/"}}]}},"_links":{"self":[{"href":"https:\/\/www.bagnoitalia.com\/fr\/wp-json\/wp\/v2\/product\/78090","targetHints":{"allow":["GET"]}}],"collection":[{"href":"https:\/\/www.bagnoitalia.com\/fr\/wp-json\/wp\/v2\/product"}],"about":[{"href":"https:\/\/www.bagnoitalia.com\/fr\/wp-json\/wp\/v2\/types\/product"}],"replies":[{"embeddable":true,"href":"https:\/\/www.bagnoitalia.com\/fr\/wp-json\/wp\/v2\/comments?post=78090"}],"version-history":[{"count":2,"href":"https:\/\/www.bagnoitalia.com\/fr\/wp-json\/wp\/v2\/product\/78090\/revisions"}],"predecessor-version":[{"id":101758,"href":"https:\/\/www.bagnoitalia.com\/fr\/wp-json\/wp\/v2\/product\/78090\/revisions\/101758"}],"wp:featuredmedia":[{"embeddable":true,"href":"https:\/\/www.bagnoitalia.com\/fr\/wp-json\/wp\/v2\/media\/17126"}],"wp:attachment":[{"href":"https:\/\/www.bagnoitalia.com\/fr\/wp-json\/wp\/v2\/media?parent=78090"}],"wp:term":[{"taxonomy":"product_brand","embeddable":true,"href":"https:\/\/www.bagnoitalia.com\/fr\/wp-json\/wp\/v2\/product_brand?post=78090"},{"taxonomy":"product_cat","embeddable":true,"href":"https:\/\/www.bagnoitalia.com\/fr\/wp-json\/wp\/v2\/product_cat?post=78090"},{"taxonomy":"product_tag","embeddable":true,"href":"https:\/\/www.bagnoitalia.com\/fr\/wp-json\/wp\/v2\/product_tag?post=78090"}],"curies":[{"name":"wp","href":"https:\/\/api.w.org\/{rel}","templated":true}]}}