{"id":78082,"date":"2014-01-14T08:18:03","date_gmt":"2014-01-14T07:18:03","guid":{"rendered":"https:\/\/www.bagnoitalia.com\/product\/1-wc-et-bidet-suspendus-ou-sol-en-ceramique"},"modified":"2025-03-06T15:57:16","modified_gmt":"2025-03-06T14:57:16","slug":"1-wc-et-bidet-suspendus-ou-sol-en-ceramique","status":"publish","type":"product","link":"https:\/\/www.bagnoitalia.com\/fr\/produit\/1-wc-et-bidet-suspendus-ou-sol-en-ceramique.html","title":{"rendered":"WC et bidet suspendus ou \u00e0 poser en c\u00e9ramique"},"content":{"rendered":"<p>WC et bidet suspendus ou \u00e0 poser.<\/p>\n<p>Mod\u00e8le en c\u00e9ramique de premier choix.<\/p>\n<p>Fabriqu\u00e9s en Italie<\/p>\n<p><strong>\u00a0<\/strong><\/p>\n<p><strong>\u00a0<\/strong><\/p>\n<p><strong>Le prix comprend:<\/strong><\/p>\n<p><strong>\u00a0<\/strong><\/p>\n<p>N. 1 Cuvette de WC avec evacuation au sol ou au mur<br \/>\nN. 1 bidet monotrou<\/p>\n<p>Abbattant de toilette non inclus!<\/p>\n<p>Dans le menu sus-jacent, vous pouvez acheter des articles s\u00e9par\u00e9ment.<\/p>\n","protected":false},"excerpt":{"rendered":"<p>Cuvette de WC et bidet en c\u00e9ramique, suspendus ou \u00e0 poser (nous pouvons \u00e9galement les vendre s\u00e9par\u00e9ment)<\/p>\n","protected":false},"featured_media":17098,"comment_status":"open","ping_status":"closed","template":"","meta":[],"product_brand":[9939],"product_cat":[9695],"product_tag":[],"class_list":{"0":"post-78082","1":"product","2":"type-product","3":"status-publish","4":"has-post-thumbnail","6":"product_brand-dianflex-fr","7":"product_cat-salle-de-bain-sanitaire","9":"first","10":"instock","11":"sale","12":"taxable","13":"shipping-taxable","14":"purchasable","15":"product-type-simple"},"exclude_global_add_ons":false,"addons":[{"name":"Type de WC","type":"multiple_choice","position":0,"required":true,"title_format":"heading","default":"","description_enable":false,"description":"","placeholder_enable":false,"placeholder":"","display":"select","restrictions_type":"any_text","adjust_price":false,"price":"","price_type":"flat_fee","restrictions":false,"min":"0","max":"0","options":[{"label":"WC et bidet encastr\u00e9s dans le mur","price":"","price_type":"quantity_based","image":0,"visibility":true},{"label":"WC et Bidet encastr\u00e9s dans le sol","price":"","price_type":"quantity_based","image":0,"visibility":true},{"label":"bidet","price":"-48","price_type":"quantity_based","image":0,"visibility":true},{"label":"WC encastr\u00e9 dans le sol","price":"-48","price_type":"quantity_based","image":0,"visibility":true},{"label":"WC \u00e0 chasse d'eau murale","price":"-48","price_type":"quantity_based","image":0,"visibility":true}],"id":1717428824},{"name":"Abattant de WC","type":"multiple_choice","position":1,"required":true,"title_format":"heading","default":"","description_enable":false,"description":"","placeholder_enable":false,"placeholder":"","display":"select","restrictions_type":"any_text","adjust_price":false,"price":"","price_type":"flat_fee","restrictions":false,"min":"0","max":"0","options":[{"label":"Pas de si\u00e8ge de toilette","price":"","price_type":"quantity_based","image":0,"visibility":true},{"label":"si\u00e8ge de toilette thermodurcissable","price":"20","price_type":"quantity_based","image":0,"visibility":true}],"id":1717428825}],"yoast_head":"<!-- This site is optimized with the Yoast SEO plugin v26.7 - https:\/\/yoast.com\/wordpress\/plugins\/seo\/ -->\n<title>WC et bidet suspendus ou \u00e0 poser en c\u00e9ramique<\/title>\n<meta name=\"description\" content=\"Vase en c\u00e9ramique et bidet avec sortie murale ou au sol, c\u00e9ramique de qualit\u00e9 sup\u00e9rieure.\" \/>\n<meta name=\"robots\" content=\"index, follow, max-snippet:-1, max-image-preview:large, max-video-preview:-1\" \/>\n<link rel=\"canonical\" href=\"https:\/\/www.bagnoitalia.com\/fr\/produit\/1-wc-et-bidet-suspendus-ou-sol-en-ceramique.html\" \/>\n<meta property=\"og:locale\" content=\"fr_FR\" \/>\n<meta property=\"og:type\" content=\"article\" \/>\n<meta property=\"og:title\" content=\"WC et bidet suspendus ou \u00e0 poser en c\u00e9ramique\" \/>\n<meta property=\"og:description\" content=\"Vase en c\u00e9ramique et bidet avec sortie murale ou au sol, c\u00e9ramique de qualit\u00e9 sup\u00e9rieure.\" \/>\n<meta property=\"og:url\" content=\"https:\/\/www.bagnoitalia.com\/fr\/produit\/1-wc-et-bidet-suspendus-ou-sol-en-ceramique.html\" \/>\n<meta property=\"og:site_name\" content=\"Bagno Italia\" \/>\n<meta property=\"article:modified_time\" content=\"2025-03-06T14:57:16+00:00\" \/>\n<meta property=\"og:image\" content=\"https:\/\/img.bagnoitalia.com\/wp-content\/uploads\/virtuemart\/product\/WC-bidet-Sanitary-wall-floor-flush-1_1540990735_230.jpg\" \/>\n\t<meta property=\"og:image:width\" content=\"600\" \/>\n\t<meta property=\"og:image:height\" content=\"600\" \/>\n\t<meta property=\"og:image:type\" content=\"image\/jpeg\" \/>\n<meta name=\"twitter:card\" content=\"summary_large_image\" \/>\n<meta name=\"twitter:label1\" content=\"Dur\u00e9e de lecture estim\u00e9e\" \/>\n\t<meta name=\"twitter:data1\" content=\"1 minute\" \/>\n<script type=\"application\/ld+json\" class=\"yoast-schema-graph\">{\"@context\":\"https:\/\/schema.org\",\"@graph\":[{\"@type\":\"WebPage\",\"@id\":\"https:\/\/www.bagnoitalia.com\/fr\/produit\/1-wc-et-bidet-suspendus-ou-sol-en-ceramique.html\",\"url\":\"https:\/\/www.bagnoitalia.com\/fr\/produit\/1-wc-et-bidet-suspendus-ou-sol-en-ceramique.html\",\"name\":\"WC et bidet suspendus ou \u00e0 poser en c\u00e9ramique\",\"isPartOf\":{\"@id\":\"https:\/\/www.bagnoitalia.com\/fr#website\"},\"primaryImageOfPage\":{\"@id\":\"https:\/\/www.bagnoitalia.com\/fr\/produit\/1-wc-et-bidet-suspendus-ou-sol-en-ceramique.html#primaryimage\"},\"image\":{\"@id\":\"https:\/\/www.bagnoitalia.com\/fr\/produit\/1-wc-et-bidet-suspendus-ou-sol-en-ceramique.html#primaryimage\"},\"thumbnailUrl\":\"https:\/\/img.bagnoitalia.com\/wp-content\/uploads\/virtuemart\/product\/WC-bidet-Sanitary-wall-floor-flush-1_1540990735_230.jpg\",\"datePublished\":\"2014-01-14T07:18:03+00:00\",\"dateModified\":\"2025-03-06T14:57:16+00:00\",\"description\":\"Vase en c\u00e9ramique et bidet avec sortie murale ou au sol, c\u00e9ramique de qualit\u00e9 sup\u00e9rieure.\",\"breadcrumb\":{\"@id\":\"https:\/\/www.bagnoitalia.com\/fr\/produit\/1-wc-et-bidet-suspendus-ou-sol-en-ceramique.html#breadcrumb\"},\"inLanguage\":\"fr-FR\",\"potentialAction\":[{\"@type\":\"ReadAction\",\"target\":[\"https:\/\/www.bagnoitalia.com\/fr\/produit\/1-wc-et-bidet-suspendus-ou-sol-en-ceramique.html\"]}]},{\"@type\":\"ImageObject\",\"inLanguage\":\"fr-FR\",\"@id\":\"https:\/\/www.bagnoitalia.com\/fr\/produit\/1-wc-et-bidet-suspendus-ou-sol-en-ceramique.html#primaryimage\",\"url\":\"https:\/\/img.bagnoitalia.com\/wp-content\/uploads\/virtuemart\/product\/WC-bidet-Sanitary-wall-floor-flush-1_1540990735_230.jpg\",\"contentUrl\":\"https:\/\/img.bagnoitalia.com\/wp-content\/uploads\/virtuemart\/product\/WC-bidet-Sanitary-wall-floor-flush-1_1540990735_230.jpg\",\"width\":600,\"height\":600},{\"@type\":\"BreadcrumbList\",\"@id\":\"https:\/\/www.bagnoitalia.com\/fr\/produit\/1-wc-et-bidet-suspendus-ou-sol-en-ceramique.html#breadcrumb\",\"itemListElement\":[{\"@type\":\"ListItem\",\"position\":1,\"name\":\"Home\",\"item\":\"https:\/\/www.bagnoitalia.com\/fr\"},{\"@type\":\"ListItem\",\"position\":2,\"name\":\"Produits\",\"item\":\"https:\/\/www.bagnoitalia.com\/fr\/shop\"},{\"@type\":\"ListItem\",\"position\":3,\"name\":\"WC et bidet suspendus ou \u00e0 poser en c\u00e9ramique\"}]},{\"@type\":\"WebSite\",\"@id\":\"https:\/\/www.bagnoitalia.com\/fr#website\",\"url\":\"https:\/\/www.bagnoitalia.com\/fr\",\"name\":\"Bagno Italia\",\"description\":\"\",\"publisher\":{\"@id\":\"https:\/\/www.bagnoitalia.com\/fr#organization\"},\"potentialAction\":[{\"@type\":\"SearchAction\",\"target\":{\"@type\":\"EntryPoint\",\"urlTemplate\":\"https:\/\/www.bagnoitalia.com\/fr?s={search_term_string}\"},\"query-input\":{\"@type\":\"PropertyValueSpecification\",\"valueRequired\":true,\"valueName\":\"search_term_string\"}}],\"inLanguage\":\"fr-FR\"},{\"@type\":\"Organization\",\"@id\":\"https:\/\/www.bagnoitalia.com\/fr#organization\",\"name\":\"Bagno Italia\",\"url\":\"https:\/\/www.bagnoitalia.com\/fr\",\"logo\":{\"@type\":\"ImageObject\",\"inLanguage\":\"fr-FR\",\"@id\":\"https:\/\/www.bagnoitalia.com\/fr#\/schema\/logo\/image\/\",\"url\":\"https:\/\/img.bagnoitalia.com\/wp-content\/uploads\/logo-bagnoitalia.webp\",\"contentUrl\":\"https:\/\/img.bagnoitalia.com\/wp-content\/uploads\/logo-bagnoitalia.webp\",\"width\":400,\"height\":70,\"caption\":\"Bagno Italia\"},\"image\":{\"@id\":\"https:\/\/www.bagnoitalia.com\/fr#\/schema\/logo\/image\/\"}}]}<\/script>\n<!-- \/ Yoast SEO plugin. -->","yoast_head_json":{"title":"WC et bidet suspendus ou \u00e0 poser en c\u00e9ramique","description":"Vase en c\u00e9ramique et bidet avec sortie murale ou au sol, c\u00e9ramique de qualit\u00e9 sup\u00e9rieure.","robots":{"index":"index","follow":"follow","max-snippet":"max-snippet:-1","max-image-preview":"max-image-preview:large","max-video-preview":"max-video-preview:-1"},"canonical":"https:\/\/www.bagnoitalia.com\/fr\/produit\/1-wc-et-bidet-suspendus-ou-sol-en-ceramique.html","og_locale":"fr_FR","og_type":"article","og_title":"WC et bidet suspendus ou \u00e0 poser en c\u00e9ramique","og_description":"Vase en c\u00e9ramique et bidet avec sortie murale ou au sol, c\u00e9ramique de qualit\u00e9 sup\u00e9rieure.","og_url":"https:\/\/www.bagnoitalia.com\/fr\/produit\/1-wc-et-bidet-suspendus-ou-sol-en-ceramique.html","og_site_name":"Bagno Italia","article_modified_time":"2025-03-06T14:57:16+00:00","og_image":[{"width":600,"height":600,"url":"https:\/\/img.bagnoitalia.com\/wp-content\/uploads\/virtuemart\/product\/WC-bidet-Sanitary-wall-floor-flush-1_1540990735_230.jpg","type":"image\/jpeg"}],"twitter_card":"summary_large_image","twitter_misc":{"Dur\u00e9e de lecture estim\u00e9e":"1 minute"},"schema":{"@context":"https:\/\/schema.org","@graph":[{"@type":"WebPage","@id":"https:\/\/www.bagnoitalia.com\/fr\/produit\/1-wc-et-bidet-suspendus-ou-sol-en-ceramique.html","url":"https:\/\/www.bagnoitalia.com\/fr\/produit\/1-wc-et-bidet-suspendus-ou-sol-en-ceramique.html","name":"WC et bidet suspendus ou \u00e0 poser en c\u00e9ramique","isPartOf":{"@id":"https:\/\/www.bagnoitalia.com\/fr#website"},"primaryImageOfPage":{"@id":"https:\/\/www.bagnoitalia.com\/fr\/produit\/1-wc-et-bidet-suspendus-ou-sol-en-ceramique.html#primaryimage"},"image":{"@id":"https:\/\/www.bagnoitalia.com\/fr\/produit\/1-wc-et-bidet-suspendus-ou-sol-en-ceramique.html#primaryimage"},"thumbnailUrl":"https:\/\/img.bagnoitalia.com\/wp-content\/uploads\/virtuemart\/product\/WC-bidet-Sanitary-wall-floor-flush-1_1540990735_230.jpg","datePublished":"2014-01-14T07:18:03+00:00","dateModified":"2025-03-06T14:57:16+00:00","description":"Vase en c\u00e9ramique et bidet avec sortie murale ou au sol, c\u00e9ramique de qualit\u00e9 sup\u00e9rieure.","breadcrumb":{"@id":"https:\/\/www.bagnoitalia.com\/fr\/produit\/1-wc-et-bidet-suspendus-ou-sol-en-ceramique.html#breadcrumb"},"inLanguage":"fr-FR","potentialAction":[{"@type":"ReadAction","target":["https:\/\/www.bagnoitalia.com\/fr\/produit\/1-wc-et-bidet-suspendus-ou-sol-en-ceramique.html"]}]},{"@type":"ImageObject","inLanguage":"fr-FR","@id":"https:\/\/www.bagnoitalia.com\/fr\/produit\/1-wc-et-bidet-suspendus-ou-sol-en-ceramique.html#primaryimage","url":"https:\/\/img.bagnoitalia.com\/wp-content\/uploads\/virtuemart\/product\/WC-bidet-Sanitary-wall-floor-flush-1_1540990735_230.jpg","contentUrl":"https:\/\/img.bagnoitalia.com\/wp-content\/uploads\/virtuemart\/product\/WC-bidet-Sanitary-wall-floor-flush-1_1540990735_230.jpg","width":600,"height":600},{"@type":"BreadcrumbList","@id":"https:\/\/www.bagnoitalia.com\/fr\/produit\/1-wc-et-bidet-suspendus-ou-sol-en-ceramique.html#breadcrumb","itemListElement":[{"@type":"ListItem","position":1,"name":"Home","item":"https:\/\/www.bagnoitalia.com\/fr"},{"@type":"ListItem","position":2,"name":"Produits","item":"https:\/\/www.bagnoitalia.com\/fr\/shop"},{"@type":"ListItem","position":3,"name":"WC et bidet suspendus ou \u00e0 poser en c\u00e9ramique"}]},{"@type":"WebSite","@id":"https:\/\/www.bagnoitalia.com\/fr#website","url":"https:\/\/www.bagnoitalia.com\/fr","name":"Bagno Italia","description":"","publisher":{"@id":"https:\/\/www.bagnoitalia.com\/fr#organization"},"potentialAction":[{"@type":"SearchAction","target":{"@type":"EntryPoint","urlTemplate":"https:\/\/www.bagnoitalia.com\/fr?s={search_term_string}"},"query-input":{"@type":"PropertyValueSpecification","valueRequired":true,"valueName":"search_term_string"}}],"inLanguage":"fr-FR"},{"@type":"Organization","@id":"https:\/\/www.bagnoitalia.com\/fr#organization","name":"Bagno Italia","url":"https:\/\/www.bagnoitalia.com\/fr","logo":{"@type":"ImageObject","inLanguage":"fr-FR","@id":"https:\/\/www.bagnoitalia.com\/fr#\/schema\/logo\/image\/","url":"https:\/\/img.bagnoitalia.com\/wp-content\/uploads\/logo-bagnoitalia.webp","contentUrl":"https:\/\/img.bagnoitalia.com\/wp-content\/uploads\/logo-bagnoitalia.webp","width":400,"height":70,"caption":"Bagno Italia"},"image":{"@id":"https:\/\/www.bagnoitalia.com\/fr#\/schema\/logo\/image\/"}}]}},"_links":{"self":[{"href":"https:\/\/www.bagnoitalia.com\/fr\/wp-json\/wp\/v2\/product\/78082","targetHints":{"allow":["GET"]}}],"collection":[{"href":"https:\/\/www.bagnoitalia.com\/fr\/wp-json\/wp\/v2\/product"}],"about":[{"href":"https:\/\/www.bagnoitalia.com\/fr\/wp-json\/wp\/v2\/types\/product"}],"replies":[{"embeddable":true,"href":"https:\/\/www.bagnoitalia.com\/fr\/wp-json\/wp\/v2\/comments?post=78082"}],"version-history":[{"count":1,"href":"https:\/\/www.bagnoitalia.com\/fr\/wp-json\/wp\/v2\/product\/78082\/revisions"}],"predecessor-version":[{"id":88192,"href":"https:\/\/www.bagnoitalia.com\/fr\/wp-json\/wp\/v2\/product\/78082\/revisions\/88192"}],"wp:featuredmedia":[{"embeddable":true,"href":"https:\/\/www.bagnoitalia.com\/fr\/wp-json\/wp\/v2\/media\/17098"}],"wp:attachment":[{"href":"https:\/\/www.bagnoitalia.com\/fr\/wp-json\/wp\/v2\/media?parent=78082"}],"wp:term":[{"taxonomy":"product_brand","embeddable":true,"href":"https:\/\/www.bagnoitalia.com\/fr\/wp-json\/wp\/v2\/product_brand?post=78082"},{"taxonomy":"product_cat","embeddable":true,"href":"https:\/\/www.bagnoitalia.com\/fr\/wp-json\/wp\/v2\/product_cat?post=78082"},{"taxonomy":"product_tag","embeddable":true,"href":"https:\/\/www.bagnoitalia.com\/fr\/wp-json\/wp\/v2\/product_tag?post=78082"}],"curies":[{"name":"wp","href":"https:\/\/api.w.org\/{rel}","templated":true}]}}