{"id":78002,"date":"2012-10-08T01:36:32","date_gmt":"2012-10-07T23:36:32","guid":{"rendered":"https:\/\/www.bagnoitalia.com\/product\/spa-140x140-135x135-nouveau-modele-2-places-vs032"},"modified":"2025-06-14T21:49:48","modified_gmt":"2025-06-14T19:49:48","slug":"spa-140x140-135x135-nouveau-modele-2-places-vs032","status":"publish","type":"product","link":"https:\/\/www.bagnoitalia.com\/fr\/produit\/spa-140x140-135x135-nouveau-modele-2-places-vs032.html","title":{"rendered":"Spa 140&#215;140 OU 135&#215;135 2 places nouveau mod\u00e8le VS032"},"content":{"rendered":"<h3><strong>Baignoire \u00e0 remous en ABS renforc\u00e9 140x140x65 cm toutes options<br \/>\n<\/strong><\/h3>\n<p>&nbsp;<\/p>\n<p>Baignoire TOUTES OPTIONS avec double hydromassage<\/p>\n<p><strong>Caract\u00e9ristiques:<\/strong><\/p>\n<p>&#8211; POMPE D&rsquo;HYDROMASSAGE AM\u00c9LIOR\u00c9E DE 1,5 HP;<\/p>\n<p>&#8211; 16 PETITS JETS EN LAITON (SUR DEMANDE SP\u00c9CIFIQUE DE L&rsquo;AJOUT D&rsquo;UNE POMPE \u00c0 AIR);<\/p>\n<p>&#8211; 4 GRANDS JETS D&rsquo;HYDROMASSAGE CHROM\u00c9S;<\/p>\n<p>&#8211; ORDINATEUR MULTIFONCTIONS AVEC CONTROL RADIO INCLUS;<\/p>\n<p>&#8211; POMMEAU DE DOUCHE MULTIFONCTIONS;<\/p>\n<p>&#8211; TUYAUX RENFORC\u00c9S POUR LA CIRCULATION DE L&rsquo;EAU;<\/p>\n<p>&#8211; R\u00c9GULATEUR D&rsquo;EAU CHAUDE &#8211; EAU FROIDE;<\/p>\n<p>&#8211; COMMUTATEUR<\/p>\n<p>&#8211; LUMI\u00c8RE SOUS L&rsquo;EAU POUR LA CHROMOTH\u00c9RAPIE ET \u200b\u200bL&rsquo;\u00c9CLAIRAGE DE LA BAIGNOIRE;<\/p>\n<p>&#8211; COUSSINS INCLUS<\/p>\n<p>&#8211; ROBINETS INCLUS;<\/p>\n<p>&#8211; PORTE SERVIETTES;<\/p>\n<p>&#8211; HAUT PARLEURS;<\/p>\n<p>&#8211; G\u00c9N\u00c9RATEUR D&rsquo;OZONE INCLUS (VALEUR COMMERCIALE DE 99,00\u20ac);<\/p>\n<p>&#8211; MITIGEUR CASCADE INCLUS (VALEUR COMMERCIALE DE 49,00 \u20ac);<\/p>\n<p>&#8211; POMPE DE MASSAGE \u00c0 AIR DE 0,25 HP ADDITIONNEL INCLUS (VALEUR COMMERCIALE DE 149,00\u20ac).<\/p>\n<p><strong>\u00a0<\/strong><\/p>\n<p>______________________________________<\/p>\n<p><span style=\"font-size: 12pt;\"><strong>Baignoire \u00e0 remous 135&#215;135<\/strong><\/span><\/p>\n<p>&nbsp;<\/p>\n<ul>\n<li>Pompe 1 HP<\/li>\n<li>V\u00e9rification des buses d&rsquo;air<\/li>\n<li>Ozonoth\u00e9rapie<\/li>\n<li>4 grands jets<\/li>\n<li>8 petits jets<\/li>\n<li>Panneau de commande (ordinateur)<\/li>\n<li>Radio<\/li>\n<li>Douche multi-fonctions<\/li>\n<li>Commutateur<\/li>\n<li>R\u00e9gulateur de pression d&rsquo;eau<\/li>\n<li>1 thermostat<\/li>\n<li>Mitigeur cascade<\/li>\n<li>1 grand LED<\/li>\n<li>2 haut-parleurs<\/li>\n<li>Mitigeur inclus<\/li>\n<li>Bainoire en acrylique sanitaire de haute qualit\u00e9, de couleur blanche<\/li>\n<li>Poids: 100 kg<\/li>\n<li>Structure en acier<\/li>\n<li>Mitegeur thermostatique<\/li>\n<\/ul>\n<p><img fetchpriority=\"high\" decoding=\"async\" class=\" size-full wp-image-16682\" src=\"https:\/\/img.bagnoitalia.com\/wp-content\/uploads\/virtuemart\/product\/vasca_135x135.jpg\" alt=\"https:\/\/www.bagnoitalia.it\/https:\/\/img.bagnoitalia.com\/wp-content\/uploads\/virtuemart\/product\/vasca_135x135.jpg\" width=\"702\" height=\"413\" srcset=\"https:\/\/img.bagnoitalia.com\/wp-content\/uploads\/virtuemart\/product\/vasca_135x135.jpg 1087w, https:\/\/img.bagnoitalia.com\/wp-content\/uploads\/virtuemart\/product\/vasca_135x135-768x452.jpg 768w, https:\/\/img.bagnoitalia.com\/wp-content\/uploads\/virtuemart\/product\/vasca_135x135-990x583.jpg 990w, https:\/\/img.bagnoitalia.com\/wp-content\/uploads\/virtuemart\/product\/vasca_135x135-441x260.jpg 441w, https:\/\/img.bagnoitalia.com\/wp-content\/uploads\/virtuemart\/product\/vasca_135x135-600x353.jpg 600w, https:\/\/img.bagnoitalia.com\/wp-content\/uploads\/virtuemart\/product\/vasca_135x135-150x88.jpg 150w\" sizes=\"(max-width: 702px) 100vw, 702px\" \/><\/p>\n<p><img decoding=\"async\" class=\" size-full wp-image-16686\" src=\"https:\/\/img.bagnoitalia.com\/wp-content\/uploads\/virtuemart\/product\/vasca_135x135_1.jpg\" alt=\"https:\/\/www.bagnoitalia.it\/https:\/\/img.bagnoitalia.com\/wp-content\/uploads\/virtuemart\/product\/vasca_135x135_1.jpg\" width=\"730\" height=\"429\" srcset=\"https:\/\/img.bagnoitalia.com\/wp-content\/uploads\/virtuemart\/product\/vasca_135x135_1.jpg 1087w, https:\/\/img.bagnoitalia.com\/wp-content\/uploads\/virtuemart\/product\/vasca_135x135_1-768x452.jpg 768w, https:\/\/img.bagnoitalia.com\/wp-content\/uploads\/virtuemart\/product\/vasca_135x135_1-990x583.jpg 990w, https:\/\/img.bagnoitalia.com\/wp-content\/uploads\/virtuemart\/product\/vasca_135x135_1-441x260.jpg 441w, https:\/\/img.bagnoitalia.com\/wp-content\/uploads\/virtuemart\/product\/vasca_135x135_1-600x353.jpg 600w, https:\/\/img.bagnoitalia.com\/wp-content\/uploads\/virtuemart\/product\/vasca_135x135_1-150x88.jpg 150w\" sizes=\"(max-width: 730px) 100vw, 730px\" \/><\/p>\n<p>&nbsp;<\/p>\n","protected":false},"excerpt":{"rendered":"<p>Baignoire d\u2019hydromassage 140&#215;140 ou 135&#215;135 cm, 2 si\u00e8ges, avec chromoth\u00e9rapie et g\u00e9n\u00e9rateur d&rsquo;ozone, toutes options.<\/p>\n","protected":false},"featured_media":16646,"comment_status":"open","ping_status":"closed","template":"","meta":[],"product_brand":[9912],"product_cat":[9707,9743],"product_tag":[],"class_list":{"0":"post-78002","1":"product","2":"type-product","3":"status-publish","4":"has-post-thumbnail","6":"product_brand-simba-fr","7":"product_cat-baignoire-balneo","8":"product_cat-piscines-d-39-hydromassage","10":"first","11":"instock","12":"sale","13":"taxable","14":"shipping-taxable","15":"purchasable","16":"product-type-simple"},"exclude_global_add_ons":false,"addons":[{"name":"Typologie","type":"multiple_choice","position":0,"required":true,"title_format":"heading","default":"","description_enable":false,"description":"","placeholder_enable":false,"placeholder":"","display":"select","restrictions_type":"any_text","adjust_price":false,"price":"","price_type":"flat_fee","restrictions":false,"min":"0","max":"0","options":[{"label":"135x135 cm","price":"","price_type":"quantity_based","image":0,"visibility":true},{"label":"140x140 cm","price":"100","price_type":"quantity_based","image":0,"visibility":true},{"label":"140x140 cm avec chauffage","price":"291","price_type":"quantity_based","image":0,"visibility":true}],"id":1716391079}],"yoast_head":"<!-- This site is optimized with the Yoast SEO plugin v26.7 - https:\/\/yoast.com\/wordpress\/plugins\/seo\/ -->\n<title>Spa 140x140 OU 135x135 2 places nouveau mod\u00e8le VS032<\/title>\n<meta name=\"description\" content=\"Baignoire baln\u00e9o 152 x 152 cm, nouveau mod\u00e8le 2 places, avec double pompe hydromassante, 22 jets d\u2019eau total, mitigeur thermostatique.\" \/>\n<meta name=\"robots\" content=\"index, follow, max-snippet:-1, max-image-preview:large, max-video-preview:-1\" \/>\n<link rel=\"canonical\" href=\"https:\/\/www.bagnoitalia.com\/fr\/produit\/spa-140x140-135x135-nouveau-modele-2-places-vs032.html\" \/>\n<meta property=\"og:locale\" content=\"fr_FR\" \/>\n<meta property=\"og:type\" content=\"article\" \/>\n<meta property=\"og:title\" content=\"Spa 140x140 OU 135x135 2 places nouveau mod\u00e8le VS032\" \/>\n<meta property=\"og:description\" content=\"Baignoire baln\u00e9o 152 x 152 cm, nouveau mod\u00e8le 2 places, avec double pompe hydromassante, 22 jets d\u2019eau total, mitigeur thermostatique.\" \/>\n<meta property=\"og:url\" content=\"https:\/\/www.bagnoitalia.com\/fr\/produit\/spa-140x140-135x135-nouveau-modele-2-places-vs032.html\" \/>\n<meta property=\"og:site_name\" content=\"Bagno Italia\" \/>\n<meta property=\"article:modified_time\" content=\"2025-06-14T19:49:48+00:00\" \/>\n<meta property=\"og:image\" content=\"https:\/\/img.bagnoitalia.com\/wp-content\/uploads\/virtuemart\/product\/hydro-massage-tub-02587-1.jpg\" \/>\n\t<meta property=\"og:image:width\" content=\"1080\" \/>\n\t<meta property=\"og:image:height\" content=\"1080\" \/>\n\t<meta property=\"og:image:type\" content=\"image\/jpeg\" \/>\n<meta name=\"twitter:card\" content=\"summary_large_image\" \/>\n<meta name=\"twitter:label1\" content=\"Dur\u00e9e de lecture estim\u00e9e\" \/>\n\t<meta name=\"twitter:data1\" content=\"2 minutes\" \/>\n<script type=\"application\/ld+json\" class=\"yoast-schema-graph\">{\"@context\":\"https:\/\/schema.org\",\"@graph\":[{\"@type\":\"WebPage\",\"@id\":\"https:\/\/www.bagnoitalia.com\/fr\/produit\/spa-140x140-135x135-nouveau-modele-2-places-vs032.html\",\"url\":\"https:\/\/www.bagnoitalia.com\/fr\/produit\/spa-140x140-135x135-nouveau-modele-2-places-vs032.html\",\"name\":\"Spa 140x140 OU 135x135 2 places nouveau mod\u00e8le VS032\",\"isPartOf\":{\"@id\":\"https:\/\/www.bagnoitalia.com\/fr#website\"},\"primaryImageOfPage\":{\"@id\":\"https:\/\/www.bagnoitalia.com\/fr\/produit\/spa-140x140-135x135-nouveau-modele-2-places-vs032.html#primaryimage\"},\"image\":{\"@id\":\"https:\/\/www.bagnoitalia.com\/fr\/produit\/spa-140x140-135x135-nouveau-modele-2-places-vs032.html#primaryimage\"},\"thumbnailUrl\":\"https:\/\/img.bagnoitalia.com\/wp-content\/uploads\/virtuemart\/product\/hydro-massage-tub-02587-1.jpg\",\"datePublished\":\"2012-10-07T23:36:32+00:00\",\"dateModified\":\"2025-06-14T19:49:48+00:00\",\"description\":\"Baignoire baln\u00e9o 152 x 152 cm, nouveau mod\u00e8le 2 places, avec double pompe hydromassante, 22 jets d\u2019eau total, mitigeur thermostatique.\",\"breadcrumb\":{\"@id\":\"https:\/\/www.bagnoitalia.com\/fr\/produit\/spa-140x140-135x135-nouveau-modele-2-places-vs032.html#breadcrumb\"},\"inLanguage\":\"fr-FR\",\"potentialAction\":[{\"@type\":\"ReadAction\",\"target\":[\"https:\/\/www.bagnoitalia.com\/fr\/produit\/spa-140x140-135x135-nouveau-modele-2-places-vs032.html\"]}]},{\"@type\":\"ImageObject\",\"inLanguage\":\"fr-FR\",\"@id\":\"https:\/\/www.bagnoitalia.com\/fr\/produit\/spa-140x140-135x135-nouveau-modele-2-places-vs032.html#primaryimage\",\"url\":\"https:\/\/img.bagnoitalia.com\/wp-content\/uploads\/virtuemart\/product\/hydro-massage-tub-02587-1.jpg\",\"contentUrl\":\"https:\/\/img.bagnoitalia.com\/wp-content\/uploads\/virtuemart\/product\/hydro-massage-tub-02587-1.jpg\",\"width\":1080,\"height\":1080},{\"@type\":\"BreadcrumbList\",\"@id\":\"https:\/\/www.bagnoitalia.com\/fr\/produit\/spa-140x140-135x135-nouveau-modele-2-places-vs032.html#breadcrumb\",\"itemListElement\":[{\"@type\":\"ListItem\",\"position\":1,\"name\":\"Home\",\"item\":\"https:\/\/www.bagnoitalia.com\/fr\"},{\"@type\":\"ListItem\",\"position\":2,\"name\":\"Produits\",\"item\":\"https:\/\/www.bagnoitalia.com\/fr\/shop\"},{\"@type\":\"ListItem\",\"position\":3,\"name\":\"Spa 140&#215;140 OU 135&#215;135 2 places nouveau mod\u00e8le VS032\"}]},{\"@type\":\"WebSite\",\"@id\":\"https:\/\/www.bagnoitalia.com\/fr#website\",\"url\":\"https:\/\/www.bagnoitalia.com\/fr\",\"name\":\"Bagno Italia\",\"description\":\"\",\"publisher\":{\"@id\":\"https:\/\/www.bagnoitalia.com\/fr#organization\"},\"potentialAction\":[{\"@type\":\"SearchAction\",\"target\":{\"@type\":\"EntryPoint\",\"urlTemplate\":\"https:\/\/www.bagnoitalia.com\/fr?s={search_term_string}\"},\"query-input\":{\"@type\":\"PropertyValueSpecification\",\"valueRequired\":true,\"valueName\":\"search_term_string\"}}],\"inLanguage\":\"fr-FR\"},{\"@type\":\"Organization\",\"@id\":\"https:\/\/www.bagnoitalia.com\/fr#organization\",\"name\":\"Bagno Italia\",\"url\":\"https:\/\/www.bagnoitalia.com\/fr\",\"logo\":{\"@type\":\"ImageObject\",\"inLanguage\":\"fr-FR\",\"@id\":\"https:\/\/www.bagnoitalia.com\/fr#\/schema\/logo\/image\/\",\"url\":\"https:\/\/img.bagnoitalia.com\/wp-content\/uploads\/logo-bagnoitalia.webp\",\"contentUrl\":\"https:\/\/img.bagnoitalia.com\/wp-content\/uploads\/logo-bagnoitalia.webp\",\"width\":400,\"height\":70,\"caption\":\"Bagno Italia\"},\"image\":{\"@id\":\"https:\/\/www.bagnoitalia.com\/fr#\/schema\/logo\/image\/\"}}]}<\/script>\n<!-- \/ Yoast SEO plugin. -->","yoast_head_json":{"title":"Spa 140x140 OU 135x135 2 places nouveau mod\u00e8le VS032","description":"Baignoire baln\u00e9o 152 x 152 cm, nouveau mod\u00e8le 2 places, avec double pompe hydromassante, 22 jets d\u2019eau total, mitigeur thermostatique.","robots":{"index":"index","follow":"follow","max-snippet":"max-snippet:-1","max-image-preview":"max-image-preview:large","max-video-preview":"max-video-preview:-1"},"canonical":"https:\/\/www.bagnoitalia.com\/fr\/produit\/spa-140x140-135x135-nouveau-modele-2-places-vs032.html","og_locale":"fr_FR","og_type":"article","og_title":"Spa 140x140 OU 135x135 2 places nouveau mod\u00e8le VS032","og_description":"Baignoire baln\u00e9o 152 x 152 cm, nouveau mod\u00e8le 2 places, avec double pompe hydromassante, 22 jets d\u2019eau total, mitigeur thermostatique.","og_url":"https:\/\/www.bagnoitalia.com\/fr\/produit\/spa-140x140-135x135-nouveau-modele-2-places-vs032.html","og_site_name":"Bagno Italia","article_modified_time":"2025-06-14T19:49:48+00:00","og_image":[{"width":1080,"height":1080,"url":"https:\/\/img.bagnoitalia.com\/wp-content\/uploads\/virtuemart\/product\/hydro-massage-tub-02587-1.jpg","type":"image\/jpeg"}],"twitter_card":"summary_large_image","twitter_misc":{"Dur\u00e9e de lecture estim\u00e9e":"2 minutes"},"schema":{"@context":"https:\/\/schema.org","@graph":[{"@type":"WebPage","@id":"https:\/\/www.bagnoitalia.com\/fr\/produit\/spa-140x140-135x135-nouveau-modele-2-places-vs032.html","url":"https:\/\/www.bagnoitalia.com\/fr\/produit\/spa-140x140-135x135-nouveau-modele-2-places-vs032.html","name":"Spa 140x140 OU 135x135 2 places nouveau mod\u00e8le VS032","isPartOf":{"@id":"https:\/\/www.bagnoitalia.com\/fr#website"},"primaryImageOfPage":{"@id":"https:\/\/www.bagnoitalia.com\/fr\/produit\/spa-140x140-135x135-nouveau-modele-2-places-vs032.html#primaryimage"},"image":{"@id":"https:\/\/www.bagnoitalia.com\/fr\/produit\/spa-140x140-135x135-nouveau-modele-2-places-vs032.html#primaryimage"},"thumbnailUrl":"https:\/\/img.bagnoitalia.com\/wp-content\/uploads\/virtuemart\/product\/hydro-massage-tub-02587-1.jpg","datePublished":"2012-10-07T23:36:32+00:00","dateModified":"2025-06-14T19:49:48+00:00","description":"Baignoire baln\u00e9o 152 x 152 cm, nouveau mod\u00e8le 2 places, avec double pompe hydromassante, 22 jets d\u2019eau total, mitigeur thermostatique.","breadcrumb":{"@id":"https:\/\/www.bagnoitalia.com\/fr\/produit\/spa-140x140-135x135-nouveau-modele-2-places-vs032.html#breadcrumb"},"inLanguage":"fr-FR","potentialAction":[{"@type":"ReadAction","target":["https:\/\/www.bagnoitalia.com\/fr\/produit\/spa-140x140-135x135-nouveau-modele-2-places-vs032.html"]}]},{"@type":"ImageObject","inLanguage":"fr-FR","@id":"https:\/\/www.bagnoitalia.com\/fr\/produit\/spa-140x140-135x135-nouveau-modele-2-places-vs032.html#primaryimage","url":"https:\/\/img.bagnoitalia.com\/wp-content\/uploads\/virtuemart\/product\/hydro-massage-tub-02587-1.jpg","contentUrl":"https:\/\/img.bagnoitalia.com\/wp-content\/uploads\/virtuemart\/product\/hydro-massage-tub-02587-1.jpg","width":1080,"height":1080},{"@type":"BreadcrumbList","@id":"https:\/\/www.bagnoitalia.com\/fr\/produit\/spa-140x140-135x135-nouveau-modele-2-places-vs032.html#breadcrumb","itemListElement":[{"@type":"ListItem","position":1,"name":"Home","item":"https:\/\/www.bagnoitalia.com\/fr"},{"@type":"ListItem","position":2,"name":"Produits","item":"https:\/\/www.bagnoitalia.com\/fr\/shop"},{"@type":"ListItem","position":3,"name":"Spa 140&#215;140 OU 135&#215;135 2 places nouveau mod\u00e8le VS032"}]},{"@type":"WebSite","@id":"https:\/\/www.bagnoitalia.com\/fr#website","url":"https:\/\/www.bagnoitalia.com\/fr","name":"Bagno Italia","description":"","publisher":{"@id":"https:\/\/www.bagnoitalia.com\/fr#organization"},"potentialAction":[{"@type":"SearchAction","target":{"@type":"EntryPoint","urlTemplate":"https:\/\/www.bagnoitalia.com\/fr?s={search_term_string}"},"query-input":{"@type":"PropertyValueSpecification","valueRequired":true,"valueName":"search_term_string"}}],"inLanguage":"fr-FR"},{"@type":"Organization","@id":"https:\/\/www.bagnoitalia.com\/fr#organization","name":"Bagno Italia","url":"https:\/\/www.bagnoitalia.com\/fr","logo":{"@type":"ImageObject","inLanguage":"fr-FR","@id":"https:\/\/www.bagnoitalia.com\/fr#\/schema\/logo\/image\/","url":"https:\/\/img.bagnoitalia.com\/wp-content\/uploads\/logo-bagnoitalia.webp","contentUrl":"https:\/\/img.bagnoitalia.com\/wp-content\/uploads\/logo-bagnoitalia.webp","width":400,"height":70,"caption":"Bagno Italia"},"image":{"@id":"https:\/\/www.bagnoitalia.com\/fr#\/schema\/logo\/image\/"}}]}},"_links":{"self":[{"href":"https:\/\/www.bagnoitalia.com\/fr\/wp-json\/wp\/v2\/product\/78002","targetHints":{"allow":["GET"]}}],"collection":[{"href":"https:\/\/www.bagnoitalia.com\/fr\/wp-json\/wp\/v2\/product"}],"about":[{"href":"https:\/\/www.bagnoitalia.com\/fr\/wp-json\/wp\/v2\/types\/product"}],"replies":[{"embeddable":true,"href":"https:\/\/www.bagnoitalia.com\/fr\/wp-json\/wp\/v2\/comments?post=78002"}],"version-history":[{"count":1,"href":"https:\/\/www.bagnoitalia.com\/fr\/wp-json\/wp\/v2\/product\/78002\/revisions"}],"predecessor-version":[{"id":87525,"href":"https:\/\/www.bagnoitalia.com\/fr\/wp-json\/wp\/v2\/product\/78002\/revisions\/87525"}],"wp:featuredmedia":[{"embeddable":true,"href":"https:\/\/www.bagnoitalia.com\/fr\/wp-json\/wp\/v2\/media\/16646"}],"wp:attachment":[{"href":"https:\/\/www.bagnoitalia.com\/fr\/wp-json\/wp\/v2\/media?parent=78002"}],"wp:term":[{"taxonomy":"product_brand","embeddable":true,"href":"https:\/\/www.bagnoitalia.com\/fr\/wp-json\/wp\/v2\/product_brand?post=78002"},{"taxonomy":"product_cat","embeddable":true,"href":"https:\/\/www.bagnoitalia.com\/fr\/wp-json\/wp\/v2\/product_cat?post=78002"},{"taxonomy":"product_tag","embeddable":true,"href":"https:\/\/www.bagnoitalia.com\/fr\/wp-json\/wp\/v2\/product_tag?post=78002"}],"curies":[{"name":"wp","href":"https:\/\/api.w.org\/{rel}","templated":true}]}}