{"id":77930,"date":"2012-08-22T10:41:11","date_gmt":"2012-08-22T08:41:11","guid":{"rendered":"https:\/\/www.bagnoitalia.com\/product\/florens-armoire-de-toilette-70-30-70-evier-double-en-4-couleurs"},"modified":"2024-05-24T10:56:22","modified_gmt":"2024-05-24T08:56:22","slug":"florens-armoire-de-toilette-70-30-70-evier-double-en-4-couleurs","status":"publish","type":"product","link":"https:\/\/www.bagnoitalia.com\/fr\/produit\/florens-armoire-de-toilette-70-30-70-evier-double-en-4-couleurs.html","title":{"rendered":"Armoire de Toilette 70 + 30 + 70 Florens en  3 couleurs double lavabos"},"content":{"rendered":"<p><strong style=\"background-color: inherit; color: inherit;\">Le prix comprend:<\/strong><\/p>\n<p>&nbsp;<\/p>\n<p>2 Meuble sous lavavo 70x51x34prof cm<\/p>\n<p>2 Lavabos en Marbre min\u00e9ral (47x28x14prof) (prof. total du lavabo 42cm)<\/p>\n<p>2 miroirs 55&#215;90 avec appliques<\/p>\n<p>1 Colonne 30x158x34prof.<\/p>\n<p>Le meuble a une longueur totale de 170 cm (vous pouvez choisir d&rsquo;autres dimensions en contactant l&rsquo;assistance client\u00e8le).<\/p>\n<p><strong style=\"background-color: inherit; color: inherit;\">Mat\u00e9riaux utilis\u00e9s<\/strong><\/p>\n<p>Meuble sous lavabo: structure en MDF laqu\u00e9<\/p>\n<p>Portes: en MDF (mediodensit)<\/p>\n<p>Guides: m\u00e9tal<\/p>\n<p>Poign\u00e9es: chrom\u00e9\u00e8s brillantes<\/p>\n<p>Lavabo: marbre min\u00e9ral blanc<\/p>\n<p><span style=\"text-decoration: underline;\">Le meuble est suspendu, mais il y a la possibilit\u00e9 d&rsquo;installer des pieds chrom\u00e9s.<\/span><\/p>\n","protected":false},"excerpt":{"rendered":"<p>Le meuble Florens est disponible en 3 couleurs (m\u00e9l\u00e8ze, gris, blanc brillant)<\/p>\n","protected":false},"featured_media":15958,"comment_status":"open","ping_status":"closed","template":"","meta":[],"product_brand":[5011],"product_cat":[9703],"product_tag":[],"class_list":{"0":"post-77930","1":"product","2":"type-product","3":"status-publish","4":"has-post-thumbnail","6":"product_brand-baden-haus","7":"product_cat-meuble-de-salle-de-bain-avec-double-vasque","9":"first","10":"instock","11":"sale","12":"taxable","13":"shipping-taxable","14":"purchasable","15":"product-type-simple"},"exclude_global_add_ons":false,"addons":[{"name":"miroirs","type":"multiple_choice","position":0,"required":true,"title_format":"heading","default":"","description_enable":false,"description":"","placeholder_enable":false,"placeholder":"","display":"select","restrictions_type":"any_text","adjust_price":false,"price":"","price_type":"flat_fee","restrictions":false,"min":"0","max":"0","options":[{"label":"90x55cm avec applique LED","price":"","price_type":"quantity_based","image":0,"visibility":true},{"label":"PAS de miroirs","price":"-100","price_type":"quantity_based","image":0,"visibility":true}],"id":1716548182},{"name":"Couleur","type":"multiple_choice","position":2,"required":true,"title_format":"heading","default":"","description_enable":false,"description":"","placeholder_enable":false,"placeholder":"","display":"select","restrictions_type":"any_text","adjust_price":false,"price":"","price_type":"flat_fee","restrictions":false,"min":"0","max":"0","options":[{"label":"Blanc brillant","price":"","price_type":"quantity_based","image":0,"visibility":true},{"label":"Gris fonc\u00e9","price":"","price_type":"quantity_based","image":0,"visibility":true},{"label":"m\u00e9l\u00e8ze","price":"","price_type":"quantity_based","image":0,"visibility":true}],"id":1716548183},{"name":"pieds chrom\u00e9s","type":"multiple_choice","position":3,"required":true,"title_format":"heading","default":"","description_enable":false,"description":"","placeholder_enable":false,"placeholder":"","display":"select","restrictions_type":"any_text","adjust_price":false,"price":"","price_type":"flat_fee","restrictions":false,"min":"0","max":"0","options":[{"label":"PAS de pieds chrom\u00e9s","price":"","price_type":"quantity_based","image":0,"visibility":true},{"label":"deux pieds de 30 cm","price":"24","price_type":"quantity_based","image":0,"visibility":true},{"label":"quatre pieds de 30 cm","price":"48","price_type":"quantity_based","image":0,"visibility":true}],"id":1716548184}],"yoast_head":"<!-- This site is optimized with the Yoast SEO plugin v26.7 - https:\/\/yoast.com\/wordpress\/plugins\/seo\/ -->\n<title>Armoire de Toilette 70 + 30 + 70 Florens en 3 couleurs double lavabos<\/title>\n<meta name=\"description\" content=\"Florens Bathroom Furniture Set 70 + 30 + 70 en 3 couleurs semi-encastr\u00e9es avec double vasque en mineralmarmo. Complet avec 2 miroirs avec applique et 1 colonne 30x158x34cm. Achetez maintenant!\" \/>\n<meta name=\"robots\" content=\"index, follow, max-snippet:-1, max-image-preview:large, max-video-preview:-1\" \/>\n<link rel=\"canonical\" href=\"https:\/\/www.bagnoitalia.com\/fr\/produit\/florens-armoire-de-toilette-70-30-70-evier-double-en-4-couleurs.html\" \/>\n<meta property=\"og:locale\" content=\"fr_FR\" \/>\n<meta property=\"og:type\" content=\"article\" \/>\n<meta property=\"og:title\" content=\"Armoire de Toilette 70 + 30 + 70 Florens en 3 couleurs double lavabos\" \/>\n<meta property=\"og:description\" content=\"Florens Bathroom Furniture Set 70 + 30 + 70 en 3 couleurs semi-encastr\u00e9es avec double vasque en mineralmarmo. Complet avec 2 miroirs avec applique et 1 colonne 30x158x34cm. Achetez maintenant!\" \/>\n<meta property=\"og:url\" content=\"https:\/\/www.bagnoitalia.com\/fr\/produit\/florens-armoire-de-toilette-70-30-70-evier-double-en-4-couleurs.html\" \/>\n<meta property=\"og:site_name\" content=\"Bagno Italia\" \/>\n<meta property=\"article:modified_time\" content=\"2024-05-24T08:56:22+00:00\" \/>\n<meta property=\"og:image\" content=\"https:\/\/img.bagnoitalia.com\/wp-content\/uploads\/virtuemart\/product\/Bathroom-70-30-70-double-washbasin-Florens-model-4115_1542638760_836.jpg\" \/>\n\t<meta property=\"og:image:width\" content=\"484\" \/>\n\t<meta property=\"og:image:height\" content=\"500\" \/>\n\t<meta property=\"og:image:type\" content=\"image\/jpeg\" \/>\n<meta name=\"twitter:card\" content=\"summary_large_image\" \/>\n<meta name=\"twitter:label1\" content=\"Dur\u00e9e de lecture estim\u00e9e\" \/>\n\t<meta name=\"twitter:data1\" content=\"1 minute\" \/>\n<script type=\"application\/ld+json\" class=\"yoast-schema-graph\">{\"@context\":\"https:\/\/schema.org\",\"@graph\":[{\"@type\":\"WebPage\",\"@id\":\"https:\/\/www.bagnoitalia.com\/fr\/produit\/florens-armoire-de-toilette-70-30-70-evier-double-en-4-couleurs.html\",\"url\":\"https:\/\/www.bagnoitalia.com\/fr\/produit\/florens-armoire-de-toilette-70-30-70-evier-double-en-4-couleurs.html\",\"name\":\"Armoire de Toilette 70 + 30 + 70 Florens en 3 couleurs double lavabos\",\"isPartOf\":{\"@id\":\"https:\/\/www.bagnoitalia.com\/fr#website\"},\"primaryImageOfPage\":{\"@id\":\"https:\/\/www.bagnoitalia.com\/fr\/produit\/florens-armoire-de-toilette-70-30-70-evier-double-en-4-couleurs.html#primaryimage\"},\"image\":{\"@id\":\"https:\/\/www.bagnoitalia.com\/fr\/produit\/florens-armoire-de-toilette-70-30-70-evier-double-en-4-couleurs.html#primaryimage\"},\"thumbnailUrl\":\"https:\/\/img.bagnoitalia.com\/wp-content\/uploads\/virtuemart\/product\/Bathroom-70-30-70-double-washbasin-Florens-model-4115_1542638760_836.jpg\",\"datePublished\":\"2012-08-22T08:41:11+00:00\",\"dateModified\":\"2024-05-24T08:56:22+00:00\",\"description\":\"Florens Bathroom Furniture Set 70 + 30 + 70 en 3 couleurs semi-encastr\u00e9es avec double vasque en mineralmarmo. Complet avec 2 miroirs avec applique et 1 colonne 30x158x34cm. Achetez maintenant!\",\"breadcrumb\":{\"@id\":\"https:\/\/www.bagnoitalia.com\/fr\/produit\/florens-armoire-de-toilette-70-30-70-evier-double-en-4-couleurs.html#breadcrumb\"},\"inLanguage\":\"fr-FR\",\"potentialAction\":[{\"@type\":\"ReadAction\",\"target\":[\"https:\/\/www.bagnoitalia.com\/fr\/produit\/florens-armoire-de-toilette-70-30-70-evier-double-en-4-couleurs.html\"]}]},{\"@type\":\"ImageObject\",\"inLanguage\":\"fr-FR\",\"@id\":\"https:\/\/www.bagnoitalia.com\/fr\/produit\/florens-armoire-de-toilette-70-30-70-evier-double-en-4-couleurs.html#primaryimage\",\"url\":\"https:\/\/img.bagnoitalia.com\/wp-content\/uploads\/virtuemart\/product\/Bathroom-70-30-70-double-washbasin-Florens-model-4115_1542638760_836.jpg\",\"contentUrl\":\"https:\/\/img.bagnoitalia.com\/wp-content\/uploads\/virtuemart\/product\/Bathroom-70-30-70-double-washbasin-Florens-model-4115_1542638760_836.jpg\",\"width\":484,\"height\":500},{\"@type\":\"BreadcrumbList\",\"@id\":\"https:\/\/www.bagnoitalia.com\/fr\/produit\/florens-armoire-de-toilette-70-30-70-evier-double-en-4-couleurs.html#breadcrumb\",\"itemListElement\":[{\"@type\":\"ListItem\",\"position\":1,\"name\":\"Home\",\"item\":\"https:\/\/www.bagnoitalia.com\/fr\"},{\"@type\":\"ListItem\",\"position\":2,\"name\":\"Produits\",\"item\":\"https:\/\/www.bagnoitalia.com\/fr\/shop\"},{\"@type\":\"ListItem\",\"position\":3,\"name\":\"Armoire de Toilette 70 + 30 + 70 Florens en 3 couleurs double lavabos\"}]},{\"@type\":\"WebSite\",\"@id\":\"https:\/\/www.bagnoitalia.com\/fr#website\",\"url\":\"https:\/\/www.bagnoitalia.com\/fr\",\"name\":\"Bagno Italia\",\"description\":\"\",\"publisher\":{\"@id\":\"https:\/\/www.bagnoitalia.com\/fr#organization\"},\"potentialAction\":[{\"@type\":\"SearchAction\",\"target\":{\"@type\":\"EntryPoint\",\"urlTemplate\":\"https:\/\/www.bagnoitalia.com\/fr?s={search_term_string}\"},\"query-input\":{\"@type\":\"PropertyValueSpecification\",\"valueRequired\":true,\"valueName\":\"search_term_string\"}}],\"inLanguage\":\"fr-FR\"},{\"@type\":\"Organization\",\"@id\":\"https:\/\/www.bagnoitalia.com\/fr#organization\",\"name\":\"Bagno Italia\",\"url\":\"https:\/\/www.bagnoitalia.com\/fr\",\"logo\":{\"@type\":\"ImageObject\",\"inLanguage\":\"fr-FR\",\"@id\":\"https:\/\/www.bagnoitalia.com\/fr#\/schema\/logo\/image\/\",\"url\":\"https:\/\/img.bagnoitalia.com\/wp-content\/uploads\/logo-bagnoitalia.webp\",\"contentUrl\":\"https:\/\/img.bagnoitalia.com\/wp-content\/uploads\/logo-bagnoitalia.webp\",\"width\":400,\"height\":70,\"caption\":\"Bagno Italia\"},\"image\":{\"@id\":\"https:\/\/www.bagnoitalia.com\/fr#\/schema\/logo\/image\/\"}}]}<\/script>\n<!-- \/ Yoast SEO plugin. -->","yoast_head_json":{"title":"Armoire de Toilette 70 + 30 + 70 Florens en 3 couleurs double lavabos","description":"Florens Bathroom Furniture Set 70 + 30 + 70 en 3 couleurs semi-encastr\u00e9es avec double vasque en mineralmarmo. Complet avec 2 miroirs avec applique et 1 colonne 30x158x34cm. Achetez maintenant!","robots":{"index":"index","follow":"follow","max-snippet":"max-snippet:-1","max-image-preview":"max-image-preview:large","max-video-preview":"max-video-preview:-1"},"canonical":"https:\/\/www.bagnoitalia.com\/fr\/produit\/florens-armoire-de-toilette-70-30-70-evier-double-en-4-couleurs.html","og_locale":"fr_FR","og_type":"article","og_title":"Armoire de Toilette 70 + 30 + 70 Florens en 3 couleurs double lavabos","og_description":"Florens Bathroom Furniture Set 70 + 30 + 70 en 3 couleurs semi-encastr\u00e9es avec double vasque en mineralmarmo. Complet avec 2 miroirs avec applique et 1 colonne 30x158x34cm. Achetez maintenant!","og_url":"https:\/\/www.bagnoitalia.com\/fr\/produit\/florens-armoire-de-toilette-70-30-70-evier-double-en-4-couleurs.html","og_site_name":"Bagno Italia","article_modified_time":"2024-05-24T08:56:22+00:00","og_image":[{"width":484,"height":500,"url":"https:\/\/img.bagnoitalia.com\/wp-content\/uploads\/virtuemart\/product\/Bathroom-70-30-70-double-washbasin-Florens-model-4115_1542638760_836.jpg","type":"image\/jpeg"}],"twitter_card":"summary_large_image","twitter_misc":{"Dur\u00e9e de lecture estim\u00e9e":"1 minute"},"schema":{"@context":"https:\/\/schema.org","@graph":[{"@type":"WebPage","@id":"https:\/\/www.bagnoitalia.com\/fr\/produit\/florens-armoire-de-toilette-70-30-70-evier-double-en-4-couleurs.html","url":"https:\/\/www.bagnoitalia.com\/fr\/produit\/florens-armoire-de-toilette-70-30-70-evier-double-en-4-couleurs.html","name":"Armoire de Toilette 70 + 30 + 70 Florens en 3 couleurs double lavabos","isPartOf":{"@id":"https:\/\/www.bagnoitalia.com\/fr#website"},"primaryImageOfPage":{"@id":"https:\/\/www.bagnoitalia.com\/fr\/produit\/florens-armoire-de-toilette-70-30-70-evier-double-en-4-couleurs.html#primaryimage"},"image":{"@id":"https:\/\/www.bagnoitalia.com\/fr\/produit\/florens-armoire-de-toilette-70-30-70-evier-double-en-4-couleurs.html#primaryimage"},"thumbnailUrl":"https:\/\/img.bagnoitalia.com\/wp-content\/uploads\/virtuemart\/product\/Bathroom-70-30-70-double-washbasin-Florens-model-4115_1542638760_836.jpg","datePublished":"2012-08-22T08:41:11+00:00","dateModified":"2024-05-24T08:56:22+00:00","description":"Florens Bathroom Furniture Set 70 + 30 + 70 en 3 couleurs semi-encastr\u00e9es avec double vasque en mineralmarmo. Complet avec 2 miroirs avec applique et 1 colonne 30x158x34cm. Achetez maintenant!","breadcrumb":{"@id":"https:\/\/www.bagnoitalia.com\/fr\/produit\/florens-armoire-de-toilette-70-30-70-evier-double-en-4-couleurs.html#breadcrumb"},"inLanguage":"fr-FR","potentialAction":[{"@type":"ReadAction","target":["https:\/\/www.bagnoitalia.com\/fr\/produit\/florens-armoire-de-toilette-70-30-70-evier-double-en-4-couleurs.html"]}]},{"@type":"ImageObject","inLanguage":"fr-FR","@id":"https:\/\/www.bagnoitalia.com\/fr\/produit\/florens-armoire-de-toilette-70-30-70-evier-double-en-4-couleurs.html#primaryimage","url":"https:\/\/img.bagnoitalia.com\/wp-content\/uploads\/virtuemart\/product\/Bathroom-70-30-70-double-washbasin-Florens-model-4115_1542638760_836.jpg","contentUrl":"https:\/\/img.bagnoitalia.com\/wp-content\/uploads\/virtuemart\/product\/Bathroom-70-30-70-double-washbasin-Florens-model-4115_1542638760_836.jpg","width":484,"height":500},{"@type":"BreadcrumbList","@id":"https:\/\/www.bagnoitalia.com\/fr\/produit\/florens-armoire-de-toilette-70-30-70-evier-double-en-4-couleurs.html#breadcrumb","itemListElement":[{"@type":"ListItem","position":1,"name":"Home","item":"https:\/\/www.bagnoitalia.com\/fr"},{"@type":"ListItem","position":2,"name":"Produits","item":"https:\/\/www.bagnoitalia.com\/fr\/shop"},{"@type":"ListItem","position":3,"name":"Armoire de Toilette 70 + 30 + 70 Florens en 3 couleurs double lavabos"}]},{"@type":"WebSite","@id":"https:\/\/www.bagnoitalia.com\/fr#website","url":"https:\/\/www.bagnoitalia.com\/fr","name":"Bagno Italia","description":"","publisher":{"@id":"https:\/\/www.bagnoitalia.com\/fr#organization"},"potentialAction":[{"@type":"SearchAction","target":{"@type":"EntryPoint","urlTemplate":"https:\/\/www.bagnoitalia.com\/fr?s={search_term_string}"},"query-input":{"@type":"PropertyValueSpecification","valueRequired":true,"valueName":"search_term_string"}}],"inLanguage":"fr-FR"},{"@type":"Organization","@id":"https:\/\/www.bagnoitalia.com\/fr#organization","name":"Bagno Italia","url":"https:\/\/www.bagnoitalia.com\/fr","logo":{"@type":"ImageObject","inLanguage":"fr-FR","@id":"https:\/\/www.bagnoitalia.com\/fr#\/schema\/logo\/image\/","url":"https:\/\/img.bagnoitalia.com\/wp-content\/uploads\/logo-bagnoitalia.webp","contentUrl":"https:\/\/img.bagnoitalia.com\/wp-content\/uploads\/logo-bagnoitalia.webp","width":400,"height":70,"caption":"Bagno Italia"},"image":{"@id":"https:\/\/www.bagnoitalia.com\/fr#\/schema\/logo\/image\/"}}]}},"_links":{"self":[{"href":"https:\/\/www.bagnoitalia.com\/fr\/wp-json\/wp\/v2\/product\/77930","targetHints":{"allow":["GET"]}}],"collection":[{"href":"https:\/\/www.bagnoitalia.com\/fr\/wp-json\/wp\/v2\/product"}],"about":[{"href":"https:\/\/www.bagnoitalia.com\/fr\/wp-json\/wp\/v2\/types\/product"}],"replies":[{"embeddable":true,"href":"https:\/\/www.bagnoitalia.com\/fr\/wp-json\/wp\/v2\/comments?post=77930"}],"version-history":[{"count":1,"href":"https:\/\/www.bagnoitalia.com\/fr\/wp-json\/wp\/v2\/product\/77930\/revisions"}],"predecessor-version":[{"id":88005,"href":"https:\/\/www.bagnoitalia.com\/fr\/wp-json\/wp\/v2\/product\/77930\/revisions\/88005"}],"wp:featuredmedia":[{"embeddable":true,"href":"https:\/\/www.bagnoitalia.com\/fr\/wp-json\/wp\/v2\/media\/15958"}],"wp:attachment":[{"href":"https:\/\/www.bagnoitalia.com\/fr\/wp-json\/wp\/v2\/media?parent=77930"}],"wp:term":[{"taxonomy":"product_brand","embeddable":true,"href":"https:\/\/www.bagnoitalia.com\/fr\/wp-json\/wp\/v2\/product_brand?post=77930"},{"taxonomy":"product_cat","embeddable":true,"href":"https:\/\/www.bagnoitalia.com\/fr\/wp-json\/wp\/v2\/product_cat?post=77930"},{"taxonomy":"product_tag","embeddable":true,"href":"https:\/\/www.bagnoitalia.com\/fr\/wp-json\/wp\/v2\/product_tag?post=77930"}],"curies":[{"name":"wp","href":"https:\/\/api.w.org\/{rel}","templated":true}]}}