{"id":77926,"date":"2012-08-10T23:27:46","date_gmt":"2012-08-10T21:27:46","guid":{"rendered":"https:\/\/www.bagnoitalia.com\/product\/bain-a-remous-180x180-avec-chromotherapie-complete-en-option-nouveau-vs016"},"modified":"2024-05-22T11:12:54","modified_gmt":"2024-05-22T09:12:54","slug":"bain-a-remous-180x180-avec-chromotherapie-complete-en-option-nouveau-vs016","status":"publish","type":"product","link":"https:\/\/www.bagnoitalia.com\/fr\/produit\/bain-a-remous-180x180-avec-chromotherapie-complete-en-option-nouveau-vs016.html","title":{"rendered":"Baignoire \u00e0 remous 180&#215;180 toutes options avec chromoth\u00e9rapie. Nouveaut\u00e9 VS016"},"content":{"rendered":"<p><span style=\"color: #000000;\"><strong>Pour demander plus d&rsquo;informations sur ce produit, cliquer sur l&rsquo;\u00e9l\u00e9ment \u00ab\u00a0demander des informations sur ce produit\u00a0\u00bb.<\/strong><\/span><\/p>\n<p><span style=\"color: #000000;\"><strong>Nous vous rappelons que si vous n&rsquo;\u00e9crivez pas correctement votre email, nous ne pourrons pas vous r\u00e9pondre<\/strong><\/span><\/p>\n<p><span style=\"color: #ff0000;\"><strong>Sur demande, nous envoyons des photos en haute r\u00e9solution<\/strong><\/span><\/p>\n<p>&nbsp;<\/p>\n<p><strong>Baignoire \u00e0 remous en ABS renforc\u00e9 180 x 180 x 65 cm<br \/>\n<\/strong><\/p>\n<p><strong>La baignoire comprend:<\/strong><\/p>\n<p>POMPE D&rsquo;HYDROMASSAGE AM\u00c9LIOR\u00c9E DE 1,5 HP;<\/p>\n<p>&#8211; 8 PETITS JETS D&rsquo;HYDROMASSAGE EN LAITON;<\/p>\n<p>&#8211; 8 PETITS JETS D&rsquo;HYDROMASSAGE EN LAITON (GR\u00c2CE \u00c0 L&rsquo;ADDITION, SUR DEMANDE SP\u00c9CIFIQUE, DE POMPE \u00c0 AIR );<\/p>\n<p>&#8211; 4 GRANDS JETS D&rsquo;HYDROMASSAGE CHROM\u00c9S;<\/p>\n<p>&#8211; DISJONCTEUR \u00c9LECTRIQUE INCLUS;<\/p>\n<p>&#8211; ORDINATEUR MULTIFONCTIONS AVEC CONTROL RADIO;<\/p>\n<p>&#8211; POMMEAU DE DOUCHE MULTIFONCTIONS;<\/p>\n<p>&#8211; ENTR\u00c9E D&rsquo;EAU EN FORME DE T;<\/p>\n<p>&#8211; TUYAUX RENFORC\u00c9S POUR LA CIRCULATION DE L&rsquo;EAU;<\/p>\n<p>&#8211; R\u00c9GULATEUR D&rsquo;EAU CHAUDE &#8211; EAU FROIDE;<\/p>\n<p>&#8211; COMMUTATEUR THERMOSTATIQUE;<\/p>\n<p>&#8211; LUMI\u00c8RE SOUS L&rsquo;EAU POUR LA CHROMOTH\u00c9RAPIE ET \u200b\u200bL&rsquo;\u00c9CLAIRAGE DE LA BAIGNOIRE;<\/p>\n<p>&#8211; COUSSINS INCLUS<\/p>\n<p>&#8211; ROBINETS INCLUS;<\/p>\n<p>&#8211; PORTE SERVIETTES;<\/p>\n<p>&#8211; HAUT-PARLEURS;<\/p>\n<p>&#8211; GENERATEUR D&rsquo;OZONE INCLUS (VALEUR COMMERCIALE DE 99 \u20ac)<\/p>\n<p>&#8211; ROBINET AVEC FONCTION DE CASCADE\u00a0AMERICAINE\u00a0 INCLUS (VALEUR COMMERCIALE DE 49,00 \u20ac);<\/p>\n<p>&#8211; POMPE SUPPL\u00c9MENTAIRE \u00c0 AIR DE 0,25 HP INCLUS (VALEUR COMMERCIALE DE 149,00 EUR).<\/p>\n<p><span style=\"text-decoration: underline;\">22 JETS D&rsquo;HYDROMASSAGE<\/span><\/p>\n<p><span style=\"font-size: 10pt;\"><strong><span style=\"color: #ff0000;\">ATTENTION:<\/span> la version \u00e0 32 jets (Super \u00e9quip\u00e9e) avec une structure en fibre de verre \u00e0 4 couches <strong>est disponible\u00a0<\/strong>au lieu de l&rsquo;ABS de la version toutes options (disponible avec ou sans chauffage)<br \/>\n<\/strong><\/span><\/p>\n<p><strong><span style=\"font-size: 8pt; text-align: justify;\">&#8211; 14 PETITS JETS \u00c0 EAU EN LAITON;<\/span><\/strong><\/p>\n<h1 style=\"text-align: justify;\"><span style=\"font-size: 8pt;\">&#8211; 4 GRANDS <span style=\"font-size: 8pt; text-align: justify;\">JETS \u00c0 EAU<\/span>\u00a0CHROME;<\/span><\/h1>\n<h1 style=\"text-align: justify;\"><span style=\"font-size: 8pt;\">&#8211; 14 JETS <span style=\"font-size: 8pt; text-align: justify;\">\u00c0 AIR.<\/span><\/span><\/h1>\n<p><img fetchpriority=\"high\" decoding=\"async\" class=\"shrinkToFit decoded size-full wp-image-15950\" src=\"https:\/\/img.bagnoitalia.com\/wp-content\/uploads\/virtuemart\/product\/vasca_10.jpg\" alt=\"http:\/\/www.bagnoitalia.it\/https:\/\/img.bagnoitalia.com\/wp-content\/uploads\/virtuemart\/product\/vasca_10.jpg\" width=\"556\" height=\"499\" srcset=\"https:\/\/img.bagnoitalia.com\/wp-content\/uploads\/virtuemart\/product\/vasca_10.jpg 800w, https:\/\/img.bagnoitalia.com\/wp-content\/uploads\/virtuemart\/product\/vasca_10-768x689.jpg 768w, https:\/\/img.bagnoitalia.com\/wp-content\/uploads\/virtuemart\/product\/vasca_10-441x396.jpg 441w, https:\/\/img.bagnoitalia.com\/wp-content\/uploads\/virtuemart\/product\/vasca_10-600x539.jpg 600w, https:\/\/img.bagnoitalia.com\/wp-content\/uploads\/virtuemart\/product\/vasca_10-150x135.jpg 150w\" sizes=\"(max-width: 556px) 100vw, 556px\" \/><\/p>\n<p>Liste de prix de la derni\u00e8re g\u00e9n\u00e9ration: 4 900 euros!<\/p>\n<p>Produit certifi\u00e9 UE<\/p>\n","protected":false},"excerpt":{"rendered":"<p>Spa 180&#215;180 cm, 2 places, avec chromoth\u00e9rapie et ozonoth\u00e9rapie. Toutes options. Accessoires inclus dans le prix.<\/p>\n","protected":false},"featured_media":15906,"comment_status":"open","ping_status":"closed","template":"","meta":[],"product_brand":[9924],"product_cat":[9707,9743],"product_tag":[],"class_list":{"0":"post-77926","1":"product","2":"type-product","3":"status-publish","4":"has-post-thumbnail","6":"product_brand-predator-arredo-casa-fr","7":"product_cat-baignoire-balneo","8":"product_cat-piscines-d-39-hydromassage","10":"first","11":"instock","12":"sale","13":"taxable","14":"shipping-taxable","15":"purchasable","16":"product-type-simple"},"exclude_global_add_ons":false,"addons":[{"name":"Typologie","type":"multiple_choice","position":0,"required":true,"title_format":"heading","default":"","description_enable":false,"description":"","placeholder_enable":false,"placeholder":"","display":"select","restrictions_type":"any_text","adjust_price":false,"price":"","price_type":"flat_fee","restrictions":false,"min":"0","max":"0","options":[{"label":"Non disponible - enti\u00e8rement \u00e9quip\u00e9","price":"","price_type":"quantity_based","image":0,"visibility":true},{"label":"Non disponible - super \u00e9quip\u00e9","price":"240","price_type":"quantity_based","image":0,"visibility":true},{"label":"super-\u00e9quip\u00e9 avec chauffage","price":"480","price_type":"quantity_based","image":0,"visibility":true}],"id":1716376375}],"yoast_head":"<!-- This site is optimized with the Yoast SEO plugin v26.7 - https:\/\/yoast.com\/wordpress\/plugins\/seo\/ -->\n<title>Baignoire \u00e0 remous 180x180 toutes options avec chromoth\u00e9rapie. Nouveaut\u00e9 VS016<\/title>\n<meta name=\"description\" content=\"Baignoire baln\u00e9o circulaire 180x180 cm avec chromoth\u00e9rapie, version optionnelle compl\u00e8te, 20 hydro-jets, ozonoth\u00e9rapie, m\u00e9langeur \u00e0 cascade.\" \/>\n<meta name=\"robots\" content=\"index, follow, max-snippet:-1, max-image-preview:large, max-video-preview:-1\" \/>\n<link rel=\"canonical\" href=\"https:\/\/www.bagnoitalia.com\/fr\/produit\/bain-a-remous-180x180-avec-chromotherapie-complete-en-option-nouveau-vs016.html\" \/>\n<meta property=\"og:locale\" content=\"fr_FR\" \/>\n<meta property=\"og:type\" content=\"article\" \/>\n<meta property=\"og:title\" content=\"Baignoire \u00e0 remous 180x180 toutes options avec chromoth\u00e9rapie. Nouveaut\u00e9 VS016\" \/>\n<meta property=\"og:description\" content=\"Baignoire baln\u00e9o circulaire 180x180 cm avec chromoth\u00e9rapie, version optionnelle compl\u00e8te, 20 hydro-jets, ozonoth\u00e9rapie, m\u00e9langeur \u00e0 cascade.\" \/>\n<meta property=\"og:url\" content=\"https:\/\/www.bagnoitalia.com\/fr\/produit\/bain-a-remous-180x180-avec-chromotherapie-complete-en-option-nouveau-vs016.html\" \/>\n<meta property=\"og:site_name\" content=\"Bagno Italia\" \/>\n<meta property=\"article:modified_time\" content=\"2024-05-22T09:12:54+00:00\" \/>\n<meta property=\"og:image\" content=\"https:\/\/img.bagnoitalia.com\/wp-content\/uploads\/virtuemart\/product\/Fully-equipped-Jacuzzi-180x180-Chromotherapy-VS016-1_1542115912_709.jpg\" \/>\n\t<meta property=\"og:image:width\" content=\"665\" \/>\n\t<meta property=\"og:image:height\" content=\"665\" \/>\n\t<meta property=\"og:image:type\" content=\"image\/jpeg\" \/>\n<meta name=\"twitter:card\" content=\"summary_large_image\" \/>\n<meta name=\"twitter:label1\" content=\"Dur\u00e9e de lecture estim\u00e9e\" \/>\n\t<meta name=\"twitter:data1\" content=\"2 minutes\" \/>\n<script type=\"application\/ld+json\" class=\"yoast-schema-graph\">{\"@context\":\"https:\/\/schema.org\",\"@graph\":[{\"@type\":\"WebPage\",\"@id\":\"https:\/\/www.bagnoitalia.com\/fr\/produit\/bain-a-remous-180x180-avec-chromotherapie-complete-en-option-nouveau-vs016.html\",\"url\":\"https:\/\/www.bagnoitalia.com\/fr\/produit\/bain-a-remous-180x180-avec-chromotherapie-complete-en-option-nouveau-vs016.html\",\"name\":\"Baignoire \u00e0 remous 180x180 toutes options avec chromoth\u00e9rapie. Nouveaut\u00e9 VS016\",\"isPartOf\":{\"@id\":\"https:\/\/www.bagnoitalia.com\/fr#website\"},\"primaryImageOfPage\":{\"@id\":\"https:\/\/www.bagnoitalia.com\/fr\/produit\/bain-a-remous-180x180-avec-chromotherapie-complete-en-option-nouveau-vs016.html#primaryimage\"},\"image\":{\"@id\":\"https:\/\/www.bagnoitalia.com\/fr\/produit\/bain-a-remous-180x180-avec-chromotherapie-complete-en-option-nouveau-vs016.html#primaryimage\"},\"thumbnailUrl\":\"https:\/\/img.bagnoitalia.com\/wp-content\/uploads\/virtuemart\/product\/Fully-equipped-Jacuzzi-180x180-Chromotherapy-VS016-1_1542115912_709.jpg\",\"datePublished\":\"2012-08-10T21:27:46+00:00\",\"dateModified\":\"2024-05-22T09:12:54+00:00\",\"description\":\"Baignoire baln\u00e9o circulaire 180x180 cm avec chromoth\u00e9rapie, version optionnelle compl\u00e8te, 20 hydro-jets, ozonoth\u00e9rapie, m\u00e9langeur \u00e0 cascade.\",\"breadcrumb\":{\"@id\":\"https:\/\/www.bagnoitalia.com\/fr\/produit\/bain-a-remous-180x180-avec-chromotherapie-complete-en-option-nouveau-vs016.html#breadcrumb\"},\"inLanguage\":\"fr-FR\",\"potentialAction\":[{\"@type\":\"ReadAction\",\"target\":[\"https:\/\/www.bagnoitalia.com\/fr\/produit\/bain-a-remous-180x180-avec-chromotherapie-complete-en-option-nouveau-vs016.html\"]}]},{\"@type\":\"ImageObject\",\"inLanguage\":\"fr-FR\",\"@id\":\"https:\/\/www.bagnoitalia.com\/fr\/produit\/bain-a-remous-180x180-avec-chromotherapie-complete-en-option-nouveau-vs016.html#primaryimage\",\"url\":\"https:\/\/img.bagnoitalia.com\/wp-content\/uploads\/virtuemart\/product\/Fully-equipped-Jacuzzi-180x180-Chromotherapy-VS016-1_1542115912_709.jpg\",\"contentUrl\":\"https:\/\/img.bagnoitalia.com\/wp-content\/uploads\/virtuemart\/product\/Fully-equipped-Jacuzzi-180x180-Chromotherapy-VS016-1_1542115912_709.jpg\",\"width\":665,\"height\":665},{\"@type\":\"BreadcrumbList\",\"@id\":\"https:\/\/www.bagnoitalia.com\/fr\/produit\/bain-a-remous-180x180-avec-chromotherapie-complete-en-option-nouveau-vs016.html#breadcrumb\",\"itemListElement\":[{\"@type\":\"ListItem\",\"position\":1,\"name\":\"Home\",\"item\":\"https:\/\/www.bagnoitalia.com\/fr\"},{\"@type\":\"ListItem\",\"position\":2,\"name\":\"Produits\",\"item\":\"https:\/\/www.bagnoitalia.com\/fr\/shop\"},{\"@type\":\"ListItem\",\"position\":3,\"name\":\"Baignoire \u00e0 remous 180&#215;180 toutes options avec chromoth\u00e9rapie. Nouveaut\u00e9 VS016\"}]},{\"@type\":\"WebSite\",\"@id\":\"https:\/\/www.bagnoitalia.com\/fr#website\",\"url\":\"https:\/\/www.bagnoitalia.com\/fr\",\"name\":\"Bagno Italia\",\"description\":\"\",\"publisher\":{\"@id\":\"https:\/\/www.bagnoitalia.com\/fr#organization\"},\"potentialAction\":[{\"@type\":\"SearchAction\",\"target\":{\"@type\":\"EntryPoint\",\"urlTemplate\":\"https:\/\/www.bagnoitalia.com\/fr?s={search_term_string}\"},\"query-input\":{\"@type\":\"PropertyValueSpecification\",\"valueRequired\":true,\"valueName\":\"search_term_string\"}}],\"inLanguage\":\"fr-FR\"},{\"@type\":\"Organization\",\"@id\":\"https:\/\/www.bagnoitalia.com\/fr#organization\",\"name\":\"Bagno Italia\",\"url\":\"https:\/\/www.bagnoitalia.com\/fr\",\"logo\":{\"@type\":\"ImageObject\",\"inLanguage\":\"fr-FR\",\"@id\":\"https:\/\/www.bagnoitalia.com\/fr#\/schema\/logo\/image\/\",\"url\":\"https:\/\/img.bagnoitalia.com\/wp-content\/uploads\/logo-bagnoitalia.webp\",\"contentUrl\":\"https:\/\/img.bagnoitalia.com\/wp-content\/uploads\/logo-bagnoitalia.webp\",\"width\":400,\"height\":70,\"caption\":\"Bagno Italia\"},\"image\":{\"@id\":\"https:\/\/www.bagnoitalia.com\/fr#\/schema\/logo\/image\/\"}}]}<\/script>\n<!-- \/ Yoast SEO plugin. -->","yoast_head_json":{"title":"Baignoire \u00e0 remous 180x180 toutes options avec chromoth\u00e9rapie. Nouveaut\u00e9 VS016","description":"Baignoire baln\u00e9o circulaire 180x180 cm avec chromoth\u00e9rapie, version optionnelle compl\u00e8te, 20 hydro-jets, ozonoth\u00e9rapie, m\u00e9langeur \u00e0 cascade.","robots":{"index":"index","follow":"follow","max-snippet":"max-snippet:-1","max-image-preview":"max-image-preview:large","max-video-preview":"max-video-preview:-1"},"canonical":"https:\/\/www.bagnoitalia.com\/fr\/produit\/bain-a-remous-180x180-avec-chromotherapie-complete-en-option-nouveau-vs016.html","og_locale":"fr_FR","og_type":"article","og_title":"Baignoire \u00e0 remous 180x180 toutes options avec chromoth\u00e9rapie. Nouveaut\u00e9 VS016","og_description":"Baignoire baln\u00e9o circulaire 180x180 cm avec chromoth\u00e9rapie, version optionnelle compl\u00e8te, 20 hydro-jets, ozonoth\u00e9rapie, m\u00e9langeur \u00e0 cascade.","og_url":"https:\/\/www.bagnoitalia.com\/fr\/produit\/bain-a-remous-180x180-avec-chromotherapie-complete-en-option-nouveau-vs016.html","og_site_name":"Bagno Italia","article_modified_time":"2024-05-22T09:12:54+00:00","og_image":[{"width":665,"height":665,"url":"https:\/\/img.bagnoitalia.com\/wp-content\/uploads\/virtuemart\/product\/Fully-equipped-Jacuzzi-180x180-Chromotherapy-VS016-1_1542115912_709.jpg","type":"image\/jpeg"}],"twitter_card":"summary_large_image","twitter_misc":{"Dur\u00e9e de lecture estim\u00e9e":"2 minutes"},"schema":{"@context":"https:\/\/schema.org","@graph":[{"@type":"WebPage","@id":"https:\/\/www.bagnoitalia.com\/fr\/produit\/bain-a-remous-180x180-avec-chromotherapie-complete-en-option-nouveau-vs016.html","url":"https:\/\/www.bagnoitalia.com\/fr\/produit\/bain-a-remous-180x180-avec-chromotherapie-complete-en-option-nouveau-vs016.html","name":"Baignoire \u00e0 remous 180x180 toutes options avec chromoth\u00e9rapie. Nouveaut\u00e9 VS016","isPartOf":{"@id":"https:\/\/www.bagnoitalia.com\/fr#website"},"primaryImageOfPage":{"@id":"https:\/\/www.bagnoitalia.com\/fr\/produit\/bain-a-remous-180x180-avec-chromotherapie-complete-en-option-nouveau-vs016.html#primaryimage"},"image":{"@id":"https:\/\/www.bagnoitalia.com\/fr\/produit\/bain-a-remous-180x180-avec-chromotherapie-complete-en-option-nouveau-vs016.html#primaryimage"},"thumbnailUrl":"https:\/\/img.bagnoitalia.com\/wp-content\/uploads\/virtuemart\/product\/Fully-equipped-Jacuzzi-180x180-Chromotherapy-VS016-1_1542115912_709.jpg","datePublished":"2012-08-10T21:27:46+00:00","dateModified":"2024-05-22T09:12:54+00:00","description":"Baignoire baln\u00e9o circulaire 180x180 cm avec chromoth\u00e9rapie, version optionnelle compl\u00e8te, 20 hydro-jets, ozonoth\u00e9rapie, m\u00e9langeur \u00e0 cascade.","breadcrumb":{"@id":"https:\/\/www.bagnoitalia.com\/fr\/produit\/bain-a-remous-180x180-avec-chromotherapie-complete-en-option-nouveau-vs016.html#breadcrumb"},"inLanguage":"fr-FR","potentialAction":[{"@type":"ReadAction","target":["https:\/\/www.bagnoitalia.com\/fr\/produit\/bain-a-remous-180x180-avec-chromotherapie-complete-en-option-nouveau-vs016.html"]}]},{"@type":"ImageObject","inLanguage":"fr-FR","@id":"https:\/\/www.bagnoitalia.com\/fr\/produit\/bain-a-remous-180x180-avec-chromotherapie-complete-en-option-nouveau-vs016.html#primaryimage","url":"https:\/\/img.bagnoitalia.com\/wp-content\/uploads\/virtuemart\/product\/Fully-equipped-Jacuzzi-180x180-Chromotherapy-VS016-1_1542115912_709.jpg","contentUrl":"https:\/\/img.bagnoitalia.com\/wp-content\/uploads\/virtuemart\/product\/Fully-equipped-Jacuzzi-180x180-Chromotherapy-VS016-1_1542115912_709.jpg","width":665,"height":665},{"@type":"BreadcrumbList","@id":"https:\/\/www.bagnoitalia.com\/fr\/produit\/bain-a-remous-180x180-avec-chromotherapie-complete-en-option-nouveau-vs016.html#breadcrumb","itemListElement":[{"@type":"ListItem","position":1,"name":"Home","item":"https:\/\/www.bagnoitalia.com\/fr"},{"@type":"ListItem","position":2,"name":"Produits","item":"https:\/\/www.bagnoitalia.com\/fr\/shop"},{"@type":"ListItem","position":3,"name":"Baignoire \u00e0 remous 180&#215;180 toutes options avec chromoth\u00e9rapie. Nouveaut\u00e9 VS016"}]},{"@type":"WebSite","@id":"https:\/\/www.bagnoitalia.com\/fr#website","url":"https:\/\/www.bagnoitalia.com\/fr","name":"Bagno Italia","description":"","publisher":{"@id":"https:\/\/www.bagnoitalia.com\/fr#organization"},"potentialAction":[{"@type":"SearchAction","target":{"@type":"EntryPoint","urlTemplate":"https:\/\/www.bagnoitalia.com\/fr?s={search_term_string}"},"query-input":{"@type":"PropertyValueSpecification","valueRequired":true,"valueName":"search_term_string"}}],"inLanguage":"fr-FR"},{"@type":"Organization","@id":"https:\/\/www.bagnoitalia.com\/fr#organization","name":"Bagno Italia","url":"https:\/\/www.bagnoitalia.com\/fr","logo":{"@type":"ImageObject","inLanguage":"fr-FR","@id":"https:\/\/www.bagnoitalia.com\/fr#\/schema\/logo\/image\/","url":"https:\/\/img.bagnoitalia.com\/wp-content\/uploads\/logo-bagnoitalia.webp","contentUrl":"https:\/\/img.bagnoitalia.com\/wp-content\/uploads\/logo-bagnoitalia.webp","width":400,"height":70,"caption":"Bagno Italia"},"image":{"@id":"https:\/\/www.bagnoitalia.com\/fr#\/schema\/logo\/image\/"}}]}},"_links":{"self":[{"href":"https:\/\/www.bagnoitalia.com\/fr\/wp-json\/wp\/v2\/product\/77926","targetHints":{"allow":["GET"]}}],"collection":[{"href":"https:\/\/www.bagnoitalia.com\/fr\/wp-json\/wp\/v2\/product"}],"about":[{"href":"https:\/\/www.bagnoitalia.com\/fr\/wp-json\/wp\/v2\/types\/product"}],"replies":[{"embeddable":true,"href":"https:\/\/www.bagnoitalia.com\/fr\/wp-json\/wp\/v2\/comments?post=77926"}],"version-history":[{"count":1,"href":"https:\/\/www.bagnoitalia.com\/fr\/wp-json\/wp\/v2\/product\/77926\/revisions"}],"predecessor-version":[{"id":87390,"href":"https:\/\/www.bagnoitalia.com\/fr\/wp-json\/wp\/v2\/product\/77926\/revisions\/87390"}],"wp:featuredmedia":[{"embeddable":true,"href":"https:\/\/www.bagnoitalia.com\/fr\/wp-json\/wp\/v2\/media\/15906"}],"wp:attachment":[{"href":"https:\/\/www.bagnoitalia.com\/fr\/wp-json\/wp\/v2\/media?parent=77926"}],"wp:term":[{"taxonomy":"product_brand","embeddable":true,"href":"https:\/\/www.bagnoitalia.com\/fr\/wp-json\/wp\/v2\/product_brand?post=77926"},{"taxonomy":"product_cat","embeddable":true,"href":"https:\/\/www.bagnoitalia.com\/fr\/wp-json\/wp\/v2\/product_cat?post=77926"},{"taxonomy":"product_tag","embeddable":true,"href":"https:\/\/www.bagnoitalia.com\/fr\/wp-json\/wp\/v2\/product_tag?post=77926"}],"curies":[{"name":"wp","href":"https:\/\/api.w.org\/{rel}","templated":true}]}}