{"id":77862,"date":"2012-08-01T02:16:55","date_gmt":"2012-08-01T00:16:55","guid":{"rendered":"https:\/\/www.bagnoitalia.com\/product\/cabine-de-douche-en-verre-semi-circulaire-transparent-ou-matt-80x80-90x90-box005"},"modified":"2024-06-05T16:09:09","modified_gmt":"2024-06-05T14:09:09","slug":"cabine-de-douche-en-verre-semi-circulaire-transparent-ou-matt-80x80-90x90-box005","status":"publish","type":"product","link":"https:\/\/www.bagnoitalia.com\/fr\/produit\/cabine-de-douche-en-verre-semi-circulaire-transparent-ou-matt-80x80-90x90-box005.html","title":{"rendered":"Cabine de douche en verre semi-circulaire transparent ou opaque ouverture coulissante 80&#215;80 ou 90&#215;90 BOX005"},"content":{"rendered":"<p><strong><span style=\"color: #ff0000;\">Sur demande, nous vous envoyons des photos en haute r\u00e9solution<\/span><\/strong><\/p>\n<p><strong><span style=\"color: #ff0000;\">ATTENTION: la dimension 75&#215;75 cm est disponible <span style=\"color: #ff0000;\">uniquement n<\/span>\u00a0hauteur 185cm <strong><span style=\"color: #ff0000;\"><br \/>\n<\/span><\/strong><\/span><\/strong><\/p>\n<p>Cabine de douche d&rsquo;angle \u00e0 portes coulissantes, disponible en verre tremp\u00e9 transparent (\u00e9paisseur 6 mm) ou mouchet\u00e9 (\u00e9paisseur 5 mm), dimensions 80&#215;80 ou 90&#215;90, profil\u00e9 en aluminium.<\/p>\n<p>Hauteur 200 cm ou 185 cm (\u00e0 choisir dans le menu sus-jacent)<\/p>\n<p>&nbsp;<\/p>\n<p>Dans les dimensions \u00a075&#215;75 et uniquement, la courbure est de 38\u00b0<\/p>\n<p>Dans les dimensions 80&#215;80 et 90&#215;90 la courbure est standard de 55\u00b0<\/p>\n<p>&nbsp;<\/p>\n<p>TOLERANCE pour la cabine hauteur 185 cm:<\/p>\n<p><strong>80&#215;80 r\u00e9glable (de 78 \u00e0 81 par c\u00f4t\u00e9)<\/strong><\/p>\n<p><strong>90&#215;90 r\u00e9glable (de 88 \u00e0 91 par c\u00f4t\u00e9)<\/strong><\/p>\n<p>_____________________________________<\/p>\n<p>TOLERANCE pour la cabine haut 200 cm<\/p>\n<p><strong>80&#215;80 r\u00e9glable (de 78 \u00e0 80 par c\u00f4t\u00e9)<\/strong><\/p>\n<p><strong>90&#215;90 r\u00e9glable (de 88 \u00e0 90 par c\u00f4t\u00e9)<\/strong><\/p>\n<p>_____________________________________<\/p>\n<p>&nbsp;<\/p>\n<p><span style=\"font-size: 10pt;\"><span style=\"color: #ff0000;\"><strong>ATTENTION<\/strong><\/span><strong><span style=\"color: #ff0000;\">:<\/span> il est \u00e9galement possible d&rsquo;ajouter des profils de compensation s&rsquo;il est n\u00e9cessaire d&rsquo;augmenter les dimensions de quelques centim\u00e8tres au-del\u00e0 de celles indiqu\u00e9es<\/strong><\/span><\/p>\n<p>&nbsp;<\/p>\n<p><strong>Caract\u00e9ristiques techniques:<\/strong><\/p>\n<p>&nbsp;<\/p>\n<p>Finitions chrom\u00e9es<\/p>\n<p>Verre tremp\u00e9<\/p>\n<p>Cadre en aluminium anodis\u00e9<\/p>\n<p>8 roulements tandem pour une ouverture en douceur<\/p>\n<p>Le produit est conforme \u00e0 toutes les r\u00e9glementations en vigueur et comprend des instructions de montage.<\/p>\n<p>Cabine adaptable<br \/>\nEspace d&rsquo;entr\u00e9e: environ 45-50cm<br \/>\nFermeture magn\u00e9tique<\/p>\n<p>Poign\u00e9es en acier chrom\u00e9<\/p>\n<p>Receveur de douche non inclus<\/p>\n<p>la tol\u00e9rance est de -2 cm (la bo\u00eete de 80&#215;80 est donc compatible avec une taille de 78\/80 cm)<\/p>\n<p><strong>\u00a0<\/strong><\/p>\n<p>&nbsp;<\/p>\n<p>Produit certifi\u00e9 UE<\/p>\n","protected":false},"excerpt":{"rendered":"<p>Cabine de douche semi-circulaire, verre transparent ou opaque, dimensions 80&#215;80 ou 90&#215;90 Hauteur 185 ou 200 cm<\/p>\n","protected":false},"featured_media":15386,"comment_status":"open","ping_status":"closed","template":"","meta":[],"product_brand":[5007],"product_cat":[9811,9711],"product_tag":[],"class_list":{"0":"post-77862","1":"product","2":"type-product","3":"status-publish","4":"has-post-thumbnail","6":"product_brand-hydrastar","7":"product_cat-cabine-de-douche-semi-circulaire-boite-de-douche","8":"product_cat-boite-de-douche","10":"first","11":"instock","12":"sale","13":"taxable","14":"shipping-taxable","15":"purchasable","16":"product-type-simple"},"exclude_global_add_ons":false,"addons":[{"name":"Cabine de douche","type":"multiple_choice","position":0,"required":true,"title_format":"heading","default":"","description_enable":false,"description":"","placeholder_enable":false,"placeholder":"","display":"select","restrictions_type":"any_text","adjust_price":false,"price":"","price_type":"flat_fee","restrictions":false,"min":"0","max":"0","options":[{"label":"80x80","price":"","price_type":"quantity_based","image":0,"visibility":true},{"label":"90x90","price":"10","price_type":"quantity_based","image":0,"visibility":true}],"id":1717603749},{"name":"Cristal","type":"multiple_choice","position":1,"required":true,"title_format":"heading","default":"","description_enable":false,"description":"","placeholder_enable":false,"placeholder":"","display":"select","restrictions_type":"any_text","adjust_price":false,"price":"","price_type":"flat_fee","restrictions":false,"min":"0","max":"0","options":[{"label":"transparent","price":"","price_type":"quantity_based","image":0,"visibility":true},{"label":"non disponible - Mouchet\u00e9","price":"","price_type":"quantity_based","image":0,"visibility":true}],"id":1717603750},{"name":"Profil de compensation","type":"multiple_choice","position":2,"required":true,"title_format":"heading","default":"","description_enable":false,"description":"","placeholder_enable":false,"placeholder":"","display":"select","restrictions_type":"any_text","adjust_price":false,"price":"","price_type":"flat_fee","restrictions":false,"min":"0","max":"0","options":[{"label":"pas de profil","price":"","price_type":"quantity_based","image":0,"visibility":true},{"label":"1 profil 1 cm","price":"35","price_type":"quantity_based","image":0,"visibility":true},{"label":"2 profils 2 cm","price":"70","price_type":"quantity_based","image":0,"visibility":true},{"label":"3 a 6 cm Profil en H","price":"45","price_type":"quantity_based","image":0,"visibility":true},{"label":"6 a 12 cm deux profils en H","price":"90","price_type":"quantity_based","image":0,"visibility":true}],"id":1717603751}],"yoast_head":"<!-- This site is optimized with the Yoast SEO plugin v26.7 - https:\/\/yoast.com\/wordpress\/plugins\/seo\/ -->\n<title>Cabine de douche en verre semi-circulaire transparent ou opaque ouverture coulissante 80x80 ou 90x90 BOX005<\/title>\n<meta name=\"description\" content=\"Cabine de douche semi-circulaire en verre transparent ou opaque, finitions chrom\u00e9es et portes coulissantes, disponible en diff\u00e9rentes tailles. Fermeture magn\u00e9tique. En savoir plus!\" \/>\n<meta name=\"robots\" content=\"index, follow, max-snippet:-1, max-image-preview:large, max-video-preview:-1\" \/>\n<link rel=\"canonical\" href=\"https:\/\/www.bagnoitalia.com\/fr\/produit\/cabine-de-douche-en-verre-semi-circulaire-transparent-ou-matt-80x80-90x90-box005.html\" \/>\n<meta property=\"og:locale\" content=\"fr_FR\" \/>\n<meta property=\"og:type\" content=\"article\" \/>\n<meta property=\"og:title\" content=\"Cabine de douche en verre semi-circulaire transparent ou opaque ouverture coulissante 80x80 ou 90x90 BOX005\" \/>\n<meta property=\"og:description\" content=\"Cabine de douche semi-circulaire en verre transparent ou opaque, finitions chrom\u00e9es et portes coulissantes, disponible en diff\u00e9rentes tailles. Fermeture magn\u00e9tique. En savoir plus!\" \/>\n<meta property=\"og:url\" content=\"https:\/\/www.bagnoitalia.com\/fr\/produit\/cabine-de-douche-en-verre-semi-circulaire-transparent-ou-matt-80x80-90x90-box005.html\" \/>\n<meta property=\"og:site_name\" content=\"Bagno Italia\" \/>\n<meta property=\"article:modified_time\" content=\"2024-06-05T14:09:09+00:00\" \/>\n<meta property=\"og:image\" content=\"https:\/\/img.bagnoitalia.com\/wp-content\/uploads\/virtuemart\/product\/semicircular-shower-enclosure-box005-1_1543764783_376.jpg\" \/>\n\t<meta property=\"og:image:width\" content=\"632\" \/>\n\t<meta property=\"og:image:height\" content=\"632\" \/>\n\t<meta property=\"og:image:type\" content=\"image\/jpeg\" \/>\n<meta name=\"twitter:card\" content=\"summary_large_image\" \/>\n<meta name=\"twitter:label1\" content=\"Dur\u00e9e de lecture estim\u00e9e\" \/>\n\t<meta name=\"twitter:data1\" content=\"2 minutes\" \/>\n<script type=\"application\/ld+json\" class=\"yoast-schema-graph\">{\"@context\":\"https:\/\/schema.org\",\"@graph\":[{\"@type\":\"WebPage\",\"@id\":\"https:\/\/www.bagnoitalia.com\/fr\/produit\/cabine-de-douche-en-verre-semi-circulaire-transparent-ou-matt-80x80-90x90-box005.html\",\"url\":\"https:\/\/www.bagnoitalia.com\/fr\/produit\/cabine-de-douche-en-verre-semi-circulaire-transparent-ou-matt-80x80-90x90-box005.html\",\"name\":\"Cabine de douche en verre semi-circulaire transparent ou opaque ouverture coulissante 80x80 ou 90x90 BOX005\",\"isPartOf\":{\"@id\":\"https:\/\/www.bagnoitalia.com\/fr#website\"},\"primaryImageOfPage\":{\"@id\":\"https:\/\/www.bagnoitalia.com\/fr\/produit\/cabine-de-douche-en-verre-semi-circulaire-transparent-ou-matt-80x80-90x90-box005.html#primaryimage\"},\"image\":{\"@id\":\"https:\/\/www.bagnoitalia.com\/fr\/produit\/cabine-de-douche-en-verre-semi-circulaire-transparent-ou-matt-80x80-90x90-box005.html#primaryimage\"},\"thumbnailUrl\":\"https:\/\/img.bagnoitalia.com\/wp-content\/uploads\/virtuemart\/product\/semicircular-shower-enclosure-box005-1_1543764783_376.jpg\",\"datePublished\":\"2012-08-01T00:16:55+00:00\",\"dateModified\":\"2024-06-05T14:09:09+00:00\",\"description\":\"Cabine de douche semi-circulaire en verre transparent ou opaque, finitions chrom\u00e9es et portes coulissantes, disponible en diff\u00e9rentes tailles. Fermeture magn\u00e9tique. En savoir plus!\",\"breadcrumb\":{\"@id\":\"https:\/\/www.bagnoitalia.com\/fr\/produit\/cabine-de-douche-en-verre-semi-circulaire-transparent-ou-matt-80x80-90x90-box005.html#breadcrumb\"},\"inLanguage\":\"fr-FR\",\"potentialAction\":[{\"@type\":\"ReadAction\",\"target\":[\"https:\/\/www.bagnoitalia.com\/fr\/produit\/cabine-de-douche-en-verre-semi-circulaire-transparent-ou-matt-80x80-90x90-box005.html\"]}]},{\"@type\":\"ImageObject\",\"inLanguage\":\"fr-FR\",\"@id\":\"https:\/\/www.bagnoitalia.com\/fr\/produit\/cabine-de-douche-en-verre-semi-circulaire-transparent-ou-matt-80x80-90x90-box005.html#primaryimage\",\"url\":\"https:\/\/img.bagnoitalia.com\/wp-content\/uploads\/virtuemart\/product\/semicircular-shower-enclosure-box005-1_1543764783_376.jpg\",\"contentUrl\":\"https:\/\/img.bagnoitalia.com\/wp-content\/uploads\/virtuemart\/product\/semicircular-shower-enclosure-box005-1_1543764783_376.jpg\",\"width\":632,\"height\":632},{\"@type\":\"BreadcrumbList\",\"@id\":\"https:\/\/www.bagnoitalia.com\/fr\/produit\/cabine-de-douche-en-verre-semi-circulaire-transparent-ou-matt-80x80-90x90-box005.html#breadcrumb\",\"itemListElement\":[{\"@type\":\"ListItem\",\"position\":1,\"name\":\"Home\",\"item\":\"https:\/\/www.bagnoitalia.com\/fr\"},{\"@type\":\"ListItem\",\"position\":2,\"name\":\"Produits\",\"item\":\"https:\/\/www.bagnoitalia.com\/fr\/shop\"},{\"@type\":\"ListItem\",\"position\":3,\"name\":\"Cabine de douche en verre semi-circulaire transparent ou opaque ouverture coulissante 80&#215;80 ou 90&#215;90 BOX005\"}]},{\"@type\":\"WebSite\",\"@id\":\"https:\/\/www.bagnoitalia.com\/fr#website\",\"url\":\"https:\/\/www.bagnoitalia.com\/fr\",\"name\":\"Bagno Italia\",\"description\":\"\",\"publisher\":{\"@id\":\"https:\/\/www.bagnoitalia.com\/fr#organization\"},\"potentialAction\":[{\"@type\":\"SearchAction\",\"target\":{\"@type\":\"EntryPoint\",\"urlTemplate\":\"https:\/\/www.bagnoitalia.com\/fr?s={search_term_string}\"},\"query-input\":{\"@type\":\"PropertyValueSpecification\",\"valueRequired\":true,\"valueName\":\"search_term_string\"}}],\"inLanguage\":\"fr-FR\"},{\"@type\":\"Organization\",\"@id\":\"https:\/\/www.bagnoitalia.com\/fr#organization\",\"name\":\"Bagno Italia\",\"url\":\"https:\/\/www.bagnoitalia.com\/fr\",\"logo\":{\"@type\":\"ImageObject\",\"inLanguage\":\"fr-FR\",\"@id\":\"https:\/\/www.bagnoitalia.com\/fr#\/schema\/logo\/image\/\",\"url\":\"https:\/\/img.bagnoitalia.com\/wp-content\/uploads\/logo-bagnoitalia.webp\",\"contentUrl\":\"https:\/\/img.bagnoitalia.com\/wp-content\/uploads\/logo-bagnoitalia.webp\",\"width\":400,\"height\":70,\"caption\":\"Bagno Italia\"},\"image\":{\"@id\":\"https:\/\/www.bagnoitalia.com\/fr#\/schema\/logo\/image\/\"}}]}<\/script>\n<!-- \/ Yoast SEO plugin. -->","yoast_head_json":{"title":"Cabine de douche en verre semi-circulaire transparent ou opaque ouverture coulissante 80x80 ou 90x90 BOX005","description":"Cabine de douche semi-circulaire en verre transparent ou opaque, finitions chrom\u00e9es et portes coulissantes, disponible en diff\u00e9rentes tailles. Fermeture magn\u00e9tique. En savoir plus!","robots":{"index":"index","follow":"follow","max-snippet":"max-snippet:-1","max-image-preview":"max-image-preview:large","max-video-preview":"max-video-preview:-1"},"canonical":"https:\/\/www.bagnoitalia.com\/fr\/produit\/cabine-de-douche-en-verre-semi-circulaire-transparent-ou-matt-80x80-90x90-box005.html","og_locale":"fr_FR","og_type":"article","og_title":"Cabine de douche en verre semi-circulaire transparent ou opaque ouverture coulissante 80x80 ou 90x90 BOX005","og_description":"Cabine de douche semi-circulaire en verre transparent ou opaque, finitions chrom\u00e9es et portes coulissantes, disponible en diff\u00e9rentes tailles. Fermeture magn\u00e9tique. En savoir plus!","og_url":"https:\/\/www.bagnoitalia.com\/fr\/produit\/cabine-de-douche-en-verre-semi-circulaire-transparent-ou-matt-80x80-90x90-box005.html","og_site_name":"Bagno Italia","article_modified_time":"2024-06-05T14:09:09+00:00","og_image":[{"width":632,"height":632,"url":"https:\/\/img.bagnoitalia.com\/wp-content\/uploads\/virtuemart\/product\/semicircular-shower-enclosure-box005-1_1543764783_376.jpg","type":"image\/jpeg"}],"twitter_card":"summary_large_image","twitter_misc":{"Dur\u00e9e de lecture estim\u00e9e":"2 minutes"},"schema":{"@context":"https:\/\/schema.org","@graph":[{"@type":"WebPage","@id":"https:\/\/www.bagnoitalia.com\/fr\/produit\/cabine-de-douche-en-verre-semi-circulaire-transparent-ou-matt-80x80-90x90-box005.html","url":"https:\/\/www.bagnoitalia.com\/fr\/produit\/cabine-de-douche-en-verre-semi-circulaire-transparent-ou-matt-80x80-90x90-box005.html","name":"Cabine de douche en verre semi-circulaire transparent ou opaque ouverture coulissante 80x80 ou 90x90 BOX005","isPartOf":{"@id":"https:\/\/www.bagnoitalia.com\/fr#website"},"primaryImageOfPage":{"@id":"https:\/\/www.bagnoitalia.com\/fr\/produit\/cabine-de-douche-en-verre-semi-circulaire-transparent-ou-matt-80x80-90x90-box005.html#primaryimage"},"image":{"@id":"https:\/\/www.bagnoitalia.com\/fr\/produit\/cabine-de-douche-en-verre-semi-circulaire-transparent-ou-matt-80x80-90x90-box005.html#primaryimage"},"thumbnailUrl":"https:\/\/img.bagnoitalia.com\/wp-content\/uploads\/virtuemart\/product\/semicircular-shower-enclosure-box005-1_1543764783_376.jpg","datePublished":"2012-08-01T00:16:55+00:00","dateModified":"2024-06-05T14:09:09+00:00","description":"Cabine de douche semi-circulaire en verre transparent ou opaque, finitions chrom\u00e9es et portes coulissantes, disponible en diff\u00e9rentes tailles. Fermeture magn\u00e9tique. En savoir plus!","breadcrumb":{"@id":"https:\/\/www.bagnoitalia.com\/fr\/produit\/cabine-de-douche-en-verre-semi-circulaire-transparent-ou-matt-80x80-90x90-box005.html#breadcrumb"},"inLanguage":"fr-FR","potentialAction":[{"@type":"ReadAction","target":["https:\/\/www.bagnoitalia.com\/fr\/produit\/cabine-de-douche-en-verre-semi-circulaire-transparent-ou-matt-80x80-90x90-box005.html"]}]},{"@type":"ImageObject","inLanguage":"fr-FR","@id":"https:\/\/www.bagnoitalia.com\/fr\/produit\/cabine-de-douche-en-verre-semi-circulaire-transparent-ou-matt-80x80-90x90-box005.html#primaryimage","url":"https:\/\/img.bagnoitalia.com\/wp-content\/uploads\/virtuemart\/product\/semicircular-shower-enclosure-box005-1_1543764783_376.jpg","contentUrl":"https:\/\/img.bagnoitalia.com\/wp-content\/uploads\/virtuemart\/product\/semicircular-shower-enclosure-box005-1_1543764783_376.jpg","width":632,"height":632},{"@type":"BreadcrumbList","@id":"https:\/\/www.bagnoitalia.com\/fr\/produit\/cabine-de-douche-en-verre-semi-circulaire-transparent-ou-matt-80x80-90x90-box005.html#breadcrumb","itemListElement":[{"@type":"ListItem","position":1,"name":"Home","item":"https:\/\/www.bagnoitalia.com\/fr"},{"@type":"ListItem","position":2,"name":"Produits","item":"https:\/\/www.bagnoitalia.com\/fr\/shop"},{"@type":"ListItem","position":3,"name":"Cabine de douche en verre semi-circulaire transparent ou opaque ouverture coulissante 80&#215;80 ou 90&#215;90 BOX005"}]},{"@type":"WebSite","@id":"https:\/\/www.bagnoitalia.com\/fr#website","url":"https:\/\/www.bagnoitalia.com\/fr","name":"Bagno Italia","description":"","publisher":{"@id":"https:\/\/www.bagnoitalia.com\/fr#organization"},"potentialAction":[{"@type":"SearchAction","target":{"@type":"EntryPoint","urlTemplate":"https:\/\/www.bagnoitalia.com\/fr?s={search_term_string}"},"query-input":{"@type":"PropertyValueSpecification","valueRequired":true,"valueName":"search_term_string"}}],"inLanguage":"fr-FR"},{"@type":"Organization","@id":"https:\/\/www.bagnoitalia.com\/fr#organization","name":"Bagno Italia","url":"https:\/\/www.bagnoitalia.com\/fr","logo":{"@type":"ImageObject","inLanguage":"fr-FR","@id":"https:\/\/www.bagnoitalia.com\/fr#\/schema\/logo\/image\/","url":"https:\/\/img.bagnoitalia.com\/wp-content\/uploads\/logo-bagnoitalia.webp","contentUrl":"https:\/\/img.bagnoitalia.com\/wp-content\/uploads\/logo-bagnoitalia.webp","width":400,"height":70,"caption":"Bagno Italia"},"image":{"@id":"https:\/\/www.bagnoitalia.com\/fr#\/schema\/logo\/image\/"}}]}},"_links":{"self":[{"href":"https:\/\/www.bagnoitalia.com\/fr\/wp-json\/wp\/v2\/product\/77862","targetHints":{"allow":["GET"]}}],"collection":[{"href":"https:\/\/www.bagnoitalia.com\/fr\/wp-json\/wp\/v2\/product"}],"about":[{"href":"https:\/\/www.bagnoitalia.com\/fr\/wp-json\/wp\/v2\/types\/product"}],"replies":[{"embeddable":true,"href":"https:\/\/www.bagnoitalia.com\/fr\/wp-json\/wp\/v2\/comments?post=77862"}],"version-history":[{"count":1,"href":"https:\/\/www.bagnoitalia.com\/fr\/wp-json\/wp\/v2\/product\/77862\/revisions"}],"predecessor-version":[{"id":89464,"href":"https:\/\/www.bagnoitalia.com\/fr\/wp-json\/wp\/v2\/product\/77862\/revisions\/89464"}],"wp:featuredmedia":[{"embeddable":true,"href":"https:\/\/www.bagnoitalia.com\/fr\/wp-json\/wp\/v2\/media\/15386"}],"wp:attachment":[{"href":"https:\/\/www.bagnoitalia.com\/fr\/wp-json\/wp\/v2\/media?parent=77862"}],"wp:term":[{"taxonomy":"product_brand","embeddable":true,"href":"https:\/\/www.bagnoitalia.com\/fr\/wp-json\/wp\/v2\/product_brand?post=77862"},{"taxonomy":"product_cat","embeddable":true,"href":"https:\/\/www.bagnoitalia.com\/fr\/wp-json\/wp\/v2\/product_cat?post=77862"},{"taxonomy":"product_tag","embeddable":true,"href":"https:\/\/www.bagnoitalia.com\/fr\/wp-json\/wp\/v2\/product_tag?post=77862"}],"curies":[{"name":"wp","href":"https:\/\/api.w.org\/{rel}","templated":true}]}}