{"id":77750,"date":"2012-06-13T06:08:57","date_gmt":"2012-06-13T04:08:57","guid":{"rendered":"https:\/\/www.bagnoitalia.com\/product\/meubles-de-salle-de-bain-lavabo-a-poser-topazio3-100-blanc-offre"},"modified":"2025-02-28T14:59:13","modified_gmt":"2025-02-28T13:59:13","slug":"meubles-de-salle-de-bain-lavabo-a-poser-topazio3-100-blanc-offre","status":"publish","type":"product","link":"https:\/\/www.bagnoitalia.com\/fr\/produit\/meubles-de-salle-de-bain-lavabo-a-poser-topazio3-100-blanc-offre.html","title":{"rendered":"Meuble de salle de bain Topazio3 100 lavabo \u00e0 poser blanc"},"content":{"rendered":"<p style=\"text-align: justify;\"><strong style=\"background-color: inherit; color: inherit;\">Le prix comprend:<\/strong><\/p>\n<p style=\"text-align: justify;\"><strong>(Tout ce que vous voyez dans la photo)<\/strong> <\/p>\n<p>1 Meuble Topazio 100 \u00e0 portes blanches&nbsp;<\/p>\n<p style=\"text-align: justify;\">1 Miroir 50&#215;90<\/p>\n<p style=\"text-align: justify;\">1 Lavabo \u00e0 poser en c\u00e9ramique&nbsp;<\/p>\n<p>1 Mitigeur<\/p>\n<p style=\"text-align: justify;\"><span style=\"color: #ff0000; font-family: Arial; font-size: xx-small;\"><\/span><\/p>\n<p style=\"text-align: justify;\">\n<p style=\"text-align: justify;\"><strong><span style=\"color: #ff0000;\">ATTENTION:<\/span> Contactez-nous avant d&rsquo;acheter en ce qui concerne la couleur d\u00e9sir\u00e9e!<\/strong><\/p>\n<p style=\"text-align: justify;\"> <strong>Mat\u00e9riaux utilis\u00e9s<\/strong> : <\/p>\n<p> Base: structure en MDF (densit\u00e9 moyenne) weng\u00e9 gris fonc\u00e9 <\/p>\n<p> Portes: en MDF (mediodensit) laqu\u00e9 <\/p>\n<p> Poign\u00e9es: chrom\u00e9es brillantes&nbsp;<\/p>\n<p> Lavabo: c\u00e9ramique<\/p>\n<p style=\"text-align: justify;\">\n<p style=\"text-align: justify;\"><span style=\"color: #ff0000;\"><strong>Attention:<\/strong><\/span> le prix&nbsp; comprend le meuble comme indiqu\u00e9 sur la photo (mitigeur inclus) et il n&rsquo;est pas possible de vendre les \u00e9l\u00e9ments s\u00e9par\u00e9ment!<\/p>\n<p style=\"text-align: justify;\">\n","protected":false},"excerpt":{"rendered":"<p>Meuble de salle de bain Topazio3 100 cm avec lavabo \u00e0 poser blanc, LE PRIX COMPREND UN MITIGEUR!<\/p>\n","protected":false},"featured_media":14502,"comment_status":"open","ping_status":"closed","template":"","meta":[],"product_brand":[5021],"product_cat":[10115],"product_tag":[],"class_list":{"0":"post-77750","1":"product","2":"type-product","3":"status-publish","4":"has-post-thumbnail","6":"product_brand-predator-arredo-casa","7":"product_cat-senza-categoria-fr","9":"first","10":"outofstock","11":"taxable","12":"shipping-taxable","13":"purchasable","14":"product-type-simple"},"exclude_global_add_ons":false,"addons":[{"name":"CAMPI_MOBILE_COMPLETO\r\n","type":"multiple_choice","position":0,"required":true,"title_format":"heading","default":"","description_enable":false,"description":"","placeholder_enable":false,"placeholder":"","display":"select","restrictions_type":"any_text","adjust_price":false,"price":"","price_type":"","restrictions":false,"min":"0","max":"0","options":[{"label":"with white half-moon shaped doors","price":0,"price_type":"quantity_based","image":0,"visibility":true}]}],"yoast_head":"<!-- This site is optimized with the Yoast SEO plugin v26.7 - https:\/\/yoast.com\/wordpress\/plugins\/seo\/ -->\n<title>Meuble de salle de bain Topazio3 100 lavabo \u00e0 poser blanc<\/title>\n<meta name=\"description\" content=\"Topazio3 meuble salle de bain 100 cm colr blanc avec comptoir lavabo en OFFRE\" \/>\n<meta name=\"robots\" content=\"index, follow, max-snippet:-1, max-image-preview:large, max-video-preview:-1\" \/>\n<link rel=\"canonical\" href=\"https:\/\/www.bagnoitalia.com\/fr\/produit\/meubles-de-salle-de-bain-lavabo-a-poser-topazio3-100-blanc-offre.html\" \/>\n<meta property=\"og:locale\" content=\"fr_FR\" \/>\n<meta property=\"og:type\" content=\"article\" \/>\n<meta property=\"og:title\" content=\"Meuble de salle de bain Topazio3 100 lavabo \u00e0 poser blanc\" \/>\n<meta property=\"og:description\" content=\"Topazio3 meuble salle de bain 100 cm colr blanc avec comptoir lavabo en OFFRE\" \/>\n<meta property=\"og:url\" content=\"https:\/\/www.bagnoitalia.com\/fr\/produit\/meubles-de-salle-de-bain-lavabo-a-poser-topazio3-100-blanc-offre.html\" \/>\n<meta property=\"og:site_name\" content=\"Bagno Italia\" \/>\n<meta property=\"article:modified_time\" content=\"2025-02-28T13:59:13+00:00\" \/>\n<meta property=\"og:image\" content=\"https:\/\/img.bagnoitalia.com\/wp-content\/uploads\/virtuemart\/product\/bathroom-furniture-topazio3.jpg\" \/>\n\t<meta property=\"og:image:width\" content=\"550\" \/>\n\t<meta property=\"og:image:height\" content=\"550\" \/>\n\t<meta property=\"og:image:type\" content=\"image\/jpeg\" \/>\n<meta name=\"twitter:card\" content=\"summary_large_image\" \/>\n<script type=\"application\/ld+json\" class=\"yoast-schema-graph\">{\"@context\":\"https:\/\/schema.org\",\"@graph\":[{\"@type\":\"WebPage\",\"@id\":\"https:\/\/www.bagnoitalia.com\/fr\/produit\/meubles-de-salle-de-bain-lavabo-a-poser-topazio3-100-blanc-offre.html\",\"url\":\"https:\/\/www.bagnoitalia.com\/fr\/produit\/meubles-de-salle-de-bain-lavabo-a-poser-topazio3-100-blanc-offre.html\",\"name\":\"Meuble de salle de bain Topazio3 100 lavabo \u00e0 poser blanc\",\"isPartOf\":{\"@id\":\"https:\/\/www.bagnoitalia.com\/fr#website\"},\"primaryImageOfPage\":{\"@id\":\"https:\/\/www.bagnoitalia.com\/fr\/produit\/meubles-de-salle-de-bain-lavabo-a-poser-topazio3-100-blanc-offre.html#primaryimage\"},\"image\":{\"@id\":\"https:\/\/www.bagnoitalia.com\/fr\/produit\/meubles-de-salle-de-bain-lavabo-a-poser-topazio3-100-blanc-offre.html#primaryimage\"},\"thumbnailUrl\":\"https:\/\/img.bagnoitalia.com\/wp-content\/uploads\/virtuemart\/product\/bathroom-furniture-topazio3.jpg\",\"datePublished\":\"2012-06-13T04:08:57+00:00\",\"dateModified\":\"2025-02-28T13:59:13+00:00\",\"description\":\"Topazio3 meuble salle de bain 100 cm colr blanc avec comptoir lavabo en OFFRE\",\"breadcrumb\":{\"@id\":\"https:\/\/www.bagnoitalia.com\/fr\/produit\/meubles-de-salle-de-bain-lavabo-a-poser-topazio3-100-blanc-offre.html#breadcrumb\"},\"inLanguage\":\"fr-FR\",\"potentialAction\":[{\"@type\":\"ReadAction\",\"target\":[\"https:\/\/www.bagnoitalia.com\/fr\/produit\/meubles-de-salle-de-bain-lavabo-a-poser-topazio3-100-blanc-offre.html\"]}]},{\"@type\":\"ImageObject\",\"inLanguage\":\"fr-FR\",\"@id\":\"https:\/\/www.bagnoitalia.com\/fr\/produit\/meubles-de-salle-de-bain-lavabo-a-poser-topazio3-100-blanc-offre.html#primaryimage\",\"url\":\"https:\/\/img.bagnoitalia.com\/wp-content\/uploads\/virtuemart\/product\/bathroom-furniture-topazio3.jpg\",\"contentUrl\":\"https:\/\/img.bagnoitalia.com\/wp-content\/uploads\/virtuemart\/product\/bathroom-furniture-topazio3.jpg\",\"width\":550,\"height\":550},{\"@type\":\"BreadcrumbList\",\"@id\":\"https:\/\/www.bagnoitalia.com\/fr\/produit\/meubles-de-salle-de-bain-lavabo-a-poser-topazio3-100-blanc-offre.html#breadcrumb\",\"itemListElement\":[{\"@type\":\"ListItem\",\"position\":1,\"name\":\"Home\",\"item\":\"https:\/\/www.bagnoitalia.com\/fr\"},{\"@type\":\"ListItem\",\"position\":2,\"name\":\"Produits\",\"item\":\"https:\/\/www.bagnoitalia.com\/fr\/shop\"},{\"@type\":\"ListItem\",\"position\":3,\"name\":\"Meuble de salle de bain Topazio3 100 lavabo \u00e0 poser blanc\"}]},{\"@type\":\"WebSite\",\"@id\":\"https:\/\/www.bagnoitalia.com\/fr#website\",\"url\":\"https:\/\/www.bagnoitalia.com\/fr\",\"name\":\"Bagno Italia\",\"description\":\"\",\"publisher\":{\"@id\":\"https:\/\/www.bagnoitalia.com\/fr#organization\"},\"potentialAction\":[{\"@type\":\"SearchAction\",\"target\":{\"@type\":\"EntryPoint\",\"urlTemplate\":\"https:\/\/www.bagnoitalia.com\/fr?s={search_term_string}\"},\"query-input\":{\"@type\":\"PropertyValueSpecification\",\"valueRequired\":true,\"valueName\":\"search_term_string\"}}],\"inLanguage\":\"fr-FR\"},{\"@type\":\"Organization\",\"@id\":\"https:\/\/www.bagnoitalia.com\/fr#organization\",\"name\":\"Bagno Italia\",\"url\":\"https:\/\/www.bagnoitalia.com\/fr\",\"logo\":{\"@type\":\"ImageObject\",\"inLanguage\":\"fr-FR\",\"@id\":\"https:\/\/www.bagnoitalia.com\/fr#\/schema\/logo\/image\/\",\"url\":\"https:\/\/img.bagnoitalia.com\/wp-content\/uploads\/logo-bagnoitalia.webp\",\"contentUrl\":\"https:\/\/img.bagnoitalia.com\/wp-content\/uploads\/logo-bagnoitalia.webp\",\"width\":400,\"height\":70,\"caption\":\"Bagno Italia\"},\"image\":{\"@id\":\"https:\/\/www.bagnoitalia.com\/fr#\/schema\/logo\/image\/\"}}]}<\/script>\n<!-- \/ Yoast SEO plugin. -->","yoast_head_json":{"title":"Meuble de salle de bain Topazio3 100 lavabo \u00e0 poser blanc","description":"Topazio3 meuble salle de bain 100 cm colr blanc avec comptoir lavabo en OFFRE","robots":{"index":"index","follow":"follow","max-snippet":"max-snippet:-1","max-image-preview":"max-image-preview:large","max-video-preview":"max-video-preview:-1"},"canonical":"https:\/\/www.bagnoitalia.com\/fr\/produit\/meubles-de-salle-de-bain-lavabo-a-poser-topazio3-100-blanc-offre.html","og_locale":"fr_FR","og_type":"article","og_title":"Meuble de salle de bain Topazio3 100 lavabo \u00e0 poser blanc","og_description":"Topazio3 meuble salle de bain 100 cm colr blanc avec comptoir lavabo en OFFRE","og_url":"https:\/\/www.bagnoitalia.com\/fr\/produit\/meubles-de-salle-de-bain-lavabo-a-poser-topazio3-100-blanc-offre.html","og_site_name":"Bagno Italia","article_modified_time":"2025-02-28T13:59:13+00:00","og_image":[{"width":550,"height":550,"url":"https:\/\/img.bagnoitalia.com\/wp-content\/uploads\/virtuemart\/product\/bathroom-furniture-topazio3.jpg","type":"image\/jpeg"}],"twitter_card":"summary_large_image","schema":{"@context":"https:\/\/schema.org","@graph":[{"@type":"WebPage","@id":"https:\/\/www.bagnoitalia.com\/fr\/produit\/meubles-de-salle-de-bain-lavabo-a-poser-topazio3-100-blanc-offre.html","url":"https:\/\/www.bagnoitalia.com\/fr\/produit\/meubles-de-salle-de-bain-lavabo-a-poser-topazio3-100-blanc-offre.html","name":"Meuble de salle de bain Topazio3 100 lavabo \u00e0 poser blanc","isPartOf":{"@id":"https:\/\/www.bagnoitalia.com\/fr#website"},"primaryImageOfPage":{"@id":"https:\/\/www.bagnoitalia.com\/fr\/produit\/meubles-de-salle-de-bain-lavabo-a-poser-topazio3-100-blanc-offre.html#primaryimage"},"image":{"@id":"https:\/\/www.bagnoitalia.com\/fr\/produit\/meubles-de-salle-de-bain-lavabo-a-poser-topazio3-100-blanc-offre.html#primaryimage"},"thumbnailUrl":"https:\/\/img.bagnoitalia.com\/wp-content\/uploads\/virtuemart\/product\/bathroom-furniture-topazio3.jpg","datePublished":"2012-06-13T04:08:57+00:00","dateModified":"2025-02-28T13:59:13+00:00","description":"Topazio3 meuble salle de bain 100 cm colr blanc avec comptoir lavabo en OFFRE","breadcrumb":{"@id":"https:\/\/www.bagnoitalia.com\/fr\/produit\/meubles-de-salle-de-bain-lavabo-a-poser-topazio3-100-blanc-offre.html#breadcrumb"},"inLanguage":"fr-FR","potentialAction":[{"@type":"ReadAction","target":["https:\/\/www.bagnoitalia.com\/fr\/produit\/meubles-de-salle-de-bain-lavabo-a-poser-topazio3-100-blanc-offre.html"]}]},{"@type":"ImageObject","inLanguage":"fr-FR","@id":"https:\/\/www.bagnoitalia.com\/fr\/produit\/meubles-de-salle-de-bain-lavabo-a-poser-topazio3-100-blanc-offre.html#primaryimage","url":"https:\/\/img.bagnoitalia.com\/wp-content\/uploads\/virtuemart\/product\/bathroom-furniture-topazio3.jpg","contentUrl":"https:\/\/img.bagnoitalia.com\/wp-content\/uploads\/virtuemart\/product\/bathroom-furniture-topazio3.jpg","width":550,"height":550},{"@type":"BreadcrumbList","@id":"https:\/\/www.bagnoitalia.com\/fr\/produit\/meubles-de-salle-de-bain-lavabo-a-poser-topazio3-100-blanc-offre.html#breadcrumb","itemListElement":[{"@type":"ListItem","position":1,"name":"Home","item":"https:\/\/www.bagnoitalia.com\/fr"},{"@type":"ListItem","position":2,"name":"Produits","item":"https:\/\/www.bagnoitalia.com\/fr\/shop"},{"@type":"ListItem","position":3,"name":"Meuble de salle de bain Topazio3 100 lavabo \u00e0 poser blanc"}]},{"@type":"WebSite","@id":"https:\/\/www.bagnoitalia.com\/fr#website","url":"https:\/\/www.bagnoitalia.com\/fr","name":"Bagno Italia","description":"","publisher":{"@id":"https:\/\/www.bagnoitalia.com\/fr#organization"},"potentialAction":[{"@type":"SearchAction","target":{"@type":"EntryPoint","urlTemplate":"https:\/\/www.bagnoitalia.com\/fr?s={search_term_string}"},"query-input":{"@type":"PropertyValueSpecification","valueRequired":true,"valueName":"search_term_string"}}],"inLanguage":"fr-FR"},{"@type":"Organization","@id":"https:\/\/www.bagnoitalia.com\/fr#organization","name":"Bagno Italia","url":"https:\/\/www.bagnoitalia.com\/fr","logo":{"@type":"ImageObject","inLanguage":"fr-FR","@id":"https:\/\/www.bagnoitalia.com\/fr#\/schema\/logo\/image\/","url":"https:\/\/img.bagnoitalia.com\/wp-content\/uploads\/logo-bagnoitalia.webp","contentUrl":"https:\/\/img.bagnoitalia.com\/wp-content\/uploads\/logo-bagnoitalia.webp","width":400,"height":70,"caption":"Bagno Italia"},"image":{"@id":"https:\/\/www.bagnoitalia.com\/fr#\/schema\/logo\/image\/"}}]}},"_links":{"self":[{"href":"https:\/\/www.bagnoitalia.com\/fr\/wp-json\/wp\/v2\/product\/77750","targetHints":{"allow":["GET"]}}],"collection":[{"href":"https:\/\/www.bagnoitalia.com\/fr\/wp-json\/wp\/v2\/product"}],"about":[{"href":"https:\/\/www.bagnoitalia.com\/fr\/wp-json\/wp\/v2\/types\/product"}],"replies":[{"embeddable":true,"href":"https:\/\/www.bagnoitalia.com\/fr\/wp-json\/wp\/v2\/comments?post=77750"}],"version-history":[{"count":0,"href":"https:\/\/www.bagnoitalia.com\/fr\/wp-json\/wp\/v2\/product\/77750\/revisions"}],"wp:featuredmedia":[{"embeddable":true,"href":"https:\/\/www.bagnoitalia.com\/fr\/wp-json\/wp\/v2\/media\/14502"}],"wp:attachment":[{"href":"https:\/\/www.bagnoitalia.com\/fr\/wp-json\/wp\/v2\/media?parent=77750"}],"wp:term":[{"taxonomy":"product_brand","embeddable":true,"href":"https:\/\/www.bagnoitalia.com\/fr\/wp-json\/wp\/v2\/product_brand?post=77750"},{"taxonomy":"product_cat","embeddable":true,"href":"https:\/\/www.bagnoitalia.com\/fr\/wp-json\/wp\/v2\/product_cat?post=77750"},{"taxonomy":"product_tag","embeddable":true,"href":"https:\/\/www.bagnoitalia.com\/fr\/wp-json\/wp\/v2\/product_tag?post=77750"}],"curies":[{"name":"wp","href":"https:\/\/api.w.org\/{rel}","templated":true}]}}