{"id":77742,"date":"2012-06-13T04:00:33","date_gmt":"2012-06-13T02:00:33","guid":{"rendered":"https:\/\/www.bagnoitalia.com\/product\/meubles-de-salle-de-bain-topazio2-150-blanc-lavabo-a-poser-offre"},"modified":"2024-05-11T00:15:53","modified_gmt":"2024-05-10T22:15:53","slug":"meubles-de-salle-de-bain-topazio2-150-blanc-lavabo-a-poser-offre","status":"publish","type":"product","link":"https:\/\/www.bagnoitalia.com\/fr\/produit\/meubles-de-salle-de-bain-topazio2-150-blanc-lavabo-a-poser-offre.html","title":{"rendered":"Meuble de salle de bain Topazio2 150 cm blanc lavabos \u00e0 poser  OFFRE SP\u00c9CIALE"},"content":{"rendered":"<p style=\"text-align: justify;\"><strong style=\"background-color: inherit; color: inherit;\">Le prix comprend tout ce que vous voyez sur les photos!<\/strong><span style=\"background-color: inherit; color: inherit;\"><\/span><\/p>\n<p style=\"text-align: justify;\">1 meuble sous lavabo Topazio2 150 cm<\/p>\n<p style=\"text-align: justify;\">1 dessus de meuble en verre noir 150 cm<\/p>\n<p style=\"text-align: justify;\">2 lavabos en c\u00e9ramique <span style=\"font-family: Arial,Helvetica,sans-serif; font-size: x-small;\"><span style=\"font-family: Arial; color: #ff0000;\"><strong><span style=\"color: #0000ff;\"><span style=\"font-size: 10pt;\">(diam\u00e8tre 40cm et profondeur 20cm chacun)<\/span> <br \/><\/span><\/strong><\/span><\/span><\/p>\n<p style=\"text-align: justify;\">1 miroir 54&#215;140 cm<\/p>\n<p style=\"text-align: justify;\">2 Mitigeurs<\/p>\n<p style=\"text-align: justify;\">&nbsp;<\/p>\n<p style=\"text-align: justify;\"><span style=\"text-decoration: underline;\"><strong><span style=\"color: #ff0000; text-decoration: underline;\"><\/span><\/strong><\/span><\/p>\n<p style=\"text-align: justify;\"> <strong>Mat\u00e9riaux utilis\u00e9s<\/strong> <\/p>\n<p> Meuble: mdf (mediosensit) <\/p>\n<p> Portes: MDF (mediodensit) laqu\u00e9 <\/p>\n<p> Lavabo: c\u00e9ramique<\/p>\n<p style=\"text-align: justify;\">&nbsp;<\/p>\n<p style=\"text-align: justify;\">Couleur du meuble: blanc et noir brillant<\/p>\n<p style=\"text-align: justify;\">&nbsp;<\/p>\n<p style=\"text-align: justify;\">Attention: le prix comprend le meuble comme indiqu\u00e9 sur la photo (mitigeurs inclus); offre unique, les \u00e9l\u00e9ments ne peuvent pas&nbsp;\u00eatre vendus s\u00e9par\u00e9ment!<\/p>\n<p>&nbsp;<\/p>\n<p>&nbsp;<\/p>\n","protected":false},"excerpt":{"rendered":"<p>Meuble de salle de bain Topazio2 150 cm avec 2 lavabos \u00e0 poser . LE PRIX INDIQUE\u2019 COMPREND LES MITIGEURS<\/p>\n","protected":false},"featured_media":14458,"comment_status":"open","ping_status":"closed","template":"","meta":[],"product_brand":[5021],"product_cat":[9703],"product_tag":[],"class_list":{"0":"post-77742","1":"product","2":"type-product","3":"status-publish","4":"has-post-thumbnail","6":"product_brand-predator-arredo-casa","7":"product_cat-meuble-de-salle-de-bain-avec-double-vasque","9":"first","10":"instock","11":"sale","12":"taxable","13":"shipping-taxable","14":"purchasable","15":"product-type-simple"},"exclude_global_add_ons":[],"addons":[],"yoast_head":"<!-- This site is optimized with the Yoast SEO plugin v26.7 - https:\/\/yoast.com\/wordpress\/plugins\/seo\/ -->\n<title>Meuble de salle de bain Topazio2 150 cm blanc lavabos \u00e0 poser OFFRE SP\u00c9CIALE<\/title>\n<meta name=\"description\" content=\"Meubles de salle de bain modernes, meubles Topazio2 avec double vasque en c\u00e9ramique. Disponible en 25 couleurs. Complet avec miroir 54x140cm, Crystal Top et 2 m\u00e9langeurs.\" \/>\n<meta name=\"robots\" content=\"index, follow, max-snippet:-1, max-image-preview:large, max-video-preview:-1\" \/>\n<link rel=\"canonical\" href=\"https:\/\/www.bagnoitalia.com\/fr\/produit\/meubles-de-salle-de-bain-topazio2-150-blanc-lavabo-a-poser-offre.html\" \/>\n<meta property=\"og:locale\" content=\"fr_FR\" \/>\n<meta property=\"og:type\" content=\"article\" \/>\n<meta property=\"og:title\" content=\"Meuble de salle de bain Topazio2 150 cm blanc lavabos \u00e0 poser OFFRE SP\u00c9CIALE\" \/>\n<meta property=\"og:description\" content=\"Meubles de salle de bain modernes, meubles Topazio2 avec double vasque en c\u00e9ramique. Disponible en 25 couleurs. Complet avec miroir 54x140cm, Crystal Top et 2 m\u00e9langeurs.\" \/>\n<meta property=\"og:url\" content=\"https:\/\/www.bagnoitalia.com\/fr\/produit\/meubles-de-salle-de-bain-topazio2-150-blanc-lavabo-a-poser-offre.html\" \/>\n<meta property=\"og:site_name\" content=\"Bagno Italia\" \/>\n<meta property=\"article:modified_time\" content=\"2024-05-10T22:15:53+00:00\" \/>\n<meta property=\"og:image\" content=\"https:\/\/img.bagnoitalia.com\/wp-content\/uploads\/virtuemart\/product\/mobile-bagno-doppio-lavabo.jpg\" \/>\n\t<meta property=\"og:image:width\" content=\"550\" \/>\n\t<meta property=\"og:image:height\" content=\"550\" \/>\n\t<meta property=\"og:image:type\" content=\"image\/jpeg\" \/>\n<meta name=\"twitter:card\" content=\"summary_large_image\" \/>\n<script type=\"application\/ld+json\" class=\"yoast-schema-graph\">{\"@context\":\"https:\/\/schema.org\",\"@graph\":[{\"@type\":\"WebPage\",\"@id\":\"https:\/\/www.bagnoitalia.com\/fr\/produit\/meubles-de-salle-de-bain-topazio2-150-blanc-lavabo-a-poser-offre.html\",\"url\":\"https:\/\/www.bagnoitalia.com\/fr\/produit\/meubles-de-salle-de-bain-topazio2-150-blanc-lavabo-a-poser-offre.html\",\"name\":\"Meuble de salle de bain Topazio2 150 cm blanc lavabos \u00e0 poser OFFRE SP\u00c9CIALE\",\"isPartOf\":{\"@id\":\"https:\/\/www.bagnoitalia.com\/fr#website\"},\"primaryImageOfPage\":{\"@id\":\"https:\/\/www.bagnoitalia.com\/fr\/produit\/meubles-de-salle-de-bain-topazio2-150-blanc-lavabo-a-poser-offre.html#primaryimage\"},\"image\":{\"@id\":\"https:\/\/www.bagnoitalia.com\/fr\/produit\/meubles-de-salle-de-bain-topazio2-150-blanc-lavabo-a-poser-offre.html#primaryimage\"},\"thumbnailUrl\":\"https:\/\/img.bagnoitalia.com\/wp-content\/uploads\/virtuemart\/product\/mobile-bagno-doppio-lavabo.jpg\",\"datePublished\":\"2012-06-13T02:00:33+00:00\",\"dateModified\":\"2024-05-10T22:15:53+00:00\",\"description\":\"Meubles de salle de bain modernes, meubles Topazio2 avec double vasque en c\u00e9ramique. Disponible en 25 couleurs. Complet avec miroir 54x140cm, Crystal Top et 2 m\u00e9langeurs.\",\"breadcrumb\":{\"@id\":\"https:\/\/www.bagnoitalia.com\/fr\/produit\/meubles-de-salle-de-bain-topazio2-150-blanc-lavabo-a-poser-offre.html#breadcrumb\"},\"inLanguage\":\"fr-FR\",\"potentialAction\":[{\"@type\":\"ReadAction\",\"target\":[\"https:\/\/www.bagnoitalia.com\/fr\/produit\/meubles-de-salle-de-bain-topazio2-150-blanc-lavabo-a-poser-offre.html\"]}]},{\"@type\":\"ImageObject\",\"inLanguage\":\"fr-FR\",\"@id\":\"https:\/\/www.bagnoitalia.com\/fr\/produit\/meubles-de-salle-de-bain-topazio2-150-blanc-lavabo-a-poser-offre.html#primaryimage\",\"url\":\"https:\/\/img.bagnoitalia.com\/wp-content\/uploads\/virtuemart\/product\/mobile-bagno-doppio-lavabo.jpg\",\"contentUrl\":\"https:\/\/img.bagnoitalia.com\/wp-content\/uploads\/virtuemart\/product\/mobile-bagno-doppio-lavabo.jpg\",\"width\":550,\"height\":550},{\"@type\":\"BreadcrumbList\",\"@id\":\"https:\/\/www.bagnoitalia.com\/fr\/produit\/meubles-de-salle-de-bain-topazio2-150-blanc-lavabo-a-poser-offre.html#breadcrumb\",\"itemListElement\":[{\"@type\":\"ListItem\",\"position\":1,\"name\":\"Home\",\"item\":\"https:\/\/www.bagnoitalia.com\/fr\"},{\"@type\":\"ListItem\",\"position\":2,\"name\":\"Produits\",\"item\":\"https:\/\/www.bagnoitalia.com\/fr\/shop\"},{\"@type\":\"ListItem\",\"position\":3,\"name\":\"Meuble de salle de bain Topazio2 150 cm blanc lavabos \u00e0 poser OFFRE SP\u00c9CIALE\"}]},{\"@type\":\"WebSite\",\"@id\":\"https:\/\/www.bagnoitalia.com\/fr#website\",\"url\":\"https:\/\/www.bagnoitalia.com\/fr\",\"name\":\"Bagno Italia\",\"description\":\"\",\"publisher\":{\"@id\":\"https:\/\/www.bagnoitalia.com\/fr#organization\"},\"potentialAction\":[{\"@type\":\"SearchAction\",\"target\":{\"@type\":\"EntryPoint\",\"urlTemplate\":\"https:\/\/www.bagnoitalia.com\/fr?s={search_term_string}\"},\"query-input\":{\"@type\":\"PropertyValueSpecification\",\"valueRequired\":true,\"valueName\":\"search_term_string\"}}],\"inLanguage\":\"fr-FR\"},{\"@type\":\"Organization\",\"@id\":\"https:\/\/www.bagnoitalia.com\/fr#organization\",\"name\":\"Bagno Italia\",\"url\":\"https:\/\/www.bagnoitalia.com\/fr\",\"logo\":{\"@type\":\"ImageObject\",\"inLanguage\":\"fr-FR\",\"@id\":\"https:\/\/www.bagnoitalia.com\/fr#\/schema\/logo\/image\/\",\"url\":\"https:\/\/img.bagnoitalia.com\/wp-content\/uploads\/logo-bagnoitalia.webp\",\"contentUrl\":\"https:\/\/img.bagnoitalia.com\/wp-content\/uploads\/logo-bagnoitalia.webp\",\"width\":400,\"height\":70,\"caption\":\"Bagno Italia\"},\"image\":{\"@id\":\"https:\/\/www.bagnoitalia.com\/fr#\/schema\/logo\/image\/\"}}]}<\/script>\n<!-- \/ Yoast SEO plugin. -->","yoast_head_json":{"title":"Meuble de salle de bain Topazio2 150 cm blanc lavabos \u00e0 poser OFFRE SP\u00c9CIALE","description":"Meubles de salle de bain modernes, meubles Topazio2 avec double vasque en c\u00e9ramique. Disponible en 25 couleurs. Complet avec miroir 54x140cm, Crystal Top et 2 m\u00e9langeurs.","robots":{"index":"index","follow":"follow","max-snippet":"max-snippet:-1","max-image-preview":"max-image-preview:large","max-video-preview":"max-video-preview:-1"},"canonical":"https:\/\/www.bagnoitalia.com\/fr\/produit\/meubles-de-salle-de-bain-topazio2-150-blanc-lavabo-a-poser-offre.html","og_locale":"fr_FR","og_type":"article","og_title":"Meuble de salle de bain Topazio2 150 cm blanc lavabos \u00e0 poser OFFRE SP\u00c9CIALE","og_description":"Meubles de salle de bain modernes, meubles Topazio2 avec double vasque en c\u00e9ramique. Disponible en 25 couleurs. Complet avec miroir 54x140cm, Crystal Top et 2 m\u00e9langeurs.","og_url":"https:\/\/www.bagnoitalia.com\/fr\/produit\/meubles-de-salle-de-bain-topazio2-150-blanc-lavabo-a-poser-offre.html","og_site_name":"Bagno Italia","article_modified_time":"2024-05-10T22:15:53+00:00","og_image":[{"width":550,"height":550,"url":"https:\/\/img.bagnoitalia.com\/wp-content\/uploads\/virtuemart\/product\/mobile-bagno-doppio-lavabo.jpg","type":"image\/jpeg"}],"twitter_card":"summary_large_image","schema":{"@context":"https:\/\/schema.org","@graph":[{"@type":"WebPage","@id":"https:\/\/www.bagnoitalia.com\/fr\/produit\/meubles-de-salle-de-bain-topazio2-150-blanc-lavabo-a-poser-offre.html","url":"https:\/\/www.bagnoitalia.com\/fr\/produit\/meubles-de-salle-de-bain-topazio2-150-blanc-lavabo-a-poser-offre.html","name":"Meuble de salle de bain Topazio2 150 cm blanc lavabos \u00e0 poser OFFRE SP\u00c9CIALE","isPartOf":{"@id":"https:\/\/www.bagnoitalia.com\/fr#website"},"primaryImageOfPage":{"@id":"https:\/\/www.bagnoitalia.com\/fr\/produit\/meubles-de-salle-de-bain-topazio2-150-blanc-lavabo-a-poser-offre.html#primaryimage"},"image":{"@id":"https:\/\/www.bagnoitalia.com\/fr\/produit\/meubles-de-salle-de-bain-topazio2-150-blanc-lavabo-a-poser-offre.html#primaryimage"},"thumbnailUrl":"https:\/\/img.bagnoitalia.com\/wp-content\/uploads\/virtuemart\/product\/mobile-bagno-doppio-lavabo.jpg","datePublished":"2012-06-13T02:00:33+00:00","dateModified":"2024-05-10T22:15:53+00:00","description":"Meubles de salle de bain modernes, meubles Topazio2 avec double vasque en c\u00e9ramique. Disponible en 25 couleurs. Complet avec miroir 54x140cm, Crystal Top et 2 m\u00e9langeurs.","breadcrumb":{"@id":"https:\/\/www.bagnoitalia.com\/fr\/produit\/meubles-de-salle-de-bain-topazio2-150-blanc-lavabo-a-poser-offre.html#breadcrumb"},"inLanguage":"fr-FR","potentialAction":[{"@type":"ReadAction","target":["https:\/\/www.bagnoitalia.com\/fr\/produit\/meubles-de-salle-de-bain-topazio2-150-blanc-lavabo-a-poser-offre.html"]}]},{"@type":"ImageObject","inLanguage":"fr-FR","@id":"https:\/\/www.bagnoitalia.com\/fr\/produit\/meubles-de-salle-de-bain-topazio2-150-blanc-lavabo-a-poser-offre.html#primaryimage","url":"https:\/\/img.bagnoitalia.com\/wp-content\/uploads\/virtuemart\/product\/mobile-bagno-doppio-lavabo.jpg","contentUrl":"https:\/\/img.bagnoitalia.com\/wp-content\/uploads\/virtuemart\/product\/mobile-bagno-doppio-lavabo.jpg","width":550,"height":550},{"@type":"BreadcrumbList","@id":"https:\/\/www.bagnoitalia.com\/fr\/produit\/meubles-de-salle-de-bain-topazio2-150-blanc-lavabo-a-poser-offre.html#breadcrumb","itemListElement":[{"@type":"ListItem","position":1,"name":"Home","item":"https:\/\/www.bagnoitalia.com\/fr"},{"@type":"ListItem","position":2,"name":"Produits","item":"https:\/\/www.bagnoitalia.com\/fr\/shop"},{"@type":"ListItem","position":3,"name":"Meuble de salle de bain Topazio2 150 cm blanc lavabos \u00e0 poser OFFRE SP\u00c9CIALE"}]},{"@type":"WebSite","@id":"https:\/\/www.bagnoitalia.com\/fr#website","url":"https:\/\/www.bagnoitalia.com\/fr","name":"Bagno Italia","description":"","publisher":{"@id":"https:\/\/www.bagnoitalia.com\/fr#organization"},"potentialAction":[{"@type":"SearchAction","target":{"@type":"EntryPoint","urlTemplate":"https:\/\/www.bagnoitalia.com\/fr?s={search_term_string}"},"query-input":{"@type":"PropertyValueSpecification","valueRequired":true,"valueName":"search_term_string"}}],"inLanguage":"fr-FR"},{"@type":"Organization","@id":"https:\/\/www.bagnoitalia.com\/fr#organization","name":"Bagno Italia","url":"https:\/\/www.bagnoitalia.com\/fr","logo":{"@type":"ImageObject","inLanguage":"fr-FR","@id":"https:\/\/www.bagnoitalia.com\/fr#\/schema\/logo\/image\/","url":"https:\/\/img.bagnoitalia.com\/wp-content\/uploads\/logo-bagnoitalia.webp","contentUrl":"https:\/\/img.bagnoitalia.com\/wp-content\/uploads\/logo-bagnoitalia.webp","width":400,"height":70,"caption":"Bagno Italia"},"image":{"@id":"https:\/\/www.bagnoitalia.com\/fr#\/schema\/logo\/image\/"}}]}},"_links":{"self":[{"href":"https:\/\/www.bagnoitalia.com\/fr\/wp-json\/wp\/v2\/product\/77742","targetHints":{"allow":["GET"]}}],"collection":[{"href":"https:\/\/www.bagnoitalia.com\/fr\/wp-json\/wp\/v2\/product"}],"about":[{"href":"https:\/\/www.bagnoitalia.com\/fr\/wp-json\/wp\/v2\/types\/product"}],"replies":[{"embeddable":true,"href":"https:\/\/www.bagnoitalia.com\/fr\/wp-json\/wp\/v2\/comments?post=77742"}],"version-history":[{"count":0,"href":"https:\/\/www.bagnoitalia.com\/fr\/wp-json\/wp\/v2\/product\/77742\/revisions"}],"wp:featuredmedia":[{"embeddable":true,"href":"https:\/\/www.bagnoitalia.com\/fr\/wp-json\/wp\/v2\/media\/14458"}],"wp:attachment":[{"href":"https:\/\/www.bagnoitalia.com\/fr\/wp-json\/wp\/v2\/media?parent=77742"}],"wp:term":[{"taxonomy":"product_brand","embeddable":true,"href":"https:\/\/www.bagnoitalia.com\/fr\/wp-json\/wp\/v2\/product_brand?post=77742"},{"taxonomy":"product_cat","embeddable":true,"href":"https:\/\/www.bagnoitalia.com\/fr\/wp-json\/wp\/v2\/product_cat?post=77742"},{"taxonomy":"product_tag","embeddable":true,"href":"https:\/\/www.bagnoitalia.com\/fr\/wp-json\/wp\/v2\/product_tag?post=77742"}],"curies":[{"name":"wp","href":"https:\/\/api.w.org\/{rel}","templated":true}]}}