{"id":77666,"date":"2011-03-14T11:04:28","date_gmt":"2011-03-14T10:04:28","guid":{"rendered":"https:\/\/www.bagnoitalia.com\/product\/argus-begas-82x82-miroir-avec-bordure-en-cristal-dans-25-couleurs"},"modified":"2024-06-05T16:25:11","modified_gmt":"2024-06-05T14:25:11","slug":"argus-begas-82x82-miroir-avec-bordure-en-cristal-dans-25-couleurs","status":"publish","type":"product","link":"https:\/\/www.bagnoitalia.com\/fr\/produit\/argus-begas-82x82-miroir-avec-bordure-en-cristal-dans-25-couleurs.html","title":{"rendered":"Miroir de salle de bain Argus \/ Begas 82&#215;82 cm avec cadre en verre, disponible en 25 couleurs"},"content":{"rendered":"<p style=\"text-align: left;\"><span style=\"color: #000000;\"><strong><span style=\"font-size: 12pt;\">Si vous voulez poser des questions sur ce produit, soyez prudent d&rsquo;\u00e9crire votre email correctement, sinon nous serons dans l&rsquo;incapacit\u00e9 de vous r\u00e9pondre!<\/span><\/strong><\/span><\/p>\n<p><strong>\u00a0<\/strong><\/p>\n<p style=\"text-align: left;\"><strong>Le prix comprend:<\/strong><\/p>\n<p style=\"text-align: left;\">1 miroir 82&#215;82 avec cadre en verre dans 25 couleurs<\/p>\n<p style=\"text-align: left;\"><strong>Possibilit\u00e9 de choisir une autre RAL couleur dans le tableau ci-dessus. Cette option vous sera factur\u00e9e 40 euros.<\/strong><\/p>\n<p>&nbsp;<\/p>\n<p style=\"text-align: left;\"><strong><span style=\"color: #ff0000;\"><br \/>\n<strong><span style=\"font-size: 14pt;\"><a href=\"http:\/\/www.themeter.net\/ral.htm\" target=\"_blank\" rel=\"noopener noreferrer\">TABLEAU DES COULEURS RAL<\/a><\/span><\/strong><\/span><\/strong> <span style=\"font-size: 12pt;\">&lt;== cliquez ici pour voir toutes les couleurs RAL<\/span><\/p>\n<p>&nbsp;<\/p>\n","protected":false},"excerpt":{"rendered":"<p>Miroir de salle de bain Argus \/ Begas 82&#215;82 cm avec cadre en verre, disponible en 25 couleurs et dans toutes les autres RAL couleurs<\/p>\n","protected":false},"featured_media":13798,"comment_status":"open","ping_status":"closed","template":"","meta":[],"product_brand":[5010],"product_cat":[9679],"product_tag":[],"class_list":{"0":"post-77666","1":"product","2":"type-product","3":"status-publish","4":"has-post-thumbnail","6":"product_brand-baden-bauen","7":"product_cat-miroirs","9":"first","10":"instock","11":"sale","12":"taxable","13":"shipping-taxable","14":"purchasable","15":"product-type-simple"},"exclude_global_add_ons":false,"addons":[{"name":"Applique","type":"multiple_choice","position":0,"required":true,"title_format":"heading","default":"","description_enable":false,"description":"","placeholder_enable":false,"placeholder":"","display":"select","restrictions_type":"any_text","adjust_price":false,"price":"","price_type":"flat_fee","restrictions":false,"min":"0","max":"0","options":[{"label":"Non","price":"","price_type":"quantity_based","image":0,"visibility":true},{"label":"oui","price":"20","price_type":"quantity_based","image":0,"visibility":true}],"id":1717604711},{"name":"Couleur","type":"multiple_choice","position":1,"required":true,"title_format":"heading","default":"","description_enable":false,"description":"","placeholder_enable":false,"placeholder":"","display":"select","restrictions_type":"any_text","adjust_price":false,"price":"","price_type":"flat_fee","restrictions":false,"min":"0","max":"0","options":[{"label":"blanc","price":"","price_type":"quantity_based","image":0,"visibility":true},{"label":"vert","price":"","price_type":"quantity_based","image":0,"visibility":true},{"label":"Vert d'eau","price":"","price_type":"quantity_based","image":0,"visibility":true},{"label":"vert pastel","price":"","price_type":"quantity_based","image":0,"visibility":true},{"label":"vert acide","price":"","price_type":"quantity_based","image":0,"visibility":true},{"label":"bleu clair","price":"","price_type":"quantity_based","image":0,"visibility":true},{"label":"bleu ciel","price":"","price_type":"quantity_based","image":0,"visibility":true},{"label":"Bleu","price":"","price_type":"quantity_based","image":0,"visibility":true},{"label":"ivoire","price":"","price_type":"quantity_based","image":0,"visibility":true},{"label":"saumon","price":"","price_type":"quantity_based","image":0,"visibility":true},{"label":"rouge","price":"","price_type":"quantity_based","image":0,"visibility":true},{"label":"rouge vin","price":"","price_type":"quantity_based","image":0,"visibility":true},{"label":"jaune","price":"","price_type":"quantity_based","image":0,"visibility":true},{"label":"Orange","price":"","price_type":"quantity_based","image":0,"visibility":true},{"label":"lilic","price":"","price_type":"quantity_based","image":0,"visibility":true},{"label":"Anthracite","price":"","price_type":"quantity_based","image":0,"visibility":true},{"label":"brun","price":"","price_type":"quantity_based","image":0,"visibility":true},{"label":"gris clair","price":"","price_type":"quantity_based","image":0,"visibility":true},{"label":"noir","price":"","price_type":"quantity_based","image":0,"visibility":true},{"label":"Couleurs RAL","price":"40","price_type":"quantity_based","image":0,"visibility":true}],"id":1717604712}],"yoast_head":"<!-- This site is optimized with the Yoast SEO plugin v26.7 - https:\/\/yoast.com\/wordpress\/plugins\/seo\/ -->\n<title>Miroir de salle de bain Argus \/ Begas 82x82 cm avec cadre en verre, disponible en 25 couleurs<\/title>\n<meta name=\"description\" content=\"Miroir Argus \/ Begas 82x82 cm, avec bordure en cristal, disponible en 25 couleurs, installation verticale et horizontale, avec ou sans applique murale en option.\" \/>\n<meta name=\"robots\" content=\"index, follow, max-snippet:-1, max-image-preview:large, max-video-preview:-1\" \/>\n<link rel=\"canonical\" href=\"https:\/\/www.bagnoitalia.com\/fr\/produit\/argus-begas-82x82-miroir-avec-bordure-en-cristal-dans-25-couleurs.html\" \/>\n<meta property=\"og:locale\" content=\"fr_FR\" \/>\n<meta property=\"og:type\" content=\"article\" \/>\n<meta property=\"og:title\" content=\"Miroir de salle de bain Argus \/ Begas 82x82 cm avec cadre en verre, disponible en 25 couleurs\" \/>\n<meta property=\"og:description\" content=\"Miroir Argus \/ Begas 82x82 cm, avec bordure en cristal, disponible en 25 couleurs, installation verticale et horizontale, avec ou sans applique murale en option.\" \/>\n<meta property=\"og:url\" content=\"https:\/\/www.bagnoitalia.com\/fr\/produit\/argus-begas-82x82-miroir-avec-bordure-en-cristal-dans-25-couleurs.html\" \/>\n<meta property=\"og:site_name\" content=\"Bagno Italia\" \/>\n<meta property=\"article:modified_time\" content=\"2024-06-05T14:25:11+00:00\" \/>\n<meta property=\"og:image\" content=\"https:\/\/img.bagnoitalia.com\/wp-content\/uploads\/virtuemart\/product\/82x82-mirror-with-crystal-frame-available-in-25-colours-Argus-Begas-model-1_1542700439_6477.jpg\" \/>\n\t<meta property=\"og:image:width\" content=\"448\" \/>\n\t<meta property=\"og:image:height\" content=\"448\" \/>\n\t<meta property=\"og:image:type\" content=\"image\/jpeg\" \/>\n<meta name=\"twitter:card\" content=\"summary_large_image\" \/>\n<meta name=\"twitter:label1\" content=\"Dur\u00e9e de lecture estim\u00e9e\" \/>\n\t<meta name=\"twitter:data1\" content=\"1 minute\" \/>\n<script type=\"application\/ld+json\" class=\"yoast-schema-graph\">{\"@context\":\"https:\/\/schema.org\",\"@graph\":[{\"@type\":\"WebPage\",\"@id\":\"https:\/\/www.bagnoitalia.com\/fr\/produit\/argus-begas-82x82-miroir-avec-bordure-en-cristal-dans-25-couleurs.html\",\"url\":\"https:\/\/www.bagnoitalia.com\/fr\/produit\/argus-begas-82x82-miroir-avec-bordure-en-cristal-dans-25-couleurs.html\",\"name\":\"Miroir de salle de bain Argus \/ Begas 82x82 cm avec cadre en verre, disponible en 25 couleurs\",\"isPartOf\":{\"@id\":\"https:\/\/www.bagnoitalia.com\/fr#website\"},\"primaryImageOfPage\":{\"@id\":\"https:\/\/www.bagnoitalia.com\/fr\/produit\/argus-begas-82x82-miroir-avec-bordure-en-cristal-dans-25-couleurs.html#primaryimage\"},\"image\":{\"@id\":\"https:\/\/www.bagnoitalia.com\/fr\/produit\/argus-begas-82x82-miroir-avec-bordure-en-cristal-dans-25-couleurs.html#primaryimage\"},\"thumbnailUrl\":\"https:\/\/img.bagnoitalia.com\/wp-content\/uploads\/virtuemart\/product\/82x82-mirror-with-crystal-frame-available-in-25-colours-Argus-Begas-model-1_1542700439_6477.jpg\",\"datePublished\":\"2011-03-14T10:04:28+00:00\",\"dateModified\":\"2024-06-05T14:25:11+00:00\",\"description\":\"Miroir Argus \/ Begas 82x82 cm, avec bordure en cristal, disponible en 25 couleurs, installation verticale et horizontale, avec ou sans applique murale en option.\",\"breadcrumb\":{\"@id\":\"https:\/\/www.bagnoitalia.com\/fr\/produit\/argus-begas-82x82-miroir-avec-bordure-en-cristal-dans-25-couleurs.html#breadcrumb\"},\"inLanguage\":\"fr-FR\",\"potentialAction\":[{\"@type\":\"ReadAction\",\"target\":[\"https:\/\/www.bagnoitalia.com\/fr\/produit\/argus-begas-82x82-miroir-avec-bordure-en-cristal-dans-25-couleurs.html\"]}]},{\"@type\":\"ImageObject\",\"inLanguage\":\"fr-FR\",\"@id\":\"https:\/\/www.bagnoitalia.com\/fr\/produit\/argus-begas-82x82-miroir-avec-bordure-en-cristal-dans-25-couleurs.html#primaryimage\",\"url\":\"https:\/\/img.bagnoitalia.com\/wp-content\/uploads\/virtuemart\/product\/82x82-mirror-with-crystal-frame-available-in-25-colours-Argus-Begas-model-1_1542700439_6477.jpg\",\"contentUrl\":\"https:\/\/img.bagnoitalia.com\/wp-content\/uploads\/virtuemart\/product\/82x82-mirror-with-crystal-frame-available-in-25-colours-Argus-Begas-model-1_1542700439_6477.jpg\",\"width\":448,\"height\":448},{\"@type\":\"BreadcrumbList\",\"@id\":\"https:\/\/www.bagnoitalia.com\/fr\/produit\/argus-begas-82x82-miroir-avec-bordure-en-cristal-dans-25-couleurs.html#breadcrumb\",\"itemListElement\":[{\"@type\":\"ListItem\",\"position\":1,\"name\":\"Home\",\"item\":\"https:\/\/www.bagnoitalia.com\/fr\"},{\"@type\":\"ListItem\",\"position\":2,\"name\":\"Produits\",\"item\":\"https:\/\/www.bagnoitalia.com\/fr\/shop\"},{\"@type\":\"ListItem\",\"position\":3,\"name\":\"Miroir de salle de bain Argus \/ Begas 82&#215;82 cm avec cadre en verre, disponible en 25 couleurs\"}]},{\"@type\":\"WebSite\",\"@id\":\"https:\/\/www.bagnoitalia.com\/fr#website\",\"url\":\"https:\/\/www.bagnoitalia.com\/fr\",\"name\":\"Bagno Italia\",\"description\":\"\",\"publisher\":{\"@id\":\"https:\/\/www.bagnoitalia.com\/fr#organization\"},\"potentialAction\":[{\"@type\":\"SearchAction\",\"target\":{\"@type\":\"EntryPoint\",\"urlTemplate\":\"https:\/\/www.bagnoitalia.com\/fr?s={search_term_string}\"},\"query-input\":{\"@type\":\"PropertyValueSpecification\",\"valueRequired\":true,\"valueName\":\"search_term_string\"}}],\"inLanguage\":\"fr-FR\"},{\"@type\":\"Organization\",\"@id\":\"https:\/\/www.bagnoitalia.com\/fr#organization\",\"name\":\"Bagno Italia\",\"url\":\"https:\/\/www.bagnoitalia.com\/fr\",\"logo\":{\"@type\":\"ImageObject\",\"inLanguage\":\"fr-FR\",\"@id\":\"https:\/\/www.bagnoitalia.com\/fr#\/schema\/logo\/image\/\",\"url\":\"https:\/\/img.bagnoitalia.com\/wp-content\/uploads\/logo-bagnoitalia.webp\",\"contentUrl\":\"https:\/\/img.bagnoitalia.com\/wp-content\/uploads\/logo-bagnoitalia.webp\",\"width\":400,\"height\":70,\"caption\":\"Bagno Italia\"},\"image\":{\"@id\":\"https:\/\/www.bagnoitalia.com\/fr#\/schema\/logo\/image\/\"}}]}<\/script>\n<!-- \/ Yoast SEO plugin. -->","yoast_head_json":{"title":"Miroir de salle de bain Argus \/ Begas 82x82 cm avec cadre en verre, disponible en 25 couleurs","description":"Miroir Argus \/ Begas 82x82 cm, avec bordure en cristal, disponible en 25 couleurs, installation verticale et horizontale, avec ou sans applique murale en option.","robots":{"index":"index","follow":"follow","max-snippet":"max-snippet:-1","max-image-preview":"max-image-preview:large","max-video-preview":"max-video-preview:-1"},"canonical":"https:\/\/www.bagnoitalia.com\/fr\/produit\/argus-begas-82x82-miroir-avec-bordure-en-cristal-dans-25-couleurs.html","og_locale":"fr_FR","og_type":"article","og_title":"Miroir de salle de bain Argus \/ Begas 82x82 cm avec cadre en verre, disponible en 25 couleurs","og_description":"Miroir Argus \/ Begas 82x82 cm, avec bordure en cristal, disponible en 25 couleurs, installation verticale et horizontale, avec ou sans applique murale en option.","og_url":"https:\/\/www.bagnoitalia.com\/fr\/produit\/argus-begas-82x82-miroir-avec-bordure-en-cristal-dans-25-couleurs.html","og_site_name":"Bagno Italia","article_modified_time":"2024-06-05T14:25:11+00:00","og_image":[{"width":448,"height":448,"url":"https:\/\/img.bagnoitalia.com\/wp-content\/uploads\/virtuemart\/product\/82x82-mirror-with-crystal-frame-available-in-25-colours-Argus-Begas-model-1_1542700439_6477.jpg","type":"image\/jpeg"}],"twitter_card":"summary_large_image","twitter_misc":{"Dur\u00e9e de lecture estim\u00e9e":"1 minute"},"schema":{"@context":"https:\/\/schema.org","@graph":[{"@type":"WebPage","@id":"https:\/\/www.bagnoitalia.com\/fr\/produit\/argus-begas-82x82-miroir-avec-bordure-en-cristal-dans-25-couleurs.html","url":"https:\/\/www.bagnoitalia.com\/fr\/produit\/argus-begas-82x82-miroir-avec-bordure-en-cristal-dans-25-couleurs.html","name":"Miroir de salle de bain Argus \/ Begas 82x82 cm avec cadre en verre, disponible en 25 couleurs","isPartOf":{"@id":"https:\/\/www.bagnoitalia.com\/fr#website"},"primaryImageOfPage":{"@id":"https:\/\/www.bagnoitalia.com\/fr\/produit\/argus-begas-82x82-miroir-avec-bordure-en-cristal-dans-25-couleurs.html#primaryimage"},"image":{"@id":"https:\/\/www.bagnoitalia.com\/fr\/produit\/argus-begas-82x82-miroir-avec-bordure-en-cristal-dans-25-couleurs.html#primaryimage"},"thumbnailUrl":"https:\/\/img.bagnoitalia.com\/wp-content\/uploads\/virtuemart\/product\/82x82-mirror-with-crystal-frame-available-in-25-colours-Argus-Begas-model-1_1542700439_6477.jpg","datePublished":"2011-03-14T10:04:28+00:00","dateModified":"2024-06-05T14:25:11+00:00","description":"Miroir Argus \/ Begas 82x82 cm, avec bordure en cristal, disponible en 25 couleurs, installation verticale et horizontale, avec ou sans applique murale en option.","breadcrumb":{"@id":"https:\/\/www.bagnoitalia.com\/fr\/produit\/argus-begas-82x82-miroir-avec-bordure-en-cristal-dans-25-couleurs.html#breadcrumb"},"inLanguage":"fr-FR","potentialAction":[{"@type":"ReadAction","target":["https:\/\/www.bagnoitalia.com\/fr\/produit\/argus-begas-82x82-miroir-avec-bordure-en-cristal-dans-25-couleurs.html"]}]},{"@type":"ImageObject","inLanguage":"fr-FR","@id":"https:\/\/www.bagnoitalia.com\/fr\/produit\/argus-begas-82x82-miroir-avec-bordure-en-cristal-dans-25-couleurs.html#primaryimage","url":"https:\/\/img.bagnoitalia.com\/wp-content\/uploads\/virtuemart\/product\/82x82-mirror-with-crystal-frame-available-in-25-colours-Argus-Begas-model-1_1542700439_6477.jpg","contentUrl":"https:\/\/img.bagnoitalia.com\/wp-content\/uploads\/virtuemart\/product\/82x82-mirror-with-crystal-frame-available-in-25-colours-Argus-Begas-model-1_1542700439_6477.jpg","width":448,"height":448},{"@type":"BreadcrumbList","@id":"https:\/\/www.bagnoitalia.com\/fr\/produit\/argus-begas-82x82-miroir-avec-bordure-en-cristal-dans-25-couleurs.html#breadcrumb","itemListElement":[{"@type":"ListItem","position":1,"name":"Home","item":"https:\/\/www.bagnoitalia.com\/fr"},{"@type":"ListItem","position":2,"name":"Produits","item":"https:\/\/www.bagnoitalia.com\/fr\/shop"},{"@type":"ListItem","position":3,"name":"Miroir de salle de bain Argus \/ Begas 82&#215;82 cm avec cadre en verre, disponible en 25 couleurs"}]},{"@type":"WebSite","@id":"https:\/\/www.bagnoitalia.com\/fr#website","url":"https:\/\/www.bagnoitalia.com\/fr","name":"Bagno Italia","description":"","publisher":{"@id":"https:\/\/www.bagnoitalia.com\/fr#organization"},"potentialAction":[{"@type":"SearchAction","target":{"@type":"EntryPoint","urlTemplate":"https:\/\/www.bagnoitalia.com\/fr?s={search_term_string}"},"query-input":{"@type":"PropertyValueSpecification","valueRequired":true,"valueName":"search_term_string"}}],"inLanguage":"fr-FR"},{"@type":"Organization","@id":"https:\/\/www.bagnoitalia.com\/fr#organization","name":"Bagno Italia","url":"https:\/\/www.bagnoitalia.com\/fr","logo":{"@type":"ImageObject","inLanguage":"fr-FR","@id":"https:\/\/www.bagnoitalia.com\/fr#\/schema\/logo\/image\/","url":"https:\/\/img.bagnoitalia.com\/wp-content\/uploads\/logo-bagnoitalia.webp","contentUrl":"https:\/\/img.bagnoitalia.com\/wp-content\/uploads\/logo-bagnoitalia.webp","width":400,"height":70,"caption":"Bagno Italia"},"image":{"@id":"https:\/\/www.bagnoitalia.com\/fr#\/schema\/logo\/image\/"}}]}},"_links":{"self":[{"href":"https:\/\/www.bagnoitalia.com\/fr\/wp-json\/wp\/v2\/product\/77666","targetHints":{"allow":["GET"]}}],"collection":[{"href":"https:\/\/www.bagnoitalia.com\/fr\/wp-json\/wp\/v2\/product"}],"about":[{"href":"https:\/\/www.bagnoitalia.com\/fr\/wp-json\/wp\/v2\/types\/product"}],"replies":[{"embeddable":true,"href":"https:\/\/www.bagnoitalia.com\/fr\/wp-json\/wp\/v2\/comments?post=77666"}],"version-history":[{"count":1,"href":"https:\/\/www.bagnoitalia.com\/fr\/wp-json\/wp\/v2\/product\/77666\/revisions"}],"predecessor-version":[{"id":89479,"href":"https:\/\/www.bagnoitalia.com\/fr\/wp-json\/wp\/v2\/product\/77666\/revisions\/89479"}],"wp:featuredmedia":[{"embeddable":true,"href":"https:\/\/www.bagnoitalia.com\/fr\/wp-json\/wp\/v2\/media\/13798"}],"wp:attachment":[{"href":"https:\/\/www.bagnoitalia.com\/fr\/wp-json\/wp\/v2\/media?parent=77666"}],"wp:term":[{"taxonomy":"product_brand","embeddable":true,"href":"https:\/\/www.bagnoitalia.com\/fr\/wp-json\/wp\/v2\/product_brand?post=77666"},{"taxonomy":"product_cat","embeddable":true,"href":"https:\/\/www.bagnoitalia.com\/fr\/wp-json\/wp\/v2\/product_cat?post=77666"},{"taxonomy":"product_tag","embeddable":true,"href":"https:\/\/www.bagnoitalia.com\/fr\/wp-json\/wp\/v2\/product_tag?post=77666"}],"curies":[{"name":"wp","href":"https:\/\/api.w.org\/{rel}","templated":true}]}}