{"id":77502,"date":"2014-03-13T11:26:38","date_gmt":"2014-03-13T10:26:38","guid":{"rendered":"https:\/\/www.bagnoitalia.com\/product\/lavabo-en-resine-avec-copilavatrice-pour-exterieur-ou-interieur"},"modified":"2025-06-02T23:51:56","modified_gmt":"2025-06-02T21:51:56","slug":"lavabo-en-resine-avec-copilavatrice-pour-exterieur-ou-interieur","status":"publish","type":"product","link":"https:\/\/www.bagnoitalia.com\/fr\/produit\/lavabo-en-resine-avec-copilavatrice-pour-exterieur-ou-interieur.html","title":{"rendered":"Lavabo en r\u00e9sine avec copilavatrice pour ext\u00e9rieur ou int\u00e9rieur"},"content":{"rendered":"<p>Machine \u00e0 laver mobile Machine \u00e0 laver INDIQU\u00c9 AUSSI POUR EXT\u00c9RIEUR, convient \u00e0 tous les types de machine \u00e0 laver<\/p>\n<\/p>\n<p>Le m\u00e9langeur peut \u00eatre mont\u00e9 au mur ou du c\u00f4t\u00e9 de l&rsquo;\u00e9vier en utilisant la disposition DX ou LH<\/p>\n<blockquote dir=\"ltr\">\n<p dir=\"ltr\" align=\"left\"><span style=\"text-decoration: underline;\">CARACT\u00c9RISTIQUES:<\/span><\/p>\n<\/blockquote>\n<ul dir=\"ltr\">\n<li dir=\"ltr\">\n<p>Structure abs<\/p>\n<\/li>\n<li dir=\"ltr\">\n<p>Porte simple, \u00e9paisseur 8mm<\/p>\n<\/li>\n<li dir=\"ltr\">\n<p>\u00c9vier en polypropyl\u00e8ne, r\u00e9sistant \u00e0 tous les acides<\/p>\n<\/li>\n<li dir=\"ltr\">\n<p>Plan de lavage amovible et amovible<\/p>\n<\/li>\n<li dir=\"ltr\">\n<p>Couleur blanc perle<\/p>\n<\/li>\n<li dir=\"ltr\">\n<p>Structure en aluminium<\/p>\n<\/li>\n<li dir=\"ltr\">\n<p>Les charni\u00e8res, toutes en m\u00e9tal, sont r\u00e9glables en fonction de la position et de la sym\u00e9trie correcte des portes<\/p>\n<\/p>\n<\/li>\n<\/ul>\n<blockquote dir=\"ltr\">\n<p dir=\"ltr\" align=\"left\"><span style=\"text-decoration: underline;\">MESURE DE MEUBLES ET MACHINE DE COUVERTURE:<\/span><\/p>\n<\/blockquote>\n<ul dir=\"ltr\">\n<li>Hauteur: 89 cm<\/li>\n<li>Largeur totale: 107 cm.<\/li>\n<li>Profondeur: 60 cm<\/li>\n<li>Largeur de la plate-forme: 67 cm.<\/li>\n<li>Largeur de lavage: 40 cm<\/li>\n<li>Dimensions internes du 60x55x80H cm<\/li>\n<li>Poids: 29 kg.<\/li>\n<\/ul>\n<blockquote dir=\"ltr\">\n<p dir=\"ltr\" align=\"left\"><span style=\"text-decoration: underline;\">DANS LE PRIX SONT INCLUS:<\/span><\/p>\n<\/blockquote>\n<ul dir=\"ltr\">\n<li dir=\"ltr\">Machine \u00e0 laver Copilavatrice<\/li>\n<li dir=\"ltr\">Siphon avec connexion machine \u00e0 laver<\/li>\n<li dir=\"ltr\">Plan de lavage<\/li>\n<li dir=\"ltr\">Kit de fixation<\/li>\n<\/ul>\n<p>la version avec portes sur le coprilavatice est disponible (dans ce cas, le co\u00fbt est augment\u00e9 de 60 euros comme indiqu\u00e9 dans le menu en bas de la page), et la version sans portes.<\/p>\n<\/p>\n<p><span style=\"text-decoration: underline; font-size: 12pt;\"><strong>La bonne version est disponible:<\/strong><\/span><\/p>\n<p><img fetchpriority=\"high\" decoding=\"async\" class=\" size-full wp-image-12490\" id=\"fancybox-img\" src=\"https:\/\/img.bagnoitalia.com\/wp-content\/uploads\/virtuemart\/product\/lavatoio-coprilavatrice-bianco-3-ante-destra-1.jpg\" alt=\"Lavapanni_Lavato_4cd3406ae20dc.jpg_product_product_product_product_product_product_product\" width=\"610\" height=\"610\" srcset=\"https:\/\/img.bagnoitalia.com\/wp-content\/uploads\/virtuemart\/product\/lavatoio-coprilavatrice-bianco-3-ante-destra-1.jpg 1600w, https:\/\/img.bagnoitalia.com\/wp-content\/uploads\/virtuemart\/product\/lavatoio-coprilavatrice-bianco-3-ante-destra-1-768x768.jpg 768w, https:\/\/img.bagnoitalia.com\/wp-content\/uploads\/virtuemart\/product\/lavatoio-coprilavatrice-bianco-3-ante-destra-1-1536x1536.jpg 1536w, https:\/\/img.bagnoitalia.com\/wp-content\/uploads\/virtuemart\/product\/lavatoio-coprilavatrice-bianco-3-ante-destra-1-990x990.jpg 990w, https:\/\/img.bagnoitalia.com\/wp-content\/uploads\/virtuemart\/product\/lavatoio-coprilavatrice-bianco-3-ante-destra-1-441x441.jpg 441w, https:\/\/img.bagnoitalia.com\/wp-content\/uploads\/virtuemart\/product\/lavatoio-coprilavatrice-bianco-3-ante-destra-1-100x100.jpg 100w, https:\/\/img.bagnoitalia.com\/wp-content\/uploads\/virtuemart\/product\/lavatoio-coprilavatrice-bianco-3-ante-destra-1-600x600.jpg 600w, https:\/\/img.bagnoitalia.com\/wp-content\/uploads\/virtuemart\/product\/lavatoio-coprilavatrice-bianco-3-ante-destra-1-150x150.jpg 150w\" sizes=\"(max-width: 610px) 100vw, 610px\" \/><\/p>\n<p>____________________________________________________________________________________________<\/p>\n<\/p>\n<p><span style=\"text-decoration: underline; font-size: 12pt;\"><strong>Version gauche:<\/strong><\/span><\/p>\n<p><img decoding=\"async\" class=\" size-full wp-image-12494\" id=\"fancybox-img\" src=\"https:\/\/img.bagnoitalia.com\/wp-content\/uploads\/virtuemart\/product\/lavatoio-coprilavatrice-bianco-3-ante-sinistra-2.jpg\" alt=\"Lavapanni_Lavato_4cd3406ae20dc.jpg_product_product_product_product_product_product\" width=\"612\" height=\"612\" srcset=\"https:\/\/img.bagnoitalia.com\/wp-content\/uploads\/virtuemart\/product\/lavatoio-coprilavatrice-bianco-3-ante-sinistra-2.jpg 1600w, https:\/\/img.bagnoitalia.com\/wp-content\/uploads\/virtuemart\/product\/lavatoio-coprilavatrice-bianco-3-ante-sinistra-2-768x768.jpg 768w, https:\/\/img.bagnoitalia.com\/wp-content\/uploads\/virtuemart\/product\/lavatoio-coprilavatrice-bianco-3-ante-sinistra-2-1536x1536.jpg 1536w, https:\/\/img.bagnoitalia.com\/wp-content\/uploads\/virtuemart\/product\/lavatoio-coprilavatrice-bianco-3-ante-sinistra-2-990x990.jpg 990w, https:\/\/img.bagnoitalia.com\/wp-content\/uploads\/virtuemart\/product\/lavatoio-coprilavatrice-bianco-3-ante-sinistra-2-441x441.jpg 441w, https:\/\/img.bagnoitalia.com\/wp-content\/uploads\/virtuemart\/product\/lavatoio-coprilavatrice-bianco-3-ante-sinistra-2-100x100.jpg 100w, https:\/\/img.bagnoitalia.com\/wp-content\/uploads\/virtuemart\/product\/lavatoio-coprilavatrice-bianco-3-ante-sinistra-2-600x600.jpg 600w, https:\/\/img.bagnoitalia.com\/wp-content\/uploads\/virtuemart\/product\/lavatoio-coprilavatrice-bianco-3-ante-sinistra-2-150x150.jpg 150w\" sizes=\"(max-width: 612px) 100vw, 612px\" \/><\/p>\n","protected":false},"excerpt":{"rendered":"<p>couvercle de la machine \u00e0 laver 107x89hx60prof. avec \u00e9vier disponible \u00e0 gauche et \u00e0 droite, porte en r\u00e9sine, pour int\u00e9rieur et ext\u00e9rieur<\/p>\n","protected":false},"featured_media":12458,"comment_status":"open","ping_status":"closed","template":"","meta":[],"product_brand":[9882],"product_cat":[15,10115],"product_tag":[],"class_list":{"0":"post-77502","1":"product","2":"type-product","3":"status-publish","4":"has-post-thumbnail","6":"product_brand-deghi-fr","7":"product_cat-senza-categoria","8":"product_cat-senza-categoria-fr","10":"first","11":"outofstock","12":"taxable","13":"shipping-taxable","14":"purchasable","15":"product-type-simple"},"exclude_global_add_ons":false,"addons":[{"name":"CAMPI_COPRILAVATRICE\r\n","type":"select","position":0,"required":true,"title_format":"label","default":"","description_enable":false,"description":"","placeholder_enable":false,"placeholder":"","display":"select","restrictions_type":"any_text","adjust_price":false,"price":"","price_type":"","restrictions":false,"min":"0","max":"0","options":[]},{"name":"CAMPI_TIPOLOGIA\r\n","type":"select","position":0,"required":true,"title_format":"label","default":"","description_enable":false,"description":"","placeholder_enable":false,"placeholder":"","display":"select","restrictions_type":"any_text","adjust_price":false,"price":"","price_type":"","restrictions":false,"min":"0","max":"0","options":[]}],"yoast_head":"<!-- This site is optimized with the Yoast SEO plugin v26.7 - https:\/\/yoast.com\/wordpress\/plugins\/seo\/ -->\n<title>Lavabo en r\u00e9sine avec copilavatrice pour ext\u00e9rieur ou int\u00e9rieur<\/title>\n<meta name=\"description\" content=\"Lavabo en r\u00e9sine, Lavabo avec copilavatrice, mod\u00e8le pour ext\u00e9rieur ou int\u00e9rieur, couleur blanc brillant.\" \/>\n<meta name=\"robots\" content=\"index, follow, max-snippet:-1, max-image-preview:large, max-video-preview:-1\" \/>\n<link rel=\"canonical\" href=\"https:\/\/www.bagnoitalia.com\/fr\/produit\/lavabo-en-resine-avec-copilavatrice-pour-exterieur-ou-interieur.html\" \/>\n<meta property=\"og:locale\" content=\"fr_FR\" \/>\n<meta property=\"og:type\" content=\"article\" \/>\n<meta property=\"og:title\" content=\"Lavabo en r\u00e9sine avec copilavatrice pour ext\u00e9rieur ou int\u00e9rieur\" \/>\n<meta property=\"og:description\" content=\"Lavabo en r\u00e9sine, Lavabo avec copilavatrice, mod\u00e8le pour ext\u00e9rieur ou int\u00e9rieur, couleur blanc brillant.\" \/>\n<meta property=\"og:url\" content=\"https:\/\/www.bagnoitalia.com\/fr\/produit\/lavabo-en-resine-avec-copilavatrice-pour-exterieur-ou-interieur.html\" \/>\n<meta property=\"og:site_name\" content=\"Bagno Italia\" \/>\n<meta property=\"article:modified_time\" content=\"2025-06-02T21:51:56+00:00\" \/>\n<meta property=\"og:image\" content=\"https:\/\/img.bagnoitalia.com\/wp-content\/uploads\/virtuemart\/product\/Resin-laundry-sink-washing-machine-cover-18564_1542708609_150.jpg\" \/>\n\t<meta property=\"og:image:width\" content=\"1600\" \/>\n\t<meta property=\"og:image:height\" content=\"1600\" \/>\n\t<meta property=\"og:image:type\" content=\"image\/jpeg\" \/>\n<meta name=\"twitter:card\" content=\"summary_large_image\" \/>\n<meta name=\"twitter:label1\" content=\"Dur\u00e9e de lecture estim\u00e9e\" \/>\n\t<meta name=\"twitter:data1\" content=\"1 minute\" \/>\n<script type=\"application\/ld+json\" class=\"yoast-schema-graph\">{\"@context\":\"https:\/\/schema.org\",\"@graph\":[{\"@type\":\"WebPage\",\"@id\":\"https:\/\/www.bagnoitalia.com\/fr\/produit\/lavabo-en-resine-avec-copilavatrice-pour-exterieur-ou-interieur.html\",\"url\":\"https:\/\/www.bagnoitalia.com\/fr\/produit\/lavabo-en-resine-avec-copilavatrice-pour-exterieur-ou-interieur.html\",\"name\":\"Lavabo en r\u00e9sine avec copilavatrice pour ext\u00e9rieur ou int\u00e9rieur\",\"isPartOf\":{\"@id\":\"https:\/\/www.bagnoitalia.com\/fr#website\"},\"primaryImageOfPage\":{\"@id\":\"https:\/\/www.bagnoitalia.com\/fr\/produit\/lavabo-en-resine-avec-copilavatrice-pour-exterieur-ou-interieur.html#primaryimage\"},\"image\":{\"@id\":\"https:\/\/www.bagnoitalia.com\/fr\/produit\/lavabo-en-resine-avec-copilavatrice-pour-exterieur-ou-interieur.html#primaryimage\"},\"thumbnailUrl\":\"https:\/\/img.bagnoitalia.com\/wp-content\/uploads\/virtuemart\/product\/Resin-laundry-sink-washing-machine-cover-18564_1542708609_150.jpg\",\"datePublished\":\"2014-03-13T10:26:38+00:00\",\"dateModified\":\"2025-06-02T21:51:56+00:00\",\"description\":\"Lavabo en r\u00e9sine, Lavabo avec copilavatrice, mod\u00e8le pour ext\u00e9rieur ou int\u00e9rieur, couleur blanc brillant.\",\"breadcrumb\":{\"@id\":\"https:\/\/www.bagnoitalia.com\/fr\/produit\/lavabo-en-resine-avec-copilavatrice-pour-exterieur-ou-interieur.html#breadcrumb\"},\"inLanguage\":\"fr-FR\",\"potentialAction\":[{\"@type\":\"ReadAction\",\"target\":[\"https:\/\/www.bagnoitalia.com\/fr\/produit\/lavabo-en-resine-avec-copilavatrice-pour-exterieur-ou-interieur.html\"]}]},{\"@type\":\"ImageObject\",\"inLanguage\":\"fr-FR\",\"@id\":\"https:\/\/www.bagnoitalia.com\/fr\/produit\/lavabo-en-resine-avec-copilavatrice-pour-exterieur-ou-interieur.html#primaryimage\",\"url\":\"https:\/\/img.bagnoitalia.com\/wp-content\/uploads\/virtuemart\/product\/Resin-laundry-sink-washing-machine-cover-18564_1542708609_150.jpg\",\"contentUrl\":\"https:\/\/img.bagnoitalia.com\/wp-content\/uploads\/virtuemart\/product\/Resin-laundry-sink-washing-machine-cover-18564_1542708609_150.jpg\",\"width\":1600,\"height\":1600},{\"@type\":\"BreadcrumbList\",\"@id\":\"https:\/\/www.bagnoitalia.com\/fr\/produit\/lavabo-en-resine-avec-copilavatrice-pour-exterieur-ou-interieur.html#breadcrumb\",\"itemListElement\":[{\"@type\":\"ListItem\",\"position\":1,\"name\":\"Home\",\"item\":\"https:\/\/www.bagnoitalia.com\/fr\"},{\"@type\":\"ListItem\",\"position\":2,\"name\":\"Produits\",\"item\":\"https:\/\/www.bagnoitalia.com\/fr\/shop\"},{\"@type\":\"ListItem\",\"position\":3,\"name\":\"Lavabo en r\u00e9sine avec copilavatrice pour ext\u00e9rieur ou int\u00e9rieur\"}]},{\"@type\":\"WebSite\",\"@id\":\"https:\/\/www.bagnoitalia.com\/fr#website\",\"url\":\"https:\/\/www.bagnoitalia.com\/fr\",\"name\":\"Bagno Italia\",\"description\":\"\",\"publisher\":{\"@id\":\"https:\/\/www.bagnoitalia.com\/fr#organization\"},\"potentialAction\":[{\"@type\":\"SearchAction\",\"target\":{\"@type\":\"EntryPoint\",\"urlTemplate\":\"https:\/\/www.bagnoitalia.com\/fr?s={search_term_string}\"},\"query-input\":{\"@type\":\"PropertyValueSpecification\",\"valueRequired\":true,\"valueName\":\"search_term_string\"}}],\"inLanguage\":\"fr-FR\"},{\"@type\":\"Organization\",\"@id\":\"https:\/\/www.bagnoitalia.com\/fr#organization\",\"name\":\"Bagno Italia\",\"url\":\"https:\/\/www.bagnoitalia.com\/fr\",\"logo\":{\"@type\":\"ImageObject\",\"inLanguage\":\"fr-FR\",\"@id\":\"https:\/\/www.bagnoitalia.com\/fr#\/schema\/logo\/image\/\",\"url\":\"https:\/\/img.bagnoitalia.com\/wp-content\/uploads\/logo-bagnoitalia.webp\",\"contentUrl\":\"https:\/\/img.bagnoitalia.com\/wp-content\/uploads\/logo-bagnoitalia.webp\",\"width\":400,\"height\":70,\"caption\":\"Bagno Italia\"},\"image\":{\"@id\":\"https:\/\/www.bagnoitalia.com\/fr#\/schema\/logo\/image\/\"}}]}<\/script>\n<!-- \/ Yoast SEO plugin. -->","yoast_head_json":{"title":"Lavabo en r\u00e9sine avec copilavatrice pour ext\u00e9rieur ou int\u00e9rieur","description":"Lavabo en r\u00e9sine, Lavabo avec copilavatrice, mod\u00e8le pour ext\u00e9rieur ou int\u00e9rieur, couleur blanc brillant.","robots":{"index":"index","follow":"follow","max-snippet":"max-snippet:-1","max-image-preview":"max-image-preview:large","max-video-preview":"max-video-preview:-1"},"canonical":"https:\/\/www.bagnoitalia.com\/fr\/produit\/lavabo-en-resine-avec-copilavatrice-pour-exterieur-ou-interieur.html","og_locale":"fr_FR","og_type":"article","og_title":"Lavabo en r\u00e9sine avec copilavatrice pour ext\u00e9rieur ou int\u00e9rieur","og_description":"Lavabo en r\u00e9sine, Lavabo avec copilavatrice, mod\u00e8le pour ext\u00e9rieur ou int\u00e9rieur, couleur blanc brillant.","og_url":"https:\/\/www.bagnoitalia.com\/fr\/produit\/lavabo-en-resine-avec-copilavatrice-pour-exterieur-ou-interieur.html","og_site_name":"Bagno Italia","article_modified_time":"2025-06-02T21:51:56+00:00","og_image":[{"width":1600,"height":1600,"url":"https:\/\/img.bagnoitalia.com\/wp-content\/uploads\/virtuemart\/product\/Resin-laundry-sink-washing-machine-cover-18564_1542708609_150.jpg","type":"image\/jpeg"}],"twitter_card":"summary_large_image","twitter_misc":{"Dur\u00e9e de lecture estim\u00e9e":"1 minute"},"schema":{"@context":"https:\/\/schema.org","@graph":[{"@type":"WebPage","@id":"https:\/\/www.bagnoitalia.com\/fr\/produit\/lavabo-en-resine-avec-copilavatrice-pour-exterieur-ou-interieur.html","url":"https:\/\/www.bagnoitalia.com\/fr\/produit\/lavabo-en-resine-avec-copilavatrice-pour-exterieur-ou-interieur.html","name":"Lavabo en r\u00e9sine avec copilavatrice pour ext\u00e9rieur ou int\u00e9rieur","isPartOf":{"@id":"https:\/\/www.bagnoitalia.com\/fr#website"},"primaryImageOfPage":{"@id":"https:\/\/www.bagnoitalia.com\/fr\/produit\/lavabo-en-resine-avec-copilavatrice-pour-exterieur-ou-interieur.html#primaryimage"},"image":{"@id":"https:\/\/www.bagnoitalia.com\/fr\/produit\/lavabo-en-resine-avec-copilavatrice-pour-exterieur-ou-interieur.html#primaryimage"},"thumbnailUrl":"https:\/\/img.bagnoitalia.com\/wp-content\/uploads\/virtuemart\/product\/Resin-laundry-sink-washing-machine-cover-18564_1542708609_150.jpg","datePublished":"2014-03-13T10:26:38+00:00","dateModified":"2025-06-02T21:51:56+00:00","description":"Lavabo en r\u00e9sine, Lavabo avec copilavatrice, mod\u00e8le pour ext\u00e9rieur ou int\u00e9rieur, couleur blanc brillant.","breadcrumb":{"@id":"https:\/\/www.bagnoitalia.com\/fr\/produit\/lavabo-en-resine-avec-copilavatrice-pour-exterieur-ou-interieur.html#breadcrumb"},"inLanguage":"fr-FR","potentialAction":[{"@type":"ReadAction","target":["https:\/\/www.bagnoitalia.com\/fr\/produit\/lavabo-en-resine-avec-copilavatrice-pour-exterieur-ou-interieur.html"]}]},{"@type":"ImageObject","inLanguage":"fr-FR","@id":"https:\/\/www.bagnoitalia.com\/fr\/produit\/lavabo-en-resine-avec-copilavatrice-pour-exterieur-ou-interieur.html#primaryimage","url":"https:\/\/img.bagnoitalia.com\/wp-content\/uploads\/virtuemart\/product\/Resin-laundry-sink-washing-machine-cover-18564_1542708609_150.jpg","contentUrl":"https:\/\/img.bagnoitalia.com\/wp-content\/uploads\/virtuemart\/product\/Resin-laundry-sink-washing-machine-cover-18564_1542708609_150.jpg","width":1600,"height":1600},{"@type":"BreadcrumbList","@id":"https:\/\/www.bagnoitalia.com\/fr\/produit\/lavabo-en-resine-avec-copilavatrice-pour-exterieur-ou-interieur.html#breadcrumb","itemListElement":[{"@type":"ListItem","position":1,"name":"Home","item":"https:\/\/www.bagnoitalia.com\/fr"},{"@type":"ListItem","position":2,"name":"Produits","item":"https:\/\/www.bagnoitalia.com\/fr\/shop"},{"@type":"ListItem","position":3,"name":"Lavabo en r\u00e9sine avec copilavatrice pour ext\u00e9rieur ou int\u00e9rieur"}]},{"@type":"WebSite","@id":"https:\/\/www.bagnoitalia.com\/fr#website","url":"https:\/\/www.bagnoitalia.com\/fr","name":"Bagno Italia","description":"","publisher":{"@id":"https:\/\/www.bagnoitalia.com\/fr#organization"},"potentialAction":[{"@type":"SearchAction","target":{"@type":"EntryPoint","urlTemplate":"https:\/\/www.bagnoitalia.com\/fr?s={search_term_string}"},"query-input":{"@type":"PropertyValueSpecification","valueRequired":true,"valueName":"search_term_string"}}],"inLanguage":"fr-FR"},{"@type":"Organization","@id":"https:\/\/www.bagnoitalia.com\/fr#organization","name":"Bagno Italia","url":"https:\/\/www.bagnoitalia.com\/fr","logo":{"@type":"ImageObject","inLanguage":"fr-FR","@id":"https:\/\/www.bagnoitalia.com\/fr#\/schema\/logo\/image\/","url":"https:\/\/img.bagnoitalia.com\/wp-content\/uploads\/logo-bagnoitalia.webp","contentUrl":"https:\/\/img.bagnoitalia.com\/wp-content\/uploads\/logo-bagnoitalia.webp","width":400,"height":70,"caption":"Bagno Italia"},"image":{"@id":"https:\/\/www.bagnoitalia.com\/fr#\/schema\/logo\/image\/"}}]}},"_links":{"self":[{"href":"https:\/\/www.bagnoitalia.com\/fr\/wp-json\/wp\/v2\/product\/77502","targetHints":{"allow":["GET"]}}],"collection":[{"href":"https:\/\/www.bagnoitalia.com\/fr\/wp-json\/wp\/v2\/product"}],"about":[{"href":"https:\/\/www.bagnoitalia.com\/fr\/wp-json\/wp\/v2\/types\/product"}],"replies":[{"embeddable":true,"href":"https:\/\/www.bagnoitalia.com\/fr\/wp-json\/wp\/v2\/comments?post=77502"}],"version-history":[{"count":0,"href":"https:\/\/www.bagnoitalia.com\/fr\/wp-json\/wp\/v2\/product\/77502\/revisions"}],"wp:featuredmedia":[{"embeddable":true,"href":"https:\/\/www.bagnoitalia.com\/fr\/wp-json\/wp\/v2\/media\/12458"}],"wp:attachment":[{"href":"https:\/\/www.bagnoitalia.com\/fr\/wp-json\/wp\/v2\/media?parent=77502"}],"wp:term":[{"taxonomy":"product_brand","embeddable":true,"href":"https:\/\/www.bagnoitalia.com\/fr\/wp-json\/wp\/v2\/product_brand?post=77502"},{"taxonomy":"product_cat","embeddable":true,"href":"https:\/\/www.bagnoitalia.com\/fr\/wp-json\/wp\/v2\/product_cat?post=77502"},{"taxonomy":"product_tag","embeddable":true,"href":"https:\/\/www.bagnoitalia.com\/fr\/wp-json\/wp\/v2\/product_tag?post=77502"}],"curies":[{"name":"wp","href":"https:\/\/api.w.org\/{rel}","templated":true}]}}