{"id":77338,"date":"2010-06-02T14:50:46","date_gmt":"2010-06-02T12:50:46","guid":{"rendered":"https:\/\/www.bagnoitalia.com\/product\/conteneur-miroir-carre-68x60x20-disp-en-20-couleurs"},"modified":"2025-01-17T15:24:53","modified_gmt":"2025-01-17T14:24:53","slug":"conteneur-miroir-carre-68x60x20-disp-en-20-couleurs","status":"publish","type":"product","link":"https:\/\/www.bagnoitalia.com\/fr\/produit\/conteneur-miroir-carre-68x60x20-disp-en-20-couleurs.html","title":{"rendered":"Armoire de toilette avec miroir Square 68x60x20 cm disponible en 20 couleurs"},"content":{"rendered":"<p style=\"text-align: left;\"><strong><strong>Armoire de toilette avec miroir Square <\/strong> L68x60HxP20 cm disponible en 20 couleurs avec \u00e9tag\u00e8re en verre \u00e0 l&rsquo;int\u00e9rieur<br \/>\n<\/strong><\/p>\n<p style=\"text-align: left;\"><strong>Dans les images ci-dessus, vous pouvez voir l&rsquo;applique que nous installons sur ce miroir<\/strong><\/p>\n<p style=\"text-align: left;\"><strong>\u00a0<\/strong><\/p>\n<p>Le miroir n&rsquo;a pas de poign\u00e9e, il s&rsquo;ouvre en soulevant la porte, de bas en haut.<\/p>\n","protected":false},"excerpt":{"rendered":"<p>Armoire de toilette avec miroir Square 68x60Hx20P cm disponible en 20 couleurs (peut \u00eatre utilize avec les meubles Magic, Argus, Clo)<\/p>\n","protected":false},"featured_media":11646,"comment_status":"open","ping_status":"closed","template":"","meta":[],"product_brand":[9894],"product_cat":[9679],"product_tag":[],"class_list":{"0":"post-77338","1":"product","2":"type-product","3":"status-publish","4":"has-post-thumbnail","6":"product_brand-baden-bauen-fr","7":"product_cat-miroirs","9":"first","10":"instock","11":"sale","12":"taxable","13":"shipping-taxable","14":"purchasable","15":"product-type-simple"},"exclude_global_add_ons":false,"addons":[{"name":"Miroir","type":"multiple_choice","position":0,"required":true,"title_format":"heading","default":"","description_enable":false,"description":"","placeholder_enable":false,"placeholder":"","display":"select","restrictions_type":"any_text","adjust_price":false,"price":"","price_type":"flat_fee","restrictions":false,"min":"0","max":"0","options":[{"label":"pas d'applique","price":"","price_type":"quantity_based","image":0,"visibility":true},{"label":"Applique murale","price":"20","price_type":"quantity_based","image":0,"visibility":true}],"id":1717514395},{"name":"Couleur","type":"multiple_choice","position":1,"required":true,"title_format":"heading","default":"","description_enable":false,"description":"","placeholder_enable":false,"placeholder":"","display":"select","restrictions_type":"any_text","adjust_price":false,"price":"","price_type":"flat_fee","restrictions":false,"min":"0","max":"0","options":[{"label":"blanc","price":"","price_type":"quantity_based","image":0,"visibility":true},{"label":"ch\u00eane","price":"","price_type":"quantity_based","image":0,"visibility":true},{"label":"vert","price":"","price_type":"quantity_based","image":0,"visibility":true},{"label":"vert d'eau","price":"","price_type":"quantity_based","image":0,"visibility":true},{"label":"vert pastel","price":"","price_type":"quantity_based","image":0,"visibility":true},{"label":"vert acide","price":"","price_type":"quantity_based","image":0,"visibility":true},{"label":"bleu clair","price":"","price_type":"quantity_based","image":0,"visibility":true},{"label":"bleu ciel","price":"","price_type":"quantity_based","image":0,"visibility":true},{"label":"bleu","price":"","price_type":"quantity_based","image":0,"visibility":true},{"label":"ivoire","price":"","price_type":"quantity_based","image":0,"visibility":true},{"label":"glycine","price":"","price_type":"quantity_based","image":0,"visibility":true},{"label":"rouge","price":"","price_type":"quantity_based","image":0,"visibility":true},{"label":"rouge vin","price":"","price_type":"quantity_based","image":0,"visibility":true},{"label":"jaune","price":"","price_type":"quantity_based","image":0,"visibility":true},{"label":"orange","price":"","price_type":"quantity_based","image":0,"visibility":true},{"label":"lilic","price":"","price_type":"quantity_based","image":0,"visibility":true},{"label":"Anthracite","price":"","price_type":"quantity_based","image":0,"visibility":true},{"label":"brun","price":"","price_type":"quantity_based","image":0,"visibility":true},{"label":"pourpre","price":"","price_type":"quantity_based","image":0,"visibility":true},{"label":"gris clair","price":"","price_type":"quantity_based","image":0,"visibility":true},{"label":"Noir","price":"","price_type":"quantity_based","image":0,"visibility":true},{"label":"argent","price":"","price_type":"quantity_based","image":0,"visibility":true},{"label":"weng\u00e9","price":"","price_type":"quantity_based","image":0,"visibility":true},{"label":"Code RAL","price":"48","price_type":"quantity_based","image":0,"visibility":true}],"id":1717514396},{"name":"Type","type":"multiple_choice","position":2,"required":true,"title_format":"heading","default":"","description_enable":false,"description":"","placeholder_enable":false,"placeholder":"","display":"select","restrictions_type":"any_text","adjust_price":false,"price":"","price_type":"flat_fee","restrictions":false,"min":"0","max":"0","options":[{"label":"Brillant","price":"","price_type":"quantity_based","image":0,"visibility":true},{"label":"Opaque","price":"","price_type":"quantity_based","image":0,"visibility":true}],"id":1717514397}],"yoast_head":"<!-- This site is optimized with the Yoast SEO plugin v26.7 - https:\/\/yoast.com\/wordpress\/plugins\/seo\/ -->\n<title>Armoire de toilette avec miroir Square 68x60x20 cm disponible en 20 couleurs<\/title>\n<meta name=\"description\" content=\"Conteneur miroir carr\u00e9 68x60x20 disp. en 20 couleurs, disponible avec ou sans applique.\" \/>\n<meta name=\"robots\" content=\"index, follow, max-snippet:-1, max-image-preview:large, max-video-preview:-1\" \/>\n<link rel=\"canonical\" href=\"https:\/\/www.bagnoitalia.com\/fr\/produit\/conteneur-miroir-carre-68x60x20-disp-en-20-couleurs.html\" \/>\n<meta property=\"og:locale\" content=\"fr_FR\" \/>\n<meta property=\"og:type\" content=\"article\" \/>\n<meta property=\"og:title\" content=\"Armoire de toilette avec miroir Square 68x60x20 cm disponible en 20 couleurs\" \/>\n<meta property=\"og:description\" content=\"Conteneur miroir carr\u00e9 68x60x20 disp. en 20 couleurs, disponible avec ou sans applique.\" \/>\n<meta property=\"og:url\" content=\"https:\/\/www.bagnoitalia.com\/fr\/produit\/conteneur-miroir-carre-68x60x20-disp-en-20-couleurs.html\" \/>\n<meta property=\"og:site_name\" content=\"Bagno Italia\" \/>\n<meta property=\"article:modified_time\" content=\"2025-01-17T14:24:53+00:00\" \/>\n<meta property=\"og:image\" content=\"https:\/\/img.bagnoitalia.com\/wp-content\/uploads\/virtuemart\/product\/68x60x20-mirror-cabinet-available-in-20-colours-Square-model-1_1542701096_67.jpg\" \/>\n\t<meta property=\"og:image:width\" content=\"364\" \/>\n\t<meta property=\"og:image:height\" content=\"384\" \/>\n\t<meta property=\"og:image:type\" content=\"image\/jpeg\" \/>\n<meta name=\"twitter:card\" content=\"summary_large_image\" \/>\n<meta name=\"twitter:label1\" content=\"Dur\u00e9e de lecture estim\u00e9e\" \/>\n\t<meta name=\"twitter:data1\" content=\"1 minute\" \/>\n<script type=\"application\/ld+json\" class=\"yoast-schema-graph\">{\"@context\":\"https:\/\/schema.org\",\"@graph\":[{\"@type\":\"WebPage\",\"@id\":\"https:\/\/www.bagnoitalia.com\/fr\/produit\/conteneur-miroir-carre-68x60x20-disp-en-20-couleurs.html\",\"url\":\"https:\/\/www.bagnoitalia.com\/fr\/produit\/conteneur-miroir-carre-68x60x20-disp-en-20-couleurs.html\",\"name\":\"Armoire de toilette avec miroir Square 68x60x20 cm disponible en 20 couleurs\",\"isPartOf\":{\"@id\":\"https:\/\/www.bagnoitalia.com\/fr#website\"},\"primaryImageOfPage\":{\"@id\":\"https:\/\/www.bagnoitalia.com\/fr\/produit\/conteneur-miroir-carre-68x60x20-disp-en-20-couleurs.html#primaryimage\"},\"image\":{\"@id\":\"https:\/\/www.bagnoitalia.com\/fr\/produit\/conteneur-miroir-carre-68x60x20-disp-en-20-couleurs.html#primaryimage\"},\"thumbnailUrl\":\"https:\/\/img.bagnoitalia.com\/wp-content\/uploads\/virtuemart\/product\/68x60x20-mirror-cabinet-available-in-20-colours-Square-model-1_1542701096_67.jpg\",\"datePublished\":\"2010-06-02T12:50:46+00:00\",\"dateModified\":\"2025-01-17T14:24:53+00:00\",\"description\":\"Conteneur miroir carr\u00e9 68x60x20 disp. en 20 couleurs, disponible avec ou sans applique.\",\"breadcrumb\":{\"@id\":\"https:\/\/www.bagnoitalia.com\/fr\/produit\/conteneur-miroir-carre-68x60x20-disp-en-20-couleurs.html#breadcrumb\"},\"inLanguage\":\"fr-FR\",\"potentialAction\":[{\"@type\":\"ReadAction\",\"target\":[\"https:\/\/www.bagnoitalia.com\/fr\/produit\/conteneur-miroir-carre-68x60x20-disp-en-20-couleurs.html\"]}]},{\"@type\":\"ImageObject\",\"inLanguage\":\"fr-FR\",\"@id\":\"https:\/\/www.bagnoitalia.com\/fr\/produit\/conteneur-miroir-carre-68x60x20-disp-en-20-couleurs.html#primaryimage\",\"url\":\"https:\/\/img.bagnoitalia.com\/wp-content\/uploads\/virtuemart\/product\/68x60x20-mirror-cabinet-available-in-20-colours-Square-model-1_1542701096_67.jpg\",\"contentUrl\":\"https:\/\/img.bagnoitalia.com\/wp-content\/uploads\/virtuemart\/product\/68x60x20-mirror-cabinet-available-in-20-colours-Square-model-1_1542701096_67.jpg\",\"width\":364,\"height\":384},{\"@type\":\"BreadcrumbList\",\"@id\":\"https:\/\/www.bagnoitalia.com\/fr\/produit\/conteneur-miroir-carre-68x60x20-disp-en-20-couleurs.html#breadcrumb\",\"itemListElement\":[{\"@type\":\"ListItem\",\"position\":1,\"name\":\"Home\",\"item\":\"https:\/\/www.bagnoitalia.com\/fr\"},{\"@type\":\"ListItem\",\"position\":2,\"name\":\"Produits\",\"item\":\"https:\/\/www.bagnoitalia.com\/fr\/shop\"},{\"@type\":\"ListItem\",\"position\":3,\"name\":\"Armoire de toilette avec miroir Square 68x60x20 cm disponible en 20 couleurs\"}]},{\"@type\":\"WebSite\",\"@id\":\"https:\/\/www.bagnoitalia.com\/fr#website\",\"url\":\"https:\/\/www.bagnoitalia.com\/fr\",\"name\":\"Bagno Italia\",\"description\":\"\",\"publisher\":{\"@id\":\"https:\/\/www.bagnoitalia.com\/fr#organization\"},\"potentialAction\":[{\"@type\":\"SearchAction\",\"target\":{\"@type\":\"EntryPoint\",\"urlTemplate\":\"https:\/\/www.bagnoitalia.com\/fr?s={search_term_string}\"},\"query-input\":{\"@type\":\"PropertyValueSpecification\",\"valueRequired\":true,\"valueName\":\"search_term_string\"}}],\"inLanguage\":\"fr-FR\"},{\"@type\":\"Organization\",\"@id\":\"https:\/\/www.bagnoitalia.com\/fr#organization\",\"name\":\"Bagno Italia\",\"url\":\"https:\/\/www.bagnoitalia.com\/fr\",\"logo\":{\"@type\":\"ImageObject\",\"inLanguage\":\"fr-FR\",\"@id\":\"https:\/\/www.bagnoitalia.com\/fr#\/schema\/logo\/image\/\",\"url\":\"https:\/\/img.bagnoitalia.com\/wp-content\/uploads\/logo-bagnoitalia.webp\",\"contentUrl\":\"https:\/\/img.bagnoitalia.com\/wp-content\/uploads\/logo-bagnoitalia.webp\",\"width\":400,\"height\":70,\"caption\":\"Bagno Italia\"},\"image\":{\"@id\":\"https:\/\/www.bagnoitalia.com\/fr#\/schema\/logo\/image\/\"}}]}<\/script>\n<!-- \/ Yoast SEO plugin. -->","yoast_head_json":{"title":"Armoire de toilette avec miroir Square 68x60x20 cm disponible en 20 couleurs","description":"Conteneur miroir carr\u00e9 68x60x20 disp. en 20 couleurs, disponible avec ou sans applique.","robots":{"index":"index","follow":"follow","max-snippet":"max-snippet:-1","max-image-preview":"max-image-preview:large","max-video-preview":"max-video-preview:-1"},"canonical":"https:\/\/www.bagnoitalia.com\/fr\/produit\/conteneur-miroir-carre-68x60x20-disp-en-20-couleurs.html","og_locale":"fr_FR","og_type":"article","og_title":"Armoire de toilette avec miroir Square 68x60x20 cm disponible en 20 couleurs","og_description":"Conteneur miroir carr\u00e9 68x60x20 disp. en 20 couleurs, disponible avec ou sans applique.","og_url":"https:\/\/www.bagnoitalia.com\/fr\/produit\/conteneur-miroir-carre-68x60x20-disp-en-20-couleurs.html","og_site_name":"Bagno Italia","article_modified_time":"2025-01-17T14:24:53+00:00","og_image":[{"width":364,"height":384,"url":"https:\/\/img.bagnoitalia.com\/wp-content\/uploads\/virtuemart\/product\/68x60x20-mirror-cabinet-available-in-20-colours-Square-model-1_1542701096_67.jpg","type":"image\/jpeg"}],"twitter_card":"summary_large_image","twitter_misc":{"Dur\u00e9e de lecture estim\u00e9e":"1 minute"},"schema":{"@context":"https:\/\/schema.org","@graph":[{"@type":"WebPage","@id":"https:\/\/www.bagnoitalia.com\/fr\/produit\/conteneur-miroir-carre-68x60x20-disp-en-20-couleurs.html","url":"https:\/\/www.bagnoitalia.com\/fr\/produit\/conteneur-miroir-carre-68x60x20-disp-en-20-couleurs.html","name":"Armoire de toilette avec miroir Square 68x60x20 cm disponible en 20 couleurs","isPartOf":{"@id":"https:\/\/www.bagnoitalia.com\/fr#website"},"primaryImageOfPage":{"@id":"https:\/\/www.bagnoitalia.com\/fr\/produit\/conteneur-miroir-carre-68x60x20-disp-en-20-couleurs.html#primaryimage"},"image":{"@id":"https:\/\/www.bagnoitalia.com\/fr\/produit\/conteneur-miroir-carre-68x60x20-disp-en-20-couleurs.html#primaryimage"},"thumbnailUrl":"https:\/\/img.bagnoitalia.com\/wp-content\/uploads\/virtuemart\/product\/68x60x20-mirror-cabinet-available-in-20-colours-Square-model-1_1542701096_67.jpg","datePublished":"2010-06-02T12:50:46+00:00","dateModified":"2025-01-17T14:24:53+00:00","description":"Conteneur miroir carr\u00e9 68x60x20 disp. en 20 couleurs, disponible avec ou sans applique.","breadcrumb":{"@id":"https:\/\/www.bagnoitalia.com\/fr\/produit\/conteneur-miroir-carre-68x60x20-disp-en-20-couleurs.html#breadcrumb"},"inLanguage":"fr-FR","potentialAction":[{"@type":"ReadAction","target":["https:\/\/www.bagnoitalia.com\/fr\/produit\/conteneur-miroir-carre-68x60x20-disp-en-20-couleurs.html"]}]},{"@type":"ImageObject","inLanguage":"fr-FR","@id":"https:\/\/www.bagnoitalia.com\/fr\/produit\/conteneur-miroir-carre-68x60x20-disp-en-20-couleurs.html#primaryimage","url":"https:\/\/img.bagnoitalia.com\/wp-content\/uploads\/virtuemart\/product\/68x60x20-mirror-cabinet-available-in-20-colours-Square-model-1_1542701096_67.jpg","contentUrl":"https:\/\/img.bagnoitalia.com\/wp-content\/uploads\/virtuemart\/product\/68x60x20-mirror-cabinet-available-in-20-colours-Square-model-1_1542701096_67.jpg","width":364,"height":384},{"@type":"BreadcrumbList","@id":"https:\/\/www.bagnoitalia.com\/fr\/produit\/conteneur-miroir-carre-68x60x20-disp-en-20-couleurs.html#breadcrumb","itemListElement":[{"@type":"ListItem","position":1,"name":"Home","item":"https:\/\/www.bagnoitalia.com\/fr"},{"@type":"ListItem","position":2,"name":"Produits","item":"https:\/\/www.bagnoitalia.com\/fr\/shop"},{"@type":"ListItem","position":3,"name":"Armoire de toilette avec miroir Square 68x60x20 cm disponible en 20 couleurs"}]},{"@type":"WebSite","@id":"https:\/\/www.bagnoitalia.com\/fr#website","url":"https:\/\/www.bagnoitalia.com\/fr","name":"Bagno Italia","description":"","publisher":{"@id":"https:\/\/www.bagnoitalia.com\/fr#organization"},"potentialAction":[{"@type":"SearchAction","target":{"@type":"EntryPoint","urlTemplate":"https:\/\/www.bagnoitalia.com\/fr?s={search_term_string}"},"query-input":{"@type":"PropertyValueSpecification","valueRequired":true,"valueName":"search_term_string"}}],"inLanguage":"fr-FR"},{"@type":"Organization","@id":"https:\/\/www.bagnoitalia.com\/fr#organization","name":"Bagno Italia","url":"https:\/\/www.bagnoitalia.com\/fr","logo":{"@type":"ImageObject","inLanguage":"fr-FR","@id":"https:\/\/www.bagnoitalia.com\/fr#\/schema\/logo\/image\/","url":"https:\/\/img.bagnoitalia.com\/wp-content\/uploads\/logo-bagnoitalia.webp","contentUrl":"https:\/\/img.bagnoitalia.com\/wp-content\/uploads\/logo-bagnoitalia.webp","width":400,"height":70,"caption":"Bagno Italia"},"image":{"@id":"https:\/\/www.bagnoitalia.com\/fr#\/schema\/logo\/image\/"}}]}},"_links":{"self":[{"href":"https:\/\/www.bagnoitalia.com\/fr\/wp-json\/wp\/v2\/product\/77338","targetHints":{"allow":["GET"]}}],"collection":[{"href":"https:\/\/www.bagnoitalia.com\/fr\/wp-json\/wp\/v2\/product"}],"about":[{"href":"https:\/\/www.bagnoitalia.com\/fr\/wp-json\/wp\/v2\/types\/product"}],"replies":[{"embeddable":true,"href":"https:\/\/www.bagnoitalia.com\/fr\/wp-json\/wp\/v2\/comments?post=77338"}],"version-history":[{"count":1,"href":"https:\/\/www.bagnoitalia.com\/fr\/wp-json\/wp\/v2\/product\/77338\/revisions"}],"predecessor-version":[{"id":89224,"href":"https:\/\/www.bagnoitalia.com\/fr\/wp-json\/wp\/v2\/product\/77338\/revisions\/89224"}],"wp:featuredmedia":[{"embeddable":true,"href":"https:\/\/www.bagnoitalia.com\/fr\/wp-json\/wp\/v2\/media\/11646"}],"wp:attachment":[{"href":"https:\/\/www.bagnoitalia.com\/fr\/wp-json\/wp\/v2\/media?parent=77338"}],"wp:term":[{"taxonomy":"product_brand","embeddable":true,"href":"https:\/\/www.bagnoitalia.com\/fr\/wp-json\/wp\/v2\/product_brand?post=77338"},{"taxonomy":"product_cat","embeddable":true,"href":"https:\/\/www.bagnoitalia.com\/fr\/wp-json\/wp\/v2\/product_cat?post=77338"},{"taxonomy":"product_tag","embeddable":true,"href":"https:\/\/www.bagnoitalia.com\/fr\/wp-json\/wp\/v2\/product_tag?post=77338"}],"curies":[{"name":"wp","href":"https:\/\/api.w.org\/{rel}","templated":true}]}}