{"id":77230,"date":"2014-03-31T09:52:45","date_gmt":"2014-03-31T07:52:45","guid":{"rendered":"https:\/\/www.bagnoitalia.com\/product\/magic-bathroom-furniture-80x40-cm-en-25-couleurs-avec-un-ou-deux-tiroirs"},"modified":"2025-02-20T12:28:44","modified_gmt":"2025-02-20T11:28:44","slug":"magic-bathroom-furniture-80x40-cm-en-25-couleurs-avec-un-ou-deux-tiroirs","status":"publish","type":"product","link":"https:\/\/www.bagnoitalia.com\/fr\/produit\/magic-bathroom-furniture-80x40-cm-en-25-couleurs-avec-un-ou-deux-tiroirs.html","title":{"rendered":"Meuble de salle de bain Magic 80&#215;40 cm en 25 couleurs avec un ou deux tiroirs"},"content":{"rendered":"<p style=\"text-align: left;\"><strong style=\"background-color: inherit; color: inherit;\">Le prix comprend:<\/strong><\/p>\n<p>1 Base de lavabo 78cm, H 35cm, P 40cm (avec un tiroir) dans le menu vous pouvez choisir la version avec deux tiroirs, dans ce cas la hauteur du meuble est de 50 cm.<\/p>\n<p style=\"text-align: left;\">1 lavabo en marbre min\u00e9ral 81 cm<\/p>\n<p>1 Miroir avec Applique 80&#215;60 cm<\/p>\n<p><strong><span style=\"color: #ff0000;\"><span style=\"text-decoration: underline;\">NB possibilit\u00e9 de changer le type de miroir dans le menu sus-jacent<\/span><\/span><\/strong><\/p>\n<p><strong>Mat\u00e9riaux utilis\u00e9s<\/strong><\/p>\n<p>Meuble sous lavabo: structure en MDF laqu\u00e9<\/p>\n<p>Guides: m\u00e9tal, fermeture amortie<\/p>\n<p>Poign\u00e9es: chrom\u00e9es<\/p>\n<p>Lavabo: marbre min\u00e9ral\u00a0<strong>(sur la derni\u00e8re photo, on peut voir le lavabo en vue de dessus)<\/strong><\/p>\n<p style=\"text-align: left;\">\n<p style=\"text-align: left;\">dans le menu sus-jacent, il est possible d&rsquo;ajouter la colonne L 35, P 30, H 160<\/p>\n<p style=\"text-align: left;\">\n<p style=\"text-align: left;\"><strong><span style=\"color: #ff0000;\">Sur demande, nous vous envoyons des photos en haute r\u00e9solution du tableau de couleurs BRILLANT ET MAT ou des diff\u00e9rents meubles.<br \/>\n<\/span><\/strong><\/p>\n<p>&nbsp;<\/p>\n<p style=\"text-align: left;\">______________________________________________________<\/p>\n<p><strong>Vous pouvez choisir trois types de poign\u00e9es:<br \/>\n<\/strong><\/p>\n<p><strong><strong>Poign\u00e9e\u00a0<\/strong>Strass:<\/strong><\/p>\n<p><strong><img fetchpriority=\"high\" decoding=\"async\" class=\" size-full wp-image-10894\" src=\"https:\/\/img.bagnoitalia.com\/wp-content\/uploads\/maniglia-strass1.jpg\" alt=\"\" width=\"406\" height=\"245\" srcset=\"https:\/\/img.bagnoitalia.com\/wp-content\/uploads\/maniglia-strass1.jpg 260w, https:\/\/img.bagnoitalia.com\/wp-content\/uploads\/maniglia-strass1-150x91.jpg 150w\" sizes=\"(max-width: 406px) 100vw, 406px\" \/><\/strong><\/p>\n<p>&nbsp;<\/p>\n<p>_____________________________________________________<\/p>\n<p><strong>Poign\u00e9e Line:<\/strong><\/p>\n<p><img decoding=\"async\" class=\" size-full wp-image-10898\" src=\"https:\/\/img.bagnoitalia.com\/wp-content\/uploads\/bh_7099-nero-venato.jpg\" alt=\"\" width=\"401\" height=\"352\" srcset=\"https:\/\/img.bagnoitalia.com\/wp-content\/uploads\/bh_7099-nero-venato.jpg 320w, https:\/\/img.bagnoitalia.com\/wp-content\/uploads\/bh_7099-nero-venato-150x132.jpg 150w\" sizes=\"(max-width: 401px) 100vw, 401px\" \/><\/p>\n<p>&nbsp;<\/p>\n<p>____________________________________________________<\/p>\n<p><strong>Poign\u00e9e Art chic<\/strong><\/p>\n<p><img decoding=\"async\" class=\" size-full wp-image-10902\" src=\"https:\/\/img.bagnoitalia.com\/wp-content\/uploads\/maniglia-artechic.jpg\" alt=\"\" width=\"293\" height=\"296\" srcset=\"https:\/\/img.bagnoitalia.com\/wp-content\/uploads\/maniglia-artechic.jpg 169w, https:\/\/img.bagnoitalia.com\/wp-content\/uploads\/maniglia-artechic-100x100.jpg 100w, https:\/\/img.bagnoitalia.com\/wp-content\/uploads\/maniglia-artechic-150x152.jpg 150w\" sizes=\"(max-width: 293px) 100vw, 293px\" \/><\/p>\n<p><img loading=\"lazy\" decoding=\"async\" class=\" size-full wp-image-10819\" src=\"https:\/\/img.bagnoitalia.com\/wp-content\/uploads\/tableau_de_couleurs.jpg\" alt=\"tableau de couleurs\" width=\"1254\" height=\"1103\" srcset=\"https:\/\/img.bagnoitalia.com\/wp-content\/uploads\/tableau_de_couleurs.jpg 1254w, https:\/\/img.bagnoitalia.com\/wp-content\/uploads\/tableau_de_couleurs-768x676.jpg 768w, https:\/\/img.bagnoitalia.com\/wp-content\/uploads\/tableau_de_couleurs-990x871.jpg 990w, https:\/\/img.bagnoitalia.com\/wp-content\/uploads\/tableau_de_couleurs-441x388.jpg 441w, https:\/\/img.bagnoitalia.com\/wp-content\/uploads\/tableau_de_couleurs-600x528.jpg 600w, https:\/\/img.bagnoitalia.com\/wp-content\/uploads\/tableau_de_couleurs-150x132.jpg 150w\" sizes=\"(max-width: 1254px) 100vw, 1254px\" \/><\/p>\n<p style=\"text-align: left;\"><span style=\"text-decoration: underline; font-size: 12pt; background-color: #ffffff;\"><strong><span style=\"color: #ff0000; text-decoration: underline;\">ATTENTION:<\/span><\/strong><\/span><\/p>\n<p style=\"text-align: left;\"><strong><span style=\"color: #ff0000;\">MEUBLE DISPONIBLE DANS PLUS DE 20 COULEURS, BRILLANT OU MAT<\/span><\/strong><\/p>\n<p><span style=\"color: #ff00ff;\"><strong>(si aucune des couleurs dans le plus de 20 coloris propos\u00e9s ne vous convient, possibilit\u00e8 de choisir <\/strong><strong>un<\/strong><strong> autre RAL couleur dans le tableau ci-dessus. Cette option vous sera factur\u00e9e 60 euros)<\/strong><\/span><\/p>\n<p style=\"text-align: left;\"><strong><span style=\"color: #ff0000;\"><span style=\"color: #000000;\">il est \u00e9galement possible de commander le lavabo en verre (les d\u00e9lais de fabrication sont toujours de 15 jours si vous choisissez un verre qui a la m\u00eame couleur que le meuble)<\/span><\/span><\/strong><\/p>\n<p><strong>Tous les codes RAL sont \u00e9galement disponibles pou<\/strong><strong>r<\/strong><strong> le lavabo en verre (dans ce cas, <\/strong><strong>l\u2019option<\/strong><strong> vous sera factur\u00e9e 48 euros)<\/strong><\/p>\n<p><strong><span style=\"color: #ff0000;\"><br \/>\n<strong><span style=\"font-size: 14pt;\"><a href=\"http:\/\/www.themeter.net\/ral.htm\" target=\"_blank\" rel=\"noopener noreferrer\">TABLEAU DES COULEURS RAL<\/a><\/span><\/strong><\/span><\/strong> <span style=\"font-size: 12pt;\">&lt;== cliquez ici pour voir toutes les couleurs RAL <\/span> <strong><span style=\"color: #ff0000;\"><br \/>\n<\/span><\/strong><\/p>\n","protected":false},"excerpt":{"rendered":"<p>Le meuble de salle de bain Magic, dimensions 80 x 40 cm, est disponible en 20 couleurs, brillant ou mat. La profondeur de ce meuble est de 40cm seulement, disponible avec un ou deux tiroirs.<\/p>\n","protected":false},"featured_media":10826,"comment_status":"open","ping_status":"closed","template":"","meta":[],"product_brand":[5010],"product_cat":[10115],"product_tag":[],"class_list":{"0":"post-77230","1":"product","2":"type-product","3":"status-publish","4":"has-post-thumbnail","6":"product_brand-baden-bauen","7":"product_cat-senza-categoria-fr","9":"first","10":"outofstock","11":"taxable","12":"shipping-taxable","13":"purchasable","14":"product-type-simple"},"exclude_global_add_ons":false,"addons":[{"name":"miroir","type":"multiple_choice","position":0,"required":true,"title_format":"heading","default":"","description_enable":false,"description":"","placeholder_enable":false,"placeholder":"","display":"select","restrictions_type":"any_text","adjust_price":false,"price":"","price_type":"flat_fee","restrictions":false,"min":"0","max":"0","options":[{"label":"rectangulaire 80x60 avec applique","price":"","price_type":"quantity_based","image":0,"visibility":true},{"label":"rond 80x80 avec applique","price":"108","price_type":"quantity_based","image":0,"visibility":true},{"label":"sans miroir","price":"-50","price_type":"quantity_based","image":0,"visibility":true}],"id":1718292937},{"name":"couleurs du meuble","type":"multiple_choice","position":1,"required":true,"title_format":"heading","default":"","description_enable":false,"description":"","placeholder_enable":false,"placeholder":"","display":"select","restrictions_type":"any_text","adjust_price":false,"price":"","price_type":"flat_fee","restrictions":false,"min":"0","max":"0","options":[{"label":"blanc","price":"","price_type":"quantity_based","image":0,"visibility":true},{"label":"vert","price":"12","price_type":"quantity_based","image":0,"visibility":true},{"label":"Vert d'eau","price":"12","price_type":"quantity_based","image":0,"visibility":true},{"label":"vert pastel","price":"12","price_type":"quantity_based","image":0,"visibility":true},{"label":"vert acide","price":"12","price_type":"quantity_based","image":0,"visibility":true},{"label":"bleu clair","price":"12","price_type":"quantity_based","image":0,"visibility":true},{"label":"Bleu ciel","price":"12","price_type":"quantity_based","image":0,"visibility":true},{"label":"Bleu ciel","price":"12","price_type":"quantity_based","image":0,"visibility":true},{"label":"ivoire","price":"12","price_type":"quantity_based","image":0,"visibility":true},{"label":"rouge vin","price":"12","price_type":"quantity_based","image":0,"visibility":true},{"label":"rouge signal","price":"12","price_type":"quantity_based","image":0,"visibility":true},{"label":"jaune","price":"12","price_type":"quantity_based","image":0,"visibility":true},{"label":"orange","price":"12","price_type":"quantity_based","image":0,"visibility":true},{"label":"lilic","price":"12","price_type":"quantity_based","image":0,"visibility":true},{"label":"argent","price":"12","price_type":"quantity_based","image":0,"visibility":true},{"label":"or","price":"12","price_type":"quantity_based","image":0,"visibility":true},{"label":"Rose","price":"12","price_type":"quantity_based","image":0,"visibility":true},{"label":"noir","price":"12","price_type":"quantity_based","image":0,"visibility":true},{"label":"violet","price":"12","price_type":"quantity_based","image":0,"visibility":true},{"label":"Couleur Ral","price":"60","price_type":"quantity_based","image":0,"visibility":true}],"id":1718292938},{"name":"colonne","type":"multiple_choice","position":2,"required":true,"title_format":"heading","default":"","description_enable":false,"description":"","placeholder_enable":false,"placeholder":"","display":"select","restrictions_type":"any_text","adjust_price":false,"price":"","price_type":"flat_fee","restrictions":false,"min":"0","max":"0","options":[{"label":"sans colonne armoire","price":"","price_type":"quantity_based","image":0,"visibility":true},{"label":"34 H163 D27 ouverture \u00e0 gauche","price":"240","price_type":"quantity_based","image":0,"visibility":true},{"label":"34 H163 D27 ouverture \u00e0 droite","price":"240","price_type":"quantity_based","image":0,"visibility":true}],"id":1718292939},{"name":"couleur","type":"multiple_choice","position":3,"required":true,"title_format":"heading","default":"","description_enable":false,"description":"","placeholder_enable":false,"placeholder":"","display":"select","restrictions_type":"any_text","adjust_price":false,"price":"","price_type":"flat_fee","restrictions":false,"min":"0","max":"0","options":[{"label":"Brillant","price":"","price_type":"quantity_based","image":0,"visibility":true},{"label":"Opaque","price":"","price_type":"quantity_based","image":0,"visibility":true}],"id":1718292940},{"name":"meuble","type":"multiple_choice","position":4,"required":true,"title_format":"heading","default":"","description_enable":false,"description":"","placeholder_enable":false,"placeholder":"","display":"select","restrictions_type":"any_text","adjust_price":false,"price":"","price_type":"flat_fee","restrictions":false,"min":"0","max":"0","options":[{"label":"avec 1 tiroir","price":"","price_type":"quantity_based","image":0,"visibility":true},{"label":"avec 2 tiroirs","price":"72","price_type":"quantity_based","image":0,"visibility":true}],"id":1718292941},{"name":"type","type":"multiple_choice","position":5,"required":true,"title_format":"heading","default":"","description_enable":false,"description":"","placeholder_enable":false,"placeholder":"","display":"select","restrictions_type":"any_text","adjust_price":false,"price":"","price_type":"flat_fee","restrictions":false,"min":"0","max":"0","options":[{"label":"poign\u00e9e \u00e0 strass","price":"","price_type":"quantity_based","image":0,"visibility":true},{"label":"poign\u00e9e de ligne","price":"","price_type":"quantity_based","image":0,"visibility":true},{"label":"poign\u00e9e art chic","price":"","price_type":"quantity_based","image":0,"visibility":true}],"id":1718292942}],"yoast_head":"<!-- This site is optimized with the Yoast SEO plugin v26.7 - https:\/\/yoast.com\/wordpress\/plugins\/seo\/ -->\n<title>Meuble de salle de bain Magic 80x40 cm en 25 couleurs avec un ou deux tiroirs<\/title>\n<meta name=\"description\" content=\"Ensemble de meubles de salle de bains modernes laqu\u00e9s Magic, avec lavabo en c\u00e9ramique de 80 cm et miroir de 80 x 60 cm avec appliques. Disponible en 20 couleurs - Bagno Italia\" \/>\n<meta name=\"robots\" content=\"index, follow, max-snippet:-1, max-image-preview:large, max-video-preview:-1\" \/>\n<link rel=\"canonical\" href=\"https:\/\/www.bagnoitalia.com\/fr\/produit\/magic-bathroom-furniture-80x40-cm-en-25-couleurs-avec-un-ou-deux-tiroirs.html\" \/>\n<meta property=\"og:locale\" content=\"fr_FR\" \/>\n<meta property=\"og:type\" content=\"article\" \/>\n<meta property=\"og:title\" content=\"Meuble de salle de bain Magic 80x40 cm en 25 couleurs avec un ou deux tiroirs\" \/>\n<meta property=\"og:description\" content=\"Ensemble de meubles de salle de bains modernes laqu\u00e9s Magic, avec lavabo en c\u00e9ramique de 80 cm et miroir de 80 x 60 cm avec appliques. Disponible en 20 couleurs - Bagno Italia\" \/>\n<meta property=\"og:url\" content=\"https:\/\/www.bagnoitalia.com\/fr\/produit\/magic-bathroom-furniture-80x40-cm-en-25-couleurs-avec-un-ou-deux-tiroirs.html\" \/>\n<meta property=\"og:site_name\" content=\"Bagno Italia\" \/>\n<meta property=\"article:modified_time\" content=\"2025-02-20T11:28:44+00:00\" \/>\n<meta property=\"og:image\" content=\"https:\/\/img.bagnoitalia.com\/wp-content\/uploads\/virtuemart\/product\/80x40cn-bathroom-vanity-Magic-1_1542299628_5.jpg\" \/>\n\t<meta property=\"og:image:width\" content=\"565\" \/>\n\t<meta property=\"og:image:height\" content=\"565\" \/>\n\t<meta property=\"og:image:type\" content=\"image\/jpeg\" \/>\n<meta name=\"twitter:card\" content=\"summary_large_image\" \/>\n<meta name=\"twitter:label1\" content=\"Dur\u00e9e de lecture estim\u00e9e\" \/>\n\t<meta name=\"twitter:data1\" content=\"3 minutes\" \/>\n<script type=\"application\/ld+json\" class=\"yoast-schema-graph\">{\"@context\":\"https:\/\/schema.org\",\"@graph\":[{\"@type\":\"WebPage\",\"@id\":\"https:\/\/www.bagnoitalia.com\/fr\/produit\/magic-bathroom-furniture-80x40-cm-en-25-couleurs-avec-un-ou-deux-tiroirs.html\",\"url\":\"https:\/\/www.bagnoitalia.com\/fr\/produit\/magic-bathroom-furniture-80x40-cm-en-25-couleurs-avec-un-ou-deux-tiroirs.html\",\"name\":\"Meuble de salle de bain Magic 80x40 cm en 25 couleurs avec un ou deux tiroirs\",\"isPartOf\":{\"@id\":\"https:\/\/www.bagnoitalia.com\/fr#website\"},\"primaryImageOfPage\":{\"@id\":\"https:\/\/www.bagnoitalia.com\/fr\/produit\/magic-bathroom-furniture-80x40-cm-en-25-couleurs-avec-un-ou-deux-tiroirs.html#primaryimage\"},\"image\":{\"@id\":\"https:\/\/www.bagnoitalia.com\/fr\/produit\/magic-bathroom-furniture-80x40-cm-en-25-couleurs-avec-un-ou-deux-tiroirs.html#primaryimage\"},\"thumbnailUrl\":\"https:\/\/img.bagnoitalia.com\/wp-content\/uploads\/virtuemart\/product\/80x40cn-bathroom-vanity-Magic-1_1542299628_5.jpg\",\"datePublished\":\"2014-03-31T07:52:45+00:00\",\"dateModified\":\"2025-02-20T11:28:44+00:00\",\"description\":\"Ensemble de meubles de salle de bains modernes laqu\u00e9s Magic, avec lavabo en c\u00e9ramique de 80 cm et miroir de 80 x 60 cm avec appliques. Disponible en 20 couleurs - Bagno Italia\",\"breadcrumb\":{\"@id\":\"https:\/\/www.bagnoitalia.com\/fr\/produit\/magic-bathroom-furniture-80x40-cm-en-25-couleurs-avec-un-ou-deux-tiroirs.html#breadcrumb\"},\"inLanguage\":\"fr-FR\",\"potentialAction\":[{\"@type\":\"ReadAction\",\"target\":[\"https:\/\/www.bagnoitalia.com\/fr\/produit\/magic-bathroom-furniture-80x40-cm-en-25-couleurs-avec-un-ou-deux-tiroirs.html\"]}]},{\"@type\":\"ImageObject\",\"inLanguage\":\"fr-FR\",\"@id\":\"https:\/\/www.bagnoitalia.com\/fr\/produit\/magic-bathroom-furniture-80x40-cm-en-25-couleurs-avec-un-ou-deux-tiroirs.html#primaryimage\",\"url\":\"https:\/\/img.bagnoitalia.com\/wp-content\/uploads\/virtuemart\/product\/80x40cn-bathroom-vanity-Magic-1_1542299628_5.jpg\",\"contentUrl\":\"https:\/\/img.bagnoitalia.com\/wp-content\/uploads\/virtuemart\/product\/80x40cn-bathroom-vanity-Magic-1_1542299628_5.jpg\",\"width\":565,\"height\":565},{\"@type\":\"BreadcrumbList\",\"@id\":\"https:\/\/www.bagnoitalia.com\/fr\/produit\/magic-bathroom-furniture-80x40-cm-en-25-couleurs-avec-un-ou-deux-tiroirs.html#breadcrumb\",\"itemListElement\":[{\"@type\":\"ListItem\",\"position\":1,\"name\":\"Home\",\"item\":\"https:\/\/www.bagnoitalia.com\/fr\"},{\"@type\":\"ListItem\",\"position\":2,\"name\":\"Produits\",\"item\":\"https:\/\/www.bagnoitalia.com\/fr\/shop\"},{\"@type\":\"ListItem\",\"position\":3,\"name\":\"Meuble de salle de bain Magic 80&#215;40 cm en 25 couleurs avec un ou deux tiroirs\"}]},{\"@type\":\"WebSite\",\"@id\":\"https:\/\/www.bagnoitalia.com\/fr#website\",\"url\":\"https:\/\/www.bagnoitalia.com\/fr\",\"name\":\"Bagno Italia\",\"description\":\"\",\"publisher\":{\"@id\":\"https:\/\/www.bagnoitalia.com\/fr#organization\"},\"potentialAction\":[{\"@type\":\"SearchAction\",\"target\":{\"@type\":\"EntryPoint\",\"urlTemplate\":\"https:\/\/www.bagnoitalia.com\/fr?s={search_term_string}\"},\"query-input\":{\"@type\":\"PropertyValueSpecification\",\"valueRequired\":true,\"valueName\":\"search_term_string\"}}],\"inLanguage\":\"fr-FR\"},{\"@type\":\"Organization\",\"@id\":\"https:\/\/www.bagnoitalia.com\/fr#organization\",\"name\":\"Bagno Italia\",\"url\":\"https:\/\/www.bagnoitalia.com\/fr\",\"logo\":{\"@type\":\"ImageObject\",\"inLanguage\":\"fr-FR\",\"@id\":\"https:\/\/www.bagnoitalia.com\/fr#\/schema\/logo\/image\/\",\"url\":\"https:\/\/img.bagnoitalia.com\/wp-content\/uploads\/logo-bagnoitalia.webp\",\"contentUrl\":\"https:\/\/img.bagnoitalia.com\/wp-content\/uploads\/logo-bagnoitalia.webp\",\"width\":400,\"height\":70,\"caption\":\"Bagno Italia\"},\"image\":{\"@id\":\"https:\/\/www.bagnoitalia.com\/fr#\/schema\/logo\/image\/\"}}]}<\/script>\n<!-- \/ Yoast SEO plugin. -->","yoast_head_json":{"title":"Meuble de salle de bain Magic 80x40 cm en 25 couleurs avec un ou deux tiroirs","description":"Ensemble de meubles de salle de bains modernes laqu\u00e9s Magic, avec lavabo en c\u00e9ramique de 80 cm et miroir de 80 x 60 cm avec appliques. Disponible en 20 couleurs - Bagno Italia","robots":{"index":"index","follow":"follow","max-snippet":"max-snippet:-1","max-image-preview":"max-image-preview:large","max-video-preview":"max-video-preview:-1"},"canonical":"https:\/\/www.bagnoitalia.com\/fr\/produit\/magic-bathroom-furniture-80x40-cm-en-25-couleurs-avec-un-ou-deux-tiroirs.html","og_locale":"fr_FR","og_type":"article","og_title":"Meuble de salle de bain Magic 80x40 cm en 25 couleurs avec un ou deux tiroirs","og_description":"Ensemble de meubles de salle de bains modernes laqu\u00e9s Magic, avec lavabo en c\u00e9ramique de 80 cm et miroir de 80 x 60 cm avec appliques. Disponible en 20 couleurs - Bagno Italia","og_url":"https:\/\/www.bagnoitalia.com\/fr\/produit\/magic-bathroom-furniture-80x40-cm-en-25-couleurs-avec-un-ou-deux-tiroirs.html","og_site_name":"Bagno Italia","article_modified_time":"2025-02-20T11:28:44+00:00","og_image":[{"width":565,"height":565,"url":"https:\/\/img.bagnoitalia.com\/wp-content\/uploads\/virtuemart\/product\/80x40cn-bathroom-vanity-Magic-1_1542299628_5.jpg","type":"image\/jpeg"}],"twitter_card":"summary_large_image","twitter_misc":{"Dur\u00e9e de lecture estim\u00e9e":"3 minutes"},"schema":{"@context":"https:\/\/schema.org","@graph":[{"@type":"WebPage","@id":"https:\/\/www.bagnoitalia.com\/fr\/produit\/magic-bathroom-furniture-80x40-cm-en-25-couleurs-avec-un-ou-deux-tiroirs.html","url":"https:\/\/www.bagnoitalia.com\/fr\/produit\/magic-bathroom-furniture-80x40-cm-en-25-couleurs-avec-un-ou-deux-tiroirs.html","name":"Meuble de salle de bain Magic 80x40 cm en 25 couleurs avec un ou deux tiroirs","isPartOf":{"@id":"https:\/\/www.bagnoitalia.com\/fr#website"},"primaryImageOfPage":{"@id":"https:\/\/www.bagnoitalia.com\/fr\/produit\/magic-bathroom-furniture-80x40-cm-en-25-couleurs-avec-un-ou-deux-tiroirs.html#primaryimage"},"image":{"@id":"https:\/\/www.bagnoitalia.com\/fr\/produit\/magic-bathroom-furniture-80x40-cm-en-25-couleurs-avec-un-ou-deux-tiroirs.html#primaryimage"},"thumbnailUrl":"https:\/\/img.bagnoitalia.com\/wp-content\/uploads\/virtuemart\/product\/80x40cn-bathroom-vanity-Magic-1_1542299628_5.jpg","datePublished":"2014-03-31T07:52:45+00:00","dateModified":"2025-02-20T11:28:44+00:00","description":"Ensemble de meubles de salle de bains modernes laqu\u00e9s Magic, avec lavabo en c\u00e9ramique de 80 cm et miroir de 80 x 60 cm avec appliques. Disponible en 20 couleurs - Bagno Italia","breadcrumb":{"@id":"https:\/\/www.bagnoitalia.com\/fr\/produit\/magic-bathroom-furniture-80x40-cm-en-25-couleurs-avec-un-ou-deux-tiroirs.html#breadcrumb"},"inLanguage":"fr-FR","potentialAction":[{"@type":"ReadAction","target":["https:\/\/www.bagnoitalia.com\/fr\/produit\/magic-bathroom-furniture-80x40-cm-en-25-couleurs-avec-un-ou-deux-tiroirs.html"]}]},{"@type":"ImageObject","inLanguage":"fr-FR","@id":"https:\/\/www.bagnoitalia.com\/fr\/produit\/magic-bathroom-furniture-80x40-cm-en-25-couleurs-avec-un-ou-deux-tiroirs.html#primaryimage","url":"https:\/\/img.bagnoitalia.com\/wp-content\/uploads\/virtuemart\/product\/80x40cn-bathroom-vanity-Magic-1_1542299628_5.jpg","contentUrl":"https:\/\/img.bagnoitalia.com\/wp-content\/uploads\/virtuemart\/product\/80x40cn-bathroom-vanity-Magic-1_1542299628_5.jpg","width":565,"height":565},{"@type":"BreadcrumbList","@id":"https:\/\/www.bagnoitalia.com\/fr\/produit\/magic-bathroom-furniture-80x40-cm-en-25-couleurs-avec-un-ou-deux-tiroirs.html#breadcrumb","itemListElement":[{"@type":"ListItem","position":1,"name":"Home","item":"https:\/\/www.bagnoitalia.com\/fr"},{"@type":"ListItem","position":2,"name":"Produits","item":"https:\/\/www.bagnoitalia.com\/fr\/shop"},{"@type":"ListItem","position":3,"name":"Meuble de salle de bain Magic 80&#215;40 cm en 25 couleurs avec un ou deux tiroirs"}]},{"@type":"WebSite","@id":"https:\/\/www.bagnoitalia.com\/fr#website","url":"https:\/\/www.bagnoitalia.com\/fr","name":"Bagno Italia","description":"","publisher":{"@id":"https:\/\/www.bagnoitalia.com\/fr#organization"},"potentialAction":[{"@type":"SearchAction","target":{"@type":"EntryPoint","urlTemplate":"https:\/\/www.bagnoitalia.com\/fr?s={search_term_string}"},"query-input":{"@type":"PropertyValueSpecification","valueRequired":true,"valueName":"search_term_string"}}],"inLanguage":"fr-FR"},{"@type":"Organization","@id":"https:\/\/www.bagnoitalia.com\/fr#organization","name":"Bagno Italia","url":"https:\/\/www.bagnoitalia.com\/fr","logo":{"@type":"ImageObject","inLanguage":"fr-FR","@id":"https:\/\/www.bagnoitalia.com\/fr#\/schema\/logo\/image\/","url":"https:\/\/img.bagnoitalia.com\/wp-content\/uploads\/logo-bagnoitalia.webp","contentUrl":"https:\/\/img.bagnoitalia.com\/wp-content\/uploads\/logo-bagnoitalia.webp","width":400,"height":70,"caption":"Bagno Italia"},"image":{"@id":"https:\/\/www.bagnoitalia.com\/fr#\/schema\/logo\/image\/"}}]}},"_links":{"self":[{"href":"https:\/\/www.bagnoitalia.com\/fr\/wp-json\/wp\/v2\/product\/77230","targetHints":{"allow":["GET"]}}],"collection":[{"href":"https:\/\/www.bagnoitalia.com\/fr\/wp-json\/wp\/v2\/product"}],"about":[{"href":"https:\/\/www.bagnoitalia.com\/fr\/wp-json\/wp\/v2\/types\/product"}],"replies":[{"embeddable":true,"href":"https:\/\/www.bagnoitalia.com\/fr\/wp-json\/wp\/v2\/comments?post=77230"}],"version-history":[{"count":1,"href":"https:\/\/www.bagnoitalia.com\/fr\/wp-json\/wp\/v2\/product\/77230\/revisions"}],"predecessor-version":[{"id":90122,"href":"https:\/\/www.bagnoitalia.com\/fr\/wp-json\/wp\/v2\/product\/77230\/revisions\/90122"}],"wp:featuredmedia":[{"embeddable":true,"href":"https:\/\/www.bagnoitalia.com\/fr\/wp-json\/wp\/v2\/media\/10826"}],"wp:attachment":[{"href":"https:\/\/www.bagnoitalia.com\/fr\/wp-json\/wp\/v2\/media?parent=77230"}],"wp:term":[{"taxonomy":"product_brand","embeddable":true,"href":"https:\/\/www.bagnoitalia.com\/fr\/wp-json\/wp\/v2\/product_brand?post=77230"},{"taxonomy":"product_cat","embeddable":true,"href":"https:\/\/www.bagnoitalia.com\/fr\/wp-json\/wp\/v2\/product_cat?post=77230"},{"taxonomy":"product_tag","embeddable":true,"href":"https:\/\/www.bagnoitalia.com\/fr\/wp-json\/wp\/v2\/product_tag?post=77230"}],"curies":[{"name":"wp","href":"https:\/\/api.w.org\/{rel}","templated":true}]}}