{"id":77202,"date":"2010-04-13T22:13:44","date_gmt":"2010-04-13T20:13:44","guid":{"rendered":"https:\/\/www.bagnoitalia.com\/product\/cleo-bathroom-furniture-70-30-cm-avec-lavabo-blanc-brillant-semi-encastre"},"modified":"2025-12-11T09:46:49","modified_gmt":"2025-12-11T08:46:49","slug":"cleo-bathroom-furniture-70-30-cm-avec-lavabo-blanc-brillant-semi-encastre","status":"publish","type":"product","link":"https:\/\/www.bagnoitalia.com\/fr\/produit\/cleo-bathroom-furniture-70-30-cm-avec-lavabo-blanc-brillant-semi-encastre.html","title":{"rendered":"Meuble de salle de bains Cleo 70+30 cm avec vasque semi-encastr\u00e9e en blanc brillant"},"content":{"rendered":"<p><span dir=\"auto\">CLEO est un meuble-lavabo avec vasque semi-encastr\u00e9e en c\u00e9ramique et plan de travail en marbre blanc de Carrare. Vous pouvez \u00e9galement ajouter une armoire de 30 cm de haut avec \u00e9tag\u00e8res en verre ou une armoire haute via le menu d\u00e9roulant.<\/span><\/p>\n<p><strong><span dir=\"auto\">ATTENTION :\u00a0<\/span><span dir=\"auto\">LE MIROIR N&rsquo;EST PLUS DISPONIBLE,<\/span><span dir=\"auto\">\u00a0IL N&rsquo;EST DONC PAS INCLUS DANS L&rsquo;OFFRE.<\/span><\/strong><\/p>\n<p>&nbsp;<\/p>\n<p><strong><span dir=\"auto\">Le prix indiqu\u00e9 ci-dessus comprend\u00a0:<\/span><\/strong><\/p>\n<p><span dir=\"auto\">N\u00b01 Base Cleo 70 cm (profondeur du meuble 34 cm)<\/span><\/p>\n<p><span dir=\"auto\">Lavabo semi-encastr\u00e9 en c\u00e9ramique n\u00b0 1 (profondeur \u00e0 partir du centre du lavabo\u00a0: 57\u00a0cm)<\/span><\/p>\n<p><span dir=\"auto\">Plateau en marbre blanc de Carrare n\u00b0 1, 70 cm<\/span><\/p>\n<p>&nbsp;<\/p>\n<p><span dir=\"auto\">La\u00a0<\/span><strong><span dir=\"auto\">demi-colonne<\/span><\/strong><span dir=\"auto\">\u00a0de 30 cm avec \u00e9tag\u00e8res en verre n&rsquo;est pas incluse dans le prix indiqu\u00e9 ci-dessus, mais peut\u00a0<\/span><strong><span dir=\"auto\">\u00eatre ajout\u00e9e<\/span><\/strong><span dir=\"auto\">\u00a0dans le menu en haut \u00e0 droite.<\/span><\/p>\n<p>&nbsp;<\/p>\n<p><span dir=\"auto\">Dimensions : 70 + 30 (colonne optionnelle) x 34 de profondeur x 190 de hauteur<\/span><\/p>\n<p><strong><span dir=\"auto\">Mat\u00e9riaux utilis\u00e9s<\/span><\/strong><\/p>\n<p><span dir=\"auto\">Base du lavabo : en MDF<\/span><\/p>\n<p><span dir=\"auto\">Portes : en MDF laqu\u00e9 (densit\u00e9 moyenne)<\/span><\/p>\n<p><span dir=\"auto\">\u00c9vier : c\u00e9ramique<\/span><\/p>\n<p><span dir=\"auto\">Poign\u00e9es : chrome poli<\/span><\/p>\n<p><span dir=\"auto\">Guides : m\u00e9tal<\/span><\/p>\n<p>&nbsp;<\/p>\n<p><strong><span dir=\"auto\"><span class=\"\" dir=\"auto\">ATTENTION\u00a0: LA COLONNE HAUTE EST SANS POIGN\u00c9E, COMME ILLUSTR\u00c9 SUR LA PHOTO CI-DESSOUS\u00a0:<\/span><\/span><\/strong><\/p>\n<p><img fetchpriority=\"high\" decoding=\"async\" class=\"alignnone size-full wp-image-118595\" src=\"https:\/\/img.bagnoitalia.it\/wp-content\/uploads\/colonna-alta-ante-cassetti-bianca.jpg\" sizes=\"(max-width: 550px) 100vw, 550px\" srcset=\"https:\/\/translate.google.com\/website?sl=it&amp;tl=fr&amp;hl=it&amp;client=webapp&amp;u=https:\/\/img.bagnoitalia.it\/wp-content\/uploads\/colonna-alta-ante-cassetti-bianca.jpg 550w,https:\/\/translate.google.com\/website?sl=it&amp;tl=fr&amp;hl=it&amp;client=webapp&amp;u=https:\/\/img.bagnoitalia.it\/wp-content\/uploads\/colonna-alta-ante-cassetti-bianca-441x441.jpg 441w,https:\/\/translate.google.com\/website?sl=it&amp;tl=fr&amp;hl=it&amp;client=webapp&amp;u=https:\/\/img.bagnoitalia.it\/wp-content\/uploads\/colonna-alta-ante-cassetti-bianca-100x100.jpg 100w,https:\/\/translate.google.com\/website?sl=it&amp;tl=fr&amp;hl=it&amp;client=webapp&amp;u=https:\/\/img.bagnoitalia.it\/wp-content\/uploads\/colonna-alta-ante-cassetti-bianca-150x150.jpg 150w\" alt=\"\" width=\"550\" height=\"550\" \/><\/p>\n","protected":false},"excerpt":{"rendered":"<p>Le meuble-lavabo Cleo de 70 cm est dot\u00e9 de deux portes. Une demi-colonne avec \u00e9tag\u00e8res de 30 cm peut \u00e9galement \u00eatre achet\u00e9e (pour compl\u00e9ter la composition pr\u00e9sent\u00e9e sur la photo principale). La vasque est en c\u00e9ramique. ATTENTION\u00a0: LE MIROIR N&rsquo;EST PLUS DISPONIBLE ET N&rsquo;EST PAS INCLUS DANS CETTE OFFRE.<\/p>\n","protected":false},"featured_media":10642,"comment_status":"open","ping_status":"closed","template":"","meta":[],"product_brand":[9897],"product_cat":[9659],"product_tag":[],"class_list":{"0":"post-77202","1":"product","2":"type-product","3":"status-publish","4":"has-post-thumbnail","6":"product_brand-baden-haus-fr","7":"product_cat-meubles-de-salle-de-bain-bon-marche","9":"first","10":"instock","11":"sale","12":"taxable","13":"shipping-taxable","14":"purchasable","15":"product-type-simple"},"exclude_global_add_ons":false,"addons":[{"name":"Demi-p\u00e9destal de 30 cm","type":"multiple_choice","position":0,"required":true,"title_format":"heading","default":"","description_enable":false,"description":"","placeholder_enable":false,"placeholder":"","display":"select","restrictions_type":"any_text","adjust_price":false,"price":"","price_type":"flat_fee","restrictions":false,"min":"0","max":"0","options":[{"label":"Pas de colonne","price":"","price_type":"quantity_based","image":0,"visibility":true},{"label":"avec \u00e9tag\u00e8res et meuble demi-colonne","price":"150","price_type":"quantity_based","image":0,"visibility":true}],"id":1716304013}],"yoast_head":"<!-- This site is optimized with the Yoast SEO plugin v26.7 - https:\/\/yoast.com\/wordpress\/plugins\/seo\/ -->\n<title>Meuble de salle de bain Cleo 70 + 30 cm blanc brillant avec lavabo semi-encastr\u00e9<\/title>\n<meta name=\"description\" content=\"Armoire de toilette Cleo White - Complet avec base Leo, lavabo en c\u00e9ramique, plateau en marbre, miroir 70x103cm et Tettino avec \u00e9clairage.\" \/>\n<meta name=\"robots\" content=\"index, follow, max-snippet:-1, max-image-preview:large, max-video-preview:-1\" \/>\n<link rel=\"canonical\" href=\"https:\/\/www.bagnoitalia.com\/fr\/produit\/cleo-bathroom-furniture-70-30-cm-avec-lavabo-blanc-brillant-semi-encastre.html\" \/>\n<meta property=\"og:locale\" content=\"fr_FR\" \/>\n<meta property=\"og:type\" content=\"article\" \/>\n<meta property=\"og:title\" content=\"Meuble de salle de bain Cleo 70 + 30 cm blanc brillant avec lavabo semi-encastr\u00e9\" \/>\n<meta property=\"og:description\" content=\"Armoire de toilette Cleo White - Complet avec base Leo, lavabo en c\u00e9ramique, plateau en marbre, miroir 70x103cm et Tettino avec \u00e9clairage.\" \/>\n<meta property=\"og:url\" content=\"https:\/\/www.bagnoitalia.com\/fr\/produit\/cleo-bathroom-furniture-70-30-cm-avec-lavabo-blanc-brillant-semi-encastre.html\" \/>\n<meta property=\"og:site_name\" content=\"Bagno Italia\" \/>\n<meta property=\"article:modified_time\" content=\"2025-12-11T08:46:49+00:00\" \/>\n<meta property=\"og:image\" content=\"https:\/\/img.bagnoitalia.com\/wp-content\/uploads\/virtuemart\/product\/Bathroom-white-cm-70-washbasin-Cleo-model-2165_1542706759_578.jpg\" \/>\n\t<meta property=\"og:image:width\" content=\"712\" \/>\n\t<meta property=\"og:image:height\" content=\"998\" \/>\n\t<meta property=\"og:image:type\" content=\"image\/jpeg\" \/>\n<meta name=\"twitter:card\" content=\"summary_large_image\" \/>\n<meta name=\"twitter:label1\" content=\"Dur\u00e9e de lecture estim\u00e9e\" \/>\n\t<meta name=\"twitter:data1\" content=\"2 minutes\" \/>\n<script type=\"application\/ld+json\" class=\"yoast-schema-graph\">{\"@context\":\"https:\/\/schema.org\",\"@graph\":[{\"@type\":\"WebPage\",\"@id\":\"https:\/\/www.bagnoitalia.com\/fr\/produit\/cleo-bathroom-furniture-70-30-cm-avec-lavabo-blanc-brillant-semi-encastre.html\",\"url\":\"https:\/\/www.bagnoitalia.com\/fr\/produit\/cleo-bathroom-furniture-70-30-cm-avec-lavabo-blanc-brillant-semi-encastre.html\",\"name\":\"Meuble de salle de bain Cleo 70 + 30 cm blanc brillant avec lavabo semi-encastr\u00e9\",\"isPartOf\":{\"@id\":\"https:\/\/www.bagnoitalia.com\/fr#website\"},\"primaryImageOfPage\":{\"@id\":\"https:\/\/www.bagnoitalia.com\/fr\/produit\/cleo-bathroom-furniture-70-30-cm-avec-lavabo-blanc-brillant-semi-encastre.html#primaryimage\"},\"image\":{\"@id\":\"https:\/\/www.bagnoitalia.com\/fr\/produit\/cleo-bathroom-furniture-70-30-cm-avec-lavabo-blanc-brillant-semi-encastre.html#primaryimage\"},\"thumbnailUrl\":\"https:\/\/img.bagnoitalia.com\/wp-content\/uploads\/virtuemart\/product\/Bathroom-white-cm-70-washbasin-Cleo-model-2165_1542706759_578.jpg\",\"datePublished\":\"2010-04-13T20:13:44+00:00\",\"dateModified\":\"2025-12-11T08:46:49+00:00\",\"description\":\"Armoire de toilette Cleo White - Complet avec base Leo, lavabo en c\u00e9ramique, plateau en marbre, miroir 70x103cm et Tettino avec \u00e9clairage.\",\"breadcrumb\":{\"@id\":\"https:\/\/www.bagnoitalia.com\/fr\/produit\/cleo-bathroom-furniture-70-30-cm-avec-lavabo-blanc-brillant-semi-encastre.html#breadcrumb\"},\"inLanguage\":\"fr-FR\",\"potentialAction\":[{\"@type\":\"ReadAction\",\"target\":[\"https:\/\/www.bagnoitalia.com\/fr\/produit\/cleo-bathroom-furniture-70-30-cm-avec-lavabo-blanc-brillant-semi-encastre.html\"]}]},{\"@type\":\"ImageObject\",\"inLanguage\":\"fr-FR\",\"@id\":\"https:\/\/www.bagnoitalia.com\/fr\/produit\/cleo-bathroom-furniture-70-30-cm-avec-lavabo-blanc-brillant-semi-encastre.html#primaryimage\",\"url\":\"https:\/\/img.bagnoitalia.com\/wp-content\/uploads\/virtuemart\/product\/Bathroom-white-cm-70-washbasin-Cleo-model-2165_1542706759_578.jpg\",\"contentUrl\":\"https:\/\/img.bagnoitalia.com\/wp-content\/uploads\/virtuemart\/product\/Bathroom-white-cm-70-washbasin-Cleo-model-2165_1542706759_578.jpg\",\"width\":712,\"height\":998},{\"@type\":\"BreadcrumbList\",\"@id\":\"https:\/\/www.bagnoitalia.com\/fr\/produit\/cleo-bathroom-furniture-70-30-cm-avec-lavabo-blanc-brillant-semi-encastre.html#breadcrumb\",\"itemListElement\":[{\"@type\":\"ListItem\",\"position\":1,\"name\":\"Home\",\"item\":\"https:\/\/www.bagnoitalia.com\/fr\"},{\"@type\":\"ListItem\",\"position\":2,\"name\":\"Produits\",\"item\":\"https:\/\/www.bagnoitalia.com\/fr\/shop\"},{\"@type\":\"ListItem\",\"position\":3,\"name\":\"Meuble de salle de bains Cleo 70+30 cm avec vasque semi-encastr\u00e9e en blanc brillant\"}]},{\"@type\":\"WebSite\",\"@id\":\"https:\/\/www.bagnoitalia.com\/fr#website\",\"url\":\"https:\/\/www.bagnoitalia.com\/fr\",\"name\":\"Bagno Italia\",\"description\":\"\",\"publisher\":{\"@id\":\"https:\/\/www.bagnoitalia.com\/fr#organization\"},\"potentialAction\":[{\"@type\":\"SearchAction\",\"target\":{\"@type\":\"EntryPoint\",\"urlTemplate\":\"https:\/\/www.bagnoitalia.com\/fr?s={search_term_string}\"},\"query-input\":{\"@type\":\"PropertyValueSpecification\",\"valueRequired\":true,\"valueName\":\"search_term_string\"}}],\"inLanguage\":\"fr-FR\"},{\"@type\":\"Organization\",\"@id\":\"https:\/\/www.bagnoitalia.com\/fr#organization\",\"name\":\"Bagno Italia\",\"url\":\"https:\/\/www.bagnoitalia.com\/fr\",\"logo\":{\"@type\":\"ImageObject\",\"inLanguage\":\"fr-FR\",\"@id\":\"https:\/\/www.bagnoitalia.com\/fr#\/schema\/logo\/image\/\",\"url\":\"https:\/\/img.bagnoitalia.com\/wp-content\/uploads\/logo-bagnoitalia.webp\",\"contentUrl\":\"https:\/\/img.bagnoitalia.com\/wp-content\/uploads\/logo-bagnoitalia.webp\",\"width\":400,\"height\":70,\"caption\":\"Bagno Italia\"},\"image\":{\"@id\":\"https:\/\/www.bagnoitalia.com\/fr#\/schema\/logo\/image\/\"}}]}<\/script>\n<!-- \/ Yoast SEO plugin. -->","yoast_head_json":{"title":"Meuble de salle de bain Cleo 70 + 30 cm blanc brillant avec lavabo semi-encastr\u00e9","description":"Armoire de toilette Cleo White - Complet avec base Leo, lavabo en c\u00e9ramique, plateau en marbre, miroir 70x103cm et Tettino avec \u00e9clairage.","robots":{"index":"index","follow":"follow","max-snippet":"max-snippet:-1","max-image-preview":"max-image-preview:large","max-video-preview":"max-video-preview:-1"},"canonical":"https:\/\/www.bagnoitalia.com\/fr\/produit\/cleo-bathroom-furniture-70-30-cm-avec-lavabo-blanc-brillant-semi-encastre.html","og_locale":"fr_FR","og_type":"article","og_title":"Meuble de salle de bain Cleo 70 + 30 cm blanc brillant avec lavabo semi-encastr\u00e9","og_description":"Armoire de toilette Cleo White - Complet avec base Leo, lavabo en c\u00e9ramique, plateau en marbre, miroir 70x103cm et Tettino avec \u00e9clairage.","og_url":"https:\/\/www.bagnoitalia.com\/fr\/produit\/cleo-bathroom-furniture-70-30-cm-avec-lavabo-blanc-brillant-semi-encastre.html","og_site_name":"Bagno Italia","article_modified_time":"2025-12-11T08:46:49+00:00","og_image":[{"width":712,"height":998,"url":"https:\/\/img.bagnoitalia.com\/wp-content\/uploads\/virtuemart\/product\/Bathroom-white-cm-70-washbasin-Cleo-model-2165_1542706759_578.jpg","type":"image\/jpeg"}],"twitter_card":"summary_large_image","twitter_misc":{"Dur\u00e9e de lecture estim\u00e9e":"2 minutes"},"schema":{"@context":"https:\/\/schema.org","@graph":[{"@type":"WebPage","@id":"https:\/\/www.bagnoitalia.com\/fr\/produit\/cleo-bathroom-furniture-70-30-cm-avec-lavabo-blanc-brillant-semi-encastre.html","url":"https:\/\/www.bagnoitalia.com\/fr\/produit\/cleo-bathroom-furniture-70-30-cm-avec-lavabo-blanc-brillant-semi-encastre.html","name":"Meuble de salle de bain Cleo 70 + 30 cm blanc brillant avec lavabo semi-encastr\u00e9","isPartOf":{"@id":"https:\/\/www.bagnoitalia.com\/fr#website"},"primaryImageOfPage":{"@id":"https:\/\/www.bagnoitalia.com\/fr\/produit\/cleo-bathroom-furniture-70-30-cm-avec-lavabo-blanc-brillant-semi-encastre.html#primaryimage"},"image":{"@id":"https:\/\/www.bagnoitalia.com\/fr\/produit\/cleo-bathroom-furniture-70-30-cm-avec-lavabo-blanc-brillant-semi-encastre.html#primaryimage"},"thumbnailUrl":"https:\/\/img.bagnoitalia.com\/wp-content\/uploads\/virtuemart\/product\/Bathroom-white-cm-70-washbasin-Cleo-model-2165_1542706759_578.jpg","datePublished":"2010-04-13T20:13:44+00:00","dateModified":"2025-12-11T08:46:49+00:00","description":"Armoire de toilette Cleo White - Complet avec base Leo, lavabo en c\u00e9ramique, plateau en marbre, miroir 70x103cm et Tettino avec \u00e9clairage.","breadcrumb":{"@id":"https:\/\/www.bagnoitalia.com\/fr\/produit\/cleo-bathroom-furniture-70-30-cm-avec-lavabo-blanc-brillant-semi-encastre.html#breadcrumb"},"inLanguage":"fr-FR","potentialAction":[{"@type":"ReadAction","target":["https:\/\/www.bagnoitalia.com\/fr\/produit\/cleo-bathroom-furniture-70-30-cm-avec-lavabo-blanc-brillant-semi-encastre.html"]}]},{"@type":"ImageObject","inLanguage":"fr-FR","@id":"https:\/\/www.bagnoitalia.com\/fr\/produit\/cleo-bathroom-furniture-70-30-cm-avec-lavabo-blanc-brillant-semi-encastre.html#primaryimage","url":"https:\/\/img.bagnoitalia.com\/wp-content\/uploads\/virtuemart\/product\/Bathroom-white-cm-70-washbasin-Cleo-model-2165_1542706759_578.jpg","contentUrl":"https:\/\/img.bagnoitalia.com\/wp-content\/uploads\/virtuemart\/product\/Bathroom-white-cm-70-washbasin-Cleo-model-2165_1542706759_578.jpg","width":712,"height":998},{"@type":"BreadcrumbList","@id":"https:\/\/www.bagnoitalia.com\/fr\/produit\/cleo-bathroom-furniture-70-30-cm-avec-lavabo-blanc-brillant-semi-encastre.html#breadcrumb","itemListElement":[{"@type":"ListItem","position":1,"name":"Home","item":"https:\/\/www.bagnoitalia.com\/fr"},{"@type":"ListItem","position":2,"name":"Produits","item":"https:\/\/www.bagnoitalia.com\/fr\/shop"},{"@type":"ListItem","position":3,"name":"Meuble de salle de bains Cleo 70+30 cm avec vasque semi-encastr\u00e9e en blanc brillant"}]},{"@type":"WebSite","@id":"https:\/\/www.bagnoitalia.com\/fr#website","url":"https:\/\/www.bagnoitalia.com\/fr","name":"Bagno Italia","description":"","publisher":{"@id":"https:\/\/www.bagnoitalia.com\/fr#organization"},"potentialAction":[{"@type":"SearchAction","target":{"@type":"EntryPoint","urlTemplate":"https:\/\/www.bagnoitalia.com\/fr?s={search_term_string}"},"query-input":{"@type":"PropertyValueSpecification","valueRequired":true,"valueName":"search_term_string"}}],"inLanguage":"fr-FR"},{"@type":"Organization","@id":"https:\/\/www.bagnoitalia.com\/fr#organization","name":"Bagno Italia","url":"https:\/\/www.bagnoitalia.com\/fr","logo":{"@type":"ImageObject","inLanguage":"fr-FR","@id":"https:\/\/www.bagnoitalia.com\/fr#\/schema\/logo\/image\/","url":"https:\/\/img.bagnoitalia.com\/wp-content\/uploads\/logo-bagnoitalia.webp","contentUrl":"https:\/\/img.bagnoitalia.com\/wp-content\/uploads\/logo-bagnoitalia.webp","width":400,"height":70,"caption":"Bagno Italia"},"image":{"@id":"https:\/\/www.bagnoitalia.com\/fr#\/schema\/logo\/image\/"}}]}},"_links":{"self":[{"href":"https:\/\/www.bagnoitalia.com\/fr\/wp-json\/wp\/v2\/product\/77202","targetHints":{"allow":["GET"]}}],"collection":[{"href":"https:\/\/www.bagnoitalia.com\/fr\/wp-json\/wp\/v2\/product"}],"about":[{"href":"https:\/\/www.bagnoitalia.com\/fr\/wp-json\/wp\/v2\/types\/product"}],"replies":[{"embeddable":true,"href":"https:\/\/www.bagnoitalia.com\/fr\/wp-json\/wp\/v2\/comments?post=77202"}],"version-history":[{"count":4,"href":"https:\/\/www.bagnoitalia.com\/fr\/wp-json\/wp\/v2\/product\/77202\/revisions"}],"predecessor-version":[{"id":115142,"href":"https:\/\/www.bagnoitalia.com\/fr\/wp-json\/wp\/v2\/product\/77202\/revisions\/115142"}],"wp:featuredmedia":[{"embeddable":true,"href":"https:\/\/www.bagnoitalia.com\/fr\/wp-json\/wp\/v2\/media\/10642"}],"wp:attachment":[{"href":"https:\/\/www.bagnoitalia.com\/fr\/wp-json\/wp\/v2\/media?parent=77202"}],"wp:term":[{"taxonomy":"product_brand","embeddable":true,"href":"https:\/\/www.bagnoitalia.com\/fr\/wp-json\/wp\/v2\/product_brand?post=77202"},{"taxonomy":"product_cat","embeddable":true,"href":"https:\/\/www.bagnoitalia.com\/fr\/wp-json\/wp\/v2\/product_cat?post=77202"},{"taxonomy":"product_tag","embeddable":true,"href":"https:\/\/www.bagnoitalia.com\/fr\/wp-json\/wp\/v2\/product_tag?post=77202"}],"curies":[{"name":"wp","href":"https:\/\/api.w.org\/{rel}","templated":true}]}}