{"id":76958,"date":"2009-08-06T00:02:07","date_gmt":"2009-08-05T22:02:07","guid":{"rendered":"https:\/\/www.bagnoitalia.com\/product\/base-polyvalente-laque-double-bas-60x81hx33-5-en-deux-couleurs"},"modified":"2024-09-20T16:32:13","modified_gmt":"2024-09-20T14:32:13","slug":"base-polyvalente-laque-double-bas-60x81hx33-5-en-deux-couleurs","status":"publish","type":"product","link":"https:\/\/www.bagnoitalia.com\/fr\/produit\/base-polyvalente-laque-double-bas-60x81hx33-5-en-deux-couleurs.html","title":{"rendered":"Placard double polyvalent laqu\u00e9 60x81hx33.5 cm en deux couleurs BM037"},"content":{"rendered":"<p><span style=\"font-size: 12pt;\"><strong>Placard polyvalent laqu\u00e9 blanc ou tabac<br \/>\n<\/strong><\/span><\/p>\n<p><span style=\"font-size: 12pt;\"><strong>La partie inf\u00e9rieure est \u00e9quip\u00e9e d&rsquo;une tablette<\/strong><\/span><\/p>\n<p><span style=\"font-size: 12pt;\"><strong>\u00a0<\/strong><\/span><\/p>\n<p><span style=\"font-size: 12pt;\"><strong>Mat\u00e9riaux utilis\u00e9s<\/strong><\/span><\/p>\n<p><span style=\"font-size: 12pt;\">Structure MDF<\/span><\/p>\n<p><span style=\"font-size: 12pt;\">Portes: en MDF (mediodensit)<\/span><\/p>\n<p><span style=\"font-size: 12pt;\">Portes et tiroirs \u00e0 fermeture amortie<\/span><\/p>\n<p><span style=\"font-size: 12pt;\">Couleurs: blanc brillant ou tabac<\/span><\/p>\n<p><span style=\"font-size: 12pt;\">Placard polyvalent sans poign\u00e9e (il y a une fente)<\/span><\/p>\n","protected":false},"excerpt":{"rendered":"<p>Placard double polyvalent laqu\u00e9 60x81hx33.5 cm en blanc brillant ou tabac<\/p>\n","protected":false},"featured_media":9402,"comment_status":"open","ping_status":"closed","template":"","meta":[],"product_brand":[9897],"product_cat":[9667,9663],"product_tag":[],"class_list":{"0":"post-76958","1":"product","2":"type-product","3":"status-publish","4":"has-post-thumbnail","6":"product_brand-baden-haus-fr","7":"product_cat-meubles-complementaires-modernes","8":"product_cat-complements-economiques","10":"first","11":"instock","12":"sale","13":"taxable","14":"shipping-taxable","15":"purchasable","16":"product-type-simple"},"exclude_global_add_ons":false,"addons":[{"name":"Couleur","type":"multiple_choice","position":0,"required":true,"title_format":"heading","default":"","description_enable":false,"description":"","placeholder_enable":false,"placeholder":"","display":"select","restrictions_type":"any_text","adjust_price":false,"price":"","price_type":"flat_fee","restrictions":false,"min":"0","max":"0","options":[{"label":"Blanc brillant","price":"","price_type":"quantity_based","image":0,"visibility":true},{"label":"tabac","price":"30","price_type":"quantity_based","image":0,"visibility":true}],"id":1717515089}],"yoast_head":"<!-- This site is optimized with the Yoast SEO plugin v26.7 - https:\/\/yoast.com\/wordpress\/plugins\/seo\/ -->\n<title>Placard double polyvalent laqu\u00e9 60x81hx33.5 cm en deux couleurs<\/title>\n<meta name=\"description\" content=\"Base de salle de bain double bas multi-usage, en blanc brillant ou tabac, en bois MDF, avec socle, dimensions 60x81hx33.5cm - Italia\" \/>\n<meta name=\"robots\" content=\"index, follow, max-snippet:-1, max-image-preview:large, max-video-preview:-1\" \/>\n<link rel=\"canonical\" href=\"https:\/\/www.bagnoitalia.com\/fr\/produit\/base-polyvalente-laque-double-bas-60x81hx33-5-en-deux-couleurs.html\" \/>\n<meta property=\"og:locale\" content=\"fr_FR\" \/>\n<meta property=\"og:type\" content=\"article\" \/>\n<meta property=\"og:title\" content=\"Placard double polyvalent laqu\u00e9 60x81hx33.5 cm en deux couleurs\" \/>\n<meta property=\"og:description\" content=\"Base de salle de bain double bas multi-usage, en blanc brillant ou tabac, en bois MDF, avec socle, dimensions 60x81hx33.5cm - Italia\" \/>\n<meta property=\"og:url\" content=\"https:\/\/www.bagnoitalia.com\/fr\/produit\/base-polyvalente-laque-double-bas-60x81hx33-5-en-deux-couleurs.html\" \/>\n<meta property=\"og:site_name\" content=\"Bagno Italia\" \/>\n<meta property=\"article:modified_time\" content=\"2024-09-20T14:32:13+00:00\" \/>\n<meta property=\"og:image\" content=\"https:\/\/img.bagnoitalia.com\/wp-content\/uploads\/virtuemart\/product\/Multipurpose-double-base-cabinet-48465_1542712019_3572.jpg\" \/>\n\t<meta property=\"og:image:width\" content=\"659\" \/>\n\t<meta property=\"og:image:height\" content=\"660\" \/>\n\t<meta property=\"og:image:type\" content=\"image\/jpeg\" \/>\n<meta name=\"twitter:card\" content=\"summary_large_image\" \/>\n<meta name=\"twitter:label1\" content=\"Dur\u00e9e de lecture estim\u00e9e\" \/>\n\t<meta name=\"twitter:data1\" content=\"1 minute\" \/>\n<script type=\"application\/ld+json\" class=\"yoast-schema-graph\">{\"@context\":\"https:\/\/schema.org\",\"@graph\":[{\"@type\":\"WebPage\",\"@id\":\"https:\/\/www.bagnoitalia.com\/fr\/produit\/base-polyvalente-laque-double-bas-60x81hx33-5-en-deux-couleurs.html\",\"url\":\"https:\/\/www.bagnoitalia.com\/fr\/produit\/base-polyvalente-laque-double-bas-60x81hx33-5-en-deux-couleurs.html\",\"name\":\"Placard double polyvalent laqu\u00e9 60x81hx33.5 cm en deux couleurs\",\"isPartOf\":{\"@id\":\"https:\/\/www.bagnoitalia.com\/fr#website\"},\"primaryImageOfPage\":{\"@id\":\"https:\/\/www.bagnoitalia.com\/fr\/produit\/base-polyvalente-laque-double-bas-60x81hx33-5-en-deux-couleurs.html#primaryimage\"},\"image\":{\"@id\":\"https:\/\/www.bagnoitalia.com\/fr\/produit\/base-polyvalente-laque-double-bas-60x81hx33-5-en-deux-couleurs.html#primaryimage\"},\"thumbnailUrl\":\"https:\/\/img.bagnoitalia.com\/wp-content\/uploads\/virtuemart\/product\/Multipurpose-double-base-cabinet-48465_1542712019_3572.jpg\",\"datePublished\":\"2009-08-05T22:02:07+00:00\",\"dateModified\":\"2024-09-20T14:32:13+00:00\",\"description\":\"Base de salle de bain double bas multi-usage, en blanc brillant ou tabac, en bois MDF, avec socle, dimensions 60x81hx33.5cm - Italia\",\"breadcrumb\":{\"@id\":\"https:\/\/www.bagnoitalia.com\/fr\/produit\/base-polyvalente-laque-double-bas-60x81hx33-5-en-deux-couleurs.html#breadcrumb\"},\"inLanguage\":\"fr-FR\",\"potentialAction\":[{\"@type\":\"ReadAction\",\"target\":[\"https:\/\/www.bagnoitalia.com\/fr\/produit\/base-polyvalente-laque-double-bas-60x81hx33-5-en-deux-couleurs.html\"]}]},{\"@type\":\"ImageObject\",\"inLanguage\":\"fr-FR\",\"@id\":\"https:\/\/www.bagnoitalia.com\/fr\/produit\/base-polyvalente-laque-double-bas-60x81hx33-5-en-deux-couleurs.html#primaryimage\",\"url\":\"https:\/\/img.bagnoitalia.com\/wp-content\/uploads\/virtuemart\/product\/Multipurpose-double-base-cabinet-48465_1542712019_3572.jpg\",\"contentUrl\":\"https:\/\/img.bagnoitalia.com\/wp-content\/uploads\/virtuemart\/product\/Multipurpose-double-base-cabinet-48465_1542712019_3572.jpg\",\"width\":659,\"height\":660},{\"@type\":\"BreadcrumbList\",\"@id\":\"https:\/\/www.bagnoitalia.com\/fr\/produit\/base-polyvalente-laque-double-bas-60x81hx33-5-en-deux-couleurs.html#breadcrumb\",\"itemListElement\":[{\"@type\":\"ListItem\",\"position\":1,\"name\":\"Home\",\"item\":\"https:\/\/www.bagnoitalia.com\/fr\"},{\"@type\":\"ListItem\",\"position\":2,\"name\":\"Produits\",\"item\":\"https:\/\/www.bagnoitalia.com\/fr\/shop\"},{\"@type\":\"ListItem\",\"position\":3,\"name\":\"Placard double polyvalent laqu\u00e9 60x81hx33.5 cm en deux couleurs BM037\"}]},{\"@type\":\"WebSite\",\"@id\":\"https:\/\/www.bagnoitalia.com\/fr#website\",\"url\":\"https:\/\/www.bagnoitalia.com\/fr\",\"name\":\"Bagno Italia\",\"description\":\"\",\"publisher\":{\"@id\":\"https:\/\/www.bagnoitalia.com\/fr#organization\"},\"potentialAction\":[{\"@type\":\"SearchAction\",\"target\":{\"@type\":\"EntryPoint\",\"urlTemplate\":\"https:\/\/www.bagnoitalia.com\/fr?s={search_term_string}\"},\"query-input\":{\"@type\":\"PropertyValueSpecification\",\"valueRequired\":true,\"valueName\":\"search_term_string\"}}],\"inLanguage\":\"fr-FR\"},{\"@type\":\"Organization\",\"@id\":\"https:\/\/www.bagnoitalia.com\/fr#organization\",\"name\":\"Bagno Italia\",\"url\":\"https:\/\/www.bagnoitalia.com\/fr\",\"logo\":{\"@type\":\"ImageObject\",\"inLanguage\":\"fr-FR\",\"@id\":\"https:\/\/www.bagnoitalia.com\/fr#\/schema\/logo\/image\/\",\"url\":\"https:\/\/img.bagnoitalia.com\/wp-content\/uploads\/logo-bagnoitalia.webp\",\"contentUrl\":\"https:\/\/img.bagnoitalia.com\/wp-content\/uploads\/logo-bagnoitalia.webp\",\"width\":400,\"height\":70,\"caption\":\"Bagno Italia\"},\"image\":{\"@id\":\"https:\/\/www.bagnoitalia.com\/fr#\/schema\/logo\/image\/\"}}]}<\/script>\n<!-- \/ Yoast SEO plugin. -->","yoast_head_json":{"title":"Placard double polyvalent laqu\u00e9 60x81hx33.5 cm en deux couleurs","description":"Base de salle de bain double bas multi-usage, en blanc brillant ou tabac, en bois MDF, avec socle, dimensions 60x81hx33.5cm - Italia","robots":{"index":"index","follow":"follow","max-snippet":"max-snippet:-1","max-image-preview":"max-image-preview:large","max-video-preview":"max-video-preview:-1"},"canonical":"https:\/\/www.bagnoitalia.com\/fr\/produit\/base-polyvalente-laque-double-bas-60x81hx33-5-en-deux-couleurs.html","og_locale":"fr_FR","og_type":"article","og_title":"Placard double polyvalent laqu\u00e9 60x81hx33.5 cm en deux couleurs","og_description":"Base de salle de bain double bas multi-usage, en blanc brillant ou tabac, en bois MDF, avec socle, dimensions 60x81hx33.5cm - Italia","og_url":"https:\/\/www.bagnoitalia.com\/fr\/produit\/base-polyvalente-laque-double-bas-60x81hx33-5-en-deux-couleurs.html","og_site_name":"Bagno Italia","article_modified_time":"2024-09-20T14:32:13+00:00","og_image":[{"width":659,"height":660,"url":"https:\/\/img.bagnoitalia.com\/wp-content\/uploads\/virtuemart\/product\/Multipurpose-double-base-cabinet-48465_1542712019_3572.jpg","type":"image\/jpeg"}],"twitter_card":"summary_large_image","twitter_misc":{"Dur\u00e9e de lecture estim\u00e9e":"1 minute"},"schema":{"@context":"https:\/\/schema.org","@graph":[{"@type":"WebPage","@id":"https:\/\/www.bagnoitalia.com\/fr\/produit\/base-polyvalente-laque-double-bas-60x81hx33-5-en-deux-couleurs.html","url":"https:\/\/www.bagnoitalia.com\/fr\/produit\/base-polyvalente-laque-double-bas-60x81hx33-5-en-deux-couleurs.html","name":"Placard double polyvalent laqu\u00e9 60x81hx33.5 cm en deux couleurs","isPartOf":{"@id":"https:\/\/www.bagnoitalia.com\/fr#website"},"primaryImageOfPage":{"@id":"https:\/\/www.bagnoitalia.com\/fr\/produit\/base-polyvalente-laque-double-bas-60x81hx33-5-en-deux-couleurs.html#primaryimage"},"image":{"@id":"https:\/\/www.bagnoitalia.com\/fr\/produit\/base-polyvalente-laque-double-bas-60x81hx33-5-en-deux-couleurs.html#primaryimage"},"thumbnailUrl":"https:\/\/img.bagnoitalia.com\/wp-content\/uploads\/virtuemart\/product\/Multipurpose-double-base-cabinet-48465_1542712019_3572.jpg","datePublished":"2009-08-05T22:02:07+00:00","dateModified":"2024-09-20T14:32:13+00:00","description":"Base de salle de bain double bas multi-usage, en blanc brillant ou tabac, en bois MDF, avec socle, dimensions 60x81hx33.5cm - Italia","breadcrumb":{"@id":"https:\/\/www.bagnoitalia.com\/fr\/produit\/base-polyvalente-laque-double-bas-60x81hx33-5-en-deux-couleurs.html#breadcrumb"},"inLanguage":"fr-FR","potentialAction":[{"@type":"ReadAction","target":["https:\/\/www.bagnoitalia.com\/fr\/produit\/base-polyvalente-laque-double-bas-60x81hx33-5-en-deux-couleurs.html"]}]},{"@type":"ImageObject","inLanguage":"fr-FR","@id":"https:\/\/www.bagnoitalia.com\/fr\/produit\/base-polyvalente-laque-double-bas-60x81hx33-5-en-deux-couleurs.html#primaryimage","url":"https:\/\/img.bagnoitalia.com\/wp-content\/uploads\/virtuemart\/product\/Multipurpose-double-base-cabinet-48465_1542712019_3572.jpg","contentUrl":"https:\/\/img.bagnoitalia.com\/wp-content\/uploads\/virtuemart\/product\/Multipurpose-double-base-cabinet-48465_1542712019_3572.jpg","width":659,"height":660},{"@type":"BreadcrumbList","@id":"https:\/\/www.bagnoitalia.com\/fr\/produit\/base-polyvalente-laque-double-bas-60x81hx33-5-en-deux-couleurs.html#breadcrumb","itemListElement":[{"@type":"ListItem","position":1,"name":"Home","item":"https:\/\/www.bagnoitalia.com\/fr"},{"@type":"ListItem","position":2,"name":"Produits","item":"https:\/\/www.bagnoitalia.com\/fr\/shop"},{"@type":"ListItem","position":3,"name":"Placard double polyvalent laqu\u00e9 60x81hx33.5 cm en deux couleurs BM037"}]},{"@type":"WebSite","@id":"https:\/\/www.bagnoitalia.com\/fr#website","url":"https:\/\/www.bagnoitalia.com\/fr","name":"Bagno Italia","description":"","publisher":{"@id":"https:\/\/www.bagnoitalia.com\/fr#organization"},"potentialAction":[{"@type":"SearchAction","target":{"@type":"EntryPoint","urlTemplate":"https:\/\/www.bagnoitalia.com\/fr?s={search_term_string}"},"query-input":{"@type":"PropertyValueSpecification","valueRequired":true,"valueName":"search_term_string"}}],"inLanguage":"fr-FR"},{"@type":"Organization","@id":"https:\/\/www.bagnoitalia.com\/fr#organization","name":"Bagno Italia","url":"https:\/\/www.bagnoitalia.com\/fr","logo":{"@type":"ImageObject","inLanguage":"fr-FR","@id":"https:\/\/www.bagnoitalia.com\/fr#\/schema\/logo\/image\/","url":"https:\/\/img.bagnoitalia.com\/wp-content\/uploads\/logo-bagnoitalia.webp","contentUrl":"https:\/\/img.bagnoitalia.com\/wp-content\/uploads\/logo-bagnoitalia.webp","width":400,"height":70,"caption":"Bagno Italia"},"image":{"@id":"https:\/\/www.bagnoitalia.com\/fr#\/schema\/logo\/image\/"}}]}},"_links":{"self":[{"href":"https:\/\/www.bagnoitalia.com\/fr\/wp-json\/wp\/v2\/product\/76958","targetHints":{"allow":["GET"]}}],"collection":[{"href":"https:\/\/www.bagnoitalia.com\/fr\/wp-json\/wp\/v2\/product"}],"about":[{"href":"https:\/\/www.bagnoitalia.com\/fr\/wp-json\/wp\/v2\/types\/product"}],"replies":[{"embeddable":true,"href":"https:\/\/www.bagnoitalia.com\/fr\/wp-json\/wp\/v2\/comments?post=76958"}],"version-history":[{"count":3,"href":"https:\/\/www.bagnoitalia.com\/fr\/wp-json\/wp\/v2\/product\/76958\/revisions"}],"predecessor-version":[{"id":92197,"href":"https:\/\/www.bagnoitalia.com\/fr\/wp-json\/wp\/v2\/product\/76958\/revisions\/92197"}],"wp:featuredmedia":[{"embeddable":true,"href":"https:\/\/www.bagnoitalia.com\/fr\/wp-json\/wp\/v2\/media\/9402"}],"wp:attachment":[{"href":"https:\/\/www.bagnoitalia.com\/fr\/wp-json\/wp\/v2\/media?parent=76958"}],"wp:term":[{"taxonomy":"product_brand","embeddable":true,"href":"https:\/\/www.bagnoitalia.com\/fr\/wp-json\/wp\/v2\/product_brand?post=76958"},{"taxonomy":"product_cat","embeddable":true,"href":"https:\/\/www.bagnoitalia.com\/fr\/wp-json\/wp\/v2\/product_cat?post=76958"},{"taxonomy":"product_tag","embeddable":true,"href":"https:\/\/www.bagnoitalia.com\/fr\/wp-json\/wp\/v2\/product_tag?post=76958"}],"curies":[{"name":"wp","href":"https:\/\/api.w.org\/{rel}","templated":true}]}}