{"id":76866,"date":"2009-07-27T22:52:24","date_gmt":"2009-07-27T20:52:24","guid":{"rendered":"https:\/\/www.bagnoitalia.com\/product\/cabinet-de-toilette-cleo-cm-85-lavabo-integre-blanc-brillant"},"modified":"2024-06-14T17:54:36","modified_gmt":"2024-06-14T15:54:36","slug":"cabinet-de-toilette-cleo-cm-85-lavabo-integre-blanc-brillant","status":"publish","type":"product","link":"https:\/\/www.bagnoitalia.com\/fr\/produit\/cabinet-de-toilette-cleo-cm-85-lavabo-integre-blanc-brillant.html","title":{"rendered":"Meuble de salle de bain Cleo 85 cm blanc brillant, lavabo int\u00e9gr\u00e9"},"content":{"rendered":"<p>&nbsp;<\/p>\n<p><strong>Le prix comprend:<\/strong><\/p>\n<p>1 Base de lavabo Cleo\u00a0 80 x 81 H x 34 prof cm<\/p>\n<p>1 lavabo en c\u00e9ramique 85 cm<\/p>\n<p>1 Miroir 80&#215;103 cm<\/p>\n<p>1 Hauts avec \u00e9clairage halog\u00e8ne et interrupteur<\/p>\n<p>(Hauteur du meuble au 190 cm)<\/p>\n<p><strong>Mat\u00e9riaux utilis\u00e9s<\/strong><\/p>\n<p>Base de lavabo: en MDF<\/p>\n<p>Portes: en MDF (mediodensit) laqu\u00e9<\/p>\n<p>Lavabo: c\u00e9ramique<\/p>\n<p>Poign\u00e9es: chrom\u00e9es brillantes<\/p>\n<p>Guides: m\u00e9tal<\/p>\n<p>&nbsp;<\/p>\n<p>&nbsp;<\/p>\n","protected":false},"excerpt":{"rendered":"<p>Meuble de salle de bain Cleo 85 &#8211; Meuble de salle de bain blanc traditionnel avec 2 portes et \/ ou 3 tiroirs, complet avec lavabo en c\u00e9ramique et miroir. En savoir plus!<\/p>\n","protected":false},"featured_media":8918,"comment_status":"open","ping_status":"closed","template":"","meta":[],"product_brand":[5011],"product_cat":[9659],"product_tag":[],"class_list":{"0":"post-76866","1":"product","2":"type-product","3":"status-publish","4":"has-post-thumbnail","6":"product_brand-baden-haus","7":"product_cat-meubles-de-salle-de-bain-bon-marche","9":"first","10":"instock","11":"sale","12":"taxable","13":"shipping-taxable","14":"purchasable","15":"product-type-simple"},"exclude_global_add_ons":false,"addons":[{"name":"meuble bas 80 cm","type":"multiple_choice","position":0,"required":true,"title_format":"heading","default":"","description_enable":false,"description":"","placeholder_enable":false,"placeholder":"","display":"select","restrictions_type":"any_text","adjust_price":false,"price":"","price_type":"flat_fee","restrictions":false,"min":"0","max":"0","options":[{"label":"avec socle avec 2 portes et 3 tiroirs","price":"","price_type":"quantity_based","image":0,"visibility":true}],"id":1718387677},{"name":"miroir","type":"multiple_choice","position":1,"required":true,"title_format":"heading","default":"","description_enable":false,"description":"","placeholder_enable":false,"placeholder":"","display":"select","restrictions_type":"any_text","adjust_price":false,"price":"","price_type":"flat_fee","restrictions":false,"min":"0","max":"0","options":[{"label":"Rectangulaire 80x103 avec toit","price":"","price_type":"quantity_based","image":0,"visibility":true},{"label":"avec \u00e9tag\u00e8res en verre","price":"31","price_type":"quantity_based","image":0,"visibility":true},{"label":"avec \u00e9l\u00e9ment haut \u00e0 gauche","price":"33","price_type":"quantity_based","image":0,"visibility":true},{"label":"sans miroir","price":"-50","price_type":"quantity_based","image":0,"visibility":true},{"label":"avec \u00e9l\u00e9ment haut \u00e0 droite","price":"33","price_type":"quantity_based","image":0,"visibility":true}],"id":1718387678}],"yoast_head":"<!-- This site is optimized with the Yoast SEO plugin v26.7 - https:\/\/yoast.com\/wordpress\/plugins\/seo\/ -->\n<title>Meuble de salle de bain Cleo 85 cm blanc brillant, lavabo int\u00e9gr\u00e9<\/title>\n<meta name=\"description\" content=\"Meuble de salle de bain Cleo 85 - Meuble de salle de bain blanc traditionnel avec 2 portes et \/ ou 3 tiroirs, complet avec lavabo en c\u00e9ramique et miroir. En savoir plus!\" \/>\n<meta name=\"robots\" content=\"index, follow, max-snippet:-1, max-image-preview:large, max-video-preview:-1\" \/>\n<link rel=\"canonical\" href=\"https:\/\/www.bagnoitalia.com\/fr\/produit\/cabinet-de-toilette-cleo-cm-85-lavabo-integre-blanc-brillant.html\" \/>\n<meta property=\"og:locale\" content=\"fr_FR\" \/>\n<meta property=\"og:type\" content=\"article\" \/>\n<meta property=\"og:title\" content=\"Meuble de salle de bain Cleo 85 cm blanc brillant, lavabo int\u00e9gr\u00e9\" \/>\n<meta property=\"og:description\" content=\"Meuble de salle de bain Cleo 85 - Meuble de salle de bain blanc traditionnel avec 2 portes et \/ ou 3 tiroirs, complet avec lavabo en c\u00e9ramique et miroir. En savoir plus!\" \/>\n<meta property=\"og:url\" content=\"https:\/\/www.bagnoitalia.com\/fr\/produit\/cabinet-de-toilette-cleo-cm-85-lavabo-integre-blanc-brillant.html\" \/>\n<meta property=\"og:site_name\" content=\"Bagno Italia\" \/>\n<meta property=\"article:modified_time\" content=\"2024-06-14T15:54:36+00:00\" \/>\n<meta property=\"og:image\" content=\"https:\/\/img.bagnoitalia.com\/wp-content\/uploads\/virtuemart\/product\/Bathroom-cm-85-white-ceramic-washbasin-Cleo-854684_1619587827_809.jpg\" \/>\n\t<meta property=\"og:image:width\" content=\"550\" \/>\n\t<meta property=\"og:image:height\" content=\"550\" \/>\n\t<meta property=\"og:image:type\" content=\"image\/jpeg\" \/>\n<meta name=\"twitter:card\" content=\"summary_large_image\" \/>\n<meta name=\"twitter:label1\" content=\"Dur\u00e9e de lecture estim\u00e9e\" \/>\n\t<meta name=\"twitter:data1\" content=\"1 minute\" \/>\n<script type=\"application\/ld+json\" class=\"yoast-schema-graph\">{\"@context\":\"https:\/\/schema.org\",\"@graph\":[{\"@type\":\"WebPage\",\"@id\":\"https:\/\/www.bagnoitalia.com\/fr\/produit\/cabinet-de-toilette-cleo-cm-85-lavabo-integre-blanc-brillant.html\",\"url\":\"https:\/\/www.bagnoitalia.com\/fr\/produit\/cabinet-de-toilette-cleo-cm-85-lavabo-integre-blanc-brillant.html\",\"name\":\"Meuble de salle de bain Cleo 85 cm blanc brillant, lavabo int\u00e9gr\u00e9\",\"isPartOf\":{\"@id\":\"https:\/\/www.bagnoitalia.com\/fr#website\"},\"primaryImageOfPage\":{\"@id\":\"https:\/\/www.bagnoitalia.com\/fr\/produit\/cabinet-de-toilette-cleo-cm-85-lavabo-integre-blanc-brillant.html#primaryimage\"},\"image\":{\"@id\":\"https:\/\/www.bagnoitalia.com\/fr\/produit\/cabinet-de-toilette-cleo-cm-85-lavabo-integre-blanc-brillant.html#primaryimage\"},\"thumbnailUrl\":\"https:\/\/img.bagnoitalia.com\/wp-content\/uploads\/virtuemart\/product\/Bathroom-cm-85-white-ceramic-washbasin-Cleo-854684_1619587827_809.jpg\",\"datePublished\":\"2009-07-27T20:52:24+00:00\",\"dateModified\":\"2024-06-14T15:54:36+00:00\",\"description\":\"Meuble de salle de bain Cleo 85 - Meuble de salle de bain blanc traditionnel avec 2 portes et \/ ou 3 tiroirs, complet avec lavabo en c\u00e9ramique et miroir. En savoir plus!\",\"breadcrumb\":{\"@id\":\"https:\/\/www.bagnoitalia.com\/fr\/produit\/cabinet-de-toilette-cleo-cm-85-lavabo-integre-blanc-brillant.html#breadcrumb\"},\"inLanguage\":\"fr-FR\",\"potentialAction\":[{\"@type\":\"ReadAction\",\"target\":[\"https:\/\/www.bagnoitalia.com\/fr\/produit\/cabinet-de-toilette-cleo-cm-85-lavabo-integre-blanc-brillant.html\"]}]},{\"@type\":\"ImageObject\",\"inLanguage\":\"fr-FR\",\"@id\":\"https:\/\/www.bagnoitalia.com\/fr\/produit\/cabinet-de-toilette-cleo-cm-85-lavabo-integre-blanc-brillant.html#primaryimage\",\"url\":\"https:\/\/img.bagnoitalia.com\/wp-content\/uploads\/virtuemart\/product\/Bathroom-cm-85-white-ceramic-washbasin-Cleo-854684_1619587827_809.jpg\",\"contentUrl\":\"https:\/\/img.bagnoitalia.com\/wp-content\/uploads\/virtuemart\/product\/Bathroom-cm-85-white-ceramic-washbasin-Cleo-854684_1619587827_809.jpg\",\"width\":550,\"height\":550},{\"@type\":\"BreadcrumbList\",\"@id\":\"https:\/\/www.bagnoitalia.com\/fr\/produit\/cabinet-de-toilette-cleo-cm-85-lavabo-integre-blanc-brillant.html#breadcrumb\",\"itemListElement\":[{\"@type\":\"ListItem\",\"position\":1,\"name\":\"Home\",\"item\":\"https:\/\/www.bagnoitalia.com\/fr\"},{\"@type\":\"ListItem\",\"position\":2,\"name\":\"Produits\",\"item\":\"https:\/\/www.bagnoitalia.com\/fr\/shop\"},{\"@type\":\"ListItem\",\"position\":3,\"name\":\"Meuble de salle de bain Cleo 85 cm blanc brillant, lavabo int\u00e9gr\u00e9\"}]},{\"@type\":\"WebSite\",\"@id\":\"https:\/\/www.bagnoitalia.com\/fr#website\",\"url\":\"https:\/\/www.bagnoitalia.com\/fr\",\"name\":\"Bagno Italia\",\"description\":\"\",\"publisher\":{\"@id\":\"https:\/\/www.bagnoitalia.com\/fr#organization\"},\"potentialAction\":[{\"@type\":\"SearchAction\",\"target\":{\"@type\":\"EntryPoint\",\"urlTemplate\":\"https:\/\/www.bagnoitalia.com\/fr?s={search_term_string}\"},\"query-input\":{\"@type\":\"PropertyValueSpecification\",\"valueRequired\":true,\"valueName\":\"search_term_string\"}}],\"inLanguage\":\"fr-FR\"},{\"@type\":\"Organization\",\"@id\":\"https:\/\/www.bagnoitalia.com\/fr#organization\",\"name\":\"Bagno Italia\",\"url\":\"https:\/\/www.bagnoitalia.com\/fr\",\"logo\":{\"@type\":\"ImageObject\",\"inLanguage\":\"fr-FR\",\"@id\":\"https:\/\/www.bagnoitalia.com\/fr#\/schema\/logo\/image\/\",\"url\":\"https:\/\/img.bagnoitalia.com\/wp-content\/uploads\/logo-bagnoitalia.webp\",\"contentUrl\":\"https:\/\/img.bagnoitalia.com\/wp-content\/uploads\/logo-bagnoitalia.webp\",\"width\":400,\"height\":70,\"caption\":\"Bagno Italia\"},\"image\":{\"@id\":\"https:\/\/www.bagnoitalia.com\/fr#\/schema\/logo\/image\/\"}}]}<\/script>\n<!-- \/ Yoast SEO plugin. -->","yoast_head_json":{"title":"Meuble de salle de bain Cleo 85 cm blanc brillant, lavabo int\u00e9gr\u00e9","description":"Meuble de salle de bain Cleo 85 - Meuble de salle de bain blanc traditionnel avec 2 portes et \/ ou 3 tiroirs, complet avec lavabo en c\u00e9ramique et miroir. En savoir plus!","robots":{"index":"index","follow":"follow","max-snippet":"max-snippet:-1","max-image-preview":"max-image-preview:large","max-video-preview":"max-video-preview:-1"},"canonical":"https:\/\/www.bagnoitalia.com\/fr\/produit\/cabinet-de-toilette-cleo-cm-85-lavabo-integre-blanc-brillant.html","og_locale":"fr_FR","og_type":"article","og_title":"Meuble de salle de bain Cleo 85 cm blanc brillant, lavabo int\u00e9gr\u00e9","og_description":"Meuble de salle de bain Cleo 85 - Meuble de salle de bain blanc traditionnel avec 2 portes et \/ ou 3 tiroirs, complet avec lavabo en c\u00e9ramique et miroir. En savoir plus!","og_url":"https:\/\/www.bagnoitalia.com\/fr\/produit\/cabinet-de-toilette-cleo-cm-85-lavabo-integre-blanc-brillant.html","og_site_name":"Bagno Italia","article_modified_time":"2024-06-14T15:54:36+00:00","og_image":[{"width":550,"height":550,"url":"https:\/\/img.bagnoitalia.com\/wp-content\/uploads\/virtuemart\/product\/Bathroom-cm-85-white-ceramic-washbasin-Cleo-854684_1619587827_809.jpg","type":"image\/jpeg"}],"twitter_card":"summary_large_image","twitter_misc":{"Dur\u00e9e de lecture estim\u00e9e":"1 minute"},"schema":{"@context":"https:\/\/schema.org","@graph":[{"@type":"WebPage","@id":"https:\/\/www.bagnoitalia.com\/fr\/produit\/cabinet-de-toilette-cleo-cm-85-lavabo-integre-blanc-brillant.html","url":"https:\/\/www.bagnoitalia.com\/fr\/produit\/cabinet-de-toilette-cleo-cm-85-lavabo-integre-blanc-brillant.html","name":"Meuble de salle de bain Cleo 85 cm blanc brillant, lavabo int\u00e9gr\u00e9","isPartOf":{"@id":"https:\/\/www.bagnoitalia.com\/fr#website"},"primaryImageOfPage":{"@id":"https:\/\/www.bagnoitalia.com\/fr\/produit\/cabinet-de-toilette-cleo-cm-85-lavabo-integre-blanc-brillant.html#primaryimage"},"image":{"@id":"https:\/\/www.bagnoitalia.com\/fr\/produit\/cabinet-de-toilette-cleo-cm-85-lavabo-integre-blanc-brillant.html#primaryimage"},"thumbnailUrl":"https:\/\/img.bagnoitalia.com\/wp-content\/uploads\/virtuemart\/product\/Bathroom-cm-85-white-ceramic-washbasin-Cleo-854684_1619587827_809.jpg","datePublished":"2009-07-27T20:52:24+00:00","dateModified":"2024-06-14T15:54:36+00:00","description":"Meuble de salle de bain Cleo 85 - Meuble de salle de bain blanc traditionnel avec 2 portes et \/ ou 3 tiroirs, complet avec lavabo en c\u00e9ramique et miroir. En savoir plus!","breadcrumb":{"@id":"https:\/\/www.bagnoitalia.com\/fr\/produit\/cabinet-de-toilette-cleo-cm-85-lavabo-integre-blanc-brillant.html#breadcrumb"},"inLanguage":"fr-FR","potentialAction":[{"@type":"ReadAction","target":["https:\/\/www.bagnoitalia.com\/fr\/produit\/cabinet-de-toilette-cleo-cm-85-lavabo-integre-blanc-brillant.html"]}]},{"@type":"ImageObject","inLanguage":"fr-FR","@id":"https:\/\/www.bagnoitalia.com\/fr\/produit\/cabinet-de-toilette-cleo-cm-85-lavabo-integre-blanc-brillant.html#primaryimage","url":"https:\/\/img.bagnoitalia.com\/wp-content\/uploads\/virtuemart\/product\/Bathroom-cm-85-white-ceramic-washbasin-Cleo-854684_1619587827_809.jpg","contentUrl":"https:\/\/img.bagnoitalia.com\/wp-content\/uploads\/virtuemart\/product\/Bathroom-cm-85-white-ceramic-washbasin-Cleo-854684_1619587827_809.jpg","width":550,"height":550},{"@type":"BreadcrumbList","@id":"https:\/\/www.bagnoitalia.com\/fr\/produit\/cabinet-de-toilette-cleo-cm-85-lavabo-integre-blanc-brillant.html#breadcrumb","itemListElement":[{"@type":"ListItem","position":1,"name":"Home","item":"https:\/\/www.bagnoitalia.com\/fr"},{"@type":"ListItem","position":2,"name":"Produits","item":"https:\/\/www.bagnoitalia.com\/fr\/shop"},{"@type":"ListItem","position":3,"name":"Meuble de salle de bain Cleo 85 cm blanc brillant, lavabo int\u00e9gr\u00e9"}]},{"@type":"WebSite","@id":"https:\/\/www.bagnoitalia.com\/fr#website","url":"https:\/\/www.bagnoitalia.com\/fr","name":"Bagno Italia","description":"","publisher":{"@id":"https:\/\/www.bagnoitalia.com\/fr#organization"},"potentialAction":[{"@type":"SearchAction","target":{"@type":"EntryPoint","urlTemplate":"https:\/\/www.bagnoitalia.com\/fr?s={search_term_string}"},"query-input":{"@type":"PropertyValueSpecification","valueRequired":true,"valueName":"search_term_string"}}],"inLanguage":"fr-FR"},{"@type":"Organization","@id":"https:\/\/www.bagnoitalia.com\/fr#organization","name":"Bagno Italia","url":"https:\/\/www.bagnoitalia.com\/fr","logo":{"@type":"ImageObject","inLanguage":"fr-FR","@id":"https:\/\/www.bagnoitalia.com\/fr#\/schema\/logo\/image\/","url":"https:\/\/img.bagnoitalia.com\/wp-content\/uploads\/logo-bagnoitalia.webp","contentUrl":"https:\/\/img.bagnoitalia.com\/wp-content\/uploads\/logo-bagnoitalia.webp","width":400,"height":70,"caption":"Bagno Italia"},"image":{"@id":"https:\/\/www.bagnoitalia.com\/fr#\/schema\/logo\/image\/"}}]}},"_links":{"self":[{"href":"https:\/\/www.bagnoitalia.com\/fr\/wp-json\/wp\/v2\/product\/76866","targetHints":{"allow":["GET"]}}],"collection":[{"href":"https:\/\/www.bagnoitalia.com\/fr\/wp-json\/wp\/v2\/product"}],"about":[{"href":"https:\/\/www.bagnoitalia.com\/fr\/wp-json\/wp\/v2\/types\/product"}],"replies":[{"embeddable":true,"href":"https:\/\/www.bagnoitalia.com\/fr\/wp-json\/wp\/v2\/comments?post=76866"}],"version-history":[{"count":1,"href":"https:\/\/www.bagnoitalia.com\/fr\/wp-json\/wp\/v2\/product\/76866\/revisions"}],"predecessor-version":[{"id":90269,"href":"https:\/\/www.bagnoitalia.com\/fr\/wp-json\/wp\/v2\/product\/76866\/revisions\/90269"}],"wp:featuredmedia":[{"embeddable":true,"href":"https:\/\/www.bagnoitalia.com\/fr\/wp-json\/wp\/v2\/media\/8918"}],"wp:attachment":[{"href":"https:\/\/www.bagnoitalia.com\/fr\/wp-json\/wp\/v2\/media?parent=76866"}],"wp:term":[{"taxonomy":"product_brand","embeddable":true,"href":"https:\/\/www.bagnoitalia.com\/fr\/wp-json\/wp\/v2\/product_brand?post=76866"},{"taxonomy":"product_cat","embeddable":true,"href":"https:\/\/www.bagnoitalia.com\/fr\/wp-json\/wp\/v2\/product_cat?post=76866"},{"taxonomy":"product_tag","embeddable":true,"href":"https:\/\/www.bagnoitalia.com\/fr\/wp-json\/wp\/v2\/product_tag?post=76866"}],"curies":[{"name":"wp","href":"https:\/\/api.w.org\/{rel}","templated":true}]}}