{"id":117870,"date":"2026-05-07T14:38:40","date_gmt":"2026-05-07T12:38:40","guid":{"rendered":"https:\/\/www.bagnoitalia.com\/rectangular-276x282-cm-house-in-rough-fir-wood-with-or-without-floor-cs051.html"},"modified":"2026-05-07T14:43:02","modified_gmt":"2026-05-07T12:43:02","slug":"rectangular-276x282-cm-house-in-rough-fir-wood-with-or-without-floor-cs051","status":"publish","type":"product","link":"https:\/\/www.bagnoitalia.com\/fr\/produit\/rectangular-276x282-cm-house-in-rough-fir-wood-with-or-without-floor-cs051.html","title":{"rendered":"Maison rectangulaire 276&#215;282 cm en bois de sapin brut avec ou sans plancher CS051"},"content":{"rendered":"<p>Maison d&rsquo;ext\u00e9rieur rectangulaire \u00ab\u00a0CS051\u00a0\u00bb<\/p>\n<p>&nbsp;<\/p>\n<p>IMPORTANT\u00a0: Ce produit ne peut \u00eatre d\u00e9charg\u00e9 par le transporteur\u00a0; le client doit le d\u00e9baller lui-m\u00eame, en ouvrant le colis et en retirant les emballages individuels.<\/p>\n<p>&nbsp;<\/p>\n<p>CARACT\u00c9RISTIQUES DU PRODUIT<\/p>\n<p>Abri de jardin<\/p>\n<p>Fabriqu\u00e9 en sapin brut non trait\u00e9<\/p>\n<p>Dimensions au sol\u00a0: 276 x 282 cm<\/p>\n<p>Hauteur maximale\u00a0: 221 cm<\/p>\n<p>Hauteur des parois\u00a0: 211 cm<\/p>\n<p>Dimensions int\u00e9rieures\u00a0: 270 x 276 cm<\/p>\n<p>Surface habitable int\u00e9rieure\u00a0: 7,50 m\u00b2 (plancher en option)<\/p>\n<p>Porte double (avec poign\u00e9e et serrure)\u00a0: 160 x H 178 cm, vitrage 4 mm<\/p>\n<p>\u00c9paisseur des parois\u00a0: 28 mm<\/p>\n<p>Plaque de toiture\u00a0: 10 mm et 16 mm<\/p>\n<p>\u00c9tanch\u00e9it\u00e9 par feutre bitumineux<\/p>\n<p>Type de construction\u00a0: assemblage \u00e0 tenons et mortaises<\/p>\n<p>Dimensions de l\u2019emballage\u00a0: 320 x 120 x 60 cm<\/p>\n<p>Poids brut\u00a0: 500 kg<\/p>\n<p>&nbsp;<\/p>\n<p>Remarque\u00a0: Le plancher n\u2019est pas inclus dans le prix\u00a0; il peut \u00eatre ajout\u00e9 via le menu d\u00e9roulant.<\/p>\n<p>&nbsp;<\/p>\n<p>&nbsp;<\/p>\n<p>&nbsp;<\/p>\n<p>&nbsp;<\/p>\n<p>&nbsp;<\/p>\n<p>&nbsp;<\/p>\n<p>&nbsp;<\/p>\n<p>LYA A<\/p>\n","protected":false},"excerpt":{"rendered":"<p>Abri de jardin, hauteur totale 221 cm avec plancher en option (peut \u00eatre ajout\u00e9 via le menu d\u00e9roulant).<\/p>\n","protected":false},"featured_media":117846,"comment_status":"open","ping_status":"closed","template":"","meta":[],"product_brand":[9958],"product_cat":[10033],"product_tag":[],"class_list":{"0":"post-117870","1":"product","2":"type-product","3":"status-publish","4":"has-post-thumbnail","6":"product_brand-losa-legnami","7":"product_cat-chalet-dexterieur","9":"first","10":"instock","11":"sale","12":"taxable","13":"shipping-taxable","14":"purchasable","15":"product-type-simple"},"exclude_global_add_ons":false,"addons":[{"name":"Type","type":"multiple_choice","position":0,"required":true,"title_format":"heading","default":"","description_enable":false,"description":"","placeholder_enable":false,"placeholder":"","display":"select","restrictions_type":"any_text","adjust_price":false,"price":"","price_type":"flat_fee","restrictions":false,"min":"0","max":"0","options":[{"label":"sans plancher","price":"","price_type":"quantity_based","image":0,"visibility":true},{"label":"avec un plancher","price":"529","price_type":"quantity_based","image":0,"visibility":true}],"id":1778164721}],"yoast_head":"<!-- This site is optimized with the Yoast SEO plugin v26.7 - https:\/\/yoast.com\/wordpress\/plugins\/seo\/ -->\n<title>Maison rectangulaire 276x282 cm en bois de sapin brut avec ou sans plancher CS051 - Bagno Italia<\/title>\n<meta name=\"robots\" content=\"index, follow, max-snippet:-1, max-image-preview:large, max-video-preview:-1\" \/>\n<link rel=\"canonical\" href=\"https:\/\/www.bagnoitalia.com\/fr\/produit\/rectangular-276x282-cm-house-in-rough-fir-wood-with-or-without-floor-cs051.html\" \/>\n<meta property=\"og:locale\" content=\"fr_FR\" \/>\n<meta property=\"og:type\" content=\"article\" \/>\n<meta property=\"og:title\" content=\"Maison rectangulaire 276x282 cm en bois de sapin brut avec ou sans plancher CS051 - Bagno Italia\" \/>\n<meta property=\"og:description\" content=\"Abri de jardin, hauteur totale 221 cm avec plancher en option (peut \u00eatre ajout\u00e9 via le menu d\u00e9roulant).\" \/>\n<meta property=\"og:url\" content=\"https:\/\/www.bagnoitalia.com\/fr\/produit\/rectangular-276x282-cm-house-in-rough-fir-wood-with-or-without-floor-cs051.html\" \/>\n<meta property=\"og:site_name\" content=\"Bagno Italia\" \/>\n<meta property=\"article:modified_time\" content=\"2026-05-07T12:43:02+00:00\" \/>\n<meta property=\"og:image\" content=\"https:\/\/img.bagnoitalia.com\/wp-content\/uploads\/1-123.jpg\" \/>\n\t<meta property=\"og:image:width\" content=\"999\" \/>\n\t<meta property=\"og:image:height\" content=\"1000\" \/>\n\t<meta property=\"og:image:type\" content=\"image\/jpeg\" \/>\n<meta name=\"twitter:card\" content=\"summary_large_image\" \/>\n<meta name=\"twitter:label1\" content=\"Dur\u00e9e de lecture estim\u00e9e\" \/>\n\t<meta name=\"twitter:data1\" content=\"1 minute\" \/>\n<script type=\"application\/ld+json\" class=\"yoast-schema-graph\">{\"@context\":\"https:\/\/schema.org\",\"@graph\":[{\"@type\":\"WebPage\",\"@id\":\"https:\/\/www.bagnoitalia.com\/fr\/produit\/rectangular-276x282-cm-house-in-rough-fir-wood-with-or-without-floor-cs051.html\",\"url\":\"https:\/\/www.bagnoitalia.com\/fr\/produit\/rectangular-276x282-cm-house-in-rough-fir-wood-with-or-without-floor-cs051.html\",\"name\":\"Maison rectangulaire 276x282 cm en bois de sapin brut avec ou sans plancher CS051 - Bagno Italia\",\"isPartOf\":{\"@id\":\"https:\/\/www.bagnoitalia.com\/fr#website\"},\"primaryImageOfPage\":{\"@id\":\"https:\/\/www.bagnoitalia.com\/fr\/produit\/rectangular-276x282-cm-house-in-rough-fir-wood-with-or-without-floor-cs051.html#primaryimage\"},\"image\":{\"@id\":\"https:\/\/www.bagnoitalia.com\/fr\/produit\/rectangular-276x282-cm-house-in-rough-fir-wood-with-or-without-floor-cs051.html#primaryimage\"},\"thumbnailUrl\":\"https:\/\/img.bagnoitalia.com\/wp-content\/uploads\/1-123.jpg\",\"datePublished\":\"2026-05-07T12:38:40+00:00\",\"dateModified\":\"2026-05-07T12:43:02+00:00\",\"breadcrumb\":{\"@id\":\"https:\/\/www.bagnoitalia.com\/fr\/produit\/rectangular-276x282-cm-house-in-rough-fir-wood-with-or-without-floor-cs051.html#breadcrumb\"},\"inLanguage\":\"fr-FR\",\"potentialAction\":[{\"@type\":\"ReadAction\",\"target\":[\"https:\/\/www.bagnoitalia.com\/fr\/produit\/rectangular-276x282-cm-house-in-rough-fir-wood-with-or-without-floor-cs051.html\"]}]},{\"@type\":\"ImageObject\",\"inLanguage\":\"fr-FR\",\"@id\":\"https:\/\/www.bagnoitalia.com\/fr\/produit\/rectangular-276x282-cm-house-in-rough-fir-wood-with-or-without-floor-cs051.html#primaryimage\",\"url\":\"https:\/\/img.bagnoitalia.com\/wp-content\/uploads\/1-123.jpg\",\"contentUrl\":\"https:\/\/img.bagnoitalia.com\/wp-content\/uploads\/1-123.jpg\",\"width\":999,\"height\":1000},{\"@type\":\"BreadcrumbList\",\"@id\":\"https:\/\/www.bagnoitalia.com\/fr\/produit\/rectangular-276x282-cm-house-in-rough-fir-wood-with-or-without-floor-cs051.html#breadcrumb\",\"itemListElement\":[{\"@type\":\"ListItem\",\"position\":1,\"name\":\"Home\",\"item\":\"https:\/\/www.bagnoitalia.com\/fr\"},{\"@type\":\"ListItem\",\"position\":2,\"name\":\"Produits\",\"item\":\"https:\/\/www.bagnoitalia.com\/fr\/shop\"},{\"@type\":\"ListItem\",\"position\":3,\"name\":\"Maison rectangulaire 276&#215;282 cm en bois de sapin brut avec ou sans plancher CS051\"}]},{\"@type\":\"WebSite\",\"@id\":\"https:\/\/www.bagnoitalia.com\/fr#website\",\"url\":\"https:\/\/www.bagnoitalia.com\/fr\",\"name\":\"Bagno Italia\",\"description\":\"\",\"publisher\":{\"@id\":\"https:\/\/www.bagnoitalia.com\/fr#organization\"},\"potentialAction\":[{\"@type\":\"SearchAction\",\"target\":{\"@type\":\"EntryPoint\",\"urlTemplate\":\"https:\/\/www.bagnoitalia.com\/fr?s={search_term_string}\"},\"query-input\":{\"@type\":\"PropertyValueSpecification\",\"valueRequired\":true,\"valueName\":\"search_term_string\"}}],\"inLanguage\":\"fr-FR\"},{\"@type\":\"Organization\",\"@id\":\"https:\/\/www.bagnoitalia.com\/fr#organization\",\"name\":\"Bagno Italia\",\"url\":\"https:\/\/www.bagnoitalia.com\/fr\",\"logo\":{\"@type\":\"ImageObject\",\"inLanguage\":\"fr-FR\",\"@id\":\"https:\/\/www.bagnoitalia.com\/fr#\/schema\/logo\/image\/\",\"url\":\"https:\/\/img.bagnoitalia.com\/wp-content\/uploads\/logo-bagnoitalia.webp\",\"contentUrl\":\"https:\/\/img.bagnoitalia.com\/wp-content\/uploads\/logo-bagnoitalia.webp\",\"width\":400,\"height\":70,\"caption\":\"Bagno Italia\"},\"image\":{\"@id\":\"https:\/\/www.bagnoitalia.com\/fr#\/schema\/logo\/image\/\"}}]}<\/script>\n<!-- \/ Yoast SEO plugin. -->","yoast_head_json":{"title":"Maison rectangulaire 276x282 cm en bois de sapin brut avec ou sans plancher CS051 - Bagno Italia","robots":{"index":"index","follow":"follow","max-snippet":"max-snippet:-1","max-image-preview":"max-image-preview:large","max-video-preview":"max-video-preview:-1"},"canonical":"https:\/\/www.bagnoitalia.com\/fr\/produit\/rectangular-276x282-cm-house-in-rough-fir-wood-with-or-without-floor-cs051.html","og_locale":"fr_FR","og_type":"article","og_title":"Maison rectangulaire 276x282 cm en bois de sapin brut avec ou sans plancher CS051 - Bagno Italia","og_description":"Abri de jardin, hauteur totale 221 cm avec plancher en option (peut \u00eatre ajout\u00e9 via le menu d\u00e9roulant).","og_url":"https:\/\/www.bagnoitalia.com\/fr\/produit\/rectangular-276x282-cm-house-in-rough-fir-wood-with-or-without-floor-cs051.html","og_site_name":"Bagno Italia","article_modified_time":"2026-05-07T12:43:02+00:00","og_image":[{"width":999,"height":1000,"url":"https:\/\/img.bagnoitalia.com\/wp-content\/uploads\/1-123.jpg","type":"image\/jpeg"}],"twitter_card":"summary_large_image","twitter_misc":{"Dur\u00e9e de lecture estim\u00e9e":"1 minute"},"schema":{"@context":"https:\/\/schema.org","@graph":[{"@type":"WebPage","@id":"https:\/\/www.bagnoitalia.com\/fr\/produit\/rectangular-276x282-cm-house-in-rough-fir-wood-with-or-without-floor-cs051.html","url":"https:\/\/www.bagnoitalia.com\/fr\/produit\/rectangular-276x282-cm-house-in-rough-fir-wood-with-or-without-floor-cs051.html","name":"Maison rectangulaire 276x282 cm en bois de sapin brut avec ou sans plancher CS051 - Bagno Italia","isPartOf":{"@id":"https:\/\/www.bagnoitalia.com\/fr#website"},"primaryImageOfPage":{"@id":"https:\/\/www.bagnoitalia.com\/fr\/produit\/rectangular-276x282-cm-house-in-rough-fir-wood-with-or-without-floor-cs051.html#primaryimage"},"image":{"@id":"https:\/\/www.bagnoitalia.com\/fr\/produit\/rectangular-276x282-cm-house-in-rough-fir-wood-with-or-without-floor-cs051.html#primaryimage"},"thumbnailUrl":"https:\/\/img.bagnoitalia.com\/wp-content\/uploads\/1-123.jpg","datePublished":"2026-05-07T12:38:40+00:00","dateModified":"2026-05-07T12:43:02+00:00","breadcrumb":{"@id":"https:\/\/www.bagnoitalia.com\/fr\/produit\/rectangular-276x282-cm-house-in-rough-fir-wood-with-or-without-floor-cs051.html#breadcrumb"},"inLanguage":"fr-FR","potentialAction":[{"@type":"ReadAction","target":["https:\/\/www.bagnoitalia.com\/fr\/produit\/rectangular-276x282-cm-house-in-rough-fir-wood-with-or-without-floor-cs051.html"]}]},{"@type":"ImageObject","inLanguage":"fr-FR","@id":"https:\/\/www.bagnoitalia.com\/fr\/produit\/rectangular-276x282-cm-house-in-rough-fir-wood-with-or-without-floor-cs051.html#primaryimage","url":"https:\/\/img.bagnoitalia.com\/wp-content\/uploads\/1-123.jpg","contentUrl":"https:\/\/img.bagnoitalia.com\/wp-content\/uploads\/1-123.jpg","width":999,"height":1000},{"@type":"BreadcrumbList","@id":"https:\/\/www.bagnoitalia.com\/fr\/produit\/rectangular-276x282-cm-house-in-rough-fir-wood-with-or-without-floor-cs051.html#breadcrumb","itemListElement":[{"@type":"ListItem","position":1,"name":"Home","item":"https:\/\/www.bagnoitalia.com\/fr"},{"@type":"ListItem","position":2,"name":"Produits","item":"https:\/\/www.bagnoitalia.com\/fr\/shop"},{"@type":"ListItem","position":3,"name":"Maison rectangulaire 276&#215;282 cm en bois de sapin brut avec ou sans plancher CS051"}]},{"@type":"WebSite","@id":"https:\/\/www.bagnoitalia.com\/fr#website","url":"https:\/\/www.bagnoitalia.com\/fr","name":"Bagno Italia","description":"","publisher":{"@id":"https:\/\/www.bagnoitalia.com\/fr#organization"},"potentialAction":[{"@type":"SearchAction","target":{"@type":"EntryPoint","urlTemplate":"https:\/\/www.bagnoitalia.com\/fr?s={search_term_string}"},"query-input":{"@type":"PropertyValueSpecification","valueRequired":true,"valueName":"search_term_string"}}],"inLanguage":"fr-FR"},{"@type":"Organization","@id":"https:\/\/www.bagnoitalia.com\/fr#organization","name":"Bagno Italia","url":"https:\/\/www.bagnoitalia.com\/fr","logo":{"@type":"ImageObject","inLanguage":"fr-FR","@id":"https:\/\/www.bagnoitalia.com\/fr#\/schema\/logo\/image\/","url":"https:\/\/img.bagnoitalia.com\/wp-content\/uploads\/logo-bagnoitalia.webp","contentUrl":"https:\/\/img.bagnoitalia.com\/wp-content\/uploads\/logo-bagnoitalia.webp","width":400,"height":70,"caption":"Bagno Italia"},"image":{"@id":"https:\/\/www.bagnoitalia.com\/fr#\/schema\/logo\/image\/"}}]}},"_links":{"self":[{"href":"https:\/\/www.bagnoitalia.com\/fr\/wp-json\/wp\/v2\/product\/117870","targetHints":{"allow":["GET"]}}],"collection":[{"href":"https:\/\/www.bagnoitalia.com\/fr\/wp-json\/wp\/v2\/product"}],"about":[{"href":"https:\/\/www.bagnoitalia.com\/fr\/wp-json\/wp\/v2\/types\/product"}],"replies":[{"embeddable":true,"href":"https:\/\/www.bagnoitalia.com\/fr\/wp-json\/wp\/v2\/comments?post=117870"}],"version-history":[{"count":2,"href":"https:\/\/www.bagnoitalia.com\/fr\/wp-json\/wp\/v2\/product\/117870\/revisions"}],"predecessor-version":[{"id":117874,"href":"https:\/\/www.bagnoitalia.com\/fr\/wp-json\/wp\/v2\/product\/117870\/revisions\/117874"}],"wp:featuredmedia":[{"embeddable":true,"href":"https:\/\/www.bagnoitalia.com\/fr\/wp-json\/wp\/v2\/media\/117846"}],"wp:attachment":[{"href":"https:\/\/www.bagnoitalia.com\/fr\/wp-json\/wp\/v2\/media?parent=117870"}],"wp:term":[{"taxonomy":"product_brand","embeddable":true,"href":"https:\/\/www.bagnoitalia.com\/fr\/wp-json\/wp\/v2\/product_brand?post=117870"},{"taxonomy":"product_cat","embeddable":true,"href":"https:\/\/www.bagnoitalia.com\/fr\/wp-json\/wp\/v2\/product_cat?post=117870"},{"taxonomy":"product_tag","embeddable":true,"href":"https:\/\/www.bagnoitalia.com\/fr\/wp-json\/wp\/v2\/product_tag?post=117870"}],"curies":[{"name":"wp","href":"https:\/\/api.w.org\/{rel}","templated":true}]}}