{"id":117834,"date":"2026-05-05T15:37:05","date_gmt":"2026-05-05T13:37:05","guid":{"rendered":"https:\/\/www.bagnoitalia.com\/wooden-house-made-of-rough-fir-wood-298x298-cm-with-or-without-floor-cs050.html"},"modified":"2026-05-05T15:40:29","modified_gmt":"2026-05-05T13:40:29","slug":"wooden-house-made-of-rough-fir-wood-298x298-cm-with-or-without-floor-cs050","status":"publish","type":"product","link":"https:\/\/www.bagnoitalia.com\/fr\/produit\/wooden-house-made-of-rough-fir-wood-298x298-cm-with-or-without-floor-cs050.html","title":{"rendered":"Maison en bois de sapin brut 298&#215;298 cm avec ou sans plancher CS050"},"content":{"rendered":"<p>Abri de jardin \u00ab\u00a0CS050\u00a0\u00bb<\/p>\n<p>&nbsp;<\/p>\n<p>IMPORTANT\u00a0: Ce produit ne peut \u00eatre d\u00e9charg\u00e9 par le transporteur\u00a0; le client doit le d\u00e9baller lui-m\u00eame, en ouvrant le colis et en retirant les emballages individuels.<\/p>\n<p>&nbsp;<\/p>\n<p>CARACT\u00c9RISTIQUES<\/p>\n<p>Abri de jardin en sapin brut non trait\u00e9<\/p>\n<p>Dimensions au sol\u00a0: 298 x 298 cm<\/p>\n<p>Hauteur maximale\u00a0: 226 cm<\/p>\n<p>Hauteur des murs\u00a0: 187 cm<\/p>\n<p>Dimensions int\u00e9rieures\u00a0: 274 x 274 cm<\/p>\n<p>Surface habitable int\u00e9rieure\u00a0: 7,53 m\u00b2 (plancher en option)<\/p>\n<p>Porte double avec poign\u00e9e et serrure\u00a0: 149 x 182 cm<\/p>\n<p>\u00c9paisseur des murs\u00a0: 28 mm<\/p>\n<p>Couverture de toit\u00a0: 1,5 mm d\u2019\u00e9paisseur, 16 mm<\/p>\n<p>Toit bitumineux inclus<\/p>\n<p>Type de construction\u00a0: Blockhouse<\/p>\n<p>Dimensions de l\u2019emballage\u00a0: 309 x 120 x 52 cm<\/p>\n<p>Poids brut de l\u2019emballage\u00a0: 420 kg<\/p>\n<p>&nbsp;<\/p>\n<p>N.B.\u00a0: Le plancher n\u2019est pas inclus dans le prix\u00a0; il peut \u00eatre ajout\u00e9 via le menu d\u00e9roulant.<\/p>\n<p>&nbsp;<\/p>\n<p>&nbsp;<\/p>\n<p>&nbsp;<\/p>\n<p>&nbsp;<\/p>\n<p>&nbsp;<\/p>\n<p>&nbsp;<\/p>\n<p>&nbsp;<\/p>\n<p>&nbsp;<\/p>\n<p>&nbsp;<\/p>\n<p>&nbsp;<\/p>\n<p>Astrid<\/p>\n","protected":false},"excerpt":{"rendered":"<p>Abri de jardin carr\u00e9, hauteur totale 226 cm avec plancher en option (peut \u00eatre ajout\u00e9 via le menu d\u00e9roulant).<\/p>\n","protected":false},"featured_media":117809,"comment_status":"open","ping_status":"closed","template":"","meta":[],"product_brand":[9958],"product_cat":[10033],"product_tag":[],"class_list":{"0":"post-117834","1":"product","2":"type-product","3":"status-publish","4":"has-post-thumbnail","6":"product_brand-losa-legnami","7":"product_cat-chalet-dexterieur","9":"first","10":"instock","11":"sale","12":"taxable","13":"shipping-taxable","14":"purchasable","15":"product-type-simple"},"exclude_global_add_ons":false,"addons":[{"name":"Type","type":"multiple_choice","position":0,"required":true,"title_format":"heading","default":"","description_enable":false,"description":"","placeholder_enable":false,"placeholder":"","display":"select","restrictions_type":"any_text","adjust_price":false,"price":"","price_type":"flat_fee","restrictions":false,"min":"0","max":"0","options":[{"label":"sans plancher","price":"","price_type":"quantity_based","image":0,"visibility":true},{"label":"avec un plancher","price":"529","price_type":"quantity_based","image":0,"visibility":true}],"id":1777995426}],"yoast_head":"<!-- This site is optimized with the Yoast SEO plugin v26.7 - https:\/\/yoast.com\/wordpress\/plugins\/seo\/ -->\n<title>Maison en bois de sapin brut 298x298 cm avec ou sans plancher CS050 - Bagno Italia<\/title>\n<meta name=\"robots\" content=\"index, follow, max-snippet:-1, max-image-preview:large, max-video-preview:-1\" \/>\n<link rel=\"canonical\" href=\"https:\/\/www.bagnoitalia.com\/fr\/produit\/wooden-house-made-of-rough-fir-wood-298x298-cm-with-or-without-floor-cs050.html\" \/>\n<meta property=\"og:locale\" content=\"fr_FR\" \/>\n<meta property=\"og:type\" content=\"article\" \/>\n<meta property=\"og:title\" content=\"Maison en bois de sapin brut 298x298 cm avec ou sans plancher CS050 - Bagno Italia\" \/>\n<meta property=\"og:description\" content=\"Abri de jardin carr\u00e9, hauteur totale 226 cm avec plancher en option (peut \u00eatre ajout\u00e9 via le menu d\u00e9roulant).\" \/>\n<meta property=\"og:url\" content=\"https:\/\/www.bagnoitalia.com\/fr\/produit\/wooden-house-made-of-rough-fir-wood-298x298-cm-with-or-without-floor-cs050.html\" \/>\n<meta property=\"og:site_name\" content=\"Bagno Italia\" \/>\n<meta property=\"article:modified_time\" content=\"2026-05-05T13:40:29+00:00\" \/>\n<meta property=\"og:image\" content=\"https:\/\/img.bagnoitalia.com\/wp-content\/uploads\/1-122.jpg\" \/>\n\t<meta property=\"og:image:width\" content=\"999\" \/>\n\t<meta property=\"og:image:height\" content=\"1000\" \/>\n\t<meta property=\"og:image:type\" content=\"image\/jpeg\" \/>\n<meta name=\"twitter:card\" content=\"summary_large_image\" \/>\n<meta name=\"twitter:label1\" content=\"Dur\u00e9e de lecture estim\u00e9e\" \/>\n\t<meta name=\"twitter:data1\" content=\"1 minute\" \/>\n<script type=\"application\/ld+json\" class=\"yoast-schema-graph\">{\"@context\":\"https:\/\/schema.org\",\"@graph\":[{\"@type\":\"WebPage\",\"@id\":\"https:\/\/www.bagnoitalia.com\/fr\/produit\/wooden-house-made-of-rough-fir-wood-298x298-cm-with-or-without-floor-cs050.html\",\"url\":\"https:\/\/www.bagnoitalia.com\/fr\/produit\/wooden-house-made-of-rough-fir-wood-298x298-cm-with-or-without-floor-cs050.html\",\"name\":\"Maison en bois de sapin brut 298x298 cm avec ou sans plancher CS050 - Bagno Italia\",\"isPartOf\":{\"@id\":\"https:\/\/www.bagnoitalia.com\/fr#website\"},\"primaryImageOfPage\":{\"@id\":\"https:\/\/www.bagnoitalia.com\/fr\/produit\/wooden-house-made-of-rough-fir-wood-298x298-cm-with-or-without-floor-cs050.html#primaryimage\"},\"image\":{\"@id\":\"https:\/\/www.bagnoitalia.com\/fr\/produit\/wooden-house-made-of-rough-fir-wood-298x298-cm-with-or-without-floor-cs050.html#primaryimage\"},\"thumbnailUrl\":\"https:\/\/img.bagnoitalia.com\/wp-content\/uploads\/1-122.jpg\",\"datePublished\":\"2026-05-05T13:37:05+00:00\",\"dateModified\":\"2026-05-05T13:40:29+00:00\",\"breadcrumb\":{\"@id\":\"https:\/\/www.bagnoitalia.com\/fr\/produit\/wooden-house-made-of-rough-fir-wood-298x298-cm-with-or-without-floor-cs050.html#breadcrumb\"},\"inLanguage\":\"fr-FR\",\"potentialAction\":[{\"@type\":\"ReadAction\",\"target\":[\"https:\/\/www.bagnoitalia.com\/fr\/produit\/wooden-house-made-of-rough-fir-wood-298x298-cm-with-or-without-floor-cs050.html\"]}]},{\"@type\":\"ImageObject\",\"inLanguage\":\"fr-FR\",\"@id\":\"https:\/\/www.bagnoitalia.com\/fr\/produit\/wooden-house-made-of-rough-fir-wood-298x298-cm-with-or-without-floor-cs050.html#primaryimage\",\"url\":\"https:\/\/img.bagnoitalia.com\/wp-content\/uploads\/1-122.jpg\",\"contentUrl\":\"https:\/\/img.bagnoitalia.com\/wp-content\/uploads\/1-122.jpg\",\"width\":999,\"height\":1000},{\"@type\":\"BreadcrumbList\",\"@id\":\"https:\/\/www.bagnoitalia.com\/fr\/produit\/wooden-house-made-of-rough-fir-wood-298x298-cm-with-or-without-floor-cs050.html#breadcrumb\",\"itemListElement\":[{\"@type\":\"ListItem\",\"position\":1,\"name\":\"Home\",\"item\":\"https:\/\/www.bagnoitalia.com\/fr\"},{\"@type\":\"ListItem\",\"position\":2,\"name\":\"Produits\",\"item\":\"https:\/\/www.bagnoitalia.com\/fr\/shop\"},{\"@type\":\"ListItem\",\"position\":3,\"name\":\"Maison en bois de sapin brut 298&#215;298 cm avec ou sans plancher CS050\"}]},{\"@type\":\"WebSite\",\"@id\":\"https:\/\/www.bagnoitalia.com\/fr#website\",\"url\":\"https:\/\/www.bagnoitalia.com\/fr\",\"name\":\"Bagno Italia\",\"description\":\"\",\"publisher\":{\"@id\":\"https:\/\/www.bagnoitalia.com\/fr#organization\"},\"potentialAction\":[{\"@type\":\"SearchAction\",\"target\":{\"@type\":\"EntryPoint\",\"urlTemplate\":\"https:\/\/www.bagnoitalia.com\/fr?s={search_term_string}\"},\"query-input\":{\"@type\":\"PropertyValueSpecification\",\"valueRequired\":true,\"valueName\":\"search_term_string\"}}],\"inLanguage\":\"fr-FR\"},{\"@type\":\"Organization\",\"@id\":\"https:\/\/www.bagnoitalia.com\/fr#organization\",\"name\":\"Bagno Italia\",\"url\":\"https:\/\/www.bagnoitalia.com\/fr\",\"logo\":{\"@type\":\"ImageObject\",\"inLanguage\":\"fr-FR\",\"@id\":\"https:\/\/www.bagnoitalia.com\/fr#\/schema\/logo\/image\/\",\"url\":\"https:\/\/img.bagnoitalia.com\/wp-content\/uploads\/logo-bagnoitalia.webp\",\"contentUrl\":\"https:\/\/img.bagnoitalia.com\/wp-content\/uploads\/logo-bagnoitalia.webp\",\"width\":400,\"height\":70,\"caption\":\"Bagno Italia\"},\"image\":{\"@id\":\"https:\/\/www.bagnoitalia.com\/fr#\/schema\/logo\/image\/\"}}]}<\/script>\n<!-- \/ Yoast SEO plugin. -->","yoast_head_json":{"title":"Maison en bois de sapin brut 298x298 cm avec ou sans plancher CS050 - Bagno Italia","robots":{"index":"index","follow":"follow","max-snippet":"max-snippet:-1","max-image-preview":"max-image-preview:large","max-video-preview":"max-video-preview:-1"},"canonical":"https:\/\/www.bagnoitalia.com\/fr\/produit\/wooden-house-made-of-rough-fir-wood-298x298-cm-with-or-without-floor-cs050.html","og_locale":"fr_FR","og_type":"article","og_title":"Maison en bois de sapin brut 298x298 cm avec ou sans plancher CS050 - Bagno Italia","og_description":"Abri de jardin carr\u00e9, hauteur totale 226 cm avec plancher en option (peut \u00eatre ajout\u00e9 via le menu d\u00e9roulant).","og_url":"https:\/\/www.bagnoitalia.com\/fr\/produit\/wooden-house-made-of-rough-fir-wood-298x298-cm-with-or-without-floor-cs050.html","og_site_name":"Bagno Italia","article_modified_time":"2026-05-05T13:40:29+00:00","og_image":[{"width":999,"height":1000,"url":"https:\/\/img.bagnoitalia.com\/wp-content\/uploads\/1-122.jpg","type":"image\/jpeg"}],"twitter_card":"summary_large_image","twitter_misc":{"Dur\u00e9e de lecture estim\u00e9e":"1 minute"},"schema":{"@context":"https:\/\/schema.org","@graph":[{"@type":"WebPage","@id":"https:\/\/www.bagnoitalia.com\/fr\/produit\/wooden-house-made-of-rough-fir-wood-298x298-cm-with-or-without-floor-cs050.html","url":"https:\/\/www.bagnoitalia.com\/fr\/produit\/wooden-house-made-of-rough-fir-wood-298x298-cm-with-or-without-floor-cs050.html","name":"Maison en bois de sapin brut 298x298 cm avec ou sans plancher CS050 - Bagno Italia","isPartOf":{"@id":"https:\/\/www.bagnoitalia.com\/fr#website"},"primaryImageOfPage":{"@id":"https:\/\/www.bagnoitalia.com\/fr\/produit\/wooden-house-made-of-rough-fir-wood-298x298-cm-with-or-without-floor-cs050.html#primaryimage"},"image":{"@id":"https:\/\/www.bagnoitalia.com\/fr\/produit\/wooden-house-made-of-rough-fir-wood-298x298-cm-with-or-without-floor-cs050.html#primaryimage"},"thumbnailUrl":"https:\/\/img.bagnoitalia.com\/wp-content\/uploads\/1-122.jpg","datePublished":"2026-05-05T13:37:05+00:00","dateModified":"2026-05-05T13:40:29+00:00","breadcrumb":{"@id":"https:\/\/www.bagnoitalia.com\/fr\/produit\/wooden-house-made-of-rough-fir-wood-298x298-cm-with-or-without-floor-cs050.html#breadcrumb"},"inLanguage":"fr-FR","potentialAction":[{"@type":"ReadAction","target":["https:\/\/www.bagnoitalia.com\/fr\/produit\/wooden-house-made-of-rough-fir-wood-298x298-cm-with-or-without-floor-cs050.html"]}]},{"@type":"ImageObject","inLanguage":"fr-FR","@id":"https:\/\/www.bagnoitalia.com\/fr\/produit\/wooden-house-made-of-rough-fir-wood-298x298-cm-with-or-without-floor-cs050.html#primaryimage","url":"https:\/\/img.bagnoitalia.com\/wp-content\/uploads\/1-122.jpg","contentUrl":"https:\/\/img.bagnoitalia.com\/wp-content\/uploads\/1-122.jpg","width":999,"height":1000},{"@type":"BreadcrumbList","@id":"https:\/\/www.bagnoitalia.com\/fr\/produit\/wooden-house-made-of-rough-fir-wood-298x298-cm-with-or-without-floor-cs050.html#breadcrumb","itemListElement":[{"@type":"ListItem","position":1,"name":"Home","item":"https:\/\/www.bagnoitalia.com\/fr"},{"@type":"ListItem","position":2,"name":"Produits","item":"https:\/\/www.bagnoitalia.com\/fr\/shop"},{"@type":"ListItem","position":3,"name":"Maison en bois de sapin brut 298&#215;298 cm avec ou sans plancher CS050"}]},{"@type":"WebSite","@id":"https:\/\/www.bagnoitalia.com\/fr#website","url":"https:\/\/www.bagnoitalia.com\/fr","name":"Bagno Italia","description":"","publisher":{"@id":"https:\/\/www.bagnoitalia.com\/fr#organization"},"potentialAction":[{"@type":"SearchAction","target":{"@type":"EntryPoint","urlTemplate":"https:\/\/www.bagnoitalia.com\/fr?s={search_term_string}"},"query-input":{"@type":"PropertyValueSpecification","valueRequired":true,"valueName":"search_term_string"}}],"inLanguage":"fr-FR"},{"@type":"Organization","@id":"https:\/\/www.bagnoitalia.com\/fr#organization","name":"Bagno Italia","url":"https:\/\/www.bagnoitalia.com\/fr","logo":{"@type":"ImageObject","inLanguage":"fr-FR","@id":"https:\/\/www.bagnoitalia.com\/fr#\/schema\/logo\/image\/","url":"https:\/\/img.bagnoitalia.com\/wp-content\/uploads\/logo-bagnoitalia.webp","contentUrl":"https:\/\/img.bagnoitalia.com\/wp-content\/uploads\/logo-bagnoitalia.webp","width":400,"height":70,"caption":"Bagno Italia"},"image":{"@id":"https:\/\/www.bagnoitalia.com\/fr#\/schema\/logo\/image\/"}}]}},"_links":{"self":[{"href":"https:\/\/www.bagnoitalia.com\/fr\/wp-json\/wp\/v2\/product\/117834","targetHints":{"allow":["GET"]}}],"collection":[{"href":"https:\/\/www.bagnoitalia.com\/fr\/wp-json\/wp\/v2\/product"}],"about":[{"href":"https:\/\/www.bagnoitalia.com\/fr\/wp-json\/wp\/v2\/types\/product"}],"replies":[{"embeddable":true,"href":"https:\/\/www.bagnoitalia.com\/fr\/wp-json\/wp\/v2\/comments?post=117834"}],"version-history":[{"count":2,"href":"https:\/\/www.bagnoitalia.com\/fr\/wp-json\/wp\/v2\/product\/117834\/revisions"}],"predecessor-version":[{"id":117838,"href":"https:\/\/www.bagnoitalia.com\/fr\/wp-json\/wp\/v2\/product\/117834\/revisions\/117838"}],"wp:featuredmedia":[{"embeddable":true,"href":"https:\/\/www.bagnoitalia.com\/fr\/wp-json\/wp\/v2\/media\/117809"}],"wp:attachment":[{"href":"https:\/\/www.bagnoitalia.com\/fr\/wp-json\/wp\/v2\/media?parent=117834"}],"wp:term":[{"taxonomy":"product_brand","embeddable":true,"href":"https:\/\/www.bagnoitalia.com\/fr\/wp-json\/wp\/v2\/product_brand?post=117834"},{"taxonomy":"product_cat","embeddable":true,"href":"https:\/\/www.bagnoitalia.com\/fr\/wp-json\/wp\/v2\/product_cat?post=117834"},{"taxonomy":"product_tag","embeddable":true,"href":"https:\/\/www.bagnoitalia.com\/fr\/wp-json\/wp\/v2\/product_tag?post=117834"}],"curies":[{"name":"wp","href":"https:\/\/api.w.org\/{rel}","templated":true}]}}