{"id":117527,"date":"2026-04-27T15:15:26","date_gmt":"2026-04-27T13:15:26","guid":{"rendered":"https:\/\/www.bagnoitalia.com\/206-x-176-cm-garden-shed-made-of-treated-fir-wood-with-or-without-flooring-cs043.html"},"modified":"2026-04-27T15:17:56","modified_gmt":"2026-04-27T13:17:56","slug":"206-x-176-cm-garden-shed-made-of-treated-fir-wood-with-or-without-flooring-cs043","status":"publish","type":"product","link":"https:\/\/www.bagnoitalia.com\/fr\/produit\/206-x-176-cm-garden-shed-made-of-treated-fir-wood-with-or-without-flooring-cs043.html","title":{"rendered":"Abri de jardin de 206 x 176 cm en bois de sapin trait\u00e9, avec ou sans plancher CS043"},"content":{"rendered":"<p>ABRI DE JARDIN EN BOIS 206 x 176 \u00ab CS043 \u00bb<\/p>\n<p>&nbsp;<\/p>\n<p>CARACT\u00c9RISTIQUES<\/p>\n<p>Abri de jardin<\/p>\n<p>Mat\u00e9riau : bois de sapin de couleur brune, s\u00e9ch\u00e9 au four et trait\u00e9 sous pression<\/p>\n<p>Dimensions ext\u00e9rieures : 206 x 176 cm<\/p>\n<p>Hauteur maximale : 218 cm<\/p>\n<p>Hauteur des parois : 176 cm<\/p>\n<p>Dimensions int\u00e9rieures : 186 x 156 cm<\/p>\n<p>Surface au sol int\u00e9rieure : 2,90 m\u00b2 (plancher EN OPTION)<\/p>\n<p>Porte simple avec serrure, 80 x H 167 cm, en plexiglas<\/p>\n<p>\u00c9paisseur des parois : 19 mm<\/p>\n<p>Lattes de toiture, \u00e9paisseur 16 mm<\/p>\n<p>Feutre bitum\u00e9<\/p>\n<p>Construction de type \u00ab blockhouse \u00bb<\/p>\n<p>Dimensions de l&#8217;emballage : 240 x 120 x 37 cm<\/p>\n<p>Poids brut de l&#8217;emballage : 270 kg<\/p>\n<p>Hayon \u00e9l\u00e9vateur hydraulique requis pour cet article<\/p>\n<p>&nbsp;<\/p>\n<p>NB : Le plancher n&rsquo;est PAS inclus dans le prix ; il peut \u00eatre ajout\u00e9 via le menu d\u00e9roulant<\/p>\n<p>&nbsp;<\/p>\n<p>&nbsp;<\/p>\n<p>&nbsp;<\/p>\n<p>&nbsp;<\/p>\n<p>&nbsp;<\/p>\n<p>&nbsp;<\/p>\n<p>&nbsp;<\/p>\n<p>&nbsp;<\/p>\n<p>&nbsp;<\/p>\n<p>&nbsp;<\/p>\n<p>&nbsp;<\/p>\n<p>&nbsp;<\/p>\n<p>PAOLA<\/p>\n","protected":false},"excerpt":{"rendered":"<p>Abri de jardin rectangulaire, hauteur totale 218 cm, avec plancher en option (\u00e0 ajouter via le menu d\u00e9roulant)<\/p>\n","protected":false},"featured_media":117507,"comment_status":"open","ping_status":"closed","template":"","meta":[],"product_brand":[9958],"product_cat":[10033],"product_tag":[],"class_list":{"0":"post-117527","1":"product","2":"type-product","3":"status-publish","4":"has-post-thumbnail","6":"product_brand-losa-legnami","7":"product_cat-chalet-dexterieur","9":"first","10":"instock","11":"sale","12":"taxable","13":"shipping-taxable","14":"purchasable","15":"product-type-simple"},"exclude_global_add_ons":false,"addons":[{"name":"Type","type":"multiple_choice","position":0,"required":true,"title_format":"heading","default":"","description_enable":false,"description":"","placeholder_enable":false,"placeholder":"","display":"select","restrictions_type":"any_text","adjust_price":false,"price":"","price_type":"flat_fee","restrictions":false,"min":"0","max":"0","options":[{"label":"sans plancher","price":"","price_type":"quantity_based","image":0,"visibility":true},{"label":"avec un plancher","price":"249","price_type":"quantity_based","image":0,"visibility":true}],"id":1777302927}],"yoast_head":"<!-- This site is optimized with the Yoast SEO plugin v26.7 - https:\/\/yoast.com\/wordpress\/plugins\/seo\/ -->\n<title>Abri de jardin de 206 x 176 cm en bois de sapin trait\u00e9, avec ou sans plancher CS043 - Bagno Italia<\/title>\n<meta name=\"robots\" content=\"index, follow, max-snippet:-1, max-image-preview:large, max-video-preview:-1\" \/>\n<link rel=\"canonical\" href=\"https:\/\/www.bagnoitalia.com\/fr\/produit\/206-x-176-cm-garden-shed-made-of-treated-fir-wood-with-or-without-flooring-cs043.html\" \/>\n<meta property=\"og:locale\" content=\"fr_FR\" \/>\n<meta property=\"og:type\" content=\"article\" \/>\n<meta property=\"og:title\" content=\"Abri de jardin de 206 x 176 cm en bois de sapin trait\u00e9, avec ou sans plancher CS043 - Bagno Italia\" \/>\n<meta property=\"og:description\" content=\"Abri de jardin rectangulaire, hauteur totale 218 cm, avec plancher en option (\u00e0 ajouter via le menu d\u00e9roulant)\" \/>\n<meta property=\"og:url\" content=\"https:\/\/www.bagnoitalia.com\/fr\/produit\/206-x-176-cm-garden-shed-made-of-treated-fir-wood-with-or-without-flooring-cs043.html\" \/>\n<meta property=\"og:site_name\" content=\"Bagno Italia\" \/>\n<meta property=\"article:modified_time\" content=\"2026-04-27T13:17:56+00:00\" \/>\n<meta property=\"og:image\" content=\"https:\/\/img.bagnoitalia.com\/wp-content\/uploads\/1-115.jpg\" \/>\n\t<meta property=\"og:image:width\" content=\"1000\" \/>\n\t<meta property=\"og:image:height\" content=\"999\" \/>\n\t<meta property=\"og:image:type\" content=\"image\/jpeg\" \/>\n<meta name=\"twitter:card\" content=\"summary_large_image\" \/>\n<meta name=\"twitter:label1\" content=\"Dur\u00e9e de lecture estim\u00e9e\" \/>\n\t<meta name=\"twitter:data1\" content=\"1 minute\" \/>\n<script type=\"application\/ld+json\" class=\"yoast-schema-graph\">{\"@context\":\"https:\/\/schema.org\",\"@graph\":[{\"@type\":\"WebPage\",\"@id\":\"https:\/\/www.bagnoitalia.com\/fr\/produit\/206-x-176-cm-garden-shed-made-of-treated-fir-wood-with-or-without-flooring-cs043.html\",\"url\":\"https:\/\/www.bagnoitalia.com\/fr\/produit\/206-x-176-cm-garden-shed-made-of-treated-fir-wood-with-or-without-flooring-cs043.html\",\"name\":\"Abri de jardin de 206 x 176 cm en bois de sapin trait\u00e9, avec ou sans plancher CS043 - Bagno Italia\",\"isPartOf\":{\"@id\":\"https:\/\/www.bagnoitalia.com\/fr#website\"},\"primaryImageOfPage\":{\"@id\":\"https:\/\/www.bagnoitalia.com\/fr\/produit\/206-x-176-cm-garden-shed-made-of-treated-fir-wood-with-or-without-flooring-cs043.html#primaryimage\"},\"image\":{\"@id\":\"https:\/\/www.bagnoitalia.com\/fr\/produit\/206-x-176-cm-garden-shed-made-of-treated-fir-wood-with-or-without-flooring-cs043.html#primaryimage\"},\"thumbnailUrl\":\"https:\/\/img.bagnoitalia.com\/wp-content\/uploads\/1-115.jpg\",\"datePublished\":\"2026-04-27T13:15:26+00:00\",\"dateModified\":\"2026-04-27T13:17:56+00:00\",\"breadcrumb\":{\"@id\":\"https:\/\/www.bagnoitalia.com\/fr\/produit\/206-x-176-cm-garden-shed-made-of-treated-fir-wood-with-or-without-flooring-cs043.html#breadcrumb\"},\"inLanguage\":\"fr-FR\",\"potentialAction\":[{\"@type\":\"ReadAction\",\"target\":[\"https:\/\/www.bagnoitalia.com\/fr\/produit\/206-x-176-cm-garden-shed-made-of-treated-fir-wood-with-or-without-flooring-cs043.html\"]}]},{\"@type\":\"ImageObject\",\"inLanguage\":\"fr-FR\",\"@id\":\"https:\/\/www.bagnoitalia.com\/fr\/produit\/206-x-176-cm-garden-shed-made-of-treated-fir-wood-with-or-without-flooring-cs043.html#primaryimage\",\"url\":\"https:\/\/img.bagnoitalia.com\/wp-content\/uploads\/1-115.jpg\",\"contentUrl\":\"https:\/\/img.bagnoitalia.com\/wp-content\/uploads\/1-115.jpg\",\"width\":1000,\"height\":999},{\"@type\":\"BreadcrumbList\",\"@id\":\"https:\/\/www.bagnoitalia.com\/fr\/produit\/206-x-176-cm-garden-shed-made-of-treated-fir-wood-with-or-without-flooring-cs043.html#breadcrumb\",\"itemListElement\":[{\"@type\":\"ListItem\",\"position\":1,\"name\":\"Home\",\"item\":\"https:\/\/www.bagnoitalia.com\/fr\"},{\"@type\":\"ListItem\",\"position\":2,\"name\":\"Produits\",\"item\":\"https:\/\/www.bagnoitalia.com\/fr\/shop\"},{\"@type\":\"ListItem\",\"position\":3,\"name\":\"Abri de jardin de 206 x 176 cm en bois de sapin trait\u00e9, avec ou sans plancher CS043\"}]},{\"@type\":\"WebSite\",\"@id\":\"https:\/\/www.bagnoitalia.com\/fr#website\",\"url\":\"https:\/\/www.bagnoitalia.com\/fr\",\"name\":\"Bagno Italia\",\"description\":\"\",\"publisher\":{\"@id\":\"https:\/\/www.bagnoitalia.com\/fr#organization\"},\"potentialAction\":[{\"@type\":\"SearchAction\",\"target\":{\"@type\":\"EntryPoint\",\"urlTemplate\":\"https:\/\/www.bagnoitalia.com\/fr?s={search_term_string}\"},\"query-input\":{\"@type\":\"PropertyValueSpecification\",\"valueRequired\":true,\"valueName\":\"search_term_string\"}}],\"inLanguage\":\"fr-FR\"},{\"@type\":\"Organization\",\"@id\":\"https:\/\/www.bagnoitalia.com\/fr#organization\",\"name\":\"Bagno Italia\",\"url\":\"https:\/\/www.bagnoitalia.com\/fr\",\"logo\":{\"@type\":\"ImageObject\",\"inLanguage\":\"fr-FR\",\"@id\":\"https:\/\/www.bagnoitalia.com\/fr#\/schema\/logo\/image\/\",\"url\":\"https:\/\/img.bagnoitalia.com\/wp-content\/uploads\/logo-bagnoitalia.webp\",\"contentUrl\":\"https:\/\/img.bagnoitalia.com\/wp-content\/uploads\/logo-bagnoitalia.webp\",\"width\":400,\"height\":70,\"caption\":\"Bagno Italia\"},\"image\":{\"@id\":\"https:\/\/www.bagnoitalia.com\/fr#\/schema\/logo\/image\/\"}}]}<\/script>\n<!-- \/ Yoast SEO plugin. -->","yoast_head_json":{"title":"Abri de jardin de 206 x 176 cm en bois de sapin trait\u00e9, avec ou sans plancher CS043 - Bagno Italia","robots":{"index":"index","follow":"follow","max-snippet":"max-snippet:-1","max-image-preview":"max-image-preview:large","max-video-preview":"max-video-preview:-1"},"canonical":"https:\/\/www.bagnoitalia.com\/fr\/produit\/206-x-176-cm-garden-shed-made-of-treated-fir-wood-with-or-without-flooring-cs043.html","og_locale":"fr_FR","og_type":"article","og_title":"Abri de jardin de 206 x 176 cm en bois de sapin trait\u00e9, avec ou sans plancher CS043 - Bagno Italia","og_description":"Abri de jardin rectangulaire, hauteur totale 218 cm, avec plancher en option (\u00e0 ajouter via le menu d\u00e9roulant)","og_url":"https:\/\/www.bagnoitalia.com\/fr\/produit\/206-x-176-cm-garden-shed-made-of-treated-fir-wood-with-or-without-flooring-cs043.html","og_site_name":"Bagno Italia","article_modified_time":"2026-04-27T13:17:56+00:00","og_image":[{"width":1000,"height":999,"url":"https:\/\/img.bagnoitalia.com\/wp-content\/uploads\/1-115.jpg","type":"image\/jpeg"}],"twitter_card":"summary_large_image","twitter_misc":{"Dur\u00e9e de lecture estim\u00e9e":"1 minute"},"schema":{"@context":"https:\/\/schema.org","@graph":[{"@type":"WebPage","@id":"https:\/\/www.bagnoitalia.com\/fr\/produit\/206-x-176-cm-garden-shed-made-of-treated-fir-wood-with-or-without-flooring-cs043.html","url":"https:\/\/www.bagnoitalia.com\/fr\/produit\/206-x-176-cm-garden-shed-made-of-treated-fir-wood-with-or-without-flooring-cs043.html","name":"Abri de jardin de 206 x 176 cm en bois de sapin trait\u00e9, avec ou sans plancher CS043 - Bagno Italia","isPartOf":{"@id":"https:\/\/www.bagnoitalia.com\/fr#website"},"primaryImageOfPage":{"@id":"https:\/\/www.bagnoitalia.com\/fr\/produit\/206-x-176-cm-garden-shed-made-of-treated-fir-wood-with-or-without-flooring-cs043.html#primaryimage"},"image":{"@id":"https:\/\/www.bagnoitalia.com\/fr\/produit\/206-x-176-cm-garden-shed-made-of-treated-fir-wood-with-or-without-flooring-cs043.html#primaryimage"},"thumbnailUrl":"https:\/\/img.bagnoitalia.com\/wp-content\/uploads\/1-115.jpg","datePublished":"2026-04-27T13:15:26+00:00","dateModified":"2026-04-27T13:17:56+00:00","breadcrumb":{"@id":"https:\/\/www.bagnoitalia.com\/fr\/produit\/206-x-176-cm-garden-shed-made-of-treated-fir-wood-with-or-without-flooring-cs043.html#breadcrumb"},"inLanguage":"fr-FR","potentialAction":[{"@type":"ReadAction","target":["https:\/\/www.bagnoitalia.com\/fr\/produit\/206-x-176-cm-garden-shed-made-of-treated-fir-wood-with-or-without-flooring-cs043.html"]}]},{"@type":"ImageObject","inLanguage":"fr-FR","@id":"https:\/\/www.bagnoitalia.com\/fr\/produit\/206-x-176-cm-garden-shed-made-of-treated-fir-wood-with-or-without-flooring-cs043.html#primaryimage","url":"https:\/\/img.bagnoitalia.com\/wp-content\/uploads\/1-115.jpg","contentUrl":"https:\/\/img.bagnoitalia.com\/wp-content\/uploads\/1-115.jpg","width":1000,"height":999},{"@type":"BreadcrumbList","@id":"https:\/\/www.bagnoitalia.com\/fr\/produit\/206-x-176-cm-garden-shed-made-of-treated-fir-wood-with-or-without-flooring-cs043.html#breadcrumb","itemListElement":[{"@type":"ListItem","position":1,"name":"Home","item":"https:\/\/www.bagnoitalia.com\/fr"},{"@type":"ListItem","position":2,"name":"Produits","item":"https:\/\/www.bagnoitalia.com\/fr\/shop"},{"@type":"ListItem","position":3,"name":"Abri de jardin de 206 x 176 cm en bois de sapin trait\u00e9, avec ou sans plancher CS043"}]},{"@type":"WebSite","@id":"https:\/\/www.bagnoitalia.com\/fr#website","url":"https:\/\/www.bagnoitalia.com\/fr","name":"Bagno Italia","description":"","publisher":{"@id":"https:\/\/www.bagnoitalia.com\/fr#organization"},"potentialAction":[{"@type":"SearchAction","target":{"@type":"EntryPoint","urlTemplate":"https:\/\/www.bagnoitalia.com\/fr?s={search_term_string}"},"query-input":{"@type":"PropertyValueSpecification","valueRequired":true,"valueName":"search_term_string"}}],"inLanguage":"fr-FR"},{"@type":"Organization","@id":"https:\/\/www.bagnoitalia.com\/fr#organization","name":"Bagno Italia","url":"https:\/\/www.bagnoitalia.com\/fr","logo":{"@type":"ImageObject","inLanguage":"fr-FR","@id":"https:\/\/www.bagnoitalia.com\/fr#\/schema\/logo\/image\/","url":"https:\/\/img.bagnoitalia.com\/wp-content\/uploads\/logo-bagnoitalia.webp","contentUrl":"https:\/\/img.bagnoitalia.com\/wp-content\/uploads\/logo-bagnoitalia.webp","width":400,"height":70,"caption":"Bagno Italia"},"image":{"@id":"https:\/\/www.bagnoitalia.com\/fr#\/schema\/logo\/image\/"}}]}},"_links":{"self":[{"href":"https:\/\/www.bagnoitalia.com\/fr\/wp-json\/wp\/v2\/product\/117527","targetHints":{"allow":["GET"]}}],"collection":[{"href":"https:\/\/www.bagnoitalia.com\/fr\/wp-json\/wp\/v2\/product"}],"about":[{"href":"https:\/\/www.bagnoitalia.com\/fr\/wp-json\/wp\/v2\/types\/product"}],"replies":[{"embeddable":true,"href":"https:\/\/www.bagnoitalia.com\/fr\/wp-json\/wp\/v2\/comments?post=117527"}],"version-history":[{"count":2,"href":"https:\/\/www.bagnoitalia.com\/fr\/wp-json\/wp\/v2\/product\/117527\/revisions"}],"predecessor-version":[{"id":117531,"href":"https:\/\/www.bagnoitalia.com\/fr\/wp-json\/wp\/v2\/product\/117527\/revisions\/117531"}],"wp:featuredmedia":[{"embeddable":true,"href":"https:\/\/www.bagnoitalia.com\/fr\/wp-json\/wp\/v2\/media\/117507"}],"wp:attachment":[{"href":"https:\/\/www.bagnoitalia.com\/fr\/wp-json\/wp\/v2\/media?parent=117527"}],"wp:term":[{"taxonomy":"product_brand","embeddable":true,"href":"https:\/\/www.bagnoitalia.com\/fr\/wp-json\/wp\/v2\/product_brand?post=117527"},{"taxonomy":"product_cat","embeddable":true,"href":"https:\/\/www.bagnoitalia.com\/fr\/wp-json\/wp\/v2\/product_cat?post=117527"},{"taxonomy":"product_tag","embeddable":true,"href":"https:\/\/www.bagnoitalia.com\/fr\/wp-json\/wp\/v2\/product_tag?post=117527"}],"curies":[{"name":"wp","href":"https:\/\/api.w.org\/{rel}","templated":true}]}}