{"id":117447,"date":"2026-04-23T15:09:20","date_gmt":"2026-04-23T13:09:20","guid":{"rendered":"https:\/\/www.bagnoitalia.com\/impregnated-fir-wood-garden-shed-406-x-292-cm-with-or-without-floor-cs042.html"},"modified":"2026-04-23T15:14:49","modified_gmt":"2026-04-23T13:14:49","slug":"impregnated-fir-wood-garden-shed-406-x-292-cm-with-or-without-floor-cs042","status":"publish","type":"product","link":"https:\/\/www.bagnoitalia.com\/fr\/produit\/impregnated-fir-wood-garden-shed-406-x-292-cm-with-or-without-floor-cs042.html","title":{"rendered":"Abri de jardin en bois de sapin impr\u00e9gn\u00e9, 406 x 292 cm, avec ou sans plancher, CS042"},"content":{"rendered":"<p>ABRI DE JARDIN \u00ab CS042 \u00bb<\/p>\n<p>&nbsp;<\/p>\n<p>ATTENTION : cet article ne peut pas \u00eatre d\u00e9charg\u00e9 par le transporteur ; l&rsquo;abri doit donc \u00eatre d\u00e9charg\u00e9 manuellement par le client, qui devra ouvrir l&#8217;emballage et retirer les colis individuels.<\/p>\n<p>&nbsp;<\/p>\n<p>CARACT\u00c9RISTIQUES<\/p>\n<p>Abri en bois de sapin brun, s\u00e9ch\u00e9 au four et trait\u00e9 en autoclave<\/p>\n<p>Dimensions du plancher : 406 x 292 cm<\/p>\n<p>Hauteur maximale : 215 cm<\/p>\n<p>Hauteur des parois : 188 cm<\/p>\n<p>Dimensions int\u00e9rieures : 384 x 270 cm<\/p>\n<p>Surface int\u00e9rieure au sol : 10,4 m\u00b2 (plancher EN OPTION)<\/p>\n<p>Double porte avec serrure, 161 x H 183 cm<\/p>\n<p>Vitrage simple de 4 mm<\/p>\n<p>\u00c9paisseur des murs : 28 mm<\/p>\n<p>Lattes de toiture, \u00e9paisseur 16 mm<\/p>\n<p>\u00c9tanch\u00e9it\u00e9 avec feutre bitumineux<\/p>\n<p>Construction de type blockhaus<\/p>\n<p>Dimensions de l&#8217;emballage 320 x 120 x 50 cm<\/p>\n<p>Poids brut de l&#8217;emballage 548 kg<\/p>\n<p>&nbsp;<\/p>\n<p>NB : Le plancher n&rsquo;est PAS inclus dans le prix ; il peut \u00eatre ajout\u00e9 via le menu d\u00e9roulant<\/p>\n<p>&nbsp;<\/p>\n<p>&nbsp;<\/p>\n<p>&nbsp;<\/p>\n<p>&nbsp;<\/p>\n<p>&nbsp;<\/p>\n<p>&nbsp;<\/p>\n<p>&nbsp;<\/p>\n<p>&nbsp;<\/p>\n<p>&nbsp;<\/p>\n<p>&nbsp;<\/p>\n<p>&nbsp;<\/p>\n<p>&nbsp;<\/p>\n<p>Lola B<\/p>\n","protected":false},"excerpt":{"rendered":"<p>Abri de jardin rectangulaire, hauteur totale 215 cm, avec plancher en option (\u00e0 ajouter via le menu d\u00e9roulant).<\/p>\n","protected":false},"featured_media":117427,"comment_status":"open","ping_status":"closed","template":"","meta":[],"product_brand":[9958],"product_cat":[10033],"product_tag":[],"class_list":{"0":"post-117447","1":"product","2":"type-product","3":"status-publish","4":"has-post-thumbnail","6":"product_brand-losa-legnami","7":"product_cat-chalet-dexterieur","9":"first","10":"instock","11":"sale","12":"taxable","13":"shipping-taxable","14":"purchasable","15":"product-type-simple"},"exclude_global_add_ons":false,"addons":[{"name":"Type","type":"multiple_choice","position":0,"required":true,"title_format":"heading","default":"","description_enable":false,"description":"","placeholder_enable":false,"placeholder":"","display":"select","restrictions_type":"any_text","adjust_price":false,"price":"","price_type":"flat_fee","restrictions":false,"min":"0","max":"0","options":[{"label":"sans plancher","price":"","price_type":"quantity_based","image":0,"visibility":true},{"label":"avec un plancher","price":"629","price_type":"quantity_based","image":0,"visibility":true}],"id":1776956961}],"yoast_head":"<!-- This site is optimized with the Yoast SEO plugin v26.7 - https:\/\/yoast.com\/wordpress\/plugins\/seo\/ -->\n<title>Abri de jardin en bois de sapin impr\u00e9gn\u00e9, 406 x 292 cm, avec ou sans plancher, CS042 - Bagno Italia<\/title>\n<meta name=\"robots\" content=\"index, follow, max-snippet:-1, max-image-preview:large, max-video-preview:-1\" \/>\n<link rel=\"canonical\" href=\"https:\/\/www.bagnoitalia.com\/fr\/produit\/impregnated-fir-wood-garden-shed-406-x-292-cm-with-or-without-floor-cs042.html\" \/>\n<meta property=\"og:locale\" content=\"fr_FR\" \/>\n<meta property=\"og:type\" content=\"article\" \/>\n<meta property=\"og:title\" content=\"Abri de jardin en bois de sapin impr\u00e9gn\u00e9, 406 x 292 cm, avec ou sans plancher, CS042 - Bagno Italia\" \/>\n<meta property=\"og:description\" content=\"Abri de jardin rectangulaire, hauteur totale 215 cm, avec plancher en option (\u00e0 ajouter via le menu d\u00e9roulant).\" \/>\n<meta property=\"og:url\" content=\"https:\/\/www.bagnoitalia.com\/fr\/produit\/impregnated-fir-wood-garden-shed-406-x-292-cm-with-or-without-floor-cs042.html\" \/>\n<meta property=\"og:site_name\" content=\"Bagno Italia\" \/>\n<meta property=\"article:modified_time\" content=\"2026-04-23T13:14:49+00:00\" \/>\n<meta property=\"og:image\" content=\"https:\/\/img.bagnoitalia.com\/wp-content\/uploads\/1-114.jpg\" \/>\n\t<meta property=\"og:image:width\" content=\"998\" \/>\n\t<meta property=\"og:image:height\" content=\"1000\" \/>\n\t<meta property=\"og:image:type\" content=\"image\/jpeg\" \/>\n<meta name=\"twitter:card\" content=\"summary_large_image\" \/>\n<meta name=\"twitter:label1\" content=\"Dur\u00e9e de lecture estim\u00e9e\" \/>\n\t<meta name=\"twitter:data1\" content=\"1 minute\" \/>\n<script type=\"application\/ld+json\" class=\"yoast-schema-graph\">{\"@context\":\"https:\/\/schema.org\",\"@graph\":[{\"@type\":\"WebPage\",\"@id\":\"https:\/\/www.bagnoitalia.com\/fr\/produit\/impregnated-fir-wood-garden-shed-406-x-292-cm-with-or-without-floor-cs042.html\",\"url\":\"https:\/\/www.bagnoitalia.com\/fr\/produit\/impregnated-fir-wood-garden-shed-406-x-292-cm-with-or-without-floor-cs042.html\",\"name\":\"Abri de jardin en bois de sapin impr\u00e9gn\u00e9, 406 x 292 cm, avec ou sans plancher, CS042 - Bagno Italia\",\"isPartOf\":{\"@id\":\"https:\/\/www.bagnoitalia.com\/fr#website\"},\"primaryImageOfPage\":{\"@id\":\"https:\/\/www.bagnoitalia.com\/fr\/produit\/impregnated-fir-wood-garden-shed-406-x-292-cm-with-or-without-floor-cs042.html#primaryimage\"},\"image\":{\"@id\":\"https:\/\/www.bagnoitalia.com\/fr\/produit\/impregnated-fir-wood-garden-shed-406-x-292-cm-with-or-without-floor-cs042.html#primaryimage\"},\"thumbnailUrl\":\"https:\/\/img.bagnoitalia.com\/wp-content\/uploads\/1-114.jpg\",\"datePublished\":\"2026-04-23T13:09:20+00:00\",\"dateModified\":\"2026-04-23T13:14:49+00:00\",\"breadcrumb\":{\"@id\":\"https:\/\/www.bagnoitalia.com\/fr\/produit\/impregnated-fir-wood-garden-shed-406-x-292-cm-with-or-without-floor-cs042.html#breadcrumb\"},\"inLanguage\":\"fr-FR\",\"potentialAction\":[{\"@type\":\"ReadAction\",\"target\":[\"https:\/\/www.bagnoitalia.com\/fr\/produit\/impregnated-fir-wood-garden-shed-406-x-292-cm-with-or-without-floor-cs042.html\"]}]},{\"@type\":\"ImageObject\",\"inLanguage\":\"fr-FR\",\"@id\":\"https:\/\/www.bagnoitalia.com\/fr\/produit\/impregnated-fir-wood-garden-shed-406-x-292-cm-with-or-without-floor-cs042.html#primaryimage\",\"url\":\"https:\/\/img.bagnoitalia.com\/wp-content\/uploads\/1-114.jpg\",\"contentUrl\":\"https:\/\/img.bagnoitalia.com\/wp-content\/uploads\/1-114.jpg\",\"width\":998,\"height\":1000},{\"@type\":\"BreadcrumbList\",\"@id\":\"https:\/\/www.bagnoitalia.com\/fr\/produit\/impregnated-fir-wood-garden-shed-406-x-292-cm-with-or-without-floor-cs042.html#breadcrumb\",\"itemListElement\":[{\"@type\":\"ListItem\",\"position\":1,\"name\":\"Home\",\"item\":\"https:\/\/www.bagnoitalia.com\/fr\"},{\"@type\":\"ListItem\",\"position\":2,\"name\":\"Produits\",\"item\":\"https:\/\/www.bagnoitalia.com\/fr\/shop\"},{\"@type\":\"ListItem\",\"position\":3,\"name\":\"Abri de jardin en bois de sapin impr\u00e9gn\u00e9, 406 x 292 cm, avec ou sans plancher, CS042\"}]},{\"@type\":\"WebSite\",\"@id\":\"https:\/\/www.bagnoitalia.com\/fr#website\",\"url\":\"https:\/\/www.bagnoitalia.com\/fr\",\"name\":\"Bagno Italia\",\"description\":\"\",\"publisher\":{\"@id\":\"https:\/\/www.bagnoitalia.com\/fr#organization\"},\"potentialAction\":[{\"@type\":\"SearchAction\",\"target\":{\"@type\":\"EntryPoint\",\"urlTemplate\":\"https:\/\/www.bagnoitalia.com\/fr?s={search_term_string}\"},\"query-input\":{\"@type\":\"PropertyValueSpecification\",\"valueRequired\":true,\"valueName\":\"search_term_string\"}}],\"inLanguage\":\"fr-FR\"},{\"@type\":\"Organization\",\"@id\":\"https:\/\/www.bagnoitalia.com\/fr#organization\",\"name\":\"Bagno Italia\",\"url\":\"https:\/\/www.bagnoitalia.com\/fr\",\"logo\":{\"@type\":\"ImageObject\",\"inLanguage\":\"fr-FR\",\"@id\":\"https:\/\/www.bagnoitalia.com\/fr#\/schema\/logo\/image\/\",\"url\":\"https:\/\/img.bagnoitalia.com\/wp-content\/uploads\/logo-bagnoitalia.webp\",\"contentUrl\":\"https:\/\/img.bagnoitalia.com\/wp-content\/uploads\/logo-bagnoitalia.webp\",\"width\":400,\"height\":70,\"caption\":\"Bagno Italia\"},\"image\":{\"@id\":\"https:\/\/www.bagnoitalia.com\/fr#\/schema\/logo\/image\/\"}}]}<\/script>\n<!-- \/ Yoast SEO plugin. -->","yoast_head_json":{"title":"Abri de jardin en bois de sapin impr\u00e9gn\u00e9, 406 x 292 cm, avec ou sans plancher, CS042 - Bagno Italia","robots":{"index":"index","follow":"follow","max-snippet":"max-snippet:-1","max-image-preview":"max-image-preview:large","max-video-preview":"max-video-preview:-1"},"canonical":"https:\/\/www.bagnoitalia.com\/fr\/produit\/impregnated-fir-wood-garden-shed-406-x-292-cm-with-or-without-floor-cs042.html","og_locale":"fr_FR","og_type":"article","og_title":"Abri de jardin en bois de sapin impr\u00e9gn\u00e9, 406 x 292 cm, avec ou sans plancher, CS042 - Bagno Italia","og_description":"Abri de jardin rectangulaire, hauteur totale 215 cm, avec plancher en option (\u00e0 ajouter via le menu d\u00e9roulant).","og_url":"https:\/\/www.bagnoitalia.com\/fr\/produit\/impregnated-fir-wood-garden-shed-406-x-292-cm-with-or-without-floor-cs042.html","og_site_name":"Bagno Italia","article_modified_time":"2026-04-23T13:14:49+00:00","og_image":[{"width":998,"height":1000,"url":"https:\/\/img.bagnoitalia.com\/wp-content\/uploads\/1-114.jpg","type":"image\/jpeg"}],"twitter_card":"summary_large_image","twitter_misc":{"Dur\u00e9e de lecture estim\u00e9e":"1 minute"},"schema":{"@context":"https:\/\/schema.org","@graph":[{"@type":"WebPage","@id":"https:\/\/www.bagnoitalia.com\/fr\/produit\/impregnated-fir-wood-garden-shed-406-x-292-cm-with-or-without-floor-cs042.html","url":"https:\/\/www.bagnoitalia.com\/fr\/produit\/impregnated-fir-wood-garden-shed-406-x-292-cm-with-or-without-floor-cs042.html","name":"Abri de jardin en bois de sapin impr\u00e9gn\u00e9, 406 x 292 cm, avec ou sans plancher, CS042 - Bagno Italia","isPartOf":{"@id":"https:\/\/www.bagnoitalia.com\/fr#website"},"primaryImageOfPage":{"@id":"https:\/\/www.bagnoitalia.com\/fr\/produit\/impregnated-fir-wood-garden-shed-406-x-292-cm-with-or-without-floor-cs042.html#primaryimage"},"image":{"@id":"https:\/\/www.bagnoitalia.com\/fr\/produit\/impregnated-fir-wood-garden-shed-406-x-292-cm-with-or-without-floor-cs042.html#primaryimage"},"thumbnailUrl":"https:\/\/img.bagnoitalia.com\/wp-content\/uploads\/1-114.jpg","datePublished":"2026-04-23T13:09:20+00:00","dateModified":"2026-04-23T13:14:49+00:00","breadcrumb":{"@id":"https:\/\/www.bagnoitalia.com\/fr\/produit\/impregnated-fir-wood-garden-shed-406-x-292-cm-with-or-without-floor-cs042.html#breadcrumb"},"inLanguage":"fr-FR","potentialAction":[{"@type":"ReadAction","target":["https:\/\/www.bagnoitalia.com\/fr\/produit\/impregnated-fir-wood-garden-shed-406-x-292-cm-with-or-without-floor-cs042.html"]}]},{"@type":"ImageObject","inLanguage":"fr-FR","@id":"https:\/\/www.bagnoitalia.com\/fr\/produit\/impregnated-fir-wood-garden-shed-406-x-292-cm-with-or-without-floor-cs042.html#primaryimage","url":"https:\/\/img.bagnoitalia.com\/wp-content\/uploads\/1-114.jpg","contentUrl":"https:\/\/img.bagnoitalia.com\/wp-content\/uploads\/1-114.jpg","width":998,"height":1000},{"@type":"BreadcrumbList","@id":"https:\/\/www.bagnoitalia.com\/fr\/produit\/impregnated-fir-wood-garden-shed-406-x-292-cm-with-or-without-floor-cs042.html#breadcrumb","itemListElement":[{"@type":"ListItem","position":1,"name":"Home","item":"https:\/\/www.bagnoitalia.com\/fr"},{"@type":"ListItem","position":2,"name":"Produits","item":"https:\/\/www.bagnoitalia.com\/fr\/shop"},{"@type":"ListItem","position":3,"name":"Abri de jardin en bois de sapin impr\u00e9gn\u00e9, 406 x 292 cm, avec ou sans plancher, CS042"}]},{"@type":"WebSite","@id":"https:\/\/www.bagnoitalia.com\/fr#website","url":"https:\/\/www.bagnoitalia.com\/fr","name":"Bagno Italia","description":"","publisher":{"@id":"https:\/\/www.bagnoitalia.com\/fr#organization"},"potentialAction":[{"@type":"SearchAction","target":{"@type":"EntryPoint","urlTemplate":"https:\/\/www.bagnoitalia.com\/fr?s={search_term_string}"},"query-input":{"@type":"PropertyValueSpecification","valueRequired":true,"valueName":"search_term_string"}}],"inLanguage":"fr-FR"},{"@type":"Organization","@id":"https:\/\/www.bagnoitalia.com\/fr#organization","name":"Bagno Italia","url":"https:\/\/www.bagnoitalia.com\/fr","logo":{"@type":"ImageObject","inLanguage":"fr-FR","@id":"https:\/\/www.bagnoitalia.com\/fr#\/schema\/logo\/image\/","url":"https:\/\/img.bagnoitalia.com\/wp-content\/uploads\/logo-bagnoitalia.webp","contentUrl":"https:\/\/img.bagnoitalia.com\/wp-content\/uploads\/logo-bagnoitalia.webp","width":400,"height":70,"caption":"Bagno Italia"},"image":{"@id":"https:\/\/www.bagnoitalia.com\/fr#\/schema\/logo\/image\/"}}]}},"_links":{"self":[{"href":"https:\/\/www.bagnoitalia.com\/fr\/wp-json\/wp\/v2\/product\/117447","targetHints":{"allow":["GET"]}}],"collection":[{"href":"https:\/\/www.bagnoitalia.com\/fr\/wp-json\/wp\/v2\/product"}],"about":[{"href":"https:\/\/www.bagnoitalia.com\/fr\/wp-json\/wp\/v2\/types\/product"}],"replies":[{"embeddable":true,"href":"https:\/\/www.bagnoitalia.com\/fr\/wp-json\/wp\/v2\/comments?post=117447"}],"version-history":[{"count":2,"href":"https:\/\/www.bagnoitalia.com\/fr\/wp-json\/wp\/v2\/product\/117447\/revisions"}],"predecessor-version":[{"id":117451,"href":"https:\/\/www.bagnoitalia.com\/fr\/wp-json\/wp\/v2\/product\/117447\/revisions\/117451"}],"wp:featuredmedia":[{"embeddable":true,"href":"https:\/\/www.bagnoitalia.com\/fr\/wp-json\/wp\/v2\/media\/117427"}],"wp:attachment":[{"href":"https:\/\/www.bagnoitalia.com\/fr\/wp-json\/wp\/v2\/media?parent=117447"}],"wp:term":[{"taxonomy":"product_brand","embeddable":true,"href":"https:\/\/www.bagnoitalia.com\/fr\/wp-json\/wp\/v2\/product_brand?post=117447"},{"taxonomy":"product_cat","embeddable":true,"href":"https:\/\/www.bagnoitalia.com\/fr\/wp-json\/wp\/v2\/product_cat?post=117447"},{"taxonomy":"product_tag","embeddable":true,"href":"https:\/\/www.bagnoitalia.com\/fr\/wp-json\/wp\/v2\/product_tag?post=117447"}],"curies":[{"name":"wp","href":"https:\/\/api.w.org\/{rel}","templated":true}]}}