{"id":116825,"date":"2026-03-12T15:57:09","date_gmt":"2026-03-12T14:57:09","guid":{"rendered":"https:\/\/www.bagnoitalia.com\/mini-pool-hydromassage-200x200-cm-with-42-jets-chromotherapy-bluetooth-and-heater-mp84.html"},"modified":"2026-03-12T16:07:29","modified_gmt":"2026-03-12T15:07:29","slug":"mini-pool-hydromassage-200x200-cm-with-42-jets-chromotherapy-bluetooth-and-heater-mp84","status":"publish","type":"product","link":"https:\/\/www.bagnoitalia.com\/fr\/produit\/mini-pool-hydromassage-200x200-cm-with-42-jets-chromotherapy-bluetooth-and-heater-mp84.html","title":{"rendered":"Mini-piscine d&rsquo;hydromassage 200&#215;200 cm avec 42 jets, chromoth\u00e9rapie, Bluetooth et chauffage MP84"},"content":{"rendered":"<p>Spa MP84 200x200cm<\/p>\n<p>CARACT\u00c9RISTIQUES ET FONCTIONS INCLUSES<\/p>\n<p>Spa carr\u00e9<\/p>\n<p>Dimensions\u00a0: 200 x 200 x H 90 cm<\/p>\n<p>Capacit\u00e9\u00a0: jusqu\u2019\u00e0 6 personnes<\/p>\n<p>42 jets d\u2019hydromassage<\/p>\n<p>Ozoneth\u00e9rapie et d\u00e9sinfection<\/p>\n<p>Chromoth\u00e9rapie 7 couleurs avec LED tactiles (au niveau de l\u2019eau)<\/p>\n<p>Haut-parleurs avec connectivit\u00e9 Bluetooth<\/p>\n<p>Panneau de commande tactile Balboa<\/p>\n<p>Chauffage Balboa 3 kW<\/p>\n<p>Pompe \u00e0 eau double vitesse 3 CV<\/p>\n<p>Pompe de recirculation<\/p>\n<p>Capacit\u00e9\u00a0: 1150 litres<\/p>\n<p>Capteur \u00e9lectronique de niveau d\u2019eau<\/p>\n<p>MAT\u00c9RIAUX<\/p>\n<p>Structure en acrylique pur Aristech\u00ae, fabriqu\u00e9e aux \u00c9tats-Unis<\/p>\n<p>Cadre en acier galvanis\u00e9<\/p>\n<p>Isolation thermique en polyur\u00e9thane<\/p>\n<p>Coque renforc\u00e9e en fibre de verre<\/p>\n<p>Rev\u00eatement en r\u00e9sine ABS<\/p>\n<p>A\u00e9rations en acier inoxydable<\/p>\n<p>OPTIONS (non incluses dans le prix) \u00e0 ajouter via les menus d\u00e9roulants Ci-dessus :<\/p>\n<p>Couverture thermique<br \/>\n\u00c9chelle<\/p>\n<p>&nbsp;<\/p>\n<p>&nbsp;<\/p>\n","protected":false},"excerpt":{"rendered":"<p>Piscine ext\u00e9rieure carr\u00e9e pouvant accueillir jusqu&rsquo;\u00e0 6 personnes. \u00c9quip\u00e9e de LED de chromoth\u00e9rapie, d&rsquo;un ordinateur tactile avec Bluetooth, d&rsquo;un chauffage Balboa et d&rsquo;un syst\u00e8me d&rsquo;ozonoth\u00e9rapie.<\/p>\n","protected":false},"featured_media":116769,"comment_status":"open","ping_status":"closed","template":"","meta":[],"product_brand":[9924],"product_cat":[10069],"product_tag":[],"class_list":{"0":"post-116825","1":"product","2":"type-product","3":"status-publish","4":"has-post-thumbnail","6":"product_brand-predator-arredo-casa-fr","7":"product_cat-piscines-exterieures-a-hydromassage","9":"first","10":"instock","11":"sale","12":"taxable","13":"shipping-taxable","14":"purchasable","15":"product-type-simple"},"exclude_global_add_ons":false,"addons":[{"name":"Accessoires","type":"multiple_choice","position":0,"required":true,"title_format":"heading","default":"","description_enable":false,"description":"","placeholder_enable":false,"placeholder":"","display":"select","restrictions_type":"any_text","adjust_price":false,"price":"","price_type":"flat_fee","restrictions":false,"min":"0","max":"0","options":[{"label":"No","price":"","price_type":"quantity_based","image":0,"visibility":true},{"label":"Avec \u00e9chelle","price":"149","price_type":"quantity_based","image":0,"visibility":true}],"id":1773331030},{"name":"Couverture","type":"multiple_choice","position":1,"required":true,"title_format":"heading","default":"","description_enable":false,"description":"","placeholder_enable":false,"placeholder":"","display":"select","restrictions_type":"any_text","adjust_price":false,"price":"","price_type":"flat_fee","restrictions":false,"min":"0","max":"0","options":[{"label":"NO","price":"","price_type":"quantity_based","image":0,"visibility":true},{"label":"Couverture thermique","price":"439","price_type":"quantity_based","image":0,"visibility":true}],"id":1773331031}],"yoast_head":"<!-- This site is optimized with the Yoast SEO plugin v26.7 - https:\/\/yoast.com\/wordpress\/plugins\/seo\/ -->\n<title>Mini-piscine d&#039;hydromassage 200x200 cm avec 42 jets, chromoth\u00e9rapie, Bluetooth et chauffage MP84 - Bagno Italia<\/title>\n<meta name=\"robots\" content=\"index, follow, max-snippet:-1, max-image-preview:large, max-video-preview:-1\" \/>\n<link rel=\"canonical\" href=\"https:\/\/www.bagnoitalia.com\/fr\/produit\/mini-pool-hydromassage-200x200-cm-with-42-jets-chromotherapy-bluetooth-and-heater-mp84.html\" \/>\n<meta property=\"og:locale\" content=\"fr_FR\" \/>\n<meta property=\"og:type\" content=\"article\" \/>\n<meta property=\"og:title\" content=\"Mini-piscine d&#039;hydromassage 200x200 cm avec 42 jets, chromoth\u00e9rapie, Bluetooth et chauffage MP84 - Bagno Italia\" \/>\n<meta property=\"og:description\" content=\"Piscine ext\u00e9rieure carr\u00e9e pouvant accueillir jusqu&#039;\u00e0 6 personnes. \u00c9quip\u00e9e de LED de chromoth\u00e9rapie, d&#039;un ordinateur tactile avec Bluetooth, d&#039;un chauffage Balboa et d&#039;un syst\u00e8me d&#039;ozonoth\u00e9rapie.\" \/>\n<meta property=\"og:url\" content=\"https:\/\/www.bagnoitalia.com\/fr\/produit\/mini-pool-hydromassage-200x200-cm-with-42-jets-chromotherapy-bluetooth-and-heater-mp84.html\" \/>\n<meta property=\"og:site_name\" content=\"Bagno Italia\" \/>\n<meta property=\"article:modified_time\" content=\"2026-03-12T15:07:29+00:00\" \/>\n<meta property=\"og:image\" content=\"https:\/\/img.bagnoitalia.com\/wp-content\/uploads\/1-107.jpg\" \/>\n\t<meta property=\"og:image:width\" content=\"1000\" \/>\n\t<meta property=\"og:image:height\" content=\"1000\" \/>\n\t<meta property=\"og:image:type\" content=\"image\/jpeg\" \/>\n<meta name=\"twitter:card\" content=\"summary_large_image\" \/>\n<meta name=\"twitter:label1\" content=\"Dur\u00e9e de lecture estim\u00e9e\" \/>\n\t<meta name=\"twitter:data1\" content=\"1 minute\" \/>\n<script type=\"application\/ld+json\" class=\"yoast-schema-graph\">{\"@context\":\"https:\/\/schema.org\",\"@graph\":[{\"@type\":\"WebPage\",\"@id\":\"https:\/\/www.bagnoitalia.com\/fr\/produit\/mini-pool-hydromassage-200x200-cm-with-42-jets-chromotherapy-bluetooth-and-heater-mp84.html\",\"url\":\"https:\/\/www.bagnoitalia.com\/fr\/produit\/mini-pool-hydromassage-200x200-cm-with-42-jets-chromotherapy-bluetooth-and-heater-mp84.html\",\"name\":\"Mini-piscine d'hydromassage 200x200 cm avec 42 jets, chromoth\u00e9rapie, Bluetooth et chauffage MP84 - Bagno Italia\",\"isPartOf\":{\"@id\":\"https:\/\/www.bagnoitalia.com\/fr#website\"},\"primaryImageOfPage\":{\"@id\":\"https:\/\/www.bagnoitalia.com\/fr\/produit\/mini-pool-hydromassage-200x200-cm-with-42-jets-chromotherapy-bluetooth-and-heater-mp84.html#primaryimage\"},\"image\":{\"@id\":\"https:\/\/www.bagnoitalia.com\/fr\/produit\/mini-pool-hydromassage-200x200-cm-with-42-jets-chromotherapy-bluetooth-and-heater-mp84.html#primaryimage\"},\"thumbnailUrl\":\"https:\/\/img.bagnoitalia.com\/wp-content\/uploads\/1-107.jpg\",\"datePublished\":\"2026-03-12T14:57:09+00:00\",\"dateModified\":\"2026-03-12T15:07:29+00:00\",\"breadcrumb\":{\"@id\":\"https:\/\/www.bagnoitalia.com\/fr\/produit\/mini-pool-hydromassage-200x200-cm-with-42-jets-chromotherapy-bluetooth-and-heater-mp84.html#breadcrumb\"},\"inLanguage\":\"fr-FR\",\"potentialAction\":[{\"@type\":\"ReadAction\",\"target\":[\"https:\/\/www.bagnoitalia.com\/fr\/produit\/mini-pool-hydromassage-200x200-cm-with-42-jets-chromotherapy-bluetooth-and-heater-mp84.html\"]}]},{\"@type\":\"ImageObject\",\"inLanguage\":\"fr-FR\",\"@id\":\"https:\/\/www.bagnoitalia.com\/fr\/produit\/mini-pool-hydromassage-200x200-cm-with-42-jets-chromotherapy-bluetooth-and-heater-mp84.html#primaryimage\",\"url\":\"https:\/\/img.bagnoitalia.com\/wp-content\/uploads\/1-107.jpg\",\"contentUrl\":\"https:\/\/img.bagnoitalia.com\/wp-content\/uploads\/1-107.jpg\",\"width\":1000,\"height\":1000},{\"@type\":\"BreadcrumbList\",\"@id\":\"https:\/\/www.bagnoitalia.com\/fr\/produit\/mini-pool-hydromassage-200x200-cm-with-42-jets-chromotherapy-bluetooth-and-heater-mp84.html#breadcrumb\",\"itemListElement\":[{\"@type\":\"ListItem\",\"position\":1,\"name\":\"Home\",\"item\":\"https:\/\/www.bagnoitalia.com\/fr\"},{\"@type\":\"ListItem\",\"position\":2,\"name\":\"Produits\",\"item\":\"https:\/\/www.bagnoitalia.com\/fr\/shop\"},{\"@type\":\"ListItem\",\"position\":3,\"name\":\"Mini-piscine d&#8217;hydromassage 200&#215;200 cm avec 42 jets, chromoth\u00e9rapie, Bluetooth et chauffage MP84\"}]},{\"@type\":\"WebSite\",\"@id\":\"https:\/\/www.bagnoitalia.com\/fr#website\",\"url\":\"https:\/\/www.bagnoitalia.com\/fr\",\"name\":\"Bagno Italia\",\"description\":\"\",\"publisher\":{\"@id\":\"https:\/\/www.bagnoitalia.com\/fr#organization\"},\"potentialAction\":[{\"@type\":\"SearchAction\",\"target\":{\"@type\":\"EntryPoint\",\"urlTemplate\":\"https:\/\/www.bagnoitalia.com\/fr?s={search_term_string}\"},\"query-input\":{\"@type\":\"PropertyValueSpecification\",\"valueRequired\":true,\"valueName\":\"search_term_string\"}}],\"inLanguage\":\"fr-FR\"},{\"@type\":\"Organization\",\"@id\":\"https:\/\/www.bagnoitalia.com\/fr#organization\",\"name\":\"Bagno Italia\",\"url\":\"https:\/\/www.bagnoitalia.com\/fr\",\"logo\":{\"@type\":\"ImageObject\",\"inLanguage\":\"fr-FR\",\"@id\":\"https:\/\/www.bagnoitalia.com\/fr#\/schema\/logo\/image\/\",\"url\":\"https:\/\/img.bagnoitalia.com\/wp-content\/uploads\/logo-bagnoitalia.webp\",\"contentUrl\":\"https:\/\/img.bagnoitalia.com\/wp-content\/uploads\/logo-bagnoitalia.webp\",\"width\":400,\"height\":70,\"caption\":\"Bagno Italia\"},\"image\":{\"@id\":\"https:\/\/www.bagnoitalia.com\/fr#\/schema\/logo\/image\/\"}}]}<\/script>\n<!-- \/ Yoast SEO plugin. -->","yoast_head_json":{"title":"Mini-piscine d'hydromassage 200x200 cm avec 42 jets, chromoth\u00e9rapie, Bluetooth et chauffage MP84 - Bagno Italia","robots":{"index":"index","follow":"follow","max-snippet":"max-snippet:-1","max-image-preview":"max-image-preview:large","max-video-preview":"max-video-preview:-1"},"canonical":"https:\/\/www.bagnoitalia.com\/fr\/produit\/mini-pool-hydromassage-200x200-cm-with-42-jets-chromotherapy-bluetooth-and-heater-mp84.html","og_locale":"fr_FR","og_type":"article","og_title":"Mini-piscine d'hydromassage 200x200 cm avec 42 jets, chromoth\u00e9rapie, Bluetooth et chauffage MP84 - Bagno Italia","og_description":"Piscine ext\u00e9rieure carr\u00e9e pouvant accueillir jusqu'\u00e0 6 personnes. \u00c9quip\u00e9e de LED de chromoth\u00e9rapie, d'un ordinateur tactile avec Bluetooth, d'un chauffage Balboa et d'un syst\u00e8me d'ozonoth\u00e9rapie.","og_url":"https:\/\/www.bagnoitalia.com\/fr\/produit\/mini-pool-hydromassage-200x200-cm-with-42-jets-chromotherapy-bluetooth-and-heater-mp84.html","og_site_name":"Bagno Italia","article_modified_time":"2026-03-12T15:07:29+00:00","og_image":[{"width":1000,"height":1000,"url":"https:\/\/img.bagnoitalia.com\/wp-content\/uploads\/1-107.jpg","type":"image\/jpeg"}],"twitter_card":"summary_large_image","twitter_misc":{"Dur\u00e9e de lecture estim\u00e9e":"1 minute"},"schema":{"@context":"https:\/\/schema.org","@graph":[{"@type":"WebPage","@id":"https:\/\/www.bagnoitalia.com\/fr\/produit\/mini-pool-hydromassage-200x200-cm-with-42-jets-chromotherapy-bluetooth-and-heater-mp84.html","url":"https:\/\/www.bagnoitalia.com\/fr\/produit\/mini-pool-hydromassage-200x200-cm-with-42-jets-chromotherapy-bluetooth-and-heater-mp84.html","name":"Mini-piscine d'hydromassage 200x200 cm avec 42 jets, chromoth\u00e9rapie, Bluetooth et chauffage MP84 - Bagno Italia","isPartOf":{"@id":"https:\/\/www.bagnoitalia.com\/fr#website"},"primaryImageOfPage":{"@id":"https:\/\/www.bagnoitalia.com\/fr\/produit\/mini-pool-hydromassage-200x200-cm-with-42-jets-chromotherapy-bluetooth-and-heater-mp84.html#primaryimage"},"image":{"@id":"https:\/\/www.bagnoitalia.com\/fr\/produit\/mini-pool-hydromassage-200x200-cm-with-42-jets-chromotherapy-bluetooth-and-heater-mp84.html#primaryimage"},"thumbnailUrl":"https:\/\/img.bagnoitalia.com\/wp-content\/uploads\/1-107.jpg","datePublished":"2026-03-12T14:57:09+00:00","dateModified":"2026-03-12T15:07:29+00:00","breadcrumb":{"@id":"https:\/\/www.bagnoitalia.com\/fr\/produit\/mini-pool-hydromassage-200x200-cm-with-42-jets-chromotherapy-bluetooth-and-heater-mp84.html#breadcrumb"},"inLanguage":"fr-FR","potentialAction":[{"@type":"ReadAction","target":["https:\/\/www.bagnoitalia.com\/fr\/produit\/mini-pool-hydromassage-200x200-cm-with-42-jets-chromotherapy-bluetooth-and-heater-mp84.html"]}]},{"@type":"ImageObject","inLanguage":"fr-FR","@id":"https:\/\/www.bagnoitalia.com\/fr\/produit\/mini-pool-hydromassage-200x200-cm-with-42-jets-chromotherapy-bluetooth-and-heater-mp84.html#primaryimage","url":"https:\/\/img.bagnoitalia.com\/wp-content\/uploads\/1-107.jpg","contentUrl":"https:\/\/img.bagnoitalia.com\/wp-content\/uploads\/1-107.jpg","width":1000,"height":1000},{"@type":"BreadcrumbList","@id":"https:\/\/www.bagnoitalia.com\/fr\/produit\/mini-pool-hydromassage-200x200-cm-with-42-jets-chromotherapy-bluetooth-and-heater-mp84.html#breadcrumb","itemListElement":[{"@type":"ListItem","position":1,"name":"Home","item":"https:\/\/www.bagnoitalia.com\/fr"},{"@type":"ListItem","position":2,"name":"Produits","item":"https:\/\/www.bagnoitalia.com\/fr\/shop"},{"@type":"ListItem","position":3,"name":"Mini-piscine d&#8217;hydromassage 200&#215;200 cm avec 42 jets, chromoth\u00e9rapie, Bluetooth et chauffage MP84"}]},{"@type":"WebSite","@id":"https:\/\/www.bagnoitalia.com\/fr#website","url":"https:\/\/www.bagnoitalia.com\/fr","name":"Bagno Italia","description":"","publisher":{"@id":"https:\/\/www.bagnoitalia.com\/fr#organization"},"potentialAction":[{"@type":"SearchAction","target":{"@type":"EntryPoint","urlTemplate":"https:\/\/www.bagnoitalia.com\/fr?s={search_term_string}"},"query-input":{"@type":"PropertyValueSpecification","valueRequired":true,"valueName":"search_term_string"}}],"inLanguage":"fr-FR"},{"@type":"Organization","@id":"https:\/\/www.bagnoitalia.com\/fr#organization","name":"Bagno Italia","url":"https:\/\/www.bagnoitalia.com\/fr","logo":{"@type":"ImageObject","inLanguage":"fr-FR","@id":"https:\/\/www.bagnoitalia.com\/fr#\/schema\/logo\/image\/","url":"https:\/\/img.bagnoitalia.com\/wp-content\/uploads\/logo-bagnoitalia.webp","contentUrl":"https:\/\/img.bagnoitalia.com\/wp-content\/uploads\/logo-bagnoitalia.webp","width":400,"height":70,"caption":"Bagno Italia"},"image":{"@id":"https:\/\/www.bagnoitalia.com\/fr#\/schema\/logo\/image\/"}}]}},"_links":{"self":[{"href":"https:\/\/www.bagnoitalia.com\/fr\/wp-json\/wp\/v2\/product\/116825","targetHints":{"allow":["GET"]}}],"collection":[{"href":"https:\/\/www.bagnoitalia.com\/fr\/wp-json\/wp\/v2\/product"}],"about":[{"href":"https:\/\/www.bagnoitalia.com\/fr\/wp-json\/wp\/v2\/types\/product"}],"replies":[{"embeddable":true,"href":"https:\/\/www.bagnoitalia.com\/fr\/wp-json\/wp\/v2\/comments?post=116825"}],"version-history":[{"count":3,"href":"https:\/\/www.bagnoitalia.com\/fr\/wp-json\/wp\/v2\/product\/116825\/revisions"}],"predecessor-version":[{"id":116831,"href":"https:\/\/www.bagnoitalia.com\/fr\/wp-json\/wp\/v2\/product\/116825\/revisions\/116831"}],"wp:featuredmedia":[{"embeddable":true,"href":"https:\/\/www.bagnoitalia.com\/fr\/wp-json\/wp\/v2\/media\/116769"}],"wp:attachment":[{"href":"https:\/\/www.bagnoitalia.com\/fr\/wp-json\/wp\/v2\/media?parent=116825"}],"wp:term":[{"taxonomy":"product_brand","embeddable":true,"href":"https:\/\/www.bagnoitalia.com\/fr\/wp-json\/wp\/v2\/product_brand?post=116825"},{"taxonomy":"product_cat","embeddable":true,"href":"https:\/\/www.bagnoitalia.com\/fr\/wp-json\/wp\/v2\/product_cat?post=116825"},{"taxonomy":"product_tag","embeddable":true,"href":"https:\/\/www.bagnoitalia.com\/fr\/wp-json\/wp\/v2\/product_tag?post=116825"}],"curies":[{"name":"wp","href":"https:\/\/api.w.org\/{rel}","templated":true}]}}