{"id":116739,"date":"2026-03-10T15:15:21","date_gmt":"2026-03-10T14:15:21","guid":{"rendered":"https:\/\/www.bagnoitalia.com\/finnish-sauna-150x100-cm-with-stove-chromotherapy-and-bluetooth-radio-sn110.html"},"modified":"2026-03-10T15:18:39","modified_gmt":"2026-03-10T14:18:39","slug":"finnish-sauna-150x100-cm-with-stove-chromotherapy-and-bluetooth-radio-sn110","status":"publish","type":"product","link":"https:\/\/www.bagnoitalia.com\/fr\/produit\/finnish-sauna-150x100-cm-with-stove-chromotherapy-and-bluetooth-radio-sn110.html","title":{"rendered":"Sauna finlandais 150&#215;100 cm avec po\u00eale, chromoth\u00e9rapie et radio Bluetooth SN110"},"content":{"rendered":"<p>Sauna finlandais 150x100cm SN110<\/p>\n<p>CARACT\u00c9RISTIQUES DU PRODUIT<\/p>\n<p>Sauna finlandais de dimensions 150x100xH190 cm<\/p>\n<p>Poids : 232 kg<\/p>\n<p>Puissance du chauffage : 4,5 kW<\/p>\n<p>Alimentation : 220 V<\/p>\n<p>Radio FM<\/p>\n<p>Bluetooth<\/p>\n<p>Lampe d&rsquo;\u00e9clairage<\/p>\n<p>LED pour la chromoth\u00e9rapie<\/p>\n<p>Po\u00eale avec pierres de lave (environ 15 kg)<\/p>\n<p>Sablier<\/p>\n<p>Thermo-hygrom\u00e8tre<\/p>\n<p>Seau avec louche<\/p>\n<p>FONCTIONS DES COMMANDES<\/p>\n<p>Interrupteur marche\/arr\u00eat du sauna<\/p>\n<p>R\u00e9glage de la temp\u00e9rature souhait\u00e9e<\/p>\n<p>Minuterie de dur\u00e9e de s\u00e9ance<\/p>\n<p>Chromoth\u00e9rapie : possibilit\u00e9 de s\u00e9lectionner une couleur ou d&rsquo;activer la fonction RGB<\/p>\n<p>Radio : recherche de stations et m\u00e9morisation des favoris<\/p>\n<p>Bluetooth : possibilit\u00e9 de connecter un appareil externe (mot de passe : 0000)<\/p>\n<p>MAT\u00c9RIAUX<\/p>\n<p>Sauna en pin finlandais de 46 mm d&rsquo;\u00e9paisseur<\/p>\n<p>Plancher en bois (\u00c0 installer sur le sol existant)<\/p>\n<p>Face avant\u00a0: verre tremp\u00e9 de 48\u00a0mm<\/p>\n<p>Volets int\u00e9rieurs amovibles en bois<\/p>\n<p>Couvercle du po\u00eale\u00a0: bois<\/p>\n<p>Seau et louche\u00a0: bois<\/p>\n<p>Poign\u00e9e\u00a0: bois<\/p>\n<p>Charni\u00e8res\u00a0: acier inoxydable<\/p>\n<p>&nbsp;<\/p>\n","protected":false},"excerpt":{"rendered":"<p>Sauna en pin finlandais, 190 cm de hauteur. \u00c9quip\u00e9 d&rsquo;une radio FM avec connexion Bluetooth et d&rsquo;un syst\u00e8me de chromoth\u00e9rapie. Po\u00eale et pierres inclus.<\/p>\n","protected":false},"featured_media":116734,"comment_status":"open","ping_status":"closed","template":"","meta":[],"product_brand":[10111],"product_cat":[9731],"product_tag":[],"class_list":{"0":"post-116739","1":"product","2":"type-product","3":"status-publish","4":"has-post-thumbnail","6":"product_brand-joyee","7":"product_cat-sauna-finlandais","9":"first","10":"instock","11":"sale","12":"taxable","13":"shipping-taxable","14":"purchasable","15":"product-type-simple"},"exclude_global_add_ons":[],"addons":[],"yoast_head":"<!-- This site is optimized with the Yoast SEO plugin v26.7 - https:\/\/yoast.com\/wordpress\/plugins\/seo\/ -->\n<title>Sauna finlandais 150x100 cm avec po\u00eale, chromoth\u00e9rapie et radio Bluetooth SN110 - Bagno Italia<\/title>\n<meta name=\"robots\" content=\"index, follow, max-snippet:-1, max-image-preview:large, max-video-preview:-1\" \/>\n<link rel=\"canonical\" href=\"https:\/\/www.bagnoitalia.com\/fr\/produit\/finnish-sauna-150x100-cm-with-stove-chromotherapy-and-bluetooth-radio-sn110.html\" \/>\n<meta property=\"og:locale\" content=\"fr_FR\" \/>\n<meta property=\"og:type\" content=\"article\" \/>\n<meta property=\"og:title\" content=\"Sauna finlandais 150x100 cm avec po\u00eale, chromoth\u00e9rapie et radio Bluetooth SN110 - Bagno Italia\" \/>\n<meta property=\"og:description\" content=\"Sauna en pin finlandais, 190 cm de hauteur. \u00c9quip\u00e9 d&#039;une radio FM avec connexion Bluetooth et d&#039;un syst\u00e8me de chromoth\u00e9rapie. Po\u00eale et pierres inclus.\" \/>\n<meta property=\"og:url\" content=\"https:\/\/www.bagnoitalia.com\/fr\/produit\/finnish-sauna-150x100-cm-with-stove-chromotherapy-and-bluetooth-radio-sn110.html\" \/>\n<meta property=\"og:site_name\" content=\"Bagno Italia\" \/>\n<meta property=\"article:modified_time\" content=\"2026-03-10T14:18:39+00:00\" \/>\n<meta property=\"og:image\" content=\"https:\/\/img.bagnoitalia.com\/wp-content\/uploads\/1-106.jpg\" \/>\n\t<meta property=\"og:image:width\" content=\"1000\" \/>\n\t<meta property=\"og:image:height\" content=\"1000\" \/>\n\t<meta property=\"og:image:type\" content=\"image\/jpeg\" \/>\n<meta name=\"twitter:card\" content=\"summary_large_image\" \/>\n<meta name=\"twitter:label1\" content=\"Dur\u00e9e de lecture estim\u00e9e\" \/>\n\t<meta name=\"twitter:data1\" content=\"1 minute\" \/>\n<script type=\"application\/ld+json\" class=\"yoast-schema-graph\">{\"@context\":\"https:\/\/schema.org\",\"@graph\":[{\"@type\":\"WebPage\",\"@id\":\"https:\/\/www.bagnoitalia.com\/fr\/produit\/finnish-sauna-150x100-cm-with-stove-chromotherapy-and-bluetooth-radio-sn110.html\",\"url\":\"https:\/\/www.bagnoitalia.com\/fr\/produit\/finnish-sauna-150x100-cm-with-stove-chromotherapy-and-bluetooth-radio-sn110.html\",\"name\":\"Sauna finlandais 150x100 cm avec po\u00eale, chromoth\u00e9rapie et radio Bluetooth SN110 - Bagno Italia\",\"isPartOf\":{\"@id\":\"https:\/\/www.bagnoitalia.com\/fr#website\"},\"primaryImageOfPage\":{\"@id\":\"https:\/\/www.bagnoitalia.com\/fr\/produit\/finnish-sauna-150x100-cm-with-stove-chromotherapy-and-bluetooth-radio-sn110.html#primaryimage\"},\"image\":{\"@id\":\"https:\/\/www.bagnoitalia.com\/fr\/produit\/finnish-sauna-150x100-cm-with-stove-chromotherapy-and-bluetooth-radio-sn110.html#primaryimage\"},\"thumbnailUrl\":\"https:\/\/img.bagnoitalia.com\/wp-content\/uploads\/1-106.jpg\",\"datePublished\":\"2026-03-10T14:15:21+00:00\",\"dateModified\":\"2026-03-10T14:18:39+00:00\",\"breadcrumb\":{\"@id\":\"https:\/\/www.bagnoitalia.com\/fr\/produit\/finnish-sauna-150x100-cm-with-stove-chromotherapy-and-bluetooth-radio-sn110.html#breadcrumb\"},\"inLanguage\":\"fr-FR\",\"potentialAction\":[{\"@type\":\"ReadAction\",\"target\":[\"https:\/\/www.bagnoitalia.com\/fr\/produit\/finnish-sauna-150x100-cm-with-stove-chromotherapy-and-bluetooth-radio-sn110.html\"]}]},{\"@type\":\"ImageObject\",\"inLanguage\":\"fr-FR\",\"@id\":\"https:\/\/www.bagnoitalia.com\/fr\/produit\/finnish-sauna-150x100-cm-with-stove-chromotherapy-and-bluetooth-radio-sn110.html#primaryimage\",\"url\":\"https:\/\/img.bagnoitalia.com\/wp-content\/uploads\/1-106.jpg\",\"contentUrl\":\"https:\/\/img.bagnoitalia.com\/wp-content\/uploads\/1-106.jpg\",\"width\":1000,\"height\":1000},{\"@type\":\"BreadcrumbList\",\"@id\":\"https:\/\/www.bagnoitalia.com\/fr\/produit\/finnish-sauna-150x100-cm-with-stove-chromotherapy-and-bluetooth-radio-sn110.html#breadcrumb\",\"itemListElement\":[{\"@type\":\"ListItem\",\"position\":1,\"name\":\"Home\",\"item\":\"https:\/\/www.bagnoitalia.com\/fr\"},{\"@type\":\"ListItem\",\"position\":2,\"name\":\"Produits\",\"item\":\"https:\/\/www.bagnoitalia.com\/fr\/shop\"},{\"@type\":\"ListItem\",\"position\":3,\"name\":\"Sauna finlandais 150&#215;100 cm avec po\u00eale, chromoth\u00e9rapie et radio Bluetooth SN110\"}]},{\"@type\":\"WebSite\",\"@id\":\"https:\/\/www.bagnoitalia.com\/fr#website\",\"url\":\"https:\/\/www.bagnoitalia.com\/fr\",\"name\":\"Bagno Italia\",\"description\":\"\",\"publisher\":{\"@id\":\"https:\/\/www.bagnoitalia.com\/fr#organization\"},\"potentialAction\":[{\"@type\":\"SearchAction\",\"target\":{\"@type\":\"EntryPoint\",\"urlTemplate\":\"https:\/\/www.bagnoitalia.com\/fr?s={search_term_string}\"},\"query-input\":{\"@type\":\"PropertyValueSpecification\",\"valueRequired\":true,\"valueName\":\"search_term_string\"}}],\"inLanguage\":\"fr-FR\"},{\"@type\":\"Organization\",\"@id\":\"https:\/\/www.bagnoitalia.com\/fr#organization\",\"name\":\"Bagno Italia\",\"url\":\"https:\/\/www.bagnoitalia.com\/fr\",\"logo\":{\"@type\":\"ImageObject\",\"inLanguage\":\"fr-FR\",\"@id\":\"https:\/\/www.bagnoitalia.com\/fr#\/schema\/logo\/image\/\",\"url\":\"https:\/\/img.bagnoitalia.com\/wp-content\/uploads\/logo-bagnoitalia.webp\",\"contentUrl\":\"https:\/\/img.bagnoitalia.com\/wp-content\/uploads\/logo-bagnoitalia.webp\",\"width\":400,\"height\":70,\"caption\":\"Bagno Italia\"},\"image\":{\"@id\":\"https:\/\/www.bagnoitalia.com\/fr#\/schema\/logo\/image\/\"}}]}<\/script>\n<!-- \/ Yoast SEO plugin. -->","yoast_head_json":{"title":"Sauna finlandais 150x100 cm avec po\u00eale, chromoth\u00e9rapie et radio Bluetooth SN110 - Bagno Italia","robots":{"index":"index","follow":"follow","max-snippet":"max-snippet:-1","max-image-preview":"max-image-preview:large","max-video-preview":"max-video-preview:-1"},"canonical":"https:\/\/www.bagnoitalia.com\/fr\/produit\/finnish-sauna-150x100-cm-with-stove-chromotherapy-and-bluetooth-radio-sn110.html","og_locale":"fr_FR","og_type":"article","og_title":"Sauna finlandais 150x100 cm avec po\u00eale, chromoth\u00e9rapie et radio Bluetooth SN110 - Bagno Italia","og_description":"Sauna en pin finlandais, 190 cm de hauteur. \u00c9quip\u00e9 d'une radio FM avec connexion Bluetooth et d'un syst\u00e8me de chromoth\u00e9rapie. Po\u00eale et pierres inclus.","og_url":"https:\/\/www.bagnoitalia.com\/fr\/produit\/finnish-sauna-150x100-cm-with-stove-chromotherapy-and-bluetooth-radio-sn110.html","og_site_name":"Bagno Italia","article_modified_time":"2026-03-10T14:18:39+00:00","og_image":[{"width":1000,"height":1000,"url":"https:\/\/img.bagnoitalia.com\/wp-content\/uploads\/1-106.jpg","type":"image\/jpeg"}],"twitter_card":"summary_large_image","twitter_misc":{"Dur\u00e9e de lecture estim\u00e9e":"1 minute"},"schema":{"@context":"https:\/\/schema.org","@graph":[{"@type":"WebPage","@id":"https:\/\/www.bagnoitalia.com\/fr\/produit\/finnish-sauna-150x100-cm-with-stove-chromotherapy-and-bluetooth-radio-sn110.html","url":"https:\/\/www.bagnoitalia.com\/fr\/produit\/finnish-sauna-150x100-cm-with-stove-chromotherapy-and-bluetooth-radio-sn110.html","name":"Sauna finlandais 150x100 cm avec po\u00eale, chromoth\u00e9rapie et radio Bluetooth SN110 - Bagno Italia","isPartOf":{"@id":"https:\/\/www.bagnoitalia.com\/fr#website"},"primaryImageOfPage":{"@id":"https:\/\/www.bagnoitalia.com\/fr\/produit\/finnish-sauna-150x100-cm-with-stove-chromotherapy-and-bluetooth-radio-sn110.html#primaryimage"},"image":{"@id":"https:\/\/www.bagnoitalia.com\/fr\/produit\/finnish-sauna-150x100-cm-with-stove-chromotherapy-and-bluetooth-radio-sn110.html#primaryimage"},"thumbnailUrl":"https:\/\/img.bagnoitalia.com\/wp-content\/uploads\/1-106.jpg","datePublished":"2026-03-10T14:15:21+00:00","dateModified":"2026-03-10T14:18:39+00:00","breadcrumb":{"@id":"https:\/\/www.bagnoitalia.com\/fr\/produit\/finnish-sauna-150x100-cm-with-stove-chromotherapy-and-bluetooth-radio-sn110.html#breadcrumb"},"inLanguage":"fr-FR","potentialAction":[{"@type":"ReadAction","target":["https:\/\/www.bagnoitalia.com\/fr\/produit\/finnish-sauna-150x100-cm-with-stove-chromotherapy-and-bluetooth-radio-sn110.html"]}]},{"@type":"ImageObject","inLanguage":"fr-FR","@id":"https:\/\/www.bagnoitalia.com\/fr\/produit\/finnish-sauna-150x100-cm-with-stove-chromotherapy-and-bluetooth-radio-sn110.html#primaryimage","url":"https:\/\/img.bagnoitalia.com\/wp-content\/uploads\/1-106.jpg","contentUrl":"https:\/\/img.bagnoitalia.com\/wp-content\/uploads\/1-106.jpg","width":1000,"height":1000},{"@type":"BreadcrumbList","@id":"https:\/\/www.bagnoitalia.com\/fr\/produit\/finnish-sauna-150x100-cm-with-stove-chromotherapy-and-bluetooth-radio-sn110.html#breadcrumb","itemListElement":[{"@type":"ListItem","position":1,"name":"Home","item":"https:\/\/www.bagnoitalia.com\/fr"},{"@type":"ListItem","position":2,"name":"Produits","item":"https:\/\/www.bagnoitalia.com\/fr\/shop"},{"@type":"ListItem","position":3,"name":"Sauna finlandais 150&#215;100 cm avec po\u00eale, chromoth\u00e9rapie et radio Bluetooth SN110"}]},{"@type":"WebSite","@id":"https:\/\/www.bagnoitalia.com\/fr#website","url":"https:\/\/www.bagnoitalia.com\/fr","name":"Bagno Italia","description":"","publisher":{"@id":"https:\/\/www.bagnoitalia.com\/fr#organization"},"potentialAction":[{"@type":"SearchAction","target":{"@type":"EntryPoint","urlTemplate":"https:\/\/www.bagnoitalia.com\/fr?s={search_term_string}"},"query-input":{"@type":"PropertyValueSpecification","valueRequired":true,"valueName":"search_term_string"}}],"inLanguage":"fr-FR"},{"@type":"Organization","@id":"https:\/\/www.bagnoitalia.com\/fr#organization","name":"Bagno Italia","url":"https:\/\/www.bagnoitalia.com\/fr","logo":{"@type":"ImageObject","inLanguage":"fr-FR","@id":"https:\/\/www.bagnoitalia.com\/fr#\/schema\/logo\/image\/","url":"https:\/\/img.bagnoitalia.com\/wp-content\/uploads\/logo-bagnoitalia.webp","contentUrl":"https:\/\/img.bagnoitalia.com\/wp-content\/uploads\/logo-bagnoitalia.webp","width":400,"height":70,"caption":"Bagno Italia"},"image":{"@id":"https:\/\/www.bagnoitalia.com\/fr#\/schema\/logo\/image\/"}}]}},"_links":{"self":[{"href":"https:\/\/www.bagnoitalia.com\/fr\/wp-json\/wp\/v2\/product\/116739","targetHints":{"allow":["GET"]}}],"collection":[{"href":"https:\/\/www.bagnoitalia.com\/fr\/wp-json\/wp\/v2\/product"}],"about":[{"href":"https:\/\/www.bagnoitalia.com\/fr\/wp-json\/wp\/v2\/types\/product"}],"replies":[{"embeddable":true,"href":"https:\/\/www.bagnoitalia.com\/fr\/wp-json\/wp\/v2\/comments?post=116739"}],"version-history":[{"count":3,"href":"https:\/\/www.bagnoitalia.com\/fr\/wp-json\/wp\/v2\/product\/116739\/revisions"}],"predecessor-version":[{"id":116746,"href":"https:\/\/www.bagnoitalia.com\/fr\/wp-json\/wp\/v2\/product\/116739\/revisions\/116746"}],"wp:featuredmedia":[{"embeddable":true,"href":"https:\/\/www.bagnoitalia.com\/fr\/wp-json\/wp\/v2\/media\/116734"}],"wp:attachment":[{"href":"https:\/\/www.bagnoitalia.com\/fr\/wp-json\/wp\/v2\/media?parent=116739"}],"wp:term":[{"taxonomy":"product_brand","embeddable":true,"href":"https:\/\/www.bagnoitalia.com\/fr\/wp-json\/wp\/v2\/product_brand?post=116739"},{"taxonomy":"product_cat","embeddable":true,"href":"https:\/\/www.bagnoitalia.com\/fr\/wp-json\/wp\/v2\/product_cat?post=116739"},{"taxonomy":"product_tag","embeddable":true,"href":"https:\/\/www.bagnoitalia.com\/fr\/wp-json\/wp\/v2\/product_tag?post=116739"}],"curies":[{"name":"wp","href":"https:\/\/api.w.org\/{rel}","templated":true}]}}