{"id":116605,"date":"2026-03-06T15:10:07","date_gmt":"2026-03-06T14:10:07","guid":{"rendered":"https:\/\/www.bagnoitalia.com\/mini-hot-tub-190x130-cm-with-35-jets-heater-and-mp82-ozone-clean-water-system.html"},"modified":"2026-03-06T15:14:18","modified_gmt":"2026-03-06T14:14:18","slug":"mini-hot-tub-190x130-cm-with-35-jets-heater-and-mp82-ozone-clean-water-system","status":"publish","type":"product","link":"https:\/\/www.bagnoitalia.com\/fr\/produit\/mini-hot-tub-190x130-cm-with-35-jets-heater-and-mp82-ozone-clean-water-system.html","title":{"rendered":"Mini spa 190 x 130 cm avec 35 jets, chauffage et syst\u00e8me de purification de l&rsquo;eau \u00e0 l&rsquo;ozone MP82"},"content":{"rendered":"<p>MINI SPA 190&#215;130 cm \u00ab MP82 \u00bb<\/p>\n<p>&nbsp;<\/p>\n<p>CARACT\u00c9RISTIQUES DU PRODUIT<\/p>\n<p>Mini spa ext\u00e9rieur rectangulaire<\/p>\n<p>dimensions 190x130xH78 cm<\/p>\n<p>2 chaises longues avec coussins d&rsquo;appui-t\u00eate<\/p>\n<p>35 jets d&rsquo;hydromassage, intensit\u00e9 r\u00e9glable<\/p>\n<p>Chromoth\u00e9rapie avec 6 LED multicolores et 6 jets fontaine LED<\/p>\n<p>Syst\u00e8me d&rsquo;ozone pour une eau propre<\/p>\n<p>Chauffage<\/p>\n<p>Cascade lat\u00e9rale<\/p>\n<p>Porte-gobelet<\/p>\n<p>&nbsp;<\/p>\n<p>\u00c9chelle et couverture thermique NON incluses dans le prix, ces options peuvent \u00eatre ajout\u00e9es \u00e0 l&rsquo;aide des menus d\u00e9roulants ci-dessus<\/p>\n<p>&nbsp;<\/p>\n<p>SP\u00c9CIFICATIONS TECHNIQUES SUPPL\u00c9MENTAIRES<\/p>\n<p>Poids : 185 kg<\/p>\n<p>Capacit\u00e9 : 690 litres<\/p>\n<p>Syst\u00e8me de contr\u00f4le : Balboa<\/p>\n<p>Coque : Aristech Surfaces<\/p>\n<p>Cadre : acier inoxydable<\/p>\n<p>Fond de protection : ABS<\/p>\n<p>Isolation de la coque : 25 mm<\/p>\n<p>Isolation du panneau incluse<\/p>\n<p>Connexion \u00e0 \u00e9conomie d&rsquo;\u00e9nergie incluse<\/p>\n<p>Chauffage 2 kW<\/p>\n<p>Pompe de recirculation 0,26 kW<\/p>\n<p>Pompe d&rsquo;hydromassage 1,5 kW<\/p>\n<p>Syst\u00e8me de filtration \u00e0 cartouche<\/p>\n<p>&nbsp;<\/p>\n<p>OPTIONS SUPPL\u00c9MENTAIRES :<\/p>\n<p>FONCTION DE T\u00c9L\u00c9COMMANDE : Balboa BWA pour le contr\u00f4le via smartphone<\/p>\n<p>cette option vous permet de t\u00e9l\u00e9charger une application sur votre t\u00e9l\u00e9phone via Wi-Fi et de contr\u00f4ler les fonctions \u00e0 distance, directement depuis l&rsquo;application<\/p>\n<p>&nbsp;<\/p>\n<p>COULEURS DISPONIBLES (s\u00e9lectionnez la couleur dans le menu d\u00e9roulant)<\/p>\n<p>int\u00e9rieur en marbre blanc argent\u00e9, avec panneaux ext\u00e9rieurs gris<\/p>\n<p>int\u00e9rieur blanc nacr\u00e9, avec panneaux ext\u00e9rieurs marron<\/p>\n<p>&nbsp;<\/p>\n<p><img fetchpriority=\"high\" decoding=\"async\" class=\"alignnone size-full wp-image-108655\" src=\"https:\/\/www.bagnoitalia.it\/wp-content\/uploads\/colori-interni-esterni-minipiscine-idromassaggio.jpg\" alt=\"\" width=\"1000\" height=\"1000\" \/><\/p>\n","protected":false},"excerpt":{"rendered":"<p>Mini spa ext\u00e9rieur rectangulaire. \u00c9quip\u00e9 de : 35 jets d&rsquo;hydromassage \u00e0 intensit\u00e9 r\u00e9glable, syst\u00e8me de contr\u00f4le Balboa, chauffage, syst\u00e8me de filtration \u00e0 cartouche, chromoth\u00e9rapie LED et jets fontaine.<\/p>\n","protected":false},"featured_media":116565,"comment_status":"open","ping_status":"closed","template":"","meta":[],"product_brand":[10111],"product_cat":[10069],"product_tag":[],"class_list":{"0":"post-116605","1":"product","2":"type-product","3":"status-publish","4":"has-post-thumbnail","6":"product_brand-joyee","7":"product_cat-piscines-exterieures-a-hydromassage","9":"first","10":"instock","11":"sale","12":"taxable","13":"shipping-taxable","14":"purchasable","15":"product-type-simple"},"exclude_global_add_ons":false,"addons":[{"name":"\u00c9chelle","type":"multiple_choice","position":0,"required":true,"title_format":"heading","default":"","description_enable":false,"description":"","placeholder_enable":false,"placeholder":"","display":"select","restrictions_type":"any_text","adjust_price":false,"price":"","price_type":"flat_fee","restrictions":false,"min":"0","max":"0","options":[{"label":"No","price":"","price_type":"quantity_based","image":0,"visibility":true},{"label":"avec \u00e9chelle","price":"189","price_type":"quantity_based","image":0,"visibility":true}],"id":1772809808},{"name":"Couverture","type":"multiple_choice","position":1,"required":true,"title_format":"heading","default":"","description_enable":false,"description":"","placeholder_enable":false,"placeholder":"","display":"select","restrictions_type":"any_text","adjust_price":false,"price":"","price_type":"flat_fee","restrictions":false,"min":"0","max":"0","options":[{"label":"No","price":"","price_type":"quantity_based","image":0,"visibility":true},{"label":"avec couverture thermique","price":"319","price_type":"quantity_based","image":0,"visibility":true}],"id":1772809809},{"name":"Couleur","type":"multiple_choice","position":2,"required":true,"title_format":"heading","default":"","description_enable":false,"description":"","placeholder_enable":false,"placeholder":"","display":"select","restrictions_type":"any_text","adjust_price":false,"price":"","price_type":"flat_fee","restrictions":false,"min":"0","max":"0","options":[{"label":"marbre blanc argent\u00e9 avec panneaux gris","price":"","price_type":"quantity_based","image":0,"visibility":true},{"label":"blanc nacr\u00e9 avec panneaux marron","price":"","price_type":"quantity_based","image":0,"visibility":true}],"id":1772809810},{"name":"Optional","type":"multiple_choice","position":3,"required":true,"title_format":"heading","default":"","description_enable":false,"description":"","placeholder_enable":false,"placeholder":"","display":"select","restrictions_type":"any_text","adjust_price":false,"price":"","price_type":"flat_fee","restrictions":false,"min":"0","max":"0","options":[{"label":"NO","price":"","price_type":"quantity_based","image":0,"visibility":true},{"label":"t\u00e9l\u00e9commande","price":"500","price_type":"quantity_based","image":0,"visibility":true}],"id":1772809811}],"yoast_head":"<!-- This site is optimized with the Yoast SEO plugin v26.7 - https:\/\/yoast.com\/wordpress\/plugins\/seo\/ -->\n<title>Mini spa 190 x 130 cm avec 35 jets, chauffage et syst\u00e8me de purification de l&#039;eau \u00e0 l&#039;ozone MP82 - Bagno Italia<\/title>\n<meta name=\"robots\" content=\"index, follow, max-snippet:-1, max-image-preview:large, max-video-preview:-1\" \/>\n<link rel=\"canonical\" href=\"https:\/\/www.bagnoitalia.com\/fr\/produit\/mini-hot-tub-190x130-cm-with-35-jets-heater-and-mp82-ozone-clean-water-system.html\" \/>\n<meta property=\"og:locale\" content=\"fr_FR\" \/>\n<meta property=\"og:type\" content=\"article\" \/>\n<meta property=\"og:title\" content=\"Mini spa 190 x 130 cm avec 35 jets, chauffage et syst\u00e8me de purification de l&#039;eau \u00e0 l&#039;ozone MP82 - Bagno Italia\" \/>\n<meta property=\"og:description\" content=\"Mini spa ext\u00e9rieur rectangulaire. \u00c9quip\u00e9 de : 35 jets d&#039;hydromassage \u00e0 intensit\u00e9 r\u00e9glable, syst\u00e8me de contr\u00f4le Balboa, chauffage, syst\u00e8me de filtration \u00e0 cartouche, chromoth\u00e9rapie LED et jets fontaine.\" \/>\n<meta property=\"og:url\" content=\"https:\/\/www.bagnoitalia.com\/fr\/produit\/mini-hot-tub-190x130-cm-with-35-jets-heater-and-mp82-ozone-clean-water-system.html\" \/>\n<meta property=\"og:site_name\" content=\"Bagno Italia\" \/>\n<meta property=\"article:modified_time\" content=\"2026-03-06T14:14:18+00:00\" \/>\n<meta property=\"og:image\" content=\"https:\/\/img.bagnoitalia.com\/wp-content\/uploads\/1-102.jpg\" \/>\n\t<meta property=\"og:image:width\" content=\"1000\" \/>\n\t<meta property=\"og:image:height\" content=\"1000\" \/>\n\t<meta property=\"og:image:type\" content=\"image\/jpeg\" \/>\n<meta name=\"twitter:card\" content=\"summary_large_image\" \/>\n<meta name=\"twitter:label1\" content=\"Dur\u00e9e de lecture estim\u00e9e\" \/>\n\t<meta name=\"twitter:data1\" content=\"2 minutes\" \/>\n<script type=\"application\/ld+json\" class=\"yoast-schema-graph\">{\"@context\":\"https:\/\/schema.org\",\"@graph\":[{\"@type\":\"WebPage\",\"@id\":\"https:\/\/www.bagnoitalia.com\/fr\/produit\/mini-hot-tub-190x130-cm-with-35-jets-heater-and-mp82-ozone-clean-water-system.html\",\"url\":\"https:\/\/www.bagnoitalia.com\/fr\/produit\/mini-hot-tub-190x130-cm-with-35-jets-heater-and-mp82-ozone-clean-water-system.html\",\"name\":\"Mini spa 190 x 130 cm avec 35 jets, chauffage et syst\u00e8me de purification de l'eau \u00e0 l'ozone MP82 - Bagno Italia\",\"isPartOf\":{\"@id\":\"https:\/\/www.bagnoitalia.com\/fr#website\"},\"primaryImageOfPage\":{\"@id\":\"https:\/\/www.bagnoitalia.com\/fr\/produit\/mini-hot-tub-190x130-cm-with-35-jets-heater-and-mp82-ozone-clean-water-system.html#primaryimage\"},\"image\":{\"@id\":\"https:\/\/www.bagnoitalia.com\/fr\/produit\/mini-hot-tub-190x130-cm-with-35-jets-heater-and-mp82-ozone-clean-water-system.html#primaryimage\"},\"thumbnailUrl\":\"https:\/\/img.bagnoitalia.com\/wp-content\/uploads\/1-102.jpg\",\"datePublished\":\"2026-03-06T14:10:07+00:00\",\"dateModified\":\"2026-03-06T14:14:18+00:00\",\"breadcrumb\":{\"@id\":\"https:\/\/www.bagnoitalia.com\/fr\/produit\/mini-hot-tub-190x130-cm-with-35-jets-heater-and-mp82-ozone-clean-water-system.html#breadcrumb\"},\"inLanguage\":\"fr-FR\",\"potentialAction\":[{\"@type\":\"ReadAction\",\"target\":[\"https:\/\/www.bagnoitalia.com\/fr\/produit\/mini-hot-tub-190x130-cm-with-35-jets-heater-and-mp82-ozone-clean-water-system.html\"]}]},{\"@type\":\"ImageObject\",\"inLanguage\":\"fr-FR\",\"@id\":\"https:\/\/www.bagnoitalia.com\/fr\/produit\/mini-hot-tub-190x130-cm-with-35-jets-heater-and-mp82-ozone-clean-water-system.html#primaryimage\",\"url\":\"https:\/\/img.bagnoitalia.com\/wp-content\/uploads\/1-102.jpg\",\"contentUrl\":\"https:\/\/img.bagnoitalia.com\/wp-content\/uploads\/1-102.jpg\",\"width\":1000,\"height\":1000},{\"@type\":\"BreadcrumbList\",\"@id\":\"https:\/\/www.bagnoitalia.com\/fr\/produit\/mini-hot-tub-190x130-cm-with-35-jets-heater-and-mp82-ozone-clean-water-system.html#breadcrumb\",\"itemListElement\":[{\"@type\":\"ListItem\",\"position\":1,\"name\":\"Home\",\"item\":\"https:\/\/www.bagnoitalia.com\/fr\"},{\"@type\":\"ListItem\",\"position\":2,\"name\":\"Produits\",\"item\":\"https:\/\/www.bagnoitalia.com\/fr\/shop\"},{\"@type\":\"ListItem\",\"position\":3,\"name\":\"Mini spa 190 x 130 cm avec 35 jets, chauffage et syst\u00e8me de purification de l&#8217;eau \u00e0 l&#8217;ozone MP82\"}]},{\"@type\":\"WebSite\",\"@id\":\"https:\/\/www.bagnoitalia.com\/fr#website\",\"url\":\"https:\/\/www.bagnoitalia.com\/fr\",\"name\":\"Bagno Italia\",\"description\":\"\",\"publisher\":{\"@id\":\"https:\/\/www.bagnoitalia.com\/fr#organization\"},\"potentialAction\":[{\"@type\":\"SearchAction\",\"target\":{\"@type\":\"EntryPoint\",\"urlTemplate\":\"https:\/\/www.bagnoitalia.com\/fr?s={search_term_string}\"},\"query-input\":{\"@type\":\"PropertyValueSpecification\",\"valueRequired\":true,\"valueName\":\"search_term_string\"}}],\"inLanguage\":\"fr-FR\"},{\"@type\":\"Organization\",\"@id\":\"https:\/\/www.bagnoitalia.com\/fr#organization\",\"name\":\"Bagno Italia\",\"url\":\"https:\/\/www.bagnoitalia.com\/fr\",\"logo\":{\"@type\":\"ImageObject\",\"inLanguage\":\"fr-FR\",\"@id\":\"https:\/\/www.bagnoitalia.com\/fr#\/schema\/logo\/image\/\",\"url\":\"https:\/\/img.bagnoitalia.com\/wp-content\/uploads\/logo-bagnoitalia.webp\",\"contentUrl\":\"https:\/\/img.bagnoitalia.com\/wp-content\/uploads\/logo-bagnoitalia.webp\",\"width\":400,\"height\":70,\"caption\":\"Bagno Italia\"},\"image\":{\"@id\":\"https:\/\/www.bagnoitalia.com\/fr#\/schema\/logo\/image\/\"}}]}<\/script>\n<!-- \/ Yoast SEO plugin. -->","yoast_head_json":{"title":"Mini spa 190 x 130 cm avec 35 jets, chauffage et syst\u00e8me de purification de l'eau \u00e0 l'ozone MP82 - Bagno Italia","robots":{"index":"index","follow":"follow","max-snippet":"max-snippet:-1","max-image-preview":"max-image-preview:large","max-video-preview":"max-video-preview:-1"},"canonical":"https:\/\/www.bagnoitalia.com\/fr\/produit\/mini-hot-tub-190x130-cm-with-35-jets-heater-and-mp82-ozone-clean-water-system.html","og_locale":"fr_FR","og_type":"article","og_title":"Mini spa 190 x 130 cm avec 35 jets, chauffage et syst\u00e8me de purification de l'eau \u00e0 l'ozone MP82 - Bagno Italia","og_description":"Mini spa ext\u00e9rieur rectangulaire. \u00c9quip\u00e9 de : 35 jets d'hydromassage \u00e0 intensit\u00e9 r\u00e9glable, syst\u00e8me de contr\u00f4le Balboa, chauffage, syst\u00e8me de filtration \u00e0 cartouche, chromoth\u00e9rapie LED et jets fontaine.","og_url":"https:\/\/www.bagnoitalia.com\/fr\/produit\/mini-hot-tub-190x130-cm-with-35-jets-heater-and-mp82-ozone-clean-water-system.html","og_site_name":"Bagno Italia","article_modified_time":"2026-03-06T14:14:18+00:00","og_image":[{"width":1000,"height":1000,"url":"https:\/\/img.bagnoitalia.com\/wp-content\/uploads\/1-102.jpg","type":"image\/jpeg"}],"twitter_card":"summary_large_image","twitter_misc":{"Dur\u00e9e de lecture estim\u00e9e":"2 minutes"},"schema":{"@context":"https:\/\/schema.org","@graph":[{"@type":"WebPage","@id":"https:\/\/www.bagnoitalia.com\/fr\/produit\/mini-hot-tub-190x130-cm-with-35-jets-heater-and-mp82-ozone-clean-water-system.html","url":"https:\/\/www.bagnoitalia.com\/fr\/produit\/mini-hot-tub-190x130-cm-with-35-jets-heater-and-mp82-ozone-clean-water-system.html","name":"Mini spa 190 x 130 cm avec 35 jets, chauffage et syst\u00e8me de purification de l'eau \u00e0 l'ozone MP82 - Bagno Italia","isPartOf":{"@id":"https:\/\/www.bagnoitalia.com\/fr#website"},"primaryImageOfPage":{"@id":"https:\/\/www.bagnoitalia.com\/fr\/produit\/mini-hot-tub-190x130-cm-with-35-jets-heater-and-mp82-ozone-clean-water-system.html#primaryimage"},"image":{"@id":"https:\/\/www.bagnoitalia.com\/fr\/produit\/mini-hot-tub-190x130-cm-with-35-jets-heater-and-mp82-ozone-clean-water-system.html#primaryimage"},"thumbnailUrl":"https:\/\/img.bagnoitalia.com\/wp-content\/uploads\/1-102.jpg","datePublished":"2026-03-06T14:10:07+00:00","dateModified":"2026-03-06T14:14:18+00:00","breadcrumb":{"@id":"https:\/\/www.bagnoitalia.com\/fr\/produit\/mini-hot-tub-190x130-cm-with-35-jets-heater-and-mp82-ozone-clean-water-system.html#breadcrumb"},"inLanguage":"fr-FR","potentialAction":[{"@type":"ReadAction","target":["https:\/\/www.bagnoitalia.com\/fr\/produit\/mini-hot-tub-190x130-cm-with-35-jets-heater-and-mp82-ozone-clean-water-system.html"]}]},{"@type":"ImageObject","inLanguage":"fr-FR","@id":"https:\/\/www.bagnoitalia.com\/fr\/produit\/mini-hot-tub-190x130-cm-with-35-jets-heater-and-mp82-ozone-clean-water-system.html#primaryimage","url":"https:\/\/img.bagnoitalia.com\/wp-content\/uploads\/1-102.jpg","contentUrl":"https:\/\/img.bagnoitalia.com\/wp-content\/uploads\/1-102.jpg","width":1000,"height":1000},{"@type":"BreadcrumbList","@id":"https:\/\/www.bagnoitalia.com\/fr\/produit\/mini-hot-tub-190x130-cm-with-35-jets-heater-and-mp82-ozone-clean-water-system.html#breadcrumb","itemListElement":[{"@type":"ListItem","position":1,"name":"Home","item":"https:\/\/www.bagnoitalia.com\/fr"},{"@type":"ListItem","position":2,"name":"Produits","item":"https:\/\/www.bagnoitalia.com\/fr\/shop"},{"@type":"ListItem","position":3,"name":"Mini spa 190 x 130 cm avec 35 jets, chauffage et syst\u00e8me de purification de l&#8217;eau \u00e0 l&#8217;ozone MP82"}]},{"@type":"WebSite","@id":"https:\/\/www.bagnoitalia.com\/fr#website","url":"https:\/\/www.bagnoitalia.com\/fr","name":"Bagno Italia","description":"","publisher":{"@id":"https:\/\/www.bagnoitalia.com\/fr#organization"},"potentialAction":[{"@type":"SearchAction","target":{"@type":"EntryPoint","urlTemplate":"https:\/\/www.bagnoitalia.com\/fr?s={search_term_string}"},"query-input":{"@type":"PropertyValueSpecification","valueRequired":true,"valueName":"search_term_string"}}],"inLanguage":"fr-FR"},{"@type":"Organization","@id":"https:\/\/www.bagnoitalia.com\/fr#organization","name":"Bagno Italia","url":"https:\/\/www.bagnoitalia.com\/fr","logo":{"@type":"ImageObject","inLanguage":"fr-FR","@id":"https:\/\/www.bagnoitalia.com\/fr#\/schema\/logo\/image\/","url":"https:\/\/img.bagnoitalia.com\/wp-content\/uploads\/logo-bagnoitalia.webp","contentUrl":"https:\/\/img.bagnoitalia.com\/wp-content\/uploads\/logo-bagnoitalia.webp","width":400,"height":70,"caption":"Bagno Italia"},"image":{"@id":"https:\/\/www.bagnoitalia.com\/fr#\/schema\/logo\/image\/"}}]}},"_links":{"self":[{"href":"https:\/\/www.bagnoitalia.com\/fr\/wp-json\/wp\/v2\/product\/116605","targetHints":{"allow":["GET"]}}],"collection":[{"href":"https:\/\/www.bagnoitalia.com\/fr\/wp-json\/wp\/v2\/product"}],"about":[{"href":"https:\/\/www.bagnoitalia.com\/fr\/wp-json\/wp\/v2\/types\/product"}],"replies":[{"embeddable":true,"href":"https:\/\/www.bagnoitalia.com\/fr\/wp-json\/wp\/v2\/comments?post=116605"}],"version-history":[{"count":3,"href":"https:\/\/www.bagnoitalia.com\/fr\/wp-json\/wp\/v2\/product\/116605\/revisions"}],"predecessor-version":[{"id":116612,"href":"https:\/\/www.bagnoitalia.com\/fr\/wp-json\/wp\/v2\/product\/116605\/revisions\/116612"}],"wp:featuredmedia":[{"embeddable":true,"href":"https:\/\/www.bagnoitalia.com\/fr\/wp-json\/wp\/v2\/media\/116565"}],"wp:attachment":[{"href":"https:\/\/www.bagnoitalia.com\/fr\/wp-json\/wp\/v2\/media?parent=116605"}],"wp:term":[{"taxonomy":"product_brand","embeddable":true,"href":"https:\/\/www.bagnoitalia.com\/fr\/wp-json\/wp\/v2\/product_brand?post=116605"},{"taxonomy":"product_cat","embeddable":true,"href":"https:\/\/www.bagnoitalia.com\/fr\/wp-json\/wp\/v2\/product_cat?post=116605"},{"taxonomy":"product_tag","embeddable":true,"href":"https:\/\/www.bagnoitalia.com\/fr\/wp-json\/wp\/v2\/product_tag?post=116605"}],"curies":[{"name":"wp","href":"https:\/\/api.w.org\/{rel}","templated":true}]}}