{"id":116497,"date":"2026-02-20T14:24:44","date_gmt":"2026-02-20T13:24:44","guid":{"rendered":"https:\/\/www.bagnoitalia.com\/mini-whirlpool-spa-450x225-cm-with-counter-current-swimming-40-jets-heater-led-lighting-ozone-therapy-mp81.html"},"modified":"2026-04-10T15:22:58","modified_gmt":"2026-04-10T13:22:58","slug":"mini-whirlpool-spa-450x225-cm-with-counter-current-swimming-40-jets-heater-led-lighting-ozone-therapy-mp81","status":"publish","type":"product","link":"https:\/\/www.bagnoitalia.com\/fr\/produit\/mini-whirlpool-spa-450x225-cm-with-counter-current-swimming-40-jets-heater-led-lighting-ozone-therapy-mp81.html","title":{"rendered":"Mini spa \u00e0 remous 450 x 225 cm avec nage \u00e0 contre-courant, 40 jets, chauffage, \u00e9clairage LED, ozonoth\u00e9rapie  MP81"},"content":{"rendered":"<p>MP81 Mini spa 450 x 225 cm<\/p>\n<p>&nbsp;<\/p>\n<p>CARACT\u00c9RISTIQUES PRINCIPALES<\/p>\n<p>Mini spa rectangulaire<\/p>\n<p>Dimensions : 450 x 225 x H 120 cm<\/p>\n<p>Convient pour 7 \u00e0 9 personnes (6 \u00e0 7 assises et 1 \u00e0 2 allong\u00e9es)<\/p>\n<p>40 jets d&rsquo;hydromassage<\/p>\n<p>3 jets pour la fonction NATATION \u00c0 CONTRE-COURANT, avec possibilit\u00e9 de personnaliser l&rsquo;intensit\u00e9 du d\u00e9bit d&rsquo;eau<\/p>\n<p>Chauffeur thermique am\u00e9ricain Balboa<\/p>\n<p>D\u00e9sinfection \u00e0 l&rsquo;ozone (ozonoth\u00e9rapie)<\/p>\n<p>Chromoth\u00e9rapie avec lumi\u00e8res LED en 7 couleurs diff\u00e9rentes<\/p>\n<p>Balboa American Touch id3 PC<\/p>\n<p>Enceinte flottante \u00e9tanche IP68 avec Bluetooth<\/p>\n<p>&nbsp;<\/p>\n<p>MAT\u00c9RIAUX ET D\u00c9TAILS TECHNIQUES SUPPL\u00c9MENTAIRES<\/p>\n<p>Structure : 4 couches d&rsquo;acrylique pur<\/p>\n<p>Cadre en acier galvanis\u00e9<\/p>\n<p>Isolation p\u00e9riph\u00e9rique en mousse de polyur\u00e9thane<\/p>\n<p>Acrylique Aristech\u00ae fabriqu\u00e9 aux \u00c9tats-Unis<\/p>\n<p>Rev\u00eatement renforc\u00e9 en fibre de verre<\/p>\n<p>\u00c9vents en acier inoxydable<\/p>\n<p>4 pompes 3HP<\/p>\n<p>Capacit\u00e9 : 5 700 litres<\/p>\n<p>Chauffage : 3 kW<\/p>\n<p>Syst\u00e8me de filtration de l&rsquo;eau<\/p>\n<p>Capteur \u00e9lectronique de niveau d&rsquo;eau<\/p>\n<p>Alimentation 220 V<\/p>\n<p>&nbsp;<\/p>\n<p>OPTIONS (non incluses dans le prix) \u00e0 ajouter via les menus d\u00e9roulants ci-dessus :<\/p>\n<p>Couverture thermique<br \/>\nTriple marche antid\u00e9rapante en PVC assortie au rev\u00eatement<br \/>\nSyst\u00e8me Wi-Fi Balboa pour le contr\u00f4le \u00e0 distance via un routeur et App-Link<\/p>\n","protected":false},"excerpt":{"rendered":"<p>Piscine ext\u00e9rieure pour 7 \u00e0 9 personnes, avec fonction de nage \u00e0 contre-courant. \u00c9quip\u00e9e de lumi\u00e8res de chromoth\u00e9rapie, d&rsquo;un PC tactile avec Bluetooth, d&rsquo;un chauffage Balboa et d&rsquo;un syst\u00e8me d&rsquo;ozonoth\u00e9rapie.<\/p>\n","protected":false},"featured_media":116417,"comment_status":"open","ping_status":"closed","template":"","meta":[],"product_brand":[9924],"product_cat":[10069],"product_tag":[],"class_list":{"0":"post-116497","1":"product","2":"type-product","3":"status-publish","4":"has-post-thumbnail","6":"product_brand-predator-arredo-casa-fr","7":"product_cat-piscines-exterieures-a-hydromassage","9":"first","10":"instock","11":"sale","12":"taxable","13":"shipping-taxable","14":"purchasable","15":"product-type-simple"},"exclude_global_add_ons":false,"addons":[{"name":"\u00c9chelle","type":"multiple_choice","position":0,"required":true,"title_format":"heading","default":"","description_enable":false,"description":"","placeholder_enable":false,"placeholder":"","display":"select","restrictions_type":"any_text","adjust_price":false,"price":"","price_type":"flat_fee","restrictions":false,"min":"0","max":"0","options":[{"label":"NO","price":"","price_type":"quantity_based","image":0,"visibility":true},{"label":"\u00e9chelle \u00e0 3 marches","price":"229","price_type":"quantity_based","image":0,"visibility":true}],"id":1771597485},{"name":"T\u00e9l\u00e9commande","type":"multiple_choice","position":1,"required":true,"title_format":"heading","default":"","description_enable":false,"description":"","placeholder_enable":false,"placeholder":"","display":"select","restrictions_type":"any_text","adjust_price":false,"price":"","price_type":"flat_fee","restrictions":false,"min":"0","max":"0","options":[{"label":"NO","price":"","price_type":"quantity_based","image":0,"visibility":true},{"label":"avec syst\u00e8me Wi-Fi Balboa","price":"229","price_type":"quantity_based","image":0,"visibility":true}],"id":1771597486},{"name":"Couverture","type":"multiple_choice","position":2,"required":true,"title_format":"heading","default":"","description_enable":false,"description":"","placeholder_enable":false,"placeholder":"","display":"select","restrictions_type":"any_text","adjust_price":false,"price":"","price_type":"flat_fee","restrictions":false,"min":"0","max":"0","options":[{"label":"NO","price":"","price_type":"quantity_based","image":0,"visibility":true},{"label":"avec couverture thermique","price":"739","price_type":"quantity_based","image":0,"visibility":true}],"id":1771597487}],"yoast_head":"<!-- This site is optimized with the Yoast SEO plugin v26.7 - https:\/\/yoast.com\/wordpress\/plugins\/seo\/ -->\n<title>Mini spa \u00e0 remous 450 x 225 cm avec nage \u00e0 contre-courant, 40 jets, chauffage, \u00e9clairage LED, ozonoth\u00e9rapie MP81 - Bagno Italia<\/title>\n<meta name=\"robots\" content=\"index, follow, max-snippet:-1, max-image-preview:large, max-video-preview:-1\" \/>\n<link rel=\"canonical\" href=\"https:\/\/www.bagnoitalia.com\/fr\/produit\/mini-whirlpool-spa-450x225-cm-with-counter-current-swimming-40-jets-heater-led-lighting-ozone-therapy-mp81.html\" \/>\n<meta property=\"og:locale\" content=\"fr_FR\" \/>\n<meta property=\"og:type\" content=\"article\" \/>\n<meta property=\"og:title\" content=\"Mini spa \u00e0 remous 450 x 225 cm avec nage \u00e0 contre-courant, 40 jets, chauffage, \u00e9clairage LED, ozonoth\u00e9rapie MP81 - Bagno Italia\" \/>\n<meta property=\"og:description\" content=\"Piscine ext\u00e9rieure pour 7 \u00e0 9 personnes, avec fonction de nage \u00e0 contre-courant. \u00c9quip\u00e9e de lumi\u00e8res de chromoth\u00e9rapie, d&#039;un PC tactile avec Bluetooth, d&#039;un chauffage Balboa et d&#039;un syst\u00e8me d&#039;ozonoth\u00e9rapie.\" \/>\n<meta property=\"og:url\" content=\"https:\/\/www.bagnoitalia.com\/fr\/produit\/mini-whirlpool-spa-450x225-cm-with-counter-current-swimming-40-jets-heater-led-lighting-ozone-therapy-mp81.html\" \/>\n<meta property=\"og:site_name\" content=\"Bagno Italia\" \/>\n<meta property=\"article:modified_time\" content=\"2026-04-10T13:22:58+00:00\" \/>\n<meta property=\"og:image\" content=\"https:\/\/img.bagnoitalia.com\/wp-content\/uploads\/1-101.jpg\" \/>\n\t<meta property=\"og:image:width\" content=\"1000\" \/>\n\t<meta property=\"og:image:height\" content=\"1000\" \/>\n\t<meta property=\"og:image:type\" content=\"image\/jpeg\" \/>\n<meta name=\"twitter:card\" content=\"summary_large_image\" \/>\n<meta name=\"twitter:label1\" content=\"Dur\u00e9e de lecture estim\u00e9e\" \/>\n\t<meta name=\"twitter:data1\" content=\"1 minute\" \/>\n<script type=\"application\/ld+json\" class=\"yoast-schema-graph\">{\"@context\":\"https:\/\/schema.org\",\"@graph\":[{\"@type\":\"WebPage\",\"@id\":\"https:\/\/www.bagnoitalia.com\/fr\/produit\/mini-whirlpool-spa-450x225-cm-with-counter-current-swimming-40-jets-heater-led-lighting-ozone-therapy-mp81.html\",\"url\":\"https:\/\/www.bagnoitalia.com\/fr\/produit\/mini-whirlpool-spa-450x225-cm-with-counter-current-swimming-40-jets-heater-led-lighting-ozone-therapy-mp81.html\",\"name\":\"Mini spa \u00e0 remous 450 x 225 cm avec nage \u00e0 contre-courant, 40 jets, chauffage, \u00e9clairage LED, ozonoth\u00e9rapie MP81 - Bagno Italia\",\"isPartOf\":{\"@id\":\"https:\/\/www.bagnoitalia.com\/fr#website\"},\"primaryImageOfPage\":{\"@id\":\"https:\/\/www.bagnoitalia.com\/fr\/produit\/mini-whirlpool-spa-450x225-cm-with-counter-current-swimming-40-jets-heater-led-lighting-ozone-therapy-mp81.html#primaryimage\"},\"image\":{\"@id\":\"https:\/\/www.bagnoitalia.com\/fr\/produit\/mini-whirlpool-spa-450x225-cm-with-counter-current-swimming-40-jets-heater-led-lighting-ozone-therapy-mp81.html#primaryimage\"},\"thumbnailUrl\":\"https:\/\/img.bagnoitalia.com\/wp-content\/uploads\/1-101.jpg\",\"datePublished\":\"2026-02-20T13:24:44+00:00\",\"dateModified\":\"2026-04-10T13:22:58+00:00\",\"breadcrumb\":{\"@id\":\"https:\/\/www.bagnoitalia.com\/fr\/produit\/mini-whirlpool-spa-450x225-cm-with-counter-current-swimming-40-jets-heater-led-lighting-ozone-therapy-mp81.html#breadcrumb\"},\"inLanguage\":\"fr-FR\",\"potentialAction\":[{\"@type\":\"ReadAction\",\"target\":[\"https:\/\/www.bagnoitalia.com\/fr\/produit\/mini-whirlpool-spa-450x225-cm-with-counter-current-swimming-40-jets-heater-led-lighting-ozone-therapy-mp81.html\"]}]},{\"@type\":\"ImageObject\",\"inLanguage\":\"fr-FR\",\"@id\":\"https:\/\/www.bagnoitalia.com\/fr\/produit\/mini-whirlpool-spa-450x225-cm-with-counter-current-swimming-40-jets-heater-led-lighting-ozone-therapy-mp81.html#primaryimage\",\"url\":\"https:\/\/img.bagnoitalia.com\/wp-content\/uploads\/1-101.jpg\",\"contentUrl\":\"https:\/\/img.bagnoitalia.com\/wp-content\/uploads\/1-101.jpg\",\"width\":1000,\"height\":1000},{\"@type\":\"BreadcrumbList\",\"@id\":\"https:\/\/www.bagnoitalia.com\/fr\/produit\/mini-whirlpool-spa-450x225-cm-with-counter-current-swimming-40-jets-heater-led-lighting-ozone-therapy-mp81.html#breadcrumb\",\"itemListElement\":[{\"@type\":\"ListItem\",\"position\":1,\"name\":\"Home\",\"item\":\"https:\/\/www.bagnoitalia.com\/fr\"},{\"@type\":\"ListItem\",\"position\":2,\"name\":\"Produits\",\"item\":\"https:\/\/www.bagnoitalia.com\/fr\/shop\"},{\"@type\":\"ListItem\",\"position\":3,\"name\":\"Mini spa \u00e0 remous 450 x 225 cm avec nage \u00e0 contre-courant, 40 jets, chauffage, \u00e9clairage LED, ozonoth\u00e9rapie MP81\"}]},{\"@type\":\"WebSite\",\"@id\":\"https:\/\/www.bagnoitalia.com\/fr#website\",\"url\":\"https:\/\/www.bagnoitalia.com\/fr\",\"name\":\"Bagno Italia\",\"description\":\"\",\"publisher\":{\"@id\":\"https:\/\/www.bagnoitalia.com\/fr#organization\"},\"potentialAction\":[{\"@type\":\"SearchAction\",\"target\":{\"@type\":\"EntryPoint\",\"urlTemplate\":\"https:\/\/www.bagnoitalia.com\/fr?s={search_term_string}\"},\"query-input\":{\"@type\":\"PropertyValueSpecification\",\"valueRequired\":true,\"valueName\":\"search_term_string\"}}],\"inLanguage\":\"fr-FR\"},{\"@type\":\"Organization\",\"@id\":\"https:\/\/www.bagnoitalia.com\/fr#organization\",\"name\":\"Bagno Italia\",\"url\":\"https:\/\/www.bagnoitalia.com\/fr\",\"logo\":{\"@type\":\"ImageObject\",\"inLanguage\":\"fr-FR\",\"@id\":\"https:\/\/www.bagnoitalia.com\/fr#\/schema\/logo\/image\/\",\"url\":\"https:\/\/img.bagnoitalia.com\/wp-content\/uploads\/logo-bagnoitalia.webp\",\"contentUrl\":\"https:\/\/img.bagnoitalia.com\/wp-content\/uploads\/logo-bagnoitalia.webp\",\"width\":400,\"height\":70,\"caption\":\"Bagno Italia\"},\"image\":{\"@id\":\"https:\/\/www.bagnoitalia.com\/fr#\/schema\/logo\/image\/\"}}]}<\/script>\n<!-- \/ Yoast SEO plugin. -->","yoast_head_json":{"title":"Mini spa \u00e0 remous 450 x 225 cm avec nage \u00e0 contre-courant, 40 jets, chauffage, \u00e9clairage LED, ozonoth\u00e9rapie MP81 - Bagno Italia","robots":{"index":"index","follow":"follow","max-snippet":"max-snippet:-1","max-image-preview":"max-image-preview:large","max-video-preview":"max-video-preview:-1"},"canonical":"https:\/\/www.bagnoitalia.com\/fr\/produit\/mini-whirlpool-spa-450x225-cm-with-counter-current-swimming-40-jets-heater-led-lighting-ozone-therapy-mp81.html","og_locale":"fr_FR","og_type":"article","og_title":"Mini spa \u00e0 remous 450 x 225 cm avec nage \u00e0 contre-courant, 40 jets, chauffage, \u00e9clairage LED, ozonoth\u00e9rapie MP81 - Bagno Italia","og_description":"Piscine ext\u00e9rieure pour 7 \u00e0 9 personnes, avec fonction de nage \u00e0 contre-courant. \u00c9quip\u00e9e de lumi\u00e8res de chromoth\u00e9rapie, d'un PC tactile avec Bluetooth, d'un chauffage Balboa et d'un syst\u00e8me d'ozonoth\u00e9rapie.","og_url":"https:\/\/www.bagnoitalia.com\/fr\/produit\/mini-whirlpool-spa-450x225-cm-with-counter-current-swimming-40-jets-heater-led-lighting-ozone-therapy-mp81.html","og_site_name":"Bagno Italia","article_modified_time":"2026-04-10T13:22:58+00:00","og_image":[{"width":1000,"height":1000,"url":"https:\/\/img.bagnoitalia.com\/wp-content\/uploads\/1-101.jpg","type":"image\/jpeg"}],"twitter_card":"summary_large_image","twitter_misc":{"Dur\u00e9e de lecture estim\u00e9e":"1 minute"},"schema":{"@context":"https:\/\/schema.org","@graph":[{"@type":"WebPage","@id":"https:\/\/www.bagnoitalia.com\/fr\/produit\/mini-whirlpool-spa-450x225-cm-with-counter-current-swimming-40-jets-heater-led-lighting-ozone-therapy-mp81.html","url":"https:\/\/www.bagnoitalia.com\/fr\/produit\/mini-whirlpool-spa-450x225-cm-with-counter-current-swimming-40-jets-heater-led-lighting-ozone-therapy-mp81.html","name":"Mini spa \u00e0 remous 450 x 225 cm avec nage \u00e0 contre-courant, 40 jets, chauffage, \u00e9clairage LED, ozonoth\u00e9rapie MP81 - Bagno Italia","isPartOf":{"@id":"https:\/\/www.bagnoitalia.com\/fr#website"},"primaryImageOfPage":{"@id":"https:\/\/www.bagnoitalia.com\/fr\/produit\/mini-whirlpool-spa-450x225-cm-with-counter-current-swimming-40-jets-heater-led-lighting-ozone-therapy-mp81.html#primaryimage"},"image":{"@id":"https:\/\/www.bagnoitalia.com\/fr\/produit\/mini-whirlpool-spa-450x225-cm-with-counter-current-swimming-40-jets-heater-led-lighting-ozone-therapy-mp81.html#primaryimage"},"thumbnailUrl":"https:\/\/img.bagnoitalia.com\/wp-content\/uploads\/1-101.jpg","datePublished":"2026-02-20T13:24:44+00:00","dateModified":"2026-04-10T13:22:58+00:00","breadcrumb":{"@id":"https:\/\/www.bagnoitalia.com\/fr\/produit\/mini-whirlpool-spa-450x225-cm-with-counter-current-swimming-40-jets-heater-led-lighting-ozone-therapy-mp81.html#breadcrumb"},"inLanguage":"fr-FR","potentialAction":[{"@type":"ReadAction","target":["https:\/\/www.bagnoitalia.com\/fr\/produit\/mini-whirlpool-spa-450x225-cm-with-counter-current-swimming-40-jets-heater-led-lighting-ozone-therapy-mp81.html"]}]},{"@type":"ImageObject","inLanguage":"fr-FR","@id":"https:\/\/www.bagnoitalia.com\/fr\/produit\/mini-whirlpool-spa-450x225-cm-with-counter-current-swimming-40-jets-heater-led-lighting-ozone-therapy-mp81.html#primaryimage","url":"https:\/\/img.bagnoitalia.com\/wp-content\/uploads\/1-101.jpg","contentUrl":"https:\/\/img.bagnoitalia.com\/wp-content\/uploads\/1-101.jpg","width":1000,"height":1000},{"@type":"BreadcrumbList","@id":"https:\/\/www.bagnoitalia.com\/fr\/produit\/mini-whirlpool-spa-450x225-cm-with-counter-current-swimming-40-jets-heater-led-lighting-ozone-therapy-mp81.html#breadcrumb","itemListElement":[{"@type":"ListItem","position":1,"name":"Home","item":"https:\/\/www.bagnoitalia.com\/fr"},{"@type":"ListItem","position":2,"name":"Produits","item":"https:\/\/www.bagnoitalia.com\/fr\/shop"},{"@type":"ListItem","position":3,"name":"Mini spa \u00e0 remous 450 x 225 cm avec nage \u00e0 contre-courant, 40 jets, chauffage, \u00e9clairage LED, ozonoth\u00e9rapie MP81"}]},{"@type":"WebSite","@id":"https:\/\/www.bagnoitalia.com\/fr#website","url":"https:\/\/www.bagnoitalia.com\/fr","name":"Bagno Italia","description":"","publisher":{"@id":"https:\/\/www.bagnoitalia.com\/fr#organization"},"potentialAction":[{"@type":"SearchAction","target":{"@type":"EntryPoint","urlTemplate":"https:\/\/www.bagnoitalia.com\/fr?s={search_term_string}"},"query-input":{"@type":"PropertyValueSpecification","valueRequired":true,"valueName":"search_term_string"}}],"inLanguage":"fr-FR"},{"@type":"Organization","@id":"https:\/\/www.bagnoitalia.com\/fr#organization","name":"Bagno Italia","url":"https:\/\/www.bagnoitalia.com\/fr","logo":{"@type":"ImageObject","inLanguage":"fr-FR","@id":"https:\/\/www.bagnoitalia.com\/fr#\/schema\/logo\/image\/","url":"https:\/\/img.bagnoitalia.com\/wp-content\/uploads\/logo-bagnoitalia.webp","contentUrl":"https:\/\/img.bagnoitalia.com\/wp-content\/uploads\/logo-bagnoitalia.webp","width":400,"height":70,"caption":"Bagno Italia"},"image":{"@id":"https:\/\/www.bagnoitalia.com\/fr#\/schema\/logo\/image\/"}}]}},"_links":{"self":[{"href":"https:\/\/www.bagnoitalia.com\/fr\/wp-json\/wp\/v2\/product\/116497","targetHints":{"allow":["GET"]}}],"collection":[{"href":"https:\/\/www.bagnoitalia.com\/fr\/wp-json\/wp\/v2\/product"}],"about":[{"href":"https:\/\/www.bagnoitalia.com\/fr\/wp-json\/wp\/v2\/types\/product"}],"replies":[{"embeddable":true,"href":"https:\/\/www.bagnoitalia.com\/fr\/wp-json\/wp\/v2\/comments?post=116497"}],"version-history":[{"count":4,"href":"https:\/\/www.bagnoitalia.com\/fr\/wp-json\/wp\/v2\/product\/116497\/revisions"}],"predecessor-version":[{"id":117109,"href":"https:\/\/www.bagnoitalia.com\/fr\/wp-json\/wp\/v2\/product\/116497\/revisions\/117109"}],"wp:featuredmedia":[{"embeddable":true,"href":"https:\/\/www.bagnoitalia.com\/fr\/wp-json\/wp\/v2\/media\/116417"}],"wp:attachment":[{"href":"https:\/\/www.bagnoitalia.com\/fr\/wp-json\/wp\/v2\/media?parent=116497"}],"wp:term":[{"taxonomy":"product_brand","embeddable":true,"href":"https:\/\/www.bagnoitalia.com\/fr\/wp-json\/wp\/v2\/product_brand?post=116497"},{"taxonomy":"product_cat","embeddable":true,"href":"https:\/\/www.bagnoitalia.com\/fr\/wp-json\/wp\/v2\/product_cat?post=116497"},{"taxonomy":"product_tag","embeddable":true,"href":"https:\/\/www.bagnoitalia.com\/fr\/wp-json\/wp\/v2\/product_tag?post=116497"}],"curies":[{"name":"wp","href":"https:\/\/api.w.org\/{rel}","templated":true}]}}