{"id":115997,"date":"2022-11-21T16:27:04","date_gmt":"2022-11-21T15:27:04","guid":{"rendered":"https:\/\/www.bagnoitalia.com\/marek-white-ceramic-toilet-and-bidet-with-floor-or-wall-outlet.html"},"modified":"2026-01-27T16:14:46","modified_gmt":"2026-01-27T15:14:46","slug":"marek-white-ceramic-toilet-and-bidet-with-floor-or-wall-outlet","status":"publish","type":"product","link":"https:\/\/www.bagnoitalia.com\/fr\/produit\/marek-white-ceramic-toilet-and-bidet-with-floor-or-wall-outlet.html","title":{"rendered":"Toilettes et bidet Marek en c\u00e9ramique blanche avec sortie au sol ou murale"},"content":{"rendered":"<p>\u00c9QUIPEMENTS SANITAIRES MAREK<\/p>\n<p>&nbsp;<\/p>\n<p>S\u00e9rie compl\u00e8te d&rsquo;\u00e9quipements sanitaires adapt\u00e9s aux personnes \u00e0 mobilit\u00e9 r\u00e9duite, d&rsquo;une hauteur de 49 cm.<\/p>\n<p>Disponible avec \u00e9vacuation murale ou au sol.<\/p>\n<p>Fabriqu\u00e9 en c\u00e9ramique blanche polie.<\/p>\n<p>Fixations incluses.<\/p>\n<p>Si\u00e8ge de toilettes thermodurci inclus.<\/p>\n<p>DIMENSIONS DES \u00c9QUIPEMENTS SANITAIRES<\/p>\n<p>WC 37,5 x 52 x H 49 cm.<\/p>\n<p>Bidet 37,5 x 51 x H 49 cm.<\/p>\n<p>&nbsp;<\/p>\n<p>ATTENTION : mitigeur et barre d&rsquo;appui lat\u00e9rale non compris dans le prix.<\/p>\n<p>&nbsp;<\/p>\n<p>&nbsp;<\/p>\n<p>&nbsp;<\/p>\n<p>&nbsp;<\/p>\n<p>&nbsp;<\/p>\n<p>&nbsp;<\/p>\n<p>&nbsp;<\/p>\n<p>&nbsp;<\/p>\n<p>&nbsp;<\/p>\n<p>MAGCPS<\/p>\n<p>MAGCTS<\/p>\n","protected":false},"excerpt":{"rendered":"<p>Ensemble complet d&rsquo;\u00e9quipements sanitaires accessibles, hauteur 49 cm. Choix entre version avec siphon au sol ou siphon mural.<\/p>\n","protected":false},"featured_media":58326,"comment_status":"open","ping_status":"closed","template":"","meta":[],"product_brand":[9882],"product_cat":[9695],"product_tag":[],"class_list":{"0":"post-115997","1":"product","2":"type-product","3":"status-publish","4":"has-post-thumbnail","6":"product_brand-deghi-fr","7":"product_cat-salle-de-bain-sanitaire","9":"first","10":"instock","11":"sale","12":"taxable","13":"shipping-taxable","14":"purchasable","15":"product-type-simple"},"exclude_global_add_ons":false,"addons":[{"name":"typologie","type":"multiple_choice","position":0,"required":true,"title_format":"heading","default":"","description_enable":false,"description":"","placeholder_enable":false,"placeholder":"","display":"select","restrictions_type":"any_text","adjust_price":false,"price":"","price_type":"flat_fee","restrictions":false,"min":"0","max":"0","options":[{"label":"mur","price":"","price_type":"quantity_based","image":0,"visibility":true},{"label":"au sol","price":"","price_type":"quantity_based","image":0,"visibility":true}],"id":1718633059}],"yoast_head":"<!-- This site is optimized with the Yoast SEO plugin v26.7 - https:\/\/yoast.com\/wordpress\/plugins\/seo\/ -->\n<title>Marek white ceramic toilet and bidet with floor or wall outlet<\/title>\n<meta name=\"description\" content=\"Complete pair of accessible sanitary fittings, 49 cm high. Choice of floor drain or wall drain version.\" \/>\n<meta name=\"robots\" content=\"index, follow, max-snippet:-1, max-image-preview:large, max-video-preview:-1\" \/>\n<link rel=\"canonical\" href=\"https:\/\/www.bagnoitalia.com\/fr\/produit\/marek-white-ceramic-toilet-and-bidet-with-floor-or-wall-outlet.html\" \/>\n<meta property=\"og:locale\" content=\"fr_FR\" \/>\n<meta property=\"og:type\" content=\"article\" \/>\n<meta property=\"og:title\" content=\"Marek white ceramic toilet and bidet with floor or wall outlet\" \/>\n<meta property=\"og:description\" content=\"Complete pair of accessible sanitary fittings, 49 cm high. Choice of floor drain or wall drain version.\" \/>\n<meta property=\"og:url\" content=\"https:\/\/www.bagnoitalia.com\/fr\/produit\/marek-white-ceramic-toilet-and-bidet-with-floor-or-wall-outlet.html\" \/>\n<meta property=\"og:site_name\" content=\"Bagno Italia\" \/>\n<meta property=\"article:modified_time\" content=\"2026-01-27T15:14:46+00:00\" \/>\n<meta property=\"og:image\" content=\"https:\/\/img.bagnoitalia.com\/wp-content\/uploads\/virtuemart\/product\/sanitary-discharge-wall-or-ground-height-49-cm-1.jpg\" \/>\n\t<meta property=\"og:image:width\" content=\"550\" \/>\n\t<meta property=\"og:image:height\" content=\"550\" \/>\n\t<meta property=\"og:image:type\" content=\"image\/jpeg\" \/>\n<meta name=\"twitter:card\" content=\"summary_large_image\" \/>\n<meta name=\"twitter:label1\" content=\"Dur\u00e9e de lecture estim\u00e9e\" \/>\n\t<meta name=\"twitter:data1\" content=\"1 minute\" \/>\n<script type=\"application\/ld+json\" class=\"yoast-schema-graph\">{\"@context\":\"https:\/\/schema.org\",\"@graph\":[{\"@type\":\"WebPage\",\"@id\":\"https:\/\/www.bagnoitalia.com\/fr\/produit\/marek-white-ceramic-toilet-and-bidet-with-floor-or-wall-outlet.html\",\"url\":\"https:\/\/www.bagnoitalia.com\/fr\/produit\/marek-white-ceramic-toilet-and-bidet-with-floor-or-wall-outlet.html\",\"name\":\"Marek white ceramic toilet and bidet with floor or wall outlet\",\"isPartOf\":{\"@id\":\"https:\/\/www.bagnoitalia.com\/fr#website\"},\"primaryImageOfPage\":{\"@id\":\"https:\/\/www.bagnoitalia.com\/fr\/produit\/marek-white-ceramic-toilet-and-bidet-with-floor-or-wall-outlet.html#primaryimage\"},\"image\":{\"@id\":\"https:\/\/www.bagnoitalia.com\/fr\/produit\/marek-white-ceramic-toilet-and-bidet-with-floor-or-wall-outlet.html#primaryimage\"},\"thumbnailUrl\":\"https:\/\/img.bagnoitalia.com\/wp-content\/uploads\/virtuemart\/product\/sanitary-discharge-wall-or-ground-height-49-cm-1.jpg\",\"datePublished\":\"2022-11-21T15:27:04+00:00\",\"dateModified\":\"2026-01-27T15:14:46+00:00\",\"description\":\"Complete pair of accessible sanitary fittings, 49 cm high. Choice of floor drain or wall drain version.\",\"breadcrumb\":{\"@id\":\"https:\/\/www.bagnoitalia.com\/fr\/produit\/marek-white-ceramic-toilet-and-bidet-with-floor-or-wall-outlet.html#breadcrumb\"},\"inLanguage\":\"fr-FR\",\"potentialAction\":[{\"@type\":\"ReadAction\",\"target\":[\"https:\/\/www.bagnoitalia.com\/fr\/produit\/marek-white-ceramic-toilet-and-bidet-with-floor-or-wall-outlet.html\"]}]},{\"@type\":\"ImageObject\",\"inLanguage\":\"fr-FR\",\"@id\":\"https:\/\/www.bagnoitalia.com\/fr\/produit\/marek-white-ceramic-toilet-and-bidet-with-floor-or-wall-outlet.html#primaryimage\",\"url\":\"https:\/\/img.bagnoitalia.com\/wp-content\/uploads\/virtuemart\/product\/sanitary-discharge-wall-or-ground-height-49-cm-1.jpg\",\"contentUrl\":\"https:\/\/img.bagnoitalia.com\/wp-content\/uploads\/virtuemart\/product\/sanitary-discharge-wall-or-ground-height-49-cm-1.jpg\",\"width\":550,\"height\":550},{\"@type\":\"BreadcrumbList\",\"@id\":\"https:\/\/www.bagnoitalia.com\/fr\/produit\/marek-white-ceramic-toilet-and-bidet-with-floor-or-wall-outlet.html#breadcrumb\",\"itemListElement\":[{\"@type\":\"ListItem\",\"position\":1,\"name\":\"Home\",\"item\":\"https:\/\/www.bagnoitalia.com\/fr\"},{\"@type\":\"ListItem\",\"position\":2,\"name\":\"Produits\",\"item\":\"https:\/\/www.bagnoitalia.com\/fr\/shop\"},{\"@type\":\"ListItem\",\"position\":3,\"name\":\"Toilettes et bidet Marek en c\u00e9ramique blanche avec sortie au sol ou murale\"}]},{\"@type\":\"WebSite\",\"@id\":\"https:\/\/www.bagnoitalia.com\/fr#website\",\"url\":\"https:\/\/www.bagnoitalia.com\/fr\",\"name\":\"Bagno Italia\",\"description\":\"\",\"publisher\":{\"@id\":\"https:\/\/www.bagnoitalia.com\/fr#organization\"},\"potentialAction\":[{\"@type\":\"SearchAction\",\"target\":{\"@type\":\"EntryPoint\",\"urlTemplate\":\"https:\/\/www.bagnoitalia.com\/fr?s={search_term_string}\"},\"query-input\":{\"@type\":\"PropertyValueSpecification\",\"valueRequired\":true,\"valueName\":\"search_term_string\"}}],\"inLanguage\":\"fr-FR\"},{\"@type\":\"Organization\",\"@id\":\"https:\/\/www.bagnoitalia.com\/fr#organization\",\"name\":\"Bagno Italia\",\"url\":\"https:\/\/www.bagnoitalia.com\/fr\",\"logo\":{\"@type\":\"ImageObject\",\"inLanguage\":\"fr-FR\",\"@id\":\"https:\/\/www.bagnoitalia.com\/fr#\/schema\/logo\/image\/\",\"url\":\"https:\/\/img.bagnoitalia.com\/wp-content\/uploads\/logo-bagnoitalia.webp\",\"contentUrl\":\"https:\/\/img.bagnoitalia.com\/wp-content\/uploads\/logo-bagnoitalia.webp\",\"width\":400,\"height\":70,\"caption\":\"Bagno Italia\"},\"image\":{\"@id\":\"https:\/\/www.bagnoitalia.com\/fr#\/schema\/logo\/image\/\"}}]}<\/script>\n<!-- \/ Yoast SEO plugin. -->","yoast_head_json":{"title":"Marek white ceramic toilet and bidet with floor or wall outlet","description":"Complete pair of accessible sanitary fittings, 49 cm high. Choice of floor drain or wall drain version.","robots":{"index":"index","follow":"follow","max-snippet":"max-snippet:-1","max-image-preview":"max-image-preview:large","max-video-preview":"max-video-preview:-1"},"canonical":"https:\/\/www.bagnoitalia.com\/fr\/produit\/marek-white-ceramic-toilet-and-bidet-with-floor-or-wall-outlet.html","og_locale":"fr_FR","og_type":"article","og_title":"Marek white ceramic toilet and bidet with floor or wall outlet","og_description":"Complete pair of accessible sanitary fittings, 49 cm high. Choice of floor drain or wall drain version.","og_url":"https:\/\/www.bagnoitalia.com\/fr\/produit\/marek-white-ceramic-toilet-and-bidet-with-floor-or-wall-outlet.html","og_site_name":"Bagno Italia","article_modified_time":"2026-01-27T15:14:46+00:00","og_image":[{"width":550,"height":550,"url":"https:\/\/img.bagnoitalia.com\/wp-content\/uploads\/virtuemart\/product\/sanitary-discharge-wall-or-ground-height-49-cm-1.jpg","type":"image\/jpeg"}],"twitter_card":"summary_large_image","twitter_misc":{"Dur\u00e9e de lecture estim\u00e9e":"1 minute"},"schema":{"@context":"https:\/\/schema.org","@graph":[{"@type":"WebPage","@id":"https:\/\/www.bagnoitalia.com\/fr\/produit\/marek-white-ceramic-toilet-and-bidet-with-floor-or-wall-outlet.html","url":"https:\/\/www.bagnoitalia.com\/fr\/produit\/marek-white-ceramic-toilet-and-bidet-with-floor-or-wall-outlet.html","name":"Marek white ceramic toilet and bidet with floor or wall outlet","isPartOf":{"@id":"https:\/\/www.bagnoitalia.com\/fr#website"},"primaryImageOfPage":{"@id":"https:\/\/www.bagnoitalia.com\/fr\/produit\/marek-white-ceramic-toilet-and-bidet-with-floor-or-wall-outlet.html#primaryimage"},"image":{"@id":"https:\/\/www.bagnoitalia.com\/fr\/produit\/marek-white-ceramic-toilet-and-bidet-with-floor-or-wall-outlet.html#primaryimage"},"thumbnailUrl":"https:\/\/img.bagnoitalia.com\/wp-content\/uploads\/virtuemart\/product\/sanitary-discharge-wall-or-ground-height-49-cm-1.jpg","datePublished":"2022-11-21T15:27:04+00:00","dateModified":"2026-01-27T15:14:46+00:00","description":"Complete pair of accessible sanitary fittings, 49 cm high. Choice of floor drain or wall drain version.","breadcrumb":{"@id":"https:\/\/www.bagnoitalia.com\/fr\/produit\/marek-white-ceramic-toilet-and-bidet-with-floor-or-wall-outlet.html#breadcrumb"},"inLanguage":"fr-FR","potentialAction":[{"@type":"ReadAction","target":["https:\/\/www.bagnoitalia.com\/fr\/produit\/marek-white-ceramic-toilet-and-bidet-with-floor-or-wall-outlet.html"]}]},{"@type":"ImageObject","inLanguage":"fr-FR","@id":"https:\/\/www.bagnoitalia.com\/fr\/produit\/marek-white-ceramic-toilet-and-bidet-with-floor-or-wall-outlet.html#primaryimage","url":"https:\/\/img.bagnoitalia.com\/wp-content\/uploads\/virtuemart\/product\/sanitary-discharge-wall-or-ground-height-49-cm-1.jpg","contentUrl":"https:\/\/img.bagnoitalia.com\/wp-content\/uploads\/virtuemart\/product\/sanitary-discharge-wall-or-ground-height-49-cm-1.jpg","width":550,"height":550},{"@type":"BreadcrumbList","@id":"https:\/\/www.bagnoitalia.com\/fr\/produit\/marek-white-ceramic-toilet-and-bidet-with-floor-or-wall-outlet.html#breadcrumb","itemListElement":[{"@type":"ListItem","position":1,"name":"Home","item":"https:\/\/www.bagnoitalia.com\/fr"},{"@type":"ListItem","position":2,"name":"Produits","item":"https:\/\/www.bagnoitalia.com\/fr\/shop"},{"@type":"ListItem","position":3,"name":"Toilettes et bidet Marek en c\u00e9ramique blanche avec sortie au sol ou murale"}]},{"@type":"WebSite","@id":"https:\/\/www.bagnoitalia.com\/fr#website","url":"https:\/\/www.bagnoitalia.com\/fr","name":"Bagno Italia","description":"","publisher":{"@id":"https:\/\/www.bagnoitalia.com\/fr#organization"},"potentialAction":[{"@type":"SearchAction","target":{"@type":"EntryPoint","urlTemplate":"https:\/\/www.bagnoitalia.com\/fr?s={search_term_string}"},"query-input":{"@type":"PropertyValueSpecification","valueRequired":true,"valueName":"search_term_string"}}],"inLanguage":"fr-FR"},{"@type":"Organization","@id":"https:\/\/www.bagnoitalia.com\/fr#organization","name":"Bagno Italia","url":"https:\/\/www.bagnoitalia.com\/fr","logo":{"@type":"ImageObject","inLanguage":"fr-FR","@id":"https:\/\/www.bagnoitalia.com\/fr#\/schema\/logo\/image\/","url":"https:\/\/img.bagnoitalia.com\/wp-content\/uploads\/logo-bagnoitalia.webp","contentUrl":"https:\/\/img.bagnoitalia.com\/wp-content\/uploads\/logo-bagnoitalia.webp","width":400,"height":70,"caption":"Bagno Italia"},"image":{"@id":"https:\/\/www.bagnoitalia.com\/fr#\/schema\/logo\/image\/"}}]}},"_links":{"self":[{"href":"https:\/\/www.bagnoitalia.com\/fr\/wp-json\/wp\/v2\/product\/115997","targetHints":{"allow":["GET"]}}],"collection":[{"href":"https:\/\/www.bagnoitalia.com\/fr\/wp-json\/wp\/v2\/product"}],"about":[{"href":"https:\/\/www.bagnoitalia.com\/fr\/wp-json\/wp\/v2\/types\/product"}],"replies":[{"embeddable":true,"href":"https:\/\/www.bagnoitalia.com\/fr\/wp-json\/wp\/v2\/comments?post=115997"}],"version-history":[{"count":2,"href":"https:\/\/www.bagnoitalia.com\/fr\/wp-json\/wp\/v2\/product\/115997\/revisions"}],"predecessor-version":[{"id":116001,"href":"https:\/\/www.bagnoitalia.com\/fr\/wp-json\/wp\/v2\/product\/115997\/revisions\/116001"}],"wp:featuredmedia":[{"embeddable":true,"href":"https:\/\/www.bagnoitalia.com\/fr\/wp-json\/wp\/v2\/media\/58326"}],"wp:attachment":[{"href":"https:\/\/www.bagnoitalia.com\/fr\/wp-json\/wp\/v2\/media?parent=115997"}],"wp:term":[{"taxonomy":"product_brand","embeddable":true,"href":"https:\/\/www.bagnoitalia.com\/fr\/wp-json\/wp\/v2\/product_brand?post=115997"},{"taxonomy":"product_cat","embeddable":true,"href":"https:\/\/www.bagnoitalia.com\/fr\/wp-json\/wp\/v2\/product_cat?post=115997"},{"taxonomy":"product_tag","embeddable":true,"href":"https:\/\/www.bagnoitalia.com\/fr\/wp-json\/wp\/v2\/product_tag?post=115997"}],"curies":[{"name":"wp","href":"https:\/\/api.w.org\/{rel}","templated":true}]}}