{"id":115976,"date":"2022-09-07T09:53:31","date_gmt":"2022-09-07T07:53:31","guid":{"rendered":"https:\/\/www.bagnoitalia.com\/led-mirror-60x80-or-120x80-cm-with-magnifying-glass-and-anti-fog-available-with-the-addition-of-30x80-cm-rgb-led-mirror-sp057.html"},"modified":"2026-01-27T15:55:08","modified_gmt":"2026-01-27T14:55:08","slug":"led-mirror-60x80-or-120x80-cm-with-magnifying-glass-and-anti-fog-available-with-the-addition-of-30x80-cm-rgb-led-mirror-sp057","status":"publish","type":"product","link":"https:\/\/www.bagnoitalia.com\/fr\/produit\/led-mirror-60x80-or-120x80-cm-with-magnifying-glass-and-anti-fog-available-with-the-addition-of-30x80-cm-rgb-led-mirror-sp057.html","title":{"rendered":"Miroir LED 60&#215;80 ou 120&#215;80 cm avec loupe et anti-bu\u00e9e, disponible avec l&rsquo;ajout d&rsquo;un miroir LED RGB 30&#215;80 cm SP057"},"content":{"rendered":"<p>MIROIR LED MODERNE EN 3 MOD\u00c8LES<\/p>\n<p>&nbsp;<\/p>\n<p>Miroir au design moderne, r\u00e9versible, disponible dans les dimensions suivantes :<\/p>\n<p>60&#215;80 cm<br \/>\n120&#215;80 cm<\/p>\n<p>\u00c9paisseur : 2 cm<\/p>\n<p>Dans le menu d\u00e9roulant, il est possible d&rsquo;ajouter un miroir de 30&#215;80 cm, avec un effet bronz\u00e9 et \u00e9quip\u00e9 d&rsquo;un r\u00e9tro\u00e9clairage LED rgb, qui offre une variation de couleurs (allant du rouge au vert au bleu) ; les diff\u00e9rentes nuances de couleur peuvent \u00eatre r\u00e9gl\u00e9es gr\u00e2ce \u00e0 la t\u00e9l\u00e9commande fournie.<\/p>\n<p>Caract\u00e9ristiques :<\/p>\n<p>les miroirs 60&#215;80 et 120&#215;80 cm sont \u00e9quip\u00e9s d&rsquo;un \u00e9clairage LED \u00e0 bandes et d&rsquo;un syst\u00e8me de loupe et anti-bu\u00e9e (anti-fog).<\/p>\n<p>&nbsp;<\/p>\n<p>D\u00e9tails techniques :<\/p>\n<p>ce type d&rsquo;\u00e9clairage LED garantit une \u00e9conomie d&rsquo;\u00e9nergie de 90 % par rapport aux ampoules halog\u00e8nes ou \u00e0 incandescence courantes et a une dur\u00e9e de vie plus longue<\/p>\n<p>Dos en bois (r\u00e9tractable) avec fixations incluses.<\/p>\n<p>Couleur de la lumi\u00e8re : froide (6500k)<\/p>\n<p>Alimentation : 220V<\/p>\n<p>Consommation :<\/p>\n<p>miroir 60&#215;80 cm : 23 Watt<br \/>\nmiroir 120&#215;80 cm : 42 Watt<br \/>\nmiroir 30&#215;80 cm : 17 Watt<\/p>\n","protected":false},"excerpt":{"rendered":"<p>Miroir avec \u00e9clairage LED, r\u00e9versible, \u00e9quip\u00e9 d&rsquo;une loupe et d&rsquo;un syst\u00e8me anti-bu\u00e9e. \u00c9galement disponible avec un miroir LED RGB 30&#215;80 en suppl\u00e9ment.<\/p>\n","protected":false},"featured_media":56307,"comment_status":"open","ping_status":"closed","template":"","meta":[],"product_brand":[9879],"product_cat":[9679],"product_tag":[],"class_list":{"0":"post-115976","1":"product","2":"type-product","3":"status-publish","4":"has-post-thumbnail","6":"product_brand-vari-produttori-fr","7":"product_cat-miroirs","9":"first","10":"instock","11":"sale","12":"taxable","13":"shipping-taxable","14":"purchasable","15":"product-type-simple"},"exclude_global_add_ons":false,"addons":[{"name":"Miroir","type":"multiple_choice","position":0,"required":true,"title_format":"heading","default":"","description_enable":false,"description":"","placeholder_enable":false,"placeholder":"","display":"select","restrictions_type":"any_text","adjust_price":false,"price":"","price_type":"flat_fee","restrictions":false,"min":"0","max":"0","options":[{"label":"60x80 cm","price":"","price_type":"quantity_based","image":0,"visibility":true},{"label":"120x80 cm","price":"108.2","price_type":"quantity_based","image":0,"visibility":true}],"id":1718632962},{"name":"Typologie","type":"multiple_choice","position":1,"required":true,"title_format":"heading","default":"","description_enable":false,"description":"","placeholder_enable":false,"placeholder":"","display":"select","restrictions_type":"any_text","adjust_price":false,"price":"","price_type":"flat_fee","restrictions":false,"min":"0","max":"0","options":[{"label":"standard","price":"","price_type":"quantity_based","image":0,"visibility":true},{"label":"avec miroir LED RGB 30 x 80 cm","price":"176.07","price_type":"quantity_based","image":0,"visibility":true}],"id":1718632963}],"yoast_head":"<!-- This site is optimized with the Yoast SEO plugin v26.7 - https:\/\/yoast.com\/wordpress\/plugins\/seo\/ -->\n<title>Miroir LED 60x80 ou 120x80 cm avec loupe et anti-bu\u00e9e, disponible avec l&#039;ajout d&#039;un miroir LED RGB 30x80 cm SP057 - Bagno Italia<\/title>\n<meta name=\"description\" content=\"Mirror with LED lighting, reversible, equipped with a magnifying glass and anti-fog system. Also available with the addition of a 30x80 RGB LED mirror\" \/>\n<meta name=\"robots\" content=\"index, follow, max-snippet:-1, max-image-preview:large, max-video-preview:-1\" \/>\n<link rel=\"canonical\" href=\"https:\/\/www.bagnoitalia.com\/fr\/produit\/led-mirror-60x80-or-120x80-cm-with-magnifying-glass-and-anti-fog-available-with-the-addition-of-30x80-cm-rgb-led-mirror-sp057.html\" \/>\n<meta property=\"og:locale\" content=\"fr_FR\" \/>\n<meta property=\"og:type\" content=\"article\" \/>\n<meta property=\"og:title\" content=\"Miroir LED 60x80 ou 120x80 cm avec loupe et anti-bu\u00e9e, disponible avec l&#039;ajout d&#039;un miroir LED RGB 30x80 cm SP057 - Bagno Italia\" \/>\n<meta property=\"og:description\" content=\"Mirror with LED lighting, reversible, equipped with a magnifying glass and anti-fog system. Also available with the addition of a 30x80 RGB LED mirror\" \/>\n<meta property=\"og:url\" content=\"https:\/\/www.bagnoitalia.com\/fr\/produit\/led-mirror-60x80-or-120x80-cm-with-magnifying-glass-and-anti-fog-available-with-the-addition-of-30x80-cm-rgb-led-mirror-sp057.html\" \/>\n<meta property=\"og:site_name\" content=\"Bagno Italia\" \/>\n<meta property=\"article:modified_time\" content=\"2026-01-27T14:55:08+00:00\" \/>\n<meta property=\"og:image\" content=\"https:\/\/img.bagnoitalia.com\/wp-content\/uploads\/virtuemart\/product\/led-mirror-60x80-or-120x80-cm.jpg\" \/>\n\t<meta property=\"og:image:width\" content=\"550\" \/>\n\t<meta property=\"og:image:height\" content=\"550\" \/>\n\t<meta property=\"og:image:type\" content=\"image\/jpeg\" \/>\n<meta name=\"twitter:card\" content=\"summary_large_image\" \/>\n<meta name=\"twitter:label1\" content=\"Dur\u00e9e de lecture estim\u00e9e\" \/>\n\t<meta name=\"twitter:data1\" content=\"1 minute\" \/>\n<script type=\"application\/ld+json\" class=\"yoast-schema-graph\">{\"@context\":\"https:\/\/schema.org\",\"@graph\":[{\"@type\":\"WebPage\",\"@id\":\"https:\/\/www.bagnoitalia.com\/fr\/produit\/led-mirror-60x80-or-120x80-cm-with-magnifying-glass-and-anti-fog-available-with-the-addition-of-30x80-cm-rgb-led-mirror-sp057.html\",\"url\":\"https:\/\/www.bagnoitalia.com\/fr\/produit\/led-mirror-60x80-or-120x80-cm-with-magnifying-glass-and-anti-fog-available-with-the-addition-of-30x80-cm-rgb-led-mirror-sp057.html\",\"name\":\"Miroir LED 60x80 ou 120x80 cm avec loupe et anti-bu\u00e9e, disponible avec l'ajout d'un miroir LED RGB 30x80 cm SP057 - Bagno Italia\",\"isPartOf\":{\"@id\":\"https:\/\/www.bagnoitalia.com\/fr#website\"},\"primaryImageOfPage\":{\"@id\":\"https:\/\/www.bagnoitalia.com\/fr\/produit\/led-mirror-60x80-or-120x80-cm-with-magnifying-glass-and-anti-fog-available-with-the-addition-of-30x80-cm-rgb-led-mirror-sp057.html#primaryimage\"},\"image\":{\"@id\":\"https:\/\/www.bagnoitalia.com\/fr\/produit\/led-mirror-60x80-or-120x80-cm-with-magnifying-glass-and-anti-fog-available-with-the-addition-of-30x80-cm-rgb-led-mirror-sp057.html#primaryimage\"},\"thumbnailUrl\":\"https:\/\/img.bagnoitalia.com\/wp-content\/uploads\/virtuemart\/product\/led-mirror-60x80-or-120x80-cm.jpg\",\"datePublished\":\"2022-09-07T07:53:31+00:00\",\"dateModified\":\"2026-01-27T14:55:08+00:00\",\"description\":\"Mirror with LED lighting, reversible, equipped with a magnifying glass and anti-fog system. Also available with the addition of a 30x80 RGB LED mirror\",\"breadcrumb\":{\"@id\":\"https:\/\/www.bagnoitalia.com\/fr\/produit\/led-mirror-60x80-or-120x80-cm-with-magnifying-glass-and-anti-fog-available-with-the-addition-of-30x80-cm-rgb-led-mirror-sp057.html#breadcrumb\"},\"inLanguage\":\"fr-FR\",\"potentialAction\":[{\"@type\":\"ReadAction\",\"target\":[\"https:\/\/www.bagnoitalia.com\/fr\/produit\/led-mirror-60x80-or-120x80-cm-with-magnifying-glass-and-anti-fog-available-with-the-addition-of-30x80-cm-rgb-led-mirror-sp057.html\"]}]},{\"@type\":\"ImageObject\",\"inLanguage\":\"fr-FR\",\"@id\":\"https:\/\/www.bagnoitalia.com\/fr\/produit\/led-mirror-60x80-or-120x80-cm-with-magnifying-glass-and-anti-fog-available-with-the-addition-of-30x80-cm-rgb-led-mirror-sp057.html#primaryimage\",\"url\":\"https:\/\/img.bagnoitalia.com\/wp-content\/uploads\/virtuemart\/product\/led-mirror-60x80-or-120x80-cm.jpg\",\"contentUrl\":\"https:\/\/img.bagnoitalia.com\/wp-content\/uploads\/virtuemart\/product\/led-mirror-60x80-or-120x80-cm.jpg\",\"width\":550,\"height\":550},{\"@type\":\"BreadcrumbList\",\"@id\":\"https:\/\/www.bagnoitalia.com\/fr\/produit\/led-mirror-60x80-or-120x80-cm-with-magnifying-glass-and-anti-fog-available-with-the-addition-of-30x80-cm-rgb-led-mirror-sp057.html#breadcrumb\",\"itemListElement\":[{\"@type\":\"ListItem\",\"position\":1,\"name\":\"Home\",\"item\":\"https:\/\/www.bagnoitalia.com\/fr\"},{\"@type\":\"ListItem\",\"position\":2,\"name\":\"Produits\",\"item\":\"https:\/\/www.bagnoitalia.com\/fr\/shop\"},{\"@type\":\"ListItem\",\"position\":3,\"name\":\"Miroir LED 60&#215;80 ou 120&#215;80 cm avec loupe et anti-bu\u00e9e, disponible avec l&#8217;ajout d&#8217;un miroir LED RGB 30&#215;80 cm SP057\"}]},{\"@type\":\"WebSite\",\"@id\":\"https:\/\/www.bagnoitalia.com\/fr#website\",\"url\":\"https:\/\/www.bagnoitalia.com\/fr\",\"name\":\"Bagno Italia\",\"description\":\"\",\"publisher\":{\"@id\":\"https:\/\/www.bagnoitalia.com\/fr#organization\"},\"potentialAction\":[{\"@type\":\"SearchAction\",\"target\":{\"@type\":\"EntryPoint\",\"urlTemplate\":\"https:\/\/www.bagnoitalia.com\/fr?s={search_term_string}\"},\"query-input\":{\"@type\":\"PropertyValueSpecification\",\"valueRequired\":true,\"valueName\":\"search_term_string\"}}],\"inLanguage\":\"fr-FR\"},{\"@type\":\"Organization\",\"@id\":\"https:\/\/www.bagnoitalia.com\/fr#organization\",\"name\":\"Bagno Italia\",\"url\":\"https:\/\/www.bagnoitalia.com\/fr\",\"logo\":{\"@type\":\"ImageObject\",\"inLanguage\":\"fr-FR\",\"@id\":\"https:\/\/www.bagnoitalia.com\/fr#\/schema\/logo\/image\/\",\"url\":\"https:\/\/img.bagnoitalia.com\/wp-content\/uploads\/logo-bagnoitalia.webp\",\"contentUrl\":\"https:\/\/img.bagnoitalia.com\/wp-content\/uploads\/logo-bagnoitalia.webp\",\"width\":400,\"height\":70,\"caption\":\"Bagno Italia\"},\"image\":{\"@id\":\"https:\/\/www.bagnoitalia.com\/fr#\/schema\/logo\/image\/\"}}]}<\/script>\n<!-- \/ Yoast SEO plugin. -->","yoast_head_json":{"title":"Miroir LED 60x80 ou 120x80 cm avec loupe et anti-bu\u00e9e, disponible avec l'ajout d'un miroir LED RGB 30x80 cm SP057 - Bagno Italia","description":"Mirror with LED lighting, reversible, equipped with a magnifying glass and anti-fog system. Also available with the addition of a 30x80 RGB LED mirror","robots":{"index":"index","follow":"follow","max-snippet":"max-snippet:-1","max-image-preview":"max-image-preview:large","max-video-preview":"max-video-preview:-1"},"canonical":"https:\/\/www.bagnoitalia.com\/fr\/produit\/led-mirror-60x80-or-120x80-cm-with-magnifying-glass-and-anti-fog-available-with-the-addition-of-30x80-cm-rgb-led-mirror-sp057.html","og_locale":"fr_FR","og_type":"article","og_title":"Miroir LED 60x80 ou 120x80 cm avec loupe et anti-bu\u00e9e, disponible avec l'ajout d'un miroir LED RGB 30x80 cm SP057 - Bagno Italia","og_description":"Mirror with LED lighting, reversible, equipped with a magnifying glass and anti-fog system. Also available with the addition of a 30x80 RGB LED mirror","og_url":"https:\/\/www.bagnoitalia.com\/fr\/produit\/led-mirror-60x80-or-120x80-cm-with-magnifying-glass-and-anti-fog-available-with-the-addition-of-30x80-cm-rgb-led-mirror-sp057.html","og_site_name":"Bagno Italia","article_modified_time":"2026-01-27T14:55:08+00:00","og_image":[{"width":550,"height":550,"url":"https:\/\/img.bagnoitalia.com\/wp-content\/uploads\/virtuemart\/product\/led-mirror-60x80-or-120x80-cm.jpg","type":"image\/jpeg"}],"twitter_card":"summary_large_image","twitter_misc":{"Dur\u00e9e de lecture estim\u00e9e":"1 minute"},"schema":{"@context":"https:\/\/schema.org","@graph":[{"@type":"WebPage","@id":"https:\/\/www.bagnoitalia.com\/fr\/produit\/led-mirror-60x80-or-120x80-cm-with-magnifying-glass-and-anti-fog-available-with-the-addition-of-30x80-cm-rgb-led-mirror-sp057.html","url":"https:\/\/www.bagnoitalia.com\/fr\/produit\/led-mirror-60x80-or-120x80-cm-with-magnifying-glass-and-anti-fog-available-with-the-addition-of-30x80-cm-rgb-led-mirror-sp057.html","name":"Miroir LED 60x80 ou 120x80 cm avec loupe et anti-bu\u00e9e, disponible avec l'ajout d'un miroir LED RGB 30x80 cm SP057 - Bagno Italia","isPartOf":{"@id":"https:\/\/www.bagnoitalia.com\/fr#website"},"primaryImageOfPage":{"@id":"https:\/\/www.bagnoitalia.com\/fr\/produit\/led-mirror-60x80-or-120x80-cm-with-magnifying-glass-and-anti-fog-available-with-the-addition-of-30x80-cm-rgb-led-mirror-sp057.html#primaryimage"},"image":{"@id":"https:\/\/www.bagnoitalia.com\/fr\/produit\/led-mirror-60x80-or-120x80-cm-with-magnifying-glass-and-anti-fog-available-with-the-addition-of-30x80-cm-rgb-led-mirror-sp057.html#primaryimage"},"thumbnailUrl":"https:\/\/img.bagnoitalia.com\/wp-content\/uploads\/virtuemart\/product\/led-mirror-60x80-or-120x80-cm.jpg","datePublished":"2022-09-07T07:53:31+00:00","dateModified":"2026-01-27T14:55:08+00:00","description":"Mirror with LED lighting, reversible, equipped with a magnifying glass and anti-fog system. Also available with the addition of a 30x80 RGB LED mirror","breadcrumb":{"@id":"https:\/\/www.bagnoitalia.com\/fr\/produit\/led-mirror-60x80-or-120x80-cm-with-magnifying-glass-and-anti-fog-available-with-the-addition-of-30x80-cm-rgb-led-mirror-sp057.html#breadcrumb"},"inLanguage":"fr-FR","potentialAction":[{"@type":"ReadAction","target":["https:\/\/www.bagnoitalia.com\/fr\/produit\/led-mirror-60x80-or-120x80-cm-with-magnifying-glass-and-anti-fog-available-with-the-addition-of-30x80-cm-rgb-led-mirror-sp057.html"]}]},{"@type":"ImageObject","inLanguage":"fr-FR","@id":"https:\/\/www.bagnoitalia.com\/fr\/produit\/led-mirror-60x80-or-120x80-cm-with-magnifying-glass-and-anti-fog-available-with-the-addition-of-30x80-cm-rgb-led-mirror-sp057.html#primaryimage","url":"https:\/\/img.bagnoitalia.com\/wp-content\/uploads\/virtuemart\/product\/led-mirror-60x80-or-120x80-cm.jpg","contentUrl":"https:\/\/img.bagnoitalia.com\/wp-content\/uploads\/virtuemart\/product\/led-mirror-60x80-or-120x80-cm.jpg","width":550,"height":550},{"@type":"BreadcrumbList","@id":"https:\/\/www.bagnoitalia.com\/fr\/produit\/led-mirror-60x80-or-120x80-cm-with-magnifying-glass-and-anti-fog-available-with-the-addition-of-30x80-cm-rgb-led-mirror-sp057.html#breadcrumb","itemListElement":[{"@type":"ListItem","position":1,"name":"Home","item":"https:\/\/www.bagnoitalia.com\/fr"},{"@type":"ListItem","position":2,"name":"Produits","item":"https:\/\/www.bagnoitalia.com\/fr\/shop"},{"@type":"ListItem","position":3,"name":"Miroir LED 60&#215;80 ou 120&#215;80 cm avec loupe et anti-bu\u00e9e, disponible avec l&#8217;ajout d&#8217;un miroir LED RGB 30&#215;80 cm SP057"}]},{"@type":"WebSite","@id":"https:\/\/www.bagnoitalia.com\/fr#website","url":"https:\/\/www.bagnoitalia.com\/fr","name":"Bagno Italia","description":"","publisher":{"@id":"https:\/\/www.bagnoitalia.com\/fr#organization"},"potentialAction":[{"@type":"SearchAction","target":{"@type":"EntryPoint","urlTemplate":"https:\/\/www.bagnoitalia.com\/fr?s={search_term_string}"},"query-input":{"@type":"PropertyValueSpecification","valueRequired":true,"valueName":"search_term_string"}}],"inLanguage":"fr-FR"},{"@type":"Organization","@id":"https:\/\/www.bagnoitalia.com\/fr#organization","name":"Bagno Italia","url":"https:\/\/www.bagnoitalia.com\/fr","logo":{"@type":"ImageObject","inLanguage":"fr-FR","@id":"https:\/\/www.bagnoitalia.com\/fr#\/schema\/logo\/image\/","url":"https:\/\/img.bagnoitalia.com\/wp-content\/uploads\/logo-bagnoitalia.webp","contentUrl":"https:\/\/img.bagnoitalia.com\/wp-content\/uploads\/logo-bagnoitalia.webp","width":400,"height":70,"caption":"Bagno Italia"},"image":{"@id":"https:\/\/www.bagnoitalia.com\/fr#\/schema\/logo\/image\/"}}]}},"_links":{"self":[{"href":"https:\/\/www.bagnoitalia.com\/fr\/wp-json\/wp\/v2\/product\/115976","targetHints":{"allow":["GET"]}}],"collection":[{"href":"https:\/\/www.bagnoitalia.com\/fr\/wp-json\/wp\/v2\/product"}],"about":[{"href":"https:\/\/www.bagnoitalia.com\/fr\/wp-json\/wp\/v2\/types\/product"}],"replies":[{"embeddable":true,"href":"https:\/\/www.bagnoitalia.com\/fr\/wp-json\/wp\/v2\/comments?post=115976"}],"version-history":[{"count":2,"href":"https:\/\/www.bagnoitalia.com\/fr\/wp-json\/wp\/v2\/product\/115976\/revisions"}],"predecessor-version":[{"id":115980,"href":"https:\/\/www.bagnoitalia.com\/fr\/wp-json\/wp\/v2\/product\/115976\/revisions\/115980"}],"wp:featuredmedia":[{"embeddable":true,"href":"https:\/\/www.bagnoitalia.com\/fr\/wp-json\/wp\/v2\/media\/56307"}],"wp:attachment":[{"href":"https:\/\/www.bagnoitalia.com\/fr\/wp-json\/wp\/v2\/media?parent=115976"}],"wp:term":[{"taxonomy":"product_brand","embeddable":true,"href":"https:\/\/www.bagnoitalia.com\/fr\/wp-json\/wp\/v2\/product_brand?post=115976"},{"taxonomy":"product_cat","embeddable":true,"href":"https:\/\/www.bagnoitalia.com\/fr\/wp-json\/wp\/v2\/product_cat?post=115976"},{"taxonomy":"product_tag","embeddable":true,"href":"https:\/\/www.bagnoitalia.com\/fr\/wp-json\/wp\/v2\/product_tag?post=115976"}],"curies":[{"name":"wp","href":"https:\/\/api.w.org\/{rel}","templated":true}]}}