{"id":115878,"date":"2019-07-02T11:11:52","date_gmt":"2019-07-02T09:11:52","guid":{"rendered":"https:\/\/www.bagnoitalia.com\/sofa-bed-sonia-183x105-cm-with-storage-compartment-fabric-in-two-colours.html"},"modified":"2026-01-23T16:21:47","modified_gmt":"2026-01-23T15:21:47","slug":"sofa-bed-sonia-183x105-cm-with-storage-compartment-fabric-in-two-colours","status":"publish","type":"product","link":"https:\/\/www.bagnoitalia.com\/fr\/produit\/sofa-bed-sonia-183x105-cm-with-storage-compartment-fabric-in-two-colours.html","title":{"rendered":"Canap\u00e9-lit Sonia 183&#215;105 cm avec compartiment de rangement tissu bicolore"},"content":{"rendered":"<p>CANAP\u00c9-LIT SONIA<\/p>\n<p>&nbsp;<\/p>\n<p>Canap\u00e9-lit avec compartiment<\/p>\n<p>&nbsp;<\/p>\n<p>CARACT\u00c9RISTIQUES :<\/p>\n<p>dimensions en position ouverte (lit) : 183 x 105 cm<\/p>\n<p>dimensions en position ferm\u00e9e (canap\u00e9) : 210 x 80 x 90 cm (hauteur)<\/p>\n<p>mat\u00e9riau du rev\u00eatement : tissu<\/p>\n<p>couleurs : beige, gris<\/p>\n","protected":false},"excerpt":{"rendered":"<p>Canap\u00e9-lit Sonia \u00e9quip\u00e9 d&rsquo;un compartiment, disponible en gris ou beige, recouvert de tissu.<br \/>\nDimensions ferm\u00e9 : 210 x 80 x 90 cm (h) ; dimensions ouvert (lit) : 183 x 105 cm.<\/p>\n","protected":false},"featured_media":44376,"comment_status":"open","ping_status":"closed","template":"","meta":[],"product_brand":[9879],"product_cat":[9795],"product_tag":[],"class_list":{"0":"post-115878","1":"product","2":"type-product","3":"status-publish","4":"has-post-thumbnail","6":"product_brand-vari-produttori-fr","7":"product_cat-canape-lit","9":"first","10":"instock","11":"sale","12":"taxable","13":"shipping-taxable","14":"purchasable","15":"product-type-simple"},"exclude_global_add_ons":false,"addons":[{"name":"couleur","type":"multiple_choice","position":0,"required":true,"title_format":"heading","default":"","description_enable":false,"description":"","placeholder_enable":false,"placeholder":"","display":"select","restrictions_type":"any_text","adjust_price":false,"price":"","price_type":"flat_fee","restrictions":false,"min":"0","max":"0","options":[{"label":"beige","price":"","price_type":"quantity_based","image":0,"visibility":true},{"label":"gris","price":"","price_type":"quantity_based","image":0,"visibility":true}],"id":1769185308}],"yoast_head":"<!-- This site is optimized with the Yoast SEO plugin v26.7 - https:\/\/yoast.com\/wordpress\/plugins\/seo\/ -->\n<title>Sofa bed Sonia 183x105 cm with storage compartment fabric in two colours<\/title>\n<meta name=\"description\" content=\"Sofa bed Sonia equipped with compartment, available grey or beige, covered in fabric.Size when closed 210x80x90h cm; size when wide open (letto) 183x105 cm\" \/>\n<meta name=\"robots\" content=\"index, follow, max-snippet:-1, max-image-preview:large, max-video-preview:-1\" \/>\n<link rel=\"canonical\" href=\"https:\/\/www.bagnoitalia.com\/fr\/produit\/sofa-bed-sonia-183x105-cm-with-storage-compartment-fabric-in-two-colours.html\" \/>\n<meta property=\"og:locale\" content=\"fr_FR\" \/>\n<meta property=\"og:type\" content=\"article\" \/>\n<meta property=\"og:title\" content=\"Sofa bed Sonia 183x105 cm with storage compartment fabric in two colours\" \/>\n<meta property=\"og:description\" content=\"Sofa bed Sonia equipped with compartment, available grey or beige, covered in fabric.Size when closed 210x80x90h cm; size when wide open (letto) 183x105 cm\" \/>\n<meta property=\"og:url\" content=\"https:\/\/www.bagnoitalia.com\/fr\/produit\/sofa-bed-sonia-183x105-cm-with-storage-compartment-fabric-in-two-colours.html\" \/>\n<meta property=\"og:site_name\" content=\"Bagno Italia\" \/>\n<meta property=\"article:modified_time\" content=\"2026-01-23T15:21:47+00:00\" \/>\n<meta property=\"og:image\" content=\"https:\/\/img.bagnoitalia.com\/wp-content\/uploads\/virtuemart\/product\/divano-letto-sonia-grigio-beige_1_1562065953_518.jpg\" \/>\n\t<meta property=\"og:image:width\" content=\"550\" \/>\n\t<meta property=\"og:image:height\" content=\"550\" \/>\n\t<meta property=\"og:image:type\" content=\"image\/jpeg\" \/>\n<meta name=\"twitter:card\" content=\"summary_large_image\" \/>\n<meta name=\"twitter:label1\" content=\"Dur\u00e9e de lecture estim\u00e9e\" \/>\n\t<meta name=\"twitter:data1\" content=\"1 minute\" \/>\n<script type=\"application\/ld+json\" class=\"yoast-schema-graph\">{\"@context\":\"https:\/\/schema.org\",\"@graph\":[{\"@type\":\"WebPage\",\"@id\":\"https:\/\/www.bagnoitalia.com\/fr\/produit\/sofa-bed-sonia-183x105-cm-with-storage-compartment-fabric-in-two-colours.html\",\"url\":\"https:\/\/www.bagnoitalia.com\/fr\/produit\/sofa-bed-sonia-183x105-cm-with-storage-compartment-fabric-in-two-colours.html\",\"name\":\"Sofa bed Sonia 183x105 cm with storage compartment fabric in two colours\",\"isPartOf\":{\"@id\":\"https:\/\/www.bagnoitalia.com\/fr#website\"},\"primaryImageOfPage\":{\"@id\":\"https:\/\/www.bagnoitalia.com\/fr\/produit\/sofa-bed-sonia-183x105-cm-with-storage-compartment-fabric-in-two-colours.html#primaryimage\"},\"image\":{\"@id\":\"https:\/\/www.bagnoitalia.com\/fr\/produit\/sofa-bed-sonia-183x105-cm-with-storage-compartment-fabric-in-two-colours.html#primaryimage\"},\"thumbnailUrl\":\"https:\/\/img.bagnoitalia.com\/wp-content\/uploads\/virtuemart\/product\/divano-letto-sonia-grigio-beige_1_1562065953_518.jpg\",\"datePublished\":\"2019-07-02T09:11:52+00:00\",\"dateModified\":\"2026-01-23T15:21:47+00:00\",\"description\":\"Sofa bed Sonia equipped with compartment, available grey or beige, covered in fabric.Size when closed 210x80x90h cm; size when wide open (letto) 183x105 cm\",\"breadcrumb\":{\"@id\":\"https:\/\/www.bagnoitalia.com\/fr\/produit\/sofa-bed-sonia-183x105-cm-with-storage-compartment-fabric-in-two-colours.html#breadcrumb\"},\"inLanguage\":\"fr-FR\",\"potentialAction\":[{\"@type\":\"ReadAction\",\"target\":[\"https:\/\/www.bagnoitalia.com\/fr\/produit\/sofa-bed-sonia-183x105-cm-with-storage-compartment-fabric-in-two-colours.html\"]}]},{\"@type\":\"ImageObject\",\"inLanguage\":\"fr-FR\",\"@id\":\"https:\/\/www.bagnoitalia.com\/fr\/produit\/sofa-bed-sonia-183x105-cm-with-storage-compartment-fabric-in-two-colours.html#primaryimage\",\"url\":\"https:\/\/img.bagnoitalia.com\/wp-content\/uploads\/virtuemart\/product\/divano-letto-sonia-grigio-beige_1_1562065953_518.jpg\",\"contentUrl\":\"https:\/\/img.bagnoitalia.com\/wp-content\/uploads\/virtuemart\/product\/divano-letto-sonia-grigio-beige_1_1562065953_518.jpg\",\"width\":550,\"height\":550},{\"@type\":\"BreadcrumbList\",\"@id\":\"https:\/\/www.bagnoitalia.com\/fr\/produit\/sofa-bed-sonia-183x105-cm-with-storage-compartment-fabric-in-two-colours.html#breadcrumb\",\"itemListElement\":[{\"@type\":\"ListItem\",\"position\":1,\"name\":\"Home\",\"item\":\"https:\/\/www.bagnoitalia.com\/fr\"},{\"@type\":\"ListItem\",\"position\":2,\"name\":\"Produits\",\"item\":\"https:\/\/www.bagnoitalia.com\/fr\/shop\"},{\"@type\":\"ListItem\",\"position\":3,\"name\":\"Canap\u00e9-lit Sonia 183&#215;105 cm avec compartiment de rangement tissu bicolore\"}]},{\"@type\":\"WebSite\",\"@id\":\"https:\/\/www.bagnoitalia.com\/fr#website\",\"url\":\"https:\/\/www.bagnoitalia.com\/fr\",\"name\":\"Bagno Italia\",\"description\":\"\",\"publisher\":{\"@id\":\"https:\/\/www.bagnoitalia.com\/fr#organization\"},\"potentialAction\":[{\"@type\":\"SearchAction\",\"target\":{\"@type\":\"EntryPoint\",\"urlTemplate\":\"https:\/\/www.bagnoitalia.com\/fr?s={search_term_string}\"},\"query-input\":{\"@type\":\"PropertyValueSpecification\",\"valueRequired\":true,\"valueName\":\"search_term_string\"}}],\"inLanguage\":\"fr-FR\"},{\"@type\":\"Organization\",\"@id\":\"https:\/\/www.bagnoitalia.com\/fr#organization\",\"name\":\"Bagno Italia\",\"url\":\"https:\/\/www.bagnoitalia.com\/fr\",\"logo\":{\"@type\":\"ImageObject\",\"inLanguage\":\"fr-FR\",\"@id\":\"https:\/\/www.bagnoitalia.com\/fr#\/schema\/logo\/image\/\",\"url\":\"https:\/\/img.bagnoitalia.com\/wp-content\/uploads\/logo-bagnoitalia.webp\",\"contentUrl\":\"https:\/\/img.bagnoitalia.com\/wp-content\/uploads\/logo-bagnoitalia.webp\",\"width\":400,\"height\":70,\"caption\":\"Bagno Italia\"},\"image\":{\"@id\":\"https:\/\/www.bagnoitalia.com\/fr#\/schema\/logo\/image\/\"}}]}<\/script>\n<!-- \/ Yoast SEO plugin. -->","yoast_head_json":{"title":"Sofa bed Sonia 183x105 cm with storage compartment fabric in two colours","description":"Sofa bed Sonia equipped with compartment, available grey or beige, covered in fabric.Size when closed 210x80x90h cm; size when wide open (letto) 183x105 cm","robots":{"index":"index","follow":"follow","max-snippet":"max-snippet:-1","max-image-preview":"max-image-preview:large","max-video-preview":"max-video-preview:-1"},"canonical":"https:\/\/www.bagnoitalia.com\/fr\/produit\/sofa-bed-sonia-183x105-cm-with-storage-compartment-fabric-in-two-colours.html","og_locale":"fr_FR","og_type":"article","og_title":"Sofa bed Sonia 183x105 cm with storage compartment fabric in two colours","og_description":"Sofa bed Sonia equipped with compartment, available grey or beige, covered in fabric.Size when closed 210x80x90h cm; size when wide open (letto) 183x105 cm","og_url":"https:\/\/www.bagnoitalia.com\/fr\/produit\/sofa-bed-sonia-183x105-cm-with-storage-compartment-fabric-in-two-colours.html","og_site_name":"Bagno Italia","article_modified_time":"2026-01-23T15:21:47+00:00","og_image":[{"width":550,"height":550,"url":"https:\/\/img.bagnoitalia.com\/wp-content\/uploads\/virtuemart\/product\/divano-letto-sonia-grigio-beige_1_1562065953_518.jpg","type":"image\/jpeg"}],"twitter_card":"summary_large_image","twitter_misc":{"Dur\u00e9e de lecture estim\u00e9e":"1 minute"},"schema":{"@context":"https:\/\/schema.org","@graph":[{"@type":"WebPage","@id":"https:\/\/www.bagnoitalia.com\/fr\/produit\/sofa-bed-sonia-183x105-cm-with-storage-compartment-fabric-in-two-colours.html","url":"https:\/\/www.bagnoitalia.com\/fr\/produit\/sofa-bed-sonia-183x105-cm-with-storage-compartment-fabric-in-two-colours.html","name":"Sofa bed Sonia 183x105 cm with storage compartment fabric in two colours","isPartOf":{"@id":"https:\/\/www.bagnoitalia.com\/fr#website"},"primaryImageOfPage":{"@id":"https:\/\/www.bagnoitalia.com\/fr\/produit\/sofa-bed-sonia-183x105-cm-with-storage-compartment-fabric-in-two-colours.html#primaryimage"},"image":{"@id":"https:\/\/www.bagnoitalia.com\/fr\/produit\/sofa-bed-sonia-183x105-cm-with-storage-compartment-fabric-in-two-colours.html#primaryimage"},"thumbnailUrl":"https:\/\/img.bagnoitalia.com\/wp-content\/uploads\/virtuemart\/product\/divano-letto-sonia-grigio-beige_1_1562065953_518.jpg","datePublished":"2019-07-02T09:11:52+00:00","dateModified":"2026-01-23T15:21:47+00:00","description":"Sofa bed Sonia equipped with compartment, available grey or beige, covered in fabric.Size when closed 210x80x90h cm; size when wide open (letto) 183x105 cm","breadcrumb":{"@id":"https:\/\/www.bagnoitalia.com\/fr\/produit\/sofa-bed-sonia-183x105-cm-with-storage-compartment-fabric-in-two-colours.html#breadcrumb"},"inLanguage":"fr-FR","potentialAction":[{"@type":"ReadAction","target":["https:\/\/www.bagnoitalia.com\/fr\/produit\/sofa-bed-sonia-183x105-cm-with-storage-compartment-fabric-in-two-colours.html"]}]},{"@type":"ImageObject","inLanguage":"fr-FR","@id":"https:\/\/www.bagnoitalia.com\/fr\/produit\/sofa-bed-sonia-183x105-cm-with-storage-compartment-fabric-in-two-colours.html#primaryimage","url":"https:\/\/img.bagnoitalia.com\/wp-content\/uploads\/virtuemart\/product\/divano-letto-sonia-grigio-beige_1_1562065953_518.jpg","contentUrl":"https:\/\/img.bagnoitalia.com\/wp-content\/uploads\/virtuemart\/product\/divano-letto-sonia-grigio-beige_1_1562065953_518.jpg","width":550,"height":550},{"@type":"BreadcrumbList","@id":"https:\/\/www.bagnoitalia.com\/fr\/produit\/sofa-bed-sonia-183x105-cm-with-storage-compartment-fabric-in-two-colours.html#breadcrumb","itemListElement":[{"@type":"ListItem","position":1,"name":"Home","item":"https:\/\/www.bagnoitalia.com\/fr"},{"@type":"ListItem","position":2,"name":"Produits","item":"https:\/\/www.bagnoitalia.com\/fr\/shop"},{"@type":"ListItem","position":3,"name":"Canap\u00e9-lit Sonia 183&#215;105 cm avec compartiment de rangement tissu bicolore"}]},{"@type":"WebSite","@id":"https:\/\/www.bagnoitalia.com\/fr#website","url":"https:\/\/www.bagnoitalia.com\/fr","name":"Bagno Italia","description":"","publisher":{"@id":"https:\/\/www.bagnoitalia.com\/fr#organization"},"potentialAction":[{"@type":"SearchAction","target":{"@type":"EntryPoint","urlTemplate":"https:\/\/www.bagnoitalia.com\/fr?s={search_term_string}"},"query-input":{"@type":"PropertyValueSpecification","valueRequired":true,"valueName":"search_term_string"}}],"inLanguage":"fr-FR"},{"@type":"Organization","@id":"https:\/\/www.bagnoitalia.com\/fr#organization","name":"Bagno Italia","url":"https:\/\/www.bagnoitalia.com\/fr","logo":{"@type":"ImageObject","inLanguage":"fr-FR","@id":"https:\/\/www.bagnoitalia.com\/fr#\/schema\/logo\/image\/","url":"https:\/\/img.bagnoitalia.com\/wp-content\/uploads\/logo-bagnoitalia.webp","contentUrl":"https:\/\/img.bagnoitalia.com\/wp-content\/uploads\/logo-bagnoitalia.webp","width":400,"height":70,"caption":"Bagno Italia"},"image":{"@id":"https:\/\/www.bagnoitalia.com\/fr#\/schema\/logo\/image\/"}}]}},"_links":{"self":[{"href":"https:\/\/www.bagnoitalia.com\/fr\/wp-json\/wp\/v2\/product\/115878","targetHints":{"allow":["GET"]}}],"collection":[{"href":"https:\/\/www.bagnoitalia.com\/fr\/wp-json\/wp\/v2\/product"}],"about":[{"href":"https:\/\/www.bagnoitalia.com\/fr\/wp-json\/wp\/v2\/types\/product"}],"replies":[{"embeddable":true,"href":"https:\/\/www.bagnoitalia.com\/fr\/wp-json\/wp\/v2\/comments?post=115878"}],"version-history":[{"count":2,"href":"https:\/\/www.bagnoitalia.com\/fr\/wp-json\/wp\/v2\/product\/115878\/revisions"}],"predecessor-version":[{"id":115882,"href":"https:\/\/www.bagnoitalia.com\/fr\/wp-json\/wp\/v2\/product\/115878\/revisions\/115882"}],"wp:featuredmedia":[{"embeddable":true,"href":"https:\/\/www.bagnoitalia.com\/fr\/wp-json\/wp\/v2\/media\/44376"}],"wp:attachment":[{"href":"https:\/\/www.bagnoitalia.com\/fr\/wp-json\/wp\/v2\/media?parent=115878"}],"wp:term":[{"taxonomy":"product_brand","embeddable":true,"href":"https:\/\/www.bagnoitalia.com\/fr\/wp-json\/wp\/v2\/product_brand?post=115878"},{"taxonomy":"product_cat","embeddable":true,"href":"https:\/\/www.bagnoitalia.com\/fr\/wp-json\/wp\/v2\/product_cat?post=115878"},{"taxonomy":"product_tag","embeddable":true,"href":"https:\/\/www.bagnoitalia.com\/fr\/wp-json\/wp\/v2\/product_tag?post=115878"}],"curies":[{"name":"wp","href":"https:\/\/api.w.org\/{rel}","templated":true}]}}