{"id":114786,"date":"2025-11-14T16:02:38","date_gmt":"2025-11-14T15:02:38","guid":{"rendered":"https:\/\/www.bagnoitalia.com\/ghost-sanitary-ware-in-white-ceramic-monobloc-bidet-and-toilet-with-floor-or-wall-drainage.html"},"modified":"2025-11-14T16:04:48","modified_gmt":"2025-11-14T15:04:48","slug":"ghost-sanitary-ware-in-white-ceramic-monobloc-bidet-and-toilet-with-floor-or-wall-drainage","status":"publish","type":"product","link":"https:\/\/www.bagnoitalia.com\/fr\/produit\/ghost-sanitary-ware-in-white-ceramic-monobloc-bidet-and-toilet-with-floor-or-wall-drainage.html","title":{"rendered":"Sanitaires Ghost en c\u00e9ramique blanche, bidet et WC monobloc avec \u00e9vacuation au sol ou murale"},"content":{"rendered":"<p>\u00c9QUIPEMENTS DE SALLE DE BAINS \u00ab GHOST \u00bb<\/p>\n<p>&nbsp;<\/p>\n<p>S\u00e9rie compl\u00e8te d&rsquo;\u00e9quipements de salle de bains en c\u00e9ramique blanche brillante.<\/p>\n<p>Bidet \u00e0 un trou avec trop-plein.<\/p>\n<p>WC monobloc avec rebord.<\/p>\n<p>Deux types au choix : suspendu ou au sol.<\/p>\n<p>Si\u00e8ge de WC blanc brillant avec m\u00e9canisme de fermeture douce.<\/p>\n<p>&nbsp;<\/p>\n<p>DIMENSIONS<\/p>\n<p>Bidet : 35,5 x P 52,5 x H 40 cm<\/p>\n<p>WC : 34,5 x P 67 cm (hauteur totale 79,5 cm ; hauteur du si\u00e8ge 40,5 cm)<\/p>\n<p>Distance centrale entre les fixations du si\u00e8ge de WC : 16 cm<\/p>\n<p>&nbsp;<\/p>\n<p>REMARQUE : mitigeur et vidage non compris dans le prix<\/p>\n<p>&nbsp;<\/p>\n<p>&nbsp;<\/p>\n<p>&nbsp;<\/p>\n<p>&nbsp;<\/p>\n<p>&nbsp;<\/p>\n<p>&nbsp;<\/p>\n<p>&nbsp;<\/p>\n<p>&nbsp;<\/p>\n<p>&nbsp;<\/p>\n<p>Casper<\/p>\n<p>MGS-PB<\/p>\n<p>MGS-TB<\/p>\n","protected":false},"excerpt":{"rendered":"<p>Ensemble sanitaire comprenant un WC monobloc, un si\u00e8ge de WC Softclose et un bidet. Au choix, version avec siphon au sol ou siphon mural.<\/p>\n","protected":false},"featured_media":114742,"comment_status":"open","ping_status":"closed","template":"","meta":[],"product_brand":[9882],"product_cat":[9695],"product_tag":[],"class_list":{"0":"post-114786","1":"product","2":"type-product","3":"status-publish","4":"has-post-thumbnail","6":"product_brand-deghi-fr","7":"product_cat-salle-de-bain-sanitaire","9":"first","10":"instock","11":"sale","12":"taxable","13":"shipping-taxable","14":"purchasable","15":"product-type-simple"},"exclude_global_add_ons":false,"addons":[{"name":"Type","type":"multiple_choice","position":0,"required":true,"title_format":"heading","default":"","description_enable":false,"description":"","placeholder_enable":false,"placeholder":"","display":"select","restrictions_type":"any_text","adjust_price":false,"price":"","price_type":"flat_fee","restrictions":false,"min":"0","max":"0","options":[{"label":"siphon mural","price":"","price_type":"quantity_based","image":0,"visibility":true},{"label":"siphon de sol","price":"","price_type":"quantity_based","image":0,"visibility":true}],"id":1763136159}],"yoast_head":"<!-- This site is optimized with the Yoast SEO plugin v26.7 - https:\/\/yoast.com\/wordpress\/plugins\/seo\/ -->\n<title>Sanitaires Ghost en c\u00e9ramique blanche, bidet et WC monobloc avec \u00e9vacuation au sol ou murale - Bagno Italia<\/title>\n<meta name=\"robots\" content=\"index, follow, max-snippet:-1, max-image-preview:large, max-video-preview:-1\" \/>\n<link rel=\"canonical\" href=\"https:\/\/www.bagnoitalia.com\/fr\/produit\/ghost-sanitary-ware-in-white-ceramic-monobloc-bidet-and-toilet-with-floor-or-wall-drainage.html\" \/>\n<meta property=\"og:locale\" content=\"fr_FR\" \/>\n<meta property=\"og:type\" content=\"article\" \/>\n<meta property=\"og:title\" content=\"Sanitaires Ghost en c\u00e9ramique blanche, bidet et WC monobloc avec \u00e9vacuation au sol ou murale - Bagno Italia\" \/>\n<meta property=\"og:description\" content=\"Ensemble sanitaire comprenant un WC monobloc, un si\u00e8ge de WC Softclose et un bidet. Au choix, version avec siphon au sol ou siphon mural.\" \/>\n<meta property=\"og:url\" content=\"https:\/\/www.bagnoitalia.com\/fr\/produit\/ghost-sanitary-ware-in-white-ceramic-monobloc-bidet-and-toilet-with-floor-or-wall-drainage.html\" \/>\n<meta property=\"og:site_name\" content=\"Bagno Italia\" \/>\n<meta property=\"article:modified_time\" content=\"2025-11-14T15:04:48+00:00\" \/>\n<meta property=\"og:image\" content=\"https:\/\/img.bagnoitalia.com\/wp-content\/uploads\/1-94.jpg\" \/>\n\t<meta property=\"og:image:width\" content=\"1000\" \/>\n\t<meta property=\"og:image:height\" content=\"1000\" \/>\n\t<meta property=\"og:image:type\" content=\"image\/jpeg\" \/>\n<meta name=\"twitter:card\" content=\"summary_large_image\" \/>\n<meta name=\"twitter:label1\" content=\"Dur\u00e9e de lecture estim\u00e9e\" \/>\n\t<meta name=\"twitter:data1\" content=\"1 minute\" \/>\n<script type=\"application\/ld+json\" class=\"yoast-schema-graph\">{\"@context\":\"https:\/\/schema.org\",\"@graph\":[{\"@type\":\"WebPage\",\"@id\":\"https:\/\/www.bagnoitalia.com\/fr\/produit\/ghost-sanitary-ware-in-white-ceramic-monobloc-bidet-and-toilet-with-floor-or-wall-drainage.html\",\"url\":\"https:\/\/www.bagnoitalia.com\/fr\/produit\/ghost-sanitary-ware-in-white-ceramic-monobloc-bidet-and-toilet-with-floor-or-wall-drainage.html\",\"name\":\"Sanitaires Ghost en c\u00e9ramique blanche, bidet et WC monobloc avec \u00e9vacuation au sol ou murale - Bagno Italia\",\"isPartOf\":{\"@id\":\"https:\/\/www.bagnoitalia.com\/fr#website\"},\"primaryImageOfPage\":{\"@id\":\"https:\/\/www.bagnoitalia.com\/fr\/produit\/ghost-sanitary-ware-in-white-ceramic-monobloc-bidet-and-toilet-with-floor-or-wall-drainage.html#primaryimage\"},\"image\":{\"@id\":\"https:\/\/www.bagnoitalia.com\/fr\/produit\/ghost-sanitary-ware-in-white-ceramic-monobloc-bidet-and-toilet-with-floor-or-wall-drainage.html#primaryimage\"},\"thumbnailUrl\":\"https:\/\/img.bagnoitalia.com\/wp-content\/uploads\/1-94.jpg\",\"datePublished\":\"2025-11-14T15:02:38+00:00\",\"dateModified\":\"2025-11-14T15:04:48+00:00\",\"breadcrumb\":{\"@id\":\"https:\/\/www.bagnoitalia.com\/fr\/produit\/ghost-sanitary-ware-in-white-ceramic-monobloc-bidet-and-toilet-with-floor-or-wall-drainage.html#breadcrumb\"},\"inLanguage\":\"fr-FR\",\"potentialAction\":[{\"@type\":\"ReadAction\",\"target\":[\"https:\/\/www.bagnoitalia.com\/fr\/produit\/ghost-sanitary-ware-in-white-ceramic-monobloc-bidet-and-toilet-with-floor-or-wall-drainage.html\"]}]},{\"@type\":\"ImageObject\",\"inLanguage\":\"fr-FR\",\"@id\":\"https:\/\/www.bagnoitalia.com\/fr\/produit\/ghost-sanitary-ware-in-white-ceramic-monobloc-bidet-and-toilet-with-floor-or-wall-drainage.html#primaryimage\",\"url\":\"https:\/\/img.bagnoitalia.com\/wp-content\/uploads\/1-94.jpg\",\"contentUrl\":\"https:\/\/img.bagnoitalia.com\/wp-content\/uploads\/1-94.jpg\",\"width\":1000,\"height\":1000},{\"@type\":\"BreadcrumbList\",\"@id\":\"https:\/\/www.bagnoitalia.com\/fr\/produit\/ghost-sanitary-ware-in-white-ceramic-monobloc-bidet-and-toilet-with-floor-or-wall-drainage.html#breadcrumb\",\"itemListElement\":[{\"@type\":\"ListItem\",\"position\":1,\"name\":\"Home\",\"item\":\"https:\/\/www.bagnoitalia.com\/fr\"},{\"@type\":\"ListItem\",\"position\":2,\"name\":\"Produits\",\"item\":\"https:\/\/www.bagnoitalia.com\/fr\/shop\"},{\"@type\":\"ListItem\",\"position\":3,\"name\":\"Sanitaires Ghost en c\u00e9ramique blanche, bidet et WC monobloc avec \u00e9vacuation au sol ou murale\"}]},{\"@type\":\"WebSite\",\"@id\":\"https:\/\/www.bagnoitalia.com\/fr#website\",\"url\":\"https:\/\/www.bagnoitalia.com\/fr\",\"name\":\"Bagno Italia\",\"description\":\"\",\"publisher\":{\"@id\":\"https:\/\/www.bagnoitalia.com\/fr#organization\"},\"potentialAction\":[{\"@type\":\"SearchAction\",\"target\":{\"@type\":\"EntryPoint\",\"urlTemplate\":\"https:\/\/www.bagnoitalia.com\/fr?s={search_term_string}\"},\"query-input\":{\"@type\":\"PropertyValueSpecification\",\"valueRequired\":true,\"valueName\":\"search_term_string\"}}],\"inLanguage\":\"fr-FR\"},{\"@type\":\"Organization\",\"@id\":\"https:\/\/www.bagnoitalia.com\/fr#organization\",\"name\":\"Bagno Italia\",\"url\":\"https:\/\/www.bagnoitalia.com\/fr\",\"logo\":{\"@type\":\"ImageObject\",\"inLanguage\":\"fr-FR\",\"@id\":\"https:\/\/www.bagnoitalia.com\/fr#\/schema\/logo\/image\/\",\"url\":\"https:\/\/img.bagnoitalia.com\/wp-content\/uploads\/logo-bagnoitalia.webp\",\"contentUrl\":\"https:\/\/img.bagnoitalia.com\/wp-content\/uploads\/logo-bagnoitalia.webp\",\"width\":400,\"height\":70,\"caption\":\"Bagno Italia\"},\"image\":{\"@id\":\"https:\/\/www.bagnoitalia.com\/fr#\/schema\/logo\/image\/\"}}]}<\/script>\n<!-- \/ Yoast SEO plugin. -->","yoast_head_json":{"title":"Sanitaires Ghost en c\u00e9ramique blanche, bidet et WC monobloc avec \u00e9vacuation au sol ou murale - Bagno Italia","robots":{"index":"index","follow":"follow","max-snippet":"max-snippet:-1","max-image-preview":"max-image-preview:large","max-video-preview":"max-video-preview:-1"},"canonical":"https:\/\/www.bagnoitalia.com\/fr\/produit\/ghost-sanitary-ware-in-white-ceramic-monobloc-bidet-and-toilet-with-floor-or-wall-drainage.html","og_locale":"fr_FR","og_type":"article","og_title":"Sanitaires Ghost en c\u00e9ramique blanche, bidet et WC monobloc avec \u00e9vacuation au sol ou murale - Bagno Italia","og_description":"Ensemble sanitaire comprenant un WC monobloc, un si\u00e8ge de WC Softclose et un bidet. Au choix, version avec siphon au sol ou siphon mural.","og_url":"https:\/\/www.bagnoitalia.com\/fr\/produit\/ghost-sanitary-ware-in-white-ceramic-monobloc-bidet-and-toilet-with-floor-or-wall-drainage.html","og_site_name":"Bagno Italia","article_modified_time":"2025-11-14T15:04:48+00:00","og_image":[{"width":1000,"height":1000,"url":"https:\/\/img.bagnoitalia.com\/wp-content\/uploads\/1-94.jpg","type":"image\/jpeg"}],"twitter_card":"summary_large_image","twitter_misc":{"Dur\u00e9e de lecture estim\u00e9e":"1 minute"},"schema":{"@context":"https:\/\/schema.org","@graph":[{"@type":"WebPage","@id":"https:\/\/www.bagnoitalia.com\/fr\/produit\/ghost-sanitary-ware-in-white-ceramic-monobloc-bidet-and-toilet-with-floor-or-wall-drainage.html","url":"https:\/\/www.bagnoitalia.com\/fr\/produit\/ghost-sanitary-ware-in-white-ceramic-monobloc-bidet-and-toilet-with-floor-or-wall-drainage.html","name":"Sanitaires Ghost en c\u00e9ramique blanche, bidet et WC monobloc avec \u00e9vacuation au sol ou murale - Bagno Italia","isPartOf":{"@id":"https:\/\/www.bagnoitalia.com\/fr#website"},"primaryImageOfPage":{"@id":"https:\/\/www.bagnoitalia.com\/fr\/produit\/ghost-sanitary-ware-in-white-ceramic-monobloc-bidet-and-toilet-with-floor-or-wall-drainage.html#primaryimage"},"image":{"@id":"https:\/\/www.bagnoitalia.com\/fr\/produit\/ghost-sanitary-ware-in-white-ceramic-monobloc-bidet-and-toilet-with-floor-or-wall-drainage.html#primaryimage"},"thumbnailUrl":"https:\/\/img.bagnoitalia.com\/wp-content\/uploads\/1-94.jpg","datePublished":"2025-11-14T15:02:38+00:00","dateModified":"2025-11-14T15:04:48+00:00","breadcrumb":{"@id":"https:\/\/www.bagnoitalia.com\/fr\/produit\/ghost-sanitary-ware-in-white-ceramic-monobloc-bidet-and-toilet-with-floor-or-wall-drainage.html#breadcrumb"},"inLanguage":"fr-FR","potentialAction":[{"@type":"ReadAction","target":["https:\/\/www.bagnoitalia.com\/fr\/produit\/ghost-sanitary-ware-in-white-ceramic-monobloc-bidet-and-toilet-with-floor-or-wall-drainage.html"]}]},{"@type":"ImageObject","inLanguage":"fr-FR","@id":"https:\/\/www.bagnoitalia.com\/fr\/produit\/ghost-sanitary-ware-in-white-ceramic-monobloc-bidet-and-toilet-with-floor-or-wall-drainage.html#primaryimage","url":"https:\/\/img.bagnoitalia.com\/wp-content\/uploads\/1-94.jpg","contentUrl":"https:\/\/img.bagnoitalia.com\/wp-content\/uploads\/1-94.jpg","width":1000,"height":1000},{"@type":"BreadcrumbList","@id":"https:\/\/www.bagnoitalia.com\/fr\/produit\/ghost-sanitary-ware-in-white-ceramic-monobloc-bidet-and-toilet-with-floor-or-wall-drainage.html#breadcrumb","itemListElement":[{"@type":"ListItem","position":1,"name":"Home","item":"https:\/\/www.bagnoitalia.com\/fr"},{"@type":"ListItem","position":2,"name":"Produits","item":"https:\/\/www.bagnoitalia.com\/fr\/shop"},{"@type":"ListItem","position":3,"name":"Sanitaires Ghost en c\u00e9ramique blanche, bidet et WC monobloc avec \u00e9vacuation au sol ou murale"}]},{"@type":"WebSite","@id":"https:\/\/www.bagnoitalia.com\/fr#website","url":"https:\/\/www.bagnoitalia.com\/fr","name":"Bagno Italia","description":"","publisher":{"@id":"https:\/\/www.bagnoitalia.com\/fr#organization"},"potentialAction":[{"@type":"SearchAction","target":{"@type":"EntryPoint","urlTemplate":"https:\/\/www.bagnoitalia.com\/fr?s={search_term_string}"},"query-input":{"@type":"PropertyValueSpecification","valueRequired":true,"valueName":"search_term_string"}}],"inLanguage":"fr-FR"},{"@type":"Organization","@id":"https:\/\/www.bagnoitalia.com\/fr#organization","name":"Bagno Italia","url":"https:\/\/www.bagnoitalia.com\/fr","logo":{"@type":"ImageObject","inLanguage":"fr-FR","@id":"https:\/\/www.bagnoitalia.com\/fr#\/schema\/logo\/image\/","url":"https:\/\/img.bagnoitalia.com\/wp-content\/uploads\/logo-bagnoitalia.webp","contentUrl":"https:\/\/img.bagnoitalia.com\/wp-content\/uploads\/logo-bagnoitalia.webp","width":400,"height":70,"caption":"Bagno Italia"},"image":{"@id":"https:\/\/www.bagnoitalia.com\/fr#\/schema\/logo\/image\/"}}]}},"_links":{"self":[{"href":"https:\/\/www.bagnoitalia.com\/fr\/wp-json\/wp\/v2\/product\/114786","targetHints":{"allow":["GET"]}}],"collection":[{"href":"https:\/\/www.bagnoitalia.com\/fr\/wp-json\/wp\/v2\/product"}],"about":[{"href":"https:\/\/www.bagnoitalia.com\/fr\/wp-json\/wp\/v2\/types\/product"}],"replies":[{"embeddable":true,"href":"https:\/\/www.bagnoitalia.com\/fr\/wp-json\/wp\/v2\/comments?post=114786"}],"version-history":[{"count":3,"href":"https:\/\/www.bagnoitalia.com\/fr\/wp-json\/wp\/v2\/product\/114786\/revisions"}],"predecessor-version":[{"id":114793,"href":"https:\/\/www.bagnoitalia.com\/fr\/wp-json\/wp\/v2\/product\/114786\/revisions\/114793"}],"wp:featuredmedia":[{"embeddable":true,"href":"https:\/\/www.bagnoitalia.com\/fr\/wp-json\/wp\/v2\/media\/114742"}],"wp:attachment":[{"href":"https:\/\/www.bagnoitalia.com\/fr\/wp-json\/wp\/v2\/media?parent=114786"}],"wp:term":[{"taxonomy":"product_brand","embeddable":true,"href":"https:\/\/www.bagnoitalia.com\/fr\/wp-json\/wp\/v2\/product_brand?post=114786"},{"taxonomy":"product_cat","embeddable":true,"href":"https:\/\/www.bagnoitalia.com\/fr\/wp-json\/wp\/v2\/product_cat?post=114786"},{"taxonomy":"product_tag","embeddable":true,"href":"https:\/\/www.bagnoitalia.com\/fr\/wp-json\/wp\/v2\/product_tag?post=114786"}],"curies":[{"name":"wp","href":"https:\/\/api.w.org\/{rel}","templated":true}]}}