{"id":114505,"date":"2025-11-12T15:31:35","date_gmt":"2025-11-12T14:31:35","guid":{"rendered":"https:\/\/www.bagnoitalia.com\/desk-table-150-or-180-cm-with-steel-legs-and-bronze-green-or-black-glass-top-tl078.html"},"modified":"2025-11-12T15:33:52","modified_gmt":"2025-11-12T14:33:52","slug":"desk-table-150-or-180-cm-with-steel-legs-and-bronze-green-or-black-glass-top-tl078","status":"publish","type":"product","link":"https:\/\/www.bagnoitalia.com\/fr\/produit\/desk-table-150-or-180-cm-with-steel-legs-and-bronze-green-or-black-glass-top-tl078.html","title":{"rendered":"Table de bureau 150 ou 180 cm avec pieds en acier et plateau en verre vert bronze ou noir TL078"},"content":{"rendered":"<p>Table de bureau 150 ou 180 en acier et verre, disponible en 3 couleurs TL078<\/p>\n<p>&nbsp;<\/p>\n<p>DIMENSIONS ET D\u00c9TAILS DU PRODUIT<\/p>\n<p>Meuble id\u00e9al pour servir \u00e0 la fois de table \u00e0 manger et de bureau.<\/p>\n<p>Deux longueurs au choix : 150 cm ou 180 cm (s\u00e9lectionnez la taille dans le menu d\u00e9roulant).<\/p>\n<p>Profondeur : 90 cm<\/p>\n<p>Hauteur : 75 cm<\/p>\n<p>Plateau en verre tremp\u00e9 de 10 mm d&rsquo;\u00e9paisseur<\/p>\n<p>Structure en acier<\/p>\n<p>Plateau en verre de la m\u00eame finition que les pieds<\/p>\n<p>Couleurs disponibles : vert, noir, bronze (s\u00e9lectionnez la couleur dans le menu d\u00e9roulant)<\/p>\n<p>&nbsp;<\/p>\n<p>NB : les chaises ne sont PAS incluses dans l&rsquo;offre.<\/p>\n<p>&nbsp;<\/p>\n<p>&nbsp;<\/p>\n<p>&nbsp;<\/p>\n<p>&nbsp;<\/p>\n<p>&nbsp;<\/p>\n<p>&nbsp;<\/p>\n<p>&nbsp;<\/p>\n<p>&nbsp;<\/p>\n<p>&nbsp;<\/p>\n<p>&nbsp;<\/p>\n<p>Masao<\/p>\n","protected":false},"excerpt":{"rendered":"<p>Ce produit peut \u00eatre utilis\u00e9 comme bureau dans les bureaux ou \u00e0 domicile, ou comme table \u00e0 manger, et est disponible en deux tailles. Il se compose d&rsquo;un \u00e9l\u00e9gant plateau en verre tremp\u00e9 de 10 mm et d&rsquo;un cadre en acier, disponible en trois couleurs au choix.<\/p>\n","protected":false},"featured_media":114481,"comment_status":"open","ping_status":"closed","template":"","meta":[],"product_brand":[9882],"product_cat":[9997,10006],"product_tag":[],"class_list":{"0":"post-114505","1":"product","2":"type-product","3":"status-publish","4":"has-post-thumbnail","6":"product_brand-deghi-fr","7":"product_cat-bureaux","8":"product_cat-tables-fr","10":"first","11":"instock","12":"sale","13":"taxable","14":"shipping-taxable","15":"purchasable","16":"product-type-simple"},"exclude_global_add_ons":false,"addons":[{"name":"Type","type":"multiple_choice","position":0,"required":true,"title_format":"heading","default":"","description_enable":false,"description":"","placeholder_enable":false,"placeholder":"","display":"select","restrictions_type":"any_text","adjust_price":false,"price":"","price_type":"flat_fee","restrictions":false,"min":"0","max":"0","options":[{"label":"150 cm vert","price":"","price_type":"quantity_based","image":0,"visibility":true},{"label":"150 cm noir","price":"","price_type":"quantity_based","image":0,"visibility":true},{"label":"150 cm bronze","price":"","price_type":"quantity_based","image":0,"visibility":true},{"label":"180 cm vert","price":"50","price_type":"quantity_based","image":0,"visibility":true},{"label":"180 cm noir","price":"50","price_type":"quantity_based","image":0,"visibility":true},{"label":"180 cm bronze","price":"50","price_type":"quantity_based","image":0,"visibility":true}],"id":1762961496}],"yoast_head":"<!-- This site is optimized with the Yoast SEO plugin v26.7 - https:\/\/yoast.com\/wordpress\/plugins\/seo\/ -->\n<title>Table de bureau 150 ou 180 cm avec pieds en acier et plateau en verre vert bronze ou noir TL078 - Bagno Italia<\/title>\n<meta name=\"robots\" content=\"index, follow, max-snippet:-1, max-image-preview:large, max-video-preview:-1\" \/>\n<link rel=\"canonical\" href=\"https:\/\/www.bagnoitalia.com\/fr\/produit\/desk-table-150-or-180-cm-with-steel-legs-and-bronze-green-or-black-glass-top-tl078.html\" \/>\n<meta property=\"og:locale\" content=\"fr_FR\" \/>\n<meta property=\"og:type\" content=\"article\" \/>\n<meta property=\"og:title\" content=\"Table de bureau 150 ou 180 cm avec pieds en acier et plateau en verre vert bronze ou noir TL078 - Bagno Italia\" \/>\n<meta property=\"og:description\" content=\"Ce produit peut \u00eatre utilis\u00e9 comme bureau dans les bureaux ou \u00e0 domicile, ou comme table \u00e0 manger, et est disponible en deux tailles. Il se compose d&#039;un \u00e9l\u00e9gant plateau en verre tremp\u00e9 de 10 mm et d&#039;un cadre en acier, disponible en trois couleurs au choix.\" \/>\n<meta property=\"og:url\" content=\"https:\/\/www.bagnoitalia.com\/fr\/produit\/desk-table-150-or-180-cm-with-steel-legs-and-bronze-green-or-black-glass-top-tl078.html\" \/>\n<meta property=\"og:site_name\" content=\"Bagno Italia\" \/>\n<meta property=\"article:modified_time\" content=\"2025-11-12T14:33:52+00:00\" \/>\n<meta property=\"og:image\" content=\"https:\/\/img.bagnoitalia.com\/wp-content\/uploads\/1-90.jpg\" \/>\n\t<meta property=\"og:image:width\" content=\"1000\" \/>\n\t<meta property=\"og:image:height\" content=\"1000\" \/>\n\t<meta property=\"og:image:type\" content=\"image\/jpeg\" \/>\n<meta name=\"twitter:card\" content=\"summary_large_image\" \/>\n<meta name=\"twitter:label1\" content=\"Dur\u00e9e de lecture estim\u00e9e\" \/>\n\t<meta name=\"twitter:data1\" content=\"1 minute\" \/>\n<script type=\"application\/ld+json\" class=\"yoast-schema-graph\">{\"@context\":\"https:\/\/schema.org\",\"@graph\":[{\"@type\":\"WebPage\",\"@id\":\"https:\/\/www.bagnoitalia.com\/fr\/produit\/desk-table-150-or-180-cm-with-steel-legs-and-bronze-green-or-black-glass-top-tl078.html\",\"url\":\"https:\/\/www.bagnoitalia.com\/fr\/produit\/desk-table-150-or-180-cm-with-steel-legs-and-bronze-green-or-black-glass-top-tl078.html\",\"name\":\"Table de bureau 150 ou 180 cm avec pieds en acier et plateau en verre vert bronze ou noir TL078 - Bagno Italia\",\"isPartOf\":{\"@id\":\"https:\/\/www.bagnoitalia.com\/fr#website\"},\"primaryImageOfPage\":{\"@id\":\"https:\/\/www.bagnoitalia.com\/fr\/produit\/desk-table-150-or-180-cm-with-steel-legs-and-bronze-green-or-black-glass-top-tl078.html#primaryimage\"},\"image\":{\"@id\":\"https:\/\/www.bagnoitalia.com\/fr\/produit\/desk-table-150-or-180-cm-with-steel-legs-and-bronze-green-or-black-glass-top-tl078.html#primaryimage\"},\"thumbnailUrl\":\"https:\/\/img.bagnoitalia.com\/wp-content\/uploads\/1-90.jpg\",\"datePublished\":\"2025-11-12T14:31:35+00:00\",\"dateModified\":\"2025-11-12T14:33:52+00:00\",\"breadcrumb\":{\"@id\":\"https:\/\/www.bagnoitalia.com\/fr\/produit\/desk-table-150-or-180-cm-with-steel-legs-and-bronze-green-or-black-glass-top-tl078.html#breadcrumb\"},\"inLanguage\":\"fr-FR\",\"potentialAction\":[{\"@type\":\"ReadAction\",\"target\":[\"https:\/\/www.bagnoitalia.com\/fr\/produit\/desk-table-150-or-180-cm-with-steel-legs-and-bronze-green-or-black-glass-top-tl078.html\"]}]},{\"@type\":\"ImageObject\",\"inLanguage\":\"fr-FR\",\"@id\":\"https:\/\/www.bagnoitalia.com\/fr\/produit\/desk-table-150-or-180-cm-with-steel-legs-and-bronze-green-or-black-glass-top-tl078.html#primaryimage\",\"url\":\"https:\/\/img.bagnoitalia.com\/wp-content\/uploads\/1-90.jpg\",\"contentUrl\":\"https:\/\/img.bagnoitalia.com\/wp-content\/uploads\/1-90.jpg\",\"width\":1000,\"height\":1000},{\"@type\":\"BreadcrumbList\",\"@id\":\"https:\/\/www.bagnoitalia.com\/fr\/produit\/desk-table-150-or-180-cm-with-steel-legs-and-bronze-green-or-black-glass-top-tl078.html#breadcrumb\",\"itemListElement\":[{\"@type\":\"ListItem\",\"position\":1,\"name\":\"Home\",\"item\":\"https:\/\/www.bagnoitalia.com\/fr\"},{\"@type\":\"ListItem\",\"position\":2,\"name\":\"Produits\",\"item\":\"https:\/\/www.bagnoitalia.com\/fr\/shop\"},{\"@type\":\"ListItem\",\"position\":3,\"name\":\"Table de bureau 150 ou 180 cm avec pieds en acier et plateau en verre vert bronze ou noir TL078\"}]},{\"@type\":\"WebSite\",\"@id\":\"https:\/\/www.bagnoitalia.com\/fr#website\",\"url\":\"https:\/\/www.bagnoitalia.com\/fr\",\"name\":\"Bagno Italia\",\"description\":\"\",\"publisher\":{\"@id\":\"https:\/\/www.bagnoitalia.com\/fr#organization\"},\"potentialAction\":[{\"@type\":\"SearchAction\",\"target\":{\"@type\":\"EntryPoint\",\"urlTemplate\":\"https:\/\/www.bagnoitalia.com\/fr?s={search_term_string}\"},\"query-input\":{\"@type\":\"PropertyValueSpecification\",\"valueRequired\":true,\"valueName\":\"search_term_string\"}}],\"inLanguage\":\"fr-FR\"},{\"@type\":\"Organization\",\"@id\":\"https:\/\/www.bagnoitalia.com\/fr#organization\",\"name\":\"Bagno Italia\",\"url\":\"https:\/\/www.bagnoitalia.com\/fr\",\"logo\":{\"@type\":\"ImageObject\",\"inLanguage\":\"fr-FR\",\"@id\":\"https:\/\/www.bagnoitalia.com\/fr#\/schema\/logo\/image\/\",\"url\":\"https:\/\/img.bagnoitalia.com\/wp-content\/uploads\/logo-bagnoitalia.webp\",\"contentUrl\":\"https:\/\/img.bagnoitalia.com\/wp-content\/uploads\/logo-bagnoitalia.webp\",\"width\":400,\"height\":70,\"caption\":\"Bagno Italia\"},\"image\":{\"@id\":\"https:\/\/www.bagnoitalia.com\/fr#\/schema\/logo\/image\/\"}}]}<\/script>\n<!-- \/ Yoast SEO plugin. -->","yoast_head_json":{"title":"Table de bureau 150 ou 180 cm avec pieds en acier et plateau en verre vert bronze ou noir TL078 - Bagno Italia","robots":{"index":"index","follow":"follow","max-snippet":"max-snippet:-1","max-image-preview":"max-image-preview:large","max-video-preview":"max-video-preview:-1"},"canonical":"https:\/\/www.bagnoitalia.com\/fr\/produit\/desk-table-150-or-180-cm-with-steel-legs-and-bronze-green-or-black-glass-top-tl078.html","og_locale":"fr_FR","og_type":"article","og_title":"Table de bureau 150 ou 180 cm avec pieds en acier et plateau en verre vert bronze ou noir TL078 - Bagno Italia","og_description":"Ce produit peut \u00eatre utilis\u00e9 comme bureau dans les bureaux ou \u00e0 domicile, ou comme table \u00e0 manger, et est disponible en deux tailles. Il se compose d'un \u00e9l\u00e9gant plateau en verre tremp\u00e9 de 10 mm et d'un cadre en acier, disponible en trois couleurs au choix.","og_url":"https:\/\/www.bagnoitalia.com\/fr\/produit\/desk-table-150-or-180-cm-with-steel-legs-and-bronze-green-or-black-glass-top-tl078.html","og_site_name":"Bagno Italia","article_modified_time":"2025-11-12T14:33:52+00:00","og_image":[{"width":1000,"height":1000,"url":"https:\/\/img.bagnoitalia.com\/wp-content\/uploads\/1-90.jpg","type":"image\/jpeg"}],"twitter_card":"summary_large_image","twitter_misc":{"Dur\u00e9e de lecture estim\u00e9e":"1 minute"},"schema":{"@context":"https:\/\/schema.org","@graph":[{"@type":"WebPage","@id":"https:\/\/www.bagnoitalia.com\/fr\/produit\/desk-table-150-or-180-cm-with-steel-legs-and-bronze-green-or-black-glass-top-tl078.html","url":"https:\/\/www.bagnoitalia.com\/fr\/produit\/desk-table-150-or-180-cm-with-steel-legs-and-bronze-green-or-black-glass-top-tl078.html","name":"Table de bureau 150 ou 180 cm avec pieds en acier et plateau en verre vert bronze ou noir TL078 - Bagno Italia","isPartOf":{"@id":"https:\/\/www.bagnoitalia.com\/fr#website"},"primaryImageOfPage":{"@id":"https:\/\/www.bagnoitalia.com\/fr\/produit\/desk-table-150-or-180-cm-with-steel-legs-and-bronze-green-or-black-glass-top-tl078.html#primaryimage"},"image":{"@id":"https:\/\/www.bagnoitalia.com\/fr\/produit\/desk-table-150-or-180-cm-with-steel-legs-and-bronze-green-or-black-glass-top-tl078.html#primaryimage"},"thumbnailUrl":"https:\/\/img.bagnoitalia.com\/wp-content\/uploads\/1-90.jpg","datePublished":"2025-11-12T14:31:35+00:00","dateModified":"2025-11-12T14:33:52+00:00","breadcrumb":{"@id":"https:\/\/www.bagnoitalia.com\/fr\/produit\/desk-table-150-or-180-cm-with-steel-legs-and-bronze-green-or-black-glass-top-tl078.html#breadcrumb"},"inLanguage":"fr-FR","potentialAction":[{"@type":"ReadAction","target":["https:\/\/www.bagnoitalia.com\/fr\/produit\/desk-table-150-or-180-cm-with-steel-legs-and-bronze-green-or-black-glass-top-tl078.html"]}]},{"@type":"ImageObject","inLanguage":"fr-FR","@id":"https:\/\/www.bagnoitalia.com\/fr\/produit\/desk-table-150-or-180-cm-with-steel-legs-and-bronze-green-or-black-glass-top-tl078.html#primaryimage","url":"https:\/\/img.bagnoitalia.com\/wp-content\/uploads\/1-90.jpg","contentUrl":"https:\/\/img.bagnoitalia.com\/wp-content\/uploads\/1-90.jpg","width":1000,"height":1000},{"@type":"BreadcrumbList","@id":"https:\/\/www.bagnoitalia.com\/fr\/produit\/desk-table-150-or-180-cm-with-steel-legs-and-bronze-green-or-black-glass-top-tl078.html#breadcrumb","itemListElement":[{"@type":"ListItem","position":1,"name":"Home","item":"https:\/\/www.bagnoitalia.com\/fr"},{"@type":"ListItem","position":2,"name":"Produits","item":"https:\/\/www.bagnoitalia.com\/fr\/shop"},{"@type":"ListItem","position":3,"name":"Table de bureau 150 ou 180 cm avec pieds en acier et plateau en verre vert bronze ou noir TL078"}]},{"@type":"WebSite","@id":"https:\/\/www.bagnoitalia.com\/fr#website","url":"https:\/\/www.bagnoitalia.com\/fr","name":"Bagno Italia","description":"","publisher":{"@id":"https:\/\/www.bagnoitalia.com\/fr#organization"},"potentialAction":[{"@type":"SearchAction","target":{"@type":"EntryPoint","urlTemplate":"https:\/\/www.bagnoitalia.com\/fr?s={search_term_string}"},"query-input":{"@type":"PropertyValueSpecification","valueRequired":true,"valueName":"search_term_string"}}],"inLanguage":"fr-FR"},{"@type":"Organization","@id":"https:\/\/www.bagnoitalia.com\/fr#organization","name":"Bagno Italia","url":"https:\/\/www.bagnoitalia.com\/fr","logo":{"@type":"ImageObject","inLanguage":"fr-FR","@id":"https:\/\/www.bagnoitalia.com\/fr#\/schema\/logo\/image\/","url":"https:\/\/img.bagnoitalia.com\/wp-content\/uploads\/logo-bagnoitalia.webp","contentUrl":"https:\/\/img.bagnoitalia.com\/wp-content\/uploads\/logo-bagnoitalia.webp","width":400,"height":70,"caption":"Bagno Italia"},"image":{"@id":"https:\/\/www.bagnoitalia.com\/fr#\/schema\/logo\/image\/"}}]}},"_links":{"self":[{"href":"https:\/\/www.bagnoitalia.com\/fr\/wp-json\/wp\/v2\/product\/114505","targetHints":{"allow":["GET"]}}],"collection":[{"href":"https:\/\/www.bagnoitalia.com\/fr\/wp-json\/wp\/v2\/product"}],"about":[{"href":"https:\/\/www.bagnoitalia.com\/fr\/wp-json\/wp\/v2\/types\/product"}],"replies":[{"embeddable":true,"href":"https:\/\/www.bagnoitalia.com\/fr\/wp-json\/wp\/v2\/comments?post=114505"}],"version-history":[{"count":3,"href":"https:\/\/www.bagnoitalia.com\/fr\/wp-json\/wp\/v2\/product\/114505\/revisions"}],"predecessor-version":[{"id":114513,"href":"https:\/\/www.bagnoitalia.com\/fr\/wp-json\/wp\/v2\/product\/114505\/revisions\/114513"}],"wp:featuredmedia":[{"embeddable":true,"href":"https:\/\/www.bagnoitalia.com\/fr\/wp-json\/wp\/v2\/media\/114481"}],"wp:attachment":[{"href":"https:\/\/www.bagnoitalia.com\/fr\/wp-json\/wp\/v2\/media?parent=114505"}],"wp:term":[{"taxonomy":"product_brand","embeddable":true,"href":"https:\/\/www.bagnoitalia.com\/fr\/wp-json\/wp\/v2\/product_brand?post=114505"},{"taxonomy":"product_cat","embeddable":true,"href":"https:\/\/www.bagnoitalia.com\/fr\/wp-json\/wp\/v2\/product_cat?post=114505"},{"taxonomy":"product_tag","embeddable":true,"href":"https:\/\/www.bagnoitalia.com\/fr\/wp-json\/wp\/v2\/product_tag?post=114505"}],"curies":[{"name":"wp","href":"https:\/\/api.w.org\/{rel}","templated":true}]}}