{"id":113998,"date":"2025-10-28T15:36:13","date_gmt":"2025-10-28T14:36:13","guid":{"rendered":"https:\/\/www.bagnoitalia.com\/modern-mixer-tap-for-washbasin-and-or-bidet-black-matt-finish-rb188.html"},"modified":"2025-10-28T15:42:15","modified_gmt":"2025-10-28T14:42:15","slug":"modern-mixer-tap-for-washbasin-and-or-bidet-black-matt-finish-rb188","status":"publish","type":"product","link":"https:\/\/www.bagnoitalia.com\/fr\/produit\/modern-mixer-tap-for-washbasin-and-or-bidet-black-matt-finish-rb188.html","title":{"rendered":"Mitigeur moderne pour lavabo et\/ou bidet, finition noir mat RB188"},"content":{"rendered":"<p>ROBINET DE LAVABO ET\/OU BIDET RB188<\/p>\n<p>&nbsp;<\/p>\n<p>CARACT\u00c9RISTIQUES DU PRODUIT<\/p>\n<p>Mitigeur disponible en version lavabo ou bidet.<\/p>\n<p>Levier unique.<\/p>\n<p>Un seul trou.<\/p>\n<p>Mat\u00e9riau : laiton.<\/p>\n<p>Couleur : noir.<\/p>\n<p>Finition : mate.<\/p>\n<p>Cartouche \u00d8 35 mm.<\/p>\n<p>Vidage automatique 1 \u00bc<\/p>\n<p>&nbsp;<\/p>\n<p>Le vidage \u00e0 clapet n&rsquo;est pas inclus, mais vous pouvez ajouter le vidage automatique \u00e0 clapet (noir mat) dans le menu d\u00e9roulant.<\/p>\n<p>&nbsp;<\/p>\n<p>&nbsp;<\/p>\n<p>&nbsp;<\/p>\n<p>&nbsp;<\/p>\n<p>&nbsp;<\/p>\n<p>&nbsp;<\/p>\n<p>&nbsp;<\/p>\n<p>&nbsp;<\/p>\n<p>&nbsp;<\/p>\n<p>&nbsp;<\/p>\n<p>&nbsp;<\/p>\n<p>&nbsp;<\/p>\n<p>&nbsp;<\/p>\n<p>3358<\/p>\n<p>3361<\/p>\n","protected":false},"excerpt":{"rendered":"<p>Robinets en laiton noir mat, disponibles pour lavabos, bidets ou les deux. Ils peuvent \u00e9galement \u00eatre combin\u00e9s avec un siphon clic-clac noir mat.<\/p>\n","protected":false},"featured_media":113986,"comment_status":"open","ping_status":"closed","template":"","meta":[],"product_brand":[10113],"product_cat":[10051,10039],"product_tag":[],"class_list":{"0":"post-113998","1":"product","2":"type-product","3":"status-publish","4":"has-post-thumbnail","6":"product_brand-antonio-capaldo","7":"product_cat-robinets-de-lavabo","8":"product_cat-robinetterie-de-bidet","10":"first","11":"instock","12":"sale","13":"taxable","14":"shipping-taxable","15":"purchasable","16":"product-type-simple"},"exclude_global_add_ons":false,"addons":[{"name":"M\u00e9langeur","type":"multiple_choice","position":0,"required":true,"title_format":"heading","default":"","description_enable":false,"description":"","placeholder_enable":false,"placeholder":"","display":"select","restrictions_type":"any_text","adjust_price":false,"price":"","price_type":"flat_fee","restrictions":false,"min":"0","max":"0","options":[{"label":"lavabo seul","price":"","price_type":"quantity_based","image":0,"visibility":true},{"label":"bidet seul","price":"","price_type":"quantity_based","image":0,"visibility":true},{"label":"lavabo + bidet","price":"79","price_type":"quantity_based","image":0,"visibility":true}],"id":1761665774},{"name":"Vidange","type":"multiple_choice","position":1,"required":true,"title_format":"heading","default":"","description_enable":false,"description":"","placeholder_enable":false,"placeholder":"","display":"select","restrictions_type":"any_text","adjust_price":false,"price":"","price_type":"flat_fee","restrictions":false,"min":"0","max":"0","options":[{"label":"NO","price":"","price_type":"quantity_based","image":0,"visibility":true},{"label":"vidange automatique noire","price":"25","price_type":"quantity_based","image":0,"visibility":true}],"id":1761665775}],"yoast_head":"<!-- This site is optimized with the Yoast SEO plugin v26.7 - https:\/\/yoast.com\/wordpress\/plugins\/seo\/ -->\n<title>Mitigeur moderne pour lavabo et\/ou bidet, finition noir mat RB188 - Bagno Italia<\/title>\n<meta name=\"robots\" content=\"index, follow, max-snippet:-1, max-image-preview:large, max-video-preview:-1\" \/>\n<link rel=\"canonical\" href=\"https:\/\/www.bagnoitalia.com\/fr\/produit\/modern-mixer-tap-for-washbasin-and-or-bidet-black-matt-finish-rb188.html\" \/>\n<meta property=\"og:locale\" content=\"fr_FR\" \/>\n<meta property=\"og:type\" content=\"article\" \/>\n<meta property=\"og:title\" content=\"Mitigeur moderne pour lavabo et\/ou bidet, finition noir mat RB188 - Bagno Italia\" \/>\n<meta property=\"og:description\" content=\"Robinets en laiton noir mat, disponibles pour lavabos, bidets ou les deux. Ils peuvent \u00e9galement \u00eatre combin\u00e9s avec un siphon clic-clac noir mat.\" \/>\n<meta property=\"og:url\" content=\"https:\/\/www.bagnoitalia.com\/fr\/produit\/modern-mixer-tap-for-washbasin-and-or-bidet-black-matt-finish-rb188.html\" \/>\n<meta property=\"og:site_name\" content=\"Bagno Italia\" \/>\n<meta property=\"article:modified_time\" content=\"2025-10-28T14:42:15+00:00\" \/>\n<meta property=\"og:image\" content=\"https:\/\/img.bagnoitalia.com\/wp-content\/uploads\/1-81.jpg\" \/>\n\t<meta property=\"og:image:width\" content=\"1000\" \/>\n\t<meta property=\"og:image:height\" content=\"1000\" \/>\n\t<meta property=\"og:image:type\" content=\"image\/jpeg\" \/>\n<meta name=\"twitter:card\" content=\"summary_large_image\" \/>\n<meta name=\"twitter:label1\" content=\"Dur\u00e9e de lecture estim\u00e9e\" \/>\n\t<meta name=\"twitter:data1\" content=\"1 minute\" \/>\n<script type=\"application\/ld+json\" class=\"yoast-schema-graph\">{\"@context\":\"https:\/\/schema.org\",\"@graph\":[{\"@type\":\"WebPage\",\"@id\":\"https:\/\/www.bagnoitalia.com\/fr\/produit\/modern-mixer-tap-for-washbasin-and-or-bidet-black-matt-finish-rb188.html\",\"url\":\"https:\/\/www.bagnoitalia.com\/fr\/produit\/modern-mixer-tap-for-washbasin-and-or-bidet-black-matt-finish-rb188.html\",\"name\":\"Mitigeur moderne pour lavabo et\/ou bidet, finition noir mat RB188 - Bagno Italia\",\"isPartOf\":{\"@id\":\"https:\/\/www.bagnoitalia.com\/fr#website\"},\"primaryImageOfPage\":{\"@id\":\"https:\/\/www.bagnoitalia.com\/fr\/produit\/modern-mixer-tap-for-washbasin-and-or-bidet-black-matt-finish-rb188.html#primaryimage\"},\"image\":{\"@id\":\"https:\/\/www.bagnoitalia.com\/fr\/produit\/modern-mixer-tap-for-washbasin-and-or-bidet-black-matt-finish-rb188.html#primaryimage\"},\"thumbnailUrl\":\"https:\/\/img.bagnoitalia.com\/wp-content\/uploads\/1-81.jpg\",\"datePublished\":\"2025-10-28T14:36:13+00:00\",\"dateModified\":\"2025-10-28T14:42:15+00:00\",\"breadcrumb\":{\"@id\":\"https:\/\/www.bagnoitalia.com\/fr\/produit\/modern-mixer-tap-for-washbasin-and-or-bidet-black-matt-finish-rb188.html#breadcrumb\"},\"inLanguage\":\"fr-FR\",\"potentialAction\":[{\"@type\":\"ReadAction\",\"target\":[\"https:\/\/www.bagnoitalia.com\/fr\/produit\/modern-mixer-tap-for-washbasin-and-or-bidet-black-matt-finish-rb188.html\"]}]},{\"@type\":\"ImageObject\",\"inLanguage\":\"fr-FR\",\"@id\":\"https:\/\/www.bagnoitalia.com\/fr\/produit\/modern-mixer-tap-for-washbasin-and-or-bidet-black-matt-finish-rb188.html#primaryimage\",\"url\":\"https:\/\/img.bagnoitalia.com\/wp-content\/uploads\/1-81.jpg\",\"contentUrl\":\"https:\/\/img.bagnoitalia.com\/wp-content\/uploads\/1-81.jpg\",\"width\":1000,\"height\":1000},{\"@type\":\"BreadcrumbList\",\"@id\":\"https:\/\/www.bagnoitalia.com\/fr\/produit\/modern-mixer-tap-for-washbasin-and-or-bidet-black-matt-finish-rb188.html#breadcrumb\",\"itemListElement\":[{\"@type\":\"ListItem\",\"position\":1,\"name\":\"Home\",\"item\":\"https:\/\/www.bagnoitalia.com\/fr\"},{\"@type\":\"ListItem\",\"position\":2,\"name\":\"Produits\",\"item\":\"https:\/\/www.bagnoitalia.com\/fr\/shop\"},{\"@type\":\"ListItem\",\"position\":3,\"name\":\"Mitigeur moderne pour lavabo et\/ou bidet, finition noir mat RB188\"}]},{\"@type\":\"WebSite\",\"@id\":\"https:\/\/www.bagnoitalia.com\/fr#website\",\"url\":\"https:\/\/www.bagnoitalia.com\/fr\",\"name\":\"Bagno Italia\",\"description\":\"\",\"publisher\":{\"@id\":\"https:\/\/www.bagnoitalia.com\/fr#organization\"},\"potentialAction\":[{\"@type\":\"SearchAction\",\"target\":{\"@type\":\"EntryPoint\",\"urlTemplate\":\"https:\/\/www.bagnoitalia.com\/fr?s={search_term_string}\"},\"query-input\":{\"@type\":\"PropertyValueSpecification\",\"valueRequired\":true,\"valueName\":\"search_term_string\"}}],\"inLanguage\":\"fr-FR\"},{\"@type\":\"Organization\",\"@id\":\"https:\/\/www.bagnoitalia.com\/fr#organization\",\"name\":\"Bagno Italia\",\"url\":\"https:\/\/www.bagnoitalia.com\/fr\",\"logo\":{\"@type\":\"ImageObject\",\"inLanguage\":\"fr-FR\",\"@id\":\"https:\/\/www.bagnoitalia.com\/fr#\/schema\/logo\/image\/\",\"url\":\"https:\/\/img.bagnoitalia.com\/wp-content\/uploads\/logo-bagnoitalia.webp\",\"contentUrl\":\"https:\/\/img.bagnoitalia.com\/wp-content\/uploads\/logo-bagnoitalia.webp\",\"width\":400,\"height\":70,\"caption\":\"Bagno Italia\"},\"image\":{\"@id\":\"https:\/\/www.bagnoitalia.com\/fr#\/schema\/logo\/image\/\"}}]}<\/script>\n<!-- \/ Yoast SEO plugin. -->","yoast_head_json":{"title":"Mitigeur moderne pour lavabo et\/ou bidet, finition noir mat RB188 - Bagno Italia","robots":{"index":"index","follow":"follow","max-snippet":"max-snippet:-1","max-image-preview":"max-image-preview:large","max-video-preview":"max-video-preview:-1"},"canonical":"https:\/\/www.bagnoitalia.com\/fr\/produit\/modern-mixer-tap-for-washbasin-and-or-bidet-black-matt-finish-rb188.html","og_locale":"fr_FR","og_type":"article","og_title":"Mitigeur moderne pour lavabo et\/ou bidet, finition noir mat RB188 - Bagno Italia","og_description":"Robinets en laiton noir mat, disponibles pour lavabos, bidets ou les deux. Ils peuvent \u00e9galement \u00eatre combin\u00e9s avec un siphon clic-clac noir mat.","og_url":"https:\/\/www.bagnoitalia.com\/fr\/produit\/modern-mixer-tap-for-washbasin-and-or-bidet-black-matt-finish-rb188.html","og_site_name":"Bagno Italia","article_modified_time":"2025-10-28T14:42:15+00:00","og_image":[{"width":1000,"height":1000,"url":"https:\/\/img.bagnoitalia.com\/wp-content\/uploads\/1-81.jpg","type":"image\/jpeg"}],"twitter_card":"summary_large_image","twitter_misc":{"Dur\u00e9e de lecture estim\u00e9e":"1 minute"},"schema":{"@context":"https:\/\/schema.org","@graph":[{"@type":"WebPage","@id":"https:\/\/www.bagnoitalia.com\/fr\/produit\/modern-mixer-tap-for-washbasin-and-or-bidet-black-matt-finish-rb188.html","url":"https:\/\/www.bagnoitalia.com\/fr\/produit\/modern-mixer-tap-for-washbasin-and-or-bidet-black-matt-finish-rb188.html","name":"Mitigeur moderne pour lavabo et\/ou bidet, finition noir mat RB188 - Bagno Italia","isPartOf":{"@id":"https:\/\/www.bagnoitalia.com\/fr#website"},"primaryImageOfPage":{"@id":"https:\/\/www.bagnoitalia.com\/fr\/produit\/modern-mixer-tap-for-washbasin-and-or-bidet-black-matt-finish-rb188.html#primaryimage"},"image":{"@id":"https:\/\/www.bagnoitalia.com\/fr\/produit\/modern-mixer-tap-for-washbasin-and-or-bidet-black-matt-finish-rb188.html#primaryimage"},"thumbnailUrl":"https:\/\/img.bagnoitalia.com\/wp-content\/uploads\/1-81.jpg","datePublished":"2025-10-28T14:36:13+00:00","dateModified":"2025-10-28T14:42:15+00:00","breadcrumb":{"@id":"https:\/\/www.bagnoitalia.com\/fr\/produit\/modern-mixer-tap-for-washbasin-and-or-bidet-black-matt-finish-rb188.html#breadcrumb"},"inLanguage":"fr-FR","potentialAction":[{"@type":"ReadAction","target":["https:\/\/www.bagnoitalia.com\/fr\/produit\/modern-mixer-tap-for-washbasin-and-or-bidet-black-matt-finish-rb188.html"]}]},{"@type":"ImageObject","inLanguage":"fr-FR","@id":"https:\/\/www.bagnoitalia.com\/fr\/produit\/modern-mixer-tap-for-washbasin-and-or-bidet-black-matt-finish-rb188.html#primaryimage","url":"https:\/\/img.bagnoitalia.com\/wp-content\/uploads\/1-81.jpg","contentUrl":"https:\/\/img.bagnoitalia.com\/wp-content\/uploads\/1-81.jpg","width":1000,"height":1000},{"@type":"BreadcrumbList","@id":"https:\/\/www.bagnoitalia.com\/fr\/produit\/modern-mixer-tap-for-washbasin-and-or-bidet-black-matt-finish-rb188.html#breadcrumb","itemListElement":[{"@type":"ListItem","position":1,"name":"Home","item":"https:\/\/www.bagnoitalia.com\/fr"},{"@type":"ListItem","position":2,"name":"Produits","item":"https:\/\/www.bagnoitalia.com\/fr\/shop"},{"@type":"ListItem","position":3,"name":"Mitigeur moderne pour lavabo et\/ou bidet, finition noir mat RB188"}]},{"@type":"WebSite","@id":"https:\/\/www.bagnoitalia.com\/fr#website","url":"https:\/\/www.bagnoitalia.com\/fr","name":"Bagno Italia","description":"","publisher":{"@id":"https:\/\/www.bagnoitalia.com\/fr#organization"},"potentialAction":[{"@type":"SearchAction","target":{"@type":"EntryPoint","urlTemplate":"https:\/\/www.bagnoitalia.com\/fr?s={search_term_string}"},"query-input":{"@type":"PropertyValueSpecification","valueRequired":true,"valueName":"search_term_string"}}],"inLanguage":"fr-FR"},{"@type":"Organization","@id":"https:\/\/www.bagnoitalia.com\/fr#organization","name":"Bagno Italia","url":"https:\/\/www.bagnoitalia.com\/fr","logo":{"@type":"ImageObject","inLanguage":"fr-FR","@id":"https:\/\/www.bagnoitalia.com\/fr#\/schema\/logo\/image\/","url":"https:\/\/img.bagnoitalia.com\/wp-content\/uploads\/logo-bagnoitalia.webp","contentUrl":"https:\/\/img.bagnoitalia.com\/wp-content\/uploads\/logo-bagnoitalia.webp","width":400,"height":70,"caption":"Bagno Italia"},"image":{"@id":"https:\/\/www.bagnoitalia.com\/fr#\/schema\/logo\/image\/"}}]}},"_links":{"self":[{"href":"https:\/\/www.bagnoitalia.com\/fr\/wp-json\/wp\/v2\/product\/113998","targetHints":{"allow":["GET"]}}],"collection":[{"href":"https:\/\/www.bagnoitalia.com\/fr\/wp-json\/wp\/v2\/product"}],"about":[{"href":"https:\/\/www.bagnoitalia.com\/fr\/wp-json\/wp\/v2\/types\/product"}],"replies":[{"embeddable":true,"href":"https:\/\/www.bagnoitalia.com\/fr\/wp-json\/wp\/v2\/comments?post=113998"}],"version-history":[{"count":3,"href":"https:\/\/www.bagnoitalia.com\/fr\/wp-json\/wp\/v2\/product\/113998\/revisions"}],"predecessor-version":[{"id":114005,"href":"https:\/\/www.bagnoitalia.com\/fr\/wp-json\/wp\/v2\/product\/113998\/revisions\/114005"}],"wp:featuredmedia":[{"embeddable":true,"href":"https:\/\/www.bagnoitalia.com\/fr\/wp-json\/wp\/v2\/media\/113986"}],"wp:attachment":[{"href":"https:\/\/www.bagnoitalia.com\/fr\/wp-json\/wp\/v2\/media?parent=113998"}],"wp:term":[{"taxonomy":"product_brand","embeddable":true,"href":"https:\/\/www.bagnoitalia.com\/fr\/wp-json\/wp\/v2\/product_brand?post=113998"},{"taxonomy":"product_cat","embeddable":true,"href":"https:\/\/www.bagnoitalia.com\/fr\/wp-json\/wp\/v2\/product_cat?post=113998"},{"taxonomy":"product_tag","embeddable":true,"href":"https:\/\/www.bagnoitalia.com\/fr\/wp-json\/wp\/v2\/product_tag?post=113998"}],"curies":[{"name":"wp","href":"https:\/\/api.w.org\/{rel}","templated":true}]}}