{"id":113903,"date":"2025-10-28T14:23:12","date_gmt":"2025-10-28T13:23:12","guid":{"rendered":"https:\/\/www.bagnoitalia.com\/hot-tub-round-180-cm-6-seater-with-136-jets-textile-effect-colour-mp78.html"},"modified":"2025-10-28T14:24:55","modified_gmt":"2025-10-28T13:24:55","slug":"hot-tub-round-180-cm-6-seater-with-136-jets-textile-effect-colour-mp78","status":"publish","type":"product","link":"https:\/\/www.bagnoitalia.com\/fr\/produit\/hot-tub-round-180-cm-6-seater-with-136-jets-textile-effect-colour-mp78.html","title":{"rendered":"Jacuzzi rond 180 cm 6 places avec 136 jets, effet textile couleur MP78"},"content":{"rendered":"<p>Mini spa 180 cm MP78 effet textile<\/p>\n<p>&nbsp;<\/p>\n<p>CARACT\u00c9RISTIQUES<\/p>\n<p>Mini spa ext\u00e9rieur rond pour 6 personnes<\/p>\n<p>Dimensions ext\u00e9rieures 180 x H65 cm<\/p>\n<p>136 jets, dont 130 jets d&rsquo;air et 6 jets d&rsquo;eau<\/p>\n<p>Panneau de commande externe<\/p>\n<p>Chromoth\u00e9rapie<\/p>\n<p>Connexion Wi-Fi pour commande \u00e0 distance via une application pour smartphone<\/p>\n<p>Nouveaux jets \u00ab SyncJet \u00bb<\/p>\n<p>Action antibact\u00e9rienne UVC<\/p>\n<p>Chauffage<\/p>\n<p>Syst\u00e8me de filtration d&rsquo;eau intelligent 12 V\/60 W (2 filtres inclus avec le produit)<\/p>\n<p>Syst\u00e8me antigel (innovant)<\/p>\n<p>Syst\u00e8me de verrouillage enfant<\/p>\n<p>Couverture de maintien de la temp\u00e9rature<\/p>\n<p>Skimmer pour produits inclus\/doseur<\/p>\n<p>2 filtres \u00e0 cartouche<\/p>\n<p>Tapis en mousse<\/p>\n<p>Adaptateur pour tuyau d&rsquo;\u00e9vacuation<\/p>\n<p>&nbsp;<\/p>\n<p>MAT\u00c9RIAUX<\/p>\n<p>Panneaux EPE (technologie antibact\u00e9rienne pour un nettoyage plus facile, une isolation thermique \u00e9lev\u00e9e et une plus grande r\u00e9sistance)<\/p>\n<p>PVC renforc\u00e9 avec motif (effet textile)<\/p>\n<p>PVC renforc\u00e9 Rhino-Tech\u2122 Premium \u00e0 6 couches<\/p>\n<p>Housse en PVC renforc\u00e9 incluse, fermeture \u00e0 glissi\u00e8re<\/p>\n<p>&nbsp;<\/p>\n<p>D\u00c9TAILS TECHNIQUES<\/p>\n<p>Chauffage : 2,2 kW<\/p>\n<p>Capacit\u00e9 maximale : 850 litres<\/p>\n<p>Pompe \u00e0 eau : 1,1 kW<\/p>\n<p>Pompe \u00e0 air \u00e0 3 niveaux : Niveau 1 300 W ; Niveau 2 500 W ; Niveau 3 720 W<\/p>\n<p>Filtration 12 V\/60 W<\/p>\n<p>Alimentation 220-240 V<\/p>\n<p>&nbsp;<\/p>\n<p>CERTIFICATIONS : CE, ISO9001-2008<\/p>\n","protected":false},"excerpt":{"rendered":"<p>Baignoire ext\u00e9rieure ronde pouvant accueillir jusqu&rsquo;\u00e0 6 personnes. Dot\u00e9e d&rsquo;un rev\u00eatement textile ext\u00e9rieur inspir\u00e9 du tissu. \u00c9quip\u00e9e de LED pour la chromoth\u00e9rapie, d&rsquo;un syst\u00e8me de d\u00e9sinfection UVC et d&rsquo;un chauffage.<\/p>\n","protected":false},"featured_media":113847,"comment_status":"open","ping_status":"closed","template":"","meta":[],"product_brand":[9924],"product_cat":[10069],"product_tag":[],"class_list":{"0":"post-113903","1":"product","2":"type-product","3":"status-publish","4":"has-post-thumbnail","6":"product_brand-predator-arredo-casa-fr","7":"product_cat-piscines-exterieures-a-hydromassage","9":"first","10":"instock","11":"sale","12":"taxable","13":"shipping-taxable","14":"purchasable","15":"product-type-simple"},"exclude_global_add_ons":false,"addons":[{"name":"Accessoires","type":"multiple_choice","position":0,"required":true,"title_format":"heading","default":"","description_enable":false,"description":"","placeholder_enable":false,"placeholder":"","display":"select","restrictions_type":"any_text","adjust_price":false,"price":"","price_type":"flat_fee","restrictions":false,"min":"0","max":"0","options":[{"label":"sans \u00e9chelle","price":"","price_type":"quantity_based","image":0,"visibility":true},{"label":"avec \u00e9chelle","price":"229","price_type":"quantity_based","image":0,"visibility":true}],"id":1761661393}],"yoast_head":"<!-- This site is optimized with the Yoast SEO plugin v26.7 - https:\/\/yoast.com\/wordpress\/plugins\/seo\/ -->\n<title>Jacuzzi rond 180 cm 6 places avec 136 jets, effet textile couleur MP78 - Bagno Italia<\/title>\n<meta name=\"robots\" content=\"index, follow, max-snippet:-1, max-image-preview:large, max-video-preview:-1\" \/>\n<link rel=\"canonical\" href=\"https:\/\/www.bagnoitalia.com\/fr\/produit\/hot-tub-round-180-cm-6-seater-with-136-jets-textile-effect-colour-mp78.html\" \/>\n<meta property=\"og:locale\" content=\"fr_FR\" \/>\n<meta property=\"og:type\" content=\"article\" \/>\n<meta property=\"og:title\" content=\"Jacuzzi rond 180 cm 6 places avec 136 jets, effet textile couleur MP78 - Bagno Italia\" \/>\n<meta property=\"og:description\" content=\"Baignoire ext\u00e9rieure ronde pouvant accueillir jusqu&#039;\u00e0 6 personnes. Dot\u00e9e d&#039;un rev\u00eatement textile ext\u00e9rieur inspir\u00e9 du tissu. \u00c9quip\u00e9e de LED pour la chromoth\u00e9rapie, d&#039;un syst\u00e8me de d\u00e9sinfection UVC et d&#039;un chauffage.\" \/>\n<meta property=\"og:url\" content=\"https:\/\/www.bagnoitalia.com\/fr\/produit\/hot-tub-round-180-cm-6-seater-with-136-jets-textile-effect-colour-mp78.html\" \/>\n<meta property=\"og:site_name\" content=\"Bagno Italia\" \/>\n<meta property=\"article:modified_time\" content=\"2025-10-28T13:24:55+00:00\" \/>\n<meta property=\"og:image\" content=\"https:\/\/img.bagnoitalia.com\/wp-content\/uploads\/1-79.jpg\" \/>\n\t<meta property=\"og:image:width\" content=\"997\" \/>\n\t<meta property=\"og:image:height\" content=\"1000\" \/>\n\t<meta property=\"og:image:type\" content=\"image\/jpeg\" \/>\n<meta name=\"twitter:card\" content=\"summary_large_image\" \/>\n<meta name=\"twitter:label1\" content=\"Dur\u00e9e de lecture estim\u00e9e\" \/>\n\t<meta name=\"twitter:data1\" content=\"1 minute\" \/>\n<script type=\"application\/ld+json\" class=\"yoast-schema-graph\">{\"@context\":\"https:\/\/schema.org\",\"@graph\":[{\"@type\":\"WebPage\",\"@id\":\"https:\/\/www.bagnoitalia.com\/fr\/produit\/hot-tub-round-180-cm-6-seater-with-136-jets-textile-effect-colour-mp78.html\",\"url\":\"https:\/\/www.bagnoitalia.com\/fr\/produit\/hot-tub-round-180-cm-6-seater-with-136-jets-textile-effect-colour-mp78.html\",\"name\":\"Jacuzzi rond 180 cm 6 places avec 136 jets, effet textile couleur MP78 - Bagno Italia\",\"isPartOf\":{\"@id\":\"https:\/\/www.bagnoitalia.com\/fr#website\"},\"primaryImageOfPage\":{\"@id\":\"https:\/\/www.bagnoitalia.com\/fr\/produit\/hot-tub-round-180-cm-6-seater-with-136-jets-textile-effect-colour-mp78.html#primaryimage\"},\"image\":{\"@id\":\"https:\/\/www.bagnoitalia.com\/fr\/produit\/hot-tub-round-180-cm-6-seater-with-136-jets-textile-effect-colour-mp78.html#primaryimage\"},\"thumbnailUrl\":\"https:\/\/img.bagnoitalia.com\/wp-content\/uploads\/1-79.jpg\",\"datePublished\":\"2025-10-28T13:23:12+00:00\",\"dateModified\":\"2025-10-28T13:24:55+00:00\",\"breadcrumb\":{\"@id\":\"https:\/\/www.bagnoitalia.com\/fr\/produit\/hot-tub-round-180-cm-6-seater-with-136-jets-textile-effect-colour-mp78.html#breadcrumb\"},\"inLanguage\":\"fr-FR\",\"potentialAction\":[{\"@type\":\"ReadAction\",\"target\":[\"https:\/\/www.bagnoitalia.com\/fr\/produit\/hot-tub-round-180-cm-6-seater-with-136-jets-textile-effect-colour-mp78.html\"]}]},{\"@type\":\"ImageObject\",\"inLanguage\":\"fr-FR\",\"@id\":\"https:\/\/www.bagnoitalia.com\/fr\/produit\/hot-tub-round-180-cm-6-seater-with-136-jets-textile-effect-colour-mp78.html#primaryimage\",\"url\":\"https:\/\/img.bagnoitalia.com\/wp-content\/uploads\/1-79.jpg\",\"contentUrl\":\"https:\/\/img.bagnoitalia.com\/wp-content\/uploads\/1-79.jpg\",\"width\":997,\"height\":1000},{\"@type\":\"BreadcrumbList\",\"@id\":\"https:\/\/www.bagnoitalia.com\/fr\/produit\/hot-tub-round-180-cm-6-seater-with-136-jets-textile-effect-colour-mp78.html#breadcrumb\",\"itemListElement\":[{\"@type\":\"ListItem\",\"position\":1,\"name\":\"Home\",\"item\":\"https:\/\/www.bagnoitalia.com\/fr\"},{\"@type\":\"ListItem\",\"position\":2,\"name\":\"Produits\",\"item\":\"https:\/\/www.bagnoitalia.com\/fr\/shop\"},{\"@type\":\"ListItem\",\"position\":3,\"name\":\"Jacuzzi rond 180 cm 6 places avec 136 jets, effet textile couleur MP78\"}]},{\"@type\":\"WebSite\",\"@id\":\"https:\/\/www.bagnoitalia.com\/fr#website\",\"url\":\"https:\/\/www.bagnoitalia.com\/fr\",\"name\":\"Bagno Italia\",\"description\":\"\",\"publisher\":{\"@id\":\"https:\/\/www.bagnoitalia.com\/fr#organization\"},\"potentialAction\":[{\"@type\":\"SearchAction\",\"target\":{\"@type\":\"EntryPoint\",\"urlTemplate\":\"https:\/\/www.bagnoitalia.com\/fr?s={search_term_string}\"},\"query-input\":{\"@type\":\"PropertyValueSpecification\",\"valueRequired\":true,\"valueName\":\"search_term_string\"}}],\"inLanguage\":\"fr-FR\"},{\"@type\":\"Organization\",\"@id\":\"https:\/\/www.bagnoitalia.com\/fr#organization\",\"name\":\"Bagno Italia\",\"url\":\"https:\/\/www.bagnoitalia.com\/fr\",\"logo\":{\"@type\":\"ImageObject\",\"inLanguage\":\"fr-FR\",\"@id\":\"https:\/\/www.bagnoitalia.com\/fr#\/schema\/logo\/image\/\",\"url\":\"https:\/\/img.bagnoitalia.com\/wp-content\/uploads\/logo-bagnoitalia.webp\",\"contentUrl\":\"https:\/\/img.bagnoitalia.com\/wp-content\/uploads\/logo-bagnoitalia.webp\",\"width\":400,\"height\":70,\"caption\":\"Bagno Italia\"},\"image\":{\"@id\":\"https:\/\/www.bagnoitalia.com\/fr#\/schema\/logo\/image\/\"}}]}<\/script>\n<!-- \/ Yoast SEO plugin. -->","yoast_head_json":{"title":"Jacuzzi rond 180 cm 6 places avec 136 jets, effet textile couleur MP78 - Bagno Italia","robots":{"index":"index","follow":"follow","max-snippet":"max-snippet:-1","max-image-preview":"max-image-preview:large","max-video-preview":"max-video-preview:-1"},"canonical":"https:\/\/www.bagnoitalia.com\/fr\/produit\/hot-tub-round-180-cm-6-seater-with-136-jets-textile-effect-colour-mp78.html","og_locale":"fr_FR","og_type":"article","og_title":"Jacuzzi rond 180 cm 6 places avec 136 jets, effet textile couleur MP78 - Bagno Italia","og_description":"Baignoire ext\u00e9rieure ronde pouvant accueillir jusqu'\u00e0 6 personnes. Dot\u00e9e d'un rev\u00eatement textile ext\u00e9rieur inspir\u00e9 du tissu. \u00c9quip\u00e9e de LED pour la chromoth\u00e9rapie, d'un syst\u00e8me de d\u00e9sinfection UVC et d'un chauffage.","og_url":"https:\/\/www.bagnoitalia.com\/fr\/produit\/hot-tub-round-180-cm-6-seater-with-136-jets-textile-effect-colour-mp78.html","og_site_name":"Bagno Italia","article_modified_time":"2025-10-28T13:24:55+00:00","og_image":[{"width":997,"height":1000,"url":"https:\/\/img.bagnoitalia.com\/wp-content\/uploads\/1-79.jpg","type":"image\/jpeg"}],"twitter_card":"summary_large_image","twitter_misc":{"Dur\u00e9e de lecture estim\u00e9e":"1 minute"},"schema":{"@context":"https:\/\/schema.org","@graph":[{"@type":"WebPage","@id":"https:\/\/www.bagnoitalia.com\/fr\/produit\/hot-tub-round-180-cm-6-seater-with-136-jets-textile-effect-colour-mp78.html","url":"https:\/\/www.bagnoitalia.com\/fr\/produit\/hot-tub-round-180-cm-6-seater-with-136-jets-textile-effect-colour-mp78.html","name":"Jacuzzi rond 180 cm 6 places avec 136 jets, effet textile couleur MP78 - Bagno Italia","isPartOf":{"@id":"https:\/\/www.bagnoitalia.com\/fr#website"},"primaryImageOfPage":{"@id":"https:\/\/www.bagnoitalia.com\/fr\/produit\/hot-tub-round-180-cm-6-seater-with-136-jets-textile-effect-colour-mp78.html#primaryimage"},"image":{"@id":"https:\/\/www.bagnoitalia.com\/fr\/produit\/hot-tub-round-180-cm-6-seater-with-136-jets-textile-effect-colour-mp78.html#primaryimage"},"thumbnailUrl":"https:\/\/img.bagnoitalia.com\/wp-content\/uploads\/1-79.jpg","datePublished":"2025-10-28T13:23:12+00:00","dateModified":"2025-10-28T13:24:55+00:00","breadcrumb":{"@id":"https:\/\/www.bagnoitalia.com\/fr\/produit\/hot-tub-round-180-cm-6-seater-with-136-jets-textile-effect-colour-mp78.html#breadcrumb"},"inLanguage":"fr-FR","potentialAction":[{"@type":"ReadAction","target":["https:\/\/www.bagnoitalia.com\/fr\/produit\/hot-tub-round-180-cm-6-seater-with-136-jets-textile-effect-colour-mp78.html"]}]},{"@type":"ImageObject","inLanguage":"fr-FR","@id":"https:\/\/www.bagnoitalia.com\/fr\/produit\/hot-tub-round-180-cm-6-seater-with-136-jets-textile-effect-colour-mp78.html#primaryimage","url":"https:\/\/img.bagnoitalia.com\/wp-content\/uploads\/1-79.jpg","contentUrl":"https:\/\/img.bagnoitalia.com\/wp-content\/uploads\/1-79.jpg","width":997,"height":1000},{"@type":"BreadcrumbList","@id":"https:\/\/www.bagnoitalia.com\/fr\/produit\/hot-tub-round-180-cm-6-seater-with-136-jets-textile-effect-colour-mp78.html#breadcrumb","itemListElement":[{"@type":"ListItem","position":1,"name":"Home","item":"https:\/\/www.bagnoitalia.com\/fr"},{"@type":"ListItem","position":2,"name":"Produits","item":"https:\/\/www.bagnoitalia.com\/fr\/shop"},{"@type":"ListItem","position":3,"name":"Jacuzzi rond 180 cm 6 places avec 136 jets, effet textile couleur MP78"}]},{"@type":"WebSite","@id":"https:\/\/www.bagnoitalia.com\/fr#website","url":"https:\/\/www.bagnoitalia.com\/fr","name":"Bagno Italia","description":"","publisher":{"@id":"https:\/\/www.bagnoitalia.com\/fr#organization"},"potentialAction":[{"@type":"SearchAction","target":{"@type":"EntryPoint","urlTemplate":"https:\/\/www.bagnoitalia.com\/fr?s={search_term_string}"},"query-input":{"@type":"PropertyValueSpecification","valueRequired":true,"valueName":"search_term_string"}}],"inLanguage":"fr-FR"},{"@type":"Organization","@id":"https:\/\/www.bagnoitalia.com\/fr#organization","name":"Bagno Italia","url":"https:\/\/www.bagnoitalia.com\/fr","logo":{"@type":"ImageObject","inLanguage":"fr-FR","@id":"https:\/\/www.bagnoitalia.com\/fr#\/schema\/logo\/image\/","url":"https:\/\/img.bagnoitalia.com\/wp-content\/uploads\/logo-bagnoitalia.webp","contentUrl":"https:\/\/img.bagnoitalia.com\/wp-content\/uploads\/logo-bagnoitalia.webp","width":400,"height":70,"caption":"Bagno Italia"},"image":{"@id":"https:\/\/www.bagnoitalia.com\/fr#\/schema\/logo\/image\/"}}]}},"_links":{"self":[{"href":"https:\/\/www.bagnoitalia.com\/fr\/wp-json\/wp\/v2\/product\/113903","targetHints":{"allow":["GET"]}}],"collection":[{"href":"https:\/\/www.bagnoitalia.com\/fr\/wp-json\/wp\/v2\/product"}],"about":[{"href":"https:\/\/www.bagnoitalia.com\/fr\/wp-json\/wp\/v2\/types\/product"}],"replies":[{"embeddable":true,"href":"https:\/\/www.bagnoitalia.com\/fr\/wp-json\/wp\/v2\/comments?post=113903"}],"version-history":[{"count":2,"href":"https:\/\/www.bagnoitalia.com\/fr\/wp-json\/wp\/v2\/product\/113903\/revisions"}],"predecessor-version":[{"id":113909,"href":"https:\/\/www.bagnoitalia.com\/fr\/wp-json\/wp\/v2\/product\/113903\/revisions\/113909"}],"wp:featuredmedia":[{"embeddable":true,"href":"https:\/\/www.bagnoitalia.com\/fr\/wp-json\/wp\/v2\/media\/113847"}],"wp:attachment":[{"href":"https:\/\/www.bagnoitalia.com\/fr\/wp-json\/wp\/v2\/media?parent=113903"}],"wp:term":[{"taxonomy":"product_brand","embeddable":true,"href":"https:\/\/www.bagnoitalia.com\/fr\/wp-json\/wp\/v2\/product_brand?post=113903"},{"taxonomy":"product_cat","embeddable":true,"href":"https:\/\/www.bagnoitalia.com\/fr\/wp-json\/wp\/v2\/product_cat?post=113903"},{"taxonomy":"product_tag","embeddable":true,"href":"https:\/\/www.bagnoitalia.com\/fr\/wp-json\/wp\/v2\/product_tag?post=113903"}],"curies":[{"name":"wp","href":"https:\/\/api.w.org\/{rel}","templated":true}]}}