{"id":113822,"date":"2025-10-27T15:55:02","date_gmt":"2025-10-27T14:55:02","guid":{"rendered":"https:\/\/www.bagnoitalia.com\/mini-hot-tub-round-182-cm-6-seats-138-jets-full-optional-grey-or-brown-mp77.html"},"modified":"2025-10-27T15:59:50","modified_gmt":"2025-10-27T14:59:50","slug":"mini-hot-tub-round-182-cm-6-seats-138-jets-full-optional-grey-or-brown-mp77","status":"publish","type":"product","link":"https:\/\/www.bagnoitalia.com\/fr\/produit\/mini-hot-tub-round-182-cm-6-seats-138-jets-full-optional-grey-or-brown-mp77.html","title":{"rendered":"Mini spa rond 182 cm 6 places 138 jets toutes options gris ou marron MP77"},"content":{"rendered":"<p>Mini spa rond MP77 de 182 cm<\/p>\n<p>&nbsp;<\/p>\n<p>CARACT\u00c9RISTIQUES PRINCIPALES DU PRODUIT<\/p>\n<p>Mini spa rond d&rsquo;ext\u00e9rieur<\/p>\n<p>Pouvant accueillir jusqu&rsquo;\u00e0 6 personnes<\/p>\n<p>Choix entre deux couleurs pour la structure ext\u00e9rieure : GRIS ou MARRON (s\u00e9lectionnez la couleur dans le menu ci-dessus)<\/p>\n<p>Dimensions 182 x H 70 cm<\/p>\n<p>138 jets Eco-Pulse, dont 130 jets d&rsquo;air et 8 jets d&rsquo;eau (r\u00e9glables)<\/p>\n<p>Nouveau PC de contr\u00f4le Oled<\/p>\n<p>Wi-Fi pour le contr\u00f4le \u00e0 distance via smartphone<\/p>\n<p>Coussins inclus<\/p>\n<p>D\u00e9sinfectant UVC Plus : \u00e9limine les bact\u00e9ries nocives pour un hydromassage plus s\u00fbr, nouvelle technologie d&rsquo;assainissement<\/p>\n<p>Chromoth\u00e9rapie avec bande LED multicolore circulaire interne sur tout le p\u00e9rim\u00e8tre<\/p>\n<p>Chauffage Eco-tech : permet d&rsquo;augmenter la temp\u00e9rature de 1,4 \u00e0 1,8 \u00b0C\/heure (max. 42 \u00b0C)<\/p>\n<p>Syst\u00e8me de verrouillage enfant<\/p>\n<p>Couvercle<\/p>\n<p>Skimmer<\/p>\n<p>Couvercle de maintien de la temp\u00e9rature<\/p>\n<p>Couvercle thermique<\/p>\n<p>Tapis en mousse inclus<\/p>\n<p>Adaptateur pour tuyau d&rsquo;\u00e9vacuation<\/p>\n<p>MAT\u00c9RIAUX ET SP\u00c9CIFICATIONS TECHNIQUES<\/p>\n<p>Mat\u00e9riau innovant en PVC renforc\u00e9 6 couches rhino-tech\u2122 premium<\/p>\n<p>Couverture en PVC renforc\u00e9 incluse, fermeture \u00e0 glissi\u00e8re<\/p>\n<p>Tempxcel (couche interm\u00e9diaire thermique et isolation \u00e0 la base)<\/p>\n<p>Acryskin &#8211; technologie antibact\u00e9rienne pour un nettoyage plus facile<\/p>\n<p>Moteur Whispa &#8211; moteur silencieux (ultra-silencieux)<\/p>\n<p>Syst\u00e8me intelligent de filtration de l&rsquo;eau<\/p>\n<p>Syst\u00e8me antigel<\/p>\n<p>Chauffage : 2,2 kW<\/p>\n<p>Capacit\u00e9 maximale : 970 litres<\/p>\n<p>Pompe \u00e0 eau : 1,1 kW<\/p>\n<p>Pompe \u00e0 air \u00e0 3 niveaux : Niveau 1 300 W ; Niveau 2 500 W ; Niveau 3 720 W<\/p>\n<p>220-240 V<\/p>\n<p>&nbsp;<\/p>\n<p>CERTIFICATIONS : CE, ISO9001-2008<\/p>\n","protected":false},"excerpt":{"rendered":"<p>Spa ext\u00e9rieur rond pouvant accueillir jusqu&rsquo;\u00e0 6 personnes. Ext\u00e9rieur disponible en deux couleurs : marron ou gris. Avec structure renforc\u00e9e, moteur ultra-silencieux, chromoth\u00e9rapie, d\u00e9sinfection UVC, chauffage et connexion Wi-Fi pour le contr\u00f4le \u00e0 distance.<\/p>\n","protected":false},"featured_media":113750,"comment_status":"open","ping_status":"closed","template":"","meta":[],"product_brand":[9924],"product_cat":[10069],"product_tag":[],"class_list":{"0":"post-113822","1":"product","2":"type-product","3":"status-publish","4":"has-post-thumbnail","6":"product_brand-predator-arredo-casa-fr","7":"product_cat-piscines-exterieures-a-hydromassage","9":"first","10":"instock","11":"sale","12":"taxable","13":"shipping-taxable","14":"purchasable","15":"product-type-simple"},"exclude_global_add_ons":false,"addons":[{"name":"Couleur de structure","type":"multiple_choice","position":0,"required":true,"title_format":"heading","default":"","description_enable":false,"description":"","placeholder_enable":false,"placeholder":"","display":"select","restrictions_type":"any_text","adjust_price":false,"price":"","price_type":"flat_fee","restrictions":false,"min":"0","max":"0","options":[{"label":"brun","price":"","price_type":"quantity_based","image":0,"visibility":true},{"label":"gris","price":"","price_type":"quantity_based","image":0,"visibility":true}],"id":1761580503},{"name":"Accessoires","type":"multiple_choice","position":1,"required":true,"title_format":"heading","default":"","description_enable":false,"description":"","placeholder_enable":false,"placeholder":"","display":"select","restrictions_type":"any_text","adjust_price":false,"price":"","price_type":"flat_fee","restrictions":false,"min":"0","max":"0","options":[{"label":"sans \u00e9chelle","price":"","price_type":"quantity_based","image":0,"visibility":true},{"label":"avec \u00e9chelle","price":"229","price_type":"quantity_based","image":0,"visibility":true}],"id":1761580504}],"yoast_head":"<!-- This site is optimized with the Yoast SEO plugin v26.7 - https:\/\/yoast.com\/wordpress\/plugins\/seo\/ -->\n<title>Mini spa rond 182 cm 6 places 138 jets toutes options gris ou marron MP77 - Bagno Italia<\/title>\n<meta name=\"robots\" content=\"index, follow, max-snippet:-1, max-image-preview:large, max-video-preview:-1\" \/>\n<link rel=\"canonical\" href=\"https:\/\/www.bagnoitalia.com\/fr\/produit\/mini-hot-tub-round-182-cm-6-seats-138-jets-full-optional-grey-or-brown-mp77.html\" \/>\n<meta property=\"og:locale\" content=\"fr_FR\" \/>\n<meta property=\"og:type\" content=\"article\" \/>\n<meta property=\"og:title\" content=\"Mini spa rond 182 cm 6 places 138 jets toutes options gris ou marron MP77 - Bagno Italia\" \/>\n<meta property=\"og:description\" content=\"Spa ext\u00e9rieur rond pouvant accueillir jusqu&#039;\u00e0 6 personnes. Ext\u00e9rieur disponible en deux couleurs : marron ou gris. Avec structure renforc\u00e9e, moteur ultra-silencieux, chromoth\u00e9rapie, d\u00e9sinfection UVC, chauffage et connexion Wi-Fi pour le contr\u00f4le \u00e0 distance.\" \/>\n<meta property=\"og:url\" content=\"https:\/\/www.bagnoitalia.com\/fr\/produit\/mini-hot-tub-round-182-cm-6-seats-138-jets-full-optional-grey-or-brown-mp77.html\" \/>\n<meta property=\"og:site_name\" content=\"Bagno Italia\" \/>\n<meta property=\"article:modified_time\" content=\"2025-10-27T14:59:50+00:00\" \/>\n<meta property=\"og:image\" content=\"https:\/\/img.bagnoitalia.com\/wp-content\/uploads\/1-78.jpg\" \/>\n\t<meta property=\"og:image:width\" content=\"1000\" \/>\n\t<meta property=\"og:image:height\" content=\"1000\" \/>\n\t<meta property=\"og:image:type\" content=\"image\/jpeg\" \/>\n<meta name=\"twitter:card\" content=\"summary_large_image\" \/>\n<meta name=\"twitter:label1\" content=\"Dur\u00e9e de lecture estim\u00e9e\" \/>\n\t<meta name=\"twitter:data1\" content=\"2 minutes\" \/>\n<script type=\"application\/ld+json\" class=\"yoast-schema-graph\">{\"@context\":\"https:\/\/schema.org\",\"@graph\":[{\"@type\":\"WebPage\",\"@id\":\"https:\/\/www.bagnoitalia.com\/fr\/produit\/mini-hot-tub-round-182-cm-6-seats-138-jets-full-optional-grey-or-brown-mp77.html\",\"url\":\"https:\/\/www.bagnoitalia.com\/fr\/produit\/mini-hot-tub-round-182-cm-6-seats-138-jets-full-optional-grey-or-brown-mp77.html\",\"name\":\"Mini spa rond 182 cm 6 places 138 jets toutes options gris ou marron MP77 - Bagno Italia\",\"isPartOf\":{\"@id\":\"https:\/\/www.bagnoitalia.com\/fr#website\"},\"primaryImageOfPage\":{\"@id\":\"https:\/\/www.bagnoitalia.com\/fr\/produit\/mini-hot-tub-round-182-cm-6-seats-138-jets-full-optional-grey-or-brown-mp77.html#primaryimage\"},\"image\":{\"@id\":\"https:\/\/www.bagnoitalia.com\/fr\/produit\/mini-hot-tub-round-182-cm-6-seats-138-jets-full-optional-grey-or-brown-mp77.html#primaryimage\"},\"thumbnailUrl\":\"https:\/\/img.bagnoitalia.com\/wp-content\/uploads\/1-78.jpg\",\"datePublished\":\"2025-10-27T14:55:02+00:00\",\"dateModified\":\"2025-10-27T14:59:50+00:00\",\"breadcrumb\":{\"@id\":\"https:\/\/www.bagnoitalia.com\/fr\/produit\/mini-hot-tub-round-182-cm-6-seats-138-jets-full-optional-grey-or-brown-mp77.html#breadcrumb\"},\"inLanguage\":\"fr-FR\",\"potentialAction\":[{\"@type\":\"ReadAction\",\"target\":[\"https:\/\/www.bagnoitalia.com\/fr\/produit\/mini-hot-tub-round-182-cm-6-seats-138-jets-full-optional-grey-or-brown-mp77.html\"]}]},{\"@type\":\"ImageObject\",\"inLanguage\":\"fr-FR\",\"@id\":\"https:\/\/www.bagnoitalia.com\/fr\/produit\/mini-hot-tub-round-182-cm-6-seats-138-jets-full-optional-grey-or-brown-mp77.html#primaryimage\",\"url\":\"https:\/\/img.bagnoitalia.com\/wp-content\/uploads\/1-78.jpg\",\"contentUrl\":\"https:\/\/img.bagnoitalia.com\/wp-content\/uploads\/1-78.jpg\",\"width\":1000,\"height\":1000},{\"@type\":\"BreadcrumbList\",\"@id\":\"https:\/\/www.bagnoitalia.com\/fr\/produit\/mini-hot-tub-round-182-cm-6-seats-138-jets-full-optional-grey-or-brown-mp77.html#breadcrumb\",\"itemListElement\":[{\"@type\":\"ListItem\",\"position\":1,\"name\":\"Home\",\"item\":\"https:\/\/www.bagnoitalia.com\/fr\"},{\"@type\":\"ListItem\",\"position\":2,\"name\":\"Produits\",\"item\":\"https:\/\/www.bagnoitalia.com\/fr\/shop\"},{\"@type\":\"ListItem\",\"position\":3,\"name\":\"Mini spa rond 182 cm 6 places 138 jets toutes options gris ou marron MP77\"}]},{\"@type\":\"WebSite\",\"@id\":\"https:\/\/www.bagnoitalia.com\/fr#website\",\"url\":\"https:\/\/www.bagnoitalia.com\/fr\",\"name\":\"Bagno Italia\",\"description\":\"\",\"publisher\":{\"@id\":\"https:\/\/www.bagnoitalia.com\/fr#organization\"},\"potentialAction\":[{\"@type\":\"SearchAction\",\"target\":{\"@type\":\"EntryPoint\",\"urlTemplate\":\"https:\/\/www.bagnoitalia.com\/fr?s={search_term_string}\"},\"query-input\":{\"@type\":\"PropertyValueSpecification\",\"valueRequired\":true,\"valueName\":\"search_term_string\"}}],\"inLanguage\":\"fr-FR\"},{\"@type\":\"Organization\",\"@id\":\"https:\/\/www.bagnoitalia.com\/fr#organization\",\"name\":\"Bagno Italia\",\"url\":\"https:\/\/www.bagnoitalia.com\/fr\",\"logo\":{\"@type\":\"ImageObject\",\"inLanguage\":\"fr-FR\",\"@id\":\"https:\/\/www.bagnoitalia.com\/fr#\/schema\/logo\/image\/\",\"url\":\"https:\/\/img.bagnoitalia.com\/wp-content\/uploads\/logo-bagnoitalia.webp\",\"contentUrl\":\"https:\/\/img.bagnoitalia.com\/wp-content\/uploads\/logo-bagnoitalia.webp\",\"width\":400,\"height\":70,\"caption\":\"Bagno Italia\"},\"image\":{\"@id\":\"https:\/\/www.bagnoitalia.com\/fr#\/schema\/logo\/image\/\"}}]}<\/script>\n<!-- \/ Yoast SEO plugin. -->","yoast_head_json":{"title":"Mini spa rond 182 cm 6 places 138 jets toutes options gris ou marron MP77 - Bagno Italia","robots":{"index":"index","follow":"follow","max-snippet":"max-snippet:-1","max-image-preview":"max-image-preview:large","max-video-preview":"max-video-preview:-1"},"canonical":"https:\/\/www.bagnoitalia.com\/fr\/produit\/mini-hot-tub-round-182-cm-6-seats-138-jets-full-optional-grey-or-brown-mp77.html","og_locale":"fr_FR","og_type":"article","og_title":"Mini spa rond 182 cm 6 places 138 jets toutes options gris ou marron MP77 - Bagno Italia","og_description":"Spa ext\u00e9rieur rond pouvant accueillir jusqu'\u00e0 6 personnes. Ext\u00e9rieur disponible en deux couleurs : marron ou gris. Avec structure renforc\u00e9e, moteur ultra-silencieux, chromoth\u00e9rapie, d\u00e9sinfection UVC, chauffage et connexion Wi-Fi pour le contr\u00f4le \u00e0 distance.","og_url":"https:\/\/www.bagnoitalia.com\/fr\/produit\/mini-hot-tub-round-182-cm-6-seats-138-jets-full-optional-grey-or-brown-mp77.html","og_site_name":"Bagno Italia","article_modified_time":"2025-10-27T14:59:50+00:00","og_image":[{"width":1000,"height":1000,"url":"https:\/\/img.bagnoitalia.com\/wp-content\/uploads\/1-78.jpg","type":"image\/jpeg"}],"twitter_card":"summary_large_image","twitter_misc":{"Dur\u00e9e de lecture estim\u00e9e":"2 minutes"},"schema":{"@context":"https:\/\/schema.org","@graph":[{"@type":"WebPage","@id":"https:\/\/www.bagnoitalia.com\/fr\/produit\/mini-hot-tub-round-182-cm-6-seats-138-jets-full-optional-grey-or-brown-mp77.html","url":"https:\/\/www.bagnoitalia.com\/fr\/produit\/mini-hot-tub-round-182-cm-6-seats-138-jets-full-optional-grey-or-brown-mp77.html","name":"Mini spa rond 182 cm 6 places 138 jets toutes options gris ou marron MP77 - Bagno Italia","isPartOf":{"@id":"https:\/\/www.bagnoitalia.com\/fr#website"},"primaryImageOfPage":{"@id":"https:\/\/www.bagnoitalia.com\/fr\/produit\/mini-hot-tub-round-182-cm-6-seats-138-jets-full-optional-grey-or-brown-mp77.html#primaryimage"},"image":{"@id":"https:\/\/www.bagnoitalia.com\/fr\/produit\/mini-hot-tub-round-182-cm-6-seats-138-jets-full-optional-grey-or-brown-mp77.html#primaryimage"},"thumbnailUrl":"https:\/\/img.bagnoitalia.com\/wp-content\/uploads\/1-78.jpg","datePublished":"2025-10-27T14:55:02+00:00","dateModified":"2025-10-27T14:59:50+00:00","breadcrumb":{"@id":"https:\/\/www.bagnoitalia.com\/fr\/produit\/mini-hot-tub-round-182-cm-6-seats-138-jets-full-optional-grey-or-brown-mp77.html#breadcrumb"},"inLanguage":"fr-FR","potentialAction":[{"@type":"ReadAction","target":["https:\/\/www.bagnoitalia.com\/fr\/produit\/mini-hot-tub-round-182-cm-6-seats-138-jets-full-optional-grey-or-brown-mp77.html"]}]},{"@type":"ImageObject","inLanguage":"fr-FR","@id":"https:\/\/www.bagnoitalia.com\/fr\/produit\/mini-hot-tub-round-182-cm-6-seats-138-jets-full-optional-grey-or-brown-mp77.html#primaryimage","url":"https:\/\/img.bagnoitalia.com\/wp-content\/uploads\/1-78.jpg","contentUrl":"https:\/\/img.bagnoitalia.com\/wp-content\/uploads\/1-78.jpg","width":1000,"height":1000},{"@type":"BreadcrumbList","@id":"https:\/\/www.bagnoitalia.com\/fr\/produit\/mini-hot-tub-round-182-cm-6-seats-138-jets-full-optional-grey-or-brown-mp77.html#breadcrumb","itemListElement":[{"@type":"ListItem","position":1,"name":"Home","item":"https:\/\/www.bagnoitalia.com\/fr"},{"@type":"ListItem","position":2,"name":"Produits","item":"https:\/\/www.bagnoitalia.com\/fr\/shop"},{"@type":"ListItem","position":3,"name":"Mini spa rond 182 cm 6 places 138 jets toutes options gris ou marron MP77"}]},{"@type":"WebSite","@id":"https:\/\/www.bagnoitalia.com\/fr#website","url":"https:\/\/www.bagnoitalia.com\/fr","name":"Bagno Italia","description":"","publisher":{"@id":"https:\/\/www.bagnoitalia.com\/fr#organization"},"potentialAction":[{"@type":"SearchAction","target":{"@type":"EntryPoint","urlTemplate":"https:\/\/www.bagnoitalia.com\/fr?s={search_term_string}"},"query-input":{"@type":"PropertyValueSpecification","valueRequired":true,"valueName":"search_term_string"}}],"inLanguage":"fr-FR"},{"@type":"Organization","@id":"https:\/\/www.bagnoitalia.com\/fr#organization","name":"Bagno Italia","url":"https:\/\/www.bagnoitalia.com\/fr","logo":{"@type":"ImageObject","inLanguage":"fr-FR","@id":"https:\/\/www.bagnoitalia.com\/fr#\/schema\/logo\/image\/","url":"https:\/\/img.bagnoitalia.com\/wp-content\/uploads\/logo-bagnoitalia.webp","contentUrl":"https:\/\/img.bagnoitalia.com\/wp-content\/uploads\/logo-bagnoitalia.webp","width":400,"height":70,"caption":"Bagno Italia"},"image":{"@id":"https:\/\/www.bagnoitalia.com\/fr#\/schema\/logo\/image\/"}}]}},"_links":{"self":[{"href":"https:\/\/www.bagnoitalia.com\/fr\/wp-json\/wp\/v2\/product\/113822","targetHints":{"allow":["GET"]}}],"collection":[{"href":"https:\/\/www.bagnoitalia.com\/fr\/wp-json\/wp\/v2\/product"}],"about":[{"href":"https:\/\/www.bagnoitalia.com\/fr\/wp-json\/wp\/v2\/types\/product"}],"replies":[{"embeddable":true,"href":"https:\/\/www.bagnoitalia.com\/fr\/wp-json\/wp\/v2\/comments?post=113822"}],"version-history":[{"count":3,"href":"https:\/\/www.bagnoitalia.com\/fr\/wp-json\/wp\/v2\/product\/113822\/revisions"}],"predecessor-version":[{"id":113829,"href":"https:\/\/www.bagnoitalia.com\/fr\/wp-json\/wp\/v2\/product\/113822\/revisions\/113829"}],"wp:featuredmedia":[{"embeddable":true,"href":"https:\/\/www.bagnoitalia.com\/fr\/wp-json\/wp\/v2\/media\/113750"}],"wp:attachment":[{"href":"https:\/\/www.bagnoitalia.com\/fr\/wp-json\/wp\/v2\/media?parent=113822"}],"wp:term":[{"taxonomy":"product_brand","embeddable":true,"href":"https:\/\/www.bagnoitalia.com\/fr\/wp-json\/wp\/v2\/product_brand?post=113822"},{"taxonomy":"product_cat","embeddable":true,"href":"https:\/\/www.bagnoitalia.com\/fr\/wp-json\/wp\/v2\/product_cat?post=113822"},{"taxonomy":"product_tag","embeddable":true,"href":"https:\/\/www.bagnoitalia.com\/fr\/wp-json\/wp\/v2\/product_tag?post=113822"}],"curies":[{"name":"wp","href":"https:\/\/api.w.org\/{rel}","templated":true}]}}