{"id":113515,"date":"2025-10-21T15:59:00","date_gmt":"2025-10-21T13:59:00","guid":{"rendered":"https:\/\/www.bagnoitalia.com\/mini-whirlpool-spa-175x115-cm-with-21-jets-chromotherapy-and-ozone-therapy-mp75.html"},"modified":"2025-10-21T16:00:10","modified_gmt":"2025-10-21T14:00:10","slug":"mini-whirlpool-spa-175x115-cm-with-21-jets-chromotherapy-and-ozone-therapy-mp75","status":"publish","type":"product","link":"https:\/\/www.bagnoitalia.com\/fr\/produit\/mini-whirlpool-spa-175x115-cm-with-21-jets-chromotherapy-and-ozone-therapy-mp75.html","title":{"rendered":"Mini spa \u00e0 remous 175 x 115 cm avec 21 jets, chromoth\u00e9rapie et ozonoth\u00e9rapie MP75"},"content":{"rendered":"<p>MINI SPA 2 PLACES \u00ab MP75 \u00bb<\/p>\n<p>&nbsp;<\/p>\n<p>CARACT\u00c9RISTIQUES<\/p>\n<p>Mini spa rectangulaire d&rsquo;ext\u00e9rieur<\/p>\n<p>Couleur int\u00e9rieure : effet marbre blanc<\/p>\n<p>Dimensions : 175 x 115 x H 70 cm<\/p>\n<p>2 chaises longues avec coussins d&rsquo;appui-t\u00eate<\/p>\n<p>21 jets d&rsquo;hydromassage<\/p>\n<p>1 jet cascade<\/p>\n<p>\u00c9clairage LED pour chromoth\u00e9rapie<\/p>\n<p>\u00c9cran de contr\u00f4le<\/p>\n<p>Ozonoth\u00e9rapie<\/p>\n<p>Couverture thermique<\/p>\n<p>Chauffeur 2 kW<\/p>\n<p>Syst\u00e8me d&rsquo;isolation thermique<\/p>\n<p>Puissance totale 3,5 kW<\/p>\n<p>Pompe d&rsquo;hydromassage \u00e0 2 vitesses (1,5 kW \u00e0 vitesse \u00e9lev\u00e9e, 0,35 kW \u00e0 vitesse r\u00e9duite)<\/p>\n<p>Buses en acier inoxydable<\/p>\n<p>Cadre en bois<\/p>\n<p>Skimmer<\/p>\n<p>Filtre \u00e0 cartouche<\/p>\n<p>Capacit\u00e9 630 litres<\/p>\n<p>Poids 159 kg<\/p>\n<p>Alimentation \u00e9lectrique 220 &#8211; 240 V 50 Hz<\/p>\n<p>&nbsp;<\/p>\n<p>&nbsp;<\/p>\n<p>&nbsp;<\/p>\n<p>&nbsp;<\/p>\n<p>&nbsp;<\/p>\n<p>&nbsp;<\/p>\n<p>&nbsp;<\/p>\n<p>&nbsp;<\/p>\n<p>&nbsp;<\/p>\n<p>&nbsp;<\/p>\n<p>&nbsp;<\/p>\n<p>&nbsp;<\/p>\n<p>&nbsp;<\/p>\n<p>&nbsp;<\/p>\n<p>&nbsp;<\/p>\n<p>&nbsp;<\/p>\n<p>&nbsp;<\/p>\n<p>&nbsp;<\/p>\n<p>&nbsp;<\/p>\n<p>&nbsp;<\/p>\n<p>&nbsp;<\/p>\n<p>&nbsp;<\/p>\n<p>&nbsp;<\/p>\n<p>&nbsp;<\/p>\n<p>SPA30<\/p>\n","protected":false},"excerpt":{"rendered":"<p>Baignoire d&rsquo;ext\u00e9rieur multifonctionnelle, rectangulaire, id\u00e9ale pour deux personnes. \u00c9quip\u00e9e de lumi\u00e8res LED pour la chromoth\u00e9rapie et la d\u00e9sinfection \u00e0 l&rsquo;ozone.<\/p>\n","protected":false},"featured_media":113451,"comment_status":"open","ping_status":"closed","template":"","meta":[],"product_brand":[9942],"product_cat":[10069],"product_tag":[],"class_list":{"0":"post-113515","1":"product","2":"type-product","3":"status-publish","4":"has-post-thumbnail","6":"product_brand-sanotechnik-italia-fr","7":"product_cat-piscines-exterieures-a-hydromassage","9":"first","10":"instock","11":"sale","12":"taxable","13":"shipping-taxable","14":"purchasable","15":"product-type-simple"},"exclude_global_add_ons":[],"addons":[],"yoast_head":"<!-- This site is optimized with the Yoast SEO plugin v26.7 - https:\/\/yoast.com\/wordpress\/plugins\/seo\/ -->\n<title>Mini spa \u00e0 remous 175 x 115 cm avec 21 jets, chromoth\u00e9rapie et ozonoth\u00e9rapie MP75 - Bagno Italia<\/title>\n<meta name=\"robots\" content=\"index, follow, max-snippet:-1, max-image-preview:large, max-video-preview:-1\" \/>\n<link rel=\"canonical\" href=\"https:\/\/www.bagnoitalia.com\/fr\/produit\/mini-whirlpool-spa-175x115-cm-with-21-jets-chromotherapy-and-ozone-therapy-mp75.html\" \/>\n<meta property=\"og:locale\" content=\"fr_FR\" \/>\n<meta property=\"og:type\" content=\"article\" \/>\n<meta property=\"og:title\" content=\"Mini spa \u00e0 remous 175 x 115 cm avec 21 jets, chromoth\u00e9rapie et ozonoth\u00e9rapie MP75 - Bagno Italia\" \/>\n<meta property=\"og:description\" content=\"Baignoire d&#039;ext\u00e9rieur multifonctionnelle, rectangulaire, id\u00e9ale pour deux personnes. \u00c9quip\u00e9e de lumi\u00e8res LED pour la chromoth\u00e9rapie et la d\u00e9sinfection \u00e0 l&#039;ozone.\" \/>\n<meta property=\"og:url\" content=\"https:\/\/www.bagnoitalia.com\/fr\/produit\/mini-whirlpool-spa-175x115-cm-with-21-jets-chromotherapy-and-ozone-therapy-mp75.html\" \/>\n<meta property=\"og:site_name\" content=\"Bagno Italia\" \/>\n<meta property=\"article:modified_time\" content=\"2025-10-21T14:00:10+00:00\" \/>\n<meta property=\"og:image\" content=\"https:\/\/img.bagnoitalia.com\/wp-content\/uploads\/1-75.jpg\" \/>\n\t<meta property=\"og:image:width\" content=\"1000\" \/>\n\t<meta property=\"og:image:height\" content=\"1000\" \/>\n\t<meta property=\"og:image:type\" content=\"image\/jpeg\" \/>\n<meta name=\"twitter:card\" content=\"summary_large_image\" \/>\n<meta name=\"twitter:label1\" content=\"Dur\u00e9e de lecture estim\u00e9e\" \/>\n\t<meta name=\"twitter:data1\" content=\"1 minute\" \/>\n<script type=\"application\/ld+json\" class=\"yoast-schema-graph\">{\"@context\":\"https:\/\/schema.org\",\"@graph\":[{\"@type\":\"WebPage\",\"@id\":\"https:\/\/www.bagnoitalia.com\/fr\/produit\/mini-whirlpool-spa-175x115-cm-with-21-jets-chromotherapy-and-ozone-therapy-mp75.html\",\"url\":\"https:\/\/www.bagnoitalia.com\/fr\/produit\/mini-whirlpool-spa-175x115-cm-with-21-jets-chromotherapy-and-ozone-therapy-mp75.html\",\"name\":\"Mini spa \u00e0 remous 175 x 115 cm avec 21 jets, chromoth\u00e9rapie et ozonoth\u00e9rapie MP75 - Bagno Italia\",\"isPartOf\":{\"@id\":\"https:\/\/www.bagnoitalia.com\/fr#website\"},\"primaryImageOfPage\":{\"@id\":\"https:\/\/www.bagnoitalia.com\/fr\/produit\/mini-whirlpool-spa-175x115-cm-with-21-jets-chromotherapy-and-ozone-therapy-mp75.html#primaryimage\"},\"image\":{\"@id\":\"https:\/\/www.bagnoitalia.com\/fr\/produit\/mini-whirlpool-spa-175x115-cm-with-21-jets-chromotherapy-and-ozone-therapy-mp75.html#primaryimage\"},\"thumbnailUrl\":\"https:\/\/img.bagnoitalia.com\/wp-content\/uploads\/1-75.jpg\",\"datePublished\":\"2025-10-21T13:59:00+00:00\",\"dateModified\":\"2025-10-21T14:00:10+00:00\",\"breadcrumb\":{\"@id\":\"https:\/\/www.bagnoitalia.com\/fr\/produit\/mini-whirlpool-spa-175x115-cm-with-21-jets-chromotherapy-and-ozone-therapy-mp75.html#breadcrumb\"},\"inLanguage\":\"fr-FR\",\"potentialAction\":[{\"@type\":\"ReadAction\",\"target\":[\"https:\/\/www.bagnoitalia.com\/fr\/produit\/mini-whirlpool-spa-175x115-cm-with-21-jets-chromotherapy-and-ozone-therapy-mp75.html\"]}]},{\"@type\":\"ImageObject\",\"inLanguage\":\"fr-FR\",\"@id\":\"https:\/\/www.bagnoitalia.com\/fr\/produit\/mini-whirlpool-spa-175x115-cm-with-21-jets-chromotherapy-and-ozone-therapy-mp75.html#primaryimage\",\"url\":\"https:\/\/img.bagnoitalia.com\/wp-content\/uploads\/1-75.jpg\",\"contentUrl\":\"https:\/\/img.bagnoitalia.com\/wp-content\/uploads\/1-75.jpg\",\"width\":1000,\"height\":1000},{\"@type\":\"BreadcrumbList\",\"@id\":\"https:\/\/www.bagnoitalia.com\/fr\/produit\/mini-whirlpool-spa-175x115-cm-with-21-jets-chromotherapy-and-ozone-therapy-mp75.html#breadcrumb\",\"itemListElement\":[{\"@type\":\"ListItem\",\"position\":1,\"name\":\"Home\",\"item\":\"https:\/\/www.bagnoitalia.com\/fr\"},{\"@type\":\"ListItem\",\"position\":2,\"name\":\"Produits\",\"item\":\"https:\/\/www.bagnoitalia.com\/fr\/shop\"},{\"@type\":\"ListItem\",\"position\":3,\"name\":\"Mini spa \u00e0 remous 175 x 115 cm avec 21 jets, chromoth\u00e9rapie et ozonoth\u00e9rapie MP75\"}]},{\"@type\":\"WebSite\",\"@id\":\"https:\/\/www.bagnoitalia.com\/fr#website\",\"url\":\"https:\/\/www.bagnoitalia.com\/fr\",\"name\":\"Bagno Italia\",\"description\":\"\",\"publisher\":{\"@id\":\"https:\/\/www.bagnoitalia.com\/fr#organization\"},\"potentialAction\":[{\"@type\":\"SearchAction\",\"target\":{\"@type\":\"EntryPoint\",\"urlTemplate\":\"https:\/\/www.bagnoitalia.com\/fr?s={search_term_string}\"},\"query-input\":{\"@type\":\"PropertyValueSpecification\",\"valueRequired\":true,\"valueName\":\"search_term_string\"}}],\"inLanguage\":\"fr-FR\"},{\"@type\":\"Organization\",\"@id\":\"https:\/\/www.bagnoitalia.com\/fr#organization\",\"name\":\"Bagno Italia\",\"url\":\"https:\/\/www.bagnoitalia.com\/fr\",\"logo\":{\"@type\":\"ImageObject\",\"inLanguage\":\"fr-FR\",\"@id\":\"https:\/\/www.bagnoitalia.com\/fr#\/schema\/logo\/image\/\",\"url\":\"https:\/\/img.bagnoitalia.com\/wp-content\/uploads\/logo-bagnoitalia.webp\",\"contentUrl\":\"https:\/\/img.bagnoitalia.com\/wp-content\/uploads\/logo-bagnoitalia.webp\",\"width\":400,\"height\":70,\"caption\":\"Bagno Italia\"},\"image\":{\"@id\":\"https:\/\/www.bagnoitalia.com\/fr#\/schema\/logo\/image\/\"}}]}<\/script>\n<!-- \/ Yoast SEO plugin. -->","yoast_head_json":{"title":"Mini spa \u00e0 remous 175 x 115 cm avec 21 jets, chromoth\u00e9rapie et ozonoth\u00e9rapie MP75 - Bagno Italia","robots":{"index":"index","follow":"follow","max-snippet":"max-snippet:-1","max-image-preview":"max-image-preview:large","max-video-preview":"max-video-preview:-1"},"canonical":"https:\/\/www.bagnoitalia.com\/fr\/produit\/mini-whirlpool-spa-175x115-cm-with-21-jets-chromotherapy-and-ozone-therapy-mp75.html","og_locale":"fr_FR","og_type":"article","og_title":"Mini spa \u00e0 remous 175 x 115 cm avec 21 jets, chromoth\u00e9rapie et ozonoth\u00e9rapie MP75 - Bagno Italia","og_description":"Baignoire d'ext\u00e9rieur multifonctionnelle, rectangulaire, id\u00e9ale pour deux personnes. \u00c9quip\u00e9e de lumi\u00e8res LED pour la chromoth\u00e9rapie et la d\u00e9sinfection \u00e0 l'ozone.","og_url":"https:\/\/www.bagnoitalia.com\/fr\/produit\/mini-whirlpool-spa-175x115-cm-with-21-jets-chromotherapy-and-ozone-therapy-mp75.html","og_site_name":"Bagno Italia","article_modified_time":"2025-10-21T14:00:10+00:00","og_image":[{"width":1000,"height":1000,"url":"https:\/\/img.bagnoitalia.com\/wp-content\/uploads\/1-75.jpg","type":"image\/jpeg"}],"twitter_card":"summary_large_image","twitter_misc":{"Dur\u00e9e de lecture estim\u00e9e":"1 minute"},"schema":{"@context":"https:\/\/schema.org","@graph":[{"@type":"WebPage","@id":"https:\/\/www.bagnoitalia.com\/fr\/produit\/mini-whirlpool-spa-175x115-cm-with-21-jets-chromotherapy-and-ozone-therapy-mp75.html","url":"https:\/\/www.bagnoitalia.com\/fr\/produit\/mini-whirlpool-spa-175x115-cm-with-21-jets-chromotherapy-and-ozone-therapy-mp75.html","name":"Mini spa \u00e0 remous 175 x 115 cm avec 21 jets, chromoth\u00e9rapie et ozonoth\u00e9rapie MP75 - Bagno Italia","isPartOf":{"@id":"https:\/\/www.bagnoitalia.com\/fr#website"},"primaryImageOfPage":{"@id":"https:\/\/www.bagnoitalia.com\/fr\/produit\/mini-whirlpool-spa-175x115-cm-with-21-jets-chromotherapy-and-ozone-therapy-mp75.html#primaryimage"},"image":{"@id":"https:\/\/www.bagnoitalia.com\/fr\/produit\/mini-whirlpool-spa-175x115-cm-with-21-jets-chromotherapy-and-ozone-therapy-mp75.html#primaryimage"},"thumbnailUrl":"https:\/\/img.bagnoitalia.com\/wp-content\/uploads\/1-75.jpg","datePublished":"2025-10-21T13:59:00+00:00","dateModified":"2025-10-21T14:00:10+00:00","breadcrumb":{"@id":"https:\/\/www.bagnoitalia.com\/fr\/produit\/mini-whirlpool-spa-175x115-cm-with-21-jets-chromotherapy-and-ozone-therapy-mp75.html#breadcrumb"},"inLanguage":"fr-FR","potentialAction":[{"@type":"ReadAction","target":["https:\/\/www.bagnoitalia.com\/fr\/produit\/mini-whirlpool-spa-175x115-cm-with-21-jets-chromotherapy-and-ozone-therapy-mp75.html"]}]},{"@type":"ImageObject","inLanguage":"fr-FR","@id":"https:\/\/www.bagnoitalia.com\/fr\/produit\/mini-whirlpool-spa-175x115-cm-with-21-jets-chromotherapy-and-ozone-therapy-mp75.html#primaryimage","url":"https:\/\/img.bagnoitalia.com\/wp-content\/uploads\/1-75.jpg","contentUrl":"https:\/\/img.bagnoitalia.com\/wp-content\/uploads\/1-75.jpg","width":1000,"height":1000},{"@type":"BreadcrumbList","@id":"https:\/\/www.bagnoitalia.com\/fr\/produit\/mini-whirlpool-spa-175x115-cm-with-21-jets-chromotherapy-and-ozone-therapy-mp75.html#breadcrumb","itemListElement":[{"@type":"ListItem","position":1,"name":"Home","item":"https:\/\/www.bagnoitalia.com\/fr"},{"@type":"ListItem","position":2,"name":"Produits","item":"https:\/\/www.bagnoitalia.com\/fr\/shop"},{"@type":"ListItem","position":3,"name":"Mini spa \u00e0 remous 175 x 115 cm avec 21 jets, chromoth\u00e9rapie et ozonoth\u00e9rapie MP75"}]},{"@type":"WebSite","@id":"https:\/\/www.bagnoitalia.com\/fr#website","url":"https:\/\/www.bagnoitalia.com\/fr","name":"Bagno Italia","description":"","publisher":{"@id":"https:\/\/www.bagnoitalia.com\/fr#organization"},"potentialAction":[{"@type":"SearchAction","target":{"@type":"EntryPoint","urlTemplate":"https:\/\/www.bagnoitalia.com\/fr?s={search_term_string}"},"query-input":{"@type":"PropertyValueSpecification","valueRequired":true,"valueName":"search_term_string"}}],"inLanguage":"fr-FR"},{"@type":"Organization","@id":"https:\/\/www.bagnoitalia.com\/fr#organization","name":"Bagno Italia","url":"https:\/\/www.bagnoitalia.com\/fr","logo":{"@type":"ImageObject","inLanguage":"fr-FR","@id":"https:\/\/www.bagnoitalia.com\/fr#\/schema\/logo\/image\/","url":"https:\/\/img.bagnoitalia.com\/wp-content\/uploads\/logo-bagnoitalia.webp","contentUrl":"https:\/\/img.bagnoitalia.com\/wp-content\/uploads\/logo-bagnoitalia.webp","width":400,"height":70,"caption":"Bagno Italia"},"image":{"@id":"https:\/\/www.bagnoitalia.com\/fr#\/schema\/logo\/image\/"}}]}},"_links":{"self":[{"href":"https:\/\/www.bagnoitalia.com\/fr\/wp-json\/wp\/v2\/product\/113515","targetHints":{"allow":["GET"]}}],"collection":[{"href":"https:\/\/www.bagnoitalia.com\/fr\/wp-json\/wp\/v2\/product"}],"about":[{"href":"https:\/\/www.bagnoitalia.com\/fr\/wp-json\/wp\/v2\/types\/product"}],"replies":[{"embeddable":true,"href":"https:\/\/www.bagnoitalia.com\/fr\/wp-json\/wp\/v2\/comments?post=113515"}],"version-history":[{"count":2,"href":"https:\/\/www.bagnoitalia.com\/fr\/wp-json\/wp\/v2\/product\/113515\/revisions"}],"predecessor-version":[{"id":113521,"href":"https:\/\/www.bagnoitalia.com\/fr\/wp-json\/wp\/v2\/product\/113515\/revisions\/113521"}],"wp:featuredmedia":[{"embeddable":true,"href":"https:\/\/www.bagnoitalia.com\/fr\/wp-json\/wp\/v2\/media\/113451"}],"wp:attachment":[{"href":"https:\/\/www.bagnoitalia.com\/fr\/wp-json\/wp\/v2\/media?parent=113515"}],"wp:term":[{"taxonomy":"product_brand","embeddable":true,"href":"https:\/\/www.bagnoitalia.com\/fr\/wp-json\/wp\/v2\/product_brand?post=113515"},{"taxonomy":"product_cat","embeddable":true,"href":"https:\/\/www.bagnoitalia.com\/fr\/wp-json\/wp\/v2\/product_cat?post=113515"},{"taxonomy":"product_tag","embeddable":true,"href":"https:\/\/www.bagnoitalia.com\/fr\/wp-json\/wp\/v2\/product_tag?post=113515"}],"curies":[{"name":"wp","href":"https:\/\/api.w.org\/{rel}","templated":true}]}}