{"id":113439,"date":"2025-10-21T15:38:36","date_gmt":"2025-10-21T13:38:36","guid":{"rendered":"https:\/\/www.bagnoitalia.com\/white-console-table-with-metal-frame-and-wooden-top-extendable-from-50-to-275-cm-tl050.html"},"modified":"2025-10-23T16:30:42","modified_gmt":"2025-10-23T14:30:42","slug":"white-console-table-with-metal-frame-and-wooden-top-extendable-from-50-to-275-cm-tl050","status":"publish","type":"product","link":"https:\/\/www.bagnoitalia.com\/fr\/produit\/white-console-table-with-metal-frame-and-wooden-top-extendable-from-50-to-275-cm-tl050.html","title":{"rendered":"Console blanche avec structure m\u00e9tallique et plateau en bois, extensible de 50 \u00e0 275 cm TL070"},"content":{"rendered":"<p>Table extensible blanche 50-275 cm \u00ab TL070 \u00bb<\/p>\n<p>&nbsp;<\/p>\n<p>CONFIGURATIONS DISPONIBLES<\/p>\n<p>50 x 90 cm (sans rallonges)<\/p>\n<p>95 x 90 cm (avec 1 rallonge)<\/p>\n<p>140 x 90 cm (avec 2 rallonges)<\/p>\n<p>185 x 90 cm (avec 3 rallonges)<\/p>\n<p>230 x 90 cm (avec 4 rallonges)<\/p>\n<p>275 x 90 cm (avec 5 rallonges)<\/p>\n<p>&nbsp;<\/p>\n<p>D\u00c9TAILS DU PRODUIT<\/p>\n<p>Couleur : blanc<\/p>\n<p>Structure en m\u00e9tal<\/p>\n<p>Plateau en bois MDF de 18 mm d&rsquo;\u00e9paisseur<\/p>\n<p>Longueur minimale : 50 cm<\/p>\n<p>5 rallonges de 45 cm chacune<\/p>\n<p>Longueur maximale : 275 cm<\/p>\n<p>Profondeur : 90 cm<\/p>\n<p>Hauteur totale : 75 cm<\/p>\n<p>&nbsp;<\/p>\n<p>&nbsp;<\/p>\n<p>&nbsp;<\/p>\n<p>&nbsp;<\/p>\n<p>NB : les chaises ne sont PAS incluses dans l&rsquo;offre.<\/p>\n<p>&nbsp;<\/p>\n<p>&nbsp;<\/p>\n<p>&nbsp;<\/p>\n<p>&nbsp;<\/p>\n<p>&nbsp;<\/p>\n<p>&nbsp;<\/p>\n<p>&nbsp;<\/p>\n<p>&nbsp;<\/p>\n<p>&nbsp;<\/p>\n<p>&nbsp;<\/p>\n<p>&nbsp;<\/p>\n<p>&nbsp;<\/p>\n<p>&nbsp;<\/p>\n<p>&nbsp;<\/p>\n<p>&nbsp;<\/p>\n<p>&nbsp;<\/p>\n<p>Breeze BRZ-27B<\/p>\n","protected":false},"excerpt":{"rendered":"<p>Table console de 50 cm enti\u00e8rement blanche. Peut \u00eatre transform\u00e9e en table \u00e0 manger gr\u00e2ce \u00e0 5 rallonges de 45 cm chacune. La structure est en m\u00e9tal, tandis que le plateau est en bois MDF.<\/p>\n","protected":false},"featured_media":113415,"comment_status":"open","ping_status":"closed","template":"","meta":[],"product_brand":[9882],"product_cat":[10006],"product_tag":[],"class_list":{"0":"post-113439","1":"product","2":"type-product","3":"status-publish","4":"has-post-thumbnail","6":"product_brand-deghi-fr","7":"product_cat-tables-fr","9":"first","10":"instock","11":"sale","12":"taxable","13":"shipping-taxable","14":"purchasable","15":"product-type-simple"},"exclude_global_add_ons":[],"addons":[],"yoast_head":"<!-- This site is optimized with the Yoast SEO plugin v26.7 - https:\/\/yoast.com\/wordpress\/plugins\/seo\/ -->\n<title>Console blanche avec structure m\u00e9tallique et plateau en bois, extensible de 50 \u00e0 275 cm TL070 - Bagno Italia<\/title>\n<meta name=\"robots\" content=\"index, follow, max-snippet:-1, max-image-preview:large, max-video-preview:-1\" \/>\n<link rel=\"canonical\" href=\"https:\/\/www.bagnoitalia.com\/fr\/produit\/white-console-table-with-metal-frame-and-wooden-top-extendable-from-50-to-275-cm-tl050.html\" \/>\n<meta property=\"og:locale\" content=\"fr_FR\" \/>\n<meta property=\"og:type\" content=\"article\" \/>\n<meta property=\"og:title\" content=\"Console blanche avec structure m\u00e9tallique et plateau en bois, extensible de 50 \u00e0 275 cm TL070 - Bagno Italia\" \/>\n<meta property=\"og:description\" content=\"Table console de 50 cm enti\u00e8rement blanche. Peut \u00eatre transform\u00e9e en table \u00e0 manger gr\u00e2ce \u00e0 5 rallonges de 45 cm chacune. La structure est en m\u00e9tal, tandis que le plateau est en bois MDF.\" \/>\n<meta property=\"og:url\" content=\"https:\/\/www.bagnoitalia.com\/fr\/produit\/white-console-table-with-metal-frame-and-wooden-top-extendable-from-50-to-275-cm-tl050.html\" \/>\n<meta property=\"og:site_name\" content=\"Bagno Italia\" \/>\n<meta property=\"article:modified_time\" content=\"2025-10-23T14:30:42+00:00\" \/>\n<meta property=\"og:image\" content=\"https:\/\/img.bagnoitalia.com\/wp-content\/uploads\/1-74.jpg\" \/>\n\t<meta property=\"og:image:width\" content=\"1000\" \/>\n\t<meta property=\"og:image:height\" content=\"1000\" \/>\n\t<meta property=\"og:image:type\" content=\"image\/jpeg\" \/>\n<meta name=\"twitter:card\" content=\"summary_large_image\" \/>\n<meta name=\"twitter:label1\" content=\"Dur\u00e9e de lecture estim\u00e9e\" \/>\n\t<meta name=\"twitter:data1\" content=\"1 minute\" \/>\n<script type=\"application\/ld+json\" class=\"yoast-schema-graph\">{\"@context\":\"https:\/\/schema.org\",\"@graph\":[{\"@type\":\"WebPage\",\"@id\":\"https:\/\/www.bagnoitalia.com\/fr\/produit\/white-console-table-with-metal-frame-and-wooden-top-extendable-from-50-to-275-cm-tl050.html\",\"url\":\"https:\/\/www.bagnoitalia.com\/fr\/produit\/white-console-table-with-metal-frame-and-wooden-top-extendable-from-50-to-275-cm-tl050.html\",\"name\":\"Console blanche avec structure m\u00e9tallique et plateau en bois, extensible de 50 \u00e0 275 cm TL070 - Bagno Italia\",\"isPartOf\":{\"@id\":\"https:\/\/www.bagnoitalia.com\/fr#website\"},\"primaryImageOfPage\":{\"@id\":\"https:\/\/www.bagnoitalia.com\/fr\/produit\/white-console-table-with-metal-frame-and-wooden-top-extendable-from-50-to-275-cm-tl050.html#primaryimage\"},\"image\":{\"@id\":\"https:\/\/www.bagnoitalia.com\/fr\/produit\/white-console-table-with-metal-frame-and-wooden-top-extendable-from-50-to-275-cm-tl050.html#primaryimage\"},\"thumbnailUrl\":\"https:\/\/img.bagnoitalia.com\/wp-content\/uploads\/1-74.jpg\",\"datePublished\":\"2025-10-21T13:38:36+00:00\",\"dateModified\":\"2025-10-23T14:30:42+00:00\",\"breadcrumb\":{\"@id\":\"https:\/\/www.bagnoitalia.com\/fr\/produit\/white-console-table-with-metal-frame-and-wooden-top-extendable-from-50-to-275-cm-tl050.html#breadcrumb\"},\"inLanguage\":\"fr-FR\",\"potentialAction\":[{\"@type\":\"ReadAction\",\"target\":[\"https:\/\/www.bagnoitalia.com\/fr\/produit\/white-console-table-with-metal-frame-and-wooden-top-extendable-from-50-to-275-cm-tl050.html\"]}]},{\"@type\":\"ImageObject\",\"inLanguage\":\"fr-FR\",\"@id\":\"https:\/\/www.bagnoitalia.com\/fr\/produit\/white-console-table-with-metal-frame-and-wooden-top-extendable-from-50-to-275-cm-tl050.html#primaryimage\",\"url\":\"https:\/\/img.bagnoitalia.com\/wp-content\/uploads\/1-74.jpg\",\"contentUrl\":\"https:\/\/img.bagnoitalia.com\/wp-content\/uploads\/1-74.jpg\",\"width\":1000,\"height\":1000},{\"@type\":\"BreadcrumbList\",\"@id\":\"https:\/\/www.bagnoitalia.com\/fr\/produit\/white-console-table-with-metal-frame-and-wooden-top-extendable-from-50-to-275-cm-tl050.html#breadcrumb\",\"itemListElement\":[{\"@type\":\"ListItem\",\"position\":1,\"name\":\"Home\",\"item\":\"https:\/\/www.bagnoitalia.com\/fr\"},{\"@type\":\"ListItem\",\"position\":2,\"name\":\"Produits\",\"item\":\"https:\/\/www.bagnoitalia.com\/fr\/shop\"},{\"@type\":\"ListItem\",\"position\":3,\"name\":\"Console blanche avec structure m\u00e9tallique et plateau en bois, extensible de 50 \u00e0 275 cm TL070\"}]},{\"@type\":\"WebSite\",\"@id\":\"https:\/\/www.bagnoitalia.com\/fr#website\",\"url\":\"https:\/\/www.bagnoitalia.com\/fr\",\"name\":\"Bagno Italia\",\"description\":\"\",\"publisher\":{\"@id\":\"https:\/\/www.bagnoitalia.com\/fr#organization\"},\"potentialAction\":[{\"@type\":\"SearchAction\",\"target\":{\"@type\":\"EntryPoint\",\"urlTemplate\":\"https:\/\/www.bagnoitalia.com\/fr?s={search_term_string}\"},\"query-input\":{\"@type\":\"PropertyValueSpecification\",\"valueRequired\":true,\"valueName\":\"search_term_string\"}}],\"inLanguage\":\"fr-FR\"},{\"@type\":\"Organization\",\"@id\":\"https:\/\/www.bagnoitalia.com\/fr#organization\",\"name\":\"Bagno Italia\",\"url\":\"https:\/\/www.bagnoitalia.com\/fr\",\"logo\":{\"@type\":\"ImageObject\",\"inLanguage\":\"fr-FR\",\"@id\":\"https:\/\/www.bagnoitalia.com\/fr#\/schema\/logo\/image\/\",\"url\":\"https:\/\/img.bagnoitalia.com\/wp-content\/uploads\/logo-bagnoitalia.webp\",\"contentUrl\":\"https:\/\/img.bagnoitalia.com\/wp-content\/uploads\/logo-bagnoitalia.webp\",\"width\":400,\"height\":70,\"caption\":\"Bagno Italia\"},\"image\":{\"@id\":\"https:\/\/www.bagnoitalia.com\/fr#\/schema\/logo\/image\/\"}}]}<\/script>\n<!-- \/ Yoast SEO plugin. -->","yoast_head_json":{"title":"Console blanche avec structure m\u00e9tallique et plateau en bois, extensible de 50 \u00e0 275 cm TL070 - Bagno Italia","robots":{"index":"index","follow":"follow","max-snippet":"max-snippet:-1","max-image-preview":"max-image-preview:large","max-video-preview":"max-video-preview:-1"},"canonical":"https:\/\/www.bagnoitalia.com\/fr\/produit\/white-console-table-with-metal-frame-and-wooden-top-extendable-from-50-to-275-cm-tl050.html","og_locale":"fr_FR","og_type":"article","og_title":"Console blanche avec structure m\u00e9tallique et plateau en bois, extensible de 50 \u00e0 275 cm TL070 - Bagno Italia","og_description":"Table console de 50 cm enti\u00e8rement blanche. Peut \u00eatre transform\u00e9e en table \u00e0 manger gr\u00e2ce \u00e0 5 rallonges de 45 cm chacune. La structure est en m\u00e9tal, tandis que le plateau est en bois MDF.","og_url":"https:\/\/www.bagnoitalia.com\/fr\/produit\/white-console-table-with-metal-frame-and-wooden-top-extendable-from-50-to-275-cm-tl050.html","og_site_name":"Bagno Italia","article_modified_time":"2025-10-23T14:30:42+00:00","og_image":[{"width":1000,"height":1000,"url":"https:\/\/img.bagnoitalia.com\/wp-content\/uploads\/1-74.jpg","type":"image\/jpeg"}],"twitter_card":"summary_large_image","twitter_misc":{"Dur\u00e9e de lecture estim\u00e9e":"1 minute"},"schema":{"@context":"https:\/\/schema.org","@graph":[{"@type":"WebPage","@id":"https:\/\/www.bagnoitalia.com\/fr\/produit\/white-console-table-with-metal-frame-and-wooden-top-extendable-from-50-to-275-cm-tl050.html","url":"https:\/\/www.bagnoitalia.com\/fr\/produit\/white-console-table-with-metal-frame-and-wooden-top-extendable-from-50-to-275-cm-tl050.html","name":"Console blanche avec structure m\u00e9tallique et plateau en bois, extensible de 50 \u00e0 275 cm TL070 - Bagno Italia","isPartOf":{"@id":"https:\/\/www.bagnoitalia.com\/fr#website"},"primaryImageOfPage":{"@id":"https:\/\/www.bagnoitalia.com\/fr\/produit\/white-console-table-with-metal-frame-and-wooden-top-extendable-from-50-to-275-cm-tl050.html#primaryimage"},"image":{"@id":"https:\/\/www.bagnoitalia.com\/fr\/produit\/white-console-table-with-metal-frame-and-wooden-top-extendable-from-50-to-275-cm-tl050.html#primaryimage"},"thumbnailUrl":"https:\/\/img.bagnoitalia.com\/wp-content\/uploads\/1-74.jpg","datePublished":"2025-10-21T13:38:36+00:00","dateModified":"2025-10-23T14:30:42+00:00","breadcrumb":{"@id":"https:\/\/www.bagnoitalia.com\/fr\/produit\/white-console-table-with-metal-frame-and-wooden-top-extendable-from-50-to-275-cm-tl050.html#breadcrumb"},"inLanguage":"fr-FR","potentialAction":[{"@type":"ReadAction","target":["https:\/\/www.bagnoitalia.com\/fr\/produit\/white-console-table-with-metal-frame-and-wooden-top-extendable-from-50-to-275-cm-tl050.html"]}]},{"@type":"ImageObject","inLanguage":"fr-FR","@id":"https:\/\/www.bagnoitalia.com\/fr\/produit\/white-console-table-with-metal-frame-and-wooden-top-extendable-from-50-to-275-cm-tl050.html#primaryimage","url":"https:\/\/img.bagnoitalia.com\/wp-content\/uploads\/1-74.jpg","contentUrl":"https:\/\/img.bagnoitalia.com\/wp-content\/uploads\/1-74.jpg","width":1000,"height":1000},{"@type":"BreadcrumbList","@id":"https:\/\/www.bagnoitalia.com\/fr\/produit\/white-console-table-with-metal-frame-and-wooden-top-extendable-from-50-to-275-cm-tl050.html#breadcrumb","itemListElement":[{"@type":"ListItem","position":1,"name":"Home","item":"https:\/\/www.bagnoitalia.com\/fr"},{"@type":"ListItem","position":2,"name":"Produits","item":"https:\/\/www.bagnoitalia.com\/fr\/shop"},{"@type":"ListItem","position":3,"name":"Console blanche avec structure m\u00e9tallique et plateau en bois, extensible de 50 \u00e0 275 cm TL070"}]},{"@type":"WebSite","@id":"https:\/\/www.bagnoitalia.com\/fr#website","url":"https:\/\/www.bagnoitalia.com\/fr","name":"Bagno Italia","description":"","publisher":{"@id":"https:\/\/www.bagnoitalia.com\/fr#organization"},"potentialAction":[{"@type":"SearchAction","target":{"@type":"EntryPoint","urlTemplate":"https:\/\/www.bagnoitalia.com\/fr?s={search_term_string}"},"query-input":{"@type":"PropertyValueSpecification","valueRequired":true,"valueName":"search_term_string"}}],"inLanguage":"fr-FR"},{"@type":"Organization","@id":"https:\/\/www.bagnoitalia.com\/fr#organization","name":"Bagno Italia","url":"https:\/\/www.bagnoitalia.com\/fr","logo":{"@type":"ImageObject","inLanguage":"fr-FR","@id":"https:\/\/www.bagnoitalia.com\/fr#\/schema\/logo\/image\/","url":"https:\/\/img.bagnoitalia.com\/wp-content\/uploads\/logo-bagnoitalia.webp","contentUrl":"https:\/\/img.bagnoitalia.com\/wp-content\/uploads\/logo-bagnoitalia.webp","width":400,"height":70,"caption":"Bagno Italia"},"image":{"@id":"https:\/\/www.bagnoitalia.com\/fr#\/schema\/logo\/image\/"}}]}},"_links":{"self":[{"href":"https:\/\/www.bagnoitalia.com\/fr\/wp-json\/wp\/v2\/product\/113439","targetHints":{"allow":["GET"]}}],"collection":[{"href":"https:\/\/www.bagnoitalia.com\/fr\/wp-json\/wp\/v2\/product"}],"about":[{"href":"https:\/\/www.bagnoitalia.com\/fr\/wp-json\/wp\/v2\/types\/product"}],"replies":[{"embeddable":true,"href":"https:\/\/www.bagnoitalia.com\/fr\/wp-json\/wp\/v2\/comments?post=113439"}],"version-history":[{"count":6,"href":"https:\/\/www.bagnoitalia.com\/fr\/wp-json\/wp\/v2\/product\/113439\/revisions"}],"predecessor-version":[{"id":113653,"href":"https:\/\/www.bagnoitalia.com\/fr\/wp-json\/wp\/v2\/product\/113439\/revisions\/113653"}],"wp:featuredmedia":[{"embeddable":true,"href":"https:\/\/www.bagnoitalia.com\/fr\/wp-json\/wp\/v2\/media\/113415"}],"wp:attachment":[{"href":"https:\/\/www.bagnoitalia.com\/fr\/wp-json\/wp\/v2\/media?parent=113439"}],"wp:term":[{"taxonomy":"product_brand","embeddable":true,"href":"https:\/\/www.bagnoitalia.com\/fr\/wp-json\/wp\/v2\/product_brand?post=113439"},{"taxonomy":"product_cat","embeddable":true,"href":"https:\/\/www.bagnoitalia.com\/fr\/wp-json\/wp\/v2\/product_cat?post=113439"},{"taxonomy":"product_tag","embeddable":true,"href":"https:\/\/www.bagnoitalia.com\/fr\/wp-json\/wp\/v2\/product_tag?post=113439"}],"curies":[{"name":"wp","href":"https:\/\/api.w.org\/{rel}","templated":true}]}}