{"id":113356,"date":"2025-10-21T15:05:32","date_gmt":"2025-10-21T13:05:32","guid":{"rendered":"https:\/\/www.bagnoitalia.com\/black-metal-console-table-with-wooden-top-extendable-from-50-to-230-cm-tl048.html"},"modified":"2025-10-23T16:28:42","modified_gmt":"2025-10-23T14:28:42","slug":"black-metal-console-table-with-wooden-top-extendable-from-50-to-230-cm-tl048","status":"publish","type":"product","link":"https:\/\/www.bagnoitalia.com\/fr\/produit\/black-metal-console-table-with-wooden-top-extendable-from-50-to-230-cm-tl048.html","title":{"rendered":"Console en m\u00e9tal noir avec plateau en bois, extensible de 50 \u00e0 230 cm TL068"},"content":{"rendered":"<p>TABLE RALLONGABLE 50-230 cm \u00ab TL068 \u00bb<\/p>\n<p>&nbsp;<\/p>\n<p>Table console 50 x 90 cm pouvant \u00eatre transform\u00e9e en table \u00e0 manger aux dimensions suivantes : 95 x 90 cm (avec 1 rallonge), 140 x 90 cm (avec 2 rallonges), 185 x 90 cm (avec 3 rallonges), 230 x 90 cm (avec 4 rallonges)<\/p>\n<p>DIMENSIONS<\/p>\n<p>Longueur minimale 50 cm<\/p>\n<p>4 rallonges de 45 cm chacune<\/p>\n<p>Longueur maximale 230 cm<\/p>\n<p>Profondeur 90 cm<\/p>\n<p>Hauteur totale 75 cm<\/p>\n<p>MAT\u00c9RIAUX<\/p>\n<p>Structure en m\u00e9tal, couleur noire<\/p>\n<p>Plateau en bois MDF<\/p>\n<p>&nbsp;<\/p>\n<p>NB : les chaises ne sont PAS incluses dans l&rsquo;offre.<\/p>\n<p>&nbsp;<\/p>\n<p>&nbsp;<\/p>\n<p>&nbsp;<\/p>\n<p>&nbsp;<\/p>\n<p>&nbsp;<\/p>\n<p>&nbsp;<\/p>\n<p>&nbsp;<\/p>\n<p>&nbsp;<\/p>\n<p>&nbsp;<\/p>\n<p>&nbsp;<\/p>\n<p>Breeze BRZ-23<\/p>\n","protected":false},"excerpt":{"rendered":"<p>Table console de 50 cm pouvant \u00eatre transform\u00e9e en table \u00e0 manger gr\u00e2ce \u00e0 quatre rallonges de 45 cm. Le pi\u00e8tement est en m\u00e9tal noir, tandis que le plateau est en bois MDF.<\/p>\n","protected":false},"featured_media":113335,"comment_status":"open","ping_status":"closed","template":"","meta":[],"product_brand":[9882],"product_cat":[10006],"product_tag":[],"class_list":{"0":"post-113356","1":"product","2":"type-product","3":"status-publish","4":"has-post-thumbnail","6":"product_brand-deghi-fr","7":"product_cat-tables-fr","9":"first","10":"instock","11":"sale","12":"taxable","13":"shipping-taxable","14":"purchasable","15":"product-type-simple"},"exclude_global_add_ons":[],"addons":[],"yoast_head":"<!-- This site is optimized with the Yoast SEO plugin v26.7 - https:\/\/yoast.com\/wordpress\/plugins\/seo\/ -->\n<title>Console en m\u00e9tal noir avec plateau en bois, extensible de 50 \u00e0 230 cm TL068 - Bagno Italia<\/title>\n<meta name=\"robots\" content=\"index, follow, max-snippet:-1, max-image-preview:large, max-video-preview:-1\" \/>\n<link rel=\"canonical\" href=\"https:\/\/www.bagnoitalia.com\/fr\/produit\/black-metal-console-table-with-wooden-top-extendable-from-50-to-230-cm-tl048.html\" \/>\n<meta property=\"og:locale\" content=\"fr_FR\" \/>\n<meta property=\"og:type\" content=\"article\" \/>\n<meta property=\"og:title\" content=\"Console en m\u00e9tal noir avec plateau en bois, extensible de 50 \u00e0 230 cm TL068 - Bagno Italia\" \/>\n<meta property=\"og:description\" content=\"Table console de 50 cm pouvant \u00eatre transform\u00e9e en table \u00e0 manger gr\u00e2ce \u00e0 quatre rallonges de 45 cm. Le pi\u00e8tement est en m\u00e9tal noir, tandis que le plateau est en bois MDF.\" \/>\n<meta property=\"og:url\" content=\"https:\/\/www.bagnoitalia.com\/fr\/produit\/black-metal-console-table-with-wooden-top-extendable-from-50-to-230-cm-tl048.html\" \/>\n<meta property=\"og:site_name\" content=\"Bagno Italia\" \/>\n<meta property=\"article:modified_time\" content=\"2025-10-23T14:28:42+00:00\" \/>\n<meta property=\"og:image\" content=\"https:\/\/img.bagnoitalia.com\/wp-content\/uploads\/1-72.jpg\" \/>\n\t<meta property=\"og:image:width\" content=\"1000\" \/>\n\t<meta property=\"og:image:height\" content=\"1000\" \/>\n\t<meta property=\"og:image:type\" content=\"image\/jpeg\" \/>\n<meta name=\"twitter:card\" content=\"summary_large_image\" \/>\n<meta name=\"twitter:label1\" content=\"Dur\u00e9e de lecture estim\u00e9e\" \/>\n\t<meta name=\"twitter:data1\" content=\"1 minute\" \/>\n<script type=\"application\/ld+json\" class=\"yoast-schema-graph\">{\"@context\":\"https:\/\/schema.org\",\"@graph\":[{\"@type\":\"WebPage\",\"@id\":\"https:\/\/www.bagnoitalia.com\/fr\/produit\/black-metal-console-table-with-wooden-top-extendable-from-50-to-230-cm-tl048.html\",\"url\":\"https:\/\/www.bagnoitalia.com\/fr\/produit\/black-metal-console-table-with-wooden-top-extendable-from-50-to-230-cm-tl048.html\",\"name\":\"Console en m\u00e9tal noir avec plateau en bois, extensible de 50 \u00e0 230 cm TL068 - Bagno Italia\",\"isPartOf\":{\"@id\":\"https:\/\/www.bagnoitalia.com\/fr#website\"},\"primaryImageOfPage\":{\"@id\":\"https:\/\/www.bagnoitalia.com\/fr\/produit\/black-metal-console-table-with-wooden-top-extendable-from-50-to-230-cm-tl048.html#primaryimage\"},\"image\":{\"@id\":\"https:\/\/www.bagnoitalia.com\/fr\/produit\/black-metal-console-table-with-wooden-top-extendable-from-50-to-230-cm-tl048.html#primaryimage\"},\"thumbnailUrl\":\"https:\/\/img.bagnoitalia.com\/wp-content\/uploads\/1-72.jpg\",\"datePublished\":\"2025-10-21T13:05:32+00:00\",\"dateModified\":\"2025-10-23T14:28:42+00:00\",\"breadcrumb\":{\"@id\":\"https:\/\/www.bagnoitalia.com\/fr\/produit\/black-metal-console-table-with-wooden-top-extendable-from-50-to-230-cm-tl048.html#breadcrumb\"},\"inLanguage\":\"fr-FR\",\"potentialAction\":[{\"@type\":\"ReadAction\",\"target\":[\"https:\/\/www.bagnoitalia.com\/fr\/produit\/black-metal-console-table-with-wooden-top-extendable-from-50-to-230-cm-tl048.html\"]}]},{\"@type\":\"ImageObject\",\"inLanguage\":\"fr-FR\",\"@id\":\"https:\/\/www.bagnoitalia.com\/fr\/produit\/black-metal-console-table-with-wooden-top-extendable-from-50-to-230-cm-tl048.html#primaryimage\",\"url\":\"https:\/\/img.bagnoitalia.com\/wp-content\/uploads\/1-72.jpg\",\"contentUrl\":\"https:\/\/img.bagnoitalia.com\/wp-content\/uploads\/1-72.jpg\",\"width\":1000,\"height\":1000},{\"@type\":\"BreadcrumbList\",\"@id\":\"https:\/\/www.bagnoitalia.com\/fr\/produit\/black-metal-console-table-with-wooden-top-extendable-from-50-to-230-cm-tl048.html#breadcrumb\",\"itemListElement\":[{\"@type\":\"ListItem\",\"position\":1,\"name\":\"Home\",\"item\":\"https:\/\/www.bagnoitalia.com\/fr\"},{\"@type\":\"ListItem\",\"position\":2,\"name\":\"Produits\",\"item\":\"https:\/\/www.bagnoitalia.com\/fr\/shop\"},{\"@type\":\"ListItem\",\"position\":3,\"name\":\"Console en m\u00e9tal noir avec plateau en bois, extensible de 50 \u00e0 230 cm TL068\"}]},{\"@type\":\"WebSite\",\"@id\":\"https:\/\/www.bagnoitalia.com\/fr#website\",\"url\":\"https:\/\/www.bagnoitalia.com\/fr\",\"name\":\"Bagno Italia\",\"description\":\"\",\"publisher\":{\"@id\":\"https:\/\/www.bagnoitalia.com\/fr#organization\"},\"potentialAction\":[{\"@type\":\"SearchAction\",\"target\":{\"@type\":\"EntryPoint\",\"urlTemplate\":\"https:\/\/www.bagnoitalia.com\/fr?s={search_term_string}\"},\"query-input\":{\"@type\":\"PropertyValueSpecification\",\"valueRequired\":true,\"valueName\":\"search_term_string\"}}],\"inLanguage\":\"fr-FR\"},{\"@type\":\"Organization\",\"@id\":\"https:\/\/www.bagnoitalia.com\/fr#organization\",\"name\":\"Bagno Italia\",\"url\":\"https:\/\/www.bagnoitalia.com\/fr\",\"logo\":{\"@type\":\"ImageObject\",\"inLanguage\":\"fr-FR\",\"@id\":\"https:\/\/www.bagnoitalia.com\/fr#\/schema\/logo\/image\/\",\"url\":\"https:\/\/img.bagnoitalia.com\/wp-content\/uploads\/logo-bagnoitalia.webp\",\"contentUrl\":\"https:\/\/img.bagnoitalia.com\/wp-content\/uploads\/logo-bagnoitalia.webp\",\"width\":400,\"height\":70,\"caption\":\"Bagno Italia\"},\"image\":{\"@id\":\"https:\/\/www.bagnoitalia.com\/fr#\/schema\/logo\/image\/\"}}]}<\/script>\n<!-- \/ Yoast SEO plugin. -->","yoast_head_json":{"title":"Console en m\u00e9tal noir avec plateau en bois, extensible de 50 \u00e0 230 cm TL068 - Bagno Italia","robots":{"index":"index","follow":"follow","max-snippet":"max-snippet:-1","max-image-preview":"max-image-preview:large","max-video-preview":"max-video-preview:-1"},"canonical":"https:\/\/www.bagnoitalia.com\/fr\/produit\/black-metal-console-table-with-wooden-top-extendable-from-50-to-230-cm-tl048.html","og_locale":"fr_FR","og_type":"article","og_title":"Console en m\u00e9tal noir avec plateau en bois, extensible de 50 \u00e0 230 cm TL068 - Bagno Italia","og_description":"Table console de 50 cm pouvant \u00eatre transform\u00e9e en table \u00e0 manger gr\u00e2ce \u00e0 quatre rallonges de 45 cm. Le pi\u00e8tement est en m\u00e9tal noir, tandis que le plateau est en bois MDF.","og_url":"https:\/\/www.bagnoitalia.com\/fr\/produit\/black-metal-console-table-with-wooden-top-extendable-from-50-to-230-cm-tl048.html","og_site_name":"Bagno Italia","article_modified_time":"2025-10-23T14:28:42+00:00","og_image":[{"width":1000,"height":1000,"url":"https:\/\/img.bagnoitalia.com\/wp-content\/uploads\/1-72.jpg","type":"image\/jpeg"}],"twitter_card":"summary_large_image","twitter_misc":{"Dur\u00e9e de lecture estim\u00e9e":"1 minute"},"schema":{"@context":"https:\/\/schema.org","@graph":[{"@type":"WebPage","@id":"https:\/\/www.bagnoitalia.com\/fr\/produit\/black-metal-console-table-with-wooden-top-extendable-from-50-to-230-cm-tl048.html","url":"https:\/\/www.bagnoitalia.com\/fr\/produit\/black-metal-console-table-with-wooden-top-extendable-from-50-to-230-cm-tl048.html","name":"Console en m\u00e9tal noir avec plateau en bois, extensible de 50 \u00e0 230 cm TL068 - Bagno Italia","isPartOf":{"@id":"https:\/\/www.bagnoitalia.com\/fr#website"},"primaryImageOfPage":{"@id":"https:\/\/www.bagnoitalia.com\/fr\/produit\/black-metal-console-table-with-wooden-top-extendable-from-50-to-230-cm-tl048.html#primaryimage"},"image":{"@id":"https:\/\/www.bagnoitalia.com\/fr\/produit\/black-metal-console-table-with-wooden-top-extendable-from-50-to-230-cm-tl048.html#primaryimage"},"thumbnailUrl":"https:\/\/img.bagnoitalia.com\/wp-content\/uploads\/1-72.jpg","datePublished":"2025-10-21T13:05:32+00:00","dateModified":"2025-10-23T14:28:42+00:00","breadcrumb":{"@id":"https:\/\/www.bagnoitalia.com\/fr\/produit\/black-metal-console-table-with-wooden-top-extendable-from-50-to-230-cm-tl048.html#breadcrumb"},"inLanguage":"fr-FR","potentialAction":[{"@type":"ReadAction","target":["https:\/\/www.bagnoitalia.com\/fr\/produit\/black-metal-console-table-with-wooden-top-extendable-from-50-to-230-cm-tl048.html"]}]},{"@type":"ImageObject","inLanguage":"fr-FR","@id":"https:\/\/www.bagnoitalia.com\/fr\/produit\/black-metal-console-table-with-wooden-top-extendable-from-50-to-230-cm-tl048.html#primaryimage","url":"https:\/\/img.bagnoitalia.com\/wp-content\/uploads\/1-72.jpg","contentUrl":"https:\/\/img.bagnoitalia.com\/wp-content\/uploads\/1-72.jpg","width":1000,"height":1000},{"@type":"BreadcrumbList","@id":"https:\/\/www.bagnoitalia.com\/fr\/produit\/black-metal-console-table-with-wooden-top-extendable-from-50-to-230-cm-tl048.html#breadcrumb","itemListElement":[{"@type":"ListItem","position":1,"name":"Home","item":"https:\/\/www.bagnoitalia.com\/fr"},{"@type":"ListItem","position":2,"name":"Produits","item":"https:\/\/www.bagnoitalia.com\/fr\/shop"},{"@type":"ListItem","position":3,"name":"Console en m\u00e9tal noir avec plateau en bois, extensible de 50 \u00e0 230 cm TL068"}]},{"@type":"WebSite","@id":"https:\/\/www.bagnoitalia.com\/fr#website","url":"https:\/\/www.bagnoitalia.com\/fr","name":"Bagno Italia","description":"","publisher":{"@id":"https:\/\/www.bagnoitalia.com\/fr#organization"},"potentialAction":[{"@type":"SearchAction","target":{"@type":"EntryPoint","urlTemplate":"https:\/\/www.bagnoitalia.com\/fr?s={search_term_string}"},"query-input":{"@type":"PropertyValueSpecification","valueRequired":true,"valueName":"search_term_string"}}],"inLanguage":"fr-FR"},{"@type":"Organization","@id":"https:\/\/www.bagnoitalia.com\/fr#organization","name":"Bagno Italia","url":"https:\/\/www.bagnoitalia.com\/fr","logo":{"@type":"ImageObject","inLanguage":"fr-FR","@id":"https:\/\/www.bagnoitalia.com\/fr#\/schema\/logo\/image\/","url":"https:\/\/img.bagnoitalia.com\/wp-content\/uploads\/logo-bagnoitalia.webp","contentUrl":"https:\/\/img.bagnoitalia.com\/wp-content\/uploads\/logo-bagnoitalia.webp","width":400,"height":70,"caption":"Bagno Italia"},"image":{"@id":"https:\/\/www.bagnoitalia.com\/fr#\/schema\/logo\/image\/"}}]}},"_links":{"self":[{"href":"https:\/\/www.bagnoitalia.com\/fr\/wp-json\/wp\/v2\/product\/113356","targetHints":{"allow":["GET"]}}],"collection":[{"href":"https:\/\/www.bagnoitalia.com\/fr\/wp-json\/wp\/v2\/product"}],"about":[{"href":"https:\/\/www.bagnoitalia.com\/fr\/wp-json\/wp\/v2\/types\/product"}],"replies":[{"embeddable":true,"href":"https:\/\/www.bagnoitalia.com\/fr\/wp-json\/wp\/v2\/comments?post=113356"}],"version-history":[{"count":3,"href":"https:\/\/www.bagnoitalia.com\/fr\/wp-json\/wp\/v2\/product\/113356\/revisions"}],"predecessor-version":[{"id":113632,"href":"https:\/\/www.bagnoitalia.com\/fr\/wp-json\/wp\/v2\/product\/113356\/revisions\/113632"}],"wp:featuredmedia":[{"embeddable":true,"href":"https:\/\/www.bagnoitalia.com\/fr\/wp-json\/wp\/v2\/media\/113335"}],"wp:attachment":[{"href":"https:\/\/www.bagnoitalia.com\/fr\/wp-json\/wp\/v2\/media?parent=113356"}],"wp:term":[{"taxonomy":"product_brand","embeddable":true,"href":"https:\/\/www.bagnoitalia.com\/fr\/wp-json\/wp\/v2\/product_brand?post=113356"},{"taxonomy":"product_cat","embeddable":true,"href":"https:\/\/www.bagnoitalia.com\/fr\/wp-json\/wp\/v2\/product_cat?post=113356"},{"taxonomy":"product_tag","embeddable":true,"href":"https:\/\/www.bagnoitalia.com\/fr\/wp-json\/wp\/v2\/product_tag?post=113356"}],"curies":[{"name":"wp","href":"https:\/\/api.w.org\/{rel}","templated":true}]}}