{"id":113133,"date":"2025-10-20T14:36:26","date_gmt":"2025-10-20T12:36:26","guid":{"rendered":"https:\/\/www.bagnoitalia.com\/extendable-console-table-from-50-to-275-cm-with-black-metal-frame-and-wooden-top-tl042.html"},"modified":"2025-10-23T16:23:12","modified_gmt":"2025-10-23T14:23:12","slug":"extendable-console-table-from-50-to-275-cm-with-black-metal-frame-and-wooden-top-tl042","status":"publish","type":"product","link":"https:\/\/www.bagnoitalia.com\/fr\/produit\/extendable-console-table-from-50-to-275-cm-with-black-metal-frame-and-wooden-top-tl042.html","title":{"rendered":"Table console extensible de 50 \u00e0 275 cm avec structure en m\u00e9tal noir et plateau en bois TL062"},"content":{"rendered":"<p>TABLE RALLONGABLE 50-275 CM \u00ab TL062 \u00bb<\/p>\n<p>&nbsp;<\/p>\n<p>Table console 50&#215;90 cm pouvant \u00eatre transform\u00e9e en table \u00e0 manger de 95&#215;90 cm (avec 1 rallonge), 140&#215;90 cm (avec 2 rallonges), 185&#215;90 cm (avec 3 rallonges), 230&#215;90 cm (avec 4 rallonges) ou 275&#215;90 cm (avec 5 rallonges)<\/p>\n<p>&nbsp;<\/p>\n<p>DIMENSIONS<\/p>\n<p>Longueur minimale 50 cm<\/p>\n<p>5 rallonges de 45 cm chacune<\/p>\n<p>Longueur maximale 275 cm<\/p>\n<p>Profondeur 90 cm<\/p>\n<p>Hauteur totale 75 cm<\/p>\n<p>Plateau de 18 mm d&rsquo;\u00e9paisseur<\/p>\n<p>&nbsp;<\/p>\n<p>MAT\u00c9RIAUX<\/p>\n<p>Structure en m\u00e9tal, couleur noire<\/p>\n<p>Plateau en bois MDF<\/p>\n<p>&nbsp;<\/p>\n<p>NB : les chaises ne sont PAS incluses dans l&rsquo;offre.<\/p>\n<p>&nbsp;<\/p>\n<p>&nbsp;<\/p>\n<p>&nbsp;<\/p>\n<p>&nbsp;<\/p>\n<p>&nbsp;<\/p>\n<p>&nbsp;<\/p>\n<p>&nbsp;<\/p>\n<p>&nbsp;<\/p>\n<p>&nbsp;<\/p>\n<p>&nbsp;<\/p>\n<p>&nbsp;<\/p>\n<p>&nbsp;<\/p>\n<p>&nbsp;<\/p>\n<p>Breeze BRZ-52<\/p>\n","protected":false},"excerpt":{"rendered":"<p>Table console de 50 cm pouvant \u00eatre transform\u00e9e en table \u00e0 manger gr\u00e2ce \u00e0 5 rallonges de 45 cm chacune. Le pi\u00e8tement est en m\u00e9tal noir, tandis que le plateau est en bois MDF.<\/p>\n","protected":false},"featured_media":113108,"comment_status":"open","ping_status":"closed","template":"","meta":[],"product_brand":[9882],"product_cat":[10006],"product_tag":[],"class_list":{"0":"post-113133","1":"product","2":"type-product","3":"status-publish","4":"has-post-thumbnail","6":"product_brand-deghi-fr","7":"product_cat-tables-fr","9":"first","10":"instock","11":"sale","12":"taxable","13":"shipping-taxable","14":"purchasable","15":"product-type-simple"},"exclude_global_add_ons":[],"addons":[],"yoast_head":"<!-- This site is optimized with the Yoast SEO plugin v26.7 - https:\/\/yoast.com\/wordpress\/plugins\/seo\/ -->\n<title>Table console extensible de 50 \u00e0 275 cm avec structure en m\u00e9tal noir et plateau en bois TL062 - Bagno Italia<\/title>\n<meta name=\"robots\" content=\"index, follow, max-snippet:-1, max-image-preview:large, max-video-preview:-1\" \/>\n<link rel=\"canonical\" href=\"https:\/\/www.bagnoitalia.com\/fr\/produit\/extendable-console-table-from-50-to-275-cm-with-black-metal-frame-and-wooden-top-tl042.html\" \/>\n<meta property=\"og:locale\" content=\"fr_FR\" \/>\n<meta property=\"og:type\" content=\"article\" \/>\n<meta property=\"og:title\" content=\"Table console extensible de 50 \u00e0 275 cm avec structure en m\u00e9tal noir et plateau en bois TL062 - Bagno Italia\" \/>\n<meta property=\"og:description\" content=\"Table console de 50 cm pouvant \u00eatre transform\u00e9e en table \u00e0 manger gr\u00e2ce \u00e0 5 rallonges de 45 cm chacune. Le pi\u00e8tement est en m\u00e9tal noir, tandis que le plateau est en bois MDF.\" \/>\n<meta property=\"og:url\" content=\"https:\/\/www.bagnoitalia.com\/fr\/produit\/extendable-console-table-from-50-to-275-cm-with-black-metal-frame-and-wooden-top-tl042.html\" \/>\n<meta property=\"og:site_name\" content=\"Bagno Italia\" \/>\n<meta property=\"article:modified_time\" content=\"2025-10-23T14:23:12+00:00\" \/>\n<meta property=\"og:image\" content=\"https:\/\/img.bagnoitalia.com\/wp-content\/uploads\/1-66.jpg\" \/>\n\t<meta property=\"og:image:width\" content=\"1000\" \/>\n\t<meta property=\"og:image:height\" content=\"1000\" \/>\n\t<meta property=\"og:image:type\" content=\"image\/jpeg\" \/>\n<meta name=\"twitter:card\" content=\"summary_large_image\" \/>\n<meta name=\"twitter:label1\" content=\"Dur\u00e9e de lecture estim\u00e9e\" \/>\n\t<meta name=\"twitter:data1\" content=\"1 minute\" \/>\n<script type=\"application\/ld+json\" class=\"yoast-schema-graph\">{\"@context\":\"https:\/\/schema.org\",\"@graph\":[{\"@type\":\"WebPage\",\"@id\":\"https:\/\/www.bagnoitalia.com\/fr\/produit\/extendable-console-table-from-50-to-275-cm-with-black-metal-frame-and-wooden-top-tl042.html\",\"url\":\"https:\/\/www.bagnoitalia.com\/fr\/produit\/extendable-console-table-from-50-to-275-cm-with-black-metal-frame-and-wooden-top-tl042.html\",\"name\":\"Table console extensible de 50 \u00e0 275 cm avec structure en m\u00e9tal noir et plateau en bois TL062 - Bagno Italia\",\"isPartOf\":{\"@id\":\"https:\/\/www.bagnoitalia.com\/fr#website\"},\"primaryImageOfPage\":{\"@id\":\"https:\/\/www.bagnoitalia.com\/fr\/produit\/extendable-console-table-from-50-to-275-cm-with-black-metal-frame-and-wooden-top-tl042.html#primaryimage\"},\"image\":{\"@id\":\"https:\/\/www.bagnoitalia.com\/fr\/produit\/extendable-console-table-from-50-to-275-cm-with-black-metal-frame-and-wooden-top-tl042.html#primaryimage\"},\"thumbnailUrl\":\"https:\/\/img.bagnoitalia.com\/wp-content\/uploads\/1-66.jpg\",\"datePublished\":\"2025-10-20T12:36:26+00:00\",\"dateModified\":\"2025-10-23T14:23:12+00:00\",\"breadcrumb\":{\"@id\":\"https:\/\/www.bagnoitalia.com\/fr\/produit\/extendable-console-table-from-50-to-275-cm-with-black-metal-frame-and-wooden-top-tl042.html#breadcrumb\"},\"inLanguage\":\"fr-FR\",\"potentialAction\":[{\"@type\":\"ReadAction\",\"target\":[\"https:\/\/www.bagnoitalia.com\/fr\/produit\/extendable-console-table-from-50-to-275-cm-with-black-metal-frame-and-wooden-top-tl042.html\"]}]},{\"@type\":\"ImageObject\",\"inLanguage\":\"fr-FR\",\"@id\":\"https:\/\/www.bagnoitalia.com\/fr\/produit\/extendable-console-table-from-50-to-275-cm-with-black-metal-frame-and-wooden-top-tl042.html#primaryimage\",\"url\":\"https:\/\/img.bagnoitalia.com\/wp-content\/uploads\/1-66.jpg\",\"contentUrl\":\"https:\/\/img.bagnoitalia.com\/wp-content\/uploads\/1-66.jpg\",\"width\":1000,\"height\":1000},{\"@type\":\"BreadcrumbList\",\"@id\":\"https:\/\/www.bagnoitalia.com\/fr\/produit\/extendable-console-table-from-50-to-275-cm-with-black-metal-frame-and-wooden-top-tl042.html#breadcrumb\",\"itemListElement\":[{\"@type\":\"ListItem\",\"position\":1,\"name\":\"Home\",\"item\":\"https:\/\/www.bagnoitalia.com\/fr\"},{\"@type\":\"ListItem\",\"position\":2,\"name\":\"Produits\",\"item\":\"https:\/\/www.bagnoitalia.com\/fr\/shop\"},{\"@type\":\"ListItem\",\"position\":3,\"name\":\"Table console extensible de 50 \u00e0 275 cm avec structure en m\u00e9tal noir et plateau en bois TL062\"}]},{\"@type\":\"WebSite\",\"@id\":\"https:\/\/www.bagnoitalia.com\/fr#website\",\"url\":\"https:\/\/www.bagnoitalia.com\/fr\",\"name\":\"Bagno Italia\",\"description\":\"\",\"publisher\":{\"@id\":\"https:\/\/www.bagnoitalia.com\/fr#organization\"},\"potentialAction\":[{\"@type\":\"SearchAction\",\"target\":{\"@type\":\"EntryPoint\",\"urlTemplate\":\"https:\/\/www.bagnoitalia.com\/fr?s={search_term_string}\"},\"query-input\":{\"@type\":\"PropertyValueSpecification\",\"valueRequired\":true,\"valueName\":\"search_term_string\"}}],\"inLanguage\":\"fr-FR\"},{\"@type\":\"Organization\",\"@id\":\"https:\/\/www.bagnoitalia.com\/fr#organization\",\"name\":\"Bagno Italia\",\"url\":\"https:\/\/www.bagnoitalia.com\/fr\",\"logo\":{\"@type\":\"ImageObject\",\"inLanguage\":\"fr-FR\",\"@id\":\"https:\/\/www.bagnoitalia.com\/fr#\/schema\/logo\/image\/\",\"url\":\"https:\/\/img.bagnoitalia.com\/wp-content\/uploads\/logo-bagnoitalia.webp\",\"contentUrl\":\"https:\/\/img.bagnoitalia.com\/wp-content\/uploads\/logo-bagnoitalia.webp\",\"width\":400,\"height\":70,\"caption\":\"Bagno Italia\"},\"image\":{\"@id\":\"https:\/\/www.bagnoitalia.com\/fr#\/schema\/logo\/image\/\"}}]}<\/script>\n<!-- \/ Yoast SEO plugin. -->","yoast_head_json":{"title":"Table console extensible de 50 \u00e0 275 cm avec structure en m\u00e9tal noir et plateau en bois TL062 - Bagno Italia","robots":{"index":"index","follow":"follow","max-snippet":"max-snippet:-1","max-image-preview":"max-image-preview:large","max-video-preview":"max-video-preview:-1"},"canonical":"https:\/\/www.bagnoitalia.com\/fr\/produit\/extendable-console-table-from-50-to-275-cm-with-black-metal-frame-and-wooden-top-tl042.html","og_locale":"fr_FR","og_type":"article","og_title":"Table console extensible de 50 \u00e0 275 cm avec structure en m\u00e9tal noir et plateau en bois TL062 - Bagno Italia","og_description":"Table console de 50 cm pouvant \u00eatre transform\u00e9e en table \u00e0 manger gr\u00e2ce \u00e0 5 rallonges de 45 cm chacune. Le pi\u00e8tement est en m\u00e9tal noir, tandis que le plateau est en bois MDF.","og_url":"https:\/\/www.bagnoitalia.com\/fr\/produit\/extendable-console-table-from-50-to-275-cm-with-black-metal-frame-and-wooden-top-tl042.html","og_site_name":"Bagno Italia","article_modified_time":"2025-10-23T14:23:12+00:00","og_image":[{"width":1000,"height":1000,"url":"https:\/\/img.bagnoitalia.com\/wp-content\/uploads\/1-66.jpg","type":"image\/jpeg"}],"twitter_card":"summary_large_image","twitter_misc":{"Dur\u00e9e de lecture estim\u00e9e":"1 minute"},"schema":{"@context":"https:\/\/schema.org","@graph":[{"@type":"WebPage","@id":"https:\/\/www.bagnoitalia.com\/fr\/produit\/extendable-console-table-from-50-to-275-cm-with-black-metal-frame-and-wooden-top-tl042.html","url":"https:\/\/www.bagnoitalia.com\/fr\/produit\/extendable-console-table-from-50-to-275-cm-with-black-metal-frame-and-wooden-top-tl042.html","name":"Table console extensible de 50 \u00e0 275 cm avec structure en m\u00e9tal noir et plateau en bois TL062 - Bagno Italia","isPartOf":{"@id":"https:\/\/www.bagnoitalia.com\/fr#website"},"primaryImageOfPage":{"@id":"https:\/\/www.bagnoitalia.com\/fr\/produit\/extendable-console-table-from-50-to-275-cm-with-black-metal-frame-and-wooden-top-tl042.html#primaryimage"},"image":{"@id":"https:\/\/www.bagnoitalia.com\/fr\/produit\/extendable-console-table-from-50-to-275-cm-with-black-metal-frame-and-wooden-top-tl042.html#primaryimage"},"thumbnailUrl":"https:\/\/img.bagnoitalia.com\/wp-content\/uploads\/1-66.jpg","datePublished":"2025-10-20T12:36:26+00:00","dateModified":"2025-10-23T14:23:12+00:00","breadcrumb":{"@id":"https:\/\/www.bagnoitalia.com\/fr\/produit\/extendable-console-table-from-50-to-275-cm-with-black-metal-frame-and-wooden-top-tl042.html#breadcrumb"},"inLanguage":"fr-FR","potentialAction":[{"@type":"ReadAction","target":["https:\/\/www.bagnoitalia.com\/fr\/produit\/extendable-console-table-from-50-to-275-cm-with-black-metal-frame-and-wooden-top-tl042.html"]}]},{"@type":"ImageObject","inLanguage":"fr-FR","@id":"https:\/\/www.bagnoitalia.com\/fr\/produit\/extendable-console-table-from-50-to-275-cm-with-black-metal-frame-and-wooden-top-tl042.html#primaryimage","url":"https:\/\/img.bagnoitalia.com\/wp-content\/uploads\/1-66.jpg","contentUrl":"https:\/\/img.bagnoitalia.com\/wp-content\/uploads\/1-66.jpg","width":1000,"height":1000},{"@type":"BreadcrumbList","@id":"https:\/\/www.bagnoitalia.com\/fr\/produit\/extendable-console-table-from-50-to-275-cm-with-black-metal-frame-and-wooden-top-tl042.html#breadcrumb","itemListElement":[{"@type":"ListItem","position":1,"name":"Home","item":"https:\/\/www.bagnoitalia.com\/fr"},{"@type":"ListItem","position":2,"name":"Produits","item":"https:\/\/www.bagnoitalia.com\/fr\/shop"},{"@type":"ListItem","position":3,"name":"Table console extensible de 50 \u00e0 275 cm avec structure en m\u00e9tal noir et plateau en bois TL062"}]},{"@type":"WebSite","@id":"https:\/\/www.bagnoitalia.com\/fr#website","url":"https:\/\/www.bagnoitalia.com\/fr","name":"Bagno Italia","description":"","publisher":{"@id":"https:\/\/www.bagnoitalia.com\/fr#organization"},"potentialAction":[{"@type":"SearchAction","target":{"@type":"EntryPoint","urlTemplate":"https:\/\/www.bagnoitalia.com\/fr?s={search_term_string}"},"query-input":{"@type":"PropertyValueSpecification","valueRequired":true,"valueName":"search_term_string"}}],"inLanguage":"fr-FR"},{"@type":"Organization","@id":"https:\/\/www.bagnoitalia.com\/fr#organization","name":"Bagno Italia","url":"https:\/\/www.bagnoitalia.com\/fr","logo":{"@type":"ImageObject","inLanguage":"fr-FR","@id":"https:\/\/www.bagnoitalia.com\/fr#\/schema\/logo\/image\/","url":"https:\/\/img.bagnoitalia.com\/wp-content\/uploads\/logo-bagnoitalia.webp","contentUrl":"https:\/\/img.bagnoitalia.com\/wp-content\/uploads\/logo-bagnoitalia.webp","width":400,"height":70,"caption":"Bagno Italia"},"image":{"@id":"https:\/\/www.bagnoitalia.com\/fr#\/schema\/logo\/image\/"}}]}},"_links":{"self":[{"href":"https:\/\/www.bagnoitalia.com\/fr\/wp-json\/wp\/v2\/product\/113133","targetHints":{"allow":["GET"]}}],"collection":[{"href":"https:\/\/www.bagnoitalia.com\/fr\/wp-json\/wp\/v2\/product"}],"about":[{"href":"https:\/\/www.bagnoitalia.com\/fr\/wp-json\/wp\/v2\/types\/product"}],"replies":[{"embeddable":true,"href":"https:\/\/www.bagnoitalia.com\/fr\/wp-json\/wp\/v2\/comments?post=113133"}],"version-history":[{"count":4,"href":"https:\/\/www.bagnoitalia.com\/fr\/wp-json\/wp\/v2\/product\/113133\/revisions"}],"predecessor-version":[{"id":113591,"href":"https:\/\/www.bagnoitalia.com\/fr\/wp-json\/wp\/v2\/product\/113133\/revisions\/113591"}],"wp:featuredmedia":[{"embeddable":true,"href":"https:\/\/www.bagnoitalia.com\/fr\/wp-json\/wp\/v2\/media\/113108"}],"wp:attachment":[{"href":"https:\/\/www.bagnoitalia.com\/fr\/wp-json\/wp\/v2\/media?parent=113133"}],"wp:term":[{"taxonomy":"product_brand","embeddable":true,"href":"https:\/\/www.bagnoitalia.com\/fr\/wp-json\/wp\/v2\/product_brand?post=113133"},{"taxonomy":"product_cat","embeddable":true,"href":"https:\/\/www.bagnoitalia.com\/fr\/wp-json\/wp\/v2\/product_cat?post=113133"},{"taxonomy":"product_tag","embeddable":true,"href":"https:\/\/www.bagnoitalia.com\/fr\/wp-json\/wp\/v2\/product_tag?post=113133"}],"curies":[{"name":"wp","href":"https:\/\/api.w.org\/{rel}","templated":true}]}}