{"id":112051,"date":"2025-09-29T15:34:44","date_gmt":"2025-09-29T13:34:44","guid":{"rendered":"https:\/\/www.bagnoitalia.com\/lion6-120-cm-wall-mounted-bathroom-cabinet-with-right-or-left-hand-washbasin-2-drawers-and-1-door.html"},"modified":"2025-09-29T15:39:06","modified_gmt":"2025-09-29T13:39:06","slug":"lion6-120-cm-wall-mounted-bathroom-cabinet-with-right-or-left-hand-washbasin-2-drawers-and-1-door","status":"publish","type":"product","link":"https:\/\/www.bagnoitalia.com\/fr\/produit\/lion6-120-cm-wall-mounted-bathroom-cabinet-with-right-or-left-hand-washbasin-2-drawers-and-1-door.html","title":{"rendered":"Meuble de salle de bain mural Lion6 120 cm avec lavabo \u00e0 droite ou \u00e0 gauche, 2 tiroirs et 1 porte"},"content":{"rendered":"<p>Meuble de salle de bain \u00ab Lion6 \u00bb 120 cm 2 tiroirs + 1 porte<\/p>\n<p>&nbsp;<\/p>\n<p>D\u00c9TAILS DU PRODUIT<\/p>\n<p>Meuble de salle de bain mural 120 x P45 x H54 cm<\/p>\n<p>Miroir rectangulaire r\u00e9versible, 120 x 70 cm<\/p>\n<p>Lavabo en c\u00e9ramique blanc brillant, avec vasque d\u00e9cal\u00e9e \u00e0 DROITE ou \u00e0 GAUCHE<\/p>\n<p>Avec trou de trop-plein<\/p>\n<p>Avec trou pour robinet (mitigeur NON inclus dans le prix)<\/p>\n<p>Base en MDF, compos\u00e9e de deux tiroirs et d&rsquo;une porte<\/p>\n<p>Poign\u00e9es en aluminium<\/p>\n<p>M\u00e9canisme de fermeture douce<\/p>\n<p>Fa\u00e7ades des tiroirs avec effet nervur\u00e9, porte avec finition mate<\/p>\n<p>Meuble disponible en une seule couleur ou en deux tons, avec un choix parmi les options suivantes :<\/p>\n<p>Ch\u00eane africain<\/p>\n<p>Noyer Maya<\/p>\n<p>Blanc mat<\/p>\n<p>Terrarossa<\/p>\n<p>Vert for\u00eat<\/p>\n<p>Ch\u00eane africain avec PORTE NOIRE<\/p>\n<p>Noyer Maya avec PORTE NOIRE<\/p>\n<p>Blanc mat avec PORTE NOIRE<\/p>\n<p>Terrarossa avec PORTE NOIRE<\/p>\n<p>Vert for\u00eat avec PORTE NOIRE<\/p>\n<p>L&rsquo;applique murale n&rsquo;est pas comprise dans le prix, mais peut \u00eatre ajout\u00e9e \u00e0 partir du menu d\u00e9roulant ci-dessus.<\/p>\n<p>\u00c0 PARTIR DU MENU D\u00c9ROULANT, vous pouvez \u00e9galement ajouter une colonne suspendue assortie, mesurant 35x35H160 cm, avec 2 portes (push&amp;pull) et des \u00e9tag\u00e8res internes.<\/p>\n<p>&nbsp;<\/p>\n<p>&nbsp;<\/p>\n<p>&nbsp;<\/p>\n<p>&nbsp;<\/p>\n<p>&nbsp;<\/p>\n<p>&nbsp;<\/p>\n<p>&nbsp;<\/p>\n<p>Lameck<\/p>\n","protected":false},"excerpt":{"rendered":"<p>Meuble de salle de bain mural, disponible avec lavabo d\u00e9cal\u00e9 \u00e0 droite ou \u00e0 gauche. Disponible en 5 couleurs, avec porte assortie ou noire. Meuble bas compos\u00e9 de deux tiroirs \u00e0 fa\u00e7ades nervur\u00e9es et d&rsquo;une porte satin\u00e9e. Miroir inclus dans le prix.<\/p>\n","protected":false},"featured_media":111931,"comment_status":"open","ping_status":"closed","template":"","meta":[],"product_brand":[9882],"product_cat":[9723],"product_tag":[],"class_list":{"0":"post-112051","1":"product","2":"type-product","3":"status-publish","4":"has-post-thumbnail","6":"product_brand-deghi-fr","7":"product_cat-meubles-de-salle-de-bain-de-101-a-220-cm","9":"first","10":"instock","11":"sale","12":"taxable","13":"shipping-taxable","14":"purchasable","15":"product-type-simple"},"exclude_global_add_ons":false,"addons":[{"name":"Type","type":"multiple_choice","position":0,"required":true,"title_format":"heading","default":"","description_enable":false,"description":"","placeholder_enable":false,"placeholder":"","display":"select","restrictions_type":"any_text","adjust_price":false,"price":"","price_type":"flat_fee","restrictions":false,"min":"0","max":"0","options":[{"label":"\u00c0 DROITE Ch\u00eane africain","price":"","price_type":"quantity_based","image":0,"visibility":true},{"label":"\u00c0 DROITE Noyer Maya","price":"","price_type":"quantity_based","image":0,"visibility":true},{"label":"\u00c0 DROITE Blanc mat","price":"","price_type":"quantity_based","image":0,"visibility":true},{"label":"\u00c0 DROITE Rouge terracotta","price":"","price_type":"quantity_based","image":0,"visibility":true},{"label":"\u00c0 DROITE Vert for\u00eat","price":"","price_type":"quantity_based","image":0,"visibility":true},{"label":"\u00c0 DROITE Ch\u00eane africain avec porte noire","price":"","price_type":"quantity_based","image":0,"visibility":true},{"label":"\u00c0 DROITE Noyer Maya avec porte noire","price":"","price_type":"quantity_based","image":0,"visibility":true},{"label":"\u00c0 DROITE Blanc mat avec porte noire","price":"","price_type":"quantity_based","image":0,"visibility":true},{"label":"\u00c0 DROITE Rouge terracotta avec porte noire","price":"","price_type":"quantity_based","image":0,"visibility":true},{"label":"\u00c0 DROITE Vert for\u00eat avec porte noire","price":"","price_type":"quantity_based","image":0,"visibility":true},{"label":"\u00c0 GAUCHE Ch\u00eane africain","price":"","price_type":"quantity_based","image":0,"visibility":true},{"label":"\u00c0 GAUCHE Noyer Maya","price":"","price_type":"quantity_based","image":0,"visibility":true},{"label":"\u00c0 GAUCHE Blanc mat","price":"","price_type":"quantity_based","image":0,"visibility":true},{"label":"\u00c0 GAUCHE Terrarossa","price":"","price_type":"quantity_based","image":0,"visibility":true},{"label":"GAUCHE vert for\u00eat","price":"","price_type":"quantity_based","image":0,"visibility":true},{"label":"GAUCHE ch\u00eane africain avec porte noire","price":"","price_type":"quantity_based","image":0,"visibility":true},{"label":"GAUCHE noyer Maya avec porte noire","price":"","price_type":"quantity_based","image":0,"visibility":true},{"label":"GAUCHE blanc mat avec porte noire","price":"","price_type":"quantity_based","image":0,"visibility":true},{"label":"GAUCHE rouge terre cuite avec porte noire","price":"","price_type":"quantity_based","image":0,"visibility":true},{"label":"GAUCHE vert for\u00eat avec porte noire","price":"","price_type":"quantity_based","image":0,"visibility":true}],"id":1759160087},{"name":"Colonne","type":"multiple_choice","position":1,"required":true,"title_format":"heading","default":"","description_enable":false,"description":"","placeholder_enable":false,"placeholder":"","display":"select","restrictions_type":"any_text","adjust_price":false,"price":"","price_type":"flat_fee","restrictions":false,"min":"0","max":"0","options":[{"label":"NO","price":"","price_type":"quantity_based","image":0,"visibility":true},{"label":"1 colonne 35 x 35 x H 160 cm","price":"619","price_type":"quantity_based","image":0,"visibility":true}],"id":1759160085},{"name":"Applique murale \u00e0 LED","type":"multiple_choice","position":2,"required":true,"title_format":"heading","default":"","description_enable":false,"description":"","placeholder_enable":false,"placeholder":"","display":"select","restrictions_type":"any_text","adjust_price":false,"price":"","price_type":"flat_fee","restrictions":false,"min":"0","max":"0","options":[{"label":"No","price":"","price_type":"quantity_based","image":0,"visibility":true},{"label":"Applique murale LED chrom\u00e9e","price":"20","price_type":"quantity_based","image":0,"visibility":true},{"label":"Applique murale LED noir mat","price":"25","price_type":"quantity_based","image":0,"visibility":true}],"id":1759160086}],"yoast_head":"<!-- This site is optimized with the Yoast SEO plugin v26.7 - https:\/\/yoast.com\/wordpress\/plugins\/seo\/ -->\n<title>Meuble de salle de bain mural Lion6 120 cm avec lavabo \u00e0 droite ou \u00e0 gauche, 2 tiroirs et 1 porte - Bagno Italia<\/title>\n<meta name=\"robots\" content=\"index, follow, max-snippet:-1, max-image-preview:large, max-video-preview:-1\" \/>\n<link rel=\"canonical\" href=\"https:\/\/www.bagnoitalia.com\/fr\/produit\/lion6-120-cm-wall-mounted-bathroom-cabinet-with-right-or-left-hand-washbasin-2-drawers-and-1-door.html\" \/>\n<meta property=\"og:locale\" content=\"fr_FR\" \/>\n<meta property=\"og:type\" content=\"article\" \/>\n<meta property=\"og:title\" content=\"Meuble de salle de bain mural Lion6 120 cm avec lavabo \u00e0 droite ou \u00e0 gauche, 2 tiroirs et 1 porte - Bagno Italia\" \/>\n<meta property=\"og:description\" content=\"Meuble de salle de bain mural, disponible avec lavabo d\u00e9cal\u00e9 \u00e0 droite ou \u00e0 gauche. Disponible en 5 couleurs, avec porte assortie ou noire. Meuble bas compos\u00e9 de deux tiroirs \u00e0 fa\u00e7ades nervur\u00e9es et d&#039;une porte satin\u00e9e. Miroir inclus dans le prix.\" \/>\n<meta property=\"og:url\" content=\"https:\/\/www.bagnoitalia.com\/fr\/produit\/lion6-120-cm-wall-mounted-bathroom-cabinet-with-right-or-left-hand-washbasin-2-drawers-and-1-door.html\" \/>\n<meta property=\"og:site_name\" content=\"Bagno Italia\" \/>\n<meta property=\"article:modified_time\" content=\"2025-09-29T13:39:06+00:00\" \/>\n<meta property=\"og:image\" content=\"https:\/\/img.bagnoitalia.com\/wp-content\/uploads\/1-57.jpg\" \/>\n\t<meta property=\"og:image:width\" content=\"1000\" \/>\n\t<meta property=\"og:image:height\" content=\"1000\" \/>\n\t<meta property=\"og:image:type\" content=\"image\/jpeg\" \/>\n<meta name=\"twitter:card\" content=\"summary_large_image\" \/>\n<meta name=\"twitter:label1\" content=\"Dur\u00e9e de lecture estim\u00e9e\" \/>\n\t<meta name=\"twitter:data1\" content=\"1 minute\" \/>\n<script type=\"application\/ld+json\" class=\"yoast-schema-graph\">{\"@context\":\"https:\/\/schema.org\",\"@graph\":[{\"@type\":\"WebPage\",\"@id\":\"https:\/\/www.bagnoitalia.com\/fr\/produit\/lion6-120-cm-wall-mounted-bathroom-cabinet-with-right-or-left-hand-washbasin-2-drawers-and-1-door.html\",\"url\":\"https:\/\/www.bagnoitalia.com\/fr\/produit\/lion6-120-cm-wall-mounted-bathroom-cabinet-with-right-or-left-hand-washbasin-2-drawers-and-1-door.html\",\"name\":\"Meuble de salle de bain mural Lion6 120 cm avec lavabo \u00e0 droite ou \u00e0 gauche, 2 tiroirs et 1 porte - Bagno Italia\",\"isPartOf\":{\"@id\":\"https:\/\/www.bagnoitalia.com\/fr#website\"},\"primaryImageOfPage\":{\"@id\":\"https:\/\/www.bagnoitalia.com\/fr\/produit\/lion6-120-cm-wall-mounted-bathroom-cabinet-with-right-or-left-hand-washbasin-2-drawers-and-1-door.html#primaryimage\"},\"image\":{\"@id\":\"https:\/\/www.bagnoitalia.com\/fr\/produit\/lion6-120-cm-wall-mounted-bathroom-cabinet-with-right-or-left-hand-washbasin-2-drawers-and-1-door.html#primaryimage\"},\"thumbnailUrl\":\"https:\/\/img.bagnoitalia.com\/wp-content\/uploads\/1-57.jpg\",\"datePublished\":\"2025-09-29T13:34:44+00:00\",\"dateModified\":\"2025-09-29T13:39:06+00:00\",\"breadcrumb\":{\"@id\":\"https:\/\/www.bagnoitalia.com\/fr\/produit\/lion6-120-cm-wall-mounted-bathroom-cabinet-with-right-or-left-hand-washbasin-2-drawers-and-1-door.html#breadcrumb\"},\"inLanguage\":\"fr-FR\",\"potentialAction\":[{\"@type\":\"ReadAction\",\"target\":[\"https:\/\/www.bagnoitalia.com\/fr\/produit\/lion6-120-cm-wall-mounted-bathroom-cabinet-with-right-or-left-hand-washbasin-2-drawers-and-1-door.html\"]}]},{\"@type\":\"ImageObject\",\"inLanguage\":\"fr-FR\",\"@id\":\"https:\/\/www.bagnoitalia.com\/fr\/produit\/lion6-120-cm-wall-mounted-bathroom-cabinet-with-right-or-left-hand-washbasin-2-drawers-and-1-door.html#primaryimage\",\"url\":\"https:\/\/img.bagnoitalia.com\/wp-content\/uploads\/1-57.jpg\",\"contentUrl\":\"https:\/\/img.bagnoitalia.com\/wp-content\/uploads\/1-57.jpg\",\"width\":1000,\"height\":1000},{\"@type\":\"BreadcrumbList\",\"@id\":\"https:\/\/www.bagnoitalia.com\/fr\/produit\/lion6-120-cm-wall-mounted-bathroom-cabinet-with-right-or-left-hand-washbasin-2-drawers-and-1-door.html#breadcrumb\",\"itemListElement\":[{\"@type\":\"ListItem\",\"position\":1,\"name\":\"Home\",\"item\":\"https:\/\/www.bagnoitalia.com\/fr\"},{\"@type\":\"ListItem\",\"position\":2,\"name\":\"Produits\",\"item\":\"https:\/\/www.bagnoitalia.com\/fr\/shop\"},{\"@type\":\"ListItem\",\"position\":3,\"name\":\"Meuble de salle de bain mural Lion6 120 cm avec lavabo \u00e0 droite ou \u00e0 gauche, 2 tiroirs et 1 porte\"}]},{\"@type\":\"WebSite\",\"@id\":\"https:\/\/www.bagnoitalia.com\/fr#website\",\"url\":\"https:\/\/www.bagnoitalia.com\/fr\",\"name\":\"Bagno Italia\",\"description\":\"\",\"publisher\":{\"@id\":\"https:\/\/www.bagnoitalia.com\/fr#organization\"},\"potentialAction\":[{\"@type\":\"SearchAction\",\"target\":{\"@type\":\"EntryPoint\",\"urlTemplate\":\"https:\/\/www.bagnoitalia.com\/fr?s={search_term_string}\"},\"query-input\":{\"@type\":\"PropertyValueSpecification\",\"valueRequired\":true,\"valueName\":\"search_term_string\"}}],\"inLanguage\":\"fr-FR\"},{\"@type\":\"Organization\",\"@id\":\"https:\/\/www.bagnoitalia.com\/fr#organization\",\"name\":\"Bagno Italia\",\"url\":\"https:\/\/www.bagnoitalia.com\/fr\",\"logo\":{\"@type\":\"ImageObject\",\"inLanguage\":\"fr-FR\",\"@id\":\"https:\/\/www.bagnoitalia.com\/fr#\/schema\/logo\/image\/\",\"url\":\"https:\/\/img.bagnoitalia.com\/wp-content\/uploads\/logo-bagnoitalia.webp\",\"contentUrl\":\"https:\/\/img.bagnoitalia.com\/wp-content\/uploads\/logo-bagnoitalia.webp\",\"width\":400,\"height\":70,\"caption\":\"Bagno Italia\"},\"image\":{\"@id\":\"https:\/\/www.bagnoitalia.com\/fr#\/schema\/logo\/image\/\"}}]}<\/script>\n<!-- \/ Yoast SEO plugin. -->","yoast_head_json":{"title":"Meuble de salle de bain mural Lion6 120 cm avec lavabo \u00e0 droite ou \u00e0 gauche, 2 tiroirs et 1 porte - Bagno Italia","robots":{"index":"index","follow":"follow","max-snippet":"max-snippet:-1","max-image-preview":"max-image-preview:large","max-video-preview":"max-video-preview:-1"},"canonical":"https:\/\/www.bagnoitalia.com\/fr\/produit\/lion6-120-cm-wall-mounted-bathroom-cabinet-with-right-or-left-hand-washbasin-2-drawers-and-1-door.html","og_locale":"fr_FR","og_type":"article","og_title":"Meuble de salle de bain mural Lion6 120 cm avec lavabo \u00e0 droite ou \u00e0 gauche, 2 tiroirs et 1 porte - Bagno Italia","og_description":"Meuble de salle de bain mural, disponible avec lavabo d\u00e9cal\u00e9 \u00e0 droite ou \u00e0 gauche. Disponible en 5 couleurs, avec porte assortie ou noire. Meuble bas compos\u00e9 de deux tiroirs \u00e0 fa\u00e7ades nervur\u00e9es et d'une porte satin\u00e9e. Miroir inclus dans le prix.","og_url":"https:\/\/www.bagnoitalia.com\/fr\/produit\/lion6-120-cm-wall-mounted-bathroom-cabinet-with-right-or-left-hand-washbasin-2-drawers-and-1-door.html","og_site_name":"Bagno Italia","article_modified_time":"2025-09-29T13:39:06+00:00","og_image":[{"width":1000,"height":1000,"url":"https:\/\/img.bagnoitalia.com\/wp-content\/uploads\/1-57.jpg","type":"image\/jpeg"}],"twitter_card":"summary_large_image","twitter_misc":{"Dur\u00e9e de lecture estim\u00e9e":"1 minute"},"schema":{"@context":"https:\/\/schema.org","@graph":[{"@type":"WebPage","@id":"https:\/\/www.bagnoitalia.com\/fr\/produit\/lion6-120-cm-wall-mounted-bathroom-cabinet-with-right-or-left-hand-washbasin-2-drawers-and-1-door.html","url":"https:\/\/www.bagnoitalia.com\/fr\/produit\/lion6-120-cm-wall-mounted-bathroom-cabinet-with-right-or-left-hand-washbasin-2-drawers-and-1-door.html","name":"Meuble de salle de bain mural Lion6 120 cm avec lavabo \u00e0 droite ou \u00e0 gauche, 2 tiroirs et 1 porte - Bagno Italia","isPartOf":{"@id":"https:\/\/www.bagnoitalia.com\/fr#website"},"primaryImageOfPage":{"@id":"https:\/\/www.bagnoitalia.com\/fr\/produit\/lion6-120-cm-wall-mounted-bathroom-cabinet-with-right-or-left-hand-washbasin-2-drawers-and-1-door.html#primaryimage"},"image":{"@id":"https:\/\/www.bagnoitalia.com\/fr\/produit\/lion6-120-cm-wall-mounted-bathroom-cabinet-with-right-or-left-hand-washbasin-2-drawers-and-1-door.html#primaryimage"},"thumbnailUrl":"https:\/\/img.bagnoitalia.com\/wp-content\/uploads\/1-57.jpg","datePublished":"2025-09-29T13:34:44+00:00","dateModified":"2025-09-29T13:39:06+00:00","breadcrumb":{"@id":"https:\/\/www.bagnoitalia.com\/fr\/produit\/lion6-120-cm-wall-mounted-bathroom-cabinet-with-right-or-left-hand-washbasin-2-drawers-and-1-door.html#breadcrumb"},"inLanguage":"fr-FR","potentialAction":[{"@type":"ReadAction","target":["https:\/\/www.bagnoitalia.com\/fr\/produit\/lion6-120-cm-wall-mounted-bathroom-cabinet-with-right-or-left-hand-washbasin-2-drawers-and-1-door.html"]}]},{"@type":"ImageObject","inLanguage":"fr-FR","@id":"https:\/\/www.bagnoitalia.com\/fr\/produit\/lion6-120-cm-wall-mounted-bathroom-cabinet-with-right-or-left-hand-washbasin-2-drawers-and-1-door.html#primaryimage","url":"https:\/\/img.bagnoitalia.com\/wp-content\/uploads\/1-57.jpg","contentUrl":"https:\/\/img.bagnoitalia.com\/wp-content\/uploads\/1-57.jpg","width":1000,"height":1000},{"@type":"BreadcrumbList","@id":"https:\/\/www.bagnoitalia.com\/fr\/produit\/lion6-120-cm-wall-mounted-bathroom-cabinet-with-right-or-left-hand-washbasin-2-drawers-and-1-door.html#breadcrumb","itemListElement":[{"@type":"ListItem","position":1,"name":"Home","item":"https:\/\/www.bagnoitalia.com\/fr"},{"@type":"ListItem","position":2,"name":"Produits","item":"https:\/\/www.bagnoitalia.com\/fr\/shop"},{"@type":"ListItem","position":3,"name":"Meuble de salle de bain mural Lion6 120 cm avec lavabo \u00e0 droite ou \u00e0 gauche, 2 tiroirs et 1 porte"}]},{"@type":"WebSite","@id":"https:\/\/www.bagnoitalia.com\/fr#website","url":"https:\/\/www.bagnoitalia.com\/fr","name":"Bagno Italia","description":"","publisher":{"@id":"https:\/\/www.bagnoitalia.com\/fr#organization"},"potentialAction":[{"@type":"SearchAction","target":{"@type":"EntryPoint","urlTemplate":"https:\/\/www.bagnoitalia.com\/fr?s={search_term_string}"},"query-input":{"@type":"PropertyValueSpecification","valueRequired":true,"valueName":"search_term_string"}}],"inLanguage":"fr-FR"},{"@type":"Organization","@id":"https:\/\/www.bagnoitalia.com\/fr#organization","name":"Bagno Italia","url":"https:\/\/www.bagnoitalia.com\/fr","logo":{"@type":"ImageObject","inLanguage":"fr-FR","@id":"https:\/\/www.bagnoitalia.com\/fr#\/schema\/logo\/image\/","url":"https:\/\/img.bagnoitalia.com\/wp-content\/uploads\/logo-bagnoitalia.webp","contentUrl":"https:\/\/img.bagnoitalia.com\/wp-content\/uploads\/logo-bagnoitalia.webp","width":400,"height":70,"caption":"Bagno Italia"},"image":{"@id":"https:\/\/www.bagnoitalia.com\/fr#\/schema\/logo\/image\/"}}]}},"_links":{"self":[{"href":"https:\/\/www.bagnoitalia.com\/fr\/wp-json\/wp\/v2\/product\/112051","targetHints":{"allow":["GET"]}}],"collection":[{"href":"https:\/\/www.bagnoitalia.com\/fr\/wp-json\/wp\/v2\/product"}],"about":[{"href":"https:\/\/www.bagnoitalia.com\/fr\/wp-json\/wp\/v2\/types\/product"}],"replies":[{"embeddable":true,"href":"https:\/\/www.bagnoitalia.com\/fr\/wp-json\/wp\/v2\/comments?post=112051"}],"version-history":[{"count":2,"href":"https:\/\/www.bagnoitalia.com\/fr\/wp-json\/wp\/v2\/product\/112051\/revisions"}],"predecessor-version":[{"id":112055,"href":"https:\/\/www.bagnoitalia.com\/fr\/wp-json\/wp\/v2\/product\/112051\/revisions\/112055"}],"wp:featuredmedia":[{"embeddable":true,"href":"https:\/\/www.bagnoitalia.com\/fr\/wp-json\/wp\/v2\/media\/111931"}],"wp:attachment":[{"href":"https:\/\/www.bagnoitalia.com\/fr\/wp-json\/wp\/v2\/media?parent=112051"}],"wp:term":[{"taxonomy":"product_brand","embeddable":true,"href":"https:\/\/www.bagnoitalia.com\/fr\/wp-json\/wp\/v2\/product_brand?post=112051"},{"taxonomy":"product_cat","embeddable":true,"href":"https:\/\/www.bagnoitalia.com\/fr\/wp-json\/wp\/v2\/product_cat?post=112051"},{"taxonomy":"product_tag","embeddable":true,"href":"https:\/\/www.bagnoitalia.com\/fr\/wp-json\/wp\/v2\/product_tag?post=112051"}],"curies":[{"name":"wp","href":"https:\/\/api.w.org\/{rel}","templated":true}]}}