{"id":111905,"date":"2025-09-25T15:58:57","date_gmt":"2025-09-25T13:58:57","guid":{"rendered":"https:\/\/www.bagnoitalia.com\/lion5-bathroom-cabinet-with-black-washbasin-and-drawers-4-sizes-and-5-colours-available.html"},"modified":"2025-09-25T16:11:13","modified_gmt":"2025-09-25T14:11:13","slug":"lion5-bathroom-cabinet-with-black-washbasin-and-drawers-4-sizes-and-5-colours-available","status":"publish","type":"product","link":"https:\/\/www.bagnoitalia.com\/fr\/produit\/lion5-bathroom-cabinet-with-black-washbasin-and-drawers-4-sizes-and-5-colours-available.html","title":{"rendered":"Meuble de salle de bain Lion5 avec lavabo noir et tiroirs 4 tailles et 5 couleurs disponibles"},"content":{"rendered":"<p>Meuble de salle de bain avec lavabo noir \u00ab Lion5 \u00bb<\/p>\n<p>&nbsp;<\/p>\n<p>MOD\u00c8LES DISPONIBLES<\/p>\n<p>4 longueurs disponibles (s\u00e9lectionnez la taille dans le menu d\u00e9roulant ci-dessus) :<\/p>\n<p>60 cm avec 2 tiroirs et miroir rond \u00d8 60 cm<br \/>\n80 cm avec 2 tiroirs et miroir rond \u00d8 80 cm<br \/>\n100 cm avec 2 tiroirs et miroir rond \u00d8 80 cm<br \/>\n120 cm avec double lavabo, 4 tiroirs et 2 miroirs r\u00e9versibles 50&#215;100 cm avec bords arrondis<\/p>\n<p>Profondeur : 45 cm<\/p>\n<p>Hauteur : 54 cm<\/p>\n<p>&nbsp;<\/p>\n<p>CARACT\u00c9RISTIQUES DU PRODUIT<\/p>\n<p>Meuble de salle de bain suspendu<\/p>\n<p>Lavabo en porcelaine noir mat<\/p>\n<p>Avec trou de trop-plein<\/p>\n<p>Avec trou pour mitigeur (mitigeur NON inclus)<\/p>\n<p>Miroir plat<\/p>\n<p>Base en bois MDF<\/p>\n<p>Tiroirs \u00e0 fermeture douce<\/p>\n<p>Poign\u00e9es en aluminium<\/p>\n<p>Fa\u00e7ades de tiroirs avec effet nervur\u00e9<\/p>\n<p>5 couleurs disponibles :<\/p>\n<p>Ch\u00eane africain<br \/>\nNoyer Maya<br \/>\nBlanc mat<br \/>\nTerrarossa<br \/>\nVert Selva<\/p>\n<p>&nbsp;<\/p>\n<p>NB : Robinets NON inclus dans le prix<\/p>\n<p>&nbsp;<\/p>\n<p>\u00c0 L&rsquo;AIDE DU MENU D\u00c9ROULANT, vous pouvez \u00e9galement ajouter une colonne murale assortie, mesurant 35x35H160 cm, avec 2 portes (push&amp;pull) et des \u00e9tag\u00e8res internes<\/p>\n<p>&nbsp;<\/p>\n<p>&nbsp;<\/p>\n<p>&nbsp;<\/p>\n<p>&nbsp;<\/p>\n<p>&nbsp;<\/p>\n<p>&nbsp;<\/p>\n<p>&nbsp;<\/p>\n<p>Lameck<\/p>\n","protected":false},"excerpt":{"rendered":"<p>Meuble de salle de bain moderne disponible avec 2 tiroirs (60, 80, 100 cm de long) ou avec 4 tiroirs et double vasque (120 cm de long). \u00c9quip\u00e9 d&rsquo;une vasque en porcelaine noire mate. Base disponible en ch\u00eane africain, noyer maya, blanc mat, rouge terra et vert for\u00eat. Fa\u00e7ades \u00e0 effet nervur\u00e9. Miroir inclus dans le prix.<\/p>\n","protected":false},"featured_media":111793,"comment_status":"open","ping_status":"closed","template":"","meta":[],"product_brand":[9882],"product_cat":[9715,9719,9703],"product_tag":[],"class_list":{"0":"post-111905","1":"product","2":"type-product","3":"status-publish","4":"has-post-thumbnail","6":"product_brand-deghi-fr","7":"product_cat-meubles-de-salle-de-bain-de-40-a-70-cm","8":"product_cat-meubles-de-salle-de-bain-de-71-a-100-cm","9":"product_cat-meuble-de-salle-de-bain-avec-double-vasque","11":"first","12":"instock","13":"sale","14":"taxable","15":"shipping-taxable","16":"purchasable","17":"product-type-simple"},"exclude_global_add_ons":false,"addons":[{"name":"Type","type":"multiple_choice","position":0,"required":true,"title_format":"heading","default":"","description_enable":false,"description":"","placeholder_enable":false,"placeholder":"","display":"select","restrictions_type":"any_text","adjust_price":false,"price":"","price_type":"flat_fee","restrictions":false,"min":"0","max":"0","options":[{"label":"60 cm ch\u00eane africain","price":"","price_type":"quantity_based","image":0,"visibility":true},{"label":"60 cm noyer Maya","price":"","price_type":"quantity_based","image":0,"visibility":true},{"label":"60 cm blanc mat","price":"","price_type":"quantity_based","image":0,"visibility":true},{"label":"60 cm rouge terra","price":"","price_type":"quantity_based","image":0,"visibility":true},{"label":"60 cm vert for\u00eat","price":"","price_type":"quantity_based","image":0,"visibility":true},{"label":"80 cm ch\u00eane africain","price":"110","price_type":"quantity_based","image":0,"visibility":true},{"label":"80 cm noyer Maya","price":"110","price_type":"quantity_based","image":0,"visibility":true},{"label":"80 cm blanc mat","price":"110","price_type":"quantity_based","image":0,"visibility":true},{"label":"80 cm rouge terra","price":"110","price_type":"quantity_based","image":0,"visibility":true},{"label":"80 cm vert for\u00eat","price":"110","price_type":"quantity_based","image":0,"visibility":true},{"label":"100 cm ch\u00eane africain","price":"220","price_type":"quantity_based","image":0,"visibility":true},{"label":"100 cm Noyer Maya","price":"220","price_type":"quantity_based","image":0,"visibility":true},{"label":"100 cm Blanc mat","price":"220","price_type":"quantity_based","image":0,"visibility":true},{"label":"100 cm Rouge terra","price":"220","price_type":"quantity_based","image":0,"visibility":true},{"label":"100 cm Vert for\u00eat","price":"220","price_type":"quantity_based","image":0,"visibility":true},{"label":"120 cm Double vasque - Ch\u00eane africain","price":"1040","price_type":"quantity_based","image":0,"visibility":true},{"label":"120 cm Double vasque - Noyer Maya","price":"1040","price_type":"quantity_based","image":0,"visibility":true},{"label":"120 cm Double vasque - Blanc mat","price":"1040","price_type":"quantity_based","image":0,"visibility":true},{"label":"120 cm Double vasque - Rouge terra","price":"1040","price_type":"quantity_based","image":0,"visibility":true},{"label":"120 cm Double vasque - Vert for\u00eat","price":"1040","price_type":"quantity_based","image":0,"visibility":true}],"id":1758815938},{"name":"Colonne","type":"multiple_choice","position":1,"required":true,"title_format":"heading","default":"","description_enable":false,"description":"","placeholder_enable":false,"placeholder":"","display":"select","restrictions_type":"any_text","adjust_price":false,"price":"","price_type":"flat_fee","restrictions":false,"min":"0","max":"0","options":[{"label":"NO","price":"","price_type":"quantity_based","image":0,"visibility":true},{"label":"1 colonne 35 x 35 x H 160 cm","price":"619","price_type":"quantity_based","image":0,"visibility":true}],"id":1758816674}],"yoast_head":"<!-- This site is optimized with the Yoast SEO plugin v26.7 - https:\/\/yoast.com\/wordpress\/plugins\/seo\/ -->\n<title>Meuble de salle de bain Lion5 avec lavabo noir et tiroirs 4 tailles et 5 couleurs disponibles - Bagno Italia<\/title>\n<meta name=\"robots\" content=\"index, follow, max-snippet:-1, max-image-preview:large, max-video-preview:-1\" \/>\n<link rel=\"canonical\" href=\"https:\/\/www.bagnoitalia.com\/fr\/produit\/lion5-bathroom-cabinet-with-black-washbasin-and-drawers-4-sizes-and-5-colours-available.html\" \/>\n<meta property=\"og:locale\" content=\"fr_FR\" \/>\n<meta property=\"og:type\" content=\"article\" \/>\n<meta property=\"og:title\" content=\"Meuble de salle de bain Lion5 avec lavabo noir et tiroirs 4 tailles et 5 couleurs disponibles - Bagno Italia\" \/>\n<meta property=\"og:description\" content=\"Meuble de salle de bain moderne disponible avec 2 tiroirs (60, 80, 100 cm de long) ou avec 4 tiroirs et double vasque (120 cm de long). \u00c9quip\u00e9 d&#039;une vasque en porcelaine noire mate. Base disponible en ch\u00eane africain, noyer maya, blanc mat, rouge terra et vert for\u00eat. Fa\u00e7ades \u00e0 effet nervur\u00e9. Miroir inclus dans le prix.\" \/>\n<meta property=\"og:url\" content=\"https:\/\/www.bagnoitalia.com\/fr\/produit\/lion5-bathroom-cabinet-with-black-washbasin-and-drawers-4-sizes-and-5-colours-available.html\" \/>\n<meta property=\"og:site_name\" content=\"Bagno Italia\" \/>\n<meta property=\"article:modified_time\" content=\"2025-09-25T14:11:13+00:00\" \/>\n<meta property=\"og:image\" content=\"https:\/\/img.bagnoitalia.com\/wp-content\/uploads\/1-56.jpg\" \/>\n\t<meta property=\"og:image:width\" content=\"1000\" \/>\n\t<meta property=\"og:image:height\" content=\"1000\" \/>\n\t<meta property=\"og:image:type\" content=\"image\/jpeg\" \/>\n<meta name=\"twitter:card\" content=\"summary_large_image\" \/>\n<meta name=\"twitter:label1\" content=\"Dur\u00e9e de lecture estim\u00e9e\" \/>\n\t<meta name=\"twitter:data1\" content=\"1 minute\" \/>\n<script type=\"application\/ld+json\" class=\"yoast-schema-graph\">{\"@context\":\"https:\/\/schema.org\",\"@graph\":[{\"@type\":\"WebPage\",\"@id\":\"https:\/\/www.bagnoitalia.com\/fr\/produit\/lion5-bathroom-cabinet-with-black-washbasin-and-drawers-4-sizes-and-5-colours-available.html\",\"url\":\"https:\/\/www.bagnoitalia.com\/fr\/produit\/lion5-bathroom-cabinet-with-black-washbasin-and-drawers-4-sizes-and-5-colours-available.html\",\"name\":\"Meuble de salle de bain Lion5 avec lavabo noir et tiroirs 4 tailles et 5 couleurs disponibles - Bagno Italia\",\"isPartOf\":{\"@id\":\"https:\/\/www.bagnoitalia.com\/fr#website\"},\"primaryImageOfPage\":{\"@id\":\"https:\/\/www.bagnoitalia.com\/fr\/produit\/lion5-bathroom-cabinet-with-black-washbasin-and-drawers-4-sizes-and-5-colours-available.html#primaryimage\"},\"image\":{\"@id\":\"https:\/\/www.bagnoitalia.com\/fr\/produit\/lion5-bathroom-cabinet-with-black-washbasin-and-drawers-4-sizes-and-5-colours-available.html#primaryimage\"},\"thumbnailUrl\":\"https:\/\/img.bagnoitalia.com\/wp-content\/uploads\/1-56.jpg\",\"datePublished\":\"2025-09-25T13:58:57+00:00\",\"dateModified\":\"2025-09-25T14:11:13+00:00\",\"breadcrumb\":{\"@id\":\"https:\/\/www.bagnoitalia.com\/fr\/produit\/lion5-bathroom-cabinet-with-black-washbasin-and-drawers-4-sizes-and-5-colours-available.html#breadcrumb\"},\"inLanguage\":\"fr-FR\",\"potentialAction\":[{\"@type\":\"ReadAction\",\"target\":[\"https:\/\/www.bagnoitalia.com\/fr\/produit\/lion5-bathroom-cabinet-with-black-washbasin-and-drawers-4-sizes-and-5-colours-available.html\"]}]},{\"@type\":\"ImageObject\",\"inLanguage\":\"fr-FR\",\"@id\":\"https:\/\/www.bagnoitalia.com\/fr\/produit\/lion5-bathroom-cabinet-with-black-washbasin-and-drawers-4-sizes-and-5-colours-available.html#primaryimage\",\"url\":\"https:\/\/img.bagnoitalia.com\/wp-content\/uploads\/1-56.jpg\",\"contentUrl\":\"https:\/\/img.bagnoitalia.com\/wp-content\/uploads\/1-56.jpg\",\"width\":1000,\"height\":1000},{\"@type\":\"BreadcrumbList\",\"@id\":\"https:\/\/www.bagnoitalia.com\/fr\/produit\/lion5-bathroom-cabinet-with-black-washbasin-and-drawers-4-sizes-and-5-colours-available.html#breadcrumb\",\"itemListElement\":[{\"@type\":\"ListItem\",\"position\":1,\"name\":\"Home\",\"item\":\"https:\/\/www.bagnoitalia.com\/fr\"},{\"@type\":\"ListItem\",\"position\":2,\"name\":\"Produits\",\"item\":\"https:\/\/www.bagnoitalia.com\/fr\/shop\"},{\"@type\":\"ListItem\",\"position\":3,\"name\":\"Meuble de salle de bain Lion5 avec lavabo noir et tiroirs 4 tailles et 5 couleurs disponibles\"}]},{\"@type\":\"WebSite\",\"@id\":\"https:\/\/www.bagnoitalia.com\/fr#website\",\"url\":\"https:\/\/www.bagnoitalia.com\/fr\",\"name\":\"Bagno Italia\",\"description\":\"\",\"publisher\":{\"@id\":\"https:\/\/www.bagnoitalia.com\/fr#organization\"},\"potentialAction\":[{\"@type\":\"SearchAction\",\"target\":{\"@type\":\"EntryPoint\",\"urlTemplate\":\"https:\/\/www.bagnoitalia.com\/fr?s={search_term_string}\"},\"query-input\":{\"@type\":\"PropertyValueSpecification\",\"valueRequired\":true,\"valueName\":\"search_term_string\"}}],\"inLanguage\":\"fr-FR\"},{\"@type\":\"Organization\",\"@id\":\"https:\/\/www.bagnoitalia.com\/fr#organization\",\"name\":\"Bagno Italia\",\"url\":\"https:\/\/www.bagnoitalia.com\/fr\",\"logo\":{\"@type\":\"ImageObject\",\"inLanguage\":\"fr-FR\",\"@id\":\"https:\/\/www.bagnoitalia.com\/fr#\/schema\/logo\/image\/\",\"url\":\"https:\/\/img.bagnoitalia.com\/wp-content\/uploads\/logo-bagnoitalia.webp\",\"contentUrl\":\"https:\/\/img.bagnoitalia.com\/wp-content\/uploads\/logo-bagnoitalia.webp\",\"width\":400,\"height\":70,\"caption\":\"Bagno Italia\"},\"image\":{\"@id\":\"https:\/\/www.bagnoitalia.com\/fr#\/schema\/logo\/image\/\"}}]}<\/script>\n<!-- \/ Yoast SEO plugin. -->","yoast_head_json":{"title":"Meuble de salle de bain Lion5 avec lavabo noir et tiroirs 4 tailles et 5 couleurs disponibles - Bagno Italia","robots":{"index":"index","follow":"follow","max-snippet":"max-snippet:-1","max-image-preview":"max-image-preview:large","max-video-preview":"max-video-preview:-1"},"canonical":"https:\/\/www.bagnoitalia.com\/fr\/produit\/lion5-bathroom-cabinet-with-black-washbasin-and-drawers-4-sizes-and-5-colours-available.html","og_locale":"fr_FR","og_type":"article","og_title":"Meuble de salle de bain Lion5 avec lavabo noir et tiroirs 4 tailles et 5 couleurs disponibles - Bagno Italia","og_description":"Meuble de salle de bain moderne disponible avec 2 tiroirs (60, 80, 100 cm de long) ou avec 4 tiroirs et double vasque (120 cm de long). \u00c9quip\u00e9 d'une vasque en porcelaine noire mate. Base disponible en ch\u00eane africain, noyer maya, blanc mat, rouge terra et vert for\u00eat. Fa\u00e7ades \u00e0 effet nervur\u00e9. Miroir inclus dans le prix.","og_url":"https:\/\/www.bagnoitalia.com\/fr\/produit\/lion5-bathroom-cabinet-with-black-washbasin-and-drawers-4-sizes-and-5-colours-available.html","og_site_name":"Bagno Italia","article_modified_time":"2025-09-25T14:11:13+00:00","og_image":[{"width":1000,"height":1000,"url":"https:\/\/img.bagnoitalia.com\/wp-content\/uploads\/1-56.jpg","type":"image\/jpeg"}],"twitter_card":"summary_large_image","twitter_misc":{"Dur\u00e9e de lecture estim\u00e9e":"1 minute"},"schema":{"@context":"https:\/\/schema.org","@graph":[{"@type":"WebPage","@id":"https:\/\/www.bagnoitalia.com\/fr\/produit\/lion5-bathroom-cabinet-with-black-washbasin-and-drawers-4-sizes-and-5-colours-available.html","url":"https:\/\/www.bagnoitalia.com\/fr\/produit\/lion5-bathroom-cabinet-with-black-washbasin-and-drawers-4-sizes-and-5-colours-available.html","name":"Meuble de salle de bain Lion5 avec lavabo noir et tiroirs 4 tailles et 5 couleurs disponibles - Bagno Italia","isPartOf":{"@id":"https:\/\/www.bagnoitalia.com\/fr#website"},"primaryImageOfPage":{"@id":"https:\/\/www.bagnoitalia.com\/fr\/produit\/lion5-bathroom-cabinet-with-black-washbasin-and-drawers-4-sizes-and-5-colours-available.html#primaryimage"},"image":{"@id":"https:\/\/www.bagnoitalia.com\/fr\/produit\/lion5-bathroom-cabinet-with-black-washbasin-and-drawers-4-sizes-and-5-colours-available.html#primaryimage"},"thumbnailUrl":"https:\/\/img.bagnoitalia.com\/wp-content\/uploads\/1-56.jpg","datePublished":"2025-09-25T13:58:57+00:00","dateModified":"2025-09-25T14:11:13+00:00","breadcrumb":{"@id":"https:\/\/www.bagnoitalia.com\/fr\/produit\/lion5-bathroom-cabinet-with-black-washbasin-and-drawers-4-sizes-and-5-colours-available.html#breadcrumb"},"inLanguage":"fr-FR","potentialAction":[{"@type":"ReadAction","target":["https:\/\/www.bagnoitalia.com\/fr\/produit\/lion5-bathroom-cabinet-with-black-washbasin-and-drawers-4-sizes-and-5-colours-available.html"]}]},{"@type":"ImageObject","inLanguage":"fr-FR","@id":"https:\/\/www.bagnoitalia.com\/fr\/produit\/lion5-bathroom-cabinet-with-black-washbasin-and-drawers-4-sizes-and-5-colours-available.html#primaryimage","url":"https:\/\/img.bagnoitalia.com\/wp-content\/uploads\/1-56.jpg","contentUrl":"https:\/\/img.bagnoitalia.com\/wp-content\/uploads\/1-56.jpg","width":1000,"height":1000},{"@type":"BreadcrumbList","@id":"https:\/\/www.bagnoitalia.com\/fr\/produit\/lion5-bathroom-cabinet-with-black-washbasin-and-drawers-4-sizes-and-5-colours-available.html#breadcrumb","itemListElement":[{"@type":"ListItem","position":1,"name":"Home","item":"https:\/\/www.bagnoitalia.com\/fr"},{"@type":"ListItem","position":2,"name":"Produits","item":"https:\/\/www.bagnoitalia.com\/fr\/shop"},{"@type":"ListItem","position":3,"name":"Meuble de salle de bain Lion5 avec lavabo noir et tiroirs 4 tailles et 5 couleurs disponibles"}]},{"@type":"WebSite","@id":"https:\/\/www.bagnoitalia.com\/fr#website","url":"https:\/\/www.bagnoitalia.com\/fr","name":"Bagno Italia","description":"","publisher":{"@id":"https:\/\/www.bagnoitalia.com\/fr#organization"},"potentialAction":[{"@type":"SearchAction","target":{"@type":"EntryPoint","urlTemplate":"https:\/\/www.bagnoitalia.com\/fr?s={search_term_string}"},"query-input":{"@type":"PropertyValueSpecification","valueRequired":true,"valueName":"search_term_string"}}],"inLanguage":"fr-FR"},{"@type":"Organization","@id":"https:\/\/www.bagnoitalia.com\/fr#organization","name":"Bagno Italia","url":"https:\/\/www.bagnoitalia.com\/fr","logo":{"@type":"ImageObject","inLanguage":"fr-FR","@id":"https:\/\/www.bagnoitalia.com\/fr#\/schema\/logo\/image\/","url":"https:\/\/img.bagnoitalia.com\/wp-content\/uploads\/logo-bagnoitalia.webp","contentUrl":"https:\/\/img.bagnoitalia.com\/wp-content\/uploads\/logo-bagnoitalia.webp","width":400,"height":70,"caption":"Bagno Italia"},"image":{"@id":"https:\/\/www.bagnoitalia.com\/fr#\/schema\/logo\/image\/"}}]}},"_links":{"self":[{"href":"https:\/\/www.bagnoitalia.com\/fr\/wp-json\/wp\/v2\/product\/111905","targetHints":{"allow":["GET"]}}],"collection":[{"href":"https:\/\/www.bagnoitalia.com\/fr\/wp-json\/wp\/v2\/product"}],"about":[{"href":"https:\/\/www.bagnoitalia.com\/fr\/wp-json\/wp\/v2\/types\/product"}],"replies":[{"embeddable":true,"href":"https:\/\/www.bagnoitalia.com\/fr\/wp-json\/wp\/v2\/comments?post=111905"}],"version-history":[{"count":3,"href":"https:\/\/www.bagnoitalia.com\/fr\/wp-json\/wp\/v2\/product\/111905\/revisions"}],"predecessor-version":[{"id":111912,"href":"https:\/\/www.bagnoitalia.com\/fr\/wp-json\/wp\/v2\/product\/111905\/revisions\/111912"}],"wp:featuredmedia":[{"embeddable":true,"href":"https:\/\/www.bagnoitalia.com\/fr\/wp-json\/wp\/v2\/media\/111793"}],"wp:attachment":[{"href":"https:\/\/www.bagnoitalia.com\/fr\/wp-json\/wp\/v2\/media?parent=111905"}],"wp:term":[{"taxonomy":"product_brand","embeddable":true,"href":"https:\/\/www.bagnoitalia.com\/fr\/wp-json\/wp\/v2\/product_brand?post=111905"},{"taxonomy":"product_cat","embeddable":true,"href":"https:\/\/www.bagnoitalia.com\/fr\/wp-json\/wp\/v2\/product_cat?post=111905"},{"taxonomy":"product_tag","embeddable":true,"href":"https:\/\/www.bagnoitalia.com\/fr\/wp-json\/wp\/v2\/product_tag?post=111905"}],"curies":[{"name":"wp","href":"https:\/\/api.w.org\/{rel}","templated":true}]}}