{"id":110715,"date":"2025-09-08T15:49:01","date_gmt":"2025-09-08T13:49:01","guid":{"rendered":"https:\/\/www.bagnoitalia.com\/semicircular-shower-tray-70x90-80x80-90x90-cm-mineral-marble-stone-effect-4-colours-reducible-pa038.html"},"modified":"2026-04-01T16:31:02","modified_gmt":"2026-04-01T14:31:02","slug":"semicircular-shower-tray-70x90-80x80-90x90-cm-mineral-marble-stone-effect-4-colours-reducible-pa038","status":"publish","type":"product","link":"https:\/\/www.bagnoitalia.com\/fr\/produit\/semicircular-shower-tray-70x90-80x80-90x90-cm-mineral-marble-stone-effect-4-colours-reducible-pa038.html","title":{"rendered":"Receveur de douche semi-circulaire 70&#215;90 80&#215;80 90&#215;90 cm effet pierre marbre min\u00e9ral 4 couleurs r\u00e9ductible PA038"},"content":{"rendered":"<p>REV\u00caTEMENT DE DOUCHE SEMI-CIRCULAIRE MINERALMARMO PA038<\/p>\n<p>DIMENSIONS DISPONIBLES :<\/p>\n<p>80&#215;80 cm<\/p>\n<p>90&#215;90 cm<\/p>\n<p>70&#215;90 cm (version droite ou gauche)<\/p>\n<p>COULEURS DISPONIBLES :<\/p>\n<p>blanc<\/p>\n<p>sable<\/p>\n<p>gris<\/p>\n<p>noir<\/p>\n<p>S\u00e9lectionnez la dimension et la couleur souhait\u00e9es dans le menu d\u00e9roulant.<\/p>\n<p>CARACT\u00c9RISTIQUES<\/p>\n<p>Receveur de douche SEMI-CIRCULAIRE<\/p>\n<p>Peut \u00eatre r\u00e9duit en taille<\/p>\n<p>Hauteur 3 cm<\/p>\n<p>Rayon de courbure :<\/p>\n<p>38 pour le receveur 70&#215;90 cm<\/p>\n<p>55 pour les receveurs 80&#215;80 cm et 90&#215;90 cm<\/p>\n<p>Fabriqu\u00e9 en marbre min\u00e9ral<\/p>\n<p>Surface antid\u00e9rapante effet pierre<\/p>\n<p>Installation \u00e0 fleur de sol ou en saillie<\/p>\n<p>Grille de recouvrement du siphon incluse<\/p>\n<p>Siphon \u00d8 90 mm situ\u00e9 au centre<\/p>\n<p>Bouchon de vidange NON inclus<\/p>\n<p>Nalos<\/p>\n","protected":false},"excerpt":{"rendered":"<p>Receveur de douche semi-circulaire, disponible en 3 tailles. Fabriqu\u00e9 en marbre min\u00e9ral effet pierre, disponible en noir, blanc, sable ou gris. Redimensionnable.<\/p>\n","protected":false},"featured_media":110643,"comment_status":"open","ping_status":"closed","template":"","meta":[],"product_brand":[9882],"product_cat":[9755],"product_tag":[],"class_list":{"0":"post-110715","1":"product","2":"type-product","3":"status-publish","4":"has-post-thumbnail","6":"product_brand-deghi-fr","7":"product_cat-receveurs-de-douche","9":"first","10":"instock","11":"sale","12":"taxable","13":"shipping-taxable","14":"purchasable","15":"product-type-simple"},"exclude_global_add_ons":false,"addons":[{"name":"Type","type":"multiple_choice","position":0,"required":true,"title_format":"heading","default":"","description_enable":false,"description":"","placeholder_enable":false,"placeholder":"","display":"select","restrictions_type":"any_text","adjust_price":false,"price":"","price_type":"flat_fee","restrictions":false,"min":"0","max":"0","options":[{"label":"70 x 90 cm GAUCHE blanc","price":"","price_type":"quantity_based","image":0,"visibility":true},{"label":"70 x 90 cm GAUCHE noir","price":"","price_type":"quantity_based","image":0,"visibility":true},{"label":"70 x 90 cm GAUCHE gris","price":"","price_type":"quantity_based","image":0,"visibility":true},{"label":"70 x 90 cm GAUCHE sable","price":"","price_type":"quantity_based","image":0,"visibility":true},{"label":"70 x 90 cm DROITE blanc","price":"","price_type":"quantity_based","image":0,"visibility":true},{"label":"70 x 90 cm DROITE noir","price":"","price_type":"quantity_based","image":0,"visibility":true},{"label":"70 x 90 cm DROITE gris","price":"","price_type":"quantity_based","image":0,"visibility":true},{"label":"70 x 90 cm RIGHT sable","price":"","price_type":"quantity_based","image":0,"visibility":true},{"label":"80 x 80 cm blanc","price":"9","price_type":"quantity_based","image":0,"visibility":true},{"label":"80 x 80 cm noir","price":"9","price_type":"quantity_based","image":0,"visibility":true},{"label":"80 x 80 cm gris","price":"9","price_type":"quantity_based","image":0,"visibility":true},{"label":"80 x 80 cm sable","price":"9","price_type":"quantity_based","image":0,"visibility":true},{"label":"90 x 90 cm blanc","price":"49","price_type":"quantity_based","image":0,"visibility":true},{"label":"90 x 90 cm noir","price":"49","price_type":"quantity_based","image":0,"visibility":true},{"label":"90 x 90 cm gris","price":"49","price_type":"quantity_based","image":0,"visibility":true},{"label":"90 x 90 cm sable","price":"49","price_type":"quantity_based","image":0,"visibility":true}],"id":1757346542}],"yoast_head":"<!-- This site is optimized with the Yoast SEO plugin v26.7 - https:\/\/yoast.com\/wordpress\/plugins\/seo\/ -->\n<title>Receveur de douche semi-circulaire 70x90 80x80 90x90 cm effet pierre marbre min\u00e9ral 4 couleurs r\u00e9ductible PA038 - Bagno Italia<\/title>\n<meta name=\"robots\" content=\"index, follow, max-snippet:-1, max-image-preview:large, max-video-preview:-1\" \/>\n<link rel=\"canonical\" href=\"https:\/\/www.bagnoitalia.com\/fr\/produit\/semicircular-shower-tray-70x90-80x80-90x90-cm-mineral-marble-stone-effect-4-colours-reducible-pa038.html\" \/>\n<meta property=\"og:locale\" content=\"fr_FR\" \/>\n<meta property=\"og:type\" content=\"article\" \/>\n<meta property=\"og:title\" content=\"Receveur de douche semi-circulaire 70x90 80x80 90x90 cm effet pierre marbre min\u00e9ral 4 couleurs r\u00e9ductible PA038 - Bagno Italia\" \/>\n<meta property=\"og:description\" content=\"Receveur de douche semi-circulaire, disponible en 3 tailles. Fabriqu\u00e9 en marbre min\u00e9ral effet pierre, disponible en noir, blanc, sable ou gris. Redimensionnable.\" \/>\n<meta property=\"og:url\" content=\"https:\/\/www.bagnoitalia.com\/fr\/produit\/semicircular-shower-tray-70x90-80x80-90x90-cm-mineral-marble-stone-effect-4-colours-reducible-pa038.html\" \/>\n<meta property=\"og:site_name\" content=\"Bagno Italia\" \/>\n<meta property=\"article:modified_time\" content=\"2026-04-01T14:31:02+00:00\" \/>\n<meta property=\"og:image\" content=\"https:\/\/img.bagnoitalia.com\/wp-content\/uploads\/1-39.jpg\" \/>\n\t<meta property=\"og:image:width\" content=\"1000\" \/>\n\t<meta property=\"og:image:height\" content=\"1000\" \/>\n\t<meta property=\"og:image:type\" content=\"image\/jpeg\" \/>\n<meta name=\"twitter:card\" content=\"summary_large_image\" \/>\n<meta name=\"twitter:label1\" content=\"Dur\u00e9e de lecture estim\u00e9e\" \/>\n\t<meta name=\"twitter:data1\" content=\"1 minute\" \/>\n<script type=\"application\/ld+json\" class=\"yoast-schema-graph\">{\"@context\":\"https:\/\/schema.org\",\"@graph\":[{\"@type\":\"WebPage\",\"@id\":\"https:\/\/www.bagnoitalia.com\/fr\/produit\/semicircular-shower-tray-70x90-80x80-90x90-cm-mineral-marble-stone-effect-4-colours-reducible-pa038.html\",\"url\":\"https:\/\/www.bagnoitalia.com\/fr\/produit\/semicircular-shower-tray-70x90-80x80-90x90-cm-mineral-marble-stone-effect-4-colours-reducible-pa038.html\",\"name\":\"Receveur de douche semi-circulaire 70x90 80x80 90x90 cm effet pierre marbre min\u00e9ral 4 couleurs r\u00e9ductible PA038 - Bagno Italia\",\"isPartOf\":{\"@id\":\"https:\/\/www.bagnoitalia.com\/fr#website\"},\"primaryImageOfPage\":{\"@id\":\"https:\/\/www.bagnoitalia.com\/fr\/produit\/semicircular-shower-tray-70x90-80x80-90x90-cm-mineral-marble-stone-effect-4-colours-reducible-pa038.html#primaryimage\"},\"image\":{\"@id\":\"https:\/\/www.bagnoitalia.com\/fr\/produit\/semicircular-shower-tray-70x90-80x80-90x90-cm-mineral-marble-stone-effect-4-colours-reducible-pa038.html#primaryimage\"},\"thumbnailUrl\":\"https:\/\/img.bagnoitalia.com\/wp-content\/uploads\/1-39.jpg\",\"datePublished\":\"2025-09-08T13:49:01+00:00\",\"dateModified\":\"2026-04-01T14:31:02+00:00\",\"breadcrumb\":{\"@id\":\"https:\/\/www.bagnoitalia.com\/fr\/produit\/semicircular-shower-tray-70x90-80x80-90x90-cm-mineral-marble-stone-effect-4-colours-reducible-pa038.html#breadcrumb\"},\"inLanguage\":\"fr-FR\",\"potentialAction\":[{\"@type\":\"ReadAction\",\"target\":[\"https:\/\/www.bagnoitalia.com\/fr\/produit\/semicircular-shower-tray-70x90-80x80-90x90-cm-mineral-marble-stone-effect-4-colours-reducible-pa038.html\"]}]},{\"@type\":\"ImageObject\",\"inLanguage\":\"fr-FR\",\"@id\":\"https:\/\/www.bagnoitalia.com\/fr\/produit\/semicircular-shower-tray-70x90-80x80-90x90-cm-mineral-marble-stone-effect-4-colours-reducible-pa038.html#primaryimage\",\"url\":\"https:\/\/img.bagnoitalia.com\/wp-content\/uploads\/1-39.jpg\",\"contentUrl\":\"https:\/\/img.bagnoitalia.com\/wp-content\/uploads\/1-39.jpg\",\"width\":1000,\"height\":1000},{\"@type\":\"BreadcrumbList\",\"@id\":\"https:\/\/www.bagnoitalia.com\/fr\/produit\/semicircular-shower-tray-70x90-80x80-90x90-cm-mineral-marble-stone-effect-4-colours-reducible-pa038.html#breadcrumb\",\"itemListElement\":[{\"@type\":\"ListItem\",\"position\":1,\"name\":\"Home\",\"item\":\"https:\/\/www.bagnoitalia.com\/fr\"},{\"@type\":\"ListItem\",\"position\":2,\"name\":\"Produits\",\"item\":\"https:\/\/www.bagnoitalia.com\/fr\/shop\"},{\"@type\":\"ListItem\",\"position\":3,\"name\":\"Receveur de douche semi-circulaire 70&#215;90 80&#215;80 90&#215;90 cm effet pierre marbre min\u00e9ral 4 couleurs r\u00e9ductible PA038\"}]},{\"@type\":\"WebSite\",\"@id\":\"https:\/\/www.bagnoitalia.com\/fr#website\",\"url\":\"https:\/\/www.bagnoitalia.com\/fr\",\"name\":\"Bagno Italia\",\"description\":\"\",\"publisher\":{\"@id\":\"https:\/\/www.bagnoitalia.com\/fr#organization\"},\"potentialAction\":[{\"@type\":\"SearchAction\",\"target\":{\"@type\":\"EntryPoint\",\"urlTemplate\":\"https:\/\/www.bagnoitalia.com\/fr?s={search_term_string}\"},\"query-input\":{\"@type\":\"PropertyValueSpecification\",\"valueRequired\":true,\"valueName\":\"search_term_string\"}}],\"inLanguage\":\"fr-FR\"},{\"@type\":\"Organization\",\"@id\":\"https:\/\/www.bagnoitalia.com\/fr#organization\",\"name\":\"Bagno Italia\",\"url\":\"https:\/\/www.bagnoitalia.com\/fr\",\"logo\":{\"@type\":\"ImageObject\",\"inLanguage\":\"fr-FR\",\"@id\":\"https:\/\/www.bagnoitalia.com\/fr#\/schema\/logo\/image\/\",\"url\":\"https:\/\/img.bagnoitalia.com\/wp-content\/uploads\/logo-bagnoitalia.webp\",\"contentUrl\":\"https:\/\/img.bagnoitalia.com\/wp-content\/uploads\/logo-bagnoitalia.webp\",\"width\":400,\"height\":70,\"caption\":\"Bagno Italia\"},\"image\":{\"@id\":\"https:\/\/www.bagnoitalia.com\/fr#\/schema\/logo\/image\/\"}}]}<\/script>\n<!-- \/ Yoast SEO plugin. -->","yoast_head_json":{"title":"Receveur de douche semi-circulaire 70x90 80x80 90x90 cm effet pierre marbre min\u00e9ral 4 couleurs r\u00e9ductible PA038 - Bagno Italia","robots":{"index":"index","follow":"follow","max-snippet":"max-snippet:-1","max-image-preview":"max-image-preview:large","max-video-preview":"max-video-preview:-1"},"canonical":"https:\/\/www.bagnoitalia.com\/fr\/produit\/semicircular-shower-tray-70x90-80x80-90x90-cm-mineral-marble-stone-effect-4-colours-reducible-pa038.html","og_locale":"fr_FR","og_type":"article","og_title":"Receveur de douche semi-circulaire 70x90 80x80 90x90 cm effet pierre marbre min\u00e9ral 4 couleurs r\u00e9ductible PA038 - Bagno Italia","og_description":"Receveur de douche semi-circulaire, disponible en 3 tailles. Fabriqu\u00e9 en marbre min\u00e9ral effet pierre, disponible en noir, blanc, sable ou gris. Redimensionnable.","og_url":"https:\/\/www.bagnoitalia.com\/fr\/produit\/semicircular-shower-tray-70x90-80x80-90x90-cm-mineral-marble-stone-effect-4-colours-reducible-pa038.html","og_site_name":"Bagno Italia","article_modified_time":"2026-04-01T14:31:02+00:00","og_image":[{"width":1000,"height":1000,"url":"https:\/\/img.bagnoitalia.com\/wp-content\/uploads\/1-39.jpg","type":"image\/jpeg"}],"twitter_card":"summary_large_image","twitter_misc":{"Dur\u00e9e de lecture estim\u00e9e":"1 minute"},"schema":{"@context":"https:\/\/schema.org","@graph":[{"@type":"WebPage","@id":"https:\/\/www.bagnoitalia.com\/fr\/produit\/semicircular-shower-tray-70x90-80x80-90x90-cm-mineral-marble-stone-effect-4-colours-reducible-pa038.html","url":"https:\/\/www.bagnoitalia.com\/fr\/produit\/semicircular-shower-tray-70x90-80x80-90x90-cm-mineral-marble-stone-effect-4-colours-reducible-pa038.html","name":"Receveur de douche semi-circulaire 70x90 80x80 90x90 cm effet pierre marbre min\u00e9ral 4 couleurs r\u00e9ductible PA038 - Bagno Italia","isPartOf":{"@id":"https:\/\/www.bagnoitalia.com\/fr#website"},"primaryImageOfPage":{"@id":"https:\/\/www.bagnoitalia.com\/fr\/produit\/semicircular-shower-tray-70x90-80x80-90x90-cm-mineral-marble-stone-effect-4-colours-reducible-pa038.html#primaryimage"},"image":{"@id":"https:\/\/www.bagnoitalia.com\/fr\/produit\/semicircular-shower-tray-70x90-80x80-90x90-cm-mineral-marble-stone-effect-4-colours-reducible-pa038.html#primaryimage"},"thumbnailUrl":"https:\/\/img.bagnoitalia.com\/wp-content\/uploads\/1-39.jpg","datePublished":"2025-09-08T13:49:01+00:00","dateModified":"2026-04-01T14:31:02+00:00","breadcrumb":{"@id":"https:\/\/www.bagnoitalia.com\/fr\/produit\/semicircular-shower-tray-70x90-80x80-90x90-cm-mineral-marble-stone-effect-4-colours-reducible-pa038.html#breadcrumb"},"inLanguage":"fr-FR","potentialAction":[{"@type":"ReadAction","target":["https:\/\/www.bagnoitalia.com\/fr\/produit\/semicircular-shower-tray-70x90-80x80-90x90-cm-mineral-marble-stone-effect-4-colours-reducible-pa038.html"]}]},{"@type":"ImageObject","inLanguage":"fr-FR","@id":"https:\/\/www.bagnoitalia.com\/fr\/produit\/semicircular-shower-tray-70x90-80x80-90x90-cm-mineral-marble-stone-effect-4-colours-reducible-pa038.html#primaryimage","url":"https:\/\/img.bagnoitalia.com\/wp-content\/uploads\/1-39.jpg","contentUrl":"https:\/\/img.bagnoitalia.com\/wp-content\/uploads\/1-39.jpg","width":1000,"height":1000},{"@type":"BreadcrumbList","@id":"https:\/\/www.bagnoitalia.com\/fr\/produit\/semicircular-shower-tray-70x90-80x80-90x90-cm-mineral-marble-stone-effect-4-colours-reducible-pa038.html#breadcrumb","itemListElement":[{"@type":"ListItem","position":1,"name":"Home","item":"https:\/\/www.bagnoitalia.com\/fr"},{"@type":"ListItem","position":2,"name":"Produits","item":"https:\/\/www.bagnoitalia.com\/fr\/shop"},{"@type":"ListItem","position":3,"name":"Receveur de douche semi-circulaire 70&#215;90 80&#215;80 90&#215;90 cm effet pierre marbre min\u00e9ral 4 couleurs r\u00e9ductible PA038"}]},{"@type":"WebSite","@id":"https:\/\/www.bagnoitalia.com\/fr#website","url":"https:\/\/www.bagnoitalia.com\/fr","name":"Bagno Italia","description":"","publisher":{"@id":"https:\/\/www.bagnoitalia.com\/fr#organization"},"potentialAction":[{"@type":"SearchAction","target":{"@type":"EntryPoint","urlTemplate":"https:\/\/www.bagnoitalia.com\/fr?s={search_term_string}"},"query-input":{"@type":"PropertyValueSpecification","valueRequired":true,"valueName":"search_term_string"}}],"inLanguage":"fr-FR"},{"@type":"Organization","@id":"https:\/\/www.bagnoitalia.com\/fr#organization","name":"Bagno Italia","url":"https:\/\/www.bagnoitalia.com\/fr","logo":{"@type":"ImageObject","inLanguage":"fr-FR","@id":"https:\/\/www.bagnoitalia.com\/fr#\/schema\/logo\/image\/","url":"https:\/\/img.bagnoitalia.com\/wp-content\/uploads\/logo-bagnoitalia.webp","contentUrl":"https:\/\/img.bagnoitalia.com\/wp-content\/uploads\/logo-bagnoitalia.webp","width":400,"height":70,"caption":"Bagno Italia"},"image":{"@id":"https:\/\/www.bagnoitalia.com\/fr#\/schema\/logo\/image\/"}}]}},"_links":{"self":[{"href":"https:\/\/www.bagnoitalia.com\/fr\/wp-json\/wp\/v2\/product\/110715","targetHints":{"allow":["GET"]}}],"collection":[{"href":"https:\/\/www.bagnoitalia.com\/fr\/wp-json\/wp\/v2\/product"}],"about":[{"href":"https:\/\/www.bagnoitalia.com\/fr\/wp-json\/wp\/v2\/types\/product"}],"replies":[{"embeddable":true,"href":"https:\/\/www.bagnoitalia.com\/fr\/wp-json\/wp\/v2\/comments?post=110715"}],"version-history":[{"count":2,"href":"https:\/\/www.bagnoitalia.com\/fr\/wp-json\/wp\/v2\/product\/110715\/revisions"}],"predecessor-version":[{"id":110719,"href":"https:\/\/www.bagnoitalia.com\/fr\/wp-json\/wp\/v2\/product\/110715\/revisions\/110719"}],"wp:featuredmedia":[{"embeddable":true,"href":"https:\/\/www.bagnoitalia.com\/fr\/wp-json\/wp\/v2\/media\/110643"}],"wp:attachment":[{"href":"https:\/\/www.bagnoitalia.com\/fr\/wp-json\/wp\/v2\/media?parent=110715"}],"wp:term":[{"taxonomy":"product_brand","embeddable":true,"href":"https:\/\/www.bagnoitalia.com\/fr\/wp-json\/wp\/v2\/product_brand?post=110715"},{"taxonomy":"product_cat","embeddable":true,"href":"https:\/\/www.bagnoitalia.com\/fr\/wp-json\/wp\/v2\/product_cat?post=110715"},{"taxonomy":"product_tag","embeddable":true,"href":"https:\/\/www.bagnoitalia.com\/fr\/wp-json\/wp\/v2\/product_tag?post=110715"}],"curies":[{"name":"wp","href":"https:\/\/api.w.org\/{rel}","templated":true}]}}